{"id":24966,"date":"2026-01-22T13:14:30","date_gmt":"2026-01-22T12:14:30","guid":{"rendered":"https:\/\/xenonkungen.com\/?post_type=product&#038;p=24966"},"modified":"2026-04-24T17:40:02","modified_gmt":"2026-04-24T16:40:02","slug":"osram-hir2-cool-blue-intense","status":"publish","type":"product","link":"https:\/\/xenonkungen.com\/nl\/product\/osram-hir2-cool-blue-intense\/","title":{"rendered":"OSRAM \u2013 HIR2 Koelblauw Intensief"},"content":{"rendered":"<h2 data-start=\"110\" data-end=\"148\">Extra wit licht met een moderne LED-look.<\/h2>\n<p data-start=\"150\" data-end=\"475\"><strong data-start=\"150\" data-end=\"209\"><span class=\"hover:entity-accent entity-underline inline cursor-pointer align-baseline\"><span class=\"whitespace-normal\">OSRAM<\/span><\/span> KOEL BLAUW INTENS<\/strong> Dit zijn geavanceerde halogeenlampen voor wie het uiterlijk en het lichtpatroon van zijn auto wil verbeteren, zonder over te stappen op LED. Met een <strong data-start=\"334\" data-end=\"373\">Extra wit licht tot 5000 K<\/strong> Je krijgt een koele, stijlvolle gloed die qua lichtopbrengst heel dicht bij LED-verlichting komt en de auto een exclusieve uitstraling geeft.<\/p>\n<p data-start=\"477\" data-end=\"716\">Het contrastrijke, daglichtachtige licht verbetert de zichtbaarheid en wordt als prettig ervaren. <strong data-start=\"553\" data-end=\"579\">aangenamer voor het oog<\/strong> vergeleken met traditionele halogeenlampen. Het resultaat is zowel meer comfort tijdens het rijden in het donker als een duidelijke visuele verbetering voor het voertuig.<\/p>\n<p data-start=\"718\" data-end=\"917\">Vergeleken met de minimumeisen van ECE levert het resultaten op. <strong data-start=\"757\" data-end=\"807\">KOEL BLAUW INTENS tot 100 % helderder licht<\/strong>Dit zorgt voor duidelijkere wegmarkeringen, betere contrasten en verhoogde veiligheid, zonder afbreuk te doen aan de wettelijke vereisten.<\/p>\n<p data-start=\"919\" data-end=\"1100\">De <strong data-start=\"923\" data-end=\"958\">Modern design met zilverkleurig blad.<\/strong> (H4, H7, H8, H11, HB4) is speciaal ontworpen voor koplampen met helder glas en biedt een <strong data-start=\"1046\" data-end=\"1099\">Elegant, geeft een hoogwaardige indruk, zelfs wanneer de lamp uit is.<\/strong>.<\/p>\n<h3 data-start=\"1102\" data-end=\"1149\">Waarom u voor OSRAM COOL BLUE INTENSE zou moeten kiezen<\/h3>\n<ul>\n<li>Extra wit licht tot 5.000 K<\/li>\n<li>LED-achtige uitstraling met halogeentechnologie.<\/li>\n<li>Tot wel 100 keer helderder licht dan de ECE-vereisten.<\/li>\n<li>Daglichtachtig contrast \u2013 prettig voor de ogen<\/li>\n<li>Stijlvol zilverkleurig topje voor een exclusieve look.<\/li>\n<\/ul>\n<p data-start=\"1370\" data-end=\"1505\"><strong data-start=\"1370\" data-end=\"1505\">Een perfecte keuze voor designbewuste automobilisten die stijl, prestaties en wettelijke vereisten willen combineren \u2013 tegen een zeer aantrekkelijke prijs.<\/strong><\/p>","protected":false},"excerpt":{"rendered":"<p>Extra vitt ljus med modern LED-look OSRAM COOL BLUE INTENSE \u00e4r h\u00f6gteknologiska halogenlampor f\u00f6r dig som vill uppgradera bilens utseende och ljusbild \u2013 utan att byta till LED. Med ett extra vitt ljus p\u00e5 upp till 5 000 K f\u00e5r du ett kallt, stilrent sken som ligger mycket n\u00e4ra LED-klass och ger bilen ett exklusivt [&hellip;]<\/p>","protected":false},"featured_media":24970,"comment_status":"open","ping_status":"closed","template":"","meta":{"_acf_changed":false,"_smort_price_nok":"582","_smort_price_dkk":"","_smort_price_eur":"","_smort_sale_price_nok":"","_smort_sale_price_dkk":"","_smort_sale_price_eur":"","smort_restorder":"","shipmondo_restorder":"","_kad_blocks_custom_css":"","_kad_blocks_head_custom_js":"","_kad_blocks_body_custom_js":"","_kad_blocks_footer_custom_js":"","smort_custom_pricelist_1":"348.8","smort_custom_pricelist_2":"305.2","smort_custom_pricelist_3":"283.4","smort_custom_pricelist_4":"436","smort_custom_pricelist_5":"305.2"},"anvandningsomrade":[],"bilmarken":[],"product_brand":[108],"product_cat":[2543,733],"product_tag":[],"class_list":{"0":"post-24966","1":"product","2":"type-product","3":"status-publish","4":"has-post-thumbnail","6":"product_brand-osram","7":"product_cat-halogen-halvljus-helljus","8":"product_cat-halvljus-helljus","9":"pa_fargtemperatur-5000k","10":"pa_godkannande-e1","11":"pa_volt-v-159","13":"first","14":"instock","15":"taxable","16":"shipping-taxable","17":"purchasable","18":"product-type-simple"},"bundled_by":[],"bundle_stock_status":"instock","bundle_stock_quantity":8,"bundle_virtual":false,"bundle_layout":"","bundle_add_to_cart_form_location":"","bundle_editable_in_cart":false,"bundle_sold_individually_context":"","bundle_item_grouping":"","bundle_min_size":"","bundle_max_size":"","bundle_price":[],"bundled_items":[],"bundle_sell_ids":[],"acf":[],"yoast_head":"<!-- This site is optimized with the Yoast SEO plugin v27.0 - https:\/\/yoast.com\/product\/yoast-seo-wordpress\/ -->\n<title>OSRAM - HIR2 Cool Blue Intense - Xenonkungen<\/title>\n<meta name=\"robots\" content=\"index, follow, max-snippet:-1, max-image-preview:large, max-video-preview:-1\" \/>\n<link rel=\"canonical\" href=\"https:\/\/xenonkungen.com\/nl\/product\/osram-hir2-cool-blue-intense\/\" \/>\n<meta property=\"og:locale\" content=\"nl_NL\" \/>\n<meta property=\"og:type\" content=\"article\" \/>\n<meta property=\"og:title\" content=\"OSRAM - HIR2 Cool Blue Intense - Xenonkungen\" \/>\n<meta property=\"og:description\" content=\"Extra vitt ljus med modern LED-look OSRAM COOL BLUE INTENSE \u00e4r h\u00f6gteknologiska halogenlampor f\u00f6r dig som vill uppgradera bilens utseende och ljusbild \u2013 utan att byta till LED. Med ett extra vitt ljus p\u00e5 upp till 5 000 K f\u00e5r du ett kallt, stilrent sken som ligger mycket n\u00e4ra LED-klass och ger bilen ett exklusivt [&hellip;]\" \/>\n<meta property=\"og:url\" content=\"https:\/\/xenonkungen.com\/nl\/product\/osram-hir2-cool-blue-intense\/\" \/>\n<meta property=\"og:site_name\" content=\"Xenonkungen\" \/>\n<meta property=\"article:modified_time\" content=\"2026-04-24T16:40:02+00:00\" \/>\n<meta property=\"og:image\" content=\"https:\/\/xenonkungen.com\/wp-content\/uploads\/2026\/01\/Small-for-web-and-ppt-BS_COOL_BLUE_INTENSE_Next_Generation_HIR2_9012CBN.jpg\" \/>\n\t<meta property=\"og:image:width\" content=\"1024\" \/>\n\t<meta property=\"og:image:height\" content=\"1024\" \/>\n\t<meta property=\"og:image:type\" content=\"image\/jpeg\" \/>\n<meta name=\"twitter:card\" content=\"summary_large_image\" \/>\n<meta name=\"twitter:label1\" content=\"Geschatte leestijd\" \/>\n\t<meta name=\"twitter:data1\" content=\"2 minuten\" \/>\n<script type=\"application\/ld+json\" class=\"yoast-schema-graph\">{\"@context\":\"https:\/\/schema.org\",\"@graph\":[{\"@type\":\"WebPage\",\"@id\":\"https:\/\/xenonkungen.com\/produkt\/osram-hir2-cool-blue-intense\/\",\"url\":\"https:\/\/xenonkungen.com\/produkt\/osram-hir2-cool-blue-intense\/\",\"name\":\"OSRAM - HIR2 Cool Blue Intense - Xenonkungen\",\"isPartOf\":{\"@id\":\"https:\/\/xenonkungen.com\/#website\"},\"primaryImageOfPage\":{\"@id\":\"https:\/\/xenonkungen.com\/produkt\/osram-hir2-cool-blue-intense\/#primaryimage\"},\"image\":{\"@id\":\"https:\/\/xenonkungen.com\/produkt\/osram-hir2-cool-blue-intense\/#primaryimage\"},\"thumbnailUrl\":\"https:\/\/xenonkungen.com\/wp-content\/uploads\/2026\/01\/Small-for-web-and-ppt-BS_COOL_BLUE_INTENSE_Next_Generation_HIR2_9012CBN.jpg\",\"datePublished\":\"2026-01-22T12:14:30+00:00\",\"dateModified\":\"2026-04-24T16:40:02+00:00\",\"breadcrumb\":{\"@id\":\"https:\/\/xenonkungen.com\/produkt\/osram-hir2-cool-blue-intense\/#breadcrumb\"},\"inLanguage\":\"nl-NL\",\"potentialAction\":[{\"@type\":\"ReadAction\",\"target\":[\"https:\/\/xenonkungen.com\/produkt\/osram-hir2-cool-blue-intense\/\"]}]},{\"@type\":\"ImageObject\",\"inLanguage\":\"nl-NL\",\"@id\":\"https:\/\/xenonkungen.com\/produkt\/osram-hir2-cool-blue-intense\/#primaryimage\",\"url\":\"https:\/\/xenonkungen.com\/wp-content\/uploads\/2026\/01\/Small-for-web-and-ppt-BS_COOL_BLUE_INTENSE_Next_Generation_HIR2_9012CBN.jpg\",\"contentUrl\":\"https:\/\/xenonkungen.com\/wp-content\/uploads\/2026\/01\/Small-for-web-and-ppt-BS_COOL_BLUE_INTENSE_Next_Generation_HIR2_9012CBN.jpg\",\"width\":1024,\"height\":1024},{\"@type\":\"BreadcrumbList\",\"@id\":\"https:\/\/xenonkungen.com\/produkt\/osram-hir2-cool-blue-intense\/#breadcrumb\",\"itemListElement\":[{\"@type\":\"ListItem\",\"position\":1,\"name\":\"Hem\",\"item\":\"https:\/\/xenonkungen.com\/\"},{\"@type\":\"ListItem\",\"position\":2,\"name\":\"Shop\",\"item\":\"https:\/\/xenonkungen.com\/shop\/\"},{\"@type\":\"ListItem\",\"position\":3,\"name\":\"OSRAM &#8211; HIR2 Cool Blue Intense\"}]},{\"@type\":\"WebSite\",\"@id\":\"https:\/\/xenonkungen.com\/#website\",\"url\":\"https:\/\/xenonkungen.com\/\",\"name\":\"Xenonkungen\",\"description\":\"\",\"potentialAction\":[{\"@type\":\"SearchAction\",\"target\":{\"@type\":\"EntryPoint\",\"urlTemplate\":\"https:\/\/xenonkungen.com\/?s={search_term_string}\"},\"query-input\":{\"@type\":\"PropertyValueSpecification\",\"valueRequired\":true,\"valueName\":\"search_term_string\"}}],\"inLanguage\":\"nl-NL\"}]}<\/script>\n<!-- \/ Yoast SEO plugin. -->","yoast_head_json":{"title":"OSRAM - HIR2 Cool Blue Intense - De Xenon-koning","robots":{"index":"index","follow":"follow","max-snippet":"max-snippet:-1","max-image-preview":"max-image-preview:large","max-video-preview":"max-video-preview:-1"},"canonical":"https:\/\/xenonkungen.com\/nl\/product\/osram-hir2-cool-blue-intense\/","og_locale":"nl_NL","og_type":"article","og_title":"OSRAM - HIR2 Cool Blue Intense - Xenonkungen","og_description":"Extra vitt ljus med modern LED-look OSRAM COOL BLUE INTENSE \u00e4r h\u00f6gteknologiska halogenlampor f\u00f6r dig som vill uppgradera bilens utseende och ljusbild \u2013 utan att byta till LED. Med ett extra vitt ljus p\u00e5 upp till 5 000 K f\u00e5r du ett kallt, stilrent sken som ligger mycket n\u00e4ra LED-klass och ger bilen ett exklusivt [&hellip;]","og_url":"https:\/\/xenonkungen.com\/nl\/product\/osram-hir2-cool-blue-intense\/","og_site_name":"Xenonkungen","article_modified_time":"2026-04-24T16:40:02+00:00","og_image":[{"width":1024,"height":1024,"url":"https:\/\/xenonkungen.com\/wp-content\/uploads\/2026\/01\/Small-for-web-and-ppt-BS_COOL_BLUE_INTENSE_Next_Generation_HIR2_9012CBN.jpg","type":"image\/jpeg"}],"twitter_card":"summary_large_image","twitter_misc":{"Geschatte leestijd":"2 minuten"},"schema":{"@context":"https:\/\/schema.org","@graph":[{"@type":"WebPage","@id":"https:\/\/xenonkungen.com\/produkt\/osram-hir2-cool-blue-intense\/","url":"https:\/\/xenonkungen.com\/produkt\/osram-hir2-cool-blue-intense\/","name":"OSRAM - HIR2 Cool Blue Intense - De Xenon-koning","isPartOf":{"@id":"https:\/\/xenonkungen.com\/#website"},"primaryImageOfPage":{"@id":"https:\/\/xenonkungen.com\/produkt\/osram-hir2-cool-blue-intense\/#primaryimage"},"image":{"@id":"https:\/\/xenonkungen.com\/produkt\/osram-hir2-cool-blue-intense\/#primaryimage"},"thumbnailUrl":"https:\/\/xenonkungen.com\/wp-content\/uploads\/2026\/01\/Small-for-web-and-ppt-BS_COOL_BLUE_INTENSE_Next_Generation_HIR2_9012CBN.jpg","datePublished":"2026-01-22T12:14:30+00:00","dateModified":"2026-04-24T16:40:02+00:00","breadcrumb":{"@id":"https:\/\/xenonkungen.com\/produkt\/osram-hir2-cool-blue-intense\/#breadcrumb"},"inLanguage":"nl-NL","potentialAction":[{"@type":"ReadAction","target":["https:\/\/xenonkungen.com\/produkt\/osram-hir2-cool-blue-intense\/"]}]},{"@type":"ImageObject","inLanguage":"nl-NL","@id":"https:\/\/xenonkungen.com\/produkt\/osram-hir2-cool-blue-intense\/#primaryimage","url":"https:\/\/xenonkungen.com\/wp-content\/uploads\/2026\/01\/Small-for-web-and-ppt-BS_COOL_BLUE_INTENSE_Next_Generation_HIR2_9012CBN.jpg","contentUrl":"https:\/\/xenonkungen.com\/wp-content\/uploads\/2026\/01\/Small-for-web-and-ppt-BS_COOL_BLUE_INTENSE_Next_Generation_HIR2_9012CBN.jpg","width":1024,"height":1024},{"@type":"BreadcrumbList","@id":"https:\/\/xenonkungen.com\/produkt\/osram-hir2-cool-blue-intense\/#breadcrumb","itemListElement":[{"@type":"ListItem","position":1,"name":"Hem","item":"https:\/\/xenonkungen.com\/"},{"@type":"ListItem","position":2,"name":"Shop","item":"https:\/\/xenonkungen.com\/shop\/"},{"@type":"ListItem","position":3,"name":"OSRAM &#8211; HIR2 Cool Blue Intense"}]},{"@type":"WebSite","@id":"https:\/\/xenonkungen.com\/#website","url":"https:\/\/xenonkungen.com\/","name":"Xenonkungen","description":"","potentialAction":[{"@type":"SearchAction","target":{"@type":"EntryPoint","urlTemplate":"https:\/\/xenonkungen.com\/?s={search_term_string}"},"query-input":{"@type":"PropertyValueSpecification","valueRequired":true,"valueName":"search_term_string"}}],"inLanguage":"nl-NL"}]}},"taxonomy_info":{"product_brand":[{"value":108,"label":"OSRAM"}],"product_cat":[{"value":2543,"label":"Halogen"},{"value":733,"label":"Halvljus \/ Helljus"}],"pa_fargtemperatur":[{"value":154,"label":"5000K"}],"pa_godkannande":[{"value":2856,"label":"E1"}],"pa_volt-v":[{"value":159,"label":"12"}]},"featured_image_src_large":["https:\/\/xenonkungen.com\/wp-content\/uploads\/2026\/01\/Small-for-web-and-ppt-BS_COOL_BLUE_INTENSE_Next_Generation_HIR2_9012CBN.jpg",1024,1024,false],"author_info":[],"comment_info":0,"_links":{"self":[{"href":"https:\/\/xenonkungen.com\/nl\/wp-json\/wp\/v2\/product\/24966","targetHints":{"allow":["GET"]}}],"collection":[{"href":"https:\/\/xenonkungen.com\/nl\/wp-json\/wp\/v2\/product"}],"about":[{"href":"https:\/\/xenonkungen.com\/nl\/wp-json\/wp\/v2\/types\/product"}],"replies":[{"embeddable":true,"href":"https:\/\/xenonkungen.com\/nl\/wp-json\/wp\/v2\/comments?post=24966"}],"wp:featuredmedia":[{"embeddable":true,"href":"https:\/\/xenonkungen.com\/nl\/wp-json\/wp\/v2\/media\/24970"}],"wp:attachment":[{"href":"https:\/\/xenonkungen.com\/nl\/wp-json\/wp\/v2\/media?parent=24966"}],"wp:term":[{"taxonomy":"anvandningsomrade","embeddable":true,"href":"https:\/\/xenonkungen.com\/nl\/wp-json\/wp\/v2\/anvandningsomrade?post=24966"},{"taxonomy":"bilmarken","embeddable":true,"href":"https:\/\/xenonkungen.com\/nl\/wp-json\/wp\/v2\/bilmarken?post=24966"},{"taxonomy":"product_brand","embeddable":true,"href":"https:\/\/xenonkungen.com\/nl\/wp-json\/wp\/v2\/product_brand?post=24966"},{"taxonomy":"product_cat","embeddable":true,"href":"https:\/\/xenonkungen.com\/nl\/wp-json\/wp\/v2\/product_cat?post=24966"},{"taxonomy":"product_tag","embeddable":true,"href":"https:\/\/xenonkungen.com\/nl\/wp-json\/wp\/v2\/product_tag?post=24966"}],"curies":[{"name":"wp","href":"https:\/\/api.w.org\/{rel}","templated":true}]}}