{"id":24986,"date":"2026-01-22T15:22:38","date_gmt":"2026-01-22T14:22:38","guid":{"rendered":"https:\/\/xenonkungen.com\/?post_type=product&#038;p=24986"},"modified":"2026-04-24T17:39:35","modified_gmt":"2026-04-24T16:39:35","slug":"24986","status":"publish","type":"product","link":"https:\/\/xenonkungen.com\/nl\/product\/24986\/","title":{"rendered":"OSRAM ORIGINAL \u2013 WEDGE BASE \u2013 W21\/5W \u2013 2-PACK"},"content":{"rendered":"<h2 data-start=\"110\" data-end=\"175\">Betrouwbare originele signaallampen \u2013 slimme kwaliteit voor de juiste prijs.<\/h2>\n<p data-start=\"177\" data-end=\"512\"><strong data-start=\"177\" data-end=\"255\"><span class=\"hover:entity-accent entity-underline inline cursor-pointer align-baseline\"><span class=\"whitespace-normal\">OSRAM<\/span><\/span> ORIGINELE signaallampen met glazen voet<\/strong> is een veilige en kosteneffectieve keuze wanneer u de richtingaanwijzers van uw auto moet vervangen. Deze lampen worden gebruikt als <strong data-start=\"365\" data-end=\"388\">originele reserveonderdelen<\/strong> en zijn aangepast voor verschillende soorten lampen \u2013 perfect voor wie de oorspronkelijke functionaliteit en veiligheid van het voertuig wil behouden.<\/p>\n<p data-start=\"514\" data-end=\"731\">Med <strong data-start=\"518\" data-end=\"543\">erkende OSRAM-kwaliteit<\/strong> Je krijgt stabiele lichtopbrengst, langdurige betrouwbaarheid en een nauwkeurige pasvorm. De lampen zijn gemaakt om dagelijks gebruik te weerstaan en leveren betrouwbare prestaties onder alle normale rijomstandigheden.<\/p>\n<h3 data-start=\"733\" data-end=\"777\">Voordelen van OSRAM ORIGINAL signaallampen<\/h3>\n<p data-start=\"778\" data-end=\"990\">\u2013 OEM-kwaliteit \u2013 te gebruiken als origineel reserveonderdeel<br data-start=\"824\" data-end=\"827\" \/>\u2013 Een kosteneffectief alternatief zonder concessies te doen aan de kwaliteit.<br data-start=\"891\" data-end=\"894\" \/>\u2013 Betrouwbare lichtfunctie voor veilige signalering<br data-start=\"944\" data-end=\"947\" \/>\u2013 Geschikt voor diverse soorten lampen en voertuigen<\/p>\n<h3 data-start=\"992\" data-end=\"1009\">Technische gegevens<\/h3>\n<ul data-start=\"1010\" data-end=\"1100\">\n<li data-start=\"1010\" data-end=\"1036\">\n<p data-start=\"1012\" data-end=\"1036\"><strong data-start=\"1012\" data-end=\"1029\">Nominale spanning:<\/strong> 12 V<\/p>\n<\/li>\n<li data-start=\"1037\" data-end=\"1070\">\n<p data-start=\"1039\" data-end=\"1070\"><strong data-start=\"1039\" data-end=\"1059\">Nominaal vermogen:<\/strong> 21 \/ 5W<\/p>\n<\/li>\n<li data-start=\"1071\" data-end=\"1100\">\n<p data-start=\"1073\" data-end=\"1100\"><strong data-start=\"1073\" data-end=\"1089\">Maximaal vermogen:<\/strong> 25 \/ 6W<\/p>\n<\/li>\n<\/ul>\n<p data-start=\"1102\" data-end=\"1220\"><strong data-start=\"1102\" data-end=\"1220\">Een voor de hand liggende keuze als u op zoek bent naar een originele uitstraling, betrouwbare functionaliteit en een lange levensduur \u2013 tegen een aantrekkelijke prijs.<\/strong><\/p>","protected":false},"excerpt":{"rendered":"<p>P\u00e5litliga originalsignallampor \u2013 smart kvalitet till r\u00e4tt pris OSRAM ORIGINAL signallampor med glassockel \u00e4r ett tryggt och kostnadseffektivt val n\u00e4r du beh\u00f6ver ers\u00e4tta bilens signallampor. Dessa lampor anv\u00e4nds som originalreservdelar och \u00e4r anpassade f\u00f6r flera olika lamptyper \u2013 perfekt f\u00f6r dig som vill beh\u00e5lla fordonets ursprungliga funktion och s\u00e4kerhet. Med erk\u00e4nd OSRAM-kvalitet f\u00e5r du stabil [&hellip;]<\/p>","protected":false},"featured_media":24991,"comment_status":"open","ping_status":"closed","template":"","meta":{"_acf_changed":false,"_smort_price_nok":"95","_smort_price_dkk":"","_smort_price_eur":"","_smort_sale_price_nok":"","_smort_sale_price_dkk":"","_smort_sale_price_eur":"","smort_restorder":"","shipmondo_restorder":"","_kad_blocks_custom_css":"","_kad_blocks_head_custom_js":"","_kad_blocks_body_custom_js":"","_kad_blocks_footer_custom_js":"","smort_custom_pricelist_1":"56.96","smort_custom_pricelist_2":"49.84","smort_custom_pricelist_3":"46.28","smort_custom_pricelist_4":"71.2","smort_custom_pricelist_5":"49.84"},"anvandningsomrade":[],"bilmarken":[],"product_brand":[108],"product_cat":[2533,338],"product_tag":[],"class_list":{"0":"post-24986","1":"product","2":"type-product","3":"status-publish","4":"has-post-thumbnail","6":"product_brand-osram","7":"product_cat-t10-diodlampor","8":"product_cat-diodlampor","10":"first","11":"instock","12":"taxable","13":"shipping-taxable","14":"purchasable","15":"product-type-simple"},"bundled_by":[],"bundle_stock_status":"instock","bundle_stock_quantity":7,"bundle_virtual":false,"bundle_layout":"","bundle_add_to_cart_form_location":"","bundle_editable_in_cart":false,"bundle_sold_individually_context":"","bundle_item_grouping":"","bundle_min_size":"","bundle_max_size":"","bundle_price":[],"bundled_items":[],"bundle_sell_ids":[],"acf":[],"yoast_head":"<!-- This site is optimized with the Yoast SEO plugin v27.0 - https:\/\/yoast.com\/product\/yoast-seo-wordpress\/ -->\n<title>OSRAM ORIGINAL - WEDGE BASE - W21\/5W - 2-PACK - Xenonkungen<\/title>\n<meta name=\"robots\" content=\"index, follow, max-snippet:-1, max-image-preview:large, max-video-preview:-1\" \/>\n<link rel=\"canonical\" href=\"https:\/\/xenonkungen.com\/nl\/product\/24986\/\" \/>\n<meta property=\"og:locale\" content=\"nl_NL\" \/>\n<meta property=\"og:type\" content=\"article\" \/>\n<meta property=\"og:title\" content=\"OSRAM ORIGINAL - WEDGE BASE - W21\/5W - 2-PACK - Xenonkungen\" \/>\n<meta property=\"og:description\" content=\"P\u00e5litliga originalsignallampor \u2013 smart kvalitet till r\u00e4tt pris OSRAM ORIGINAL signallampor med glassockel \u00e4r ett tryggt och kostnadseffektivt val n\u00e4r du beh\u00f6ver ers\u00e4tta bilens signallampor. Dessa lampor anv\u00e4nds som originalreservdelar och \u00e4r anpassade f\u00f6r flera olika lamptyper \u2013 perfekt f\u00f6r dig som vill beh\u00e5lla fordonets ursprungliga funktion och s\u00e4kerhet. Med erk\u00e4nd OSRAM-kvalitet f\u00e5r du stabil [&hellip;]\" \/>\n<meta property=\"og:url\" content=\"https:\/\/xenonkungen.com\/nl\/product\/24986\/\" \/>\n<meta property=\"og:site_name\" content=\"Xenonkungen\" \/>\n<meta property=\"article:modified_time\" content=\"2026-04-24T16:39:35+00:00\" \/>\n<meta property=\"og:image\" content=\"https:\/\/xenonkungen.com\/wp-content\/uploads\/2026\/01\/Small-for-web-and-ppt-724925_ORIGINAL-W21-5W-7515.jpg\" \/>\n\t<meta property=\"og:image:width\" content=\"1024\" \/>\n\t<meta property=\"og:image:height\" content=\"1024\" \/>\n\t<meta property=\"og:image:type\" content=\"image\/jpeg\" \/>\n<meta name=\"twitter:card\" content=\"summary_large_image\" \/>\n<meta name=\"twitter:label1\" content=\"Geschatte leestijd\" \/>\n\t<meta name=\"twitter:data1\" content=\"1 minuut\" \/>\n<script type=\"application\/ld+json\" class=\"yoast-schema-graph\">{\"@context\":\"https:\/\/schema.org\",\"@graph\":[{\"@type\":\"WebPage\",\"@id\":\"https:\/\/xenonkungen.com\/produkt\/24986\/\",\"url\":\"https:\/\/xenonkungen.com\/produkt\/24986\/\",\"name\":\"OSRAM ORIGINAL - WEDGE BASE - W21\/5W - 2-PACK - Xenonkungen\",\"isPartOf\":{\"@id\":\"https:\/\/xenonkungen.com\/#website\"},\"primaryImageOfPage\":{\"@id\":\"https:\/\/xenonkungen.com\/produkt\/24986\/#primaryimage\"},\"image\":{\"@id\":\"https:\/\/xenonkungen.com\/produkt\/24986\/#primaryimage\"},\"thumbnailUrl\":\"https:\/\/xenonkungen.com\/wp-content\/uploads\/2026\/01\/Small-for-web-and-ppt-724925_ORIGINAL-W21-5W-7515.jpg\",\"datePublished\":\"2026-01-22T14:22:38+00:00\",\"dateModified\":\"2026-04-24T16:39:35+00:00\",\"breadcrumb\":{\"@id\":\"https:\/\/xenonkungen.com\/produkt\/24986\/#breadcrumb\"},\"inLanguage\":\"nl-NL\",\"potentialAction\":[{\"@type\":\"ReadAction\",\"target\":[\"https:\/\/xenonkungen.com\/produkt\/24986\/\"]}]},{\"@type\":\"ImageObject\",\"inLanguage\":\"nl-NL\",\"@id\":\"https:\/\/xenonkungen.com\/produkt\/24986\/#primaryimage\",\"url\":\"https:\/\/xenonkungen.com\/wp-content\/uploads\/2026\/01\/Small-for-web-and-ppt-724925_ORIGINAL-W21-5W-7515.jpg\",\"contentUrl\":\"https:\/\/xenonkungen.com\/wp-content\/uploads\/2026\/01\/Small-for-web-and-ppt-724925_ORIGINAL-W21-5W-7515.jpg\",\"width\":1024,\"height\":1024},{\"@type\":\"BreadcrumbList\",\"@id\":\"https:\/\/xenonkungen.com\/produkt\/24986\/#breadcrumb\",\"itemListElement\":[{\"@type\":\"ListItem\",\"position\":1,\"name\":\"Hem\",\"item\":\"https:\/\/xenonkungen.com\/\"},{\"@type\":\"ListItem\",\"position\":2,\"name\":\"Shop\",\"item\":\"https:\/\/xenonkungen.com\/shop\/\"},{\"@type\":\"ListItem\",\"position\":3,\"name\":\"OSRAM ORIGINAL &#8211; WEDGE BASE &#8211; W21\/5W &#8211; 2-PACK\"}]},{\"@type\":\"WebSite\",\"@id\":\"https:\/\/xenonkungen.com\/#website\",\"url\":\"https:\/\/xenonkungen.com\/\",\"name\":\"Xenonkungen\",\"description\":\"\",\"potentialAction\":[{\"@type\":\"SearchAction\",\"target\":{\"@type\":\"EntryPoint\",\"urlTemplate\":\"https:\/\/xenonkungen.com\/?s={search_term_string}\"},\"query-input\":{\"@type\":\"PropertyValueSpecification\",\"valueRequired\":true,\"valueName\":\"search_term_string\"}}],\"inLanguage\":\"nl-NL\"}]}<\/script>\n<!-- \/ Yoast SEO plugin. -->","yoast_head_json":{"title":"OSRAM ORIGINAL - WEDGE BASE - W21\/5W - 2-PACK - De Xenon-koning","robots":{"index":"index","follow":"follow","max-snippet":"max-snippet:-1","max-image-preview":"max-image-preview:large","max-video-preview":"max-video-preview:-1"},"canonical":"https:\/\/xenonkungen.com\/nl\/product\/24986\/","og_locale":"nl_NL","og_type":"article","og_title":"OSRAM ORIGINAL - WEDGE BASE - W21\/5W - 2-PACK - Xenonkungen","og_description":"P\u00e5litliga originalsignallampor \u2013 smart kvalitet till r\u00e4tt pris OSRAM ORIGINAL signallampor med glassockel \u00e4r ett tryggt och kostnadseffektivt val n\u00e4r du beh\u00f6ver ers\u00e4tta bilens signallampor. Dessa lampor anv\u00e4nds som originalreservdelar och \u00e4r anpassade f\u00f6r flera olika lamptyper \u2013 perfekt f\u00f6r dig som vill beh\u00e5lla fordonets ursprungliga funktion och s\u00e4kerhet. Med erk\u00e4nd OSRAM-kvalitet f\u00e5r du stabil [&hellip;]","og_url":"https:\/\/xenonkungen.com\/nl\/product\/24986\/","og_site_name":"Xenonkungen","article_modified_time":"2026-04-24T16:39:35+00:00","og_image":[{"width":1024,"height":1024,"url":"https:\/\/xenonkungen.com\/wp-content\/uploads\/2026\/01\/Small-for-web-and-ppt-724925_ORIGINAL-W21-5W-7515.jpg","type":"image\/jpeg"}],"twitter_card":"summary_large_image","twitter_misc":{"Geschatte leestijd":"1 minuut"},"schema":{"@context":"https:\/\/schema.org","@graph":[{"@type":"WebPage","@id":"https:\/\/xenonkungen.com\/produkt\/24986\/","url":"https:\/\/xenonkungen.com\/produkt\/24986\/","name":"OSRAM ORIGINAL - WEDGE BASE - W21\/5W - 2-PACK - De Xenon-koning","isPartOf":{"@id":"https:\/\/xenonkungen.com\/#website"},"primaryImageOfPage":{"@id":"https:\/\/xenonkungen.com\/produkt\/24986\/#primaryimage"},"image":{"@id":"https:\/\/xenonkungen.com\/produkt\/24986\/#primaryimage"},"thumbnailUrl":"https:\/\/xenonkungen.com\/wp-content\/uploads\/2026\/01\/Small-for-web-and-ppt-724925_ORIGINAL-W21-5W-7515.jpg","datePublished":"2026-01-22T14:22:38+00:00","dateModified":"2026-04-24T16:39:35+00:00","breadcrumb":{"@id":"https:\/\/xenonkungen.com\/produkt\/24986\/#breadcrumb"},"inLanguage":"nl-NL","potentialAction":[{"@type":"ReadAction","target":["https:\/\/xenonkungen.com\/produkt\/24986\/"]}]},{"@type":"ImageObject","inLanguage":"nl-NL","@id":"https:\/\/xenonkungen.com\/produkt\/24986\/#primaryimage","url":"https:\/\/xenonkungen.com\/wp-content\/uploads\/2026\/01\/Small-for-web-and-ppt-724925_ORIGINAL-W21-5W-7515.jpg","contentUrl":"https:\/\/xenonkungen.com\/wp-content\/uploads\/2026\/01\/Small-for-web-and-ppt-724925_ORIGINAL-W21-5W-7515.jpg","width":1024,"height":1024},{"@type":"BreadcrumbList","@id":"https:\/\/xenonkungen.com\/produkt\/24986\/#breadcrumb","itemListElement":[{"@type":"ListItem","position":1,"name":"Hem","item":"https:\/\/xenonkungen.com\/"},{"@type":"ListItem","position":2,"name":"Shop","item":"https:\/\/xenonkungen.com\/shop\/"},{"@type":"ListItem","position":3,"name":"OSRAM ORIGINAL &#8211; WEDGE BASE &#8211; W21\/5W &#8211; 2-PACK"}]},{"@type":"WebSite","@id":"https:\/\/xenonkungen.com\/#website","url":"https:\/\/xenonkungen.com\/","name":"Xenonkungen","description":"","potentialAction":[{"@type":"SearchAction","target":{"@type":"EntryPoint","urlTemplate":"https:\/\/xenonkungen.com\/?s={search_term_string}"},"query-input":{"@type":"PropertyValueSpecification","valueRequired":true,"valueName":"search_term_string"}}],"inLanguage":"nl-NL"}]}},"taxonomy_info":{"product_brand":[{"value":108,"label":"OSRAM"}],"product_cat":[{"value":2533,"label":"T10"},{"value":338,"label":"Diodlampor"}]},"featured_image_src_large":["https:\/\/xenonkungen.com\/wp-content\/uploads\/2026\/01\/Small-for-web-and-ppt-724925_ORIGINAL-W21-5W-7515.jpg",1024,1024,false],"author_info":[],"comment_info":0,"_links":{"self":[{"href":"https:\/\/xenonkungen.com\/nl\/wp-json\/wp\/v2\/product\/24986","targetHints":{"allow":["GET"]}}],"collection":[{"href":"https:\/\/xenonkungen.com\/nl\/wp-json\/wp\/v2\/product"}],"about":[{"href":"https:\/\/xenonkungen.com\/nl\/wp-json\/wp\/v2\/types\/product"}],"replies":[{"embeddable":true,"href":"https:\/\/xenonkungen.com\/nl\/wp-json\/wp\/v2\/comments?post=24986"}],"wp:featuredmedia":[{"embeddable":true,"href":"https:\/\/xenonkungen.com\/nl\/wp-json\/wp\/v2\/media\/24991"}],"wp:attachment":[{"href":"https:\/\/xenonkungen.com\/nl\/wp-json\/wp\/v2\/media?parent=24986"}],"wp:term":[{"taxonomy":"anvandningsomrade","embeddable":true,"href":"https:\/\/xenonkungen.com\/nl\/wp-json\/wp\/v2\/anvandningsomrade?post=24986"},{"taxonomy":"bilmarken","embeddable":true,"href":"https:\/\/xenonkungen.com\/nl\/wp-json\/wp\/v2\/bilmarken?post=24986"},{"taxonomy":"product_brand","embeddable":true,"href":"https:\/\/xenonkungen.com\/nl\/wp-json\/wp\/v2\/product_brand?post=24986"},{"taxonomy":"product_cat","embeddable":true,"href":"https:\/\/xenonkungen.com\/nl\/wp-json\/wp\/v2\/product_cat?post=24986"},{"taxonomy":"product_tag","embeddable":true,"href":"https:\/\/xenonkungen.com\/nl\/wp-json\/wp\/v2\/product_tag?post=24986"}],"curies":[{"name":"wp","href":"https:\/\/api.w.org\/{rel}","templated":true}]}}