{"id":24996,"date":"2026-01-22T15:37:38","date_gmt":"2026-01-22T14:37:38","guid":{"rendered":"https:\/\/xenonkungen.com\/?post_type=product&#038;p=24996"},"modified":"2026-04-28T19:18:00","modified_gmt":"2026-04-28T18:18:00","slug":"osram-originele-metalen-basis-py21w","status":"publish","type":"product","link":"https:\/\/xenonkungen.com\/nl\/product\/osram-originele-metalen-basis-py21w\/","title":{"rendered":"OSRAM ORIGINEEL \u2013 METALEN BASIS PY21W"},"content":{"rendered":"<h2 data-start=\"95\" data-end=\"171\">Originele signaallampen met metalen voet \u2013 betrouwbare werking voor de juiste prijs.<\/h2>\n<p data-start=\"173\" data-end=\"447\"><strong data-start=\"173\" data-end=\"253\"><span class=\"hover:entity-accent entity-underline inline cursor-pointer align-baseline\"><span class=\"whitespace-normal\">OSRAM<\/span><\/span> ORIGINELE signaallampen met metalen voet<\/strong> is een kosteneffectieve en veilige keuze wanneer u de richtingaanwijzers van uw voertuig moet vervangen. <strong data-start=\"345\" data-end=\"368\">erkende OEM-kwaliteit<\/strong> Ze bieden dezelfde betrouwbaarheid en pasvorm als originele lampen.<\/p>\n<p data-start=\"449\" data-end=\"776\">Dankzij een <strong data-start=\"463\" data-end=\"482\">breed scala<\/strong> Kunnen deze lampen gebruikt worden als <strong data-start=\"513\" data-end=\"564\">originele reserveonderdelen voor veel verschillende toepassingen<\/strong>Daardoor zijn ze perfect voor alles, van richtingaanwijzers tot andere signaal- en positieverlichting. De metalen basisconstructie zorgt voor een stabiele montage, goede hittebestendigheid en een lange levensduur, zelfs bij frequent gebruik.<\/p>\n<h3 data-start=\"778\" data-end=\"822\">Voordelen van OSRAM ORIGINAL signaallampen<\/h3>\n<p data-start=\"823\" data-end=\"1029\">\u2013 OEM-kwaliteit van een van &#039;s werelds toonaangevende verlichtingsfabrikanten<br data-start=\"881\" data-end=\"884\" \/>\u2013 Kosteneffectief alternatief voor het origineel<br data-start=\"937\" data-end=\"940\" \/>\u2013 Stabiele en betrouwbare metalen basis<br data-start=\"976\" data-end=\"979\" \/>\u2013 Breed scala aan toepassingen voor diverse voertuigtypen<\/p>\n<h3 data-start=\"1031\" data-end=\"1048\">Technische gegevens<\/h3>\n<ul data-start=\"1049\" data-end=\"1154\">\n<li data-start=\"1049\" data-end=\"1071\">\n<p data-start=\"1051\" data-end=\"1071\"><strong data-start=\"1051\" data-end=\"1062\">Baseren:<\/strong> BAU15s<\/p>\n<\/li>\n<li data-start=\"1072\" data-end=\"1098\">\n<p data-start=\"1074\" data-end=\"1098\"><strong data-start=\"1074\" data-end=\"1091\">Nominale spanning:<\/strong> 12 V<\/p>\n<\/li>\n<li data-start=\"1099\" data-end=\"1128\">\n<p data-start=\"1101\" data-end=\"1128\"><strong data-start=\"1101\" data-end=\"1121\">Nominaal vermogen:<\/strong> 21 W<\/p>\n<\/li>\n<li data-start=\"1129\" data-end=\"1154\">\n<p data-start=\"1131\" data-end=\"1154\"><strong data-start=\"1131\" data-end=\"1147\">Maximaal vermogen:<\/strong> 25W<\/p>\n<\/li>\n<\/ul>\n<p data-start=\"1156\" data-end=\"1288\"><strong data-start=\"1156\" data-end=\"1288\">Een voor de hand liggende keuze als u de oorspronkelijke functionaliteit, veilige signalering en hoge kwaliteit wilt behouden \u2013 zonder meer te betalen dan nodig.<\/strong><\/p>","protected":false},"excerpt":{"rendered":"<p>Original signallampor med metallsockel \u2013 p\u00e5litlig funktion till r\u00e4tt pris OSRAM ORIGINAL signallampor med metallsockel \u00e4r ett kostnadseffektivt och tryggt val n\u00e4r du beh\u00f6ver ers\u00e4tta fordonets signallampor. Med erk\u00e4nd OEM-kvalitet levererar de samma tillf\u00f6rlitlighet och passform som originalmonterade lampor. Tack vare ett brett sortiment kan dessa lampor anv\u00e4ndas som originalreservdelar i m\u00e5nga olika till\u00e4mpningar, vilket [&hellip;]<\/p>","protected":false},"featured_media":25003,"comment_status":"open","ping_status":"closed","template":"","meta":{"_acf_changed":false,"_smort_price_nok":"32","_smort_price_dkk":"","_smort_price_eur":"","_smort_sale_price_nok":"","_smort_sale_price_dkk":"","_smort_sale_price_eur":"","smort_restorder":"","shipmondo_restorder":"","_kad_blocks_custom_css":"","_kad_blocks_head_custom_js":"","_kad_blocks_body_custom_js":"","_kad_blocks_footer_custom_js":"","smort_custom_pricelist_1":"19.2","smort_custom_pricelist_2":"16.8","smort_custom_pricelist_3":"15.6","smort_custom_pricelist_4":"24","smort_custom_pricelist_5":"16.8"},"anvandningsomrade":[],"bilmarken":[],"product_brand":[108],"product_cat":[338],"product_tag":[],"class_list":{"0":"post-24996","1":"product","2":"type-product","3":"status-publish","4":"has-post-thumbnail","6":"product_brand-osram","7":"product_cat-diodlampor","9":"first","10":"instock","11":"taxable","12":"shipping-taxable","13":"purchasable","14":"product-type-simple"},"bundled_by":[],"bundle_stock_status":"instock","bundle_stock_quantity":15,"bundle_virtual":false,"bundle_layout":"","bundle_add_to_cart_form_location":"","bundle_editable_in_cart":false,"bundle_sold_individually_context":"","bundle_item_grouping":"","bundle_min_size":"","bundle_max_size":"","bundle_price":[],"bundled_items":[],"bundle_sell_ids":[],"acf":[],"yoast_head":"<!-- This site is optimized with the Yoast SEO plugin v27.0 - https:\/\/yoast.com\/product\/yoast-seo-wordpress\/ -->\n<title>OSRAM ORIGINAL - METAL BASE PY21W - Xenonkungen<\/title>\n<meta name=\"robots\" content=\"index, follow, max-snippet:-1, max-image-preview:large, max-video-preview:-1\" \/>\n<link rel=\"canonical\" href=\"https:\/\/xenonkungen.com\/nl\/product\/osram-originele-metalen-basis-py21w\/\" \/>\n<meta property=\"og:locale\" content=\"nl_NL\" \/>\n<meta property=\"og:type\" content=\"article\" \/>\n<meta property=\"og:title\" content=\"OSRAM ORIGINAL - METAL BASE PY21W - Xenonkungen\" \/>\n<meta property=\"og:description\" content=\"Original signallampor med metallsockel \u2013 p\u00e5litlig funktion till r\u00e4tt pris OSRAM ORIGINAL signallampor med metallsockel \u00e4r ett kostnadseffektivt och tryggt val n\u00e4r du beh\u00f6ver ers\u00e4tta fordonets signallampor. Med erk\u00e4nd OEM-kvalitet levererar de samma tillf\u00f6rlitlighet och passform som originalmonterade lampor. Tack vare ett brett sortiment kan dessa lampor anv\u00e4ndas som originalreservdelar i m\u00e5nga olika till\u00e4mpningar, vilket [&hellip;]\" \/>\n<meta property=\"og:url\" content=\"https:\/\/xenonkungen.com\/nl\/product\/osram-originele-metalen-basis-py21w\/\" \/>\n<meta property=\"og:site_name\" content=\"Xenonkungen\" \/>\n<meta property=\"article:modified_time\" content=\"2026-04-28T18:18:00+00:00\" \/>\n<meta property=\"og:image\" content=\"https:\/\/xenonkungen.com\/wp-content\/uploads\/2026\/01\/Small-for-web-and-ppt-724862_DIADEM-PY21W-7507LDA.jpg\" \/>\n\t<meta property=\"og:image:width\" content=\"1024\" \/>\n\t<meta property=\"og:image:height\" content=\"1024\" \/>\n\t<meta property=\"og:image:type\" content=\"image\/jpeg\" \/>\n<meta name=\"twitter:card\" content=\"summary_large_image\" \/>\n<meta name=\"twitter:label1\" content=\"Geschatte leestijd\" \/>\n\t<meta name=\"twitter:data1\" content=\"1 minuut\" \/>\n<script type=\"application\/ld+json\" class=\"yoast-schema-graph\">{\"@context\":\"https:\/\/schema.org\",\"@graph\":[{\"@type\":\"WebPage\",\"@id\":\"https:\/\/xenonkungen.com\/produkt\/osram-original-metal-base-py21w\/\",\"url\":\"https:\/\/xenonkungen.com\/produkt\/osram-original-metal-base-py21w\/\",\"name\":\"OSRAM ORIGINAL - METAL BASE PY21W - Xenonkungen\",\"isPartOf\":{\"@id\":\"https:\/\/xenonkungen.com\/#website\"},\"primaryImageOfPage\":{\"@id\":\"https:\/\/xenonkungen.com\/produkt\/osram-original-metal-base-py21w\/#primaryimage\"},\"image\":{\"@id\":\"https:\/\/xenonkungen.com\/produkt\/osram-original-metal-base-py21w\/#primaryimage\"},\"thumbnailUrl\":\"https:\/\/xenonkungen.com\/wp-content\/uploads\/2026\/01\/Small-for-web-and-ppt-724862_DIADEM-PY21W-7507LDA.jpg\",\"datePublished\":\"2026-01-22T14:37:38+00:00\",\"dateModified\":\"2026-04-28T18:18:00+00:00\",\"breadcrumb\":{\"@id\":\"https:\/\/xenonkungen.com\/produkt\/osram-original-metal-base-py21w\/#breadcrumb\"},\"inLanguage\":\"nl-NL\",\"potentialAction\":[{\"@type\":\"ReadAction\",\"target\":[\"https:\/\/xenonkungen.com\/produkt\/osram-original-metal-base-py21w\/\"]}]},{\"@type\":\"ImageObject\",\"inLanguage\":\"nl-NL\",\"@id\":\"https:\/\/xenonkungen.com\/produkt\/osram-original-metal-base-py21w\/#primaryimage\",\"url\":\"https:\/\/xenonkungen.com\/wp-content\/uploads\/2026\/01\/Small-for-web-and-ppt-724862_DIADEM-PY21W-7507LDA.jpg\",\"contentUrl\":\"https:\/\/xenonkungen.com\/wp-content\/uploads\/2026\/01\/Small-for-web-and-ppt-724862_DIADEM-PY21W-7507LDA.jpg\",\"width\":1024,\"height\":1024},{\"@type\":\"BreadcrumbList\",\"@id\":\"https:\/\/xenonkungen.com\/produkt\/osram-original-metal-base-py21w\/#breadcrumb\",\"itemListElement\":[{\"@type\":\"ListItem\",\"position\":1,\"name\":\"Hem\",\"item\":\"https:\/\/xenonkungen.com\/\"},{\"@type\":\"ListItem\",\"position\":2,\"name\":\"Shop\",\"item\":\"https:\/\/xenonkungen.com\/shop\/\"},{\"@type\":\"ListItem\",\"position\":3,\"name\":\"OSRAM ORIGINAL &#8211; METAL BASE PY21W\"}]},{\"@type\":\"WebSite\",\"@id\":\"https:\/\/xenonkungen.com\/#website\",\"url\":\"https:\/\/xenonkungen.com\/\",\"name\":\"Xenonkungen\",\"description\":\"\",\"potentialAction\":[{\"@type\":\"SearchAction\",\"target\":{\"@type\":\"EntryPoint\",\"urlTemplate\":\"https:\/\/xenonkungen.com\/?s={search_term_string}\"},\"query-input\":{\"@type\":\"PropertyValueSpecification\",\"valueRequired\":true,\"valueName\":\"search_term_string\"}}],\"inLanguage\":\"nl-NL\"}]}<\/script>\n<!-- \/ Yoast SEO plugin. -->","yoast_head_json":{"title":"OSRAM ORIGINAL - METALEN BASIS PY21W - De Xenon-koning","robots":{"index":"index","follow":"follow","max-snippet":"max-snippet:-1","max-image-preview":"max-image-preview:large","max-video-preview":"max-video-preview:-1"},"canonical":"https:\/\/xenonkungen.com\/nl\/product\/osram-originele-metalen-basis-py21w\/","og_locale":"nl_NL","og_type":"article","og_title":"OSRAM ORIGINAL - METAL BASE PY21W - Xenonkungen","og_description":"Original signallampor med metallsockel \u2013 p\u00e5litlig funktion till r\u00e4tt pris OSRAM ORIGINAL signallampor med metallsockel \u00e4r ett kostnadseffektivt och tryggt val n\u00e4r du beh\u00f6ver ers\u00e4tta fordonets signallampor. Med erk\u00e4nd OEM-kvalitet levererar de samma tillf\u00f6rlitlighet och passform som originalmonterade lampor. Tack vare ett brett sortiment kan dessa lampor anv\u00e4ndas som originalreservdelar i m\u00e5nga olika till\u00e4mpningar, vilket [&hellip;]","og_url":"https:\/\/xenonkungen.com\/nl\/product\/osram-originele-metalen-basis-py21w\/","og_site_name":"Xenonkungen","article_modified_time":"2026-04-28T18:18:00+00:00","og_image":[{"width":1024,"height":1024,"url":"https:\/\/xenonkungen.com\/wp-content\/uploads\/2026\/01\/Small-for-web-and-ppt-724862_DIADEM-PY21W-7507LDA.jpg","type":"image\/jpeg"}],"twitter_card":"summary_large_image","twitter_misc":{"Geschatte leestijd":"1 minuut"},"schema":{"@context":"https:\/\/schema.org","@graph":[{"@type":"WebPage","@id":"https:\/\/xenonkungen.com\/produkt\/osram-original-metal-base-py21w\/","url":"https:\/\/xenonkungen.com\/produkt\/osram-original-metal-base-py21w\/","name":"OSRAM ORIGINAL - METALEN BASIS PY21W - De Xenon-koning","isPartOf":{"@id":"https:\/\/xenonkungen.com\/#website"},"primaryImageOfPage":{"@id":"https:\/\/xenonkungen.com\/produkt\/osram-original-metal-base-py21w\/#primaryimage"},"image":{"@id":"https:\/\/xenonkungen.com\/produkt\/osram-original-metal-base-py21w\/#primaryimage"},"thumbnailUrl":"https:\/\/xenonkungen.com\/wp-content\/uploads\/2026\/01\/Small-for-web-and-ppt-724862_DIADEM-PY21W-7507LDA.jpg","datePublished":"2026-01-22T14:37:38+00:00","dateModified":"2026-04-28T18:18:00+00:00","breadcrumb":{"@id":"https:\/\/xenonkungen.com\/produkt\/osram-original-metal-base-py21w\/#breadcrumb"},"inLanguage":"nl-NL","potentialAction":[{"@type":"ReadAction","target":["https:\/\/xenonkungen.com\/produkt\/osram-original-metal-base-py21w\/"]}]},{"@type":"ImageObject","inLanguage":"nl-NL","@id":"https:\/\/xenonkungen.com\/produkt\/osram-original-metal-base-py21w\/#primaryimage","url":"https:\/\/xenonkungen.com\/wp-content\/uploads\/2026\/01\/Small-for-web-and-ppt-724862_DIADEM-PY21W-7507LDA.jpg","contentUrl":"https:\/\/xenonkungen.com\/wp-content\/uploads\/2026\/01\/Small-for-web-and-ppt-724862_DIADEM-PY21W-7507LDA.jpg","width":1024,"height":1024},{"@type":"BreadcrumbList","@id":"https:\/\/xenonkungen.com\/produkt\/osram-original-metal-base-py21w\/#breadcrumb","itemListElement":[{"@type":"ListItem","position":1,"name":"Hem","item":"https:\/\/xenonkungen.com\/"},{"@type":"ListItem","position":2,"name":"Shop","item":"https:\/\/xenonkungen.com\/shop\/"},{"@type":"ListItem","position":3,"name":"OSRAM ORIGINAL &#8211; METAL BASE PY21W"}]},{"@type":"WebSite","@id":"https:\/\/xenonkungen.com\/#website","url":"https:\/\/xenonkungen.com\/","name":"Xenonkungen","description":"","potentialAction":[{"@type":"SearchAction","target":{"@type":"EntryPoint","urlTemplate":"https:\/\/xenonkungen.com\/?s={search_term_string}"},"query-input":{"@type":"PropertyValueSpecification","valueRequired":true,"valueName":"search_term_string"}}],"inLanguage":"nl-NL"}]}},"taxonomy_info":{"product_brand":[{"value":108,"label":"OSRAM"}],"product_cat":[{"value":338,"label":"Diodlampor"}]},"featured_image_src_large":["https:\/\/xenonkungen.com\/wp-content\/uploads\/2026\/01\/Small-for-web-and-ppt-724862_DIADEM-PY21W-7507LDA.jpg",1024,1024,false],"author_info":[],"comment_info":0,"_links":{"self":[{"href":"https:\/\/xenonkungen.com\/nl\/wp-json\/wp\/v2\/product\/24996","targetHints":{"allow":["GET"]}}],"collection":[{"href":"https:\/\/xenonkungen.com\/nl\/wp-json\/wp\/v2\/product"}],"about":[{"href":"https:\/\/xenonkungen.com\/nl\/wp-json\/wp\/v2\/types\/product"}],"replies":[{"embeddable":true,"href":"https:\/\/xenonkungen.com\/nl\/wp-json\/wp\/v2\/comments?post=24996"}],"wp:featuredmedia":[{"embeddable":true,"href":"https:\/\/xenonkungen.com\/nl\/wp-json\/wp\/v2\/media\/25003"}],"wp:attachment":[{"href":"https:\/\/xenonkungen.com\/nl\/wp-json\/wp\/v2\/media?parent=24996"}],"wp:term":[{"taxonomy":"anvandningsomrade","embeddable":true,"href":"https:\/\/xenonkungen.com\/nl\/wp-json\/wp\/v2\/anvandningsomrade?post=24996"},{"taxonomy":"bilmarken","embeddable":true,"href":"https:\/\/xenonkungen.com\/nl\/wp-json\/wp\/v2\/bilmarken?post=24996"},{"taxonomy":"product_brand","embeddable":true,"href":"https:\/\/xenonkungen.com\/nl\/wp-json\/wp\/v2\/product_brand?post=24996"},{"taxonomy":"product_cat","embeddable":true,"href":"https:\/\/xenonkungen.com\/nl\/wp-json\/wp\/v2\/product_cat?post=24996"},{"taxonomy":"product_tag","embeddable":true,"href":"https:\/\/xenonkungen.com\/nl\/wp-json\/wp\/v2\/product_tag?post=24996"}],"curies":[{"name":"wp","href":"https:\/\/api.w.org\/{rel}","templated":true}]}}