{"id":25021,"date":"2026-01-23T08:46:42","date_gmt":"2026-01-23T07:46:42","guid":{"rendered":"https:\/\/xenonkungen.com\/?post_type=product&#038;p=25021"},"modified":"2026-04-24T17:38:12","modified_gmt":"2026-04-24T16:38:12","slug":"25021","status":"publish","type":"product","link":"https:\/\/xenonkungen.com\/nl\/product\/25021\/","title":{"rendered":"OSRAM ORIGINELE LIJN \u2013 S2 \u2013 12 V \u2013 3535 W"},"content":{"rendered":"<h3 data-start=\"102\" data-end=\"171\">OSRAM ORIGINAL LINE \u2013 betrouwbare motorverlichting met OEM-kwaliteit.<\/h3>\n<p data-start=\"173\" data-end=\"475\">Kies er \u00e9\u00e9n <strong data-start=\"181\" data-end=\"219\">kosteneffectief origineel reserveonderdeel<\/strong> Dat levert precies wat je verwacht \u2013 elke keer weer. <strong data-start=\"275\" data-end=\"347\"><span class=\"hover:entity-accent entity-underline inline cursor-pointer align-baseline\"><span class=\"whitespace-normal\">OSRAM<\/span><\/span> ORIGINAL LINE motorfietsverlichting<\/strong> Ze zijn ontwikkeld voor dagelijks gebruik en normale bedrijfsomstandigheden, met de nadruk op operationele betrouwbaarheid, een lange levensduur en een stabiele lichtopbrengst.<\/p>\n<p data-start=\"477\" data-end=\"735\">Deze lampen worden al gebruikt in <strong data-start=\"506\" data-end=\"549\">miljoenen nieuwe motorfietsen wereldwijd<\/strong> \u2013 zowel als standaarduitrusting als origineel reserveonderdeel \u2013 dankzij de betrouwbare OEM-kwaliteit. Een veilige keuze voor wie de juiste functionaliteit voor de juiste prijs wil, zonder compromissen.<\/p>\n<p data-start=\"737\" data-end=\"768\">Met OSRAM ORIGINAL LINE krijgt u:<\/p>\n<ul data-start=\"769\" data-end=\"1014\">\n<li data-start=\"769\" data-end=\"841\">\n<p data-start=\"771\" data-end=\"841\"><strong data-start=\"773\" data-end=\"789\">OEM-kwaliteit<\/strong> van een van &#039;s werelds toonaangevende verlichtingsfabrikanten<\/p>\n<\/li>\n<li data-start=\"842\" data-end=\"902\">\n<p data-start=\"844\" data-end=\"902\"><strong data-start=\"846\" data-end=\"869\">Uitstekende prijs-kwaliteitverhouding.<\/strong> \u2013 perfect als vervangende lamp<\/p>\n<\/li>\n<li data-start=\"903\" data-end=\"959\">\n<p data-start=\"905\" data-end=\"959\"><strong data-start=\"907\" data-end=\"930\">Robuuste constructie<\/strong> voor een stabiele en veilige werking<\/p>\n<\/li>\n<li data-start=\"960\" data-end=\"1014\">\n<p data-start=\"962\" data-end=\"1014\"><strong data-start=\"964\" data-end=\"983\">Breed scala<\/strong> voor veel motorfietsmodellen<\/p>\n<\/li>\n<\/ul>\n<p data-start=\"1016\" data-end=\"1087\">Een voor de hand liggende keuze als je het origineel wilt vervangen door een product van originele kwaliteit.<\/p>\n<hr data-start=\"1089\" data-end=\"1092\" \/>\n<h3 data-start=\"1094\" data-end=\"1122\">Technische specificaties<\/h3>\n<ul data-start=\"1123\" data-end=\"1239\">\n<li data-start=\"1123\" data-end=\"1144\">\n<p data-start=\"1125\" data-end=\"1144\"><strong data-start=\"1125\" data-end=\"1136\">Baseren:<\/strong> BA20d<\/p>\n<\/li>\n<li data-start=\"1145\" data-end=\"1180\">\n<p data-start=\"1147\" data-end=\"1180\"><strong data-start=\"1147\" data-end=\"1173\">Nominale spanning:<\/strong> 12 V<\/p>\n<\/li>\n<li data-start=\"1181\" data-end=\"1213\">\n<p data-start=\"1183\" data-end=\"1213\"><strong data-start=\"1183\" data-end=\"1203\">Nominaal vermogen:<\/strong> 35\/35W<\/p>\n<\/li>\n<li data-start=\"1214\" data-end=\"1239\">\n<p data-start=\"1216\" data-end=\"1239\"><strong data-start=\"1216\" data-end=\"1232\">Maximaal vermogen:<\/strong> 40W<\/p>\n<\/li>\n<\/ul>","protected":false},"excerpt":{"rendered":"<p>OSRAM ORIGINAL LINE \u2013 p\u00e5litliga motorcykellampor med OEM-kvalitet V\u00e4lj en kostnadseffektiv originalreservdel som levererar exakt det du f\u00f6rv\u00e4ntar dig \u2013 varje g\u00e5ng. OSRAM ORIGINAL LINE motorcykellampor \u00e4r utvecklade f\u00f6r daglig k\u00f6rning och normala driftf\u00f6rh\u00e5llanden, med fokus p\u00e5 drifts\u00e4kerhet, l\u00e5ng livsl\u00e4ngd och stabil ljusbild. Dessa lampor anv\u00e4nds redan i miljontals nya motorcyklar v\u00e4rlden \u00f6ver \u2013 antingen [&hellip;]<\/p>","protected":false},"featured_media":25023,"comment_status":"open","ping_status":"closed","template":"","meta":{"_acf_changed":false,"_smort_price_nok":"80","_smort_price_dkk":"","_smort_price_eur":"","_smort_sale_price_nok":"","_smort_sale_price_dkk":"","_smort_sale_price_eur":"","smort_restorder":"","shipmondo_restorder":"","_kad_blocks_custom_css":"","_kad_blocks_head_custom_js":"","_kad_blocks_body_custom_js":"","_kad_blocks_footer_custom_js":"","smort_custom_pricelist_1":"48","smort_custom_pricelist_2":"42","smort_custom_pricelist_3":"39","smort_custom_pricelist_4":"60","smort_custom_pricelist_5":"42"},"anvandningsomrade":[],"bilmarken":[],"product_brand":[108],"product_cat":[338],"product_tag":[],"class_list":{"0":"post-25021","1":"product","2":"type-product","3":"status-publish","4":"has-post-thumbnail","6":"product_brand-osram","7":"product_cat-diodlampor","9":"first","10":"instock","11":"taxable","12":"shipping-taxable","13":"purchasable","14":"product-type-simple"},"bundled_by":[],"bundle_stock_status":"instock","bundle_stock_quantity":30,"bundle_virtual":false,"bundle_layout":"","bundle_add_to_cart_form_location":"","bundle_editable_in_cart":false,"bundle_sold_individually_context":"","bundle_item_grouping":"","bundle_min_size":"","bundle_max_size":"","bundle_price":[],"bundled_items":[],"bundle_sell_ids":[],"acf":[],"yoast_head":"<!-- This site is optimized with the Yoast SEO plugin v27.0 - https:\/\/yoast.com\/product\/yoast-seo-wordpress\/ -->\n<title>OSRAM ORIGINAL LINE - S2 - 12 V - 3535 W - Xenonkungen<\/title>\n<meta name=\"robots\" content=\"index, follow, max-snippet:-1, max-image-preview:large, max-video-preview:-1\" \/>\n<link rel=\"canonical\" href=\"https:\/\/xenonkungen.com\/nl\/product\/25021\/\" \/>\n<meta property=\"og:locale\" content=\"nl_NL\" \/>\n<meta property=\"og:type\" content=\"article\" \/>\n<meta property=\"og:title\" content=\"OSRAM ORIGINAL LINE - S2 - 12 V - 3535 W - Xenonkungen\" \/>\n<meta property=\"og:description\" content=\"OSRAM ORIGINAL LINE \u2013 p\u00e5litliga motorcykellampor med OEM-kvalitet V\u00e4lj en kostnadseffektiv originalreservdel som levererar exakt det du f\u00f6rv\u00e4ntar dig \u2013 varje g\u00e5ng. OSRAM ORIGINAL LINE motorcykellampor \u00e4r utvecklade f\u00f6r daglig k\u00f6rning och normala driftf\u00f6rh\u00e5llanden, med fokus p\u00e5 drifts\u00e4kerhet, l\u00e5ng livsl\u00e4ngd och stabil ljusbild. Dessa lampor anv\u00e4nds redan i miljontals nya motorcyklar v\u00e4rlden \u00f6ver \u2013 antingen [&hellip;]\" \/>\n<meta property=\"og:url\" content=\"https:\/\/xenonkungen.com\/nl\/product\/25021\/\" \/>\n<meta property=\"og:site_name\" content=\"Xenonkungen\" \/>\n<meta property=\"article:modified_time\" content=\"2026-04-24T16:38:12+00:00\" \/>\n<meta property=\"og:image\" content=\"https:\/\/xenonkungen.com\/wp-content\/uploads\/2026\/01\/Small-for-web-and-ppt-724816_ORIGINAL-S2-64327.jpg\" \/>\n\t<meta property=\"og:image:width\" content=\"1024\" \/>\n\t<meta property=\"og:image:height\" content=\"1024\" \/>\n\t<meta property=\"og:image:type\" content=\"image\/jpeg\" \/>\n<meta name=\"twitter:card\" content=\"summary_large_image\" \/>\n<meta name=\"twitter:label1\" content=\"Geschatte leestijd\" \/>\n\t<meta name=\"twitter:data1\" content=\"1 minuut\" \/>\n<script type=\"application\/ld+json\" class=\"yoast-schema-graph\">{\"@context\":\"https:\/\/schema.org\",\"@graph\":[{\"@type\":\"WebPage\",\"@id\":\"https:\/\/xenonkungen.com\/produkt\/25021\/\",\"url\":\"https:\/\/xenonkungen.com\/produkt\/25021\/\",\"name\":\"OSRAM ORIGINAL LINE - S2 - 12 V - 3535 W - Xenonkungen\",\"isPartOf\":{\"@id\":\"https:\/\/xenonkungen.com\/#website\"},\"primaryImageOfPage\":{\"@id\":\"https:\/\/xenonkungen.com\/produkt\/25021\/#primaryimage\"},\"image\":{\"@id\":\"https:\/\/xenonkungen.com\/produkt\/25021\/#primaryimage\"},\"thumbnailUrl\":\"https:\/\/xenonkungen.com\/wp-content\/uploads\/2026\/01\/Small-for-web-and-ppt-724816_ORIGINAL-S2-64327.jpg\",\"datePublished\":\"2026-01-23T07:46:42+00:00\",\"dateModified\":\"2026-04-24T16:38:12+00:00\",\"breadcrumb\":{\"@id\":\"https:\/\/xenonkungen.com\/produkt\/25021\/#breadcrumb\"},\"inLanguage\":\"nl-NL\",\"potentialAction\":[{\"@type\":\"ReadAction\",\"target\":[\"https:\/\/xenonkungen.com\/produkt\/25021\/\"]}]},{\"@type\":\"ImageObject\",\"inLanguage\":\"nl-NL\",\"@id\":\"https:\/\/xenonkungen.com\/produkt\/25021\/#primaryimage\",\"url\":\"https:\/\/xenonkungen.com\/wp-content\/uploads\/2026\/01\/Small-for-web-and-ppt-724816_ORIGINAL-S2-64327.jpg\",\"contentUrl\":\"https:\/\/xenonkungen.com\/wp-content\/uploads\/2026\/01\/Small-for-web-and-ppt-724816_ORIGINAL-S2-64327.jpg\",\"width\":1024,\"height\":1024},{\"@type\":\"BreadcrumbList\",\"@id\":\"https:\/\/xenonkungen.com\/produkt\/25021\/#breadcrumb\",\"itemListElement\":[{\"@type\":\"ListItem\",\"position\":1,\"name\":\"Hem\",\"item\":\"https:\/\/xenonkungen.com\/\"},{\"@type\":\"ListItem\",\"position\":2,\"name\":\"Shop\",\"item\":\"https:\/\/xenonkungen.com\/shop\/\"},{\"@type\":\"ListItem\",\"position\":3,\"name\":\"OSRAM ORIGINAL LINE &#8211; S2 &#8211; 12 V &#8211; 3535 W\"}]},{\"@type\":\"WebSite\",\"@id\":\"https:\/\/xenonkungen.com\/#website\",\"url\":\"https:\/\/xenonkungen.com\/\",\"name\":\"Xenonkungen\",\"description\":\"\",\"potentialAction\":[{\"@type\":\"SearchAction\",\"target\":{\"@type\":\"EntryPoint\",\"urlTemplate\":\"https:\/\/xenonkungen.com\/?s={search_term_string}\"},\"query-input\":{\"@type\":\"PropertyValueSpecification\",\"valueRequired\":true,\"valueName\":\"search_term_string\"}}],\"inLanguage\":\"nl-NL\"}]}<\/script>\n<!-- \/ Yoast SEO plugin. -->","yoast_head_json":{"title":"OSRAM ORIGINELE LIJN - S2 - 12 V - 3535 W - De xenonkoning","robots":{"index":"index","follow":"follow","max-snippet":"max-snippet:-1","max-image-preview":"max-image-preview:large","max-video-preview":"max-video-preview:-1"},"canonical":"https:\/\/xenonkungen.com\/nl\/product\/25021\/","og_locale":"nl_NL","og_type":"article","og_title":"OSRAM ORIGINAL LINE - S2 - 12 V - 3535 W - Xenonkungen","og_description":"OSRAM ORIGINAL LINE \u2013 p\u00e5litliga motorcykellampor med OEM-kvalitet V\u00e4lj en kostnadseffektiv originalreservdel som levererar exakt det du f\u00f6rv\u00e4ntar dig \u2013 varje g\u00e5ng. OSRAM ORIGINAL LINE motorcykellampor \u00e4r utvecklade f\u00f6r daglig k\u00f6rning och normala driftf\u00f6rh\u00e5llanden, med fokus p\u00e5 drifts\u00e4kerhet, l\u00e5ng livsl\u00e4ngd och stabil ljusbild. Dessa lampor anv\u00e4nds redan i miljontals nya motorcyklar v\u00e4rlden \u00f6ver \u2013 antingen [&hellip;]","og_url":"https:\/\/xenonkungen.com\/nl\/product\/25021\/","og_site_name":"Xenonkungen","article_modified_time":"2026-04-24T16:38:12+00:00","og_image":[{"width":1024,"height":1024,"url":"https:\/\/xenonkungen.com\/wp-content\/uploads\/2026\/01\/Small-for-web-and-ppt-724816_ORIGINAL-S2-64327.jpg","type":"image\/jpeg"}],"twitter_card":"summary_large_image","twitter_misc":{"Geschatte leestijd":"1 minuut"},"schema":{"@context":"https:\/\/schema.org","@graph":[{"@type":"WebPage","@id":"https:\/\/xenonkungen.com\/produkt\/25021\/","url":"https:\/\/xenonkungen.com\/produkt\/25021\/","name":"OSRAM ORIGINELE LIJN - S2 - 12 V - 3535 W - De xenonkoning","isPartOf":{"@id":"https:\/\/xenonkungen.com\/#website"},"primaryImageOfPage":{"@id":"https:\/\/xenonkungen.com\/produkt\/25021\/#primaryimage"},"image":{"@id":"https:\/\/xenonkungen.com\/produkt\/25021\/#primaryimage"},"thumbnailUrl":"https:\/\/xenonkungen.com\/wp-content\/uploads\/2026\/01\/Small-for-web-and-ppt-724816_ORIGINAL-S2-64327.jpg","datePublished":"2026-01-23T07:46:42+00:00","dateModified":"2026-04-24T16:38:12+00:00","breadcrumb":{"@id":"https:\/\/xenonkungen.com\/produkt\/25021\/#breadcrumb"},"inLanguage":"nl-NL","potentialAction":[{"@type":"ReadAction","target":["https:\/\/xenonkungen.com\/produkt\/25021\/"]}]},{"@type":"ImageObject","inLanguage":"nl-NL","@id":"https:\/\/xenonkungen.com\/produkt\/25021\/#primaryimage","url":"https:\/\/xenonkungen.com\/wp-content\/uploads\/2026\/01\/Small-for-web-and-ppt-724816_ORIGINAL-S2-64327.jpg","contentUrl":"https:\/\/xenonkungen.com\/wp-content\/uploads\/2026\/01\/Small-for-web-and-ppt-724816_ORIGINAL-S2-64327.jpg","width":1024,"height":1024},{"@type":"BreadcrumbList","@id":"https:\/\/xenonkungen.com\/produkt\/25021\/#breadcrumb","itemListElement":[{"@type":"ListItem","position":1,"name":"Hem","item":"https:\/\/xenonkungen.com\/"},{"@type":"ListItem","position":2,"name":"Shop","item":"https:\/\/xenonkungen.com\/shop\/"},{"@type":"ListItem","position":3,"name":"OSRAM ORIGINAL LINE &#8211; S2 &#8211; 12 V &#8211; 3535 W"}]},{"@type":"WebSite","@id":"https:\/\/xenonkungen.com\/#website","url":"https:\/\/xenonkungen.com\/","name":"Xenonkungen","description":"","potentialAction":[{"@type":"SearchAction","target":{"@type":"EntryPoint","urlTemplate":"https:\/\/xenonkungen.com\/?s={search_term_string}"},"query-input":{"@type":"PropertyValueSpecification","valueRequired":true,"valueName":"search_term_string"}}],"inLanguage":"nl-NL"}]}},"taxonomy_info":{"product_brand":[{"value":108,"label":"OSRAM"}],"product_cat":[{"value":338,"label":"Diodlampor"}]},"featured_image_src_large":["https:\/\/xenonkungen.com\/wp-content\/uploads\/2026\/01\/Small-for-web-and-ppt-724816_ORIGINAL-S2-64327.jpg",1024,1024,false],"author_info":[],"comment_info":0,"_links":{"self":[{"href":"https:\/\/xenonkungen.com\/nl\/wp-json\/wp\/v2\/product\/25021","targetHints":{"allow":["GET"]}}],"collection":[{"href":"https:\/\/xenonkungen.com\/nl\/wp-json\/wp\/v2\/product"}],"about":[{"href":"https:\/\/xenonkungen.com\/nl\/wp-json\/wp\/v2\/types\/product"}],"replies":[{"embeddable":true,"href":"https:\/\/xenonkungen.com\/nl\/wp-json\/wp\/v2\/comments?post=25021"}],"wp:featuredmedia":[{"embeddable":true,"href":"https:\/\/xenonkungen.com\/nl\/wp-json\/wp\/v2\/media\/25023"}],"wp:attachment":[{"href":"https:\/\/xenonkungen.com\/nl\/wp-json\/wp\/v2\/media?parent=25021"}],"wp:term":[{"taxonomy":"anvandningsomrade","embeddable":true,"href":"https:\/\/xenonkungen.com\/nl\/wp-json\/wp\/v2\/anvandningsomrade?post=25021"},{"taxonomy":"bilmarken","embeddable":true,"href":"https:\/\/xenonkungen.com\/nl\/wp-json\/wp\/v2\/bilmarken?post=25021"},{"taxonomy":"product_brand","embeddable":true,"href":"https:\/\/xenonkungen.com\/nl\/wp-json\/wp\/v2\/product_brand?post=25021"},{"taxonomy":"product_cat","embeddable":true,"href":"https:\/\/xenonkungen.com\/nl\/wp-json\/wp\/v2\/product_cat?post=25021"},{"taxonomy":"product_tag","embeddable":true,"href":"https:\/\/xenonkungen.com\/nl\/wp-json\/wp\/v2\/product_tag?post=25021"}],"curies":[{"name":"wp","href":"https:\/\/api.w.org\/{rel}","templated":true}]}}