{"id":25053,"date":"2026-01-23T11:11:51","date_gmt":"2026-01-23T10:11:51","guid":{"rendered":"https:\/\/xenonkungen.com\/?post_type=product&#038;p=25053"},"modified":"2026-04-24T17:36:01","modified_gmt":"2026-04-24T16:36:01","slug":"osram-h4-cool-blue-intense-2-pack","status":"publish","type":"product","link":"https:\/\/xenonkungen.com\/nl\/product\/osram-h4-cool-blue-intense-2-pack\/","title":{"rendered":"OSRAM \u2013 H4 COOL BLUE INTENSE | 2-PACK"},"content":{"rendered":"<h3 data-start=\"149\" data-end=\"216\">OSRAM COOL BLUE INTENSE \u2013 extra wit licht met exclusieve LED-look<\/h3>\n<p data-start=\"218\" data-end=\"413\">Geef je auto een moderne en elegante uitstraling met <strong data-start=\"265\" data-end=\"324\"><span class=\"hover:entity-accent entity-underline inline cursor-pointer align-baseline\"><span class=\"whitespace-normal\">OSRAM<\/span><\/span> KOEL BLAUW INTENS<\/strong> \u2013 hightech halogeenlampen die leveren <strong data-start=\"371\" data-end=\"412\">Qua kleur en stijl vrijwel gelijk aan LED-verlichting.<\/strong>.<\/p>\n<p data-start=\"415\" data-end=\"740\">Met \u00e9\u00e9n <strong data-start=\"423\" data-end=\"462\">Extra wit licht tot 5000 K<\/strong> Je krijgt een koele, heldere gloed die sterk doet denken aan ledverlichting. Het resultaat is niet alleen mooier \u2013 het <strong data-start=\"569\" data-end=\"610\">hoog contrast, daglichtachtig licht<\/strong> Het is bovendien prettiger voor de ogen dan traditionele halogeenlampen, wat bijdraagt aan een meer ontspannen en veilige rijervaring in het donker.<\/p>\n<p data-start=\"742\" data-end=\"946\">COOL BLUE INTENSE combineert design en prestaties op indrukwekkende wijze. In vergelijking met de minimale ECE-eisen levert de lamp uitstekende prestaties. <strong data-start=\"863\" data-end=\"890\">tot 100 % meer licht<\/strong>, terwijl het de auto tegelijkertijd een duidelijke visuele boost geeft.<\/p>\n<p data-start=\"948\" data-end=\"1119\">De <strong data-start=\"952\" data-end=\"976\">moderne zilveren top<\/strong> maakt de lamp perfect voor <strong data-start=\"1000\" data-end=\"1029\">koplampen met helder glas<\/strong> en geeft de voorkant van de auto een exclusieve en stijlvolle uitstraling \u2013 zelfs wanneer de lichten uit zijn.<\/p>\n<h4 data-start=\"1121\" data-end=\"1163\">Voordelen van OSRAM COOL BLUE INTENSE:<\/h4>\n<ul data-start=\"1164\" data-end=\"1493\">\n<li data-start=\"1164\" data-end=\"1227\">\n<p data-start=\"1166\" data-end=\"1227\"><strong data-start=\"1169\" data-end=\"1205\">Extra wit licht tot 5.000 K<\/strong> \u2013 LED-achtige uitstraling<\/p>\n<\/li>\n<li data-start=\"1228\" data-end=\"1305\">\n<p data-start=\"1230\" data-end=\"1305\"><strong data-start=\"1234\" data-end=\"1273\">Daglichtachtig, contrastrijk licht<\/strong> welke het oog meer aanspreekt<\/p>\n<\/li>\n<li data-start=\"1306\" data-end=\"1363\">\n<p data-start=\"1308\" data-end=\"1363\"><strong data-start=\"1311\" data-end=\"1338\">Tot wel 100 % meer licht<\/strong> dan de wettelijke norm<\/p>\n<\/li>\n<li data-start=\"1364\" data-end=\"1403\">\n<p data-start=\"1366\" data-end=\"1403\"><strong data-start=\"1369\" data-end=\"1401\">Modern design met zilverkleurig blad<\/strong><\/p>\n<\/li>\n<li data-start=\"1404\" data-end=\"1452\">\n<p data-start=\"1406\" data-end=\"1452\">Past perfect in <strong data-start=\"1426\" data-end=\"1450\">koplampen van helder glas<\/strong><\/p>\n<\/li>\n<li data-start=\"1453\" data-end=\"1493\">\n<p data-start=\"1455\" data-end=\"1493\">Beschikbaar in <strong data-start=\"1466\" data-end=\"1493\">H4, H7, H8, H11 en HB4<\/strong><\/p>\n<\/li>\n<\/ul>\n<p data-start=\"1495\" data-end=\"1678\">OSRAM COOL BLUE INTENSE is de voor de hand liggende keuze voor wie een combinatie van beide wil. <strong data-start=\"1570\" data-end=\"1598\">stijl, zichtbaarheid en prestaties<\/strong> \u2013 en geef de auto een <strong data-start=\"1618\" data-end=\"1653\">moderne, op LED ge\u00efnspireerde look<\/strong>, zonder over te schakelen naar LED.<\/p>","protected":false},"excerpt":{"rendered":"<p>OSRAM COOL BLUE INTENSE \u2013 extra vitt ljus med exklusiv LED-look Ge din bil ett modernt och elegant uttryck med OSRAM COOL BLUE INTENSE \u2013 h\u00f6gteknologiska halogenlampor som levererar n\u00e4stan LED-klass i b\u00e5de f\u00e4rg och stil. Med ett extra vitt ljus p\u00e5 upp till 5 000 K f\u00e5r du ett kallt, klart sken som p\u00e5minner [&hellip;]<\/p>","protected":false},"featured_media":25056,"comment_status":"open","ping_status":"closed","template":"","meta":{"_acf_changed":false,"_smort_price_nok":"191","_smort_price_dkk":"","_smort_price_eur":"","_smort_sale_price_nok":"","_smort_sale_price_dkk":"","_smort_sale_price_eur":"","smort_restorder":"","shipmondo_restorder":"","_kad_blocks_custom_css":"","_kad_blocks_head_custom_js":"","_kad_blocks_body_custom_js":"","_kad_blocks_footer_custom_js":"","smort_custom_pricelist_1":"114.56","smort_custom_pricelist_2":"100.24","smort_custom_pricelist_3":"93.08","smort_custom_pricelist_4":"143.2","smort_custom_pricelist_5":"100.24"},"anvandningsomrade":[],"bilmarken":[],"product_brand":[108],"product_cat":[2543,733],"product_tag":[],"class_list":{"0":"post-25053","1":"product","2":"type-product","3":"status-publish","4":"has-post-thumbnail","6":"product_brand-osram","7":"product_cat-halogen-halvljus-helljus","8":"product_cat-halvljus-helljus","9":"pa_faktisk-effekts-forbrukning-311","10":"pa_fargtemperatur-5000k","11":"pa_lampsockel-kontakt-h4","12":"pa_lampsockel-kontakt-p43t","13":"pa_volt-v-159","15":"first","16":"instock","17":"taxable","18":"shipping-taxable","19":"purchasable","20":"product-type-simple"},"bundled_by":[],"bundle_stock_status":"instock","bundle_stock_quantity":2,"bundle_virtual":false,"bundle_layout":"","bundle_add_to_cart_form_location":"","bundle_editable_in_cart":false,"bundle_sold_individually_context":"","bundle_item_grouping":"","bundle_min_size":"","bundle_max_size":"","bundle_price":[],"bundled_items":[],"bundle_sell_ids":[],"acf":[],"yoast_head":"<!-- This site is optimized with the Yoast SEO plugin v27.0 - https:\/\/yoast.com\/product\/yoast-seo-wordpress\/ -->\n<title>OSRAM - H4 COOL BLUE INTENSE | 2-PACK - Xenonkungen<\/title>\n<meta name=\"robots\" content=\"index, follow, max-snippet:-1, max-image-preview:large, max-video-preview:-1\" \/>\n<link rel=\"canonical\" href=\"https:\/\/xenonkungen.com\/nl\/product\/osram-h4-cool-blue-intense-2-pack\/\" \/>\n<meta property=\"og:locale\" content=\"nl_NL\" \/>\n<meta property=\"og:type\" content=\"article\" \/>\n<meta property=\"og:title\" content=\"OSRAM - H4 COOL BLUE INTENSE | 2-PACK - Xenonkungen\" \/>\n<meta property=\"og:description\" content=\"OSRAM COOL BLUE INTENSE \u2013 extra vitt ljus med exklusiv LED-look Ge din bil ett modernt och elegant uttryck med OSRAM COOL BLUE INTENSE \u2013 h\u00f6gteknologiska halogenlampor som levererar n\u00e4stan LED-klass i b\u00e5de f\u00e4rg och stil. Med ett extra vitt ljus p\u00e5 upp till 5 000 K f\u00e5r du ett kallt, klart sken som p\u00e5minner [&hellip;]\" \/>\n<meta property=\"og:url\" content=\"https:\/\/xenonkungen.com\/nl\/product\/osram-h4-cool-blue-intense-2-pack\/\" \/>\n<meta property=\"og:site_name\" content=\"Xenonkungen\" \/>\n<meta property=\"article:modified_time\" content=\"2026-04-24T16:36:01+00:00\" \/>\n<meta property=\"og:image\" content=\"https:\/\/xenonkungen.com\/wp-content\/uploads\/2026\/01\/Small-for-web-and-ppt-BS_COOL_BLUE_INTENSE_Next_Generation_H4_64193CBN_2x.jpg\" \/>\n\t<meta property=\"og:image:width\" content=\"1024\" \/>\n\t<meta property=\"og:image:height\" content=\"1024\" \/>\n\t<meta property=\"og:image:type\" content=\"image\/jpeg\" \/>\n<meta name=\"twitter:card\" content=\"summary_large_image\" \/>\n<meta name=\"twitter:label1\" content=\"Geschatte leestijd\" \/>\n\t<meta name=\"twitter:data1\" content=\"2 minuten\" \/>\n<script type=\"application\/ld+json\" class=\"yoast-schema-graph\">{\"@context\":\"https:\/\/schema.org\",\"@graph\":[{\"@type\":\"WebPage\",\"@id\":\"https:\/\/xenonkungen.com\/produkt\/osram-h4-cool-blue-intense-2-pack\/\",\"url\":\"https:\/\/xenonkungen.com\/produkt\/osram-h4-cool-blue-intense-2-pack\/\",\"name\":\"OSRAM - H4 COOL BLUE INTENSE | 2-PACK - Xenonkungen\",\"isPartOf\":{\"@id\":\"https:\/\/xenonkungen.com\/#website\"},\"primaryImageOfPage\":{\"@id\":\"https:\/\/xenonkungen.com\/produkt\/osram-h4-cool-blue-intense-2-pack\/#primaryimage\"},\"image\":{\"@id\":\"https:\/\/xenonkungen.com\/produkt\/osram-h4-cool-blue-intense-2-pack\/#primaryimage\"},\"thumbnailUrl\":\"https:\/\/xenonkungen.com\/wp-content\/uploads\/2026\/01\/Small-for-web-and-ppt-BS_COOL_BLUE_INTENSE_Next_Generation_H4_64193CBN_2x.jpg\",\"datePublished\":\"2026-01-23T10:11:51+00:00\",\"dateModified\":\"2026-04-24T16:36:01+00:00\",\"breadcrumb\":{\"@id\":\"https:\/\/xenonkungen.com\/produkt\/osram-h4-cool-blue-intense-2-pack\/#breadcrumb\"},\"inLanguage\":\"nl-NL\",\"potentialAction\":[{\"@type\":\"ReadAction\",\"target\":[\"https:\/\/xenonkungen.com\/produkt\/osram-h4-cool-blue-intense-2-pack\/\"]}]},{\"@type\":\"ImageObject\",\"inLanguage\":\"nl-NL\",\"@id\":\"https:\/\/xenonkungen.com\/produkt\/osram-h4-cool-blue-intense-2-pack\/#primaryimage\",\"url\":\"https:\/\/xenonkungen.com\/wp-content\/uploads\/2026\/01\/Small-for-web-and-ppt-BS_COOL_BLUE_INTENSE_Next_Generation_H4_64193CBN_2x.jpg\",\"contentUrl\":\"https:\/\/xenonkungen.com\/wp-content\/uploads\/2026\/01\/Small-for-web-and-ppt-BS_COOL_BLUE_INTENSE_Next_Generation_H4_64193CBN_2x.jpg\",\"width\":1024,\"height\":1024},{\"@type\":\"BreadcrumbList\",\"@id\":\"https:\/\/xenonkungen.com\/produkt\/osram-h4-cool-blue-intense-2-pack\/#breadcrumb\",\"itemListElement\":[{\"@type\":\"ListItem\",\"position\":1,\"name\":\"Hem\",\"item\":\"https:\/\/xenonkungen.com\/\"},{\"@type\":\"ListItem\",\"position\":2,\"name\":\"Shop\",\"item\":\"https:\/\/xenonkungen.com\/shop\/\"},{\"@type\":\"ListItem\",\"position\":3,\"name\":\"OSRAM &#8211; H4 COOL BLUE INTENSE | 2-PACK\"}]},{\"@type\":\"WebSite\",\"@id\":\"https:\/\/xenonkungen.com\/#website\",\"url\":\"https:\/\/xenonkungen.com\/\",\"name\":\"Xenonkungen\",\"description\":\"\",\"potentialAction\":[{\"@type\":\"SearchAction\",\"target\":{\"@type\":\"EntryPoint\",\"urlTemplate\":\"https:\/\/xenonkungen.com\/?s={search_term_string}\"},\"query-input\":{\"@type\":\"PropertyValueSpecification\",\"valueRequired\":true,\"valueName\":\"search_term_string\"}}],\"inLanguage\":\"nl-NL\"}]}<\/script>\n<!-- \/ Yoast SEO plugin. -->","yoast_head_json":{"title":"OSRAM - H4 COOL BLUE INTENSE | 2-PACK - De Xenon Koning","robots":{"index":"index","follow":"follow","max-snippet":"max-snippet:-1","max-image-preview":"max-image-preview:large","max-video-preview":"max-video-preview:-1"},"canonical":"https:\/\/xenonkungen.com\/nl\/product\/osram-h4-cool-blue-intense-2-pack\/","og_locale":"nl_NL","og_type":"article","og_title":"OSRAM - H4 COOL BLUE INTENSE | 2-PACK - Xenonkungen","og_description":"OSRAM COOL BLUE INTENSE \u2013 extra vitt ljus med exklusiv LED-look Ge din bil ett modernt och elegant uttryck med OSRAM COOL BLUE INTENSE \u2013 h\u00f6gteknologiska halogenlampor som levererar n\u00e4stan LED-klass i b\u00e5de f\u00e4rg och stil. Med ett extra vitt ljus p\u00e5 upp till 5 000 K f\u00e5r du ett kallt, klart sken som p\u00e5minner [&hellip;]","og_url":"https:\/\/xenonkungen.com\/nl\/product\/osram-h4-cool-blue-intense-2-pack\/","og_site_name":"Xenonkungen","article_modified_time":"2026-04-24T16:36:01+00:00","og_image":[{"width":1024,"height":1024,"url":"https:\/\/xenonkungen.com\/wp-content\/uploads\/2026\/01\/Small-for-web-and-ppt-BS_COOL_BLUE_INTENSE_Next_Generation_H4_64193CBN_2x.jpg","type":"image\/jpeg"}],"twitter_card":"summary_large_image","twitter_misc":{"Geschatte leestijd":"2 minuten"},"schema":{"@context":"https:\/\/schema.org","@graph":[{"@type":"WebPage","@id":"https:\/\/xenonkungen.com\/produkt\/osram-h4-cool-blue-intense-2-pack\/","url":"https:\/\/xenonkungen.com\/produkt\/osram-h4-cool-blue-intense-2-pack\/","name":"OSRAM - H4 COOL BLUE INTENSE | 2-PACK - De Xenon Koning","isPartOf":{"@id":"https:\/\/xenonkungen.com\/#website"},"primaryImageOfPage":{"@id":"https:\/\/xenonkungen.com\/produkt\/osram-h4-cool-blue-intense-2-pack\/#primaryimage"},"image":{"@id":"https:\/\/xenonkungen.com\/produkt\/osram-h4-cool-blue-intense-2-pack\/#primaryimage"},"thumbnailUrl":"https:\/\/xenonkungen.com\/wp-content\/uploads\/2026\/01\/Small-for-web-and-ppt-BS_COOL_BLUE_INTENSE_Next_Generation_H4_64193CBN_2x.jpg","datePublished":"2026-01-23T10:11:51+00:00","dateModified":"2026-04-24T16:36:01+00:00","breadcrumb":{"@id":"https:\/\/xenonkungen.com\/produkt\/osram-h4-cool-blue-intense-2-pack\/#breadcrumb"},"inLanguage":"nl-NL","potentialAction":[{"@type":"ReadAction","target":["https:\/\/xenonkungen.com\/produkt\/osram-h4-cool-blue-intense-2-pack\/"]}]},{"@type":"ImageObject","inLanguage":"nl-NL","@id":"https:\/\/xenonkungen.com\/produkt\/osram-h4-cool-blue-intense-2-pack\/#primaryimage","url":"https:\/\/xenonkungen.com\/wp-content\/uploads\/2026\/01\/Small-for-web-and-ppt-BS_COOL_BLUE_INTENSE_Next_Generation_H4_64193CBN_2x.jpg","contentUrl":"https:\/\/xenonkungen.com\/wp-content\/uploads\/2026\/01\/Small-for-web-and-ppt-BS_COOL_BLUE_INTENSE_Next_Generation_H4_64193CBN_2x.jpg","width":1024,"height":1024},{"@type":"BreadcrumbList","@id":"https:\/\/xenonkungen.com\/produkt\/osram-h4-cool-blue-intense-2-pack\/#breadcrumb","itemListElement":[{"@type":"ListItem","position":1,"name":"Hem","item":"https:\/\/xenonkungen.com\/"},{"@type":"ListItem","position":2,"name":"Shop","item":"https:\/\/xenonkungen.com\/shop\/"},{"@type":"ListItem","position":3,"name":"OSRAM &#8211; H4 COOL BLUE INTENSE | 2-PACK"}]},{"@type":"WebSite","@id":"https:\/\/xenonkungen.com\/#website","url":"https:\/\/xenonkungen.com\/","name":"Xenonkungen","description":"","potentialAction":[{"@type":"SearchAction","target":{"@type":"EntryPoint","urlTemplate":"https:\/\/xenonkungen.com\/?s={search_term_string}"},"query-input":{"@type":"PropertyValueSpecification","valueRequired":true,"valueName":"search_term_string"}}],"inLanguage":"nl-NL"}]}},"taxonomy_info":{"product_brand":[{"value":108,"label":"OSRAM"}],"product_cat":[{"value":2543,"label":"Halogen"},{"value":733,"label":"Halvljus \/ Helljus"}],"pa_faktisk-effekts-forbrukning":[{"value":311,"label":"75"}],"pa_fargtemperatur":[{"value":154,"label":"5000K"}],"pa_lampsockel-kontakt":[{"value":340,"label":"H4"},{"value":2785,"label":"P43t"}],"pa_volt-v":[{"value":159,"label":"12"}]},"featured_image_src_large":["https:\/\/xenonkungen.com\/wp-content\/uploads\/2026\/01\/Small-for-web-and-ppt-BS_COOL_BLUE_INTENSE_Next_Generation_H4_64193CBN_2x.jpg",1024,1024,false],"author_info":[],"comment_info":0,"_links":{"self":[{"href":"https:\/\/xenonkungen.com\/nl\/wp-json\/wp\/v2\/product\/25053","targetHints":{"allow":["GET"]}}],"collection":[{"href":"https:\/\/xenonkungen.com\/nl\/wp-json\/wp\/v2\/product"}],"about":[{"href":"https:\/\/xenonkungen.com\/nl\/wp-json\/wp\/v2\/types\/product"}],"replies":[{"embeddable":true,"href":"https:\/\/xenonkungen.com\/nl\/wp-json\/wp\/v2\/comments?post=25053"}],"wp:featuredmedia":[{"embeddable":true,"href":"https:\/\/xenonkungen.com\/nl\/wp-json\/wp\/v2\/media\/25056"}],"wp:attachment":[{"href":"https:\/\/xenonkungen.com\/nl\/wp-json\/wp\/v2\/media?parent=25053"}],"wp:term":[{"taxonomy":"anvandningsomrade","embeddable":true,"href":"https:\/\/xenonkungen.com\/nl\/wp-json\/wp\/v2\/anvandningsomrade?post=25053"},{"taxonomy":"bilmarken","embeddable":true,"href":"https:\/\/xenonkungen.com\/nl\/wp-json\/wp\/v2\/bilmarken?post=25053"},{"taxonomy":"product_brand","embeddable":true,"href":"https:\/\/xenonkungen.com\/nl\/wp-json\/wp\/v2\/product_brand?post=25053"},{"taxonomy":"product_cat","embeddable":true,"href":"https:\/\/xenonkungen.com\/nl\/wp-json\/wp\/v2\/product_cat?post=25053"},{"taxonomy":"product_tag","embeddable":true,"href":"https:\/\/xenonkungen.com\/nl\/wp-json\/wp\/v2\/product_tag?post=25053"}],"curies":[{"name":"wp","href":"https:\/\/api.w.org\/{rel}","templated":true}]}}