{"id":25070,"date":"2026-01-23T11:49:18","date_gmt":"2026-01-23T10:49:18","guid":{"rendered":"https:\/\/xenonkungen.com\/?post_type=product&#038;p=25070"},"modified":"2026-04-24T17:35:13","modified_gmt":"2026-04-24T16:35:13","slug":"osram-originele-metalen-voet-h21w-12v","status":"publish","type":"product","link":"https:\/\/xenonkungen.com\/nl\/product\/osram-originele-metalen-voet-h21w-12v\/","title":{"rendered":"OSRAM ORIGINEEL \u2013 METALEN BASIS \u2013 H21W \u2013 12V"},"content":{"rendered":"<h3 data-start=\"158\" data-end=\"226\">OSRAM ORIGINAL \u2013 voordelige signaallampen met OEM-kwaliteit<\/h3>\n<p data-start=\"228\" data-end=\"535\">Wanneer u een richtingaanwijzer wilt vervangen door <strong data-start=\"267\" data-end=\"317\">De juiste functie, de juiste pasvorm en de juiste kwaliteit.<\/strong> is <strong data-start=\"321\" data-end=\"371\"><span class=\"hover:entity-accent entity-underline inline cursor-pointer align-baseline\"><span class=\"whitespace-normal\">OSRAM<\/span><\/span> ORIGINEEL<\/strong> de voor de hand liggende keuze. Deze <strong data-start=\"400\" data-end=\"443\">klassieke signaallampen met metalen voet<\/strong> levert betrouwbare prestaties en wordt wereldwijd gebruikt als <strong data-start=\"502\" data-end=\"534\">originele reserveonderdelen in voertuigen<\/strong>.<\/p>\n<p data-start=\"537\" data-end=\"803\">Dankzij de hoge kwaliteitsnormen van OSRAM krijgt u een lamp met <strong data-start=\"593\" data-end=\"646\">stabiele helderheid, lange levensduur en veilige werking<\/strong> \u2013 perfect voor richtingaanwijzers, remlichten, positielichten en andere signaalfuncties. Dankzij het brede assortiment vindt u gemakkelijk de juiste lamp voor uw voertuig.<\/p>\n<p data-start=\"805\" data-end=\"911\">Een slimme keuze voor wie <strong data-start=\"839\" data-end=\"891\">Originele kwaliteit voor een voordelige prijs.<\/strong>, zonder compromissen.<\/p>\n<h4 data-start=\"913\" data-end=\"959\">Voordelen van OSRAM ORIGINAL signaallampen:<\/h4>\n<ul data-start=\"960\" data-end=\"1197\">\n<li data-start=\"960\" data-end=\"1010\">\n<p data-start=\"962\" data-end=\"1010\"><strong data-start=\"964\" data-end=\"980\">OEM-kwaliteit<\/strong> van een toonaangevende fabrikant<\/p>\n<\/li>\n<li data-start=\"1011\" data-end=\"1061\">\n<p data-start=\"1013\" data-end=\"1061\"><strong data-start=\"1016\" data-end=\"1039\">Robuuste metalen voet<\/strong> voor een veilige installatie<\/p>\n<\/li>\n<li data-start=\"1062\" data-end=\"1105\">\n<p data-start=\"1064\" data-end=\"1105\"><strong data-start=\"1067\" data-end=\"1103\">Stabiele en betrouwbare lichtfunctie<\/strong><\/p>\n<\/li>\n<li data-start=\"1106\" data-end=\"1164\">\n<p data-start=\"1108\" data-end=\"1164\"><strong data-start=\"1111\" data-end=\"1144\">Perfect als origineel reserveonderdeel<\/strong> voor veel voertuigen<\/p>\n<\/li>\n<li data-start=\"1165\" data-end=\"1197\">\n<p data-start=\"1167\" data-end=\"1197\"><strong data-start=\"1170\" data-end=\"1197\">Een zeer betaalbare oplossing<\/strong><\/p>\n<\/li>\n<\/ul>\n<hr data-start=\"1199\" data-end=\"1202\" \/>\n<h3 data-start=\"1204\" data-end=\"1232\">Technische specificaties<\/h3>\n<ul data-start=\"1233\" data-end=\"1324\">\n<li data-start=\"1233\" data-end=\"1268\">\n<p data-start=\"1235\" data-end=\"1268\"><strong data-start=\"1235\" data-end=\"1261\">Nominale spanning:<\/strong> 12 V<\/p>\n<\/li>\n<li data-start=\"1269\" data-end=\"1298\">\n<p data-start=\"1271\" data-end=\"1298\"><strong data-start=\"1271\" data-end=\"1291\">Nominaal vermogen:<\/strong> 21 W<\/p>\n<\/li>\n<li data-start=\"1299\" data-end=\"1324\">\n<p data-start=\"1301\" data-end=\"1324\"><strong data-start=\"1301\" data-end=\"1317\">Maximaal vermogen:<\/strong> 25W<\/p>\n<\/li>\n<\/ul>","protected":false},"excerpt":{"rendered":"<p>OSRAM ORIGINAL \u2013 kostnadseffektiva signallampor med OEM-kvalitet N\u00e4r du vill ers\u00e4tta en signallampa med r\u00e4tt funktion, r\u00e4tt passform och r\u00e4tt kvalitet \u00e4r OSRAM ORIGINAL det sj\u00e4lvklara valet. Dessa klassiska signallampor med metallsockel levererar p\u00e5litlig prestanda och anv\u00e4nds v\u00e4rlden \u00f6ver som originalreservdelar i fordon. Tack vare OSRAMs h\u00f6ga kvalitetskrav f\u00e5r du en lampa med stabil ljusstyrka, [&hellip;]<\/p>","protected":false},"featured_media":25071,"comment_status":"open","ping_status":"closed","template":"","meta":{"_acf_changed":false,"_smort_price_nok":"84","_smort_price_dkk":"","_smort_price_eur":"","_smort_sale_price_nok":"","_smort_sale_price_dkk":"","_smort_sale_price_eur":"","smort_restorder":"","shipmondo_restorder":"","_kad_blocks_custom_css":"","_kad_blocks_head_custom_js":"","_kad_blocks_body_custom_js":"","_kad_blocks_footer_custom_js":"","smort_custom_pricelist_1":"50.56","smort_custom_pricelist_2":"44.24","smort_custom_pricelist_3":"41.08","smort_custom_pricelist_4":"63.2","smort_custom_pricelist_5":"44.24"},"anvandningsomrade":[],"bilmarken":[],"product_brand":[108],"product_cat":[338],"product_tag":[],"class_list":{"0":"post-25070","1":"product","2":"type-product","3":"status-publish","4":"has-post-thumbnail","6":"product_brand-osram","7":"product_cat-diodlampor","9":"first","10":"instock","11":"taxable","12":"shipping-taxable","13":"purchasable","14":"product-type-simple"},"bundled_by":[],"bundle_stock_status":"instock","bundle_stock_quantity":48,"bundle_virtual":false,"bundle_layout":"","bundle_add_to_cart_form_location":"","bundle_editable_in_cart":false,"bundle_sold_individually_context":"","bundle_item_grouping":"","bundle_min_size":"","bundle_max_size":"","bundle_price":[],"bundled_items":[],"bundle_sell_ids":[],"acf":[],"yoast_head":"<!-- This site is optimized with the Yoast SEO plugin v27.0 - https:\/\/yoast.com\/product\/yoast-seo-wordpress\/ -->\n<title>OSRAM ORIGINAL - METAL BASE - H21W - 12V - Xenonkungen<\/title>\n<meta name=\"robots\" content=\"index, follow, max-snippet:-1, max-image-preview:large, max-video-preview:-1\" \/>\n<link rel=\"canonical\" href=\"https:\/\/xenonkungen.com\/nl\/product\/osram-originele-metalen-voet-h21w-12v\/\" \/>\n<meta property=\"og:locale\" content=\"nl_NL\" \/>\n<meta property=\"og:type\" content=\"article\" \/>\n<meta property=\"og:title\" content=\"OSRAM ORIGINAL - METAL BASE - H21W - 12V - Xenonkungen\" \/>\n<meta property=\"og:description\" content=\"OSRAM ORIGINAL \u2013 kostnadseffektiva signallampor med OEM-kvalitet N\u00e4r du vill ers\u00e4tta en signallampa med r\u00e4tt funktion, r\u00e4tt passform och r\u00e4tt kvalitet \u00e4r OSRAM ORIGINAL det sj\u00e4lvklara valet. Dessa klassiska signallampor med metallsockel levererar p\u00e5litlig prestanda och anv\u00e4nds v\u00e4rlden \u00f6ver som originalreservdelar i fordon. Tack vare OSRAMs h\u00f6ga kvalitetskrav f\u00e5r du en lampa med stabil ljusstyrka, [&hellip;]\" \/>\n<meta property=\"og:url\" content=\"https:\/\/xenonkungen.com\/nl\/product\/osram-originele-metalen-voet-h21w-12v\/\" \/>\n<meta property=\"og:site_name\" content=\"Xenonkungen\" \/>\n<meta property=\"article:modified_time\" content=\"2026-04-24T16:35:13+00:00\" \/>\n<meta property=\"og:image\" content=\"https:\/\/xenonkungen.com\/wp-content\/uploads\/2026\/01\/Small-for-web-and-ppt-724695_ORIGINAL-H21W-64136.jpg\" \/>\n\t<meta property=\"og:image:width\" content=\"1024\" \/>\n\t<meta property=\"og:image:height\" content=\"1024\" \/>\n\t<meta property=\"og:image:type\" content=\"image\/jpeg\" \/>\n<meta name=\"twitter:card\" content=\"summary_large_image\" \/>\n<meta name=\"twitter:label1\" content=\"Geschatte leestijd\" \/>\n\t<meta name=\"twitter:data1\" content=\"1 minuut\" \/>\n<script type=\"application\/ld+json\" class=\"yoast-schema-graph\">{\"@context\":\"https:\/\/schema.org\",\"@graph\":[{\"@type\":\"WebPage\",\"@id\":\"https:\/\/xenonkungen.com\/produkt\/osram-original-metal-base-h21w-12v\/\",\"url\":\"https:\/\/xenonkungen.com\/produkt\/osram-original-metal-base-h21w-12v\/\",\"name\":\"OSRAM ORIGINAL - METAL BASE - H21W - 12V - Xenonkungen\",\"isPartOf\":{\"@id\":\"https:\/\/xenonkungen.com\/#website\"},\"primaryImageOfPage\":{\"@id\":\"https:\/\/xenonkungen.com\/produkt\/osram-original-metal-base-h21w-12v\/#primaryimage\"},\"image\":{\"@id\":\"https:\/\/xenonkungen.com\/produkt\/osram-original-metal-base-h21w-12v\/#primaryimage\"},\"thumbnailUrl\":\"https:\/\/xenonkungen.com\/wp-content\/uploads\/2026\/01\/Small-for-web-and-ppt-724695_ORIGINAL-H21W-64136.jpg\",\"datePublished\":\"2026-01-23T10:49:18+00:00\",\"dateModified\":\"2026-04-24T16:35:13+00:00\",\"breadcrumb\":{\"@id\":\"https:\/\/xenonkungen.com\/produkt\/osram-original-metal-base-h21w-12v\/#breadcrumb\"},\"inLanguage\":\"nl-NL\",\"potentialAction\":[{\"@type\":\"ReadAction\",\"target\":[\"https:\/\/xenonkungen.com\/produkt\/osram-original-metal-base-h21w-12v\/\"]}]},{\"@type\":\"ImageObject\",\"inLanguage\":\"nl-NL\",\"@id\":\"https:\/\/xenonkungen.com\/produkt\/osram-original-metal-base-h21w-12v\/#primaryimage\",\"url\":\"https:\/\/xenonkungen.com\/wp-content\/uploads\/2026\/01\/Small-for-web-and-ppt-724695_ORIGINAL-H21W-64136.jpg\",\"contentUrl\":\"https:\/\/xenonkungen.com\/wp-content\/uploads\/2026\/01\/Small-for-web-and-ppt-724695_ORIGINAL-H21W-64136.jpg\",\"width\":1024,\"height\":1024},{\"@type\":\"BreadcrumbList\",\"@id\":\"https:\/\/xenonkungen.com\/produkt\/osram-original-metal-base-h21w-12v\/#breadcrumb\",\"itemListElement\":[{\"@type\":\"ListItem\",\"position\":1,\"name\":\"Hem\",\"item\":\"https:\/\/xenonkungen.com\/\"},{\"@type\":\"ListItem\",\"position\":2,\"name\":\"Shop\",\"item\":\"https:\/\/xenonkungen.com\/shop\/\"},{\"@type\":\"ListItem\",\"position\":3,\"name\":\"OSRAM ORIGINAL &#8211; METAL BASE &#8211; H21W &#8211; 12V\"}]},{\"@type\":\"WebSite\",\"@id\":\"https:\/\/xenonkungen.com\/#website\",\"url\":\"https:\/\/xenonkungen.com\/\",\"name\":\"Xenonkungen\",\"description\":\"\",\"potentialAction\":[{\"@type\":\"SearchAction\",\"target\":{\"@type\":\"EntryPoint\",\"urlTemplate\":\"https:\/\/xenonkungen.com\/?s={search_term_string}\"},\"query-input\":{\"@type\":\"PropertyValueSpecification\",\"valueRequired\":true,\"valueName\":\"search_term_string\"}}],\"inLanguage\":\"nl-NL\"}]}<\/script>\n<!-- \/ Yoast SEO plugin. -->","yoast_head_json":{"title":"OSRAM ORIGINEEL - METALEN VOET - H21W - 12V - De Xenon Koning","robots":{"index":"index","follow":"follow","max-snippet":"max-snippet:-1","max-image-preview":"max-image-preview:large","max-video-preview":"max-video-preview:-1"},"canonical":"https:\/\/xenonkungen.com\/nl\/product\/osram-originele-metalen-voet-h21w-12v\/","og_locale":"nl_NL","og_type":"article","og_title":"OSRAM ORIGINAL - METAL BASE - H21W - 12V - Xenonkungen","og_description":"OSRAM ORIGINAL \u2013 kostnadseffektiva signallampor med OEM-kvalitet N\u00e4r du vill ers\u00e4tta en signallampa med r\u00e4tt funktion, r\u00e4tt passform och r\u00e4tt kvalitet \u00e4r OSRAM ORIGINAL det sj\u00e4lvklara valet. Dessa klassiska signallampor med metallsockel levererar p\u00e5litlig prestanda och anv\u00e4nds v\u00e4rlden \u00f6ver som originalreservdelar i fordon. Tack vare OSRAMs h\u00f6ga kvalitetskrav f\u00e5r du en lampa med stabil ljusstyrka, [&hellip;]","og_url":"https:\/\/xenonkungen.com\/nl\/product\/osram-originele-metalen-voet-h21w-12v\/","og_site_name":"Xenonkungen","article_modified_time":"2026-04-24T16:35:13+00:00","og_image":[{"width":1024,"height":1024,"url":"https:\/\/xenonkungen.com\/wp-content\/uploads\/2026\/01\/Small-for-web-and-ppt-724695_ORIGINAL-H21W-64136.jpg","type":"image\/jpeg"}],"twitter_card":"summary_large_image","twitter_misc":{"Geschatte leestijd":"1 minuut"},"schema":{"@context":"https:\/\/schema.org","@graph":[{"@type":"WebPage","@id":"https:\/\/xenonkungen.com\/produkt\/osram-original-metal-base-h21w-12v\/","url":"https:\/\/xenonkungen.com\/produkt\/osram-original-metal-base-h21w-12v\/","name":"OSRAM ORIGINEEL - METALEN VOET - H21W - 12V - De Xenon Koning","isPartOf":{"@id":"https:\/\/xenonkungen.com\/#website"},"primaryImageOfPage":{"@id":"https:\/\/xenonkungen.com\/produkt\/osram-original-metal-base-h21w-12v\/#primaryimage"},"image":{"@id":"https:\/\/xenonkungen.com\/produkt\/osram-original-metal-base-h21w-12v\/#primaryimage"},"thumbnailUrl":"https:\/\/xenonkungen.com\/wp-content\/uploads\/2026\/01\/Small-for-web-and-ppt-724695_ORIGINAL-H21W-64136.jpg","datePublished":"2026-01-23T10:49:18+00:00","dateModified":"2026-04-24T16:35:13+00:00","breadcrumb":{"@id":"https:\/\/xenonkungen.com\/produkt\/osram-original-metal-base-h21w-12v\/#breadcrumb"},"inLanguage":"nl-NL","potentialAction":[{"@type":"ReadAction","target":["https:\/\/xenonkungen.com\/produkt\/osram-original-metal-base-h21w-12v\/"]}]},{"@type":"ImageObject","inLanguage":"nl-NL","@id":"https:\/\/xenonkungen.com\/produkt\/osram-original-metal-base-h21w-12v\/#primaryimage","url":"https:\/\/xenonkungen.com\/wp-content\/uploads\/2026\/01\/Small-for-web-and-ppt-724695_ORIGINAL-H21W-64136.jpg","contentUrl":"https:\/\/xenonkungen.com\/wp-content\/uploads\/2026\/01\/Small-for-web-and-ppt-724695_ORIGINAL-H21W-64136.jpg","width":1024,"height":1024},{"@type":"BreadcrumbList","@id":"https:\/\/xenonkungen.com\/produkt\/osram-original-metal-base-h21w-12v\/#breadcrumb","itemListElement":[{"@type":"ListItem","position":1,"name":"Hem","item":"https:\/\/xenonkungen.com\/"},{"@type":"ListItem","position":2,"name":"Shop","item":"https:\/\/xenonkungen.com\/shop\/"},{"@type":"ListItem","position":3,"name":"OSRAM ORIGINAL &#8211; METAL BASE &#8211; H21W &#8211; 12V"}]},{"@type":"WebSite","@id":"https:\/\/xenonkungen.com\/#website","url":"https:\/\/xenonkungen.com\/","name":"Xenonkungen","description":"","potentialAction":[{"@type":"SearchAction","target":{"@type":"EntryPoint","urlTemplate":"https:\/\/xenonkungen.com\/?s={search_term_string}"},"query-input":{"@type":"PropertyValueSpecification","valueRequired":true,"valueName":"search_term_string"}}],"inLanguage":"nl-NL"}]}},"taxonomy_info":{"product_brand":[{"value":108,"label":"OSRAM"}],"product_cat":[{"value":338,"label":"Diodlampor"}]},"featured_image_src_large":["https:\/\/xenonkungen.com\/wp-content\/uploads\/2026\/01\/Small-for-web-and-ppt-724695_ORIGINAL-H21W-64136.jpg",1024,1024,false],"author_info":[],"comment_info":0,"_links":{"self":[{"href":"https:\/\/xenonkungen.com\/nl\/wp-json\/wp\/v2\/product\/25070","targetHints":{"allow":["GET"]}}],"collection":[{"href":"https:\/\/xenonkungen.com\/nl\/wp-json\/wp\/v2\/product"}],"about":[{"href":"https:\/\/xenonkungen.com\/nl\/wp-json\/wp\/v2\/types\/product"}],"replies":[{"embeddable":true,"href":"https:\/\/xenonkungen.com\/nl\/wp-json\/wp\/v2\/comments?post=25070"}],"wp:featuredmedia":[{"embeddable":true,"href":"https:\/\/xenonkungen.com\/nl\/wp-json\/wp\/v2\/media\/25071"}],"wp:attachment":[{"href":"https:\/\/xenonkungen.com\/nl\/wp-json\/wp\/v2\/media?parent=25070"}],"wp:term":[{"taxonomy":"anvandningsomrade","embeddable":true,"href":"https:\/\/xenonkungen.com\/nl\/wp-json\/wp\/v2\/anvandningsomrade?post=25070"},{"taxonomy":"bilmarken","embeddable":true,"href":"https:\/\/xenonkungen.com\/nl\/wp-json\/wp\/v2\/bilmarken?post=25070"},{"taxonomy":"product_brand","embeddable":true,"href":"https:\/\/xenonkungen.com\/nl\/wp-json\/wp\/v2\/product_brand?post=25070"},{"taxonomy":"product_cat","embeddable":true,"href":"https:\/\/xenonkungen.com\/nl\/wp-json\/wp\/v2\/product_cat?post=25070"},{"taxonomy":"product_tag","embeddable":true,"href":"https:\/\/xenonkungen.com\/nl\/wp-json\/wp\/v2\/product_tag?post=25070"}],"curies":[{"name":"wp","href":"https:\/\/api.w.org\/{rel}","templated":true}]}}