{"id":25097,"date":"2026-01-23T13:52:58","date_gmt":"2026-01-23T12:52:58","guid":{"rendered":"https:\/\/xenonkungen.com\/?post_type=product&#038;p=25097"},"modified":"2026-04-11T01:22:34","modified_gmt":"2026-04-11T00:22:34","slug":"osram-originele-miniwatt-10w-12v","status":"publish","type":"product","link":"https:\/\/xenonkungen.com\/nl\/product\/osram-originele-miniwatt-10w-12v\/","title":{"rendered":"OSRAM ORIGINELE MINIWATT \u2013 10W \u2013 12V"},"content":{"rendered":"<h3 data-start=\"153\" data-end=\"228\">OSRAM ORIGINAL MINIWATT \u2013 compacte signaallampen met stabiele OEM-kwaliteit<\/h3>\n<p data-start=\"230\" data-end=\"519\">Wanneer elk detail telt <strong data-start=\"257\" data-end=\"316\"><span class=\"hover:entity-accent entity-underline inline cursor-pointer align-baseline\"><span class=\"whitespace-normal\">OSRAM<\/span><\/span> ORIGINELE MINIWATT<\/strong> een betrouwbare keuze. Deze <strong data-start=\"342\" data-end=\"377\">compacte richtingaanwijzers voor auto&#039;s<\/strong> gebruikt als originele reserveonderdelen en geleverd <strong data-start=\"424\" data-end=\"485\">constante helderheid, lange levensduur en nauwkeurige pasvorm<\/strong> \u2013 precies zoals de fabrikant het bedoeld heeft.<\/p>\n<p data-start=\"521\" data-end=\"844\">Met dank aan <strong data-start=\"531\" data-end=\"552\">gehard glas technologie<\/strong> Je krijgt een lamp die beter bestand is tegen hitte en spanning, en die bovendien een <strong data-start=\"635\" data-end=\"663\">hoge en uniforme lichtstroom<\/strong> gedurende zijn hele levensduur. <strong data-start=\"694\" data-end=\"719\">hoge kleurtemperatuur<\/strong> Dit zorgt ervoor dat richtingaanwijzers en positielichten duidelijk zichtbaar zijn, wat bijdraagt aan zowel de veiligheid als de functionaliteit tijdens het dagelijks rijden.<\/p>\n<p data-start=\"846\" data-end=\"986\">De ORIGINAL MINIWATT is de voor de hand liggende keuze voor wie een kapotte lamp wil vervangen. <strong data-start=\"933\" data-end=\"985\">Originele kwaliteit voor een voordelige prijs.<\/strong>.<\/p>\n<h4 data-start=\"988\" data-end=\"1030\">Voordelen van OSRAM ORIGINAL MINIWATT:<\/h4>\n<ul data-start=\"1031\" data-end=\"1267\">\n<li data-start=\"1031\" data-end=\"1064\">\n<p data-start=\"1033\" data-end=\"1064\"><strong data-start=\"1035\" data-end=\"1051\">OEM-kwaliteit<\/strong> van OSRAM<\/p>\n<\/li>\n<li data-start=\"1065\" data-end=\"1113\">\n<p data-start=\"1067\" data-end=\"1113\"><strong data-start=\"1070\" data-end=\"1091\">Technologie van gehard glas<\/strong> voor verhoogde duurzaamheid<\/p>\n<\/li>\n<li data-start=\"1114\" data-end=\"1152\">\n<p data-start=\"1116\" data-end=\"1152\"><strong data-start=\"1119\" data-end=\"1150\">Hoge en constante lichtstroom<\/strong><\/p>\n<\/li>\n<li data-start=\"1153\" data-end=\"1206\">\n<p data-start=\"1155\" data-end=\"1206\"><strong data-start=\"1159\" data-end=\"1181\">Hoge kleurtemperatuur<\/strong> voor duidelijke signalering<\/p>\n<\/li>\n<li data-start=\"1207\" data-end=\"1267\">\n<p data-start=\"1209\" data-end=\"1267\"><strong data-start=\"1212\" data-end=\"1245\">Perfect als origineel reserveonderdeel<\/strong> in veel automodellen<\/p>\n<\/li>\n<\/ul>\n<hr data-start=\"1269\" data-end=\"1272\" \/>\n<h3 data-start=\"1274\" data-end=\"1302\">Technische specificaties<\/h3>\n<ul data-start=\"1303\" data-end=\"1415\">\n<li data-start=\"1303\" data-end=\"1323\">\n<p data-start=\"1305\" data-end=\"1323\"><strong data-start=\"1305\" data-end=\"1316\">Baseren:<\/strong> BA9s<\/p>\n<\/li>\n<li data-start=\"1324\" data-end=\"1359\">\n<p data-start=\"1326\" data-end=\"1359\"><strong data-start=\"1326\" data-end=\"1352\">Nominale spanning:<\/strong> 12 V<\/p>\n<\/li>\n<li data-start=\"1360\" data-end=\"1389\">\n<p data-start=\"1362\" data-end=\"1389\"><strong data-start=\"1362\" data-end=\"1382\">Nominaal vermogen:<\/strong> 10W<\/p>\n<\/li>\n<li data-start=\"1390\" data-end=\"1415\">\n<p data-start=\"1392\" data-end=\"1415\"><strong data-start=\"1392\" data-end=\"1408\">Maximaal vermogen:<\/strong> 10W<\/p>\n<\/li>\n<\/ul>","protected":false},"excerpt":{"rendered":"<p>OSRAM ORIGINAL MINIWATT \u2013 kompakta signallampor med stabil OEM-kvalitet N\u00e4r varje detalj r\u00e4knas \u00e4r OSRAM ORIGINAL MINIWATT ett p\u00e5litligt val. Dessa kompakta signallampor f\u00f6r bilar anv\u00e4nds som originalreservdelar och levererar konsekvent ljusstyrka, l\u00e5ng h\u00e5llbarhet och exakt passform \u2013 precis som tillverkaren avsett. Tack vare h\u00e5rdglasteknologi f\u00e5r du en lampa som t\u00e5l v\u00e4rme och p\u00e5frestningar b\u00e4ttre, [&hellip;]<\/p>","protected":false},"featured_media":25099,"comment_status":"open","ping_status":"closed","template":"","meta":{"_acf_changed":false,"_smort_price_nok":"79","_smort_price_dkk":"","_smort_price_eur":"","_smort_sale_price_nok":"","_smort_sale_price_dkk":"","_smort_sale_price_eur":"","smort_restorder":"","shipmondo_restorder":"","_kad_blocks_custom_css":"","_kad_blocks_head_custom_js":"","_kad_blocks_body_custom_js":"","_kad_blocks_footer_custom_js":"","smort_custom_pricelist_1":"47.36","smort_custom_pricelist_2":"41.44","smort_custom_pricelist_3":"38.48","smort_custom_pricelist_4":"59.2","smort_custom_pricelist_5":"41.44"},"anvandningsomrade":[],"bilmarken":[],"product_brand":[108],"product_cat":[3010,338],"product_tag":[],"class_list":{"0":"post-25097","1":"product","2":"type-product","3":"status-publish","4":"has-post-thumbnail","6":"product_brand-osram","7":"product_cat-ba9s-t4w","8":"product_cat-diodlampor","9":"pa_faktisk-effekts-forbrukning-541","10":"pa_lampsockel-kontakt-ba9s","11":"pa_volt-v-159","13":"first","14":"instock","15":"taxable","16":"shipping-taxable","17":"purchasable","18":"product-type-simple"},"bundled_by":[],"bundle_stock_status":"instock","bundle_stock_quantity":25,"bundle_virtual":false,"bundle_layout":"","bundle_add_to_cart_form_location":"","bundle_editable_in_cart":false,"bundle_sold_individually_context":"","bundle_item_grouping":"","bundle_min_size":"","bundle_max_size":"","bundle_price":[],"bundled_items":[],"bundle_sell_ids":[],"acf":[],"yoast_head":"<!-- This site is optimized with the Yoast SEO plugin v27.0 - https:\/\/yoast.com\/product\/yoast-seo-wordpress\/ -->\n<title>OSRAM ORIGINAL MINIWATT - 10W - 12V - Xenonkungen<\/title>\n<meta name=\"robots\" content=\"index, follow, max-snippet:-1, max-image-preview:large, max-video-preview:-1\" \/>\n<link rel=\"canonical\" href=\"https:\/\/xenonkungen.com\/nl\/product\/osram-originele-miniwatt-10w-12v\/\" \/>\n<meta property=\"og:locale\" content=\"nl_NL\" \/>\n<meta property=\"og:type\" content=\"article\" \/>\n<meta property=\"og:title\" content=\"OSRAM ORIGINAL MINIWATT - 10W - 12V - Xenonkungen\" \/>\n<meta property=\"og:description\" content=\"OSRAM ORIGINAL MINIWATT \u2013 kompakta signallampor med stabil OEM-kvalitet N\u00e4r varje detalj r\u00e4knas \u00e4r OSRAM ORIGINAL MINIWATT ett p\u00e5litligt val. Dessa kompakta signallampor f\u00f6r bilar anv\u00e4nds som originalreservdelar och levererar konsekvent ljusstyrka, l\u00e5ng h\u00e5llbarhet och exakt passform \u2013 precis som tillverkaren avsett. Tack vare h\u00e5rdglasteknologi f\u00e5r du en lampa som t\u00e5l v\u00e4rme och p\u00e5frestningar b\u00e4ttre, [&hellip;]\" \/>\n<meta property=\"og:url\" content=\"https:\/\/xenonkungen.com\/nl\/product\/osram-originele-miniwatt-10w-12v\/\" \/>\n<meta property=\"og:site_name\" content=\"Xenonkungen\" \/>\n<meta property=\"article:modified_time\" content=\"2026-04-11T00:22:34+00:00\" \/>\n<meta property=\"og:image\" content=\"https:\/\/xenonkungen.com\/wp-content\/uploads\/2026\/01\/Small-for-web-and-ppt-724692_ORIGINAL-64113.jpg\" \/>\n\t<meta property=\"og:image:width\" content=\"1024\" \/>\n\t<meta property=\"og:image:height\" content=\"1024\" \/>\n\t<meta property=\"og:image:type\" content=\"image\/jpeg\" \/>\n<meta name=\"twitter:card\" content=\"summary_large_image\" \/>\n<meta name=\"twitter:label1\" content=\"Geschatte leestijd\" \/>\n\t<meta name=\"twitter:data1\" content=\"1 minuut\" \/>\n<script type=\"application\/ld+json\" class=\"yoast-schema-graph\">{\"@context\":\"https:\/\/schema.org\",\"@graph\":[{\"@type\":\"WebPage\",\"@id\":\"https:\/\/xenonkungen.com\/produkt\/osram-original-miniwatt-10w-12v\/\",\"url\":\"https:\/\/xenonkungen.com\/produkt\/osram-original-miniwatt-10w-12v\/\",\"name\":\"OSRAM ORIGINAL MINIWATT - 10W - 12V - Xenonkungen\",\"isPartOf\":{\"@id\":\"https:\/\/xenonkungen.com\/#website\"},\"primaryImageOfPage\":{\"@id\":\"https:\/\/xenonkungen.com\/produkt\/osram-original-miniwatt-10w-12v\/#primaryimage\"},\"image\":{\"@id\":\"https:\/\/xenonkungen.com\/produkt\/osram-original-miniwatt-10w-12v\/#primaryimage\"},\"thumbnailUrl\":\"https:\/\/xenonkungen.com\/wp-content\/uploads\/2026\/01\/Small-for-web-and-ppt-724692_ORIGINAL-64113.jpg\",\"datePublished\":\"2026-01-23T12:52:58+00:00\",\"dateModified\":\"2026-04-11T00:22:34+00:00\",\"breadcrumb\":{\"@id\":\"https:\/\/xenonkungen.com\/produkt\/osram-original-miniwatt-10w-12v\/#breadcrumb\"},\"inLanguage\":\"nl-NL\",\"potentialAction\":[{\"@type\":\"ReadAction\",\"target\":[\"https:\/\/xenonkungen.com\/produkt\/osram-original-miniwatt-10w-12v\/\"]}]},{\"@type\":\"ImageObject\",\"inLanguage\":\"nl-NL\",\"@id\":\"https:\/\/xenonkungen.com\/produkt\/osram-original-miniwatt-10w-12v\/#primaryimage\",\"url\":\"https:\/\/xenonkungen.com\/wp-content\/uploads\/2026\/01\/Small-for-web-and-ppt-724692_ORIGINAL-64113.jpg\",\"contentUrl\":\"https:\/\/xenonkungen.com\/wp-content\/uploads\/2026\/01\/Small-for-web-and-ppt-724692_ORIGINAL-64113.jpg\",\"width\":1024,\"height\":1024},{\"@type\":\"BreadcrumbList\",\"@id\":\"https:\/\/xenonkungen.com\/produkt\/osram-original-miniwatt-10w-12v\/#breadcrumb\",\"itemListElement\":[{\"@type\":\"ListItem\",\"position\":1,\"name\":\"Hem\",\"item\":\"https:\/\/xenonkungen.com\/\"},{\"@type\":\"ListItem\",\"position\":2,\"name\":\"Shop\",\"item\":\"https:\/\/xenonkungen.com\/shop\/\"},{\"@type\":\"ListItem\",\"position\":3,\"name\":\"OSRAM ORIGINAL MINIWATT &#8211; 10W &#8211; 12V\"}]},{\"@type\":\"WebSite\",\"@id\":\"https:\/\/xenonkungen.com\/#website\",\"url\":\"https:\/\/xenonkungen.com\/\",\"name\":\"Xenonkungen\",\"description\":\"\",\"potentialAction\":[{\"@type\":\"SearchAction\",\"target\":{\"@type\":\"EntryPoint\",\"urlTemplate\":\"https:\/\/xenonkungen.com\/?s={search_term_string}\"},\"query-input\":{\"@type\":\"PropertyValueSpecification\",\"valueRequired\":true,\"valueName\":\"search_term_string\"}}],\"inLanguage\":\"nl-NL\"}]}<\/script>\n<!-- \/ Yoast SEO plugin. -->","yoast_head_json":{"title":"OSRAM ORIGINAL MINIWATT - 10W - 12V - De Xenon-koning","robots":{"index":"index","follow":"follow","max-snippet":"max-snippet:-1","max-image-preview":"max-image-preview:large","max-video-preview":"max-video-preview:-1"},"canonical":"https:\/\/xenonkungen.com\/nl\/product\/osram-originele-miniwatt-10w-12v\/","og_locale":"nl_NL","og_type":"article","og_title":"OSRAM ORIGINAL MINIWATT - 10W - 12V - Xenonkungen","og_description":"OSRAM ORIGINAL MINIWATT \u2013 kompakta signallampor med stabil OEM-kvalitet N\u00e4r varje detalj r\u00e4knas \u00e4r OSRAM ORIGINAL MINIWATT ett p\u00e5litligt val. Dessa kompakta signallampor f\u00f6r bilar anv\u00e4nds som originalreservdelar och levererar konsekvent ljusstyrka, l\u00e5ng h\u00e5llbarhet och exakt passform \u2013 precis som tillverkaren avsett. Tack vare h\u00e5rdglasteknologi f\u00e5r du en lampa som t\u00e5l v\u00e4rme och p\u00e5frestningar b\u00e4ttre, [&hellip;]","og_url":"https:\/\/xenonkungen.com\/nl\/product\/osram-originele-miniwatt-10w-12v\/","og_site_name":"Xenonkungen","article_modified_time":"2026-04-11T00:22:34+00:00","og_image":[{"width":1024,"height":1024,"url":"https:\/\/xenonkungen.com\/wp-content\/uploads\/2026\/01\/Small-for-web-and-ppt-724692_ORIGINAL-64113.jpg","type":"image\/jpeg"}],"twitter_card":"summary_large_image","twitter_misc":{"Geschatte leestijd":"1 minuut"},"schema":{"@context":"https:\/\/schema.org","@graph":[{"@type":"WebPage","@id":"https:\/\/xenonkungen.com\/produkt\/osram-original-miniwatt-10w-12v\/","url":"https:\/\/xenonkungen.com\/produkt\/osram-original-miniwatt-10w-12v\/","name":"OSRAM ORIGINAL MINIWATT - 10W - 12V - De Xenon-koning","isPartOf":{"@id":"https:\/\/xenonkungen.com\/#website"},"primaryImageOfPage":{"@id":"https:\/\/xenonkungen.com\/produkt\/osram-original-miniwatt-10w-12v\/#primaryimage"},"image":{"@id":"https:\/\/xenonkungen.com\/produkt\/osram-original-miniwatt-10w-12v\/#primaryimage"},"thumbnailUrl":"https:\/\/xenonkungen.com\/wp-content\/uploads\/2026\/01\/Small-for-web-and-ppt-724692_ORIGINAL-64113.jpg","datePublished":"2026-01-23T12:52:58+00:00","dateModified":"2026-04-11T00:22:34+00:00","breadcrumb":{"@id":"https:\/\/xenonkungen.com\/produkt\/osram-original-miniwatt-10w-12v\/#breadcrumb"},"inLanguage":"nl-NL","potentialAction":[{"@type":"ReadAction","target":["https:\/\/xenonkungen.com\/produkt\/osram-original-miniwatt-10w-12v\/"]}]},{"@type":"ImageObject","inLanguage":"nl-NL","@id":"https:\/\/xenonkungen.com\/produkt\/osram-original-miniwatt-10w-12v\/#primaryimage","url":"https:\/\/xenonkungen.com\/wp-content\/uploads\/2026\/01\/Small-for-web-and-ppt-724692_ORIGINAL-64113.jpg","contentUrl":"https:\/\/xenonkungen.com\/wp-content\/uploads\/2026\/01\/Small-for-web-and-ppt-724692_ORIGINAL-64113.jpg","width":1024,"height":1024},{"@type":"BreadcrumbList","@id":"https:\/\/xenonkungen.com\/produkt\/osram-original-miniwatt-10w-12v\/#breadcrumb","itemListElement":[{"@type":"ListItem","position":1,"name":"Hem","item":"https:\/\/xenonkungen.com\/"},{"@type":"ListItem","position":2,"name":"Shop","item":"https:\/\/xenonkungen.com\/shop\/"},{"@type":"ListItem","position":3,"name":"OSRAM ORIGINAL MINIWATT &#8211; 10W &#8211; 12V"}]},{"@type":"WebSite","@id":"https:\/\/xenonkungen.com\/#website","url":"https:\/\/xenonkungen.com\/","name":"Xenonkungen","description":"","potentialAction":[{"@type":"SearchAction","target":{"@type":"EntryPoint","urlTemplate":"https:\/\/xenonkungen.com\/?s={search_term_string}"},"query-input":{"@type":"PropertyValueSpecification","valueRequired":true,"valueName":"search_term_string"}}],"inLanguage":"nl-NL"}]}},"taxonomy_info":{"product_brand":[{"value":108,"label":"OSRAM"}],"product_cat":[{"value":3010,"label":"BA9S \/ T4W"},{"value":338,"label":"Diodlampor"}],"pa_faktisk-effekts-forbrukning":[{"value":541,"label":"10"}],"pa_lampsockel-kontakt":[{"value":1221,"label":"BA9S"}],"pa_volt-v":[{"value":159,"label":"12"}]},"featured_image_src_large":["https:\/\/xenonkungen.com\/wp-content\/uploads\/2026\/01\/Small-for-web-and-ppt-724692_ORIGINAL-64113.jpg",1024,1024,false],"author_info":[],"comment_info":0,"_links":{"self":[{"href":"https:\/\/xenonkungen.com\/nl\/wp-json\/wp\/v2\/product\/25097","targetHints":{"allow":["GET"]}}],"collection":[{"href":"https:\/\/xenonkungen.com\/nl\/wp-json\/wp\/v2\/product"}],"about":[{"href":"https:\/\/xenonkungen.com\/nl\/wp-json\/wp\/v2\/types\/product"}],"replies":[{"embeddable":true,"href":"https:\/\/xenonkungen.com\/nl\/wp-json\/wp\/v2\/comments?post=25097"}],"wp:featuredmedia":[{"embeddable":true,"href":"https:\/\/xenonkungen.com\/nl\/wp-json\/wp\/v2\/media\/25099"}],"wp:attachment":[{"href":"https:\/\/xenonkungen.com\/nl\/wp-json\/wp\/v2\/media?parent=25097"}],"wp:term":[{"taxonomy":"anvandningsomrade","embeddable":true,"href":"https:\/\/xenonkungen.com\/nl\/wp-json\/wp\/v2\/anvandningsomrade?post=25097"},{"taxonomy":"bilmarken","embeddable":true,"href":"https:\/\/xenonkungen.com\/nl\/wp-json\/wp\/v2\/bilmarken?post=25097"},{"taxonomy":"product_brand","embeddable":true,"href":"https:\/\/xenonkungen.com\/nl\/wp-json\/wp\/v2\/product_brand?post=25097"},{"taxonomy":"product_cat","embeddable":true,"href":"https:\/\/xenonkungen.com\/nl\/wp-json\/wp\/v2\/product_cat?post=25097"},{"taxonomy":"product_tag","embeddable":true,"href":"https:\/\/xenonkungen.com\/nl\/wp-json\/wp\/v2\/product_tag?post=25097"}],"curies":[{"name":"wp","href":"https:\/\/api.w.org\/{rel}","templated":true}]}}