{"id":2517,"date":"2025-04-15T08:38:56","date_gmt":"2025-04-15T08:38:56","guid":{"rendered":"https:\/\/xenonkungen.com\/product\/lamphallare-bmw-e46-helljus\/"},"modified":"2026-04-24T16:34:08","modified_gmt":"2026-04-24T15:34:08","slug":"lamphouder-bmw-e46-grootlicht","status":"publish","type":"product","link":"https:\/\/xenonkungen.com\/nl\/product\/lamphouder-bmw-e46-grootlicht\/","title":{"rendered":"Lamphouder BMW E46 Grootlicht"},"content":{"rendered":"<p>Vervangt de originele lamphouder bij ombouw naar xenonverlichting in BMW E46 grootlicht.<\/p>\n<p>Let op! Lamphouders zijn niet compatibel met Focus Eye xenonlampen omdat deze breder zijn aan de basis.<\/p>\n<p>Let op: Verwarm de borgclips in de lamphouder vlak voor de installatie met een aansteker, omdat het kunststof materiaal te hard is en kan breken.<\/p>\n<p>Levering per paar.<\/p>","protected":false},"excerpt":{"rendered":"<p>Vervangt de originele lamphouder bij het ombouwen naar xenonverlichting in het grootlicht van een BMW E46. Let op! De lamphouders zijn niet compatibel met Focus Eye xenonlampen, omdat deze een bredere basis hebben. Let op! Verwarm de borgclips in de lamphouder vlak voor de installatie met een aansteker, omdat het plastic te hard is en kan breken. Levering per paar.<\/p>","protected":false},"featured_media":2518,"comment_status":"closed","ping_status":"open","template":"","meta":{"_acf_changed":false,"_smort_price_nok":"123","_smort_price_dkk":"78","_smort_price_eur":"10.45","_smort_sale_price_nok":"","_smort_sale_price_dkk":"","_smort_sale_price_eur":"","smort_restorder":"","shipmondo_restorder":"","_kad_blocks_custom_css":"","_kad_blocks_head_custom_js":"","_kad_blocks_body_custom_js":"","_kad_blocks_footer_custom_js":"","smort_custom_pricelist_1":"73.6","smort_custom_pricelist_2":"64.4","smort_custom_pricelist_3":"61.18","smort_custom_pricelist_4":"92","smort_custom_pricelist_5":"64.4"},"anvandningsomrade":[],"bilmarken":[],"product_brand":[],"product_cat":[2494,2485],"product_tag":[],"class_list":{"0":"post-2517","1":"product","2":"type-product","3":"status-publish","4":"has-post-thumbnail","6":"product_cat-lamphallare-xenonkonventering","7":"product_cat-xenonkonventering","9":"first","10":"instock","11":"taxable","12":"shipping-taxable","13":"purchasable","14":"product-type-simple"},"bundled_by":[],"bundle_stock_status":"instock","bundle_stock_quantity":13,"bundle_virtual":false,"bundle_layout":"","bundle_add_to_cart_form_location":"","bundle_editable_in_cart":false,"bundle_sold_individually_context":"","bundle_item_grouping":"","bundle_min_size":"","bundle_max_size":"","bundle_price":[],"bundled_items":[],"bundle_sell_ids":[],"acf":[],"yoast_head":"<!-- This site is optimized with the Yoast SEO plugin v27.0 - https:\/\/yoast.com\/product\/yoast-seo-wordpress\/ -->\n<title>Lamph\u00e5llare BMW E46 Helljus - Xenonkungen<\/title>\n<meta name=\"robots\" content=\"index, follow, max-snippet:-1, max-image-preview:large, max-video-preview:-1\" \/>\n<link rel=\"canonical\" href=\"https:\/\/xenonkungen.com\/nl\/product\/lamphouder-bmw-e46-grootlicht\/\" \/>\n<meta property=\"og:locale\" content=\"nl_NL\" \/>\n<meta property=\"og:type\" content=\"article\" \/>\n<meta property=\"og:title\" content=\"Lamph\u00e5llare BMW E46 Helljus - Xenonkungen\" \/>\n<meta property=\"og:description\" content=\"Ers\u00e4tter original lamph\u00e5llare vid konvertering till xenonljus i BMW E46 helljus. Obs! Lamph\u00e5llare \u00e4r ej kompatibla med Focus Eye xenonlampor d\u00e5 dessa \u00e4r bredare vid basen. Obs! V\u00e4rm l\u00e5sclipsen i lamph\u00e5llaren med en t\u00e4ndare precis f\u00f6re montering d\u00e5 plastmaterialet \u00e4r f\u00f6r h\u00e5rt och kan brytas av. Leverans per par.\" \/>\n<meta property=\"og:url\" content=\"https:\/\/xenonkungen.com\/nl\/product\/lamphouder-bmw-e46-grootlicht\/\" \/>\n<meta property=\"og:site_name\" content=\"Xenonkungen\" \/>\n<meta property=\"article:modified_time\" content=\"2026-04-24T15:34:08+00:00\" \/>\n<meta property=\"og:image\" content=\"https:\/\/xenonkungen.com\/wp-content\/uploads\/2025\/04\/6091122-origpic-48bab5.jpg\" \/>\n\t<meta property=\"og:image:width\" content=\"500\" \/>\n\t<meta property=\"og:image:height\" content=\"500\" \/>\n\t<meta property=\"og:image:type\" content=\"image\/jpeg\" \/>\n<meta name=\"twitter:card\" content=\"summary_large_image\" \/>\n<script type=\"application\/ld+json\" class=\"yoast-schema-graph\">{\"@context\":\"https:\/\/schema.org\",\"@graph\":[{\"@type\":\"WebPage\",\"@id\":\"https:\/\/xenonkungen.com\/produkt\/lamphallare-bmw-e46-helljus\/\",\"url\":\"https:\/\/xenonkungen.com\/produkt\/lamphallare-bmw-e46-helljus\/\",\"name\":\"Lamph\u00e5llare BMW E46 Helljus - Xenonkungen\",\"isPartOf\":{\"@id\":\"https:\/\/xenonkungen.com\/#website\"},\"primaryImageOfPage\":{\"@id\":\"https:\/\/xenonkungen.com\/produkt\/lamphallare-bmw-e46-helljus\/#primaryimage\"},\"image\":{\"@id\":\"https:\/\/xenonkungen.com\/produkt\/lamphallare-bmw-e46-helljus\/#primaryimage\"},\"thumbnailUrl\":\"https:\/\/xenonkungen.com\/wp-content\/uploads\/2025\/04\/6091122-origpic-48bab5.jpg\",\"datePublished\":\"2025-04-15T08:38:56+00:00\",\"dateModified\":\"2026-04-24T15:34:08+00:00\",\"breadcrumb\":{\"@id\":\"https:\/\/xenonkungen.com\/produkt\/lamphallare-bmw-e46-helljus\/#breadcrumb\"},\"inLanguage\":\"nl-NL\",\"potentialAction\":[{\"@type\":\"ReadAction\",\"target\":[\"https:\/\/xenonkungen.com\/produkt\/lamphallare-bmw-e46-helljus\/\"]}]},{\"@type\":\"ImageObject\",\"inLanguage\":\"nl-NL\",\"@id\":\"https:\/\/xenonkungen.com\/produkt\/lamphallare-bmw-e46-helljus\/#primaryimage\",\"url\":\"https:\/\/xenonkungen.com\/wp-content\/uploads\/2025\/04\/6091122-origpic-48bab5.jpg\",\"contentUrl\":\"https:\/\/xenonkungen.com\/wp-content\/uploads\/2025\/04\/6091122-origpic-48bab5.jpg\",\"width\":500,\"height\":500},{\"@type\":\"BreadcrumbList\",\"@id\":\"https:\/\/xenonkungen.com\/produkt\/lamphallare-bmw-e46-helljus\/#breadcrumb\",\"itemListElement\":[{\"@type\":\"ListItem\",\"position\":1,\"name\":\"Hem\",\"item\":\"https:\/\/xenonkungen.com\/\"},{\"@type\":\"ListItem\",\"position\":2,\"name\":\"Shop\",\"item\":\"https:\/\/xenonkungen.com\/shop\/\"},{\"@type\":\"ListItem\",\"position\":3,\"name\":\"Lamph\u00e5llare BMW E46 Helljus\"}]},{\"@type\":\"WebSite\",\"@id\":\"https:\/\/xenonkungen.com\/#website\",\"url\":\"https:\/\/xenonkungen.com\/\",\"name\":\"Xenonkungen\",\"description\":\"\",\"potentialAction\":[{\"@type\":\"SearchAction\",\"target\":{\"@type\":\"EntryPoint\",\"urlTemplate\":\"https:\/\/xenonkungen.com\/?s={search_term_string}\"},\"query-input\":{\"@type\":\"PropertyValueSpecification\",\"valueRequired\":true,\"valueName\":\"search_term_string\"}}],\"inLanguage\":\"nl-NL\"}]}<\/script>\n<!-- \/ Yoast SEO plugin. -->","yoast_head_json":{"title":"Lamphouder BMW E46 Grootlicht - Xenonkungen","robots":{"index":"index","follow":"follow","max-snippet":"max-snippet:-1","max-image-preview":"max-image-preview:large","max-video-preview":"max-video-preview:-1"},"canonical":"https:\/\/xenonkungen.com\/nl\/product\/lamphouder-bmw-e46-grootlicht\/","og_locale":"nl_NL","og_type":"article","og_title":"Lamph\u00e5llare BMW E46 Helljus - Xenonkungen","og_description":"Ers\u00e4tter original lamph\u00e5llare vid konvertering till xenonljus i BMW E46 helljus. Obs! Lamph\u00e5llare \u00e4r ej kompatibla med Focus Eye xenonlampor d\u00e5 dessa \u00e4r bredare vid basen. Obs! V\u00e4rm l\u00e5sclipsen i lamph\u00e5llaren med en t\u00e4ndare precis f\u00f6re montering d\u00e5 plastmaterialet \u00e4r f\u00f6r h\u00e5rt och kan brytas av. Leverans per par.","og_url":"https:\/\/xenonkungen.com\/nl\/product\/lamphouder-bmw-e46-grootlicht\/","og_site_name":"Xenonkungen","article_modified_time":"2026-04-24T15:34:08+00:00","og_image":[{"width":500,"height":500,"url":"https:\/\/xenonkungen.com\/wp-content\/uploads\/2025\/04\/6091122-origpic-48bab5.jpg","type":"image\/jpeg"}],"twitter_card":"summary_large_image","schema":{"@context":"https:\/\/schema.org","@graph":[{"@type":"WebPage","@id":"https:\/\/xenonkungen.com\/produkt\/lamphallare-bmw-e46-helljus\/","url":"https:\/\/xenonkungen.com\/produkt\/lamphallare-bmw-e46-helljus\/","name":"Lamphouder BMW E46 Grootlicht - Xenonkungen","isPartOf":{"@id":"https:\/\/xenonkungen.com\/#website"},"primaryImageOfPage":{"@id":"https:\/\/xenonkungen.com\/produkt\/lamphallare-bmw-e46-helljus\/#primaryimage"},"image":{"@id":"https:\/\/xenonkungen.com\/produkt\/lamphallare-bmw-e46-helljus\/#primaryimage"},"thumbnailUrl":"https:\/\/xenonkungen.com\/wp-content\/uploads\/2025\/04\/6091122-origpic-48bab5.jpg","datePublished":"2025-04-15T08:38:56+00:00","dateModified":"2026-04-24T15:34:08+00:00","breadcrumb":{"@id":"https:\/\/xenonkungen.com\/produkt\/lamphallare-bmw-e46-helljus\/#breadcrumb"},"inLanguage":"nl-NL","potentialAction":[{"@type":"ReadAction","target":["https:\/\/xenonkungen.com\/produkt\/lamphallare-bmw-e46-helljus\/"]}]},{"@type":"ImageObject","inLanguage":"nl-NL","@id":"https:\/\/xenonkungen.com\/produkt\/lamphallare-bmw-e46-helljus\/#primaryimage","url":"https:\/\/xenonkungen.com\/wp-content\/uploads\/2025\/04\/6091122-origpic-48bab5.jpg","contentUrl":"https:\/\/xenonkungen.com\/wp-content\/uploads\/2025\/04\/6091122-origpic-48bab5.jpg","width":500,"height":500},{"@type":"BreadcrumbList","@id":"https:\/\/xenonkungen.com\/produkt\/lamphallare-bmw-e46-helljus\/#breadcrumb","itemListElement":[{"@type":"ListItem","position":1,"name":"Hem","item":"https:\/\/xenonkungen.com\/"},{"@type":"ListItem","position":2,"name":"Shop","item":"https:\/\/xenonkungen.com\/shop\/"},{"@type":"ListItem","position":3,"name":"Lamph\u00e5llare BMW E46 Helljus"}]},{"@type":"WebSite","@id":"https:\/\/xenonkungen.com\/#website","url":"https:\/\/xenonkungen.com\/","name":"Xenonkungen","description":"","potentialAction":[{"@type":"SearchAction","target":{"@type":"EntryPoint","urlTemplate":"https:\/\/xenonkungen.com\/?s={search_term_string}"},"query-input":{"@type":"PropertyValueSpecification","valueRequired":true,"valueName":"search_term_string"}}],"inLanguage":"nl-NL"}]}},"taxonomy_info":{"product_cat":[{"value":2494,"label":"Lamph\u00e5llare"},{"value":2485,"label":"Xenonkonvertering"}]},"featured_image_src_large":["https:\/\/xenonkungen.com\/wp-content\/uploads\/2025\/04\/6091122-origpic-48bab5.jpg",500,500,false],"author_info":[],"comment_info":0,"_links":{"self":[{"href":"https:\/\/xenonkungen.com\/nl\/wp-json\/wp\/v2\/product\/2517","targetHints":{"allow":["GET"]}}],"collection":[{"href":"https:\/\/xenonkungen.com\/nl\/wp-json\/wp\/v2\/product"}],"about":[{"href":"https:\/\/xenonkungen.com\/nl\/wp-json\/wp\/v2\/types\/product"}],"replies":[{"embeddable":true,"href":"https:\/\/xenonkungen.com\/nl\/wp-json\/wp\/v2\/comments?post=2517"}],"wp:featuredmedia":[{"embeddable":true,"href":"https:\/\/xenonkungen.com\/nl\/wp-json\/wp\/v2\/media\/2518"}],"wp:attachment":[{"href":"https:\/\/xenonkungen.com\/nl\/wp-json\/wp\/v2\/media?parent=2517"}],"wp:term":[{"taxonomy":"anvandningsomrade","embeddable":true,"href":"https:\/\/xenonkungen.com\/nl\/wp-json\/wp\/v2\/anvandningsomrade?post=2517"},{"taxonomy":"bilmarken","embeddable":true,"href":"https:\/\/xenonkungen.com\/nl\/wp-json\/wp\/v2\/bilmarken?post=2517"},{"taxonomy":"product_brand","embeddable":true,"href":"https:\/\/xenonkungen.com\/nl\/wp-json\/wp\/v2\/product_brand?post=2517"},{"taxonomy":"product_cat","embeddable":true,"href":"https:\/\/xenonkungen.com\/nl\/wp-json\/wp\/v2\/product_cat?post=2517"},{"taxonomy":"product_tag","embeddable":true,"href":"https:\/\/xenonkungen.com\/nl\/wp-json\/wp\/v2\/product_tag?post=2517"}],"curies":[{"name":"wp","href":"https:\/\/api.w.org\/{rel}","templated":true}]}}