{"id":25285,"date":"2026-01-27T14:18:18","date_gmt":"2026-01-27T13:18:18","guid":{"rendered":"https:\/\/xenonkungen.com\/?post_type=product&#038;p=25285"},"modified":"2026-04-28T18:49:47","modified_gmt":"2026-04-28T17:49:47","slug":"osram-ledriving-cube-mx230-cb-9-rad5","status":"publish","type":"product","link":"https:\/\/xenonkungen.com\/nl\/product\/osram-ledriving-cube-mx230-cb-9-rad5\/","title":{"rendered":"Osram LEDriving\u00ae CUBE MX230-CB 9\u2033 RAD5"},"content":{"rendered":"<h2>Osram LEDriving\u00ae CUBE MX230-CB 9\u2033 RAD5<\/h2>\n<p>De OSRAM MX-serie is ontworpen voor mensen die echt licht willen.<br \/>\nEen hoogwaardige LED-hulplamp met een indrukwekkende lichtopbrengst, een modern design en een robuuste constructie die alles aankan, van lange ritten over asfalt tot zware werkomgevingen en off-road rijden.<\/p>\n<p>Met maximaal 10.000 lumen aan boost en geavanceerde combinatieoptiek krijgt u zowel lengte als breedte in hetzelfde lichtpatroon: perfect zicht, ongeacht snelheid, terrein of weer.<\/p>\n<p><strong>4-in-1 \u2013 kies expressie en functie<\/strong><\/p>\n<p>De MX-serie biedt flexibele verlichtingsopstellingen:<\/p>\n<ul>\n<li>Helder licht<\/li>\n<li>Boost-modus<\/li>\n<li>Wit positielicht<\/li>\n<li>Amberkleurig positielicht<\/li>\n<\/ul>\n<p>U kiest de stijl: een strakke OEM-look of een agressievere, door rally&#039;s ge\u00efnspireerde uitstraling.<\/p>\n<p><strong>Gebouwd voor intensief gebruik<\/strong><\/p>\n<p>Dankzij de robuuste aluminium behuizing, de polycarbonaat lens en de IP6K8\/IP6K9K-certificering is de lamp waterdicht, stofdicht en bestand tegen trillingen \u2013 het hele jaar door.<\/p>\n<p><strong>Perfect geschikt voor:<\/strong><\/p>\n<ul>\n<li>Auto \/ personenauto<\/li>\n<li>Vrachtwagen \/ vrachtwagen<\/li>\n<li>4x4 \/ Terreinwagen<\/li>\n<li>ATV&#039;s en UTV&#039;s<\/li>\n<li>Landbouwmachines<\/li>\n<li>Bedrijfsvoertuigen \/ bedrijfsvoertuigen<\/li>\n<li>Bouw \/ Aanneming<\/li>\n<li>Caravan \/ camper &amp; aanhanger<\/li>\n<\/ul>\n<p><strong>Kortom:<\/strong><\/p>\n<p>De OSRAM MX-serie is ontworpen voor maximale zichtbaarheid, precisie en veiligheid \u2013 precies waar u licht nodig hebt dat echt goed presteert.<\/p>\n<p><strong>Dit is inbegrepen in het pakket<\/strong><\/p>\n<ul>\n<li>OSRAM LEDriving Cube MX230<\/li>\n<li>Montagebeugel + 2e stabilisatiestang<\/li>\n<li>Mannelijk contact met losse geleiders<\/li>\n<\/ul>\n<p>Uitstekende lichtprestaties \u2013 waar de weg u ook brengt.<\/p>\n<p><strong>5 jaar garantie.<\/strong><\/p>","protected":false},"excerpt":{"rendered":"<p><strong data-start=\"67\" data-end=\"98\">Osram LEDriving\u00ae CUBE MX230<\/strong> Dit is een krachtige, hoogwaardige LED-hulplamp voor diegenen die extreme prestaties en betrouwbaarheid eisen. Met maximaal <strong data-start=\"205\" data-end=\"229\" data-is-only-node=\"\">10.000 lumen in boost-modus<\/strong>, geavanceerde combinatieoptiek voor zowel lengte als breedte en optioneel <strong data-start=\"297\" data-end=\"339\">wit of amberkleurig positielicht<\/strong>, u krijgt optimaal zicht in alle omgevingen. De robuuste constructie met <strong data-start=\"408\" data-end=\"434\">IP6K8\/IP6K9K-classificatie<\/strong> Maakt de lamp geschikt voor zware werkomstandigheden, off-road gebruik en het hele jaar door \u2013 wanneer het licht echt moet presteren.<\/p>","protected":false},"featured_media":25286,"comment_status":"open","ping_status":"closed","template":"","meta":{"_acf_changed":false,"_smort_price_nok":"20829","_smort_price_dkk":"","_smort_price_eur":"","_smort_sale_price_nok":"","_smort_sale_price_dkk":"","_smort_sale_price_eur":"","smort_restorder":"","shipmondo_restorder":"","_kad_blocks_custom_css":"","_kad_blocks_head_custom_js":"","_kad_blocks_body_custom_js":"","_kad_blocks_footer_custom_js":"","smort_custom_pricelist_1":"12480","smort_custom_pricelist_2":"10920","smort_custom_pricelist_3":"10140","smort_custom_pricelist_4":"15600","smort_custom_pricelist_5":"10920"},"anvandningsomrade":[],"bilmarken":[],"product_brand":[108],"product_cat":[1859],"product_tag":[],"class_list":{"0":"post-25285","1":"product","2":"type-product","3":"status-publish","4":"has-post-thumbnail","6":"product_brand-osram","7":"product_cat-extraljuspaket","9":"first","10":"outofstock","11":"virtual","12":"taxable","13":"purchasable","14":"product-type-bundle"},"bundled_by":[],"bundle_stock_status":"outofstock","bundle_stock_quantity":0,"bundle_virtual":false,"bundle_layout":"default","bundle_add_to_cart_form_location":"default","bundle_editable_in_cart":false,"bundle_sold_individually_context":"product","bundle_item_grouping":"parent","bundle_min_size":"","bundle_max_size":"","bundle_price":{"price":{"min":{"incl_tax":"1772.56","excl_tax":"1418.052948"},"max":{"incl_tax":"1772.56","excl_tax":"1418.052948"}},"regular_price":{"min":{"incl_tax":"1772.56","excl_tax":"1418.052948"},"max":{"incl_tax":"1772.56","excl_tax":"1418.052948"}}},"bundled_items":[{"bundled_item_id":544,"product_id":14981,"menu_order":0,"quantity_min":1,"quantity_max":1,"quantity_default":1,"priced_individually":false,"shipped_individually":false,"override_title":false,"title":"Luxtar relaiskabelset DT-6 X1 | 12V | 80A relais","override_description":false,"description":"","optional":false,"hide_thumbnail":false,"discount":"","override_variations":false,"allowed_variations":[],"override_default_variation_attributes":false,"default_variation_attributes":[],"single_product_visibility":"visible","cart_visibility":"visible","order_visibility":"visible","single_product_price_visibility":"visible","cart_price_visibility":"visible","order_price_visibility":"visible","stock_status":"in_stock"},{"bundled_item_id":545,"product_id":14994,"menu_order":1,"quantity_min":1,"quantity_max":1,"quantity_default":1,"priced_individually":false,"shipped_individually":false,"override_title":false,"title":"Luxtar relaiskabelset DT-6 X4 | 12V | 80A relais","override_description":false,"description":"","optional":false,"hide_thumbnail":false,"discount":"","override_variations":false,"allowed_variations":[],"override_default_variation_attributes":false,"default_variation_attributes":[],"single_product_visibility":"visible","cart_visibility":"visible","order_visibility":"visible","single_product_price_visibility":"visible","cart_price_visibility":"visible","order_price_visibility":"visible","stock_status":"in_stock"},{"bundled_item_id":546,"product_id":2722,"menu_order":2,"quantity_min":1,"quantity_max":1,"quantity_default":1,"priced_individually":false,"shipped_individually":false,"override_title":false,"title":"Extra lichte beugel voor 5 stuks 225mm|9&quot; Rally five","override_description":false,"description":"","optional":false,"hide_thumbnail":false,"discount":"","override_variations":false,"allowed_variations":[],"override_default_variation_attributes":false,"default_variation_attributes":[],"single_product_visibility":"visible","cart_visibility":"visible","order_visibility":"visible","single_product_price_visibility":"visible","cart_price_visibility":"visible","order_price_visibility":"visible","stock_status":"in_stock"},{"bundled_item_id":542,"product_id":1538,"menu_order":3,"quantity_min":1,"quantity_max":1,"quantity_default":1,"priced_individually":false,"shipped_individually":false,"override_title":false,"title":"XBB OBD-II Dongle + PowerUnit","override_description":false,"description":"","optional":false,"hide_thumbnail":false,"discount":"","override_variations":false,"allowed_variations":[],"override_default_variation_attributes":false,"default_variation_attributes":[],"single_product_visibility":"visible","cart_visibility":"visible","order_visibility":"visible","single_product_price_visibility":"visible","cart_price_visibility":"visible","order_price_visibility":"visible","stock_status":"on_backorder"},{"bundled_item_id":543,"product_id":2603,"menu_order":4,"quantity_min":1,"quantity_max":1,"quantity_default":1,"priced_individually":false,"shipped_individually":false,"override_title":false,"title":"Kabelset voor XBB-voedingseenheid","override_description":false,"description":"","optional":false,"hide_thumbnail":false,"discount":"","override_variations":false,"allowed_variations":[],"override_default_variation_attributes":false,"default_variation_attributes":[],"single_product_visibility":"visible","cart_visibility":"visible","order_visibility":"visible","single_product_price_visibility":"visible","cart_price_visibility":"visible","order_price_visibility":"visible","stock_status":"on_backorder"}],"bundle_sell_ids":[],"acf":[],"yoast_head":"<!-- This site is optimized with the Yoast SEO plugin v27.0 - https:\/\/yoast.com\/product\/yoast-seo-wordpress\/ -->\n<title>Osram LEDriving\u00ae CUBE MX230-CB 9&quot; RAD5 - Xenonkungen<\/title>\n<meta name=\"robots\" content=\"index, follow, max-snippet:-1, max-image-preview:large, max-video-preview:-1\" \/>\n<link rel=\"canonical\" href=\"https:\/\/xenonkungen.com\/nl\/product\/osram-ledriving-cube-mx230-cb-9-rad5\/\" \/>\n<meta property=\"og:locale\" content=\"nl_NL\" \/>\n<meta property=\"og:type\" content=\"article\" \/>\n<meta property=\"og:title\" content=\"Osram LEDriving\u00ae CUBE MX230-CB 9&quot; RAD5 - Xenonkungen\" \/>\n<meta property=\"og:description\" content=\"Osram LEDriving\u00ae CUBE MX230 \u00e4r ett kraftfullt premium LED-extraljus f\u00f6r dig som kr\u00e4ver extrem prestanda och p\u00e5litlighet. Med upp till 10 000 lumen i boost, avancerad kombinationsoptik f\u00f6r b\u00e5de l\u00e4ngd och bredd samt valbart vitt eller b\u00e4rnstensgult positionsljus, f\u00e5r du optimal sikt i alla milj\u00f6er. Den robusta konstruktionen med IP6K8\/IP6K9K-klassning g\u00f6r lampan redo f\u00f6r tuffa arbetsf\u00f6rh\u00e5llanden, offroad och \u00e5ret-runt-bruk \u2013 n\u00e4r ljuset verkligen m\u00e5ste leverera.\" \/>\n<meta property=\"og:url\" content=\"https:\/\/xenonkungen.com\/nl\/product\/osram-ledriving-cube-mx230-cb-9-rad5\/\" \/>\n<meta property=\"og:site_name\" content=\"Xenonkungen\" \/>\n<meta property=\"article:modified_time\" content=\"2026-04-28T17:49:47+00:00\" \/>\n<meta property=\"og:image\" content=\"https:\/\/xenonkungen.com\/wp-content\/uploads\/2026\/01\/9tumx5st-OS-LEDDL137-CBX-PNNG-2000px-1024x719.png\" \/>\n\t<meta property=\"og:image:width\" content=\"1024\" \/>\n\t<meta property=\"og:image:height\" content=\"719\" \/>\n\t<meta property=\"og:image:type\" content=\"image\/png\" \/>\n<meta name=\"twitter:card\" content=\"summary_large_image\" \/>\n<meta name=\"twitter:label1\" content=\"Geschatte leestijd\" \/>\n\t<meta name=\"twitter:data1\" content=\"2 minuten\" \/>\n<script type=\"application\/ld+json\" class=\"yoast-schema-graph\">{\"@context\":\"https:\/\/schema.org\",\"@graph\":[{\"@type\":\"WebPage\",\"@id\":\"https:\/\/xenonkungen.com\/produkt\/osram-ledriving-cube-mx230-cb-9-rad5\/\",\"url\":\"https:\/\/xenonkungen.com\/produkt\/osram-ledriving-cube-mx230-cb-9-rad5\/\",\"name\":\"Osram LEDriving\u00ae CUBE MX230-CB 9\\\" RAD5 - Xenonkungen\",\"isPartOf\":{\"@id\":\"https:\/\/xenonkungen.com\/#website\"},\"primaryImageOfPage\":{\"@id\":\"https:\/\/xenonkungen.com\/produkt\/osram-ledriving-cube-mx230-cb-9-rad5\/#primaryimage\"},\"image\":{\"@id\":\"https:\/\/xenonkungen.com\/produkt\/osram-ledriving-cube-mx230-cb-9-rad5\/#primaryimage\"},\"thumbnailUrl\":\"https:\/\/xenonkungen.com\/wp-content\/uploads\/2026\/01\/9tumx5st-OS-LEDDL137-CBX-PNNG-2000px.png\",\"datePublished\":\"2026-01-27T13:18:18+00:00\",\"dateModified\":\"2026-04-28T17:49:47+00:00\",\"breadcrumb\":{\"@id\":\"https:\/\/xenonkungen.com\/produkt\/osram-ledriving-cube-mx230-cb-9-rad5\/#breadcrumb\"},\"inLanguage\":\"nl-NL\",\"potentialAction\":[{\"@type\":\"ReadAction\",\"target\":[\"https:\/\/xenonkungen.com\/produkt\/osram-ledriving-cube-mx230-cb-9-rad5\/\"]}]},{\"@type\":\"ImageObject\",\"inLanguage\":\"nl-NL\",\"@id\":\"https:\/\/xenonkungen.com\/produkt\/osram-ledriving-cube-mx230-cb-9-rad5\/#primaryimage\",\"url\":\"https:\/\/xenonkungen.com\/wp-content\/uploads\/2026\/01\/9tumx5st-OS-LEDDL137-CBX-PNNG-2000px.png\",\"contentUrl\":\"https:\/\/xenonkungen.com\/wp-content\/uploads\/2026\/01\/9tumx5st-OS-LEDDL137-CBX-PNNG-2000px.png\",\"width\":2450,\"height\":1720},{\"@type\":\"BreadcrumbList\",\"@id\":\"https:\/\/xenonkungen.com\/produkt\/osram-ledriving-cube-mx230-cb-9-rad5\/#breadcrumb\",\"itemListElement\":[{\"@type\":\"ListItem\",\"position\":1,\"name\":\"Hem\",\"item\":\"https:\/\/xenonkungen.com\/\"},{\"@type\":\"ListItem\",\"position\":2,\"name\":\"Shop\",\"item\":\"https:\/\/xenonkungen.com\/shop\/\"},{\"@type\":\"ListItem\",\"position\":3,\"name\":\"Osram LEDriving\u00ae CUBE MX230-CB 9&#8243; RAD5\"}]},{\"@type\":\"WebSite\",\"@id\":\"https:\/\/xenonkungen.com\/#website\",\"url\":\"https:\/\/xenonkungen.com\/\",\"name\":\"Xenonkungen\",\"description\":\"\",\"potentialAction\":[{\"@type\":\"SearchAction\",\"target\":{\"@type\":\"EntryPoint\",\"urlTemplate\":\"https:\/\/xenonkungen.com\/?s={search_term_string}\"},\"query-input\":{\"@type\":\"PropertyValueSpecification\",\"valueRequired\":true,\"valueName\":\"search_term_string\"}}],\"inLanguage\":\"nl-NL\"}]}<\/script>\n<!-- \/ Yoast SEO plugin. -->","yoast_head_json":{"title":"Osram LEDriving\u00ae CUBE MX230-CB 9&quot; RAD5 - De Xenon-koning","robots":{"index":"index","follow":"follow","max-snippet":"max-snippet:-1","max-image-preview":"max-image-preview:large","max-video-preview":"max-video-preview:-1"},"canonical":"https:\/\/xenonkungen.com\/nl\/product\/osram-ledriving-cube-mx230-cb-9-rad5\/","og_locale":"nl_NL","og_type":"article","og_title":"Osram LEDriving\u00ae CUBE MX230-CB 9\" RAD5 - Xenonkungen","og_description":"Osram LEDriving\u00ae CUBE MX230 \u00e4r ett kraftfullt premium LED-extraljus f\u00f6r dig som kr\u00e4ver extrem prestanda och p\u00e5litlighet. Med upp till 10 000 lumen i boost, avancerad kombinationsoptik f\u00f6r b\u00e5de l\u00e4ngd och bredd samt valbart vitt eller b\u00e4rnstensgult positionsljus, f\u00e5r du optimal sikt i alla milj\u00f6er. Den robusta konstruktionen med IP6K8\/IP6K9K-klassning g\u00f6r lampan redo f\u00f6r tuffa arbetsf\u00f6rh\u00e5llanden, offroad och \u00e5ret-runt-bruk \u2013 n\u00e4r ljuset verkligen m\u00e5ste leverera.","og_url":"https:\/\/xenonkungen.com\/nl\/product\/osram-ledriving-cube-mx230-cb-9-rad5\/","og_site_name":"Xenonkungen","article_modified_time":"2026-04-28T17:49:47+00:00","og_image":[{"width":1024,"height":719,"url":"https:\/\/xenonkungen.com\/wp-content\/uploads\/2026\/01\/9tumx5st-OS-LEDDL137-CBX-PNNG-2000px-1024x719.png","type":"image\/png"}],"twitter_card":"summary_large_image","twitter_misc":{"Geschatte leestijd":"2 minuten"},"schema":{"@context":"https:\/\/schema.org","@graph":[{"@type":"WebPage","@id":"https:\/\/xenonkungen.com\/produkt\/osram-ledriving-cube-mx230-cb-9-rad5\/","url":"https:\/\/xenonkungen.com\/produkt\/osram-ledriving-cube-mx230-cb-9-rad5\/","name":"Osram LEDriving\u00ae CUBE MX230-CB 9&quot; RAD5 - De Xenon-koning","isPartOf":{"@id":"https:\/\/xenonkungen.com\/#website"},"primaryImageOfPage":{"@id":"https:\/\/xenonkungen.com\/produkt\/osram-ledriving-cube-mx230-cb-9-rad5\/#primaryimage"},"image":{"@id":"https:\/\/xenonkungen.com\/produkt\/osram-ledriving-cube-mx230-cb-9-rad5\/#primaryimage"},"thumbnailUrl":"https:\/\/xenonkungen.com\/wp-content\/uploads\/2026\/01\/9tumx5st-OS-LEDDL137-CBX-PNNG-2000px.png","datePublished":"2026-01-27T13:18:18+00:00","dateModified":"2026-04-28T17:49:47+00:00","breadcrumb":{"@id":"https:\/\/xenonkungen.com\/produkt\/osram-ledriving-cube-mx230-cb-9-rad5\/#breadcrumb"},"inLanguage":"nl-NL","potentialAction":[{"@type":"ReadAction","target":["https:\/\/xenonkungen.com\/produkt\/osram-ledriving-cube-mx230-cb-9-rad5\/"]}]},{"@type":"ImageObject","inLanguage":"nl-NL","@id":"https:\/\/xenonkungen.com\/produkt\/osram-ledriving-cube-mx230-cb-9-rad5\/#primaryimage","url":"https:\/\/xenonkungen.com\/wp-content\/uploads\/2026\/01\/9tumx5st-OS-LEDDL137-CBX-PNNG-2000px.png","contentUrl":"https:\/\/xenonkungen.com\/wp-content\/uploads\/2026\/01\/9tumx5st-OS-LEDDL137-CBX-PNNG-2000px.png","width":2450,"height":1720},{"@type":"BreadcrumbList","@id":"https:\/\/xenonkungen.com\/produkt\/osram-ledriving-cube-mx230-cb-9-rad5\/#breadcrumb","itemListElement":[{"@type":"ListItem","position":1,"name":"Hem","item":"https:\/\/xenonkungen.com\/"},{"@type":"ListItem","position":2,"name":"Shop","item":"https:\/\/xenonkungen.com\/shop\/"},{"@type":"ListItem","position":3,"name":"Osram LEDriving\u00ae CUBE MX230-CB 9&#8243; RAD5"}]},{"@type":"WebSite","@id":"https:\/\/xenonkungen.com\/#website","url":"https:\/\/xenonkungen.com\/","name":"Xenonkungen","description":"","potentialAction":[{"@type":"SearchAction","target":{"@type":"EntryPoint","urlTemplate":"https:\/\/xenonkungen.com\/?s={search_term_string}"},"query-input":{"@type":"PropertyValueSpecification","valueRequired":true,"valueName":"search_term_string"}}],"inLanguage":"nl-NL"}]}},"taxonomy_info":{"product_brand":[{"value":108,"label":"OSRAM"}],"product_cat":[{"value":1859,"label":"Extraljuspaket"}]},"featured_image_src_large":["https:\/\/xenonkungen.com\/wp-content\/uploads\/2026\/01\/9tumx5st-OS-LEDDL137-CBX-PNNG-2000px-1024x719.png",1024,719,true],"author_info":[],"comment_info":0,"_links":{"self":[{"href":"https:\/\/xenonkungen.com\/nl\/wp-json\/wp\/v2\/product\/25285","targetHints":{"allow":["GET"]}}],"collection":[{"href":"https:\/\/xenonkungen.com\/nl\/wp-json\/wp\/v2\/product"}],"about":[{"href":"https:\/\/xenonkungen.com\/nl\/wp-json\/wp\/v2\/types\/product"}],"replies":[{"embeddable":true,"href":"https:\/\/xenonkungen.com\/nl\/wp-json\/wp\/v2\/comments?post=25285"}],"wp:featuredmedia":[{"embeddable":true,"href":"https:\/\/xenonkungen.com\/nl\/wp-json\/wp\/v2\/media\/25286"}],"wp:attachment":[{"href":"https:\/\/xenonkungen.com\/nl\/wp-json\/wp\/v2\/media?parent=25285"}],"wp:term":[{"taxonomy":"anvandningsomrade","embeddable":true,"href":"https:\/\/xenonkungen.com\/nl\/wp-json\/wp\/v2\/anvandningsomrade?post=25285"},{"taxonomy":"bilmarken","embeddable":true,"href":"https:\/\/xenonkungen.com\/nl\/wp-json\/wp\/v2\/bilmarken?post=25285"},{"taxonomy":"product_brand","embeddable":true,"href":"https:\/\/xenonkungen.com\/nl\/wp-json\/wp\/v2\/product_brand?post=25285"},{"taxonomy":"product_cat","embeddable":true,"href":"https:\/\/xenonkungen.com\/nl\/wp-json\/wp\/v2\/product_cat?post=25285"},{"taxonomy":"product_tag","embeddable":true,"href":"https:\/\/xenonkungen.com\/nl\/wp-json\/wp\/v2\/product_tag?post=25285"}],"curies":[{"name":"wp","href":"https:\/\/api.w.org\/{rel}","templated":true}]}}