{"id":25296,"date":"2026-01-27T15:00:27","date_gmt":"2026-01-27T14:00:27","guid":{"rendered":"https:\/\/xenonkungen.com\/?post_type=product&#038;p=25296"},"modified":"2026-04-24T17:44:45","modified_gmt":"2026-04-24T16:44:45","slug":"bullboy-agriline-ploeglamp-12-24v","status":"publish","type":"product","link":"https:\/\/xenonkungen.com\/nl\/product\/bullboy-agriline-ploeglamp-12-24v\/","title":{"rendered":"Bullboy Agriline ploeglamp | 12\/24V"},"content":{"rendered":"<p data-start=\"102\" data-end=\"437\"><strong data-start=\"102\" data-end=\"149\">LED-ploeglamp BULLBOY AGRILINE met verwarmde lens<\/strong> is ontwikkeld voor professioneel gebruik in veeleisende omgevingen waar zichtbaarheid en operationele betrouwbaarheid cruciaal zijn. Met ondersteuning voor <strong data-start=\"265\" data-end=\"275\">12\/24V<\/strong>krachtig <strong data-start=\"288\" data-end=\"312\">dimlicht en grootlicht<\/strong> en ge\u00efntegreerd <strong data-start=\"329\" data-end=\"358\">positielichten en richtingaanwijzers<\/strong>Dit is een complete ploeglamp voor landbouw, bouw en winteronderhoud.<\/p>\n<p data-start=\"439\" data-end=\"692\">De <strong data-start=\"443\" data-end=\"475\">automatisch verwarmde lens<\/strong> Het bestrijdt ijs, sneeuw en mist, waardoor zelfs bij extreme weersomstandigheden helder licht gegarandeerd is. Het licht op <strong data-start=\"586\" data-end=\"595\">5700K<\/strong> Geeft een witte, aangename gloed die vermoeidheid vermindert en de zichtbaarheid verbetert tijdens lange werkdiensten.<\/p>\n<p data-start=\"694\" data-end=\"1008\">Med <strong data-start=\"698\" data-end=\"716\">IP68-classificatie<\/strong>, een robuuste constructie en meer <strong data-start=\"748\" data-end=\"788\">ECE-goedkeuringen (R112, R6, R7, R10)<\/strong> AGRILINE is ontworpen om dag in dag uit te werken \u2013 ongeacht de omstandigheden. Flexibele montage is eenvoudig dankzij <strong data-start=\"889\" data-end=\"928\">monteer onder het huis of aan de achterkant<\/strong>en het wordt geleverd met <strong data-start=\"952\" data-end=\"983\">losse DT 6-pins connector<\/strong> voor eenvoudige installatie.<\/p>\n<p data-start=\"1010\" data-end=\"1094\" data-is-last-node=\"\" data-is-only-node=\"\"><strong data-start=\"1010\" data-end=\"1094\" data-is-last-node=\"\">Een betrouwbare en krachtige ploeglamp \u2013 gemaakt voor echt werk, in alle weersomstandigheden.<\/strong><\/p>","protected":false},"excerpt":{"rendered":"<p>LED plogljus BULLBOY AGRILINE med v\u00e4rmelins \u00e4r utvecklat f\u00f6r professionell anv\u00e4ndning i kr\u00e4vande milj\u00f6er d\u00e4r sikt och drifts\u00e4kerhet \u00e4r avg\u00f6rande. Med st\u00f6d f\u00f6r 12\/24V, kraftfullt halvljus och helljus samt integrerat positionsljus och blinker, \u00e4r detta ett komplett plogljus f\u00f6r lantbruk, entreprenad och vinterunderh\u00e5ll. Den automatiskt uppv\u00e4rmda linsen motverkar is, sn\u00f6 och imma, vilket s\u00e4kerst\u00e4ller klar [&hellip;]<\/p>","protected":false},"featured_media":25300,"comment_status":"open","ping_status":"closed","template":"","meta":{"_acf_changed":false,"_smort_price_nok":"2911","_smort_price_dkk":"","_smort_price_eur":"","_smort_sale_price_nok":"","_smort_sale_price_dkk":"","_smort_sale_price_eur":"","smort_restorder":"","shipmondo_restorder":"","_kad_blocks_custom_css":"","_kad_blocks_head_custom_js":"","_kad_blocks_body_custom_js":"","_kad_blocks_footer_custom_js":"","smort_custom_pricelist_1":"1744","smort_custom_pricelist_2":"1744","smort_custom_pricelist_3":"1744","smort_custom_pricelist_4":"2180","smort_custom_pricelist_5":"1744"},"anvandningsomrade":[],"bilmarken":[],"product_brand":[94],"product_cat":[142],"product_tag":[],"class_list":{"0":"post-25296","1":"product","2":"type-product","3":"status-publish","4":"has-post-thumbnail","6":"product_brand-bullboy","7":"product_cat-extraljus","8":"pa_fargtemperatur-5700k","9":"pa_fuktskydd-varde-ipxx-ip68","10":"pa_godkannande-r10","11":"pa_godkannande-r112","12":"pa_godkannande-r6","13":"pa_godkannande-r7","14":"pa_lampsockel-kontakt-dt-6","15":"pa_storlek-mm-215x150x85","16":"pa_volt-v-159","17":"pa_volt-v-160","19":"first","20":"onbackorder","21":"taxable","22":"shipping-taxable","23":"purchasable","24":"product-type-simple"},"bundled_by":[],"bundle_stock_status":"onbackorder","bundle_stock_quantity":0,"bundle_virtual":false,"bundle_layout":"","bundle_add_to_cart_form_location":"","bundle_editable_in_cart":false,"bundle_sold_individually_context":"","bundle_item_grouping":"","bundle_min_size":"","bundle_max_size":"","bundle_price":[],"bundled_items":[],"bundle_sell_ids":[],"acf":[],"yoast_head":"<!-- This site is optimized with the Yoast SEO plugin v27.0 - https:\/\/yoast.com\/product\/yoast-seo-wordpress\/ -->\n<title>Bullboy Agriline Ploglampa | 12\/24V - Xenonkungen<\/title>\n<meta name=\"robots\" content=\"index, follow, max-snippet:-1, max-image-preview:large, max-video-preview:-1\" \/>\n<link rel=\"canonical\" href=\"https:\/\/xenonkungen.com\/nl\/product\/bullboy-agriline-ploeglamp-12-24v\/\" \/>\n<meta property=\"og:locale\" content=\"nl_NL\" \/>\n<meta property=\"og:type\" content=\"article\" \/>\n<meta property=\"og:title\" content=\"Bullboy Agriline Ploglampa | 12\/24V - Xenonkungen\" \/>\n<meta property=\"og:description\" content=\"LED plogljus BULLBOY AGRILINE med v\u00e4rmelins \u00e4r utvecklat f\u00f6r professionell anv\u00e4ndning i kr\u00e4vande milj\u00f6er d\u00e4r sikt och drifts\u00e4kerhet \u00e4r avg\u00f6rande. Med st\u00f6d f\u00f6r 12\/24V, kraftfullt halvljus och helljus samt integrerat positionsljus och blinker, \u00e4r detta ett komplett plogljus f\u00f6r lantbruk, entreprenad och vinterunderh\u00e5ll. Den automatiskt uppv\u00e4rmda linsen motverkar is, sn\u00f6 och imma, vilket s\u00e4kerst\u00e4ller klar [&hellip;]\" \/>\n<meta property=\"og:url\" content=\"https:\/\/xenonkungen.com\/nl\/product\/bullboy-agriline-ploeglamp-12-24v\/\" \/>\n<meta property=\"og:site_name\" content=\"Xenonkungen\" \/>\n<meta property=\"article:modified_time\" content=\"2026-04-24T16:44:45+00:00\" \/>\n<meta property=\"og:image\" content=\"https:\/\/xenonkungen.com\/wp-content\/uploads\/2026\/01\/led-auravalobullboyagriline_8020104917_9b9facc92f3a_4.webp\" \/>\n\t<meta property=\"og:image:width\" content=\"800\" \/>\n\t<meta property=\"og:image:height\" content=\"600\" \/>\n\t<meta property=\"og:image:type\" content=\"image\/webp\" \/>\n<meta name=\"twitter:card\" content=\"summary_large_image\" \/>\n<meta name=\"twitter:label1\" content=\"Geschatte leestijd\" \/>\n\t<meta name=\"twitter:data1\" content=\"1 minuut\" \/>\n<script type=\"application\/ld+json\" class=\"yoast-schema-graph\">{\"@context\":\"https:\/\/schema.org\",\"@graph\":[{\"@type\":\"WebPage\",\"@id\":\"https:\/\/xenonkungen.com\/nl\/product\/bullboy-agriline-ploeglamp-12-24v\/\",\"url\":\"https:\/\/xenonkungen.com\/nl\/product\/bullboy-agriline-ploeglamp-12-24v\/\",\"name\":\"Bullboy Agriline Ploglampa | 12\/24V - Xenonkungen\",\"isPartOf\":{\"@id\":\"https:\/\/xenonkungen.com\/#website\"},\"primaryImageOfPage\":{\"@id\":\"https:\/\/xenonkungen.com\/nl\/product\/bullboy-agriline-ploeglamp-12-24v\/#primaryimage\"},\"image\":{\"@id\":\"https:\/\/xenonkungen.com\/nl\/product\/bullboy-agriline-ploeglamp-12-24v\/#primaryimage\"},\"thumbnailUrl\":\"https:\/\/xenonkungen.com\/wp-content\/uploads\/2026\/01\/led-auravalobullboyagriline_8020104917_9b9facc92f3a_4.webp\",\"datePublished\":\"2026-01-27T14:00:27+00:00\",\"dateModified\":\"2026-04-24T16:44:45+00:00\",\"breadcrumb\":{\"@id\":\"https:\/\/xenonkungen.com\/nl\/product\/bullboy-agriline-ploeglamp-12-24v\/#breadcrumb\"},\"inLanguage\":\"nl-NL\",\"potentialAction\":[{\"@type\":\"ReadAction\",\"target\":[\"https:\/\/xenonkungen.com\/nl\/product\/bullboy-agriline-ploeglamp-12-24v\/\"]}]},{\"@type\":\"ImageObject\",\"inLanguage\":\"nl-NL\",\"@id\":\"https:\/\/xenonkungen.com\/nl\/product\/bullboy-agriline-ploeglamp-12-24v\/#primaryimage\",\"url\":\"https:\/\/xenonkungen.com\/wp-content\/uploads\/2026\/01\/led-auravalobullboyagriline_8020104917_9b9facc92f3a_4.webp\",\"contentUrl\":\"https:\/\/xenonkungen.com\/wp-content\/uploads\/2026\/01\/led-auravalobullboyagriline_8020104917_9b9facc92f3a_4.webp\",\"width\":800,\"height\":600},{\"@type\":\"BreadcrumbList\",\"@id\":\"https:\/\/xenonkungen.com\/nl\/product\/bullboy-agriline-ploeglamp-12-24v\/#breadcrumb\",\"itemListElement\":[{\"@type\":\"ListItem\",\"position\":1,\"name\":\"Hem\",\"item\":\"https:\/\/xenonkungen.com\/\"},{\"@type\":\"ListItem\",\"position\":2,\"name\":\"Shop\",\"item\":\"https:\/\/xenonkungen.com\/shop\/\"},{\"@type\":\"ListItem\",\"position\":3,\"name\":\"Bullboy Agriline Ploglampa | 12\/24V\"}]},{\"@type\":\"WebSite\",\"@id\":\"https:\/\/xenonkungen.com\/#website\",\"url\":\"https:\/\/xenonkungen.com\/\",\"name\":\"Xenonkungen\",\"description\":\"\",\"potentialAction\":[{\"@type\":\"SearchAction\",\"target\":{\"@type\":\"EntryPoint\",\"urlTemplate\":\"https:\/\/xenonkungen.com\/?s={search_term_string}\"},\"query-input\":{\"@type\":\"PropertyValueSpecification\",\"valueRequired\":true,\"valueName\":\"search_term_string\"}}],\"inLanguage\":\"nl-NL\"}]}<\/script>\n<!-- \/ Yoast SEO plugin. -->","yoast_head_json":{"title":"Bullboy Agriline Ploeglamp | 12\/24V - De Xenon Koning","robots":{"index":"index","follow":"follow","max-snippet":"max-snippet:-1","max-image-preview":"max-image-preview:large","max-video-preview":"max-video-preview:-1"},"canonical":"https:\/\/xenonkungen.com\/nl\/product\/bullboy-agriline-ploeglamp-12-24v\/","og_locale":"nl_NL","og_type":"article","og_title":"Bullboy Agriline Ploglampa | 12\/24V - Xenonkungen","og_description":"LED plogljus BULLBOY AGRILINE med v\u00e4rmelins \u00e4r utvecklat f\u00f6r professionell anv\u00e4ndning i kr\u00e4vande milj\u00f6er d\u00e4r sikt och drifts\u00e4kerhet \u00e4r avg\u00f6rande. Med st\u00f6d f\u00f6r 12\/24V, kraftfullt halvljus och helljus samt integrerat positionsljus och blinker, \u00e4r detta ett komplett plogljus f\u00f6r lantbruk, entreprenad och vinterunderh\u00e5ll. Den automatiskt uppv\u00e4rmda linsen motverkar is, sn\u00f6 och imma, vilket s\u00e4kerst\u00e4ller klar [&hellip;]","og_url":"https:\/\/xenonkungen.com\/nl\/product\/bullboy-agriline-ploeglamp-12-24v\/","og_site_name":"Xenonkungen","article_modified_time":"2026-04-24T16:44:45+00:00","og_image":[{"width":800,"height":600,"url":"https:\/\/xenonkungen.com\/wp-content\/uploads\/2026\/01\/led-auravalobullboyagriline_8020104917_9b9facc92f3a_4.webp","type":"image\/webp"}],"twitter_card":"summary_large_image","twitter_misc":{"Geschatte leestijd":"1 minuut"},"schema":{"@context":"https:\/\/schema.org","@graph":[{"@type":"WebPage","@id":"https:\/\/xenonkungen.com\/nl\/product\/bullboy-agriline-ploeglamp-12-24v\/","url":"https:\/\/xenonkungen.com\/nl\/product\/bullboy-agriline-ploeglamp-12-24v\/","name":"Bullboy Agriline Ploeglamp | 12\/24V - De Xenon Koning","isPartOf":{"@id":"https:\/\/xenonkungen.com\/#website"},"primaryImageOfPage":{"@id":"https:\/\/xenonkungen.com\/nl\/product\/bullboy-agriline-ploeglamp-12-24v\/#primaryimage"},"image":{"@id":"https:\/\/xenonkungen.com\/nl\/product\/bullboy-agriline-ploeglamp-12-24v\/#primaryimage"},"thumbnailUrl":"https:\/\/xenonkungen.com\/wp-content\/uploads\/2026\/01\/led-auravalobullboyagriline_8020104917_9b9facc92f3a_4.webp","datePublished":"2026-01-27T14:00:27+00:00","dateModified":"2026-04-24T16:44:45+00:00","breadcrumb":{"@id":"https:\/\/xenonkungen.com\/nl\/product\/bullboy-agriline-ploeglamp-12-24v\/#breadcrumb"},"inLanguage":"nl-NL","potentialAction":[{"@type":"ReadAction","target":["https:\/\/xenonkungen.com\/nl\/product\/bullboy-agriline-ploeglamp-12-24v\/"]}]},{"@type":"ImageObject","inLanguage":"nl-NL","@id":"https:\/\/xenonkungen.com\/nl\/product\/bullboy-agriline-ploeglamp-12-24v\/#primaryimage","url":"https:\/\/xenonkungen.com\/wp-content\/uploads\/2026\/01\/led-auravalobullboyagriline_8020104917_9b9facc92f3a_4.webp","contentUrl":"https:\/\/xenonkungen.com\/wp-content\/uploads\/2026\/01\/led-auravalobullboyagriline_8020104917_9b9facc92f3a_4.webp","width":800,"height":600},{"@type":"BreadcrumbList","@id":"https:\/\/xenonkungen.com\/nl\/product\/bullboy-agriline-ploeglamp-12-24v\/#breadcrumb","itemListElement":[{"@type":"ListItem","position":1,"name":"Hem","item":"https:\/\/xenonkungen.com\/"},{"@type":"ListItem","position":2,"name":"Shop","item":"https:\/\/xenonkungen.com\/shop\/"},{"@type":"ListItem","position":3,"name":"Bullboy Agriline Ploglampa | 12\/24V"}]},{"@type":"WebSite","@id":"https:\/\/xenonkungen.com\/#website","url":"https:\/\/xenonkungen.com\/","name":"Xenonkungen","description":"","potentialAction":[{"@type":"SearchAction","target":{"@type":"EntryPoint","urlTemplate":"https:\/\/xenonkungen.com\/?s={search_term_string}"},"query-input":{"@type":"PropertyValueSpecification","valueRequired":true,"valueName":"search_term_string"}}],"inLanguage":"nl-NL"}]}},"taxonomy_info":{"product_brand":[{"value":94,"label":"Bullboy"}],"product_cat":[{"value":142,"label":"Extraljus"}],"pa_fargtemperatur":[{"value":226,"label":"5700K"}],"pa_fuktskydd-varde-ipxx":[{"value":177,"label":"IP68"}],"pa_godkannande":[{"value":184,"label":"R10"},{"value":183,"label":"R112"},{"value":2862,"label":"R6"},{"value":2863,"label":"R7"}],"pa_lampsockel-kontakt":[{"value":1001,"label":"DT-6"}],"pa_storlek-mm":[{"value":2861,"label":"215x150x85"}],"pa_volt-v":[{"value":159,"label":"12"},{"value":160,"label":"24"}]},"featured_image_src_large":["https:\/\/xenonkungen.com\/wp-content\/uploads\/2026\/01\/led-auravalobullboyagriline_8020104917_9b9facc92f3a_4.webp",800,600,false],"author_info":[],"comment_info":0,"_links":{"self":[{"href":"https:\/\/xenonkungen.com\/nl\/wp-json\/wp\/v2\/product\/25296","targetHints":{"allow":["GET"]}}],"collection":[{"href":"https:\/\/xenonkungen.com\/nl\/wp-json\/wp\/v2\/product"}],"about":[{"href":"https:\/\/xenonkungen.com\/nl\/wp-json\/wp\/v2\/types\/product"}],"replies":[{"embeddable":true,"href":"https:\/\/xenonkungen.com\/nl\/wp-json\/wp\/v2\/comments?post=25296"}],"wp:featuredmedia":[{"embeddable":true,"href":"https:\/\/xenonkungen.com\/nl\/wp-json\/wp\/v2\/media\/25300"}],"wp:attachment":[{"href":"https:\/\/xenonkungen.com\/nl\/wp-json\/wp\/v2\/media?parent=25296"}],"wp:term":[{"taxonomy":"anvandningsomrade","embeddable":true,"href":"https:\/\/xenonkungen.com\/nl\/wp-json\/wp\/v2\/anvandningsomrade?post=25296"},{"taxonomy":"bilmarken","embeddable":true,"href":"https:\/\/xenonkungen.com\/nl\/wp-json\/wp\/v2\/bilmarken?post=25296"},{"taxonomy":"product_brand","embeddable":true,"href":"https:\/\/xenonkungen.com\/nl\/wp-json\/wp\/v2\/product_brand?post=25296"},{"taxonomy":"product_cat","embeddable":true,"href":"https:\/\/xenonkungen.com\/nl\/wp-json\/wp\/v2\/product_cat?post=25296"},{"taxonomy":"product_tag","embeddable":true,"href":"https:\/\/xenonkungen.com\/nl\/wp-json\/wp\/v2\/product_tag?post=25296"}],"curies":[{"name":"wp","href":"https:\/\/api.w.org\/{rel}","templated":true}]}}