{"id":2540,"date":"2025-04-15T08:39:04","date_gmt":"2025-04-15T08:39:04","guid":{"rendered":"https:\/\/xenonkungen.com\/product\/lamphallare-mondeo-h1\/"},"modified":"2026-04-10T17:42:33","modified_gmt":"2026-04-10T16:42:33","slug":"lamphouder-mondeo-h1","status":"publish","type":"product","link":"https:\/\/xenonkungen.com\/nl\/product\/lamphouder-mondeo-h1\/","title":{"rendered":"Lamphouder Mondeo H1"},"content":{"rendered":"<p>Deze lamphouder is relatief nieuw voor ons en het is niet bevestigd dat hij compatibel is met auto's op de Europese markt?<\/p>\n<p>Haal de bestaande lamphouder uit je auto en vergelijk hem met de hier afgebeelde.<\/p>\n<p>Als de gelijkenis redelijk consistent is, bestel, installeer en meld het ons op tel. 0300-30860 zodat onzekerheid voor nieuwe klanten kan worden weggenomen.<\/p>\n<p>De meeste lamphouders passen op heel andere merken\/modellen dan aangegeven. We zullen hier rekening mee houden zodra er kennis beschikbaar is.<\/p>\n<p>Geschikt voor de volgende auto's:<br \/>Ford Fiesta 2009-2017 Grootlicht<br \/>&#8211;<br \/>&#8211;<\/p>\n<p>Let op! Lamphouders zijn niet compatibel met Focus Eye xenonlampen omdat deze breder zijn aan de basis.<\/p>\n<p>Levering per paar.<\/p>","protected":false},"excerpt":{"rendered":"<p>Denna lamph\u00e5llare \u00e4r relativt ny f\u00f6r oss och den \u00e4r inte bekr\u00e4ftat kompatibel med bilar p\u00e5 den europeiska marknaden? Tag ut den befintliga lamph\u00e5llaren i din bil och j\u00e4mf\u00f6r med den som avbildas h\u00e4r. Om likheten \u00e4r n\u00e5gorlunda \u00f6verensst\u00e4mmande s\u00e5 best\u00e4ll, montera och meddela g\u00e4rna oss p\u00e5 tel. 0300-30860 s\u00e5 att os\u00e4kerheten kan skingras f\u00f6r [&hellip;]<\/p>","protected":false},"featured_media":2541,"comment_status":"closed","ping_status":"open","template":"","meta":{"_acf_changed":false,"_smort_price_nok":"123","_smort_price_dkk":"78","_smort_price_eur":"10.45","_smort_sale_price_nok":"","_smort_sale_price_dkk":"","_smort_sale_price_eur":"","smort_restorder":"","shipmondo_restorder":"","_kad_blocks_custom_css":"","_kad_blocks_head_custom_js":"","_kad_blocks_body_custom_js":"","_kad_blocks_footer_custom_js":"","smort_custom_pricelist_1":"73.6","smort_custom_pricelist_2":"64.4","smort_custom_pricelist_3":"61.18","smort_custom_pricelist_4":"92","smort_custom_pricelist_5":"64.4"},"anvandningsomrade":[],"bilmarken":[],"product_brand":[],"product_cat":[2494,2485],"product_tag":[],"class_list":{"0":"post-2540","1":"product","2":"type-product","3":"status-publish","4":"has-post-thumbnail","6":"product_cat-lamphallare-xenonkonventering","7":"product_cat-xenonkonventering","8":"pa_lampsockel-kontakt-h1","10":"first","11":"instock","12":"taxable","13":"shipping-taxable","14":"purchasable","15":"product-type-simple"},"bundled_by":[],"bundle_stock_status":"instock","bundle_stock_quantity":6,"bundle_virtual":false,"bundle_layout":"","bundle_add_to_cart_form_location":"","bundle_editable_in_cart":false,"bundle_sold_individually_context":"","bundle_item_grouping":"","bundle_min_size":"","bundle_max_size":"","bundle_price":[],"bundled_items":[],"bundle_sell_ids":[],"acf":[],"yoast_head":"<!-- This site is optimized with the Yoast SEO plugin v27.0 - https:\/\/yoast.com\/product\/yoast-seo-wordpress\/ -->\n<title>Lamph\u00e5llare Mondeo H1 - Xenonkungen<\/title>\n<meta name=\"robots\" content=\"index, follow, max-snippet:-1, max-image-preview:large, max-video-preview:-1\" \/>\n<link rel=\"canonical\" href=\"https:\/\/xenonkungen.com\/nl\/product\/lamphouder-mondeo-h1\/\" \/>\n<meta property=\"og:locale\" content=\"nl_NL\" \/>\n<meta property=\"og:type\" content=\"article\" \/>\n<meta property=\"og:title\" content=\"Lamph\u00e5llare Mondeo H1 - Xenonkungen\" \/>\n<meta property=\"og:description\" content=\"Denna lamph\u00e5llare \u00e4r relativt ny f\u00f6r oss och den \u00e4r inte bekr\u00e4ftat kompatibel med bilar p\u00e5 den europeiska marknaden? Tag ut den befintliga lamph\u00e5llaren i din bil och j\u00e4mf\u00f6r med den som avbildas h\u00e4r. Om likheten \u00e4r n\u00e5gorlunda \u00f6verensst\u00e4mmande s\u00e5 best\u00e4ll, montera och meddela g\u00e4rna oss p\u00e5 tel. 0300-30860 s\u00e5 att os\u00e4kerheten kan skingras f\u00f6r [&hellip;]\" \/>\n<meta property=\"og:url\" content=\"https:\/\/xenonkungen.com\/nl\/product\/lamphouder-mondeo-h1\/\" \/>\n<meta property=\"og:site_name\" content=\"Xenonkungen\" \/>\n<meta property=\"article:modified_time\" content=\"2026-04-10T16:42:33+00:00\" \/>\n<meta property=\"og:image\" content=\"https:\/\/xenonkungen.com\/wp-content\/uploads\/2025\/04\/6150599-origpic-34ffbb.jpg\" \/>\n\t<meta property=\"og:image:width\" content=\"500\" \/>\n\t<meta property=\"og:image:height\" content=\"500\" \/>\n\t<meta property=\"og:image:type\" content=\"image\/jpeg\" \/>\n<meta name=\"twitter:card\" content=\"summary_large_image\" \/>\n<meta name=\"twitter:label1\" content=\"Geschatte leestijd\" \/>\n\t<meta name=\"twitter:data1\" content=\"1 minuut\" \/>\n<script type=\"application\/ld+json\" class=\"yoast-schema-graph\">{\"@context\":\"https:\/\/schema.org\",\"@graph\":[{\"@type\":\"WebPage\",\"@id\":\"https:\/\/xenonkungen.com\/no\/produkt\/lampeholder-mondeo-h1\/\",\"url\":\"https:\/\/xenonkungen.com\/no\/produkt\/lampeholder-mondeo-h1\/\",\"name\":\"Lamph\u00e5llare Mondeo H1 - Xenonkungen\",\"isPartOf\":{\"@id\":\"https:\/\/xenonkungen.com\/#website\"},\"primaryImageOfPage\":{\"@id\":\"https:\/\/xenonkungen.com\/no\/produkt\/lampeholder-mondeo-h1\/#primaryimage\"},\"image\":{\"@id\":\"https:\/\/xenonkungen.com\/no\/produkt\/lampeholder-mondeo-h1\/#primaryimage\"},\"thumbnailUrl\":\"https:\/\/xenonkungen.com\/wp-content\/uploads\/2025\/04\/6150599-origpic-34ffbb.jpg\",\"datePublished\":\"2025-04-15T08:39:04+00:00\",\"dateModified\":\"2026-04-10T16:42:33+00:00\",\"breadcrumb\":{\"@id\":\"https:\/\/xenonkungen.com\/no\/produkt\/lampeholder-mondeo-h1\/#breadcrumb\"},\"inLanguage\":\"nl-NL\",\"potentialAction\":[{\"@type\":\"ReadAction\",\"target\":[\"https:\/\/xenonkungen.com\/no\/produkt\/lampeholder-mondeo-h1\/\"]}]},{\"@type\":\"ImageObject\",\"inLanguage\":\"nl-NL\",\"@id\":\"https:\/\/xenonkungen.com\/no\/produkt\/lampeholder-mondeo-h1\/#primaryimage\",\"url\":\"https:\/\/xenonkungen.com\/wp-content\/uploads\/2025\/04\/6150599-origpic-34ffbb.jpg\",\"contentUrl\":\"https:\/\/xenonkungen.com\/wp-content\/uploads\/2025\/04\/6150599-origpic-34ffbb.jpg\",\"width\":500,\"height\":500},{\"@type\":\"BreadcrumbList\",\"@id\":\"https:\/\/xenonkungen.com\/no\/produkt\/lampeholder-mondeo-h1\/#breadcrumb\",\"itemListElement\":[{\"@type\":\"ListItem\",\"position\":1,\"name\":\"Hem\",\"item\":\"https:\/\/xenonkungen.com\/\"},{\"@type\":\"ListItem\",\"position\":2,\"name\":\"Shop\",\"item\":\"https:\/\/xenonkungen.com\/shop\/\"},{\"@type\":\"ListItem\",\"position\":3,\"name\":\"Lamph\u00e5llare Mondeo H1\"}]},{\"@type\":\"WebSite\",\"@id\":\"https:\/\/xenonkungen.com\/#website\",\"url\":\"https:\/\/xenonkungen.com\/\",\"name\":\"Xenonkungen\",\"description\":\"\",\"potentialAction\":[{\"@type\":\"SearchAction\",\"target\":{\"@type\":\"EntryPoint\",\"urlTemplate\":\"https:\/\/xenonkungen.com\/?s={search_term_string}\"},\"query-input\":{\"@type\":\"PropertyValueSpecification\",\"valueRequired\":true,\"valueName\":\"search_term_string\"}}],\"inLanguage\":\"nl-NL\"}]}<\/script>\n<!-- \/ Yoast SEO plugin. -->","yoast_head_json":{"title":"Lamphouder Mondeo H1 - Xenonkungen","robots":{"index":"index","follow":"follow","max-snippet":"max-snippet:-1","max-image-preview":"max-image-preview:large","max-video-preview":"max-video-preview:-1"},"canonical":"https:\/\/xenonkungen.com\/nl\/product\/lamphouder-mondeo-h1\/","og_locale":"nl_NL","og_type":"article","og_title":"Lamph\u00e5llare Mondeo H1 - Xenonkungen","og_description":"Denna lamph\u00e5llare \u00e4r relativt ny f\u00f6r oss och den \u00e4r inte bekr\u00e4ftat kompatibel med bilar p\u00e5 den europeiska marknaden? Tag ut den befintliga lamph\u00e5llaren i din bil och j\u00e4mf\u00f6r med den som avbildas h\u00e4r. Om likheten \u00e4r n\u00e5gorlunda \u00f6verensst\u00e4mmande s\u00e5 best\u00e4ll, montera och meddela g\u00e4rna oss p\u00e5 tel. 0300-30860 s\u00e5 att os\u00e4kerheten kan skingras f\u00f6r [&hellip;]","og_url":"https:\/\/xenonkungen.com\/nl\/product\/lamphouder-mondeo-h1\/","og_site_name":"Xenonkungen","article_modified_time":"2026-04-10T16:42:33+00:00","og_image":[{"width":500,"height":500,"url":"https:\/\/xenonkungen.com\/wp-content\/uploads\/2025\/04\/6150599-origpic-34ffbb.jpg","type":"image\/jpeg"}],"twitter_card":"summary_large_image","twitter_misc":{"Geschatte leestijd":"1 minuut"},"schema":{"@context":"https:\/\/schema.org","@graph":[{"@type":"WebPage","@id":"https:\/\/xenonkungen.com\/no\/produkt\/lampeholder-mondeo-h1\/","url":"https:\/\/xenonkungen.com\/no\/produkt\/lampeholder-mondeo-h1\/","name":"Lamphouder Mondeo H1 - Xenonkungen","isPartOf":{"@id":"https:\/\/xenonkungen.com\/#website"},"primaryImageOfPage":{"@id":"https:\/\/xenonkungen.com\/no\/produkt\/lampeholder-mondeo-h1\/#primaryimage"},"image":{"@id":"https:\/\/xenonkungen.com\/no\/produkt\/lampeholder-mondeo-h1\/#primaryimage"},"thumbnailUrl":"https:\/\/xenonkungen.com\/wp-content\/uploads\/2025\/04\/6150599-origpic-34ffbb.jpg","datePublished":"2025-04-15T08:39:04+00:00","dateModified":"2026-04-10T16:42:33+00:00","breadcrumb":{"@id":"https:\/\/xenonkungen.com\/no\/produkt\/lampeholder-mondeo-h1\/#breadcrumb"},"inLanguage":"nl-NL","potentialAction":[{"@type":"ReadAction","target":["https:\/\/xenonkungen.com\/no\/produkt\/lampeholder-mondeo-h1\/"]}]},{"@type":"ImageObject","inLanguage":"nl-NL","@id":"https:\/\/xenonkungen.com\/no\/produkt\/lampeholder-mondeo-h1\/#primaryimage","url":"https:\/\/xenonkungen.com\/wp-content\/uploads\/2025\/04\/6150599-origpic-34ffbb.jpg","contentUrl":"https:\/\/xenonkungen.com\/wp-content\/uploads\/2025\/04\/6150599-origpic-34ffbb.jpg","width":500,"height":500},{"@type":"BreadcrumbList","@id":"https:\/\/xenonkungen.com\/no\/produkt\/lampeholder-mondeo-h1\/#breadcrumb","itemListElement":[{"@type":"ListItem","position":1,"name":"Hem","item":"https:\/\/xenonkungen.com\/"},{"@type":"ListItem","position":2,"name":"Shop","item":"https:\/\/xenonkungen.com\/shop\/"},{"@type":"ListItem","position":3,"name":"Lamph\u00e5llare Mondeo H1"}]},{"@type":"WebSite","@id":"https:\/\/xenonkungen.com\/#website","url":"https:\/\/xenonkungen.com\/","name":"Xenonkungen","description":"","potentialAction":[{"@type":"SearchAction","target":{"@type":"EntryPoint","urlTemplate":"https:\/\/xenonkungen.com\/?s={search_term_string}"},"query-input":{"@type":"PropertyValueSpecification","valueRequired":true,"valueName":"search_term_string"}}],"inLanguage":"nl-NL"}]}},"taxonomy_info":{"product_cat":[{"value":2494,"label":"Lamph\u00e5llare"},{"value":2485,"label":"XENONKONVENTERING"}],"pa_lampsockel-kontakt":[{"value":336,"label":"H1"}]},"featured_image_src_large":["https:\/\/xenonkungen.com\/wp-content\/uploads\/2025\/04\/6150599-origpic-34ffbb.jpg",500,500,false],"author_info":[],"comment_info":0,"_links":{"self":[{"href":"https:\/\/xenonkungen.com\/nl\/wp-json\/wp\/v2\/product\/2540","targetHints":{"allow":["GET"]}}],"collection":[{"href":"https:\/\/xenonkungen.com\/nl\/wp-json\/wp\/v2\/product"}],"about":[{"href":"https:\/\/xenonkungen.com\/nl\/wp-json\/wp\/v2\/types\/product"}],"replies":[{"embeddable":true,"href":"https:\/\/xenonkungen.com\/nl\/wp-json\/wp\/v2\/comments?post=2540"}],"wp:featuredmedia":[{"embeddable":true,"href":"https:\/\/xenonkungen.com\/nl\/wp-json\/wp\/v2\/media\/2541"}],"wp:attachment":[{"href":"https:\/\/xenonkungen.com\/nl\/wp-json\/wp\/v2\/media?parent=2540"}],"wp:term":[{"taxonomy":"anvandningsomrade","embeddable":true,"href":"https:\/\/xenonkungen.com\/nl\/wp-json\/wp\/v2\/anvandningsomrade?post=2540"},{"taxonomy":"bilmarken","embeddable":true,"href":"https:\/\/xenonkungen.com\/nl\/wp-json\/wp\/v2\/bilmarken?post=2540"},{"taxonomy":"product_brand","embeddable":true,"href":"https:\/\/xenonkungen.com\/nl\/wp-json\/wp\/v2\/product_brand?post=2540"},{"taxonomy":"product_cat","embeddable":true,"href":"https:\/\/xenonkungen.com\/nl\/wp-json\/wp\/v2\/product_cat?post=2540"},{"taxonomy":"product_tag","embeddable":true,"href":"https:\/\/xenonkungen.com\/nl\/wp-json\/wp\/v2\/product_tag?post=2540"}],"curies":[{"name":"wp","href":"https:\/\/api.w.org\/{rel}","templated":true}]}}