{"id":25423,"date":"2026-01-28T13:37:49","date_gmt":"2026-01-28T12:37:49","guid":{"rendered":"https:\/\/xenonkungen.com\/?post_type=product&#038;p=25423"},"modified":"2026-04-11T00:56:54","modified_gmt":"2026-04-10T23:56:54","slug":"achterlichten-eu200r-links","status":"publish","type":"product","link":"https:\/\/xenonkungen.com\/nl\/product\/achterlichten-eu200r-links\/","title":{"rendered":"Achterlichten EU200R (links)"},"content":{"rendered":"<h1>Ontdek innovatieve voertuigverlichting<\/h1>\n<p>Ontdek de indrukwekkende kenmerken van dit paar innovatieve achterlichten die zowel uw veiligheid als de esthetiek van uw voertuig op de weg verbeteren. Deze lampen hebben een slank ontwerp waardoor ze perfect zijn voor diverse voertuigen, van kleine auto&#039;s tot grote vrachtwagens. Bovendien zijn ze uitgerust met ge\u00efntegreerde driehoekige reflectoren, die zorgen voor extra zichtbaarheid en veiligheid voor uw voertuig, vooral tijdens nachtelijke ritten of bij slecht weer.<\/p>\n<p>Een van de meest opvallende kenmerken van deze lampen is hun volledige vocht- en stofbestendigheid. Dit betekent dat ze ontworpen zijn om extreme weersomstandigheden en omgevingen te weerstaan, zonder in te leveren op prestaties of betrouwbaarheid. Met een royale garantie van 5 jaar kunt u er volledig op vertrouwen dat deze lampen jarenlang feilloos zullen presteren.<\/p>\n<p>Bovendien zijn deze lampen gemaakt van een duurzame kunststoflens en een ABS-frame, waardoor ze duurzaam zijn en bestand tegen stoten en spanningen die kunnen ontstaan tijdens het rijden.<\/p>\n<p>Deze achterlichten zijn bovendien ECE-goedgekeurd voor meerdere toepassingen, waaronder achterlichten, remlichten, richtingaanwijzers en mistlampen. Dit betekent dat ze voldoen aan de strenge Europese normen voor voertuigverlichting, waardoor u extra vertrouwen hebt in hun prestaties en veiligheid.<\/p>\n<p>Om de veelzijdigheid te vergroten, is er ook een uitgang voor aansluiting op bordverlichting met het accessoire LEA-35BLME1P.<\/p>\n<p>Deze lampen werken probleemloos met zowel 12V- als 24V-systemen en hebben afmetingen van 195x148x22 mm, waardoor ze ideaal zijn voor verschillende soorten voertuigen.<\/p>\n<p>Tot slot bevat deze set 1 lamp voor de linkerkant van uw voertuig, die zorgt voor een evenwichtige en gelijkmatige verlichting om uw zichtbaarheid en veiligheid op de weg te verbeteren. Met 5 jaar garantie kunt u erop vertrouwen dat deze lampen betrouwbare metgezellen zullen zijn tijdens uw ritten en uw rijervaring veiliger en comfortabeler zullen maken.<\/p>\n<p data-start=\"0\" data-end=\"26\"><strong data-start=\"0\" data-end=\"24\">Kabelkleurcodering:<\/strong><\/p>\n<ul data-start=\"27\" data-end=\"196\" data-is-last-node=\"\" data-is-only-node=\"\">\n<li data-start=\"27\" data-end=\"60\">\n<p data-start=\"29\" data-end=\"60\"><strong data-start=\"29\" data-end=\"46\">Zwart \/ Bruin:<\/strong> Achterlichten [+]<\/p>\n<\/li>\n<li data-start=\"61\" data-end=\"83\">\n<p data-start=\"63\" data-end=\"83\"><strong data-start=\"63\" data-end=\"71\">ROOD:<\/strong> Rem [+]<\/p>\n<\/li>\n<li data-start=\"84\" data-end=\"116\">\n<p data-start=\"86\" data-end=\"116\"><strong data-start=\"86\" data-end=\"101\">Geel \/ Groen:<\/strong> Knipperlichten [+]<\/p>\n<\/li>\n<li data-start=\"117\" data-end=\"141\">\n<p data-start=\"119\" data-end=\"141\"><strong data-start=\"119\" data-end=\"127\">Blauw:<\/strong> Mistlampen [+]<\/p>\n<\/li>\n<li data-start=\"142\" data-end=\"168\">\n<p data-start=\"144\" data-end=\"168\"><strong data-start=\"144\" data-end=\"153\">Roze:<\/strong> Achteruitrijlichten [+]<\/p>\n<\/li>\n<li data-start=\"169\" data-end=\"196\" data-is-last-node=\"\">\n<p data-start=\"171\" data-end=\"196\" data-is-last-node=\"\"><strong data-start=\"171\" data-end=\"179\">Wit:<\/strong> Aarde \/ Negatief [-]<\/p>\n<\/li>\n<\/ul>","protected":false},"excerpt":{"rendered":"<p>Uppt\u00e4ck Innovativa Fordonslampor Utforska de imponerande funktionerna hos detta par innovativa baklampor som kommer att f\u00f6rb\u00e4ttra b\u00e5de din s\u00e4kerhet och fordonets estetik p\u00e5 v\u00e4gen. Dessa lampor har en slimmad design som g\u00f6r dem perfekta f\u00f6r olika fordon, fr\u00e5n sm\u00e5 bilar till stora lastbilar. Dessutom \u00e4r de utrustade med integrerade triangelreflektorer, vilket ger extra synlighet och [&hellip;]<\/p>","protected":false},"featured_media":25419,"comment_status":"open","ping_status":"closed","template":"","meta":{"_acf_changed":false,"_smort_price_nok":"999","_smort_price_dkk":"","_smort_price_eur":"","_smort_sale_price_nok":"","_smort_sale_price_dkk":"","_smort_sale_price_eur":"","smort_restorder":"","shipmondo_restorder":"","_kad_blocks_custom_css":"","_kad_blocks_head_custom_js":"","_kad_blocks_body_custom_js":"","_kad_blocks_footer_custom_js":"","smort_custom_pricelist_1":"598.4","smort_custom_pricelist_2":"523.6","smort_custom_pricelist_3":"523.6","smort_custom_pricelist_4":"748","smort_custom_pricelist_5":"523.6"},"anvandningsomrade":[],"bilmarken":[],"product_brand":[1252,99],"product_cat":[2552,1267],"product_tag":[],"class_list":{"0":"post-25423","1":"product","2":"type-product","3":"status-publish","4":"has-post-thumbnail","6":"product_brand-lea","7":"product_brand-led-autolamps","8":"product_cat-bakljus-slap","9":"product_cat-bakljus","10":"pa_fuktskydd-varde-ipxx-ip67","11":"pa_godkannande-ece","12":"pa_godkannande-emc","13":"pa_storlek-mm-200x150x25","14":"pa_volt-v-159","15":"pa_volt-v-160","17":"first","18":"instock","19":"taxable","20":"shipping-taxable","21":"purchasable","22":"product-type-simple"},"bundled_by":[],"bundle_stock_status":"instock","bundle_stock_quantity":3,"bundle_virtual":false,"bundle_layout":"","bundle_add_to_cart_form_location":"","bundle_editable_in_cart":false,"bundle_sold_individually_context":"","bundle_item_grouping":"","bundle_min_size":"","bundle_max_size":"","bundle_price":[],"bundled_items":[],"bundle_sell_ids":[],"acf":[],"yoast_head":"<!-- This site is optimized with the Yoast SEO plugin v27.0 - https:\/\/yoast.com\/product\/yoast-seo-wordpress\/ -->\n<title>Baklampor EU200R (V\u00e4nster) - Xenonkungen<\/title>\n<meta name=\"robots\" content=\"index, follow, max-snippet:-1, max-image-preview:large, max-video-preview:-1\" \/>\n<link rel=\"canonical\" href=\"https:\/\/xenonkungen.com\/nl\/product\/achterlichten-eu200r-links\/\" \/>\n<meta property=\"og:locale\" content=\"nl_NL\" \/>\n<meta property=\"og:type\" content=\"article\" \/>\n<meta property=\"og:title\" content=\"Baklampor EU200R (V\u00e4nster) - Xenonkungen\" \/>\n<meta property=\"og:description\" content=\"Uppt\u00e4ck Innovativa Fordonslampor Utforska de imponerande funktionerna hos detta par innovativa baklampor som kommer att f\u00f6rb\u00e4ttra b\u00e5de din s\u00e4kerhet och fordonets estetik p\u00e5 v\u00e4gen. Dessa lampor har en slimmad design som g\u00f6r dem perfekta f\u00f6r olika fordon, fr\u00e5n sm\u00e5 bilar till stora lastbilar. Dessutom \u00e4r de utrustade med integrerade triangelreflektorer, vilket ger extra synlighet och [&hellip;]\" \/>\n<meta property=\"og:url\" content=\"https:\/\/xenonkungen.com\/nl\/product\/achterlichten-eu200r-links\/\" \/>\n<meta property=\"og:site_name\" content=\"Xenonkungen\" \/>\n<meta property=\"article:modified_time\" content=\"2026-04-10T23:56:54+00:00\" \/>\n<meta property=\"og:image\" content=\"https:\/\/xenonkungen.com\/wp-content\/uploads\/2026\/01\/EU200L-800x800-1.jpg\" \/>\n\t<meta property=\"og:image:width\" content=\"800\" \/>\n\t<meta property=\"og:image:height\" content=\"800\" \/>\n\t<meta property=\"og:image:type\" content=\"image\/jpeg\" \/>\n<meta name=\"twitter:card\" content=\"summary_large_image\" \/>\n<meta name=\"twitter:label1\" content=\"Geschatte leestijd\" \/>\n\t<meta name=\"twitter:data1\" content=\"2 minuten\" \/>\n<script type=\"application\/ld+json\" class=\"yoast-schema-graph\">{\"@context\":\"https:\/\/schema.org\",\"@graph\":[{\"@type\":\"WebPage\",\"@id\":\"https:\/\/xenonkungen.com\/fi\/tuote\/takavalot-eu200r-vasen\/\",\"url\":\"https:\/\/xenonkungen.com\/fi\/tuote\/takavalot-eu200r-vasen\/\",\"name\":\"Baklampor EU200R (V\u00e4nster) - Xenonkungen\",\"isPartOf\":{\"@id\":\"https:\/\/xenonkungen.com\/#website\"},\"primaryImageOfPage\":{\"@id\":\"https:\/\/xenonkungen.com\/fi\/tuote\/takavalot-eu200r-vasen\/#primaryimage\"},\"image\":{\"@id\":\"https:\/\/xenonkungen.com\/fi\/tuote\/takavalot-eu200r-vasen\/#primaryimage\"},\"thumbnailUrl\":\"https:\/\/xenonkungen.com\/wp-content\/uploads\/2026\/01\/EU200L-800x800-1.jpg\",\"datePublished\":\"2026-01-28T12:37:49+00:00\",\"dateModified\":\"2026-04-10T23:56:54+00:00\",\"breadcrumb\":{\"@id\":\"https:\/\/xenonkungen.com\/fi\/tuote\/takavalot-eu200r-vasen\/#breadcrumb\"},\"inLanguage\":\"nl-NL\",\"potentialAction\":[{\"@type\":\"ReadAction\",\"target\":[\"https:\/\/xenonkungen.com\/fi\/tuote\/takavalot-eu200r-vasen\/\"]}]},{\"@type\":\"ImageObject\",\"inLanguage\":\"nl-NL\",\"@id\":\"https:\/\/xenonkungen.com\/fi\/tuote\/takavalot-eu200r-vasen\/#primaryimage\",\"url\":\"https:\/\/xenonkungen.com\/wp-content\/uploads\/2026\/01\/EU200L-800x800-1.jpg\",\"contentUrl\":\"https:\/\/xenonkungen.com\/wp-content\/uploads\/2026\/01\/EU200L-800x800-1.jpg\",\"width\":800,\"height\":800},{\"@type\":\"BreadcrumbList\",\"@id\":\"https:\/\/xenonkungen.com\/fi\/tuote\/takavalot-eu200r-vasen\/#breadcrumb\",\"itemListElement\":[{\"@type\":\"ListItem\",\"position\":1,\"name\":\"Hem\",\"item\":\"https:\/\/xenonkungen.com\/\"},{\"@type\":\"ListItem\",\"position\":2,\"name\":\"Shop\",\"item\":\"https:\/\/xenonkungen.com\/shop\/\"},{\"@type\":\"ListItem\",\"position\":3,\"name\":\"Baklampor EU200R (V\u00e4nster)\"}]},{\"@type\":\"WebSite\",\"@id\":\"https:\/\/xenonkungen.com\/#website\",\"url\":\"https:\/\/xenonkungen.com\/\",\"name\":\"Xenonkungen\",\"description\":\"\",\"potentialAction\":[{\"@type\":\"SearchAction\",\"target\":{\"@type\":\"EntryPoint\",\"urlTemplate\":\"https:\/\/xenonkungen.com\/?s={search_term_string}\"},\"query-input\":{\"@type\":\"PropertyValueSpecification\",\"valueRequired\":true,\"valueName\":\"search_term_string\"}}],\"inLanguage\":\"nl-NL\"}]}<\/script>\n<!-- \/ Yoast SEO plugin. -->","yoast_head_json":{"title":"Achterlichten EU200R (links) - Xenonkungen","robots":{"index":"index","follow":"follow","max-snippet":"max-snippet:-1","max-image-preview":"max-image-preview:large","max-video-preview":"max-video-preview:-1"},"canonical":"https:\/\/xenonkungen.com\/nl\/product\/achterlichten-eu200r-links\/","og_locale":"nl_NL","og_type":"article","og_title":"Baklampor EU200R (V\u00e4nster) - Xenonkungen","og_description":"Uppt\u00e4ck Innovativa Fordonslampor Utforska de imponerande funktionerna hos detta par innovativa baklampor som kommer att f\u00f6rb\u00e4ttra b\u00e5de din s\u00e4kerhet och fordonets estetik p\u00e5 v\u00e4gen. Dessa lampor har en slimmad design som g\u00f6r dem perfekta f\u00f6r olika fordon, fr\u00e5n sm\u00e5 bilar till stora lastbilar. Dessutom \u00e4r de utrustade med integrerade triangelreflektorer, vilket ger extra synlighet och [&hellip;]","og_url":"https:\/\/xenonkungen.com\/nl\/product\/achterlichten-eu200r-links\/","og_site_name":"Xenonkungen","article_modified_time":"2026-04-10T23:56:54+00:00","og_image":[{"width":800,"height":800,"url":"https:\/\/xenonkungen.com\/wp-content\/uploads\/2026\/01\/EU200L-800x800-1.jpg","type":"image\/jpeg"}],"twitter_card":"summary_large_image","twitter_misc":{"Geschatte leestijd":"2 minuten"},"schema":{"@context":"https:\/\/schema.org","@graph":[{"@type":"WebPage","@id":"https:\/\/xenonkungen.com\/fi\/tuote\/takavalot-eu200r-vasen\/","url":"https:\/\/xenonkungen.com\/fi\/tuote\/takavalot-eu200r-vasen\/","name":"Achterlichten EU200R (links) - Xenonkungen","isPartOf":{"@id":"https:\/\/xenonkungen.com\/#website"},"primaryImageOfPage":{"@id":"https:\/\/xenonkungen.com\/fi\/tuote\/takavalot-eu200r-vasen\/#primaryimage"},"image":{"@id":"https:\/\/xenonkungen.com\/fi\/tuote\/takavalot-eu200r-vasen\/#primaryimage"},"thumbnailUrl":"https:\/\/xenonkungen.com\/wp-content\/uploads\/2026\/01\/EU200L-800x800-1.jpg","datePublished":"2026-01-28T12:37:49+00:00","dateModified":"2026-04-10T23:56:54+00:00","breadcrumb":{"@id":"https:\/\/xenonkungen.com\/fi\/tuote\/takavalot-eu200r-vasen\/#breadcrumb"},"inLanguage":"nl-NL","potentialAction":[{"@type":"ReadAction","target":["https:\/\/xenonkungen.com\/fi\/tuote\/takavalot-eu200r-vasen\/"]}]},{"@type":"ImageObject","inLanguage":"nl-NL","@id":"https:\/\/xenonkungen.com\/fi\/tuote\/takavalot-eu200r-vasen\/#primaryimage","url":"https:\/\/xenonkungen.com\/wp-content\/uploads\/2026\/01\/EU200L-800x800-1.jpg","contentUrl":"https:\/\/xenonkungen.com\/wp-content\/uploads\/2026\/01\/EU200L-800x800-1.jpg","width":800,"height":800},{"@type":"BreadcrumbList","@id":"https:\/\/xenonkungen.com\/fi\/tuote\/takavalot-eu200r-vasen\/#breadcrumb","itemListElement":[{"@type":"ListItem","position":1,"name":"Hem","item":"https:\/\/xenonkungen.com\/"},{"@type":"ListItem","position":2,"name":"Shop","item":"https:\/\/xenonkungen.com\/shop\/"},{"@type":"ListItem","position":3,"name":"Baklampor EU200R (V\u00e4nster)"}]},{"@type":"WebSite","@id":"https:\/\/xenonkungen.com\/#website","url":"https:\/\/xenonkungen.com\/","name":"Xenonkungen","description":"","potentialAction":[{"@type":"SearchAction","target":{"@type":"EntryPoint","urlTemplate":"https:\/\/xenonkungen.com\/?s={search_term_string}"},"query-input":{"@type":"PropertyValueSpecification","valueRequired":true,"valueName":"search_term_string"}}],"inLanguage":"nl-NL"}]}},"taxonomy_info":{"product_brand":[{"value":1252,"label":"LEA"},{"value":99,"label":"LED Autolamps"}],"product_cat":[{"value":2552,"label":"Bakljus"},{"value":1267,"label":"Bakljus"}],"pa_fuktskydd-varde-ipxx":[{"value":333,"label":"IP67"}],"pa_godkannande":[{"value":192,"label":"ECE"},{"value":1229,"label":"EMC"}],"pa_storlek-mm":[{"value":2868,"label":"200x150x25"}],"pa_volt-v":[{"value":159,"label":"12"},{"value":160,"label":"24"}]},"featured_image_src_large":["https:\/\/xenonkungen.com\/wp-content\/uploads\/2026\/01\/EU200L-800x800-1.jpg",800,800,false],"author_info":[],"comment_info":0,"_links":{"self":[{"href":"https:\/\/xenonkungen.com\/nl\/wp-json\/wp\/v2\/product\/25423","targetHints":{"allow":["GET"]}}],"collection":[{"href":"https:\/\/xenonkungen.com\/nl\/wp-json\/wp\/v2\/product"}],"about":[{"href":"https:\/\/xenonkungen.com\/nl\/wp-json\/wp\/v2\/types\/product"}],"replies":[{"embeddable":true,"href":"https:\/\/xenonkungen.com\/nl\/wp-json\/wp\/v2\/comments?post=25423"}],"wp:featuredmedia":[{"embeddable":true,"href":"https:\/\/xenonkungen.com\/nl\/wp-json\/wp\/v2\/media\/25419"}],"wp:attachment":[{"href":"https:\/\/xenonkungen.com\/nl\/wp-json\/wp\/v2\/media?parent=25423"}],"wp:term":[{"taxonomy":"anvandningsomrade","embeddable":true,"href":"https:\/\/xenonkungen.com\/nl\/wp-json\/wp\/v2\/anvandningsomrade?post=25423"},{"taxonomy":"bilmarken","embeddable":true,"href":"https:\/\/xenonkungen.com\/nl\/wp-json\/wp\/v2\/bilmarken?post=25423"},{"taxonomy":"product_brand","embeddable":true,"href":"https:\/\/xenonkungen.com\/nl\/wp-json\/wp\/v2\/product_brand?post=25423"},{"taxonomy":"product_cat","embeddable":true,"href":"https:\/\/xenonkungen.com\/nl\/wp-json\/wp\/v2\/product_cat?post=25423"},{"taxonomy":"product_tag","embeddable":true,"href":"https:\/\/xenonkungen.com\/nl\/wp-json\/wp\/v2\/product_tag?post=25423"}],"curies":[{"name":"wp","href":"https:\/\/api.w.org\/{rel}","templated":true}]}}