{"id":2544,"date":"2025-04-15T08:39:04","date_gmt":"2025-04-15T08:39:04","guid":{"rendered":"https:\/\/xenonkungen.com\/product\/lamphallare-honda-h7\/"},"modified":"2026-03-04T16:59:44","modified_gmt":"2026-03-04T15:59:44","slug":"lamphouder-honda-h7","status":"publish","type":"product","link":"https:\/\/xenonkungen.com\/nl\/product\/lamphouder-honda-h7\/","title":{"rendered":"Lamphouder Honda H7"},"content":{"rendered":"<p>Deze lamphouder is relatief nieuw voor ons en het is niet bevestigd dat hij compatibel is met auto's op de Europese markt?<\/p>\n<p>Haal de bestaande lamphouder uit je auto en vergelijk hem met de hier afgebeelde.<\/p>\n<p>Als de gelijkenis redelijk consistent is, bestel, installeer en meld het ons op tel. 0300-30860 zodat onzekerheid voor nieuwe klanten kan worden weggenomen.<\/p>\n<p>De meeste lamphouders passen op heel andere merken\/modellen dan aangegeven. We zullen hier rekening mee houden zodra er kennis beschikbaar is.<\/p>\n<p>Geschikt voor de volgende auto's:<br \/><strong>Honda<\/strong> Odyssey 2005-2010<br \/><strong>Toyota<\/strong> Avensis 2007 grootlicht (met origineel xenon dimlicht)<\/p>\n<p>Motorfietsen:<br \/><strong>Yamaha<\/strong> Fazer FZR600 1998-2004 Dimlicht<\/p>\n<p>Let op! Lamphouders zijn niet compatibel met Focus Eye xenonlampen omdat deze breder zijn aan de basis.<\/p>\n<p>Levering per paar.<\/p>","protected":false},"excerpt":{"rendered":"<p>Denna lamph\u00e5llare \u00e4r relativt ny f\u00f6r oss och den \u00e4r inte bekr\u00e4ftat kompatibel med bilar p\u00e5 den europeiska marknaden? Tag ut den befintliga lamph\u00e5llaren i din bil och j\u00e4mf\u00f6r med den som avbildas h\u00e4r. Om likheten \u00e4r n\u00e5gorlunda \u00f6verensst\u00e4mmande s\u00e5 best\u00e4ll, montera och meddela g\u00e4rna oss p\u00e5 tel. 0300-30860 s\u00e5 att os\u00e4kerheten kan skingras f\u00f6r [&hellip;]<\/p>","protected":false},"featured_media":2545,"comment_status":"closed","ping_status":"open","template":"","meta":{"_acf_changed":false,"_smort_price_nok":"53","_smort_price_dkk":"34","_smort_price_eur":"4.55","_smort_sale_price_nok":"","_smort_sale_price_dkk":"","_smort_sale_price_eur":"","smort_restorder":"","shipmondo_restorder":"","_kad_blocks_custom_css":"","_kad_blocks_head_custom_js":"","_kad_blocks_body_custom_js":"","_kad_blocks_footer_custom_js":"","smort_custom_pricelist_1":"32","smort_custom_pricelist_2":"28","smort_custom_pricelist_3":"26.6","smort_custom_pricelist_4":"40","smort_custom_pricelist_5":"28"},"anvandningsomrade":[165,236,237,207,166,234,167,238,235],"bilmarken":[258,219,837],"product_brand":[],"product_cat":[411],"product_tag":[],"class_list":{"0":"post-2544","1":"product","2":"type-product","3":"status-publish","4":"has-post-thumbnail","6":"anvandningsomrade-atv","7":"anvandningsomrade-entreprenad","8":"anvandningsomrade-fritid","9":"anvandningsomrade-husbil","10":"anvandningsomrade-lastbil","11":"anvandningsomrade-mc","12":"anvandningsomrade-personbil","13":"anvandningsomrade-slap","14":"anvandningsomrade-snoskoter","15":"bilmarken-honda","16":"bilmarken-toyota","17":"bilmarken-yamaha-mc","18":"product_cat-lamphallare","20":"first","21":"instock","22":"taxable","23":"shipping-taxable","24":"purchasable","25":"product-type-simple"},"bundled_by":[],"bundle_stock_status":"instock","bundle_stock_quantity":12,"bundle_virtual":false,"bundle_layout":"","bundle_add_to_cart_form_location":"","bundle_editable_in_cart":false,"bundle_sold_individually_context":"","bundle_item_grouping":"","bundle_min_size":"","bundle_max_size":"","bundle_price":[],"bundled_items":[],"bundle_sell_ids":[],"acf":[],"yoast_head":"<!-- This site is optimized with the Yoast SEO plugin v27.0 - https:\/\/yoast.com\/product\/yoast-seo-wordpress\/ -->\n<title>Lamph\u00e5llare Honda H7 - Xenonkungen<\/title>\n<meta name=\"robots\" content=\"index, follow, max-snippet:-1, max-image-preview:large, max-video-preview:-1\" \/>\n<link rel=\"canonical\" href=\"https:\/\/xenonkungen.com\/nl\/product\/lamphouder-honda-h7\/\" \/>\n<meta property=\"og:locale\" content=\"nl_NL\" \/>\n<meta property=\"og:type\" content=\"article\" \/>\n<meta property=\"og:title\" content=\"Lamph\u00e5llare Honda H7 - Xenonkungen\" \/>\n<meta property=\"og:description\" content=\"Denna lamph\u00e5llare \u00e4r relativt ny f\u00f6r oss och den \u00e4r inte bekr\u00e4ftat kompatibel med bilar p\u00e5 den europeiska marknaden? Tag ut den befintliga lamph\u00e5llaren i din bil och j\u00e4mf\u00f6r med den som avbildas h\u00e4r. Om likheten \u00e4r n\u00e5gorlunda \u00f6verensst\u00e4mmande s\u00e5 best\u00e4ll, montera och meddela g\u00e4rna oss p\u00e5 tel. 0300-30860 s\u00e5 att os\u00e4kerheten kan skingras f\u00f6r [&hellip;]\" \/>\n<meta property=\"og:url\" content=\"https:\/\/xenonkungen.com\/nl\/product\/lamphouder-honda-h7\/\" \/>\n<meta property=\"og:site_name\" content=\"Xenonkungen\" \/>\n<meta property=\"article:modified_time\" content=\"2026-03-04T15:59:44+00:00\" \/>\n<meta property=\"og:image\" content=\"https:\/\/xenonkungen.com\/wp-content\/uploads\/2025\/04\/6157205-origpic-eaf9d5.jpg\" \/>\n\t<meta property=\"og:image:width\" content=\"500\" \/>\n\t<meta property=\"og:image:height\" content=\"500\" \/>\n\t<meta property=\"og:image:type\" content=\"image\/jpeg\" \/>\n<meta name=\"twitter:card\" content=\"summary_large_image\" \/>\n<meta name=\"twitter:label1\" content=\"Geschatte leestijd\" \/>\n\t<meta name=\"twitter:data1\" content=\"1 minuut\" \/>\n<script type=\"application\/ld+json\" class=\"yoast-schema-graph\">{\"@context\":\"https:\/\/schema.org\",\"@graph\":[{\"@type\":\"WebPage\",\"@id\":\"https:\/\/xenonkungen.com\/produkt\/lamphallare-honda-h7\/\",\"url\":\"https:\/\/xenonkungen.com\/produkt\/lamphallare-honda-h7\/\",\"name\":\"Lamph\u00e5llare Honda H7 - Xenonkungen\",\"isPartOf\":{\"@id\":\"https:\/\/xenonkungen.com\/#website\"},\"primaryImageOfPage\":{\"@id\":\"https:\/\/xenonkungen.com\/produkt\/lamphallare-honda-h7\/#primaryimage\"},\"image\":{\"@id\":\"https:\/\/xenonkungen.com\/produkt\/lamphallare-honda-h7\/#primaryimage\"},\"thumbnailUrl\":\"https:\/\/xenonkungen.com\/wp-content\/uploads\/2025\/04\/6157205-origpic-eaf9d5.jpg\",\"datePublished\":\"2025-04-15T08:39:04+00:00\",\"dateModified\":\"2026-03-04T15:59:44+00:00\",\"breadcrumb\":{\"@id\":\"https:\/\/xenonkungen.com\/produkt\/lamphallare-honda-h7\/#breadcrumb\"},\"inLanguage\":\"nl-NL\",\"potentialAction\":[{\"@type\":\"ReadAction\",\"target\":[\"https:\/\/xenonkungen.com\/produkt\/lamphallare-honda-h7\/\"]}]},{\"@type\":\"ImageObject\",\"inLanguage\":\"nl-NL\",\"@id\":\"https:\/\/xenonkungen.com\/produkt\/lamphallare-honda-h7\/#primaryimage\",\"url\":\"https:\/\/xenonkungen.com\/wp-content\/uploads\/2025\/04\/6157205-origpic-eaf9d5.jpg\",\"contentUrl\":\"https:\/\/xenonkungen.com\/wp-content\/uploads\/2025\/04\/6157205-origpic-eaf9d5.jpg\",\"width\":500,\"height\":500},{\"@type\":\"BreadcrumbList\",\"@id\":\"https:\/\/xenonkungen.com\/produkt\/lamphallare-honda-h7\/#breadcrumb\",\"itemListElement\":[{\"@type\":\"ListItem\",\"position\":1,\"name\":\"Hem\",\"item\":\"https:\/\/xenonkungen.com\/\"},{\"@type\":\"ListItem\",\"position\":2,\"name\":\"Shop\",\"item\":\"https:\/\/xenonkungen.com\/shop\/\"},{\"@type\":\"ListItem\",\"position\":3,\"name\":\"Lamph\u00e5llare Honda H7\"}]},{\"@type\":\"WebSite\",\"@id\":\"https:\/\/xenonkungen.com\/#website\",\"url\":\"https:\/\/xenonkungen.com\/\",\"name\":\"Xenonkungen\",\"description\":\"\",\"potentialAction\":[{\"@type\":\"SearchAction\",\"target\":{\"@type\":\"EntryPoint\",\"urlTemplate\":\"https:\/\/xenonkungen.com\/?s={search_term_string}\"},\"query-input\":{\"@type\":\"PropertyValueSpecification\",\"valueRequired\":true,\"valueName\":\"search_term_string\"}}],\"inLanguage\":\"nl-NL\"}]}<\/script>\n<!-- \/ Yoast SEO plugin. -->","yoast_head_json":{"title":"Lamphouder Honda H7 - De Xenon-koning","robots":{"index":"index","follow":"follow","max-snippet":"max-snippet:-1","max-image-preview":"max-image-preview:large","max-video-preview":"max-video-preview:-1"},"canonical":"https:\/\/xenonkungen.com\/nl\/product\/lamphouder-honda-h7\/","og_locale":"nl_NL","og_type":"article","og_title":"Lamph\u00e5llare Honda H7 - Xenonkungen","og_description":"Denna lamph\u00e5llare \u00e4r relativt ny f\u00f6r oss och den \u00e4r inte bekr\u00e4ftat kompatibel med bilar p\u00e5 den europeiska marknaden? Tag ut den befintliga lamph\u00e5llaren i din bil och j\u00e4mf\u00f6r med den som avbildas h\u00e4r. Om likheten \u00e4r n\u00e5gorlunda \u00f6verensst\u00e4mmande s\u00e5 best\u00e4ll, montera och meddela g\u00e4rna oss p\u00e5 tel. 0300-30860 s\u00e5 att os\u00e4kerheten kan skingras f\u00f6r [&hellip;]","og_url":"https:\/\/xenonkungen.com\/nl\/product\/lamphouder-honda-h7\/","og_site_name":"Xenonkungen","article_modified_time":"2026-03-04T15:59:44+00:00","og_image":[{"width":500,"height":500,"url":"https:\/\/xenonkungen.com\/wp-content\/uploads\/2025\/04\/6157205-origpic-eaf9d5.jpg","type":"image\/jpeg"}],"twitter_card":"summary_large_image","twitter_misc":{"Geschatte leestijd":"1 minuut"},"schema":{"@context":"https:\/\/schema.org","@graph":[{"@type":"WebPage","@id":"https:\/\/xenonkungen.com\/produkt\/lamphallare-honda-h7\/","url":"https:\/\/xenonkungen.com\/produkt\/lamphallare-honda-h7\/","name":"Lamphouder Honda H7 - De Xenon-koning","isPartOf":{"@id":"https:\/\/xenonkungen.com\/#website"},"primaryImageOfPage":{"@id":"https:\/\/xenonkungen.com\/produkt\/lamphallare-honda-h7\/#primaryimage"},"image":{"@id":"https:\/\/xenonkungen.com\/produkt\/lamphallare-honda-h7\/#primaryimage"},"thumbnailUrl":"https:\/\/xenonkungen.com\/wp-content\/uploads\/2025\/04\/6157205-origpic-eaf9d5.jpg","datePublished":"2025-04-15T08:39:04+00:00","dateModified":"2026-03-04T15:59:44+00:00","breadcrumb":{"@id":"https:\/\/xenonkungen.com\/produkt\/lamphallare-honda-h7\/#breadcrumb"},"inLanguage":"nl-NL","potentialAction":[{"@type":"ReadAction","target":["https:\/\/xenonkungen.com\/produkt\/lamphallare-honda-h7\/"]}]},{"@type":"ImageObject","inLanguage":"nl-NL","@id":"https:\/\/xenonkungen.com\/produkt\/lamphallare-honda-h7\/#primaryimage","url":"https:\/\/xenonkungen.com\/wp-content\/uploads\/2025\/04\/6157205-origpic-eaf9d5.jpg","contentUrl":"https:\/\/xenonkungen.com\/wp-content\/uploads\/2025\/04\/6157205-origpic-eaf9d5.jpg","width":500,"height":500},{"@type":"BreadcrumbList","@id":"https:\/\/xenonkungen.com\/produkt\/lamphallare-honda-h7\/#breadcrumb","itemListElement":[{"@type":"ListItem","position":1,"name":"Hem","item":"https:\/\/xenonkungen.com\/"},{"@type":"ListItem","position":2,"name":"Shop","item":"https:\/\/xenonkungen.com\/shop\/"},{"@type":"ListItem","position":3,"name":"Lamph\u00e5llare Honda H7"}]},{"@type":"WebSite","@id":"https:\/\/xenonkungen.com\/#website","url":"https:\/\/xenonkungen.com\/","name":"Xenonkungen","description":"","potentialAction":[{"@type":"SearchAction","target":{"@type":"EntryPoint","urlTemplate":"https:\/\/xenonkungen.com\/?s={search_term_string}"},"query-input":{"@type":"PropertyValueSpecification","valueRequired":true,"valueName":"search_term_string"}}],"inLanguage":"nl-NL"}]}},"taxonomy_info":{"anvandningsomrade":[{"value":165,"label":"ATV"},{"value":236,"label":"Entreprenad"},{"value":237,"label":"Fritid"},{"value":207,"label":"Husbil"},{"value":166,"label":"Lastbil"},{"value":234,"label":"MC"},{"value":167,"label":"PERSONBIL"},{"value":238,"label":"SL\u00c4P"},{"value":235,"label":"SN\u00d6SKOTER"}],"bilmarken":[{"value":258,"label":"Honda"},{"value":219,"label":"Toyota"},{"value":837,"label":"Yamaha (MC)"}],"product_cat":[{"value":411,"label":"Lamph\u00e5llare"}]},"featured_image_src_large":["https:\/\/xenonkungen.com\/wp-content\/uploads\/2025\/04\/6157205-origpic-eaf9d5.jpg",500,500,false],"author_info":[],"comment_info":0,"_links":{"self":[{"href":"https:\/\/xenonkungen.com\/nl\/wp-json\/wp\/v2\/product\/2544","targetHints":{"allow":["GET"]}}],"collection":[{"href":"https:\/\/xenonkungen.com\/nl\/wp-json\/wp\/v2\/product"}],"about":[{"href":"https:\/\/xenonkungen.com\/nl\/wp-json\/wp\/v2\/types\/product"}],"replies":[{"embeddable":true,"href":"https:\/\/xenonkungen.com\/nl\/wp-json\/wp\/v2\/comments?post=2544"}],"wp:featuredmedia":[{"embeddable":true,"href":"https:\/\/xenonkungen.com\/nl\/wp-json\/wp\/v2\/media\/2545"}],"wp:attachment":[{"href":"https:\/\/xenonkungen.com\/nl\/wp-json\/wp\/v2\/media?parent=2544"}],"wp:term":[{"taxonomy":"anvandningsomrade","embeddable":true,"href":"https:\/\/xenonkungen.com\/nl\/wp-json\/wp\/v2\/anvandningsomrade?post=2544"},{"taxonomy":"bilmarken","embeddable":true,"href":"https:\/\/xenonkungen.com\/nl\/wp-json\/wp\/v2\/bilmarken?post=2544"},{"taxonomy":"product_brand","embeddable":true,"href":"https:\/\/xenonkungen.com\/nl\/wp-json\/wp\/v2\/product_brand?post=2544"},{"taxonomy":"product_cat","embeddable":true,"href":"https:\/\/xenonkungen.com\/nl\/wp-json\/wp\/v2\/product_cat?post=2544"},{"taxonomy":"product_tag","embeddable":true,"href":"https:\/\/xenonkungen.com\/nl\/wp-json\/wp\/v2\/product_tag?post=2544"}],"curies":[{"name":"wp","href":"https:\/\/api.w.org\/{rel}","templated":true}]}}