{"id":25584,"date":"2026-01-30T12:14:34","date_gmt":"2026-01-30T11:14:34","guid":{"rendered":"https:\/\/xenonkungen.com\/?post_type=product&#038;p=25584"},"modified":"2026-04-19T09:10:43","modified_gmt":"2026-04-19T08:10:43","slug":"night-breaker-smart-h9-straatlegaal","status":"publish","type":"product","link":"https:\/\/xenonkungen.com\/nl\/product\/night-breaker-smart-h9-straatlegaal\/","title":{"rendered":"NIGHT BREAKER SMART H9 | Straatlegaal"},"content":{"rendered":"<h3 data-start=\"157\" data-end=\"227\">Upgrade naar legale LED-verlichting \u2013 slimmere verlichting voor dim- en grootlicht.<\/h3>\n<p data-start=\"229\" data-end=\"593\"><strong data-start=\"229\" data-end=\"297\"><span class=\"hover:entity-accent entity-underline inline cursor-pointer align-baseline\"><span class=\"whitespace-normal\">OSRAM<\/span><\/span> NIGHT BREAKER LED SMART H9<\/strong> maakt het mogelijk om eenvoudig over te schakelen van traditionele halogeenlampen naar <strong data-start=\"368\" data-end=\"408\">geavanceerde en straatlegale\u00b9 LED-technologie<\/strong> \u2013 in nog meer voertuigen dan voorheen. Dankzij zijn <strong data-start=\"457\" data-end=\"487\">innovatief compact ontwerp<\/strong>Met een verfijnde constructie en indrukwekkende helderheid is dit een moderne upgrade zonder compromissen.<\/p>\n<p data-start=\"595\" data-end=\"834\">Met NIGHT BREAKER LED SMART H9 upgrade je beide <strong data-start=\"646\" data-end=\"667\">grootlicht en dimlicht<\/strong> volgens de nieuwste LED-technologie. De lampen zijn ontwikkeld als <strong data-start=\"726\" data-end=\"789\">directe vervanging voor standaard H9 halogeenlampen en fittingen\u00b9<\/strong>waardoor de installatie soepel en veilig verloopt.<\/p>\n<hr data-start=\"836\" data-end=\"839\" \/>\n<h3 data-start=\"841\" data-end=\"885\">Waarom kiezen voor de NIGHT BREAKER LED SMART H9?<\/h3>\n<ul data-start=\"887\" data-end=\"1287\">\n<li data-start=\"887\" data-end=\"943\">\n<p data-start=\"889\" data-end=\"943\"><strong data-start=\"889\" data-end=\"919\">Straatlegale\u00b9 LED-vervanging<\/strong> voor groot- en dimlicht<\/p>\n<\/li>\n<li data-start=\"944\" data-end=\"1010\">\n<p data-start=\"946\" data-end=\"1010\"><strong data-start=\"946\" data-end=\"973\">Modern koel wit lichtpatroon<\/strong> met een kleurtemperatuur tot 6000 K<\/p>\n<\/li>\n<li data-start=\"1011\" data-end=\"1075\">\n<p data-start=\"1013\" data-end=\"1075\"><strong data-start=\"1013\" data-end=\"1038\">Extra hoge helderheid\u00b2<\/strong> voor beter zicht en meer rijcomfort<\/p>\n<\/li>\n<li data-start=\"1076\" data-end=\"1136\">\n<p data-start=\"1078\" data-end=\"1136\"><strong data-start=\"1078\" data-end=\"1111\">Tot 50 % minder verblinding<\/strong> dan de maximaal toegestane waarden\u00b2<\/p>\n<\/li>\n<li data-start=\"1137\" data-end=\"1202\">\n<p data-start=\"1139\" data-end=\"1202\"><strong data-start=\"1139\" data-end=\"1180\">Tot wel 60% lager energieverbruik<\/strong> vergeleken met halogeen<\/p>\n<\/li>\n<li data-start=\"1203\" data-end=\"1287\">\n<p data-start=\"1205\" data-end=\"1287\"><strong data-start=\"1205\" data-end=\"1244\">Tot wel 6 keer langere levensduur\u00b3<\/strong> dankzij het trillingsbestendige LED-ontwerp<\/p>\n<\/li>\n<\/ul>\n<hr data-start=\"1289\" data-end=\"1292\" \/>\n<p data-start=\"1294\" data-end=\"1528\">Vergeleken met traditionele halogeenlampen biedt de NIGHT BREAKER LED SMART H9 een <strong data-start=\"1373\" data-end=\"1424\">een effici\u00ebntere, duurzamere en modernere verlichtingsoplossing<\/strong>LED-technologie zorgt niet alleen voor betere verlichting op de weg, maar vermindert ook de belasting van het elektrische systeem van het voertuig.<\/p>\n<p data-start=\"1530\" data-end=\"1766\">De lampen zijn <strong data-start=\"1542\" data-end=\"1584\">goedgekeurd voor gebruik op openbare wegen\u00b9<\/strong>waardoor u kunt genieten van maximale helderheid zonder concessies te doen aan regelgeving of veiligheid. Voor extra gemoedsrust biedt OSRAM ook het volgende: <strong data-start=\"1720\" data-end=\"1765\">Garantie op alle NIGHT BREAKER LED-lampen\u00b2<\/strong>.<\/p>\n<p data-start=\"1768\" data-end=\"1909\" data-is-last-node=\"\" data-is-only-node=\"\"><strong data-start=\"1771\" data-end=\"1816\">Schakel over naar OSRAM NIGHT BREAKER LED SMART H9<\/strong> En ervaar het verschil: helderder licht, een langere levensduur en een volledig legale LED-upgrade.<\/p>\n<h2><a href=\"https:\/\/look.ams-osram.com\/m\/279bdebe1f871386\/original\/led-night-breaker-h7-vehicle-list-en.pdf\" target=\"_blank\" rel=\"noopener\">Bekijk hier compatibele automodellen<\/a><\/h2>","protected":false},"excerpt":{"rendered":"<p>Uppgradera till laglig LED \u2013 smartare ljus f\u00f6r hel- och halvljus OSRAM NIGHT BREAKER LED SMART H9 g\u00f6r det m\u00f6jligt att enkelt byta fr\u00e5n traditionella halogenlampor till avancerad och gatulaglig\u00b9 LED-teknik \u2013 i \u00e4nnu fler fordon \u00e4n tidigare. Tack vare sin innovativa kompakta design, sofistikerade konstruktion och imponerande ljusstyrka \u00e4r detta en modern uppgradering utan [&hellip;]<\/p>","protected":false},"featured_media":25587,"comment_status":"open","ping_status":"closed","template":"","meta":{"_acf_changed":false,"_smort_price_nok":"1917","_smort_price_dkk":"","_smort_price_eur":"","_smort_sale_price_nok":"","_smort_sale_price_dkk":"","_smort_sale_price_eur":"","smort_restorder":"","shipmondo_restorder":"","_kad_blocks_custom_css":"","_kad_blocks_head_custom_js":"","_kad_blocks_body_custom_js":"","_kad_blocks_footer_custom_js":"","smort_custom_pricelist_1":"1148.8","smort_custom_pricelist_2":"1005.2","smort_custom_pricelist_3":"933.4","smort_custom_pricelist_4":"1436","smort_custom_pricelist_5":"1005.2"},"anvandningsomrade":[],"bilmarken":[],"product_brand":[108],"product_cat":[2451,733],"product_tag":[],"class_list":{"0":"post-25584","1":"product","2":"type-product","3":"status-publish","4":"has-post-thumbnail","6":"product_brand-osram","7":"product_cat-led-konvertering","8":"product_cat-halvljus-helljus","9":"pa_fargtemperatur-6000k","10":"pa_lampsockel-kontakt-h9","11":"pa_volt-v-159","13":"first","14":"onbackorder","15":"taxable","16":"shipping-taxable","17":"purchasable","18":"product-type-simple"},"bundled_by":[],"bundle_stock_status":"onbackorder","bundle_stock_quantity":-4,"bundle_virtual":false,"bundle_layout":"","bundle_add_to_cart_form_location":"","bundle_editable_in_cart":false,"bundle_sold_individually_context":"","bundle_item_grouping":"","bundle_min_size":"","bundle_max_size":"","bundle_price":[],"bundled_items":[],"bundle_sell_ids":[],"acf":[],"yoast_head":"<!-- This site is optimized with the Yoast SEO plugin v27.0 - https:\/\/yoast.com\/product\/yoast-seo-wordpress\/ -->\n<title>NIGHT BREAKER SMART H9 | Street Legal - Xenonkungen<\/title>\n<meta name=\"robots\" content=\"index, follow, max-snippet:-1, max-image-preview:large, max-video-preview:-1\" \/>\n<link rel=\"canonical\" href=\"https:\/\/xenonkungen.com\/nl\/product\/night-breaker-smart-h9-straatlegaal\/\" \/>\n<meta property=\"og:locale\" content=\"nl_NL\" \/>\n<meta property=\"og:type\" content=\"article\" \/>\n<meta property=\"og:title\" content=\"NIGHT BREAKER SMART H9 | Street Legal - Xenonkungen\" \/>\n<meta property=\"og:description\" content=\"Uppgradera till laglig LED \u2013 smartare ljus f\u00f6r hel- och halvljus OSRAM NIGHT BREAKER LED SMART H9 g\u00f6r det m\u00f6jligt att enkelt byta fr\u00e5n traditionella halogenlampor till avancerad och gatulaglig\u00b9 LED-teknik \u2013 i \u00e4nnu fler fordon \u00e4n tidigare. Tack vare sin innovativa kompakta design, sofistikerade konstruktion och imponerande ljusstyrka \u00e4r detta en modern uppgradering utan [&hellip;]\" \/>\n<meta property=\"og:url\" content=\"https:\/\/xenonkungen.com\/nl\/product\/night-breaker-smart-h9-straatlegaal\/\" \/>\n<meta property=\"og:site_name\" content=\"Xenonkungen\" \/>\n<meta property=\"article:modified_time\" content=\"2026-04-19T08:10:43+00:00\" \/>\n<meta property=\"og:image\" content=\"https:\/\/xenonkungen.com\/wp-content\/uploads\/2026\/01\/Small-for-web-and-ppt-G15142657_LED_FC2_64213DWNBSM-2HB_MiCh_OSRAM_Composing.jpg\" \/>\n\t<meta property=\"og:image:width\" content=\"1024\" \/>\n\t<meta property=\"og:image:height\" content=\"1024\" \/>\n\t<meta property=\"og:image:type\" content=\"image\/jpeg\" \/>\n<meta name=\"twitter:card\" content=\"summary_large_image\" \/>\n<meta name=\"twitter:label1\" content=\"Geschatte leestijd\" \/>\n\t<meta name=\"twitter:data1\" content=\"2 minuten\" \/>\n<script type=\"application\/ld+json\" class=\"yoast-schema-graph\">{\"@context\":\"https:\/\/schema.org\",\"@graph\":[{\"@type\":\"WebPage\",\"@id\":\"https:\/\/xenonkungen.com\/produkt\/night-breaker-smart-h9-street-legal\/\",\"url\":\"https:\/\/xenonkungen.com\/produkt\/night-breaker-smart-h9-street-legal\/\",\"name\":\"NIGHT BREAKER SMART H9 | Street Legal - Xenonkungen\",\"isPartOf\":{\"@id\":\"https:\/\/xenonkungen.com\/#website\"},\"primaryImageOfPage\":{\"@id\":\"https:\/\/xenonkungen.com\/produkt\/night-breaker-smart-h9-street-legal\/#primaryimage\"},\"image\":{\"@id\":\"https:\/\/xenonkungen.com\/produkt\/night-breaker-smart-h9-street-legal\/#primaryimage\"},\"thumbnailUrl\":\"https:\/\/xenonkungen.com\/wp-content\/uploads\/2026\/01\/Small-for-web-and-ppt-G15142657_LED_FC2_64213DWNBSM-2HB_MiCh_OSRAM_Composing.jpg\",\"datePublished\":\"2026-01-30T11:14:34+00:00\",\"dateModified\":\"2026-04-19T08:10:43+00:00\",\"breadcrumb\":{\"@id\":\"https:\/\/xenonkungen.com\/produkt\/night-breaker-smart-h9-street-legal\/#breadcrumb\"},\"inLanguage\":\"nl-NL\",\"potentialAction\":[{\"@type\":\"ReadAction\",\"target\":[\"https:\/\/xenonkungen.com\/produkt\/night-breaker-smart-h9-street-legal\/\"]}]},{\"@type\":\"ImageObject\",\"inLanguage\":\"nl-NL\",\"@id\":\"https:\/\/xenonkungen.com\/produkt\/night-breaker-smart-h9-street-legal\/#primaryimage\",\"url\":\"https:\/\/xenonkungen.com\/wp-content\/uploads\/2026\/01\/Small-for-web-and-ppt-G15142657_LED_FC2_64213DWNBSM-2HB_MiCh_OSRAM_Composing.jpg\",\"contentUrl\":\"https:\/\/xenonkungen.com\/wp-content\/uploads\/2026\/01\/Small-for-web-and-ppt-G15142657_LED_FC2_64213DWNBSM-2HB_MiCh_OSRAM_Composing.jpg\",\"width\":1024,\"height\":1024},{\"@type\":\"BreadcrumbList\",\"@id\":\"https:\/\/xenonkungen.com\/produkt\/night-breaker-smart-h9-street-legal\/#breadcrumb\",\"itemListElement\":[{\"@type\":\"ListItem\",\"position\":1,\"name\":\"Hem\",\"item\":\"https:\/\/xenonkungen.com\/\"},{\"@type\":\"ListItem\",\"position\":2,\"name\":\"Shop\",\"item\":\"https:\/\/xenonkungen.com\/shop\/\"},{\"@type\":\"ListItem\",\"position\":3,\"name\":\"NIGHT BREAKER SMART H9 | Street Legal\"}]},{\"@type\":\"WebSite\",\"@id\":\"https:\/\/xenonkungen.com\/#website\",\"url\":\"https:\/\/xenonkungen.com\/\",\"name\":\"Xenonkungen\",\"description\":\"\",\"potentialAction\":[{\"@type\":\"SearchAction\",\"target\":{\"@type\":\"EntryPoint\",\"urlTemplate\":\"https:\/\/xenonkungen.com\/?s={search_term_string}\"},\"query-input\":{\"@type\":\"PropertyValueSpecification\",\"valueRequired\":true,\"valueName\":\"search_term_string\"}}],\"inLanguage\":\"nl-NL\"}]}<\/script>\n<!-- \/ Yoast SEO plugin. -->","yoast_head_json":{"title":"NIGHT BREAKER SMART H9 | Straatlegaal - De Xenon Koning","robots":{"index":"index","follow":"follow","max-snippet":"max-snippet:-1","max-image-preview":"max-image-preview:large","max-video-preview":"max-video-preview:-1"},"canonical":"https:\/\/xenonkungen.com\/nl\/product\/night-breaker-smart-h9-straatlegaal\/","og_locale":"nl_NL","og_type":"article","og_title":"NIGHT BREAKER SMART H9 | Street Legal - Xenonkungen","og_description":"Uppgradera till laglig LED \u2013 smartare ljus f\u00f6r hel- och halvljus OSRAM NIGHT BREAKER LED SMART H9 g\u00f6r det m\u00f6jligt att enkelt byta fr\u00e5n traditionella halogenlampor till avancerad och gatulaglig\u00b9 LED-teknik \u2013 i \u00e4nnu fler fordon \u00e4n tidigare. Tack vare sin innovativa kompakta design, sofistikerade konstruktion och imponerande ljusstyrka \u00e4r detta en modern uppgradering utan [&hellip;]","og_url":"https:\/\/xenonkungen.com\/nl\/product\/night-breaker-smart-h9-straatlegaal\/","og_site_name":"Xenonkungen","article_modified_time":"2026-04-19T08:10:43+00:00","og_image":[{"width":1024,"height":1024,"url":"https:\/\/xenonkungen.com\/wp-content\/uploads\/2026\/01\/Small-for-web-and-ppt-G15142657_LED_FC2_64213DWNBSM-2HB_MiCh_OSRAM_Composing.jpg","type":"image\/jpeg"}],"twitter_card":"summary_large_image","twitter_misc":{"Geschatte leestijd":"2 minuten"},"schema":{"@context":"https:\/\/schema.org","@graph":[{"@type":"WebPage","@id":"https:\/\/xenonkungen.com\/produkt\/night-breaker-smart-h9-street-legal\/","url":"https:\/\/xenonkungen.com\/produkt\/night-breaker-smart-h9-street-legal\/","name":"NIGHT BREAKER SMART H9 | Straatlegaal - De Xenon Koning","isPartOf":{"@id":"https:\/\/xenonkungen.com\/#website"},"primaryImageOfPage":{"@id":"https:\/\/xenonkungen.com\/produkt\/night-breaker-smart-h9-street-legal\/#primaryimage"},"image":{"@id":"https:\/\/xenonkungen.com\/produkt\/night-breaker-smart-h9-street-legal\/#primaryimage"},"thumbnailUrl":"https:\/\/xenonkungen.com\/wp-content\/uploads\/2026\/01\/Small-for-web-and-ppt-G15142657_LED_FC2_64213DWNBSM-2HB_MiCh_OSRAM_Composing.jpg","datePublished":"2026-01-30T11:14:34+00:00","dateModified":"2026-04-19T08:10:43+00:00","breadcrumb":{"@id":"https:\/\/xenonkungen.com\/produkt\/night-breaker-smart-h9-street-legal\/#breadcrumb"},"inLanguage":"nl-NL","potentialAction":[{"@type":"ReadAction","target":["https:\/\/xenonkungen.com\/produkt\/night-breaker-smart-h9-street-legal\/"]}]},{"@type":"ImageObject","inLanguage":"nl-NL","@id":"https:\/\/xenonkungen.com\/produkt\/night-breaker-smart-h9-street-legal\/#primaryimage","url":"https:\/\/xenonkungen.com\/wp-content\/uploads\/2026\/01\/Small-for-web-and-ppt-G15142657_LED_FC2_64213DWNBSM-2HB_MiCh_OSRAM_Composing.jpg","contentUrl":"https:\/\/xenonkungen.com\/wp-content\/uploads\/2026\/01\/Small-for-web-and-ppt-G15142657_LED_FC2_64213DWNBSM-2HB_MiCh_OSRAM_Composing.jpg","width":1024,"height":1024},{"@type":"BreadcrumbList","@id":"https:\/\/xenonkungen.com\/produkt\/night-breaker-smart-h9-street-legal\/#breadcrumb","itemListElement":[{"@type":"ListItem","position":1,"name":"Hem","item":"https:\/\/xenonkungen.com\/"},{"@type":"ListItem","position":2,"name":"Shop","item":"https:\/\/xenonkungen.com\/shop\/"},{"@type":"ListItem","position":3,"name":"NIGHT BREAKER SMART H9 | Street Legal"}]},{"@type":"WebSite","@id":"https:\/\/xenonkungen.com\/#website","url":"https:\/\/xenonkungen.com\/","name":"Xenonkungen","description":"","potentialAction":[{"@type":"SearchAction","target":{"@type":"EntryPoint","urlTemplate":"https:\/\/xenonkungen.com\/?s={search_term_string}"},"query-input":{"@type":"PropertyValueSpecification","valueRequired":true,"valueName":"search_term_string"}}],"inLanguage":"nl-NL"}]}},"taxonomy_info":{"product_brand":[{"value":108,"label":"OSRAM"}],"product_cat":[{"value":2451,"label":"Led-konvertering"},{"value":733,"label":"Halvljus \/ Helljus"}],"pa_fargtemperatur":[{"value":188,"label":"6000K"}],"pa_lampsockel-kontakt":[{"value":163,"label":"H9"}],"pa_volt-v":[{"value":159,"label":"12"}]},"featured_image_src_large":["https:\/\/xenonkungen.com\/wp-content\/uploads\/2026\/01\/Small-for-web-and-ppt-G15142657_LED_FC2_64213DWNBSM-2HB_MiCh_OSRAM_Composing.jpg",1024,1024,false],"author_info":[],"comment_info":0,"_links":{"self":[{"href":"https:\/\/xenonkungen.com\/nl\/wp-json\/wp\/v2\/product\/25584","targetHints":{"allow":["GET"]}}],"collection":[{"href":"https:\/\/xenonkungen.com\/nl\/wp-json\/wp\/v2\/product"}],"about":[{"href":"https:\/\/xenonkungen.com\/nl\/wp-json\/wp\/v2\/types\/product"}],"replies":[{"embeddable":true,"href":"https:\/\/xenonkungen.com\/nl\/wp-json\/wp\/v2\/comments?post=25584"}],"wp:featuredmedia":[{"embeddable":true,"href":"https:\/\/xenonkungen.com\/nl\/wp-json\/wp\/v2\/media\/25587"}],"wp:attachment":[{"href":"https:\/\/xenonkungen.com\/nl\/wp-json\/wp\/v2\/media?parent=25584"}],"wp:term":[{"taxonomy":"anvandningsomrade","embeddable":true,"href":"https:\/\/xenonkungen.com\/nl\/wp-json\/wp\/v2\/anvandningsomrade?post=25584"},{"taxonomy":"bilmarken","embeddable":true,"href":"https:\/\/xenonkungen.com\/nl\/wp-json\/wp\/v2\/bilmarken?post=25584"},{"taxonomy":"product_brand","embeddable":true,"href":"https:\/\/xenonkungen.com\/nl\/wp-json\/wp\/v2\/product_brand?post=25584"},{"taxonomy":"product_cat","embeddable":true,"href":"https:\/\/xenonkungen.com\/nl\/wp-json\/wp\/v2\/product_cat?post=25584"},{"taxonomy":"product_tag","embeddable":true,"href":"https:\/\/xenonkungen.com\/nl\/wp-json\/wp\/v2\/product_tag?post=25584"}],"curies":[{"name":"wp","href":"https:\/\/api.w.org\/{rel}","templated":true}]}}