{"id":2567,"date":"2025-04-15T08:39:12","date_gmt":"2025-04-15T08:39:12","guid":{"rendered":"https:\/\/xenonkungen.com\/product\/canbuslasare-induktiv-canbuslasare\/"},"modified":"2026-04-10T17:43:26","modified_gmt":"2026-04-10T16:43:26","slug":"canbus-laser-inductieve-canbus-laser","status":"publish","type":"product","link":"https:\/\/xenonkungen.com\/nl\/product\/canbus-laser-inductieve-canbus-laser\/","title":{"rendered":"Canbuslezer Inductieve canbuslezer"},"content":{"rendered":"<h1>Canbuslezer Inductieve canbuslezer<\/h1>\n<p>Met de optie voor contactloze lezers kan de CAN-businterface CAN-busgegevens van het voertuig lezen zonder een metalen verbinding tussen de interface en de CAN-bus van het voertuig. De lezer wordt bevestigd rond een deel van de CAN Bus bedrading van het voertuig en de gegevens worden gelezen via een inductiemethode, waardoor de garantie van de fabrikant wordt beschermd.<\/p>\n<p>Deze versie van onze contactloze lezer werkt op 5v en is direct compatibel met onze CANNECT-interfaces. Als je een van onze CANNECT-producten installeert en een contactloze lezer wilt kopen om ermee te werken, dan is dit het product voor jou.<br \/>De lezers hebben een sterke vergrendelingsklem om hun positie rond de CAN-kabels te behouden. De CAN-kabels moeten eerst een stukje worden rechtgetrokken en de HI-LO-kabels moeten worden ge\u00efdentificeerd en in de corresponderende kanalen in de lezer worden geplaatst voordat de lezerbehuizing over de draad kan worden gesloten.<\/p>\n<p>Dit product is voorbedraad met een M8-Highbeam connector, klaar om in de M8-Highbeam unit te worden gestoken.<\/p>","protected":false},"excerpt":{"rendered":"<p>Canbusl\u00e4sare Induktiv Canbusl\u00e4sare Alternativet Kontaktfri l\u00e4sare g\u00f6r att CAN Bus-gr\u00e4nssnittet kan l\u00e4sa fordons CAN-bussdata utan n\u00e5gon metallisk metallanslutning mellan gr\u00e4nssnittet och fordonets CAN-buss. L\u00e4saren \u00e4r s\u00e4krad kring en del av fordonets CAN Bus-kabeldragning och data l\u00e4ses av en induktionsmetod, vilket skyddar tillverkarens garanti. Den h\u00e4r versionen av v\u00e5r kontaktl\u00f6sa l\u00e4sare fungerar p\u00e5 5v och \u00e4r [&hellip;]<\/p>","protected":false},"featured_media":2568,"comment_status":"closed","ping_status":"open","template":"","meta":{"_acf_changed":false,"_smort_price_nok":"956","_smort_price_dkk":"607","_smort_price_eur":"81.36","_smort_sale_price_nok":"","_smort_sale_price_dkk":"","_smort_sale_price_eur":"","smort_restorder":"","shipmondo_restorder":"","_kad_blocks_custom_css":"","_kad_blocks_head_custom_js":"","_kad_blocks_body_custom_js":"","_kad_blocks_footer_custom_js":"","smort_custom_pricelist_1":"644.4","smort_custom_pricelist_2":"600","smort_custom_pricelist_3":"570","smort_custom_pricelist_4":"716","smort_custom_pricelist_5":"600"},"anvandningsomrade":[],"bilmarken":[],"product_brand":[117],"product_cat":[2487,2841,390],"product_tag":[],"class_list":{"0":"post-2567","1":"product","2":"type-product","3":"status-publish","4":"has-post-thumbnail","6":"product_brand-xenonkungen","7":"product_cat-canbus-installation","8":"product_cat-installation-extraljus","9":"product_cat-installation","11":"first","12":"instock","13":"taxable","14":"shipping-taxable","15":"purchasable","16":"product-type-simple"},"bundled_by":[],"bundle_stock_status":"instock","bundle_stock_quantity":3,"bundle_virtual":false,"bundle_layout":"","bundle_add_to_cart_form_location":"","bundle_editable_in_cart":false,"bundle_sold_individually_context":"","bundle_item_grouping":"","bundle_min_size":"","bundle_max_size":"","bundle_price":[],"bundled_items":[],"bundle_sell_ids":[],"acf":[],"yoast_head":"<!-- This site is optimized with the Yoast SEO plugin v27.0 - https:\/\/yoast.com\/product\/yoast-seo-wordpress\/ -->\n<title>Canbusl\u00e4sare Induktiv Canbusl\u00e4sare - Xenonkungen<\/title>\n<meta name=\"robots\" content=\"index, follow, max-snippet:-1, max-image-preview:large, max-video-preview:-1\" \/>\n<link rel=\"canonical\" href=\"https:\/\/xenonkungen.com\/nl\/product\/canbus-laser-inductieve-canbus-laser\/\" \/>\n<meta property=\"og:locale\" content=\"nl_NL\" \/>\n<meta property=\"og:type\" content=\"article\" \/>\n<meta property=\"og:title\" content=\"Canbusl\u00e4sare Induktiv Canbusl\u00e4sare - Xenonkungen\" \/>\n<meta property=\"og:description\" content=\"Canbusl\u00e4sare Induktiv Canbusl\u00e4sare Alternativet Kontaktfri l\u00e4sare g\u00f6r att CAN Bus-gr\u00e4nssnittet kan l\u00e4sa fordons CAN-bussdata utan n\u00e5gon metallisk metallanslutning mellan gr\u00e4nssnittet och fordonets CAN-buss. L\u00e4saren \u00e4r s\u00e4krad kring en del av fordonets CAN Bus-kabeldragning och data l\u00e4ses av en induktionsmetod, vilket skyddar tillverkarens garanti. Den h\u00e4r versionen av v\u00e5r kontaktl\u00f6sa l\u00e4sare fungerar p\u00e5 5v och \u00e4r [&hellip;]\" \/>\n<meta property=\"og:url\" content=\"https:\/\/xenonkungen.com\/nl\/product\/canbus-laser-inductieve-canbus-laser\/\" \/>\n<meta property=\"og:site_name\" content=\"Xenonkungen\" \/>\n<meta property=\"article:modified_time\" content=\"2026-04-10T16:43:26+00:00\" \/>\n<meta property=\"og:image\" content=\"https:\/\/xenonkungen.com\/wp-content\/uploads\/2025\/04\/178844711-origpic-66b004.png\" \/>\n\t<meta property=\"og:image:width\" content=\"1000\" \/>\n\t<meta property=\"og:image:height\" content=\"1000\" \/>\n\t<meta property=\"og:image:type\" content=\"image\/png\" \/>\n<meta name=\"twitter:card\" content=\"summary_large_image\" \/>\n<meta name=\"twitter:label1\" content=\"Geschatte leestijd\" \/>\n\t<meta name=\"twitter:data1\" content=\"1 minuut\" \/>\n<script type=\"application\/ld+json\" class=\"yoast-schema-graph\">{\"@context\":\"https:\/\/schema.org\",\"@graph\":[{\"@type\":\"WebPage\",\"@id\":\"https:\/\/xenonkungen.com\/fi\/tuote\/canbus-laser-induktiivinen-canbus-laser\/\",\"url\":\"https:\/\/xenonkungen.com\/fi\/tuote\/canbus-laser-induktiivinen-canbus-laser\/\",\"name\":\"Canbusl\u00e4sare Induktiv Canbusl\u00e4sare - Xenonkungen\",\"isPartOf\":{\"@id\":\"https:\/\/xenonkungen.com\/#website\"},\"primaryImageOfPage\":{\"@id\":\"https:\/\/xenonkungen.com\/fi\/tuote\/canbus-laser-induktiivinen-canbus-laser\/#primaryimage\"},\"image\":{\"@id\":\"https:\/\/xenonkungen.com\/fi\/tuote\/canbus-laser-induktiivinen-canbus-laser\/#primaryimage\"},\"thumbnailUrl\":\"https:\/\/xenonkungen.com\/wp-content\/uploads\/2025\/04\/178844711-origpic-66b004.png\",\"datePublished\":\"2025-04-15T08:39:12+00:00\",\"dateModified\":\"2026-04-10T16:43:26+00:00\",\"breadcrumb\":{\"@id\":\"https:\/\/xenonkungen.com\/fi\/tuote\/canbus-laser-induktiivinen-canbus-laser\/#breadcrumb\"},\"inLanguage\":\"nl-NL\",\"potentialAction\":[{\"@type\":\"ReadAction\",\"target\":[\"https:\/\/xenonkungen.com\/fi\/tuote\/canbus-laser-induktiivinen-canbus-laser\/\"]}]},{\"@type\":\"ImageObject\",\"inLanguage\":\"nl-NL\",\"@id\":\"https:\/\/xenonkungen.com\/fi\/tuote\/canbus-laser-induktiivinen-canbus-laser\/#primaryimage\",\"url\":\"https:\/\/xenonkungen.com\/wp-content\/uploads\/2025\/04\/178844711-origpic-66b004.png\",\"contentUrl\":\"https:\/\/xenonkungen.com\/wp-content\/uploads\/2025\/04\/178844711-origpic-66b004.png\",\"width\":1000,\"height\":1000},{\"@type\":\"BreadcrumbList\",\"@id\":\"https:\/\/xenonkungen.com\/fi\/tuote\/canbus-laser-induktiivinen-canbus-laser\/#breadcrumb\",\"itemListElement\":[{\"@type\":\"ListItem\",\"position\":1,\"name\":\"Hem\",\"item\":\"https:\/\/xenonkungen.com\/\"},{\"@type\":\"ListItem\",\"position\":2,\"name\":\"Shop\",\"item\":\"https:\/\/xenonkungen.com\/shop\/\"},{\"@type\":\"ListItem\",\"position\":3,\"name\":\"Canbusl\u00e4sare Induktiv Canbusl\u00e4sare\"}]},{\"@type\":\"WebSite\",\"@id\":\"https:\/\/xenonkungen.com\/#website\",\"url\":\"https:\/\/xenonkungen.com\/\",\"name\":\"Xenonkungen\",\"description\":\"\",\"potentialAction\":[{\"@type\":\"SearchAction\",\"target\":{\"@type\":\"EntryPoint\",\"urlTemplate\":\"https:\/\/xenonkungen.com\/?s={search_term_string}\"},\"query-input\":{\"@type\":\"PropertyValueSpecification\",\"valueRequired\":true,\"valueName\":\"search_term_string\"}}],\"inLanguage\":\"nl-NL\"}]}<\/script>\n<!-- \/ Yoast SEO plugin. -->","yoast_head_json":{"title":"Canbus-lezer Inductieve Canbus-lezer - Xenonkungen","robots":{"index":"index","follow":"follow","max-snippet":"max-snippet:-1","max-image-preview":"max-image-preview:large","max-video-preview":"max-video-preview:-1"},"canonical":"https:\/\/xenonkungen.com\/nl\/product\/canbus-laser-inductieve-canbus-laser\/","og_locale":"nl_NL","og_type":"article","og_title":"Canbusl\u00e4sare Induktiv Canbusl\u00e4sare - Xenonkungen","og_description":"Canbusl\u00e4sare Induktiv Canbusl\u00e4sare Alternativet Kontaktfri l\u00e4sare g\u00f6r att CAN Bus-gr\u00e4nssnittet kan l\u00e4sa fordons CAN-bussdata utan n\u00e5gon metallisk metallanslutning mellan gr\u00e4nssnittet och fordonets CAN-buss. L\u00e4saren \u00e4r s\u00e4krad kring en del av fordonets CAN Bus-kabeldragning och data l\u00e4ses av en induktionsmetod, vilket skyddar tillverkarens garanti. Den h\u00e4r versionen av v\u00e5r kontaktl\u00f6sa l\u00e4sare fungerar p\u00e5 5v och \u00e4r [&hellip;]","og_url":"https:\/\/xenonkungen.com\/nl\/product\/canbus-laser-inductieve-canbus-laser\/","og_site_name":"Xenonkungen","article_modified_time":"2026-04-10T16:43:26+00:00","og_image":[{"width":1000,"height":1000,"url":"https:\/\/xenonkungen.com\/wp-content\/uploads\/2025\/04\/178844711-origpic-66b004.png","type":"image\/png"}],"twitter_card":"summary_large_image","twitter_misc":{"Geschatte leestijd":"1 minuut"},"schema":{"@context":"https:\/\/schema.org","@graph":[{"@type":"WebPage","@id":"https:\/\/xenonkungen.com\/fi\/tuote\/canbus-laser-induktiivinen-canbus-laser\/","url":"https:\/\/xenonkungen.com\/fi\/tuote\/canbus-laser-induktiivinen-canbus-laser\/","name":"Canbus-lezer Inductieve Canbus-lezer - Xenonkungen","isPartOf":{"@id":"https:\/\/xenonkungen.com\/#website"},"primaryImageOfPage":{"@id":"https:\/\/xenonkungen.com\/fi\/tuote\/canbus-laser-induktiivinen-canbus-laser\/#primaryimage"},"image":{"@id":"https:\/\/xenonkungen.com\/fi\/tuote\/canbus-laser-induktiivinen-canbus-laser\/#primaryimage"},"thumbnailUrl":"https:\/\/xenonkungen.com\/wp-content\/uploads\/2025\/04\/178844711-origpic-66b004.png","datePublished":"2025-04-15T08:39:12+00:00","dateModified":"2026-04-10T16:43:26+00:00","breadcrumb":{"@id":"https:\/\/xenonkungen.com\/fi\/tuote\/canbus-laser-induktiivinen-canbus-laser\/#breadcrumb"},"inLanguage":"nl-NL","potentialAction":[{"@type":"ReadAction","target":["https:\/\/xenonkungen.com\/fi\/tuote\/canbus-laser-induktiivinen-canbus-laser\/"]}]},{"@type":"ImageObject","inLanguage":"nl-NL","@id":"https:\/\/xenonkungen.com\/fi\/tuote\/canbus-laser-induktiivinen-canbus-laser\/#primaryimage","url":"https:\/\/xenonkungen.com\/wp-content\/uploads\/2025\/04\/178844711-origpic-66b004.png","contentUrl":"https:\/\/xenonkungen.com\/wp-content\/uploads\/2025\/04\/178844711-origpic-66b004.png","width":1000,"height":1000},{"@type":"BreadcrumbList","@id":"https:\/\/xenonkungen.com\/fi\/tuote\/canbus-laser-induktiivinen-canbus-laser\/#breadcrumb","itemListElement":[{"@type":"ListItem","position":1,"name":"Hem","item":"https:\/\/xenonkungen.com\/"},{"@type":"ListItem","position":2,"name":"Shop","item":"https:\/\/xenonkungen.com\/shop\/"},{"@type":"ListItem","position":3,"name":"Canbusl\u00e4sare Induktiv Canbusl\u00e4sare"}]},{"@type":"WebSite","@id":"https:\/\/xenonkungen.com\/#website","url":"https:\/\/xenonkungen.com\/","name":"Xenonkungen","description":"","potentialAction":[{"@type":"SearchAction","target":{"@type":"EntryPoint","urlTemplate":"https:\/\/xenonkungen.com\/?s={search_term_string}"},"query-input":{"@type":"PropertyValueSpecification","valueRequired":true,"valueName":"search_term_string"}}],"inLanguage":"nl-NL"}]}},"taxonomy_info":{"product_brand":[{"value":117,"label":"Xenonkungen"}],"product_cat":[{"value":2487,"label":"Canbus"},{"value":2841,"label":"Installation extraljus"},{"value":390,"label":"Installation"}]},"featured_image_src_large":["https:\/\/xenonkungen.com\/wp-content\/uploads\/2025\/04\/178844711-origpic-66b004.png",1000,1000,false],"author_info":[],"comment_info":0,"_links":{"self":[{"href":"https:\/\/xenonkungen.com\/nl\/wp-json\/wp\/v2\/product\/2567","targetHints":{"allow":["GET"]}}],"collection":[{"href":"https:\/\/xenonkungen.com\/nl\/wp-json\/wp\/v2\/product"}],"about":[{"href":"https:\/\/xenonkungen.com\/nl\/wp-json\/wp\/v2\/types\/product"}],"replies":[{"embeddable":true,"href":"https:\/\/xenonkungen.com\/nl\/wp-json\/wp\/v2\/comments?post=2567"}],"wp:featuredmedia":[{"embeddable":true,"href":"https:\/\/xenonkungen.com\/nl\/wp-json\/wp\/v2\/media\/2568"}],"wp:attachment":[{"href":"https:\/\/xenonkungen.com\/nl\/wp-json\/wp\/v2\/media?parent=2567"}],"wp:term":[{"taxonomy":"anvandningsomrade","embeddable":true,"href":"https:\/\/xenonkungen.com\/nl\/wp-json\/wp\/v2\/anvandningsomrade?post=2567"},{"taxonomy":"bilmarken","embeddable":true,"href":"https:\/\/xenonkungen.com\/nl\/wp-json\/wp\/v2\/bilmarken?post=2567"},{"taxonomy":"product_brand","embeddable":true,"href":"https:\/\/xenonkungen.com\/nl\/wp-json\/wp\/v2\/product_brand?post=2567"},{"taxonomy":"product_cat","embeddable":true,"href":"https:\/\/xenonkungen.com\/nl\/wp-json\/wp\/v2\/product_cat?post=2567"},{"taxonomy":"product_tag","embeddable":true,"href":"https:\/\/xenonkungen.com\/nl\/wp-json\/wp\/v2\/product_tag?post=2567"}],"curies":[{"name":"wp","href":"https:\/\/api.w.org\/{rel}","templated":true}]}}