{"id":2574,"date":"2025-04-15T08:39:19","date_gmt":"2025-04-15T08:39:19","guid":{"rendered":"https:\/\/xenonkungen.com\/product\/rui-programmerings-enhet-for-canm8\/"},"modified":"2026-04-25T22:35:57","modified_gmt":"2026-04-25T21:35:57","slug":"rui-programmeereenheid-voor-canm8","status":"publish","type":"product","link":"https:\/\/xenonkungen.com\/nl\/product\/rui-programmeereenheid-voor-canm8\/","title":{"rendered":"RUI Programmeerunit voor CANM8"},"content":{"rendered":"<table width=\"100%\">\n<tbody>\n<tr>\n<td>\n<h1>CANNECT RESEARCH &amp; UPDATE INTERFACE (CANNECT Rui)<\/h1>\n<p>Dit is een belangrijke tool voor onze externe updateservice. De nieuwe gebruikersinterface heeft een snellere processor en een nieuw ontwerp dat zorgt voor verbeterde ondersteuningsfuncties.<\/p>\n<p>CANNECT Rui is een tweerichtingsapparaat waarmee onze partners de nieuwste software-updates en voertuigspecifieke installatie-instructies van ons portaal kunnen downloaden.<br \/>Deze service is compatibel met het grootste deel van ons assortiment en biedt onze partners de mogelijkheid om hun producten tot 1 jaar na aankoop gratis te updaten naar de nieuwste software. <br \/>Dit betekent dat onze partners altijd compatibel zijn met de nieuwste voertuigen, op voorwaarde dat de benodigde gegevens beschikbaar zijn op het CAN-bussysteem van het voertuig.<\/p>\n<p>De interface functioneert tevens als CAN-buslezer en stelt ons in staat om op afstand technische problemen op te lossen. <br \/>Omdat autofabrikanten voortdurend hun platforms vernieuwen en nieuwe voertuigen uitbrengen, kan het voor veel bedrijven lastig zijn om alles bij te houden.\u00a0<br \/>Maar door de RUI te verbinden met een laptop en het voertuig, kunnen we op afstand via internet inloggen en eventuele compatibiliteitsproblemen binnen een uur oplossen en programmeren. <br \/>Dit betekent dat we onze RUI-partners onmiddellijke compatibiliteit kunnen bieden wanneer er nieuwe voertuigen worden uitgebracht.<\/p>\n<p>CANNECT Rui vertegenwoordigt de volgende stap in CAN-businterfaces en biedt onze partners onmiddellijke technische ondersteuning en toegang tot de nieuwste software-updates en bedradingsinstructies.<\/p>\n<\/td>\n<\/tr>\n<tr>\n<td>\u00a0<\/td>\n<\/tr>\n<\/tbody>\n<\/table>","protected":false},"excerpt":{"rendered":"<p>CANNECT RESEARCH &amp; UPDATE INTERFACE (CANNECT Rui) Detta \u00e4r ett viktigt verktyg f\u00f6r v\u00e5r fj\u00e4rruppdateringstj\u00e4nst. Den nya RUI har en snabbare processor och en ny design som m\u00f6jligg\u00f6r f\u00f6rb\u00e4ttrade supportfunktioner. CANNECT Rui \u00e4r en tv\u00e5v\u00e4gsanordning som g\u00f6r det m\u00f6jligt f\u00f6r v\u00e5ra samarbetspartners att ladda ner de senaste programuppdateringarna och bilspecifika installationsanvisningar fr\u00e5n v\u00e5r portal.Denna tj\u00e4nst [&hellip;]<\/p>","protected":false},"featured_media":2575,"comment_status":"closed","ping_status":"open","template":"","meta":{"_acf_changed":false,"_smort_price_nok":"2670","_smort_price_dkk":"1696","_smort_price_eur":"227.26","_smort_sale_price_nok":"","_smort_sale_price_dkk":"","_smort_sale_price_eur":"","smort_restorder":"","shipmondo_restorder":"","_kad_blocks_custom_css":"","_kad_blocks_head_custom_js":"","_kad_blocks_body_custom_js":"","_kad_blocks_footer_custom_js":"","smort_custom_pricelist_1":"1400","smort_custom_pricelist_2":"1400","smort_custom_pricelist_3":"1330","smort_custom_pricelist_4":"2000","smort_custom_pricelist_5":"1400"},"anvandningsomrade":[],"bilmarken":[],"product_brand":[2793],"product_cat":[2487,477,390],"product_tag":[],"class_list":{"0":"post-2574","1":"product","2":"type-product","3":"status-publish","4":"has-post-thumbnail","6":"product_brand-ovrigt","7":"product_cat-canbus-installation","8":"product_cat-canbus-emc","9":"product_cat-installation","11":"first","12":"onbackorder","13":"taxable","14":"shipping-taxable","15":"purchasable","16":"product-type-simple"},"bundled_by":[],"bundle_stock_status":"onbackorder","bundle_stock_quantity":0,"bundle_virtual":false,"bundle_layout":"","bundle_add_to_cart_form_location":"","bundle_editable_in_cart":false,"bundle_sold_individually_context":"","bundle_item_grouping":"","bundle_min_size":"","bundle_max_size":"","bundle_price":[],"bundled_items":[],"bundle_sell_ids":[],"acf":[],"yoast_head":"<!-- This site is optimized with the Yoast SEO plugin v27.0 - https:\/\/yoast.com\/product\/yoast-seo-wordpress\/ -->\n<title>RUI Programmerings enhet f\u00f6r CANM8 - Xenonkungen<\/title>\n<meta name=\"robots\" content=\"index, follow, max-snippet:-1, max-image-preview:large, max-video-preview:-1\" \/>\n<link rel=\"canonical\" href=\"https:\/\/xenonkungen.com\/nl\/product\/rui-programmeereenheid-voor-canm8\/\" \/>\n<meta property=\"og:locale\" content=\"nl_NL\" \/>\n<meta property=\"og:type\" content=\"article\" \/>\n<meta property=\"og:title\" content=\"RUI Programmerings enhet f\u00f6r CANM8 - Xenonkungen\" \/>\n<meta property=\"og:description\" content=\"CANNECT RESEARCH &amp; UPDATE INTERFACE (CANNECT Rui) Detta \u00e4r ett viktigt verktyg f\u00f6r v\u00e5r fj\u00e4rruppdateringstj\u00e4nst. Den nya RUI har en snabbare processor och en ny design som m\u00f6jligg\u00f6r f\u00f6rb\u00e4ttrade supportfunktioner. CANNECT Rui \u00e4r en tv\u00e5v\u00e4gsanordning som g\u00f6r det m\u00f6jligt f\u00f6r v\u00e5ra samarbetspartners att ladda ner de senaste programuppdateringarna och bilspecifika installationsanvisningar fr\u00e5n v\u00e5r portal.Denna tj\u00e4nst [&hellip;]\" \/>\n<meta property=\"og:url\" content=\"https:\/\/xenonkungen.com\/nl\/product\/rui-programmeereenheid-voor-canm8\/\" \/>\n<meta property=\"og:site_name\" content=\"Xenonkungen\" \/>\n<meta property=\"article:modified_time\" content=\"2026-04-25T21:35:57+00:00\" \/>\n<meta property=\"og:image\" content=\"https:\/\/xenonkungen.com\/wp-content\/uploads\/2025\/04\/209720817-origpic-64bed8.webp\" \/>\n\t<meta property=\"og:image:width\" content=\"1170\" \/>\n\t<meta property=\"og:image:height\" content=\"450\" \/>\n\t<meta property=\"og:image:type\" content=\"image\/webp\" \/>\n<meta name=\"twitter:card\" content=\"summary_large_image\" \/>\n<meta name=\"twitter:label1\" content=\"Geschatte leestijd\" \/>\n\t<meta name=\"twitter:data1\" content=\"1 minuut\" \/>\n<script type=\"application\/ld+json\" class=\"yoast-schema-graph\">{\"@context\":\"https:\/\/schema.org\",\"@graph\":[{\"@type\":\"WebPage\",\"@id\":\"https:\/\/xenonkungen.com\/produkt\/rui-programmerings-enhet-for-canm8\/\",\"url\":\"https:\/\/xenonkungen.com\/produkt\/rui-programmerings-enhet-for-canm8\/\",\"name\":\"RUI Programmerings enhet f\u00f6r CANM8 - Xenonkungen\",\"isPartOf\":{\"@id\":\"https:\/\/xenonkungen.com\/#website\"},\"primaryImageOfPage\":{\"@id\":\"https:\/\/xenonkungen.com\/produkt\/rui-programmerings-enhet-for-canm8\/#primaryimage\"},\"image\":{\"@id\":\"https:\/\/xenonkungen.com\/produkt\/rui-programmerings-enhet-for-canm8\/#primaryimage\"},\"thumbnailUrl\":\"https:\/\/xenonkungen.com\/wp-content\/uploads\/2025\/04\/209720817-origpic-64bed8.webp\",\"datePublished\":\"2025-04-15T08:39:19+00:00\",\"dateModified\":\"2026-04-25T21:35:57+00:00\",\"breadcrumb\":{\"@id\":\"https:\/\/xenonkungen.com\/produkt\/rui-programmerings-enhet-for-canm8\/#breadcrumb\"},\"inLanguage\":\"nl-NL\",\"potentialAction\":[{\"@type\":\"ReadAction\",\"target\":[\"https:\/\/xenonkungen.com\/produkt\/rui-programmerings-enhet-for-canm8\/\"]}]},{\"@type\":\"ImageObject\",\"inLanguage\":\"nl-NL\",\"@id\":\"https:\/\/xenonkungen.com\/produkt\/rui-programmerings-enhet-for-canm8\/#primaryimage\",\"url\":\"https:\/\/xenonkungen.com\/wp-content\/uploads\/2025\/04\/209720817-origpic-64bed8.webp\",\"contentUrl\":\"https:\/\/xenonkungen.com\/wp-content\/uploads\/2025\/04\/209720817-origpic-64bed8.webp\",\"width\":1170,\"height\":450},{\"@type\":\"BreadcrumbList\",\"@id\":\"https:\/\/xenonkungen.com\/produkt\/rui-programmerings-enhet-for-canm8\/#breadcrumb\",\"itemListElement\":[{\"@type\":\"ListItem\",\"position\":1,\"name\":\"Hem\",\"item\":\"https:\/\/xenonkungen.com\/\"},{\"@type\":\"ListItem\",\"position\":2,\"name\":\"Shop\",\"item\":\"https:\/\/xenonkungen.com\/shop\/\"},{\"@type\":\"ListItem\",\"position\":3,\"name\":\"RUI Programmerings enhet f\u00f6r CANM8\"}]},{\"@type\":\"WebSite\",\"@id\":\"https:\/\/xenonkungen.com\/#website\",\"url\":\"https:\/\/xenonkungen.com\/\",\"name\":\"Xenonkungen\",\"description\":\"\",\"potentialAction\":[{\"@type\":\"SearchAction\",\"target\":{\"@type\":\"EntryPoint\",\"urlTemplate\":\"https:\/\/xenonkungen.com\/?s={search_term_string}\"},\"query-input\":{\"@type\":\"PropertyValueSpecification\",\"valueRequired\":true,\"valueName\":\"search_term_string\"}}],\"inLanguage\":\"nl-NL\"}]}<\/script>\n<!-- \/ Yoast SEO plugin. -->","yoast_head_json":{"title":"RUI-programmeereenheid voor CANM8 - Xenonkungen","robots":{"index":"index","follow":"follow","max-snippet":"max-snippet:-1","max-image-preview":"max-image-preview:large","max-video-preview":"max-video-preview:-1"},"canonical":"https:\/\/xenonkungen.com\/nl\/product\/rui-programmeereenheid-voor-canm8\/","og_locale":"nl_NL","og_type":"article","og_title":"RUI Programmerings enhet f\u00f6r CANM8 - Xenonkungen","og_description":"CANNECT RESEARCH &amp; UPDATE INTERFACE (CANNECT Rui) Detta \u00e4r ett viktigt verktyg f\u00f6r v\u00e5r fj\u00e4rruppdateringstj\u00e4nst. Den nya RUI har en snabbare processor och en ny design som m\u00f6jligg\u00f6r f\u00f6rb\u00e4ttrade supportfunktioner. CANNECT Rui \u00e4r en tv\u00e5v\u00e4gsanordning som g\u00f6r det m\u00f6jligt f\u00f6r v\u00e5ra samarbetspartners att ladda ner de senaste programuppdateringarna och bilspecifika installationsanvisningar fr\u00e5n v\u00e5r portal.Denna tj\u00e4nst [&hellip;]","og_url":"https:\/\/xenonkungen.com\/nl\/product\/rui-programmeereenheid-voor-canm8\/","og_site_name":"Xenonkungen","article_modified_time":"2026-04-25T21:35:57+00:00","og_image":[{"width":1170,"height":450,"url":"https:\/\/xenonkungen.com\/wp-content\/uploads\/2025\/04\/209720817-origpic-64bed8.webp","type":"image\/webp"}],"twitter_card":"summary_large_image","twitter_misc":{"Geschatte leestijd":"1 minuut"},"schema":{"@context":"https:\/\/schema.org","@graph":[{"@type":"WebPage","@id":"https:\/\/xenonkungen.com\/produkt\/rui-programmerings-enhet-for-canm8\/","url":"https:\/\/xenonkungen.com\/produkt\/rui-programmerings-enhet-for-canm8\/","name":"RUI-programmeereenheid voor CANM8 - Xenonkungen","isPartOf":{"@id":"https:\/\/xenonkungen.com\/#website"},"primaryImageOfPage":{"@id":"https:\/\/xenonkungen.com\/produkt\/rui-programmerings-enhet-for-canm8\/#primaryimage"},"image":{"@id":"https:\/\/xenonkungen.com\/produkt\/rui-programmerings-enhet-for-canm8\/#primaryimage"},"thumbnailUrl":"https:\/\/xenonkungen.com\/wp-content\/uploads\/2025\/04\/209720817-origpic-64bed8.webp","datePublished":"2025-04-15T08:39:19+00:00","dateModified":"2026-04-25T21:35:57+00:00","breadcrumb":{"@id":"https:\/\/xenonkungen.com\/produkt\/rui-programmerings-enhet-for-canm8\/#breadcrumb"},"inLanguage":"nl-NL","potentialAction":[{"@type":"ReadAction","target":["https:\/\/xenonkungen.com\/produkt\/rui-programmerings-enhet-for-canm8\/"]}]},{"@type":"ImageObject","inLanguage":"nl-NL","@id":"https:\/\/xenonkungen.com\/produkt\/rui-programmerings-enhet-for-canm8\/#primaryimage","url":"https:\/\/xenonkungen.com\/wp-content\/uploads\/2025\/04\/209720817-origpic-64bed8.webp","contentUrl":"https:\/\/xenonkungen.com\/wp-content\/uploads\/2025\/04\/209720817-origpic-64bed8.webp","width":1170,"height":450},{"@type":"BreadcrumbList","@id":"https:\/\/xenonkungen.com\/produkt\/rui-programmerings-enhet-for-canm8\/#breadcrumb","itemListElement":[{"@type":"ListItem","position":1,"name":"Hem","item":"https:\/\/xenonkungen.com\/"},{"@type":"ListItem","position":2,"name":"Shop","item":"https:\/\/xenonkungen.com\/shop\/"},{"@type":"ListItem","position":3,"name":"RUI Programmerings enhet f\u00f6r CANM8"}]},{"@type":"WebSite","@id":"https:\/\/xenonkungen.com\/#website","url":"https:\/\/xenonkungen.com\/","name":"Xenonkungen","description":"","potentialAction":[{"@type":"SearchAction","target":{"@type":"EntryPoint","urlTemplate":"https:\/\/xenonkungen.com\/?s={search_term_string}"},"query-input":{"@type":"PropertyValueSpecification","valueRequired":true,"valueName":"search_term_string"}}],"inLanguage":"nl-NL"}]}},"taxonomy_info":{"product_brand":[{"value":2793,"label":"\u00d6VRIGT"}],"product_cat":[{"value":2487,"label":"Canbus"},{"value":477,"label":"Canbus | EMC"},{"value":390,"label":"Installation"}]},"featured_image_src_large":["https:\/\/xenonkungen.com\/wp-content\/uploads\/2025\/04\/209720817-origpic-64bed8-1024x394.webp",1024,394,true],"author_info":[],"comment_info":0,"_links":{"self":[{"href":"https:\/\/xenonkungen.com\/nl\/wp-json\/wp\/v2\/product\/2574","targetHints":{"allow":["GET"]}}],"collection":[{"href":"https:\/\/xenonkungen.com\/nl\/wp-json\/wp\/v2\/product"}],"about":[{"href":"https:\/\/xenonkungen.com\/nl\/wp-json\/wp\/v2\/types\/product"}],"replies":[{"embeddable":true,"href":"https:\/\/xenonkungen.com\/nl\/wp-json\/wp\/v2\/comments?post=2574"}],"wp:featuredmedia":[{"embeddable":true,"href":"https:\/\/xenonkungen.com\/nl\/wp-json\/wp\/v2\/media\/2575"}],"wp:attachment":[{"href":"https:\/\/xenonkungen.com\/nl\/wp-json\/wp\/v2\/media?parent=2574"}],"wp:term":[{"taxonomy":"anvandningsomrade","embeddable":true,"href":"https:\/\/xenonkungen.com\/nl\/wp-json\/wp\/v2\/anvandningsomrade?post=2574"},{"taxonomy":"bilmarken","embeddable":true,"href":"https:\/\/xenonkungen.com\/nl\/wp-json\/wp\/v2\/bilmarken?post=2574"},{"taxonomy":"product_brand","embeddable":true,"href":"https:\/\/xenonkungen.com\/nl\/wp-json\/wp\/v2\/product_brand?post=2574"},{"taxonomy":"product_cat","embeddable":true,"href":"https:\/\/xenonkungen.com\/nl\/wp-json\/wp\/v2\/product_cat?post=2574"},{"taxonomy":"product_tag","embeddable":true,"href":"https:\/\/xenonkungen.com\/nl\/wp-json\/wp\/v2\/product_tag?post=2574"}],"curies":[{"name":"wp","href":"https:\/\/api.w.org\/{rel}","templated":true}]}}