{"id":2579,"date":"2025-04-15T08:39:19","date_gmt":"2025-04-15T08:39:19","guid":{"rendered":"https:\/\/xenonkungen.com\/product\/xbb-obd-ii-dongel-tesla\/"},"modified":"2026-02-06T16:38:25","modified_gmt":"2026-02-06T15:38:25","slug":"xbb-obd-ii-dongle-tesla","status":"publish","type":"product","link":"https:\/\/xenonkungen.com\/nl\/product\/xbb-obd-ii-dongle-tesla\/","title":{"rendered":"XBB OBD-II-dongle | TESLA Model X &amp; S"},"content":{"rendered":"<h1>XBB OBD-II-dongle | TESLA Model X &amp; S<\/h1>\n<p>XBB Powerunit is een volledig uniek product. Hiermee kun je gemakkelijk LED oprijplaten, extra verlichting, achteruitrijverlichting, werkverlichting, enz. aansluiten.<\/p>\n<p><strong>Alleen voor TESLA Model X &amp; S<\/strong><\/p>\n<p>De dongle sluit je gewoon aan op de OBD-aansluiting van je auto. Vervolgens kun je hem synchroniseren met 1 of meer draadloze relais. XBB heeft verschillende recepten ontwikkeld voor verschillende auto's. Het is belangrijk dat je controleert of jouw auto compatibel is via de lijst die we hier in het artikel linken.<\/p>\n<p>In de app vertel je het relais wat het moet doen. moet het samen met het grootlicht worden ingeschakeld? Is er een positielicht dat moet worden ingeschakeld wanneer de extra verlichting\/oprijlicht wordt uitgeschakeld? Mm.<\/p>\n<p>Het is ook mogelijk om achteruitrijlichten op de meeste auto's te programmeren, zodat ze aangaan wanneer je de auto in zijn achteruit zet.<\/p>\n<p><strong>Inhoud levering<\/strong><br \/>\n1e dongle<\/p>\n<p>Het product is in ontwikkeling en XBB werkt voortdurend aan nieuwe recepten voor meer auto's, dus de lijst zal regelmatig worden bijgewerkt.<\/p>\n<p><strong>Deze dongle is alleen geschikt voor de volgende automodellen:<\/strong><\/p>\n<p>Tesla Model S 2012-2021<\/p>\n<p>Tesla Model X 2016-2021<\/p>\n<p>Andere Tesla-modellen gebruiken de standaard XBB-dongle.<\/p>","protected":false},"excerpt":{"rendered":"<p>Nu is hij er! De toekomstige manier om extra verlichting en LED-hellingen aan te sluiten! Dit artikel is de dongle, alleen voor TESLA.<\/p>","protected":false},"featured_media":2580,"comment_status":"closed","ping_status":"closed","template":"","meta":{"_acf_changed":false,"_smort_price_nok":"1761","_smort_price_dkk":"1119","_smort_price_eur":"149.9","_smort_sale_price_nok":"","_smort_sale_price_dkk":"","_smort_sale_price_eur":"","smort_restorder":"","shipmondo_restorder":"","_kad_blocks_custom_css":"","_kad_blocks_head_custom_js":"","_kad_blocks_body_custom_js":"","_kad_blocks_footer_custom_js":"","smort_custom_pricelist_1":"1055.36","smort_custom_pricelist_2":"923.44","smort_custom_pricelist_3":"857.48","smort_custom_pricelist_4":"1319.2","smort_custom_pricelist_5":"923.44"},"anvandningsomrade":[],"bilmarken":[],"product_brand":[115],"product_cat":[2487,2568,2841,2828,2468,390],"product_tag":[],"class_list":{"0":"post-2579","1":"product","2":"type-product","3":"status-publish","4":"has-post-thumbnail","6":"product_brand-xbb","7":"product_cat-canbus-installation","8":"product_cat-canbus-xbb-tesla","9":"product_cat-installation-extraljus","10":"product_cat-installation-led-ramper","11":"product_cat-rela","12":"product_cat-installation","14":"first","15":"instock","16":"taxable","17":"shipping-taxable","18":"purchasable","19":"product-type-simple"},"bundled_by":[],"bundle_stock_status":"instock","bundle_stock_quantity":8,"bundle_virtual":false,"bundle_layout":"","bundle_add_to_cart_form_location":"","bundle_editable_in_cart":false,"bundle_sold_individually_context":"","bundle_item_grouping":"","bundle_min_size":"","bundle_max_size":"","bundle_price":[],"bundled_items":[],"bundle_sell_ids":[],"acf":[],"yoast_head":"<!-- This site is optimized with the Yoast SEO plugin v27.0 - https:\/\/yoast.com\/product\/yoast-seo-wordpress\/ -->\n<title>XBB OBD-II Dongel | TESLA Model X &amp; S - Xenonkungen<\/title>\n<meta name=\"robots\" content=\"index, follow, max-snippet:-1, max-image-preview:large, max-video-preview:-1\" \/>\n<link rel=\"canonical\" href=\"https:\/\/xenonkungen.com\/nl\/product\/xbb-obd-ii-dongle-tesla\/\" \/>\n<meta property=\"og:locale\" content=\"nl_NL\" \/>\n<meta property=\"og:type\" content=\"article\" \/>\n<meta property=\"og:title\" content=\"XBB OBD-II Dongel | TESLA Model X &amp; S - Xenonkungen\" \/>\n<meta property=\"og:description\" content=\"Nu \u00e4r den h\u00e4r! Framtidens s\u00e4tt att koppla Extraljus och LEDramper! Denna vara \u00e4r Endast Dongeln f\u00f6r TESLA.\" \/>\n<meta property=\"og:url\" content=\"https:\/\/xenonkungen.com\/nl\/product\/xbb-obd-ii-dongle-tesla\/\" \/>\n<meta property=\"og:site_name\" content=\"Xenonkungen\" \/>\n<meta property=\"article:modified_time\" content=\"2026-02-06T15:38:25+00:00\" \/>\n<meta property=\"og:image\" content=\"https:\/\/xenonkungen.com\/wp-content\/uploads\/2025\/04\/185046031-origpic-13c04f.png\" \/>\n\t<meta property=\"og:image:width\" content=\"1000\" \/>\n\t<meta property=\"og:image:height\" content=\"1000\" \/>\n\t<meta property=\"og:image:type\" content=\"image\/png\" \/>\n<meta name=\"twitter:card\" content=\"summary_large_image\" \/>\n<meta name=\"twitter:label1\" content=\"Geschatte leestijd\" \/>\n\t<meta name=\"twitter:data1\" content=\"2 minuten\" \/>\n<script type=\"application\/ld+json\" class=\"yoast-schema-graph\">{\"@context\":\"https:\/\/schema.org\",\"@graph\":[{\"@type\":\"WebPage\",\"@id\":\"https:\/\/xenonkungen.com\/es\/producto\/xbb-obd-ii-dongel-tesla\/\",\"url\":\"https:\/\/xenonkungen.com\/es\/producto\/xbb-obd-ii-dongel-tesla\/\",\"name\":\"XBB OBD-II Dongel | TESLA Model X & S - Xenonkungen\",\"isPartOf\":{\"@id\":\"https:\/\/xenonkungen.com\/#website\"},\"primaryImageOfPage\":{\"@id\":\"https:\/\/xenonkungen.com\/es\/producto\/xbb-obd-ii-dongel-tesla\/#primaryimage\"},\"image\":{\"@id\":\"https:\/\/xenonkungen.com\/es\/producto\/xbb-obd-ii-dongel-tesla\/#primaryimage\"},\"thumbnailUrl\":\"https:\/\/xenonkungen.com\/wp-content\/uploads\/2025\/04\/185046031-origpic-13c04f.png\",\"datePublished\":\"2025-04-15T08:39:19+00:00\",\"dateModified\":\"2026-02-06T15:38:25+00:00\",\"breadcrumb\":{\"@id\":\"https:\/\/xenonkungen.com\/es\/producto\/xbb-obd-ii-dongel-tesla\/#breadcrumb\"},\"inLanguage\":\"nl-NL\",\"potentialAction\":[{\"@type\":\"ReadAction\",\"target\":[\"https:\/\/xenonkungen.com\/es\/producto\/xbb-obd-ii-dongel-tesla\/\"]}]},{\"@type\":\"ImageObject\",\"inLanguage\":\"nl-NL\",\"@id\":\"https:\/\/xenonkungen.com\/es\/producto\/xbb-obd-ii-dongel-tesla\/#primaryimage\",\"url\":\"https:\/\/xenonkungen.com\/wp-content\/uploads\/2025\/04\/185046031-origpic-13c04f.png\",\"contentUrl\":\"https:\/\/xenonkungen.com\/wp-content\/uploads\/2025\/04\/185046031-origpic-13c04f.png\",\"width\":1000,\"height\":1000},{\"@type\":\"BreadcrumbList\",\"@id\":\"https:\/\/xenonkungen.com\/es\/producto\/xbb-obd-ii-dongel-tesla\/#breadcrumb\",\"itemListElement\":[{\"@type\":\"ListItem\",\"position\":1,\"name\":\"Hem\",\"item\":\"https:\/\/xenonkungen.com\/\"},{\"@type\":\"ListItem\",\"position\":2,\"name\":\"Shop\",\"item\":\"https:\/\/xenonkungen.com\/shop\/\"},{\"@type\":\"ListItem\",\"position\":3,\"name\":\"XBB OBD-II Dongel | TESLA Model X &#038; S\"}]},{\"@type\":\"WebSite\",\"@id\":\"https:\/\/xenonkungen.com\/#website\",\"url\":\"https:\/\/xenonkungen.com\/\",\"name\":\"Xenonkungen\",\"description\":\"\",\"potentialAction\":[{\"@type\":\"SearchAction\",\"target\":{\"@type\":\"EntryPoint\",\"urlTemplate\":\"https:\/\/xenonkungen.com\/?s={search_term_string}\"},\"query-input\":{\"@type\":\"PropertyValueSpecification\",\"valueRequired\":true,\"valueName\":\"search_term_string\"}}],\"inLanguage\":\"nl-NL\"}]}<\/script>\n<!-- \/ Yoast SEO plugin. -->","yoast_head_json":{"title":"XBB OBD-II-dongle | TESLA Model X &amp; S - De Xenon-koning","robots":{"index":"index","follow":"follow","max-snippet":"max-snippet:-1","max-image-preview":"max-image-preview:large","max-video-preview":"max-video-preview:-1"},"canonical":"https:\/\/xenonkungen.com\/nl\/product\/xbb-obd-ii-dongle-tesla\/","og_locale":"nl_NL","og_type":"article","og_title":"XBB OBD-II Dongel | TESLA Model X & S - Xenonkungen","og_description":"Nu \u00e4r den h\u00e4r! Framtidens s\u00e4tt att koppla Extraljus och LEDramper! Denna vara \u00e4r Endast Dongeln f\u00f6r TESLA.","og_url":"https:\/\/xenonkungen.com\/nl\/product\/xbb-obd-ii-dongle-tesla\/","og_site_name":"Xenonkungen","article_modified_time":"2026-02-06T15:38:25+00:00","og_image":[{"width":1000,"height":1000,"url":"https:\/\/xenonkungen.com\/wp-content\/uploads\/2025\/04\/185046031-origpic-13c04f.png","type":"image\/png"}],"twitter_card":"summary_large_image","twitter_misc":{"Geschatte leestijd":"2 minuten"},"schema":{"@context":"https:\/\/schema.org","@graph":[{"@type":"WebPage","@id":"https:\/\/xenonkungen.com\/es\/producto\/xbb-obd-ii-dongel-tesla\/","url":"https:\/\/xenonkungen.com\/es\/producto\/xbb-obd-ii-dongel-tesla\/","name":"XBB OBD-II-dongle | TESLA Model X &amp; S - De Xenon-koning","isPartOf":{"@id":"https:\/\/xenonkungen.com\/#website"},"primaryImageOfPage":{"@id":"https:\/\/xenonkungen.com\/es\/producto\/xbb-obd-ii-dongel-tesla\/#primaryimage"},"image":{"@id":"https:\/\/xenonkungen.com\/es\/producto\/xbb-obd-ii-dongel-tesla\/#primaryimage"},"thumbnailUrl":"https:\/\/xenonkungen.com\/wp-content\/uploads\/2025\/04\/185046031-origpic-13c04f.png","datePublished":"2025-04-15T08:39:19+00:00","dateModified":"2026-02-06T15:38:25+00:00","breadcrumb":{"@id":"https:\/\/xenonkungen.com\/es\/producto\/xbb-obd-ii-dongel-tesla\/#breadcrumb"},"inLanguage":"nl-NL","potentialAction":[{"@type":"ReadAction","target":["https:\/\/xenonkungen.com\/es\/producto\/xbb-obd-ii-dongel-tesla\/"]}]},{"@type":"ImageObject","inLanguage":"nl-NL","@id":"https:\/\/xenonkungen.com\/es\/producto\/xbb-obd-ii-dongel-tesla\/#primaryimage","url":"https:\/\/xenonkungen.com\/wp-content\/uploads\/2025\/04\/185046031-origpic-13c04f.png","contentUrl":"https:\/\/xenonkungen.com\/wp-content\/uploads\/2025\/04\/185046031-origpic-13c04f.png","width":1000,"height":1000},{"@type":"BreadcrumbList","@id":"https:\/\/xenonkungen.com\/es\/producto\/xbb-obd-ii-dongel-tesla\/#breadcrumb","itemListElement":[{"@type":"ListItem","position":1,"name":"Hem","item":"https:\/\/xenonkungen.com\/"},{"@type":"ListItem","position":2,"name":"Shop","item":"https:\/\/xenonkungen.com\/shop\/"},{"@type":"ListItem","position":3,"name":"XBB OBD-II Dongel | TESLA Model X &#038; S"}]},{"@type":"WebSite","@id":"https:\/\/xenonkungen.com\/#website","url":"https:\/\/xenonkungen.com\/","name":"Xenonkungen","description":"","potentialAction":[{"@type":"SearchAction","target":{"@type":"EntryPoint","urlTemplate":"https:\/\/xenonkungen.com\/?s={search_term_string}"},"query-input":{"@type":"PropertyValueSpecification","valueRequired":true,"valueName":"search_term_string"}}],"inLanguage":"nl-NL"}]}},"taxonomy_info":{"product_brand":[{"value":115,"label":"XBB"}],"product_cat":[{"value":2487,"label":"Canbus"},{"value":2568,"label":"Canbus"},{"value":2841,"label":"Installation extraljus"},{"value":2828,"label":"Installation LED-ramper"},{"value":2468,"label":"Rel\u00e4"},{"value":390,"label":"Installation"}]},"featured_image_src_large":["https:\/\/xenonkungen.com\/wp-content\/uploads\/2025\/04\/185046031-origpic-13c04f.png",1000,1000,false],"author_info":[],"comment_info":0,"_links":{"self":[{"href":"https:\/\/xenonkungen.com\/nl\/wp-json\/wp\/v2\/product\/2579","targetHints":{"allow":["GET"]}}],"collection":[{"href":"https:\/\/xenonkungen.com\/nl\/wp-json\/wp\/v2\/product"}],"about":[{"href":"https:\/\/xenonkungen.com\/nl\/wp-json\/wp\/v2\/types\/product"}],"replies":[{"embeddable":true,"href":"https:\/\/xenonkungen.com\/nl\/wp-json\/wp\/v2\/comments?post=2579"}],"wp:featuredmedia":[{"embeddable":true,"href":"https:\/\/xenonkungen.com\/nl\/wp-json\/wp\/v2\/media\/2580"}],"wp:attachment":[{"href":"https:\/\/xenonkungen.com\/nl\/wp-json\/wp\/v2\/media?parent=2579"}],"wp:term":[{"taxonomy":"anvandningsomrade","embeddable":true,"href":"https:\/\/xenonkungen.com\/nl\/wp-json\/wp\/v2\/anvandningsomrade?post=2579"},{"taxonomy":"bilmarken","embeddable":true,"href":"https:\/\/xenonkungen.com\/nl\/wp-json\/wp\/v2\/bilmarken?post=2579"},{"taxonomy":"product_brand","embeddable":true,"href":"https:\/\/xenonkungen.com\/nl\/wp-json\/wp\/v2\/product_brand?post=2579"},{"taxonomy":"product_cat","embeddable":true,"href":"https:\/\/xenonkungen.com\/nl\/wp-json\/wp\/v2\/product_cat?post=2579"},{"taxonomy":"product_tag","embeddable":true,"href":"https:\/\/xenonkungen.com\/nl\/wp-json\/wp\/v2\/product_tag?post=2579"}],"curies":[{"name":"wp","href":"https:\/\/api.w.org\/{rel}","templated":true}]}}