{"id":25891,"date":"2026-02-03T15:02:07","date_gmt":"2026-02-03T14:02:07","guid":{"rendered":"https:\/\/xenonkungen.com\/?post_type=product&#038;p=25891"},"modified":"2026-04-24T16:50:36","modified_gmt":"2026-04-24T15:50:36","slug":"faste-adapter-voor-rtb5-zonder-contact","status":"publish","type":"product","link":"https:\/\/xenonkungen.com\/nl\/product\/faste-adapter-voor-rtb5-zonder-contact\/","title":{"rendered":"Adapterbeugel voor RTB5 zonder connector"},"content":{"rendered":"<h2 data-start=\"100\" data-end=\"146\">Adapterbeugel RTB\/5 \u2013 3-puntsophanging ISO 4148<\/h2>\n<p data-start=\"148\" data-end=\"348\">Stabiel en praktisch <strong data-start=\"170\" data-end=\"192\">adapterbeugel RTB\/5<\/strong> voor het monteren van verlichting en accessoires met <strong data-start=\"238\" data-end=\"271\">3-puntsophanging volgens ISO 4148<\/strong>Een uitstekende keuze wanneer u een veilige bevestiging nodig hebt zonder ge\u00efntegreerde connector.<\/p>\n<p data-start=\"350\" data-end=\"492\">De bevestiging is ontworpen voor eenvoudige installatie en biedt een betrouwbare montage, zelfs bij trillingen en intensief gebruik in voertuigen en machines.<\/p>\n<p data-start=\"494\" data-end=\"692\"><strong data-start=\"494\" data-end=\"509\">Kenmerken:<\/strong><br \/>\n\u2022 3-puntsophanging volgens ISO 4148<br data-start=\"541\" data-end=\"544\" \/>\u2022 Centrum-centrum (CC): <strong data-start=\"568\" data-end=\"578\">130 mm<\/strong><br data-start=\"578\" data-end=\"581\" \/>\u2022 Buitendiameter: <strong data-start=\"598\" data-end=\"608\">168 mm<\/strong><br data-start=\"608\" data-end=\"611\" \/>\u2022 Robuuste constructie voor stabiele en veilige montage<br data-start=\"663\" data-end=\"666\" \/>\u2022 Contactloos bezorgd<\/p>","protected":false},"excerpt":{"rendered":"<p>Adapterf\u00e4ste RTB\/5 \u2013 3-punktsf\u00e4ste ISO 4148 Stabilt och praktiskt adapterf\u00e4ste RTB\/5 f\u00f6r montering av belysning och tillbeh\u00f6r med 3-punktsf\u00e4ste enligt ISO 4148. Ett utm\u00e4rkt val n\u00e4r du beh\u00f6ver en s\u00e4ker inf\u00e4stning utan integrerad kontakt. F\u00e4stet \u00e4r konstruerat f\u00f6r enkel installation och ger en p\u00e5litlig montering \u00e4ven vid vibrationer och kr\u00e4vande anv\u00e4ndning i fordon och maskiner. [&hellip;]<\/p>","protected":false},"featured_media":25892,"comment_status":"open","ping_status":"closed","template":"","meta":{"_acf_changed":false,"_smort_price_nok":"518","_smort_price_dkk":"","_smort_price_eur":"","_smort_sale_price_nok":"","_smort_sale_price_dkk":"","_smort_sale_price_eur":"","smort_restorder":"","shipmondo_restorder":"","_kad_blocks_custom_css":"","_kad_blocks_head_custom_js":"","_kad_blocks_body_custom_js":"","_kad_blocks_footer_custom_js":"","smort_custom_pricelist_1":"326.4","smort_custom_pricelist_2":"326.4","smort_custom_pricelist_3":"326.4","smort_custom_pricelist_4":"408","smort_custom_pricelist_5":"326.4"},"anvandningsomrade":[],"bilmarken":[],"product_brand":[2790],"product_cat":[390],"product_tag":[],"class_list":{"0":"post-25891","1":"product","2":"type-product","3":"status-publish","4":"has-post-thumbnail","6":"product_brand-abkati","7":"product_cat-installation","9":"first","10":"onbackorder","11":"taxable","12":"shipping-taxable","13":"purchasable","14":"product-type-simple"},"bundled_by":[],"bundle_stock_status":"onbackorder","bundle_stock_quantity":0,"bundle_virtual":false,"bundle_layout":"","bundle_add_to_cart_form_location":"","bundle_editable_in_cart":false,"bundle_sold_individually_context":"","bundle_item_grouping":"","bundle_min_size":"","bundle_max_size":"","bundle_price":[],"bundled_items":[],"bundle_sell_ids":[],"acf":[],"yoast_head":"<!-- This site is optimized with the Yoast SEO plugin v27.0 - https:\/\/yoast.com\/product\/yoast-seo-wordpress\/ -->\n<title>Adapterf\u00e4ste f\u00f6r RTB5 utan kontakt - Xenonkungen<\/title>\n<meta name=\"robots\" content=\"index, follow, max-snippet:-1, max-image-preview:large, max-video-preview:-1\" \/>\n<link rel=\"canonical\" href=\"https:\/\/xenonkungen.com\/nl\/product\/faste-adapter-voor-rtb5-zonder-contact\/\" \/>\n<meta property=\"og:locale\" content=\"nl_NL\" \/>\n<meta property=\"og:type\" content=\"article\" \/>\n<meta property=\"og:title\" content=\"Adapterf\u00e4ste f\u00f6r RTB5 utan kontakt - Xenonkungen\" \/>\n<meta property=\"og:description\" content=\"Adapterf\u00e4ste RTB\/5 \u2013 3-punktsf\u00e4ste ISO 4148 Stabilt och praktiskt adapterf\u00e4ste RTB\/5 f\u00f6r montering av belysning och tillbeh\u00f6r med 3-punktsf\u00e4ste enligt ISO 4148. Ett utm\u00e4rkt val n\u00e4r du beh\u00f6ver en s\u00e4ker inf\u00e4stning utan integrerad kontakt. F\u00e4stet \u00e4r konstruerat f\u00f6r enkel installation och ger en p\u00e5litlig montering \u00e4ven vid vibrationer och kr\u00e4vande anv\u00e4ndning i fordon och maskiner. [&hellip;]\" \/>\n<meta property=\"og:url\" content=\"https:\/\/xenonkungen.com\/nl\/product\/faste-adapter-voor-rtb5-zonder-contact\/\" \/>\n<meta property=\"og:site_name\" content=\"Xenonkungen\" \/>\n<meta property=\"article:modified_time\" content=\"2026-04-24T15:50:36+00:00\" \/>\n<meta property=\"og:image\" content=\"https:\/\/xenonkungen.com\/wp-content\/uploads\/2026\/02\/Skarmbild-2026-02-03-143822.png\" \/>\n\t<meta property=\"og:image:width\" content=\"631\" \/>\n\t<meta property=\"og:image:height\" content=\"845\" \/>\n\t<meta property=\"og:image:type\" content=\"image\/png\" \/>\n<meta name=\"twitter:card\" content=\"summary_large_image\" \/>\n<meta name=\"twitter:label1\" content=\"Geschatte leestijd\" \/>\n\t<meta name=\"twitter:data1\" content=\"1 minuut\" \/>\n<script type=\"application\/ld+json\" class=\"yoast-schema-graph\">{\"@context\":\"https:\/\/schema.org\",\"@graph\":[{\"@type\":\"WebPage\",\"@id\":\"https:\/\/xenonkungen.com\/fi\/tuote\/adapterfaste-for-rtb5-utan-kontakt\/\",\"url\":\"https:\/\/xenonkungen.com\/fi\/tuote\/adapterfaste-for-rtb5-utan-kontakt\/\",\"name\":\"Adapterf\u00e4ste f\u00f6r RTB5 utan kontakt - Xenonkungen\",\"isPartOf\":{\"@id\":\"https:\/\/xenonkungen.com\/#website\"},\"primaryImageOfPage\":{\"@id\":\"https:\/\/xenonkungen.com\/fi\/tuote\/adapterfaste-for-rtb5-utan-kontakt\/#primaryimage\"},\"image\":{\"@id\":\"https:\/\/xenonkungen.com\/fi\/tuote\/adapterfaste-for-rtb5-utan-kontakt\/#primaryimage\"},\"thumbnailUrl\":\"https:\/\/xenonkungen.com\/wp-content\/uploads\/2026\/02\/Skarmbild-2026-02-03-143822.png\",\"datePublished\":\"2026-02-03T14:02:07+00:00\",\"dateModified\":\"2026-04-24T15:50:36+00:00\",\"breadcrumb\":{\"@id\":\"https:\/\/xenonkungen.com\/fi\/tuote\/adapterfaste-for-rtb5-utan-kontakt\/#breadcrumb\"},\"inLanguage\":\"nl-NL\",\"potentialAction\":[{\"@type\":\"ReadAction\",\"target\":[\"https:\/\/xenonkungen.com\/fi\/tuote\/adapterfaste-for-rtb5-utan-kontakt\/\"]}]},{\"@type\":\"ImageObject\",\"inLanguage\":\"nl-NL\",\"@id\":\"https:\/\/xenonkungen.com\/fi\/tuote\/adapterfaste-for-rtb5-utan-kontakt\/#primaryimage\",\"url\":\"https:\/\/xenonkungen.com\/wp-content\/uploads\/2026\/02\/Skarmbild-2026-02-03-143822.png\",\"contentUrl\":\"https:\/\/xenonkungen.com\/wp-content\/uploads\/2026\/02\/Skarmbild-2026-02-03-143822.png\",\"width\":631,\"height\":845},{\"@type\":\"BreadcrumbList\",\"@id\":\"https:\/\/xenonkungen.com\/fi\/tuote\/adapterfaste-for-rtb5-utan-kontakt\/#breadcrumb\",\"itemListElement\":[{\"@type\":\"ListItem\",\"position\":1,\"name\":\"Hem\",\"item\":\"https:\/\/xenonkungen.com\/\"},{\"@type\":\"ListItem\",\"position\":2,\"name\":\"Shop\",\"item\":\"https:\/\/xenonkungen.com\/shop\/\"},{\"@type\":\"ListItem\",\"position\":3,\"name\":\"Adapterf\u00e4ste f\u00f6r RTB5 utan kontakt\"}]},{\"@type\":\"WebSite\",\"@id\":\"https:\/\/xenonkungen.com\/#website\",\"url\":\"https:\/\/xenonkungen.com\/\",\"name\":\"Xenonkungen\",\"description\":\"\",\"potentialAction\":[{\"@type\":\"SearchAction\",\"target\":{\"@type\":\"EntryPoint\",\"urlTemplate\":\"https:\/\/xenonkungen.com\/?s={search_term_string}\"},\"query-input\":{\"@type\":\"PropertyValueSpecification\",\"valueRequired\":true,\"valueName\":\"search_term_string\"}}],\"inLanguage\":\"nl-NL\"}]}<\/script>\n<!-- \/ Yoast SEO plugin. -->","yoast_head_json":{"title":"Adapterbeugel voor RTB5 zonder contact - Xenonkungen","robots":{"index":"index","follow":"follow","max-snippet":"max-snippet:-1","max-image-preview":"max-image-preview:large","max-video-preview":"max-video-preview:-1"},"canonical":"https:\/\/xenonkungen.com\/nl\/product\/faste-adapter-voor-rtb5-zonder-contact\/","og_locale":"nl_NL","og_type":"article","og_title":"Adapterf\u00e4ste f\u00f6r RTB5 utan kontakt - Xenonkungen","og_description":"Adapterf\u00e4ste RTB\/5 \u2013 3-punktsf\u00e4ste ISO 4148 Stabilt och praktiskt adapterf\u00e4ste RTB\/5 f\u00f6r montering av belysning och tillbeh\u00f6r med 3-punktsf\u00e4ste enligt ISO 4148. Ett utm\u00e4rkt val n\u00e4r du beh\u00f6ver en s\u00e4ker inf\u00e4stning utan integrerad kontakt. F\u00e4stet \u00e4r konstruerat f\u00f6r enkel installation och ger en p\u00e5litlig montering \u00e4ven vid vibrationer och kr\u00e4vande anv\u00e4ndning i fordon och maskiner. [&hellip;]","og_url":"https:\/\/xenonkungen.com\/nl\/product\/faste-adapter-voor-rtb5-zonder-contact\/","og_site_name":"Xenonkungen","article_modified_time":"2026-04-24T15:50:36+00:00","og_image":[{"width":631,"height":845,"url":"https:\/\/xenonkungen.com\/wp-content\/uploads\/2026\/02\/Skarmbild-2026-02-03-143822.png","type":"image\/png"}],"twitter_card":"summary_large_image","twitter_misc":{"Geschatte leestijd":"1 minuut"},"schema":{"@context":"https:\/\/schema.org","@graph":[{"@type":"WebPage","@id":"https:\/\/xenonkungen.com\/fi\/tuote\/adapterfaste-for-rtb5-utan-kontakt\/","url":"https:\/\/xenonkungen.com\/fi\/tuote\/adapterfaste-for-rtb5-utan-kontakt\/","name":"Adapterbeugel voor RTB5 zonder contact - Xenonkungen","isPartOf":{"@id":"https:\/\/xenonkungen.com\/#website"},"primaryImageOfPage":{"@id":"https:\/\/xenonkungen.com\/fi\/tuote\/adapterfaste-for-rtb5-utan-kontakt\/#primaryimage"},"image":{"@id":"https:\/\/xenonkungen.com\/fi\/tuote\/adapterfaste-for-rtb5-utan-kontakt\/#primaryimage"},"thumbnailUrl":"https:\/\/xenonkungen.com\/wp-content\/uploads\/2026\/02\/Skarmbild-2026-02-03-143822.png","datePublished":"2026-02-03T14:02:07+00:00","dateModified":"2026-04-24T15:50:36+00:00","breadcrumb":{"@id":"https:\/\/xenonkungen.com\/fi\/tuote\/adapterfaste-for-rtb5-utan-kontakt\/#breadcrumb"},"inLanguage":"nl-NL","potentialAction":[{"@type":"ReadAction","target":["https:\/\/xenonkungen.com\/fi\/tuote\/adapterfaste-for-rtb5-utan-kontakt\/"]}]},{"@type":"ImageObject","inLanguage":"nl-NL","@id":"https:\/\/xenonkungen.com\/fi\/tuote\/adapterfaste-for-rtb5-utan-kontakt\/#primaryimage","url":"https:\/\/xenonkungen.com\/wp-content\/uploads\/2026\/02\/Skarmbild-2026-02-03-143822.png","contentUrl":"https:\/\/xenonkungen.com\/wp-content\/uploads\/2026\/02\/Skarmbild-2026-02-03-143822.png","width":631,"height":845},{"@type":"BreadcrumbList","@id":"https:\/\/xenonkungen.com\/fi\/tuote\/adapterfaste-for-rtb5-utan-kontakt\/#breadcrumb","itemListElement":[{"@type":"ListItem","position":1,"name":"Hem","item":"https:\/\/xenonkungen.com\/"},{"@type":"ListItem","position":2,"name":"Shop","item":"https:\/\/xenonkungen.com\/shop\/"},{"@type":"ListItem","position":3,"name":"Adapterf\u00e4ste f\u00f6r RTB5 utan kontakt"}]},{"@type":"WebSite","@id":"https:\/\/xenonkungen.com\/#website","url":"https:\/\/xenonkungen.com\/","name":"Xenonkungen","description":"","potentialAction":[{"@type":"SearchAction","target":{"@type":"EntryPoint","urlTemplate":"https:\/\/xenonkungen.com\/?s={search_term_string}"},"query-input":{"@type":"PropertyValueSpecification","valueRequired":true,"valueName":"search_term_string"}}],"inLanguage":"nl-NL"}]}},"taxonomy_info":{"product_brand":[{"value":2790,"label":"Abkati"}],"product_cat":[{"value":390,"label":"Installation"}]},"featured_image_src_large":["https:\/\/xenonkungen.com\/wp-content\/uploads\/2026\/02\/Skarmbild-2026-02-03-143822.png",631,845,false],"author_info":[],"comment_info":0,"_links":{"self":[{"href":"https:\/\/xenonkungen.com\/nl\/wp-json\/wp\/v2\/product\/25891","targetHints":{"allow":["GET"]}}],"collection":[{"href":"https:\/\/xenonkungen.com\/nl\/wp-json\/wp\/v2\/product"}],"about":[{"href":"https:\/\/xenonkungen.com\/nl\/wp-json\/wp\/v2\/types\/product"}],"replies":[{"embeddable":true,"href":"https:\/\/xenonkungen.com\/nl\/wp-json\/wp\/v2\/comments?post=25891"}],"wp:featuredmedia":[{"embeddable":true,"href":"https:\/\/xenonkungen.com\/nl\/wp-json\/wp\/v2\/media\/25892"}],"wp:attachment":[{"href":"https:\/\/xenonkungen.com\/nl\/wp-json\/wp\/v2\/media?parent=25891"}],"wp:term":[{"taxonomy":"anvandningsomrade","embeddable":true,"href":"https:\/\/xenonkungen.com\/nl\/wp-json\/wp\/v2\/anvandningsomrade?post=25891"},{"taxonomy":"bilmarken","embeddable":true,"href":"https:\/\/xenonkungen.com\/nl\/wp-json\/wp\/v2\/bilmarken?post=25891"},{"taxonomy":"product_brand","embeddable":true,"href":"https:\/\/xenonkungen.com\/nl\/wp-json\/wp\/v2\/product_brand?post=25891"},{"taxonomy":"product_cat","embeddable":true,"href":"https:\/\/xenonkungen.com\/nl\/wp-json\/wp\/v2\/product_cat?post=25891"},{"taxonomy":"product_tag","embeddable":true,"href":"https:\/\/xenonkungen.com\/nl\/wp-json\/wp\/v2\/product_tag?post=25891"}],"curies":[{"name":"wp","href":"https:\/\/api.w.org\/{rel}","templated":true}]}}