{"id":2603,"date":"2025-04-15T08:39:30","date_gmt":"2025-04-15T08:39:30","guid":{"rendered":"https:\/\/xenonkungen.com\/product\/kabelsats-till-xbb-power-unit\/"},"modified":"2026-04-17T15:59:34","modified_gmt":"2026-04-17T14:59:34","slug":"kabelset-voor-xbb-voedingseenheid","status":"publish","type":"product","link":"https:\/\/xenonkungen.com\/nl\/product\/kabelset-voor-xbb-voedingseenheid\/","title":{"rendered":"Kabelset voor XBB-voedingseenheid"},"content":{"rendered":"<h1>Relaiskabelset voor XBB OBD-II voedingseenheid<\/h1>\n<p>Kabelboom excl. relais met 9006 connector voor directe aansluiting en veilige voeding van een xenon ballast of LED oprijplaten zoals LUXTAR LED oprijplaat X16, X18, X20 en tot X24 die een overeenkomstige connector heeft.<\/p>\n<p>Wanneer je een ledframe of ander armatuur zonder 9006 huls (vrouwelijk) gebruikt, knip dan de stekker door en verbind de draden. Solderen en krimpkous of een andere veilige afdichting wordt aanbevolen.<\/p>\n<p><strong>12-24V (15A) GELIJKSTROOM<\/strong><\/p>\n<p><strong>40A-zekering<\/strong><\/p>\n<p>Deze kabelset kan samen met XBB OBD ll LED-helling en\/of extra verlichting voeden tot 15 A (echt vermogen). <\/p>\n<p><strong>Interconnectie<\/strong><br \/>1. wordt aangesloten op accu (+), aardpunt (-) <br \/>2. voedingsaansluiting (+\/-) op ballast (of lichtbalkkabel)<\/p>\n<p>Speciale instructies zijn niet inbegrepen.<\/p>\n<p><strong>Goed om te weten<\/strong><br \/>Als je de bedrading inkort, kun je LED Ramps of Extra Lights gebruiken met een hoger vermogen. <br \/>Bij verlenging wordt het maximale vermogen verlaagd.<br \/>De maximale afstand tussen de batterij en de lichtbron is 3 meter.<br \/>Werkt net zo goed met halogeen-hulpverlichting.<\/p>\n<p>Gewicht: 0,27 kg<\/p>\n<p>Lees meer over het gebruik van <a href=\"https:\/\/www.xenonkungen.com\/se\/produkter\/installationsmaterial\/xbb-dongle-power-unit\/\">XBB-dongle en voedingseenheid<\/a>.<\/p>","protected":false},"excerpt":{"rendered":"<p>Speciale kabelboom ontworpen voor XBB OBD-ll relais.<\/p>","protected":false},"featured_media":2604,"comment_status":"closed","ping_status":"open","template":"","meta":{"_acf_changed":false,"_smort_price_nok":"180","_smort_price_dkk":"153","_smort_price_eur":"20.45","_smort_sale_price_nok":"180","_smort_sale_price_dkk":"","_smort_sale_price_eur":"","smort_restorder":"","shipmondo_restorder":"","_kad_blocks_custom_css":"","_kad_blocks_head_custom_js":"","_kad_blocks_body_custom_js":"","_kad_blocks_footer_custom_js":"","smort_custom_pricelist_1":"124.8","smort_custom_pricelist_2":"109.2","smort_custom_pricelist_3":"103.74","smort_custom_pricelist_4":"180","smort_custom_pricelist_5":"109.2"},"anvandningsomrade":[],"bilmarken":[],"product_brand":[115],"product_cat":[2487,2841,2828,2795,2796,2573,390,1402],"product_tag":[],"class_list":{"0":"post-2603","1":"product","2":"type-product","3":"status-publish","4":"has-post-thumbnail","6":"product_brand-xbb","7":"product_cat-canbus-installation","8":"product_cat-installation-extraljus","9":"product_cat-installation-led-ramper","10":"product_cat-kablar-rela","11":"product_cat-relakabelsatser","12":"product_cat-relasats-relasats-ledramper-relasats-extraljus-relasats-arbetsbelysning-xbb-installation","13":"product_cat-installation","14":"product_cat-outlet","15":"pa_volt-v-159","17":"first","18":"onbackorder","19":"sale","20":"taxable","21":"shipping-taxable","22":"purchasable","23":"product-type-simple"},"bundled_by":["9339","9346","9353","9360","9368","9375","9384","9393","9400","9541","9545","9553","9559","9574","9580","9586","9593","9600","9608","9614","9624","9633","9643","25260","25266","25270","25275","25279","25283","25285"],"bundle_stock_status":"onbackorder","bundle_stock_quantity":-777,"bundle_virtual":false,"bundle_layout":"","bundle_add_to_cart_form_location":"","bundle_editable_in_cart":false,"bundle_sold_individually_context":"","bundle_item_grouping":"","bundle_min_size":"","bundle_max_size":"","bundle_price":[],"bundled_items":[],"bundle_sell_ids":[],"acf":[],"yoast_head":"<!-- This site is optimized with the Yoast SEO plugin v27.0 - https:\/\/yoast.com\/product\/yoast-seo-wordpress\/ -->\n<title>Kabelsats till XBB Power Unit - Xenonkungen<\/title>\n<meta name=\"robots\" content=\"index, follow, max-snippet:-1, max-image-preview:large, max-video-preview:-1\" \/>\n<link rel=\"canonical\" href=\"https:\/\/xenonkungen.com\/nl\/product\/kabelset-voor-xbb-voedingseenheid\/\" \/>\n<meta property=\"og:locale\" content=\"nl_NL\" \/>\n<meta property=\"og:type\" content=\"article\" \/>\n<meta property=\"og:title\" content=\"Kabelsats till XBB Power Unit - Xenonkungen\" \/>\n<meta property=\"og:description\" content=\"Special kablage framtaget till XBB OBD-ll rel\u00e4.\" \/>\n<meta property=\"og:url\" content=\"https:\/\/xenonkungen.com\/nl\/product\/kabelset-voor-xbb-voedingseenheid\/\" \/>\n<meta property=\"og:site_name\" content=\"Xenonkungen\" \/>\n<meta property=\"article:modified_time\" content=\"2026-04-17T14:59:34+00:00\" \/>\n<meta property=\"og:image\" content=\"https:\/\/xenonkungen.com\/wp-content\/uploads\/2025\/04\/184946875-origpic-605ef6.png\" \/>\n\t<meta property=\"og:image:width\" content=\"1000\" \/>\n\t<meta property=\"og:image:height\" content=\"992\" \/>\n\t<meta property=\"og:image:type\" content=\"image\/png\" \/>\n<meta name=\"twitter:card\" content=\"summary_large_image\" \/>\n<meta name=\"twitter:label1\" content=\"Geschatte leestijd\" \/>\n\t<meta name=\"twitter:data1\" content=\"1 minuut\" \/>\n<script type=\"application\/ld+json\" class=\"yoast-schema-graph\">{\"@context\":\"https:\/\/schema.org\",\"@graph\":[{\"@type\":\"WebPage\",\"@id\":\"https:\/\/xenonkungen.com\/produkt\/kabelsats-till-xbb-power-unit\/\",\"url\":\"https:\/\/xenonkungen.com\/produkt\/kabelsats-till-xbb-power-unit\/\",\"name\":\"Kabelsats till XBB Power Unit - Xenonkungen\",\"isPartOf\":{\"@id\":\"https:\/\/xenonkungen.com\/#website\"},\"primaryImageOfPage\":{\"@id\":\"https:\/\/xenonkungen.com\/produkt\/kabelsats-till-xbb-power-unit\/#primaryimage\"},\"image\":{\"@id\":\"https:\/\/xenonkungen.com\/produkt\/kabelsats-till-xbb-power-unit\/#primaryimage\"},\"thumbnailUrl\":\"https:\/\/xenonkungen.com\/wp-content\/uploads\/2025\/04\/184946875-origpic-605ef6.png\",\"datePublished\":\"2025-04-15T08:39:30+00:00\",\"dateModified\":\"2026-04-17T14:59:34+00:00\",\"breadcrumb\":{\"@id\":\"https:\/\/xenonkungen.com\/produkt\/kabelsats-till-xbb-power-unit\/#breadcrumb\"},\"inLanguage\":\"nl-NL\",\"potentialAction\":[{\"@type\":\"ReadAction\",\"target\":[\"https:\/\/xenonkungen.com\/produkt\/kabelsats-till-xbb-power-unit\/\"]}]},{\"@type\":\"ImageObject\",\"inLanguage\":\"nl-NL\",\"@id\":\"https:\/\/xenonkungen.com\/produkt\/kabelsats-till-xbb-power-unit\/#primaryimage\",\"url\":\"https:\/\/xenonkungen.com\/wp-content\/uploads\/2025\/04\/184946875-origpic-605ef6.png\",\"contentUrl\":\"https:\/\/xenonkungen.com\/wp-content\/uploads\/2025\/04\/184946875-origpic-605ef6.png\",\"width\":1000,\"height\":992},{\"@type\":\"BreadcrumbList\",\"@id\":\"https:\/\/xenonkungen.com\/produkt\/kabelsats-till-xbb-power-unit\/#breadcrumb\",\"itemListElement\":[{\"@type\":\"ListItem\",\"position\":1,\"name\":\"Hem\",\"item\":\"https:\/\/xenonkungen.com\/\"},{\"@type\":\"ListItem\",\"position\":2,\"name\":\"Shop\",\"item\":\"https:\/\/xenonkungen.com\/shop\/\"},{\"@type\":\"ListItem\",\"position\":3,\"name\":\"Kabelsats till XBB Power Unit\"}]},{\"@type\":\"WebSite\",\"@id\":\"https:\/\/xenonkungen.com\/#website\",\"url\":\"https:\/\/xenonkungen.com\/\",\"name\":\"Xenonkungen\",\"description\":\"\",\"potentialAction\":[{\"@type\":\"SearchAction\",\"target\":{\"@type\":\"EntryPoint\",\"urlTemplate\":\"https:\/\/xenonkungen.com\/?s={search_term_string}\"},\"query-input\":{\"@type\":\"PropertyValueSpecification\",\"valueRequired\":true,\"valueName\":\"search_term_string\"}}],\"inLanguage\":\"nl-NL\"}]}<\/script>\n<!-- \/ Yoast SEO plugin. -->","yoast_head_json":{"title":"Kabelset voor XBB Power Unit - Xenonkungen","robots":{"index":"index","follow":"follow","max-snippet":"max-snippet:-1","max-image-preview":"max-image-preview:large","max-video-preview":"max-video-preview:-1"},"canonical":"https:\/\/xenonkungen.com\/nl\/product\/kabelset-voor-xbb-voedingseenheid\/","og_locale":"nl_NL","og_type":"article","og_title":"Kabelsats till XBB Power Unit - Xenonkungen","og_description":"Special kablage framtaget till XBB OBD-ll rel\u00e4.","og_url":"https:\/\/xenonkungen.com\/nl\/product\/kabelset-voor-xbb-voedingseenheid\/","og_site_name":"Xenonkungen","article_modified_time":"2026-04-17T14:59:34+00:00","og_image":[{"width":1000,"height":992,"url":"https:\/\/xenonkungen.com\/wp-content\/uploads\/2025\/04\/184946875-origpic-605ef6.png","type":"image\/png"}],"twitter_card":"summary_large_image","twitter_misc":{"Geschatte leestijd":"1 minuut"},"schema":{"@context":"https:\/\/schema.org","@graph":[{"@type":"WebPage","@id":"https:\/\/xenonkungen.com\/produkt\/kabelsats-till-xbb-power-unit\/","url":"https:\/\/xenonkungen.com\/produkt\/kabelsats-till-xbb-power-unit\/","name":"Kabelset voor XBB Power Unit - Xenonkungen","isPartOf":{"@id":"https:\/\/xenonkungen.com\/#website"},"primaryImageOfPage":{"@id":"https:\/\/xenonkungen.com\/produkt\/kabelsats-till-xbb-power-unit\/#primaryimage"},"image":{"@id":"https:\/\/xenonkungen.com\/produkt\/kabelsats-till-xbb-power-unit\/#primaryimage"},"thumbnailUrl":"https:\/\/xenonkungen.com\/wp-content\/uploads\/2025\/04\/184946875-origpic-605ef6.png","datePublished":"2025-04-15T08:39:30+00:00","dateModified":"2026-04-17T14:59:34+00:00","breadcrumb":{"@id":"https:\/\/xenonkungen.com\/produkt\/kabelsats-till-xbb-power-unit\/#breadcrumb"},"inLanguage":"nl-NL","potentialAction":[{"@type":"ReadAction","target":["https:\/\/xenonkungen.com\/produkt\/kabelsats-till-xbb-power-unit\/"]}]},{"@type":"ImageObject","inLanguage":"nl-NL","@id":"https:\/\/xenonkungen.com\/produkt\/kabelsats-till-xbb-power-unit\/#primaryimage","url":"https:\/\/xenonkungen.com\/wp-content\/uploads\/2025\/04\/184946875-origpic-605ef6.png","contentUrl":"https:\/\/xenonkungen.com\/wp-content\/uploads\/2025\/04\/184946875-origpic-605ef6.png","width":1000,"height":992},{"@type":"BreadcrumbList","@id":"https:\/\/xenonkungen.com\/produkt\/kabelsats-till-xbb-power-unit\/#breadcrumb","itemListElement":[{"@type":"ListItem","position":1,"name":"Hem","item":"https:\/\/xenonkungen.com\/"},{"@type":"ListItem","position":2,"name":"Shop","item":"https:\/\/xenonkungen.com\/shop\/"},{"@type":"ListItem","position":3,"name":"Kabelsats till XBB Power Unit"}]},{"@type":"WebSite","@id":"https:\/\/xenonkungen.com\/#website","url":"https:\/\/xenonkungen.com\/","name":"Xenonkungen","description":"","potentialAction":[{"@type":"SearchAction","target":{"@type":"EntryPoint","urlTemplate":"https:\/\/xenonkungen.com\/?s={search_term_string}"},"query-input":{"@type":"PropertyValueSpecification","valueRequired":true,"valueName":"search_term_string"}}],"inLanguage":"nl-NL"}]}},"taxonomy_info":{"product_brand":[{"value":115,"label":"XBB"}],"product_cat":[{"value":2487,"label":"Canbus"},{"value":2841,"label":"Installation extraljus"},{"value":2828,"label":"Installation LED-ramper"},{"value":2795,"label":"Kablar och Rel\u00e4"},{"value":2796,"label":"Rel\u00e4kabelsatser"},{"value":2573,"label":"Rel\u00e4sats"},{"value":390,"label":"Installation"},{"value":1402,"label":"Outlet"}],"pa_volt-v":[{"value":159,"label":"12"}]},"featured_image_src_large":["https:\/\/xenonkungen.com\/wp-content\/uploads\/2025\/04\/184946875-origpic-605ef6.png",1000,992,false],"author_info":[],"comment_info":1,"_links":{"self":[{"href":"https:\/\/xenonkungen.com\/nl\/wp-json\/wp\/v2\/product\/2603","targetHints":{"allow":["GET"]}}],"collection":[{"href":"https:\/\/xenonkungen.com\/nl\/wp-json\/wp\/v2\/product"}],"about":[{"href":"https:\/\/xenonkungen.com\/nl\/wp-json\/wp\/v2\/types\/product"}],"replies":[{"embeddable":true,"href":"https:\/\/xenonkungen.com\/nl\/wp-json\/wp\/v2\/comments?post=2603"}],"wp:featuredmedia":[{"embeddable":true,"href":"https:\/\/xenonkungen.com\/nl\/wp-json\/wp\/v2\/media\/2604"}],"wp:attachment":[{"href":"https:\/\/xenonkungen.com\/nl\/wp-json\/wp\/v2\/media?parent=2603"}],"wp:term":[{"taxonomy":"anvandningsomrade","embeddable":true,"href":"https:\/\/xenonkungen.com\/nl\/wp-json\/wp\/v2\/anvandningsomrade?post=2603"},{"taxonomy":"bilmarken","embeddable":true,"href":"https:\/\/xenonkungen.com\/nl\/wp-json\/wp\/v2\/bilmarken?post=2603"},{"taxonomy":"product_brand","embeddable":true,"href":"https:\/\/xenonkungen.com\/nl\/wp-json\/wp\/v2\/product_brand?post=2603"},{"taxonomy":"product_cat","embeddable":true,"href":"https:\/\/xenonkungen.com\/nl\/wp-json\/wp\/v2\/product_cat?post=2603"},{"taxonomy":"product_tag","embeddable":true,"href":"https:\/\/xenonkungen.com\/nl\/wp-json\/wp\/v2\/product_tag?post=2603"}],"curies":[{"name":"wp","href":"https:\/\/api.w.org\/{rel}","templated":true}]}}