{"id":2612,"date":"2025-04-15T08:39:48","date_gmt":"2025-04-15T08:39:48","guid":{"rendered":"https:\/\/xenonkungen.com\/product\/extraljussats-60w-xenon-speedstart-12-24v\/"},"modified":"2026-04-10T20:53:16","modified_gmt":"2026-04-10T19:53:16","slug":"extra-verlichtingsset-60w-xenon-snelstart-12-24v","status":"publish","type":"product","link":"https:\/\/xenonkungen.com\/nl\/product\/extra-verlichtingsset-60w-xenon-snelstart-12-24v\/","title":{"rendered":"Extra verlichtingsset 60W Xenon SpeedStart | 12\/24V"},"content":{"rendered":"<h1>Premium 60W extra verlichtingsset<\/h1>\n<p>Het meegeleverde voorschakelapparaat HNS-6 heeft een vermogen van 60W (effectief ~60W) en de lamp heeft een bijpassend vermogensbereik en bijbehorende eigenschappen.<\/p>\n<p>Levert tot ca. <strong>450% meer licht<\/strong> Vergeleken met 55W halogeen. Je krijgt meestal ook een veel breder en langer lichtpatroon, afhankelijk van de eigenschappen van de lamp.<\/p>\n<p>Een unieke eigenschap van de HNS-6 is dat hij alle xenonlampen kan bedienen, inclusief loodvrije lampen (D1\/D2\/D3\/D4). Hiervoor zijn echter speciale kabels nodig en de opdracht wordt hier gegeven om de geavanceerde technologie van de HNS-6 te demonstreren.<\/p>\n<p><strong>Specificaties<\/strong><br \/>Ballast: HNS-6 Super stevige start<br \/>Vermogen: 60W (~60W), 42V\/85V AC<br \/>Volt: 9-32V DC<br \/>Gebruiksomgeving: -40 tot +85<br \/><span>Stroomverbruik: 5,2A\/12V<\/span><\/p>\n<p><strong>Voor extra verlichting met lampvoet:<\/strong><br \/>D2H\/D2Y (NBB 225 enz.)<br \/>H1<br \/>H3<br \/>H7<\/p>\n<p><strong>Elke kleurtemperatuur (K = Kelvin):<\/strong><br \/>4300K = 5600\u00b1100 lm, standaard wit<br \/>5000K = 5200\u00b1100 lm, helder wit<br \/>6000K = 4700\u00b1100 lm, diamantwit<br \/><em>Werkelijke waarden<\/em> volgens spectroanalyse.<br \/>- Wij raden 4300K aan.<\/p>\n<p><em>Heeft u extra licht met blauw glas dan adviseren wij 4300K, het blauwe glas geeft dan een lichtkleur van ongeveer 4800K.<\/em><\/p>\n<p><strong>Let op!<\/strong> Relaisbedrading voor reguliere halogeenverlichting is niet geschikt voor het aansturen van xenonverlichting. De meeste supportvragen gaan hierover. Koop daarom een van onze <em>op maat gemaakt<\/em> Relaisbedrading. Beschikbaar voor 1, 2 of 3 extra lampen.<br \/>Als u uw eigen bedrading gebruikt, gebruik dan een 2,5 mm\u00b2-kabel en een zekering van 15 A. <em>per<\/em> ballast.<\/p>\n<p><strong>Inhoud\/set:<\/strong><br \/>1e Ballast HNS-6 Supersnelle start 9-32V \/ Multivolt<br \/>1x Power xenon lamp (speciaal hulplicht)<br \/>1 st. stroomkabel<\/p>\n<p>Garantie 3 jaar Ballast | 1 jaar Lamp<\/p>\n<p>Bouw uw NBB 225 om met deze kit! <br \/><iframe loading=\"lazy\" frameborder=\"0\" height=\"315\" allow=\"accelerometer; autoplay; clipboard-write; encrypted-media; gyroscope; picture-in-picture\" src=\"https:\/\/www.youtube.com\/embed\/16ww_o6qDYg\" title=\"YouTube videospeler\" width=\"560\" allowfullscreen=\"allowfullscreen\"><\/iframe><\/p>","protected":false},"excerpt":{"rendered":"<p>Premium xenonset exclusief bij Xenonkungen. Zowel ballast als lampen zijn van het type Supersnelle start en Hoge helderheid: snelle start en met hogere lichtsterkte.<\/p>","protected":false},"featured_media":2613,"comment_status":"closed","ping_status":"closed","template":"","meta":{"_acf_changed":false,"_smort_price_nok":"561","_smort_price_dkk":"356","_smort_price_eur":"47.73","_smort_sale_price_nok":"","_smort_sale_price_dkk":"","_smort_sale_price_eur":"","smort_restorder":"","shipmondo_restorder":"","_kad_blocks_custom_css":"","_kad_blocks_head_custom_js":"","_kad_blocks_body_custom_js":"","_kad_blocks_footer_custom_js":"","smort_custom_pricelist_1":"336","smort_custom_pricelist_2":"294","smort_custom_pricelist_3":"279.3","smort_custom_pricelist_4":"420","smort_custom_pricelist_5":"294"},"anvandningsomrade":[],"bilmarken":[],"product_brand":[],"product_cat":[2485],"product_tag":[],"class_list":{"0":"post-2612","1":"product","2":"type-product","3":"status-publish","4":"has-post-thumbnail","6":"product_cat-xenonkonventering","7":"pa_fargtemperatur-5000k","8":"pa_fargtemperatur-6000k","9":"pa_fargtemperatur-4300k","10":"pa_fuktskydd-varde-ipxx-ip67","11":"pa_lampsockel-kontakt-h7","12":"pa_lampsockel-kontakt-d2h","13":"pa_lampsockel-kontakt-h1","14":"pa_lampsockel-kontakt-h3","15":"pa_volt-v-12-24-multivolt","17":"first","18":"instock","19":"taxable","20":"shipping-taxable","21":"purchasable","22":"product-type-variable"},"bundled_by":[],"bundle_stock_status":"instock","bundle_stock_quantity":111,"bundle_virtual":false,"bundle_layout":"","bundle_add_to_cart_form_location":"","bundle_editable_in_cart":false,"bundle_sold_individually_context":"","bundle_item_grouping":"","bundle_min_size":"","bundle_max_size":"","bundle_price":[],"bundled_items":[],"bundle_sell_ids":[],"acf":[],"yoast_head":"<!-- This site is optimized with the Yoast SEO plugin v27.0 - https:\/\/yoast.com\/product\/yoast-seo-wordpress\/ -->\n<title>Extraljussats 60W Xenon SpeedStart | 12\/24V - Xenonkungen<\/title>\n<meta name=\"robots\" content=\"index, follow, max-snippet:-1, max-image-preview:large, max-video-preview:-1\" \/>\n<link rel=\"canonical\" href=\"https:\/\/xenonkungen.com\/nl\/product\/extra-verlichtingsset-60w-xenon-snelstart-12-24v\/\" \/>\n<meta property=\"og:locale\" content=\"nl_NL\" \/>\n<meta property=\"og:type\" content=\"article\" \/>\n<meta property=\"og:title\" content=\"Extraljussats 60W Xenon SpeedStart | 12\/24V - Xenonkungen\" \/>\n<meta property=\"og:description\" content=\"Premium xenonkit exklusivt hos Xenonkungen. B\u00e5de ballast och lampor \u00e4r av typ Super fast start och High brightness: snabbstartande och med h\u00f6gre ljusstyrka.\" \/>\n<meta property=\"og:url\" content=\"https:\/\/xenonkungen.com\/nl\/product\/extra-verlichtingsset-60w-xenon-snelstart-12-24v\/\" \/>\n<meta property=\"og:site_name\" content=\"Xenonkungen\" \/>\n<meta property=\"article:modified_time\" content=\"2026-04-10T19:53:16+00:00\" \/>\n<meta property=\"og:image\" content=\"https:\/\/xenonkungen.com\/wp-content\/uploads\/2025\/04\/77276113-origpic-6c59c8.jpg\" \/>\n\t<meta property=\"og:image:width\" content=\"600\" \/>\n\t<meta property=\"og:image:height\" content=\"600\" \/>\n\t<meta property=\"og:image:type\" content=\"image\/jpeg\" \/>\n<meta name=\"twitter:card\" content=\"summary_large_image\" \/>\n<meta name=\"twitter:label1\" content=\"Geschatte leestijd\" \/>\n\t<meta name=\"twitter:data1\" content=\"2 minuten\" \/>\n<script type=\"application\/ld+json\" class=\"yoast-schema-graph\">{\"@context\":\"https:\/\/schema.org\",\"@graph\":[{\"@type\":\"WebPage\",\"@id\":\"https:\/\/xenonkungen.com\/dk\/vare\/extraljussats-60w-xenon-speedstart-12-24v\/\",\"url\":\"https:\/\/xenonkungen.com\/dk\/vare\/extraljussats-60w-xenon-speedstart-12-24v\/\",\"name\":\"Extraljussats 60W Xenon SpeedStart | 12\/24V - Xenonkungen\",\"isPartOf\":{\"@id\":\"https:\/\/xenonkungen.com\/#website\"},\"primaryImageOfPage\":{\"@id\":\"https:\/\/xenonkungen.com\/dk\/vare\/extraljussats-60w-xenon-speedstart-12-24v\/#primaryimage\"},\"image\":{\"@id\":\"https:\/\/xenonkungen.com\/dk\/vare\/extraljussats-60w-xenon-speedstart-12-24v\/#primaryimage\"},\"thumbnailUrl\":\"https:\/\/xenonkungen.com\/wp-content\/uploads\/2025\/04\/77276113-origpic-6c59c8.jpg\",\"datePublished\":\"2025-04-15T08:39:48+00:00\",\"dateModified\":\"2026-04-10T19:53:16+00:00\",\"breadcrumb\":{\"@id\":\"https:\/\/xenonkungen.com\/dk\/vare\/extraljussats-60w-xenon-speedstart-12-24v\/#breadcrumb\"},\"inLanguage\":\"nl-NL\",\"potentialAction\":[{\"@type\":\"ReadAction\",\"target\":[\"https:\/\/xenonkungen.com\/dk\/vare\/extraljussats-60w-xenon-speedstart-12-24v\/\"]}]},{\"@type\":\"ImageObject\",\"inLanguage\":\"nl-NL\",\"@id\":\"https:\/\/xenonkungen.com\/dk\/vare\/extraljussats-60w-xenon-speedstart-12-24v\/#primaryimage\",\"url\":\"https:\/\/xenonkungen.com\/wp-content\/uploads\/2025\/04\/77276113-origpic-6c59c8.jpg\",\"contentUrl\":\"https:\/\/xenonkungen.com\/wp-content\/uploads\/2025\/04\/77276113-origpic-6c59c8.jpg\",\"width\":600,\"height\":600},{\"@type\":\"BreadcrumbList\",\"@id\":\"https:\/\/xenonkungen.com\/dk\/vare\/extraljussats-60w-xenon-speedstart-12-24v\/#breadcrumb\",\"itemListElement\":[{\"@type\":\"ListItem\",\"position\":1,\"name\":\"Hem\",\"item\":\"https:\/\/xenonkungen.com\/\"},{\"@type\":\"ListItem\",\"position\":2,\"name\":\"Shop\",\"item\":\"https:\/\/xenonkungen.com\/shop\/\"},{\"@type\":\"ListItem\",\"position\":3,\"name\":\"Extraljussats 60W Xenon SpeedStart | 12\/24V\"}]},{\"@type\":\"WebSite\",\"@id\":\"https:\/\/xenonkungen.com\/#website\",\"url\":\"https:\/\/xenonkungen.com\/\",\"name\":\"Xenonkungen\",\"description\":\"\",\"potentialAction\":[{\"@type\":\"SearchAction\",\"target\":{\"@type\":\"EntryPoint\",\"urlTemplate\":\"https:\/\/xenonkungen.com\/?s={search_term_string}\"},\"query-input\":{\"@type\":\"PropertyValueSpecification\",\"valueRequired\":true,\"valueName\":\"search_term_string\"}}],\"inLanguage\":\"nl-NL\"}]}<\/script>\n<!-- \/ Yoast SEO plugin. -->","yoast_head_json":{"title":"Extra verlichtingsset 60W Xenon SpeedStart | 12\/24V - De Xenon Koning","robots":{"index":"index","follow":"follow","max-snippet":"max-snippet:-1","max-image-preview":"max-image-preview:large","max-video-preview":"max-video-preview:-1"},"canonical":"https:\/\/xenonkungen.com\/nl\/product\/extra-verlichtingsset-60w-xenon-snelstart-12-24v\/","og_locale":"nl_NL","og_type":"article","og_title":"Extraljussats 60W Xenon SpeedStart | 12\/24V - Xenonkungen","og_description":"Premium xenonkit exklusivt hos Xenonkungen. B\u00e5de ballast och lampor \u00e4r av typ Super fast start och High brightness: snabbstartande och med h\u00f6gre ljusstyrka.","og_url":"https:\/\/xenonkungen.com\/nl\/product\/extra-verlichtingsset-60w-xenon-snelstart-12-24v\/","og_site_name":"Xenonkungen","article_modified_time":"2026-04-10T19:53:16+00:00","og_image":[{"width":600,"height":600,"url":"https:\/\/xenonkungen.com\/wp-content\/uploads\/2025\/04\/77276113-origpic-6c59c8.jpg","type":"image\/jpeg"}],"twitter_card":"summary_large_image","twitter_misc":{"Geschatte leestijd":"2 minuten"},"schema":{"@context":"https:\/\/schema.org","@graph":[{"@type":"WebPage","@id":"https:\/\/xenonkungen.com\/dk\/vare\/extraljussats-60w-xenon-speedstart-12-24v\/","url":"https:\/\/xenonkungen.com\/dk\/vare\/extraljussats-60w-xenon-speedstart-12-24v\/","name":"Extra verlichtingsset 60W Xenon SpeedStart | 12\/24V - De Xenon Koning","isPartOf":{"@id":"https:\/\/xenonkungen.com\/#website"},"primaryImageOfPage":{"@id":"https:\/\/xenonkungen.com\/dk\/vare\/extraljussats-60w-xenon-speedstart-12-24v\/#primaryimage"},"image":{"@id":"https:\/\/xenonkungen.com\/dk\/vare\/extraljussats-60w-xenon-speedstart-12-24v\/#primaryimage"},"thumbnailUrl":"https:\/\/xenonkungen.com\/wp-content\/uploads\/2025\/04\/77276113-origpic-6c59c8.jpg","datePublished":"2025-04-15T08:39:48+00:00","dateModified":"2026-04-10T19:53:16+00:00","breadcrumb":{"@id":"https:\/\/xenonkungen.com\/dk\/vare\/extraljussats-60w-xenon-speedstart-12-24v\/#breadcrumb"},"inLanguage":"nl-NL","potentialAction":[{"@type":"ReadAction","target":["https:\/\/xenonkungen.com\/dk\/vare\/extraljussats-60w-xenon-speedstart-12-24v\/"]}]},{"@type":"ImageObject","inLanguage":"nl-NL","@id":"https:\/\/xenonkungen.com\/dk\/vare\/extraljussats-60w-xenon-speedstart-12-24v\/#primaryimage","url":"https:\/\/xenonkungen.com\/wp-content\/uploads\/2025\/04\/77276113-origpic-6c59c8.jpg","contentUrl":"https:\/\/xenonkungen.com\/wp-content\/uploads\/2025\/04\/77276113-origpic-6c59c8.jpg","width":600,"height":600},{"@type":"BreadcrumbList","@id":"https:\/\/xenonkungen.com\/dk\/vare\/extraljussats-60w-xenon-speedstart-12-24v\/#breadcrumb","itemListElement":[{"@type":"ListItem","position":1,"name":"Hem","item":"https:\/\/xenonkungen.com\/"},{"@type":"ListItem","position":2,"name":"Shop","item":"https:\/\/xenonkungen.com\/shop\/"},{"@type":"ListItem","position":3,"name":"Extraljussats 60W Xenon SpeedStart | 12\/24V"}]},{"@type":"WebSite","@id":"https:\/\/xenonkungen.com\/#website","url":"https:\/\/xenonkungen.com\/","name":"Xenonkungen","description":"","potentialAction":[{"@type":"SearchAction","target":{"@type":"EntryPoint","urlTemplate":"https:\/\/xenonkungen.com\/?s={search_term_string}"},"query-input":{"@type":"PropertyValueSpecification","valueRequired":true,"valueName":"search_term_string"}}],"inLanguage":"nl-NL"}]}},"taxonomy_info":{"product_cat":[{"value":2485,"label":"XENONKONVENTERING"}],"pa_fargtemperatur":[{"value":154,"label":"5000K"},{"value":188,"label":"6000K"},{"value":755,"label":"4300K"}],"pa_fuktskydd-varde-ipxx":[{"value":333,"label":"IP67"}],"pa_lampsockel-kontakt":[{"value":206,"label":"H7"},{"value":1216,"label":"D2H"},{"value":336,"label":"H1"},{"value":339,"label":"H3"}],"pa_volt-v":[{"value":367,"label":"12, 24, Multivolt"}]},"featured_image_src_large":["https:\/\/xenonkungen.com\/wp-content\/uploads\/2025\/04\/77276113-origpic-6c59c8.jpg",600,600,false],"author_info":[],"comment_info":2,"_links":{"self":[{"href":"https:\/\/xenonkungen.com\/nl\/wp-json\/wp\/v2\/product\/2612","targetHints":{"allow":["GET"]}}],"collection":[{"href":"https:\/\/xenonkungen.com\/nl\/wp-json\/wp\/v2\/product"}],"about":[{"href":"https:\/\/xenonkungen.com\/nl\/wp-json\/wp\/v2\/types\/product"}],"replies":[{"embeddable":true,"href":"https:\/\/xenonkungen.com\/nl\/wp-json\/wp\/v2\/comments?post=2612"}],"wp:featuredmedia":[{"embeddable":true,"href":"https:\/\/xenonkungen.com\/nl\/wp-json\/wp\/v2\/media\/2613"}],"wp:attachment":[{"href":"https:\/\/xenonkungen.com\/nl\/wp-json\/wp\/v2\/media?parent=2612"}],"wp:term":[{"taxonomy":"anvandningsomrade","embeddable":true,"href":"https:\/\/xenonkungen.com\/nl\/wp-json\/wp\/v2\/anvandningsomrade?post=2612"},{"taxonomy":"bilmarken","embeddable":true,"href":"https:\/\/xenonkungen.com\/nl\/wp-json\/wp\/v2\/bilmarken?post=2612"},{"taxonomy":"product_brand","embeddable":true,"href":"https:\/\/xenonkungen.com\/nl\/wp-json\/wp\/v2\/product_brand?post=2612"},{"taxonomy":"product_cat","embeddable":true,"href":"https:\/\/xenonkungen.com\/nl\/wp-json\/wp\/v2\/product_cat?post=2612"},{"taxonomy":"product_tag","embeddable":true,"href":"https:\/\/xenonkungen.com\/nl\/wp-json\/wp\/v2\/product_tag?post=2612"}],"curies":[{"name":"wp","href":"https:\/\/api.w.org\/{rel}","templated":true}]}}