{"id":26249,"date":"2026-02-16T11:54:55","date_gmt":"2026-02-16T10:54:55","guid":{"rendered":"https:\/\/xenonkungen.com\/?post_type=product&#038;p=26249"},"modified":"2026-04-17T16:16:06","modified_gmt":"2026-04-17T15:16:06","slug":"luxtar-relaiskabelset-master-slave-x-1-12v-80a-relais","status":"publish","type":"product","link":"https:\/\/xenonkungen.com\/nl\/product\/luxtar-relaiskabelset-master-slave-x-1-12v-80a-relais\/","title":{"rendered":"Luxtar Relaiskabelset Master &amp; Slave x 1 | 12V | 80A Relais"},"content":{"rendered":"<article class=\"text-token-text-primary w-full focus:outline-none [--shadow-height:45px] has-data-writing-block:pointer-events-none has-data-writing-block:-mt-(--shadow-height) has-data-writing-block:pt-(--shadow-height) [&amp;:has([data-writing-block])&gt;*]:pointer-events-auto scroll-mt-(--header-height)\" dir=\"auto\" tabindex=\"-1\" data-turn-id=\"7cf681cd-0b96-4e85-b1f2-6bfe81c0f1bd\" data-testid=\"conversation-turn-27\" data-scroll-anchor=\"false\" data-turn=\"user\"><\/article>\n<article class=\"text-token-text-primary w-full focus:outline-none [--shadow-height:45px] has-data-writing-block:pointer-events-none has-data-writing-block:-mt-(--shadow-height) has-data-writing-block:pt-(--shadow-height) [&amp;:has([data-writing-block])&gt;*]:pointer-events-auto scroll-mt-[calc(var(--header-height)+min(200px,max(70px,20svh)))]\" dir=\"auto\" tabindex=\"-1\" data-turn-id=\"request-WEB:91e6aa7c-0c1d-46a3-be04-841778700f91-13\" data-testid=\"conversation-turn-28\" data-scroll-anchor=\"true\" data-turn=\"assistant\">\n<div class=\"text-base my-auto mx-auto pb-10 [--thread-content-margin:--spacing(4)] @w-sm\/main:[--thread-content-margin:--spacing(6)] @w-lg\/main:[--thread-content-margin:--spacing(16)] px-(--thread-content-margin)\">\n<div class=\"[--thread-content-max-width:40rem] @w-lg\/main:[--thread-content-max-width:48rem] mx-auto max-w-(--thread-content-max-width) flex-1 group\/turn-messages focus-visible:outline-hidden relative flex w-full min-w-0 flex-col agent-turn\" tabindex=\"-1\">\n<div class=\"flex max-w-full flex-col grow\">\n<div class=\"min-h-8 text-message relative flex w-full flex-col items-end gap-2 text-start break-words whitespace-normal [.text-message+&amp;]:mt-1\" dir=\"auto\" data-message-author-role=\"assistant\" data-message-id=\"38a9448b-c59f-4b92-b8b6-857b6eca4ae3\" data-message-model-slug=\"gpt-5-2\">\n<div class=\"flex w-full flex-col gap-1 empty:hidden first:pt-[1px]\">\n<div class=\"markdown prose dark:prose-invert w-full wrap-break-word light markdown-new-styling\">\n<p>De Luxtar Relay Cable Kit Master &amp; Slave is een innovatieve en krachtige relaiskabelset, ontwikkeld voor moderne voertuigen met CAN-bus.<\/p>\n<p>Het is ontworpen voor diegenen die het maximale uit hun XBB OBD-II Dongle en XBB PowerUnit willen halen. Dankzij een intelligent master-slave-systeem met dubbele relais kunt u krachtige led-bars en extra verlichting aansluiten zonder een aparte relaiskabelset te hoeven installeren.<\/p>\n<p><strong>Daarom zijn meester en slaaf nodig.<\/strong><\/p>\n<p>Wanneer het XBB-relais afzonderlijk wordt gebruikt, is de beperking dat het hulpverlichting tot 15A kan aansturen.<br \/>\nOmdat veel van de huidige LED-hellingen en hulpverlichting een aanzienlijk hoger vermogen hebben, is dit niet voldoende voor veeleisendere installaties.<br \/>\nDe Plug &amp; Play-oplossing van Luxtar is daarom uitgerust met een krachtig 80A-relais (slave-relais) en een extra relaishouder voor aansturing via de XBB PowerUnit.<\/p>\n<p>Het maakt de installatie mogelijk van:<\/p>\n<ul>\n<li><strong>Artikelnummer 103220<\/strong> \u2013 tot 40A \/ 500W (1 uitgang)<\/li>\n<li><strong>Artikelnummer 103221<\/strong> \u2013 tot 60A \/ 750W (4 uitgangen)<\/li>\n<\/ul>\n<p>Het resultaat is een stabiele, veilige en toekomstbestendige installatie.<\/p>\n<p><strong>Voordelen van het programma<\/strong><\/p>\n<ul>\n<li>Aangepast voor voertuigen met CAN-busbesturing zonder analoog grootlichtsignaal.<\/li>\n<li>Werkt met LED-, halogeen- en xenonlampen.<\/li>\n<li>Ontworpen voor hoog vermogen en een stabiele stroomvoorziening.<\/li>\n<li>Professionele installatie, direct uit de doos.<\/li>\n<li>Bespaart tijd en geld \u2013 of u nu een hobbyist bent of een professional.<\/li>\n<\/ul>\n<p>De relaiskabelset is uniek op de markt en biedt meer dan voldoende capaciteit, zelfs voor de krachtigste extra verlichting en led-lichtbalken.<\/p>\n<p><strong>Systeemfunctie<\/strong><\/p>\n<p>De XBB PowerUnit stuurt het relais aan via <strong>uitgang 2 (5A)<\/strong>, wat op zijn beurt de extra verlichting activeert.<br \/>\n<strong>Uitgang 1 (15A)<\/strong> is gratis en kan bijvoorbeeld worden gebruikt voor positielichten of andere producten met een maximale belasting van 15A. De kabel voor uitgang 1 is voorgemonteerd en inbegrepen in de set.<\/p>\n<p><strong>Compatibiliteit en installatie<\/strong><\/p>\n<p>Om de installatie te laten slagen, hebt u het volgende nodig:<\/p>\n<ul>\n<li>XBB OBD-II Dongle<\/li>\n<li>XBB PowerUnit<\/li>\n<\/ul>\n<p>De relaiskabelset kan apart worden aangeschaft of als compleet pakket samen met de XBB OBD-dongle en PowerUnit. Selecteer de gewenste optie in het productaanbod.<br \/>\nGeschikt voor de meeste personenauto&#039;s met OBD-aansluiting en ondersteuning voor de voertuigdatabase van XBB.<\/p>\n<p><strong>Dit is inbegrepen<\/strong><\/p>\n<ul>\n<li>2 m aansluitkabel<\/li>\n<li>1 selecteerbaar Duits contact: <strong>DT-3 | DT-4 | DTP-2 | DTP-4<\/strong><\/li>\n<li>1 stuk 80A relais met relaishouder (12V)<\/li>\n<li>1 extra relaishouder compatibel met XBB PowerUnit<\/li>\n<li>1 stuk 40A zekering met zekeringhouder<\/li>\n<li>Zwarte stroomkabel, 0,5 m<\/li>\n<li>Bruine stroomkabel, 1 m<\/li>\n<li>Rode stroomkabel, 1,1 m<\/li>\n<li>Blauwe signaalkabel, 1 m<\/li>\n<li>Montagematerialen: krimpkous, kabelbinders, ringaansluitingen en verbindingshuls met vertinde kern en zelfklevende krimpkous.<\/li>\n<\/ul>\n<p><strong>Duitse contacten (optioneel \u2013 inbegrepen)<\/strong><\/p>\n<p>DT-3 | DT-4 | DTP-2 | DTP-4<\/p>\n<p>Alle connectoren zijn van hoge kwaliteit en waterdicht, en geschikt voor gebruik in de automobielindustrie.<\/p>\n<ul>\n<li><strong>DT-serie<\/strong> gebruikt voor standaard stroom- en 2- tot 4-pins aansluitingen<\/li>\n<li><strong>DTP-serie<\/strong> is bedoeld voor hogere stroomsterktes en grotere kabeldiameters.<\/li>\n<\/ul>\n<p>Dit garandeert een degelijke en professionele installatie.<\/p>\n<p><strong>Specificaties<\/strong><\/p>\n<ul>\n<li>Artikelnummer: 103220<\/li>\n<li>Spanning: 12V<\/li>\n<li>Maximale belasting: tot 40A (1 x 500W)<\/li>\n<li>Relais: 80A (meegeleverd)<\/li>\n<li>Zekering: 40A (meegeleverd)<\/li>\n<li>Compatibel met: XBB PowerUnit<\/li>\n<li>Temperatuurbereik: -40\u00b0C tot +60\u00b0C<\/li>\n<li>Selecteerbare Deutsch-connectoren: DT-3 | DT-4 | DTP-2 | DTP-4<\/li>\n<\/ul>\n<p><strong>LET OP!<\/strong> De XBB PowerUnit is niet inbegrepen en moet apart worden aangeschaft.<\/p>\n<p>Met de Luxtar relaiskabelset Master &amp; Slave krijgt u een professionele oplossing die kracht, veiligheid en eenvoudige installatie combineert.<br \/>\nDe kabelset is ontworpen voor hoog vermogen en is de voor de hand liggende keuze voor wie krachtige extra verlichting wil installeren op een modern 12V-voertuig - zonder compromissen.<\/p>\n<\/div>\n<\/div>\n<\/div>\n<\/div>\n<\/div>\n<\/div>\n<\/article>","protected":false},"excerpt":{"rendered":"<p><strong>LUXTAR RELAISKABELSET <\/strong><strong>MASTER &amp; SLAVE | 12V | 80A RELAIS<\/strong><\/p>\n<p><strong>Plug &amp; Play \u2013 XBB-compatibel<\/strong><\/p>\n<p><strong>Een krachtige oplossing voor moderne voertuigen met CAN-busbesturing.<\/strong><\/p>","protected":false},"featured_media":26913,"comment_status":"open","ping_status":"closed","template":"","meta":{"_acf_changed":false,"_smort_price_nok":"636","_smort_price_dkk":"","_smort_price_eur":"","_smort_sale_price_nok":"","_smort_sale_price_dkk":"","_smort_sale_price_eur":"","smort_restorder":"","shipmondo_restorder":"","_kad_blocks_custom_css":"","_kad_blocks_head_custom_js":"","_kad_blocks_body_custom_js":"","_kad_blocks_footer_custom_js":"","smort_custom_pricelist_1":"380.8","smort_custom_pricelist_2":"333.2","smort_custom_pricelist_3":"309.4","smort_custom_pricelist_4":"476","smort_custom_pricelist_5":"333.2"},"anvandningsomrade":[],"bilmarken":[],"product_brand":[103],"product_cat":[2795,2821,2796],"product_tag":[],"class_list":{"0":"post-26249","1":"product","2":"type-product","3":"status-publish","4":"has-post-thumbnail","6":"product_brand-luxtar","7":"product_cat-kablar-rela","8":"product_cat-luxtar-relakabelsatser","9":"product_cat-relakabelsatser","10":"pa_lampsockel-kontakt-dt-4","11":"pa_lampsockel-kontakt-dt-3","12":"pa_lampsockel-kontakt-dtp-2","13":"pa_lampsockel-kontakt-dtp-4","14":"pa_volt-v-159","16":"first","17":"instock","18":"taxable","19":"shipping-taxable","20":"purchasable","21":"product-type-simple"},"bundled_by":["27187"],"bundle_stock_status":"instock","bundle_stock_quantity":163,"bundle_virtual":false,"bundle_layout":"","bundle_add_to_cart_form_location":"","bundle_editable_in_cart":false,"bundle_sold_individually_context":"","bundle_item_grouping":"","bundle_min_size":"","bundle_max_size":"","bundle_price":[],"bundled_items":[],"bundle_sell_ids":[],"acf":[],"yoast_head":"<!-- This site is optimized with the Yoast SEO plugin v27.0 - https:\/\/yoast.com\/product\/yoast-seo-wordpress\/ -->\n<title>Luxtar Rel\u00e4kabelsats Master &amp; Slave X 1 | 12V | 80A Rel\u00e4 - Xenonkungen<\/title>\n<meta name=\"robots\" content=\"index, follow, max-snippet:-1, max-image-preview:large, max-video-preview:-1\" \/>\n<link rel=\"canonical\" href=\"https:\/\/xenonkungen.com\/nl\/product\/luxtar-relaiskabelset-master-slave-x-1-12v-80a-relais\/\" \/>\n<meta property=\"og:locale\" content=\"nl_NL\" \/>\n<meta property=\"og:type\" content=\"article\" \/>\n<meta property=\"og:title\" content=\"Luxtar Rel\u00e4kabelsats Master &amp; Slave X 1 | 12V | 80A Rel\u00e4 - Xenonkungen\" \/>\n<meta property=\"og:description\" content=\"LUXTAR RELAY CABLE KIT MASTER &amp; SLAVE | 12V | 80A RELAY  Plug &amp; Play \u2013 F\u00f6rberedd f\u00f6r XBB  Kraftfull l\u00f6sning f\u00f6r moderna CAN-busstyrda fordon\" \/>\n<meta property=\"og:url\" content=\"https:\/\/xenonkungen.com\/nl\/product\/luxtar-relaiskabelset-master-slave-x-1-12v-80a-relais\/\" \/>\n<meta property=\"og:site_name\" content=\"Xenonkungen\" \/>\n<meta property=\"article:modified_time\" content=\"2026-04-17T15:16:06+00:00\" \/>\n<meta property=\"og:image\" content=\"https:\/\/xenonkungen.com\/wp-content\/uploads\/2026\/02\/RELKAB3.png\" \/>\n\t<meta property=\"og:image:width\" content=\"2000\" \/>\n\t<meta property=\"og:image:height\" content=\"1333\" \/>\n\t<meta property=\"og:image:type\" content=\"image\/png\" \/>\n<meta name=\"twitter:card\" content=\"summary_large_image\" \/>\n<meta name=\"twitter:label1\" content=\"Geschatte leestijd\" \/>\n\t<meta name=\"twitter:data1\" content=\"3 minuten\" \/>\n<script type=\"application\/ld+json\" class=\"yoast-schema-graph\">{\"@context\":\"https:\/\/schema.org\",\"@graph\":[{\"@type\":\"WebPage\",\"@id\":\"https:\/\/xenonkungen.com\/produkt\/luxtar-relakabelsats-master-slave-x-1-12v-80a-rela\/\",\"url\":\"https:\/\/xenonkungen.com\/produkt\/luxtar-relakabelsats-master-slave-x-1-12v-80a-rela\/\",\"name\":\"Luxtar Rel\u00e4kabelsats Master & Slave X 1 | 12V | 80A Rel\u00e4 - Xenonkungen\",\"isPartOf\":{\"@id\":\"https:\/\/xenonkungen.com\/#website\"},\"primaryImageOfPage\":{\"@id\":\"https:\/\/xenonkungen.com\/produkt\/luxtar-relakabelsats-master-slave-x-1-12v-80a-rela\/#primaryimage\"},\"image\":{\"@id\":\"https:\/\/xenonkungen.com\/produkt\/luxtar-relakabelsats-master-slave-x-1-12v-80a-rela\/#primaryimage\"},\"thumbnailUrl\":\"https:\/\/xenonkungen.com\/wp-content\/uploads\/2026\/02\/RELKAB3.png\",\"datePublished\":\"2026-02-16T10:54:55+00:00\",\"dateModified\":\"2026-04-17T15:16:06+00:00\",\"breadcrumb\":{\"@id\":\"https:\/\/xenonkungen.com\/produkt\/luxtar-relakabelsats-master-slave-x-1-12v-80a-rela\/#breadcrumb\"},\"inLanguage\":\"nl-NL\",\"potentialAction\":[{\"@type\":\"ReadAction\",\"target\":[\"https:\/\/xenonkungen.com\/produkt\/luxtar-relakabelsats-master-slave-x-1-12v-80a-rela\/\"]}]},{\"@type\":\"ImageObject\",\"inLanguage\":\"nl-NL\",\"@id\":\"https:\/\/xenonkungen.com\/produkt\/luxtar-relakabelsats-master-slave-x-1-12v-80a-rela\/#primaryimage\",\"url\":\"https:\/\/xenonkungen.com\/wp-content\/uploads\/2026\/02\/RELKAB3.png\",\"contentUrl\":\"https:\/\/xenonkungen.com\/wp-content\/uploads\/2026\/02\/RELKAB3.png\",\"width\":2000,\"height\":1333},{\"@type\":\"BreadcrumbList\",\"@id\":\"https:\/\/xenonkungen.com\/produkt\/luxtar-relakabelsats-master-slave-x-1-12v-80a-rela\/#breadcrumb\",\"itemListElement\":[{\"@type\":\"ListItem\",\"position\":1,\"name\":\"Hem\",\"item\":\"https:\/\/xenonkungen.com\/\"},{\"@type\":\"ListItem\",\"position\":2,\"name\":\"Shop\",\"item\":\"https:\/\/xenonkungen.com\/shop\/\"},{\"@type\":\"ListItem\",\"position\":3,\"name\":\"Luxtar Rel\u00e4kabelsats Master &#038; Slave X 1 | 12V | 80A Rel\u00e4\"}]},{\"@type\":\"WebSite\",\"@id\":\"https:\/\/xenonkungen.com\/#website\",\"url\":\"https:\/\/xenonkungen.com\/\",\"name\":\"Xenonkungen\",\"description\":\"\",\"potentialAction\":[{\"@type\":\"SearchAction\",\"target\":{\"@type\":\"EntryPoint\",\"urlTemplate\":\"https:\/\/xenonkungen.com\/?s={search_term_string}\"},\"query-input\":{\"@type\":\"PropertyValueSpecification\",\"valueRequired\":true,\"valueName\":\"search_term_string\"}}],\"inLanguage\":\"nl-NL\"}]}<\/script>\n<!-- \/ Yoast SEO plugin. -->","yoast_head_json":{"title":"Luxtar Relaiskabelset Master &amp; Slave X 1 | 12V | 80A Relais - Xenonkungen","robots":{"index":"index","follow":"follow","max-snippet":"max-snippet:-1","max-image-preview":"max-image-preview:large","max-video-preview":"max-video-preview:-1"},"canonical":"https:\/\/xenonkungen.com\/nl\/product\/luxtar-relaiskabelset-master-slave-x-1-12v-80a-relais\/","og_locale":"nl_NL","og_type":"article","og_title":"Luxtar Rel\u00e4kabelsats Master & Slave X 1 | 12V | 80A Rel\u00e4 - Xenonkungen","og_description":"LUXTAR RELAY CABLE KIT MASTER &amp; SLAVE | 12V | 80A RELAY  Plug &amp; Play \u2013 F\u00f6rberedd f\u00f6r XBB  Kraftfull l\u00f6sning f\u00f6r moderna CAN-busstyrda fordon","og_url":"https:\/\/xenonkungen.com\/nl\/product\/luxtar-relaiskabelset-master-slave-x-1-12v-80a-relais\/","og_site_name":"Xenonkungen","article_modified_time":"2026-04-17T15:16:06+00:00","og_image":[{"width":2000,"height":1333,"url":"https:\/\/xenonkungen.com\/wp-content\/uploads\/2026\/02\/RELKAB3.png","type":"image\/png"}],"twitter_card":"summary_large_image","twitter_misc":{"Geschatte leestijd":"3 minuten"},"schema":{"@context":"https:\/\/schema.org","@graph":[{"@type":"WebPage","@id":"https:\/\/xenonkungen.com\/produkt\/luxtar-relakabelsats-master-slave-x-1-12v-80a-rela\/","url":"https:\/\/xenonkungen.com\/produkt\/luxtar-relakabelsats-master-slave-x-1-12v-80a-rela\/","name":"Luxtar Relaiskabelset Master &amp; Slave X 1 | 12V | 80A Relais - Xenonkungen","isPartOf":{"@id":"https:\/\/xenonkungen.com\/#website"},"primaryImageOfPage":{"@id":"https:\/\/xenonkungen.com\/produkt\/luxtar-relakabelsats-master-slave-x-1-12v-80a-rela\/#primaryimage"},"image":{"@id":"https:\/\/xenonkungen.com\/produkt\/luxtar-relakabelsats-master-slave-x-1-12v-80a-rela\/#primaryimage"},"thumbnailUrl":"https:\/\/xenonkungen.com\/wp-content\/uploads\/2026\/02\/RELKAB3.png","datePublished":"2026-02-16T10:54:55+00:00","dateModified":"2026-04-17T15:16:06+00:00","breadcrumb":{"@id":"https:\/\/xenonkungen.com\/produkt\/luxtar-relakabelsats-master-slave-x-1-12v-80a-rela\/#breadcrumb"},"inLanguage":"nl-NL","potentialAction":[{"@type":"ReadAction","target":["https:\/\/xenonkungen.com\/produkt\/luxtar-relakabelsats-master-slave-x-1-12v-80a-rela\/"]}]},{"@type":"ImageObject","inLanguage":"nl-NL","@id":"https:\/\/xenonkungen.com\/produkt\/luxtar-relakabelsats-master-slave-x-1-12v-80a-rela\/#primaryimage","url":"https:\/\/xenonkungen.com\/wp-content\/uploads\/2026\/02\/RELKAB3.png","contentUrl":"https:\/\/xenonkungen.com\/wp-content\/uploads\/2026\/02\/RELKAB3.png","width":2000,"height":1333},{"@type":"BreadcrumbList","@id":"https:\/\/xenonkungen.com\/produkt\/luxtar-relakabelsats-master-slave-x-1-12v-80a-rela\/#breadcrumb","itemListElement":[{"@type":"ListItem","position":1,"name":"Hem","item":"https:\/\/xenonkungen.com\/"},{"@type":"ListItem","position":2,"name":"Shop","item":"https:\/\/xenonkungen.com\/shop\/"},{"@type":"ListItem","position":3,"name":"Luxtar Rel\u00e4kabelsats Master &#038; Slave X 1 | 12V | 80A Rel\u00e4"}]},{"@type":"WebSite","@id":"https:\/\/xenonkungen.com\/#website","url":"https:\/\/xenonkungen.com\/","name":"Xenonkungen","description":"","potentialAction":[{"@type":"SearchAction","target":{"@type":"EntryPoint","urlTemplate":"https:\/\/xenonkungen.com\/?s={search_term_string}"},"query-input":{"@type":"PropertyValueSpecification","valueRequired":true,"valueName":"search_term_string"}}],"inLanguage":"nl-NL"}]}},"taxonomy_info":{"product_brand":[{"value":103,"label":"LUXTAR"}],"product_cat":[{"value":2795,"label":"Kablar och Rel\u00e4"},{"value":2821,"label":"Luxtar - Rel\u00e4kabelsatser"},{"value":2796,"label":"Rel\u00e4kabelsatser"}],"pa_lampsockel-kontakt":[{"value":181,"label":"DT-4"},{"value":2147,"label":"DT-3"},{"value":2225,"label":"DTP-2"},{"value":358,"label":"DTP-4"}],"pa_volt-v":[{"value":159,"label":"12"}]},"featured_image_src_large":["https:\/\/xenonkungen.com\/wp-content\/uploads\/2026\/02\/RELKAB3-1024x682.png",1024,682,true],"author_info":[],"comment_info":0,"_links":{"self":[{"href":"https:\/\/xenonkungen.com\/nl\/wp-json\/wp\/v2\/product\/26249","targetHints":{"allow":["GET"]}}],"collection":[{"href":"https:\/\/xenonkungen.com\/nl\/wp-json\/wp\/v2\/product"}],"about":[{"href":"https:\/\/xenonkungen.com\/nl\/wp-json\/wp\/v2\/types\/product"}],"replies":[{"embeddable":true,"href":"https:\/\/xenonkungen.com\/nl\/wp-json\/wp\/v2\/comments?post=26249"}],"wp:featuredmedia":[{"embeddable":true,"href":"https:\/\/xenonkungen.com\/nl\/wp-json\/wp\/v2\/media\/26913"}],"wp:attachment":[{"href":"https:\/\/xenonkungen.com\/nl\/wp-json\/wp\/v2\/media?parent=26249"}],"wp:term":[{"taxonomy":"anvandningsomrade","embeddable":true,"href":"https:\/\/xenonkungen.com\/nl\/wp-json\/wp\/v2\/anvandningsomrade?post=26249"},{"taxonomy":"bilmarken","embeddable":true,"href":"https:\/\/xenonkungen.com\/nl\/wp-json\/wp\/v2\/bilmarken?post=26249"},{"taxonomy":"product_brand","embeddable":true,"href":"https:\/\/xenonkungen.com\/nl\/wp-json\/wp\/v2\/product_brand?post=26249"},{"taxonomy":"product_cat","embeddable":true,"href":"https:\/\/xenonkungen.com\/nl\/wp-json\/wp\/v2\/product_cat?post=26249"},{"taxonomy":"product_tag","embeddable":true,"href":"https:\/\/xenonkungen.com\/nl\/wp-json\/wp\/v2\/product_tag?post=26249"}],"curies":[{"name":"wp","href":"https:\/\/api.w.org\/{rel}","templated":true}]}}