{"id":26296,"date":"2026-02-17T14:34:17","date_gmt":"2026-02-17T13:34:17","guid":{"rendered":"https:\/\/xenonkungen.com\/?post_type=product&#038;p=26296"},"modified":"2026-03-25T08:34:41","modified_gmt":"2026-03-25T07:34:41","slug":"motorreinigingspakket","status":"publish","type":"product","link":"https:\/\/xenonkungen.com\/nl\/product\/motorreinigingspakket\/","title":{"rendered":"Motorreinigingsset | Meguiar&#039;s"},"content":{"rendered":"<h2 data-start=\"0\" data-end=\"50\">Motorreinigingsset \u2013 Geef de motorruimte een nieuw leven.<\/h2>\n<p data-start=\"52\" data-end=\"252\">Wilt u dat de motorruimte er net zo goed onderhouden uitziet als de rest van de auto? Met onze <strong data-start=\"131\" data-end=\"150\">Motorreinigingspakket<\/strong> Je krijgt alles wat je nodig hebt voor effectieve, veilige en professionele reiniging \u2013 allemaal in \u00e9\u00e9n handige set.<\/p>\n<p data-start=\"254\" data-end=\"355\">Perfect voor wie de algehele indruk wil verbeteren v\u00f3\u00f3r de verkoop, of gewoon de auto in topconditie wil houden.<\/p>\n<h3 data-start=\"357\" data-end=\"383\">Dit is inbegrepen in het pakket:<\/h3>\n<ul data-start=\"384\" data-end=\"681\">\n<li data-start=\"384\" data-end=\"475\">\n<p data-start=\"386\" data-end=\"475\"><strong data-start=\"386\" data-end=\"409\">1 stuk motorreiniger<\/strong> \u2013 Krachtige reiniging die vuil, vet en olieresten oplost.<\/p>\n<\/li>\n<li data-start=\"476\" data-end=\"571\">\n<p data-start=\"478\" data-end=\"571\"><strong data-start=\"478\" data-end=\"502\">1 stuk Motorafwerking<\/strong> \u2013 Zorgt voor een frisse, donkere afwerking en beschermt kunststof en rubberen onderdelen.<\/p>\n<\/li>\n<li data-start=\"572\" data-end=\"681\">\n<p data-start=\"574\" data-end=\"681\"><strong data-start=\"574\" data-end=\"611\">1 multifunctionele kwast (medium)<\/strong> \u2013 Veelzijdig penseel waarmee je in krappe ruimtes en rond details kunt komen.<\/p>\n<\/li>\n<\/ul>\n<h3 data-start=\"683\" data-end=\"698\">Het resultaat?<\/h3>\n<p data-start=\"699\" data-end=\"802\">\u2714 Schoner en frisser motorcompartiment<br data-start=\"730\" data-end=\"733\" \/>\u2714 Beschermd plastic en rubber<br data-start=\"758\" data-end=\"761\" \/>\u2714 Stijlvolle afwerking met een professionele uitstraling<\/p>","protected":false},"excerpt":{"rendered":"<p>Compleet motorreinigingspakket met reiniging, conditioner en borstelen - zorgt voor een schone, beschermde en professioneel frisse motorruimte.<\/p>","protected":false},"featured_media":26297,"comment_status":"open","ping_status":"closed","template":"","meta":{"_acf_changed":false,"_smort_price_nok":"379","_smort_price_dkk":"","_smort_price_eur":"","_smort_sale_price_nok":"","_smort_sale_price_dkk":"","_smort_sale_price_eur":"","smort_restorder":"","shipmondo_restorder":"","_kad_blocks_custom_css":"","_kad_blocks_head_custom_js":"","_kad_blocks_body_custom_js":"","_kad_blocks_footer_custom_js":"","smort_custom_pricelist_1":"284","smort_custom_pricelist_2":"284","smort_custom_pricelist_3":"284","smort_custom_pricelist_4":"284","smort_custom_pricelist_5":"284"},"anvandningsomrade":[],"bilmarken":[],"product_brand":[1383],"product_cat":[2188],"product_tag":[],"class_list":{"0":"post-26296","1":"product","2":"type-product","3":"status-publish","4":"has-post-thumbnail","6":"product_brand-meguiars","7":"product_cat-bilvardpaket","9":"first","10":"outofstock","11":"virtual","12":"taxable","13":"purchasable","14":"product-type-bundle"},"bundled_by":[],"bundle_stock_status":"outofstock","bundle_stock_quantity":0,"bundle_virtual":false,"bundle_layout":"default","bundle_add_to_cart_form_location":"default","bundle_editable_in_cart":false,"bundle_sold_individually_context":"product","bundle_item_grouping":"parent","bundle_min_size":"","bundle_max_size":"","bundle_price":{"price":{"min":{"incl_tax":"32.27","excl_tax":"25.81583572"},"max":{"incl_tax":"32.27","excl_tax":"25.81583572"}},"regular_price":{"min":{"incl_tax":"32.27","excl_tax":"25.81583572"},"max":{"incl_tax":"32.27","excl_tax":"25.81583572"}}},"bundled_items":[{"bundled_item_id":592,"product_id":4477,"menu_order":0,"quantity_min":1,"quantity_max":1,"quantity_default":1,"priced_individually":false,"shipped_individually":false,"override_title":false,"title":"Meguiar&#039;s Motorreiniger","override_description":false,"description":"","optional":false,"hide_thumbnail":false,"discount":"","override_variations":false,"allowed_variations":[],"override_default_variation_attributes":false,"default_variation_attributes":[],"single_product_visibility":"visible","cart_visibility":"visible","order_visibility":"visible","single_product_price_visibility":"visible","cart_price_visibility":"visible","order_price_visibility":"visible","stock_status":"in_stock"},{"bundled_item_id":593,"product_id":4495,"menu_order":1,"quantity_min":1,"quantity_max":1,"quantity_default":1,"priced_individually":false,"shipped_individually":false,"override_title":false,"title":"Meguiar&#039;s Engine Dressing","override_description":false,"description":"","optional":false,"hide_thumbnail":false,"discount":"","override_variations":false,"allowed_variations":[],"override_default_variation_attributes":false,"default_variation_attributes":[],"single_product_visibility":"visible","cart_visibility":"visible","order_visibility":"visible","single_product_price_visibility":"visible","cart_price_visibility":"visible","order_price_visibility":"visible","stock_status":"in_stock"},{"bundled_item_id":594,"product_id":4487,"menu_order":2,"quantity_min":1,"quantity_max":1,"quantity_default":1,"priced_individually":false,"shipped_individually":false,"override_title":false,"title":"Meguiar&#039;s multifunctionele kwast medium","override_description":false,"description":"","optional":false,"hide_thumbnail":false,"discount":"","override_variations":false,"allowed_variations":[],"override_default_variation_attributes":false,"default_variation_attributes":[],"single_product_visibility":"visible","cart_visibility":"visible","order_visibility":"visible","single_product_price_visibility":"visible","cart_price_visibility":"visible","order_price_visibility":"visible","stock_status":"on_backorder"}],"bundle_sell_ids":[],"acf":[],"yoast_head":"<!-- This site is optimized with the Yoast SEO plugin v27.0 - https:\/\/yoast.com\/product\/yoast-seo-wordpress\/ -->\n<title>Motortv\u00e4ttpaket | Meguiar&#039;s - Xenonkungen<\/title>\n<meta name=\"robots\" content=\"index, follow, max-snippet:-1, max-image-preview:large, max-video-preview:-1\" \/>\n<link rel=\"canonical\" href=\"https:\/\/xenonkungen.com\/nl\/product\/motorreinigingspakket\/\" \/>\n<meta property=\"og:locale\" content=\"nl_NL\" \/>\n<meta property=\"og:type\" content=\"article\" \/>\n<meta property=\"og:title\" content=\"Motortv\u00e4ttpaket | Meguiar&#039;s - Xenonkungen\" \/>\n<meta property=\"og:description\" content=\"Komplett motortv\u00e4ttpaket med reng\u00f6ring, dressing och borste \u2013 ger ett rent, skyddat och professionellt fr\u00e4scht motorrum.\" \/>\n<meta property=\"og:url\" content=\"https:\/\/xenonkungen.com\/nl\/product\/motorreinigingspakket\/\" \/>\n<meta property=\"og:site_name\" content=\"Xenonkungen\" \/>\n<meta property=\"article:modified_time\" content=\"2026-03-25T07:34:41+00:00\" \/>\n<meta property=\"og:image\" content=\"https:\/\/xenonkungen.com\/wp-content\/uploads\/2026\/02\/ME-013-1.png\" \/>\n\t<meta property=\"og:image:width\" content=\"492\" \/>\n\t<meta property=\"og:image:height\" content=\"861\" \/>\n\t<meta property=\"og:image:type\" content=\"image\/png\" \/>\n<meta name=\"twitter:card\" content=\"summary_large_image\" \/>\n<meta name=\"twitter:label1\" content=\"Geschatte leestijd\" \/>\n\t<meta name=\"twitter:data1\" content=\"1 minuut\" \/>\n<script type=\"application\/ld+json\" class=\"yoast-schema-graph\">{\"@context\":\"https:\/\/schema.org\",\"@graph\":[{\"@type\":\"WebPage\",\"@id\":\"https:\/\/xenonkungen.com\/produkt\/motortvattpaket\/\",\"url\":\"https:\/\/xenonkungen.com\/produkt\/motortvattpaket\/\",\"name\":\"Motortv\u00e4ttpaket | Meguiar's - Xenonkungen\",\"isPartOf\":{\"@id\":\"https:\/\/xenonkungen.com\/#website\"},\"primaryImageOfPage\":{\"@id\":\"https:\/\/xenonkungen.com\/produkt\/motortvattpaket\/#primaryimage\"},\"image\":{\"@id\":\"https:\/\/xenonkungen.com\/produkt\/motortvattpaket\/#primaryimage\"},\"thumbnailUrl\":\"https:\/\/xenonkungen.com\/wp-content\/uploads\/2026\/02\/ME-013-1.png\",\"datePublished\":\"2026-02-17T13:34:17+00:00\",\"dateModified\":\"2026-03-25T07:34:41+00:00\",\"breadcrumb\":{\"@id\":\"https:\/\/xenonkungen.com\/produkt\/motortvattpaket\/#breadcrumb\"},\"inLanguage\":\"nl-NL\",\"potentialAction\":[{\"@type\":\"ReadAction\",\"target\":[\"https:\/\/xenonkungen.com\/produkt\/motortvattpaket\/\"]}]},{\"@type\":\"ImageObject\",\"inLanguage\":\"nl-NL\",\"@id\":\"https:\/\/xenonkungen.com\/produkt\/motortvattpaket\/#primaryimage\",\"url\":\"https:\/\/xenonkungen.com\/wp-content\/uploads\/2026\/02\/ME-013-1.png\",\"contentUrl\":\"https:\/\/xenonkungen.com\/wp-content\/uploads\/2026\/02\/ME-013-1.png\",\"width\":492,\"height\":861},{\"@type\":\"BreadcrumbList\",\"@id\":\"https:\/\/xenonkungen.com\/produkt\/motortvattpaket\/#breadcrumb\",\"itemListElement\":[{\"@type\":\"ListItem\",\"position\":1,\"name\":\"Hem\",\"item\":\"https:\/\/xenonkungen.com\/\"},{\"@type\":\"ListItem\",\"position\":2,\"name\":\"Shop\",\"item\":\"https:\/\/xenonkungen.com\/shop\/\"},{\"@type\":\"ListItem\",\"position\":3,\"name\":\"Motortv\u00e4ttpaket | Meguiar&#8217;s\"}]},{\"@type\":\"WebSite\",\"@id\":\"https:\/\/xenonkungen.com\/#website\",\"url\":\"https:\/\/xenonkungen.com\/\",\"name\":\"Xenonkungen\",\"description\":\"\",\"potentialAction\":[{\"@type\":\"SearchAction\",\"target\":{\"@type\":\"EntryPoint\",\"urlTemplate\":\"https:\/\/xenonkungen.com\/?s={search_term_string}\"},\"query-input\":{\"@type\":\"PropertyValueSpecification\",\"valueRequired\":true,\"valueName\":\"search_term_string\"}}],\"inLanguage\":\"nl-NL\"}]}<\/script>\n<!-- \/ Yoast SEO plugin. -->","yoast_head_json":{"title":"Motorreinigingsset | Meguiar&#039;s - Xenon King","robots":{"index":"index","follow":"follow","max-snippet":"max-snippet:-1","max-image-preview":"max-image-preview:large","max-video-preview":"max-video-preview:-1"},"canonical":"https:\/\/xenonkungen.com\/nl\/product\/motorreinigingspakket\/","og_locale":"nl_NL","og_type":"article","og_title":"Motortv\u00e4ttpaket | Meguiar's - Xenonkungen","og_description":"Komplett motortv\u00e4ttpaket med reng\u00f6ring, dressing och borste \u2013 ger ett rent, skyddat och professionellt fr\u00e4scht motorrum.","og_url":"https:\/\/xenonkungen.com\/nl\/product\/motorreinigingspakket\/","og_site_name":"Xenonkungen","article_modified_time":"2026-03-25T07:34:41+00:00","og_image":[{"width":492,"height":861,"url":"https:\/\/xenonkungen.com\/wp-content\/uploads\/2026\/02\/ME-013-1.png","type":"image\/png"}],"twitter_card":"summary_large_image","twitter_misc":{"Geschatte leestijd":"1 minuut"},"schema":{"@context":"https:\/\/schema.org","@graph":[{"@type":"WebPage","@id":"https:\/\/xenonkungen.com\/produkt\/motortvattpaket\/","url":"https:\/\/xenonkungen.com\/produkt\/motortvattpaket\/","name":"Motorreinigingsset | Meguiar&#039;s - Xenon King","isPartOf":{"@id":"https:\/\/xenonkungen.com\/#website"},"primaryImageOfPage":{"@id":"https:\/\/xenonkungen.com\/produkt\/motortvattpaket\/#primaryimage"},"image":{"@id":"https:\/\/xenonkungen.com\/produkt\/motortvattpaket\/#primaryimage"},"thumbnailUrl":"https:\/\/xenonkungen.com\/wp-content\/uploads\/2026\/02\/ME-013-1.png","datePublished":"2026-02-17T13:34:17+00:00","dateModified":"2026-03-25T07:34:41+00:00","breadcrumb":{"@id":"https:\/\/xenonkungen.com\/produkt\/motortvattpaket\/#breadcrumb"},"inLanguage":"nl-NL","potentialAction":[{"@type":"ReadAction","target":["https:\/\/xenonkungen.com\/produkt\/motortvattpaket\/"]}]},{"@type":"ImageObject","inLanguage":"nl-NL","@id":"https:\/\/xenonkungen.com\/produkt\/motortvattpaket\/#primaryimage","url":"https:\/\/xenonkungen.com\/wp-content\/uploads\/2026\/02\/ME-013-1.png","contentUrl":"https:\/\/xenonkungen.com\/wp-content\/uploads\/2026\/02\/ME-013-1.png","width":492,"height":861},{"@type":"BreadcrumbList","@id":"https:\/\/xenonkungen.com\/produkt\/motortvattpaket\/#breadcrumb","itemListElement":[{"@type":"ListItem","position":1,"name":"Hem","item":"https:\/\/xenonkungen.com\/"},{"@type":"ListItem","position":2,"name":"Shop","item":"https:\/\/xenonkungen.com\/shop\/"},{"@type":"ListItem","position":3,"name":"Motortv\u00e4ttpaket | Meguiar&#8217;s"}]},{"@type":"WebSite","@id":"https:\/\/xenonkungen.com\/#website","url":"https:\/\/xenonkungen.com\/","name":"Xenonkungen","description":"","potentialAction":[{"@type":"SearchAction","target":{"@type":"EntryPoint","urlTemplate":"https:\/\/xenonkungen.com\/?s={search_term_string}"},"query-input":{"@type":"PropertyValueSpecification","valueRequired":true,"valueName":"search_term_string"}}],"inLanguage":"nl-NL"}]}},"taxonomy_info":{"product_brand":[{"value":1383,"label":"Meguiar's"}],"product_cat":[{"value":2188,"label":"Bilv\u00e5rdpaket"}]},"featured_image_src_large":["https:\/\/xenonkungen.com\/wp-content\/uploads\/2026\/02\/ME-013-1.png",492,861,false],"author_info":[],"comment_info":0,"_links":{"self":[{"href":"https:\/\/xenonkungen.com\/nl\/wp-json\/wp\/v2\/product\/26296","targetHints":{"allow":["GET"]}}],"collection":[{"href":"https:\/\/xenonkungen.com\/nl\/wp-json\/wp\/v2\/product"}],"about":[{"href":"https:\/\/xenonkungen.com\/nl\/wp-json\/wp\/v2\/types\/product"}],"replies":[{"embeddable":true,"href":"https:\/\/xenonkungen.com\/nl\/wp-json\/wp\/v2\/comments?post=26296"}],"wp:featuredmedia":[{"embeddable":true,"href":"https:\/\/xenonkungen.com\/nl\/wp-json\/wp\/v2\/media\/26297"}],"wp:attachment":[{"href":"https:\/\/xenonkungen.com\/nl\/wp-json\/wp\/v2\/media?parent=26296"}],"wp:term":[{"taxonomy":"anvandningsomrade","embeddable":true,"href":"https:\/\/xenonkungen.com\/nl\/wp-json\/wp\/v2\/anvandningsomrade?post=26296"},{"taxonomy":"bilmarken","embeddable":true,"href":"https:\/\/xenonkungen.com\/nl\/wp-json\/wp\/v2\/bilmarken?post=26296"},{"taxonomy":"product_brand","embeddable":true,"href":"https:\/\/xenonkungen.com\/nl\/wp-json\/wp\/v2\/product_brand?post=26296"},{"taxonomy":"product_cat","embeddable":true,"href":"https:\/\/xenonkungen.com\/nl\/wp-json\/wp\/v2\/product_cat?post=26296"},{"taxonomy":"product_tag","embeddable":true,"href":"https:\/\/xenonkungen.com\/nl\/wp-json\/wp\/v2\/product_tag?post=26296"}],"curies":[{"name":"wp","href":"https:\/\/api.w.org\/{rel}","templated":true}]}}