{"id":26360,"date":"2026-02-18T15:33:26","date_gmt":"2026-02-18T14:33:26","guid":{"rendered":"https:\/\/xenonkungen.com\/?post_type=product&#038;p=26360"},"modified":"2026-03-04T16:36:47","modified_gmt":"2026-03-04T15:36:47","slug":"osram-inspectielamp-2-96w-6200k","status":"publish","type":"product","link":"https:\/\/xenonkungen.com\/nl\/product\/osram-inspectielamp-2-96w-6200k\/","title":{"rendered":"OSRAM INSPECTIELAMP \u2013 Zwart\/Oranje"},"content":{"rendered":"<h2 data-start=\"142\" data-end=\"205\">OSRAM inspectielamp \u2013 Krachtig, flexibel en altijd klaar voor gebruik.<\/h2>\n<p data-start=\"207\" data-end=\"446\">Zoekt u betrouwbare werkverlichting die echt presteert? Deze hoogwaardige inspectielamp van OSRAM combineert kracht, flexibiliteit en een slim ontwerp in een compact formaat \u2013 perfect voor zowel professionele monteurs als doe-het-zelvers.<\/p>\n<h3 data-start=\"448\" data-end=\"479\">Stel de verlichting na het werk bij.<\/h3>\n<p data-start=\"480\" data-end=\"542\">Met drie verschillende lichtstanden krijgt u precies de verlichting die u nodig hebt:<\/p>\n<ul data-start=\"543\" data-end=\"741\">\n<li data-start=\"543\" data-end=\"608\">\n<p data-start=\"545\" data-end=\"608\"><strong data-start=\"548\" data-end=\"583\">Hoge lichtopbrengst \u2013 tot 200 lumen<\/strong> voor maximale helderheid<\/p>\n<\/li>\n<li data-start=\"609\" data-end=\"670\">\n<p data-start=\"611\" data-end=\"670\"><strong data-start=\"614\" data-end=\"648\">Laag vermogen \u2013 tot 80 lumen<\/strong> voor een langere bedrijfstijd<\/p>\n<\/li>\n<li data-start=\"671\" data-end=\"741\">\n<p data-start=\"673\" data-end=\"741\"><strong data-start=\"676\" data-end=\"713\">Zaklampmodus \u2013 tot 40 lumen<\/strong> voor gerichte spotverlichting<\/p>\n<\/li>\n<\/ul>\n<p data-start=\"743\" data-end=\"869\">Of u nu in de motorruimte, onder de auto of in krappe ruimtes werkt, de lamp zorgt voor helder en gelijkmatig licht precies waar het nodig is.<\/p>\n<h3 data-start=\"871\" data-end=\"893\">Volledige bewegingsvrijheid<\/h3>\n<p data-start=\"894\" data-end=\"1089\">De lamp kan <strong data-start=\"905\" data-end=\"938\">kan 180\u00b0 gekanteld en 360\u00b0 gedraaid worden<\/strong>Hierdoor kunt u het licht gemakkelijk precies richten waar u het nodig hebt. De ge\u00efntegreerde magneten houden de lamp stevig op zijn plaats, zodat u volledig handsfree kunt werken.<\/p>\n<h3 data-start=\"1091\" data-end=\"1119\">Stroom wanneer je het nodig hebt.<\/h3>\n<ul data-start=\"1120\" data-end=\"1270\">\n<li data-start=\"1120\" data-end=\"1168\">\n<p data-start=\"1122\" data-end=\"1168\">Tot <strong data-start=\"1131\" data-end=\"1168\">1,5 uur gebruiksduur op hoog vermogen.<\/strong><\/p>\n<\/li>\n<li data-start=\"1169\" data-end=\"1216\">\n<p data-start=\"1171\" data-end=\"1216\">Tot <strong data-start=\"1180\" data-end=\"1216\">3 uur gebruiksduur op laag vermogen.<\/strong><\/p>\n<\/li>\n<li data-start=\"1217\" data-end=\"1270\">\n<p data-start=\"1219\" data-end=\"1270\">Praktisch <strong data-start=\"1228\" data-end=\"1250\">laadindicator<\/strong> geeft de batterijstatus weer<\/p>\n<\/li>\n<\/ul>\n<p data-start=\"1272\" data-end=\"1375\">Perfect voor werkplaatswerkzaamheden, autoreparaties, installaties of alledaagse klusjes in de garage en thuis.<\/p>\n<hr data-start=\"1377\" data-end=\"1380\" \/>\n<h3 data-start=\"1382\" data-end=\"1416\">\u2714 Robuuste kwaliteit van OSRAM<\/h3>\n<p data-start=\"1417\" data-end=\"1490\">Met 2 jaar garantie bent u verzekerd van een veilige investering in betrouwbare werkverlichting.<\/p>\n<p data-start=\"1492\" data-end=\"1595\" data-is-last-node=\"\" data-is-only-node=\"\">Een slanke, krachtige en veelzijdige werklamp die al snel een onmisbaar onderdeel van uw uitrusting zal worden.<\/p>","protected":false},"excerpt":{"rendered":"<p>Compacte en krachtige inspectielamp van OSRAM met tot 200 lumen, drie lichtstanden, 360\u00b0 rotatie en magnetische bevestiging voor flexibel en handsfree gebruik in de werkplaats of thuis.<\/p>","protected":false},"featured_media":26380,"comment_status":"open","ping_status":"closed","template":"","meta":{"_acf_changed":false,"_smort_price_nok":"319","_smort_price_dkk":"","_smort_price_eur":"","_smort_sale_price_nok":"","_smort_sale_price_dkk":"","_smort_sale_price_eur":"","smort_restorder":"","shipmondo_restorder":"","_kad_blocks_custom_css":"","_kad_blocks_head_custom_js":"","_kad_blocks_body_custom_js":"","_kad_blocks_footer_custom_js":"","smort_custom_pricelist_1":"191.36","smort_custom_pricelist_2":"167.44","smort_custom_pricelist_3":"155.48","smort_custom_pricelist_4":"239.2","smort_custom_pricelist_5":"167.44"},"anvandningsomrade":[],"bilmarken":[],"product_brand":[108],"product_cat":[1320],"product_tag":[],"class_list":{"0":"post-26360","1":"product","2":"type-product","3":"status-publish","4":"has-post-thumbnail","6":"product_brand-osram","7":"product_cat-ficklampor","8":"pa_fargtemperatur-6200k","9":"pa_led-chips-effekt-w-2882","10":"pa_storlek-mm-267x40x42","11":"pa_volt-v-361","13":"first","14":"onbackorder","15":"taxable","16":"shipping-taxable","17":"purchasable","18":"product-type-simple"},"bundled_by":[],"bundle_stock_status":"onbackorder","bundle_stock_quantity":0,"bundle_virtual":false,"bundle_layout":"","bundle_add_to_cart_form_location":"","bundle_editable_in_cart":false,"bundle_sold_individually_context":"","bundle_item_grouping":"","bundle_min_size":"","bundle_max_size":"","bundle_price":[],"bundled_items":[],"bundle_sell_ids":[],"acf":[],"yoast_head":"<!-- This site is optimized with the Yoast SEO plugin v27.0 - https:\/\/yoast.com\/product\/yoast-seo-wordpress\/ -->\n<title>OSRAM INSPECTION LAMP - Black \/ Orange - Xenonkungen<\/title>\n<meta name=\"robots\" content=\"index, follow, max-snippet:-1, max-image-preview:large, max-video-preview:-1\" \/>\n<link rel=\"canonical\" href=\"https:\/\/xenonkungen.com\/nl\/product\/osram-inspectielamp-2-96w-6200k\/\" \/>\n<meta property=\"og:locale\" content=\"nl_NL\" \/>\n<meta property=\"og:type\" content=\"article\" \/>\n<meta property=\"og:title\" content=\"OSRAM INSPECTION LAMP - Black \/ Orange - Xenonkungen\" \/>\n<meta property=\"og:description\" content=\"Kompakt och kraftfull inspektionslampa fr\u00e5n OSRAM med upp till 200 lumen, tre ljusl\u00e4gen, 360\u00b0 rotation och magnetf\u00e4ste f\u00f6r flexibel och handsfree anv\u00e4ndning i verkstad eller hem.\" \/>\n<meta property=\"og:url\" content=\"https:\/\/xenonkungen.com\/nl\/product\/osram-inspectielamp-2-96w-6200k\/\" \/>\n<meta property=\"og:site_name\" content=\"Xenonkungen\" \/>\n<meta property=\"article:modified_time\" content=\"2026-03-04T15:36:47+00:00\" \/>\n<meta property=\"og:image\" content=\"https:\/\/xenonkungen.com\/wp-content\/uploads\/2026\/02\/Small-for-web-and-ppt-LEDIL408_PRODUCT_003.jpg\" \/>\n\t<meta property=\"og:image:width\" content=\"1024\" \/>\n\t<meta property=\"og:image:height\" content=\"1024\" \/>\n\t<meta property=\"og:image:type\" content=\"image\/jpeg\" \/>\n<meta name=\"twitter:card\" content=\"summary_large_image\" \/>\n<meta name=\"twitter:label1\" content=\"Geschatte leestijd\" \/>\n\t<meta name=\"twitter:data1\" content=\"2 minuten\" \/>\n<script type=\"application\/ld+json\" class=\"yoast-schema-graph\">{\"@context\":\"https:\/\/schema.org\",\"@graph\":[{\"@type\":\"WebPage\",\"@id\":\"https:\/\/xenonkungen.com\/produkt\/osram-inspection-lamp-2-96w-6200k\/\",\"url\":\"https:\/\/xenonkungen.com\/produkt\/osram-inspection-lamp-2-96w-6200k\/\",\"name\":\"OSRAM INSPECTION LAMP - Black \/ Orange - Xenonkungen\",\"isPartOf\":{\"@id\":\"https:\/\/xenonkungen.com\/#website\"},\"primaryImageOfPage\":{\"@id\":\"https:\/\/xenonkungen.com\/produkt\/osram-inspection-lamp-2-96w-6200k\/#primaryimage\"},\"image\":{\"@id\":\"https:\/\/xenonkungen.com\/produkt\/osram-inspection-lamp-2-96w-6200k\/#primaryimage\"},\"thumbnailUrl\":\"https:\/\/xenonkungen.com\/wp-content\/uploads\/2026\/02\/Small-for-web-and-ppt-LEDIL408_PRODUCT_003.jpg\",\"datePublished\":\"2026-02-18T14:33:26+00:00\",\"dateModified\":\"2026-03-04T15:36:47+00:00\",\"breadcrumb\":{\"@id\":\"https:\/\/xenonkungen.com\/produkt\/osram-inspection-lamp-2-96w-6200k\/#breadcrumb\"},\"inLanguage\":\"nl-NL\",\"potentialAction\":[{\"@type\":\"ReadAction\",\"target\":[\"https:\/\/xenonkungen.com\/produkt\/osram-inspection-lamp-2-96w-6200k\/\"]}]},{\"@type\":\"ImageObject\",\"inLanguage\":\"nl-NL\",\"@id\":\"https:\/\/xenonkungen.com\/produkt\/osram-inspection-lamp-2-96w-6200k\/#primaryimage\",\"url\":\"https:\/\/xenonkungen.com\/wp-content\/uploads\/2026\/02\/Small-for-web-and-ppt-LEDIL408_PRODUCT_003.jpg\",\"contentUrl\":\"https:\/\/xenonkungen.com\/wp-content\/uploads\/2026\/02\/Small-for-web-and-ppt-LEDIL408_PRODUCT_003.jpg\",\"width\":1024,\"height\":1024},{\"@type\":\"BreadcrumbList\",\"@id\":\"https:\/\/xenonkungen.com\/produkt\/osram-inspection-lamp-2-96w-6200k\/#breadcrumb\",\"itemListElement\":[{\"@type\":\"ListItem\",\"position\":1,\"name\":\"Hem\",\"item\":\"https:\/\/xenonkungen.com\/\"},{\"@type\":\"ListItem\",\"position\":2,\"name\":\"Shop\",\"item\":\"https:\/\/xenonkungen.com\/shop\/\"},{\"@type\":\"ListItem\",\"position\":3,\"name\":\"OSRAM INSPECTION LAMP &#8211; Black \/ Orange\"}]},{\"@type\":\"WebSite\",\"@id\":\"https:\/\/xenonkungen.com\/#website\",\"url\":\"https:\/\/xenonkungen.com\/\",\"name\":\"Xenonkungen\",\"description\":\"\",\"potentialAction\":[{\"@type\":\"SearchAction\",\"target\":{\"@type\":\"EntryPoint\",\"urlTemplate\":\"https:\/\/xenonkungen.com\/?s={search_term_string}\"},\"query-input\":{\"@type\":\"PropertyValueSpecification\",\"valueRequired\":true,\"valueName\":\"search_term_string\"}}],\"inLanguage\":\"nl-NL\"}]}<\/script>\n<!-- \/ Yoast SEO plugin. -->","yoast_head_json":{"title":"OSRAM INSPECTIELAMP - Zwart\/Oranje - De Xenon-koning","robots":{"index":"index","follow":"follow","max-snippet":"max-snippet:-1","max-image-preview":"max-image-preview:large","max-video-preview":"max-video-preview:-1"},"canonical":"https:\/\/xenonkungen.com\/nl\/product\/osram-inspectielamp-2-96w-6200k\/","og_locale":"nl_NL","og_type":"article","og_title":"OSRAM INSPECTION LAMP - Black \/ Orange - Xenonkungen","og_description":"Kompakt och kraftfull inspektionslampa fr\u00e5n OSRAM med upp till 200 lumen, tre ljusl\u00e4gen, 360\u00b0 rotation och magnetf\u00e4ste f\u00f6r flexibel och handsfree anv\u00e4ndning i verkstad eller hem.","og_url":"https:\/\/xenonkungen.com\/nl\/product\/osram-inspectielamp-2-96w-6200k\/","og_site_name":"Xenonkungen","article_modified_time":"2026-03-04T15:36:47+00:00","og_image":[{"width":1024,"height":1024,"url":"https:\/\/xenonkungen.com\/wp-content\/uploads\/2026\/02\/Small-for-web-and-ppt-LEDIL408_PRODUCT_003.jpg","type":"image\/jpeg"}],"twitter_card":"summary_large_image","twitter_misc":{"Geschatte leestijd":"2 minuten"},"schema":{"@context":"https:\/\/schema.org","@graph":[{"@type":"WebPage","@id":"https:\/\/xenonkungen.com\/produkt\/osram-inspection-lamp-2-96w-6200k\/","url":"https:\/\/xenonkungen.com\/produkt\/osram-inspection-lamp-2-96w-6200k\/","name":"OSRAM INSPECTIELAMP - Zwart\/Oranje - De Xenon-koning","isPartOf":{"@id":"https:\/\/xenonkungen.com\/#website"},"primaryImageOfPage":{"@id":"https:\/\/xenonkungen.com\/produkt\/osram-inspection-lamp-2-96w-6200k\/#primaryimage"},"image":{"@id":"https:\/\/xenonkungen.com\/produkt\/osram-inspection-lamp-2-96w-6200k\/#primaryimage"},"thumbnailUrl":"https:\/\/xenonkungen.com\/wp-content\/uploads\/2026\/02\/Small-for-web-and-ppt-LEDIL408_PRODUCT_003.jpg","datePublished":"2026-02-18T14:33:26+00:00","dateModified":"2026-03-04T15:36:47+00:00","breadcrumb":{"@id":"https:\/\/xenonkungen.com\/produkt\/osram-inspection-lamp-2-96w-6200k\/#breadcrumb"},"inLanguage":"nl-NL","potentialAction":[{"@type":"ReadAction","target":["https:\/\/xenonkungen.com\/produkt\/osram-inspection-lamp-2-96w-6200k\/"]}]},{"@type":"ImageObject","inLanguage":"nl-NL","@id":"https:\/\/xenonkungen.com\/produkt\/osram-inspection-lamp-2-96w-6200k\/#primaryimage","url":"https:\/\/xenonkungen.com\/wp-content\/uploads\/2026\/02\/Small-for-web-and-ppt-LEDIL408_PRODUCT_003.jpg","contentUrl":"https:\/\/xenonkungen.com\/wp-content\/uploads\/2026\/02\/Small-for-web-and-ppt-LEDIL408_PRODUCT_003.jpg","width":1024,"height":1024},{"@type":"BreadcrumbList","@id":"https:\/\/xenonkungen.com\/produkt\/osram-inspection-lamp-2-96w-6200k\/#breadcrumb","itemListElement":[{"@type":"ListItem","position":1,"name":"Hem","item":"https:\/\/xenonkungen.com\/"},{"@type":"ListItem","position":2,"name":"Shop","item":"https:\/\/xenonkungen.com\/shop\/"},{"@type":"ListItem","position":3,"name":"OSRAM INSPECTION LAMP &#8211; Black \/ Orange"}]},{"@type":"WebSite","@id":"https:\/\/xenonkungen.com\/#website","url":"https:\/\/xenonkungen.com\/","name":"Xenonkungen","description":"","potentialAction":[{"@type":"SearchAction","target":{"@type":"EntryPoint","urlTemplate":"https:\/\/xenonkungen.com\/?s={search_term_string}"},"query-input":{"@type":"PropertyValueSpecification","valueRequired":true,"valueName":"search_term_string"}}],"inLanguage":"nl-NL"}]}},"taxonomy_info":{"product_brand":[{"value":108,"label":"OSRAM"}],"product_cat":[{"value":1320,"label":"Ficklampor"}],"pa_fargtemperatur":[{"value":1889,"label":"6200K"}],"pa_led-chips-effekt-w":[{"value":2882,"label":"2"}],"pa_storlek-mm":[{"value":2881,"label":"267x40x42"}],"pa_volt-v":[{"value":361,"label":"3,7"}]},"featured_image_src_large":["https:\/\/xenonkungen.com\/wp-content\/uploads\/2026\/02\/Small-for-web-and-ppt-LEDIL408_PRODUCT_003.jpg",1024,1024,false],"author_info":[],"comment_info":0,"_links":{"self":[{"href":"https:\/\/xenonkungen.com\/nl\/wp-json\/wp\/v2\/product\/26360","targetHints":{"allow":["GET"]}}],"collection":[{"href":"https:\/\/xenonkungen.com\/nl\/wp-json\/wp\/v2\/product"}],"about":[{"href":"https:\/\/xenonkungen.com\/nl\/wp-json\/wp\/v2\/types\/product"}],"replies":[{"embeddable":true,"href":"https:\/\/xenonkungen.com\/nl\/wp-json\/wp\/v2\/comments?post=26360"}],"wp:featuredmedia":[{"embeddable":true,"href":"https:\/\/xenonkungen.com\/nl\/wp-json\/wp\/v2\/media\/26380"}],"wp:attachment":[{"href":"https:\/\/xenonkungen.com\/nl\/wp-json\/wp\/v2\/media?parent=26360"}],"wp:term":[{"taxonomy":"anvandningsomrade","embeddable":true,"href":"https:\/\/xenonkungen.com\/nl\/wp-json\/wp\/v2\/anvandningsomrade?post=26360"},{"taxonomy":"bilmarken","embeddable":true,"href":"https:\/\/xenonkungen.com\/nl\/wp-json\/wp\/v2\/bilmarken?post=26360"},{"taxonomy":"product_brand","embeddable":true,"href":"https:\/\/xenonkungen.com\/nl\/wp-json\/wp\/v2\/product_brand?post=26360"},{"taxonomy":"product_cat","embeddable":true,"href":"https:\/\/xenonkungen.com\/nl\/wp-json\/wp\/v2\/product_cat?post=26360"},{"taxonomy":"product_tag","embeddable":true,"href":"https:\/\/xenonkungen.com\/nl\/wp-json\/wp\/v2\/product_tag?post=26360"}],"curies":[{"name":"wp","href":"https:\/\/api.w.org\/{rel}","templated":true}]}}