{"id":26848,"date":"2026-02-27T08:43:34","date_gmt":"2026-02-27T07:43:34","guid":{"rendered":"https:\/\/xenonkungen.com\/?post_type=product&#038;p=26848"},"modified":"2026-04-11T01:49:36","modified_gmt":"2026-04-11T00:49:36","slug":"vaste-hulplamp-verwijderbaar-o60mm-3mm-zwart-universeel","status":"publish","type":"product","link":"https:\/\/xenonkungen.com\/nl\/product\/vaste-hulplamp-verwijderbaar-o60mm-3mm-zwart-universeel\/","title":{"rendered":"Extra lichte beugel, afneembaar, \u00d860mm, 3mm, zwart, universeel"},"content":{"rendered":"<h2 data-start=\"640\" data-end=\"683\">Stabiele en veilige bevestiging voor extra verlichting.<\/h2>\n<p data-start=\"685\" data-end=\"964\">Deze \u00d860mm beugel voor extra verlichting is gemaakt van 3 mm dik roestvrij staal (T304) en zorgt voor een stabiele en trillingsvrije montage van extra verlichting. De robuuste constructie in combinatie met de zwarte poedercoating biedt zowel duurzaamheid als een stijlvolle uitstraling die past bij moderne wielkasten.<\/p>\n<p data-start=\"966\" data-end=\"1147\">De beugel is afneembaar en geschikt voor montage op buizen met een diameter tussen \u00d860 en 63 mm. De breedte van 50 mm biedt een veilige montageondergrond en een stabiele plaatsing van uw extra verlichting of LED-ramp.<\/p>\n<h2 data-start=\"1149\" data-end=\"1185\">Aangepast voor specifieke wielkasten.<\/h2>\n<p data-start=\"1187\" data-end=\"1206\">Deze beugel past op:<\/p>\n<ul data-start=\"1208\" data-end=\"1297\">\n<li data-start=\"1208\" data-end=\"1248\">\n<p data-start=\"1210\" data-end=\"1248\">Ontwerp een \u201cKLEINERE\u201d bovenste steunbalk (niet de onderste).<\/p>\n<\/li>\n<li data-start=\"1249\" data-end=\"1297\">\n<p data-start=\"1251\" data-end=\"1297\">EU-voorbumpers met \u00d860mm bovenste veerpoot (niet \u00d870mm)<\/p>\n<\/li>\n<\/ul>\n<p data-start=\"1299\" data-end=\"1380\">Het past niet op andere modellen, noch op EU-voorstangen met een bovenbuisdiameter van \u00d870 mm.<\/p>\n<p data-start=\"1382\" data-end=\"1631\">Let op: de voorspatborden met het &quot;STOR TRIO&quot;-design (\u00d860mm buis) hebben al drie gelaste beugels voor extra verlichting. U hoeft deze beugel dus niet aan te schaffen, tenzij u van plan bent meer dan drie extra lampen of bijvoorbeeld een extra LED-lichtbalk te monteren.<\/p>\n<h2 data-start=\"1633\" data-end=\"1661\">Materialen en constructie<\/h2>\n<p data-start=\"1663\" data-end=\"1895\">De beugel is gemaakt van roestvrij staal van klasse T304, wat een hoge weerstand biedt tegen roest en corrosie. De robuuste constructie maakt hem geschikt voor zowel personenauto&#039;s als transportvoertuigen die onder zware weersomstandigheden worden gebruikt.<\/p>\n<p data-start=\"1897\" data-end=\"1912\">Wordt per stuk verkocht.<\/p>","protected":false},"excerpt":{"rendered":"<p>Stabiele en zwartgelakte hulplichtbeugel van 3 mm roestvrij staal voor montage op buizen met een diameter van \u00d860\u201363 mm. Afneembare constructie, perfect voor voorspatborden met een bovenste steunbalk van \u00d860 mm.<\/p>","protected":false},"featured_media":26849,"comment_status":"open","ping_status":"closed","template":"","meta":{"_acf_changed":false,"_smort_price_nok":"545","_smort_price_dkk":"","_smort_price_eur":"","_smort_sale_price_nok":"","_smort_sale_price_dkk":"","_smort_sale_price_eur":"","smort_restorder":"","shipmondo_restorder":"","_kad_blocks_custom_css":"","_kad_blocks_head_custom_js":"","_kad_blocks_body_custom_js":"","_kad_blocks_footer_custom_js":"","smort_custom_pricelist_1":"408","smort_custom_pricelist_2":"408","smort_custom_pricelist_3":"408","smort_custom_pricelist_4":"408","smort_custom_pricelist_5":"408"},"anvandningsomrade":[],"bilmarken":[],"product_brand":[113],"product_cat":[2461,2537,810,390],"product_tag":[],"class_list":{"0":"post-26848","1":"product","2":"type-product","3":"status-publish","4":"has-post-thumbnail","6":"product_brand-vool","7":"product_cat-fasten-installation","8":"product_cat-fasten-ledramper","9":"product_cat-fasten","10":"product_cat-installation","12":"first","13":"instock","14":"taxable","15":"shipping-taxable","16":"purchasable","17":"product-type-simple"},"bundled_by":[],"bundle_stock_status":"instock","bundle_stock_quantity":1,"bundle_virtual":false,"bundle_layout":"","bundle_add_to_cart_form_location":"","bundle_editable_in_cart":false,"bundle_sold_individually_context":"","bundle_item_grouping":"","bundle_min_size":"","bundle_max_size":"","bundle_price":[],"bundled_items":[],"bundle_sell_ids":[],"acf":[],"yoast_head":"<!-- This site is optimized with the Yoast SEO plugin v27.0 - https:\/\/yoast.com\/product\/yoast-seo-wordpress\/ -->\n<title>F\u00e4ste Extraljus Avtagbart \u00d860mm 3mm Svart, Universal - Xenonkungen Avtagbart F\u00e4ste Extraljus \u00d860mm 3mm Svart - Xenonkungen<\/title>\n<meta name=\"description\" content=\"K\u00f6p avtagbart f\u00e4ste f\u00f6r extraljus \u00d860mm i 3mm svartlackerat st\u00e5l. Stabil och s\u00e4ker montering. Snabb leverans. \u00d6ppet k\u00f6p 30 dagar. Handla enkelt p\u00e5 xenonkungen.com!\" \/>\n<meta name=\"robots\" content=\"index, follow, max-snippet:-1, max-image-preview:large, max-video-preview:-1\" \/>\n<link rel=\"canonical\" href=\"https:\/\/xenonkungen.com\/nl\/product\/vaste-hulplamp-verwijderbaar-o60mm-3mm-zwart-universeel\/\" \/>\n<meta property=\"og:locale\" content=\"nl_NL\" \/>\n<meta property=\"og:type\" content=\"article\" \/>\n<meta property=\"og:title\" content=\"F\u00e4ste Extraljus Avtagbart \u00d860mm 3mm Svart, Universal - Xenonkungen Avtagbart F\u00e4ste Extraljus \u00d860mm 3mm Svart - Xenonkungen\" \/>\n<meta property=\"og:description\" content=\"K\u00f6p avtagbart f\u00e4ste f\u00f6r extraljus \u00d860mm i 3mm svartlackerat st\u00e5l. Stabil och s\u00e4ker montering. Snabb leverans. \u00d6ppet k\u00f6p 30 dagar. Handla enkelt p\u00e5 xenonkungen.com!\" \/>\n<meta property=\"og:url\" content=\"https:\/\/xenonkungen.com\/nl\/product\/vaste-hulplamp-verwijderbaar-o60mm-3mm-zwart-universeel\/\" \/>\n<meta property=\"og:site_name\" content=\"Xenonkungen\" \/>\n<meta property=\"article:modified_time\" content=\"2026-04-11T00:49:36+00:00\" \/>\n<meta property=\"og:image\" content=\"https:\/\/xenonkungen.com\/wp-content\/uploads\/2026\/02\/199356479-origpic-658dc2.jpg\" \/>\n\t<meta property=\"og:image:width\" content=\"1000\" \/>\n\t<meta property=\"og:image:height\" content=\"800\" \/>\n\t<meta property=\"og:image:type\" content=\"image\/jpeg\" \/>\n<meta name=\"twitter:card\" content=\"summary_large_image\" \/>\n<meta name=\"twitter:label1\" content=\"Geschatte leestijd\" \/>\n\t<meta name=\"twitter:data1\" content=\"2 minuten\" \/>\n<script type=\"application\/ld+json\" class=\"yoast-schema-graph\">{\"@context\":\"https:\/\/schema.org\",\"@graph\":[{\"@type\":\"WebPage\",\"@id\":\"https:\/\/xenonkungen.com\/produkt\/faste-extraljus-avtagbart-o60mm-3mm-svart-universal\/\",\"url\":\"https:\/\/xenonkungen.com\/produkt\/faste-extraljus-avtagbart-o60mm-3mm-svart-universal\/\",\"name\":\"F\u00e4ste Extraljus Avtagbart \u00d860mm 3mm Svart, Universal - Xenonkungen Avtagbart F\u00e4ste Extraljus \u00d860mm 3mm Svart - Xenonkungen\",\"isPartOf\":{\"@id\":\"https:\/\/xenonkungen.com\/#website\"},\"primaryImageOfPage\":{\"@id\":\"https:\/\/xenonkungen.com\/produkt\/faste-extraljus-avtagbart-o60mm-3mm-svart-universal\/#primaryimage\"},\"image\":{\"@id\":\"https:\/\/xenonkungen.com\/produkt\/faste-extraljus-avtagbart-o60mm-3mm-svart-universal\/#primaryimage\"},\"thumbnailUrl\":\"https:\/\/xenonkungen.com\/wp-content\/uploads\/2026\/02\/199356479-origpic-658dc2.jpg\",\"datePublished\":\"2026-02-27T07:43:34+00:00\",\"dateModified\":\"2026-04-11T00:49:36+00:00\",\"description\":\"K\u00f6p avtagbart f\u00e4ste f\u00f6r extraljus \u00d860mm i 3mm svartlackerat st\u00e5l. Stabil och s\u00e4ker montering. Snabb leverans. \u00d6ppet k\u00f6p 30 dagar. Handla enkelt p\u00e5 xenonkungen.com!\",\"breadcrumb\":{\"@id\":\"https:\/\/xenonkungen.com\/produkt\/faste-extraljus-avtagbart-o60mm-3mm-svart-universal\/#breadcrumb\"},\"inLanguage\":\"nl-NL\",\"potentialAction\":[{\"@type\":\"ReadAction\",\"target\":[\"https:\/\/xenonkungen.com\/produkt\/faste-extraljus-avtagbart-o60mm-3mm-svart-universal\/\"]}]},{\"@type\":\"ImageObject\",\"inLanguage\":\"nl-NL\",\"@id\":\"https:\/\/xenonkungen.com\/produkt\/faste-extraljus-avtagbart-o60mm-3mm-svart-universal\/#primaryimage\",\"url\":\"https:\/\/xenonkungen.com\/wp-content\/uploads\/2026\/02\/199356479-origpic-658dc2.jpg\",\"contentUrl\":\"https:\/\/xenonkungen.com\/wp-content\/uploads\/2026\/02\/199356479-origpic-658dc2.jpg\",\"width\":1000,\"height\":800},{\"@type\":\"BreadcrumbList\",\"@id\":\"https:\/\/xenonkungen.com\/produkt\/faste-extraljus-avtagbart-o60mm-3mm-svart-universal\/#breadcrumb\",\"itemListElement\":[{\"@type\":\"ListItem\",\"position\":1,\"name\":\"Hem\",\"item\":\"https:\/\/xenonkungen.com\/\"},{\"@type\":\"ListItem\",\"position\":2,\"name\":\"Shop\",\"item\":\"https:\/\/xenonkungen.com\/shop\/\"},{\"@type\":\"ListItem\",\"position\":3,\"name\":\"F\u00e4ste Extraljus Avtagbart \u00d860mm 3mm Svart, Universal\"}]},{\"@type\":\"WebSite\",\"@id\":\"https:\/\/xenonkungen.com\/#website\",\"url\":\"https:\/\/xenonkungen.com\/\",\"name\":\"Xenonkungen\",\"description\":\"\",\"potentialAction\":[{\"@type\":\"SearchAction\",\"target\":{\"@type\":\"EntryPoint\",\"urlTemplate\":\"https:\/\/xenonkungen.com\/?s={search_term_string}\"},\"query-input\":{\"@type\":\"PropertyValueSpecification\",\"valueRequired\":true,\"valueName\":\"search_term_string\"}}],\"inLanguage\":\"nl-NL\"}]}<\/script>\n<!-- \/ Yoast SEO plugin. -->","yoast_head_json":{"title":"Bevestigingsbeugel voor extra verlichting, afneembaar, \u00d860mm, 3mm, zwart, universeel - Xenonkungen Verwijderbare bevestigingsbeugel voor extra verlichting, \u00d860mm, 3mm, zwart - Xenonkungen","description":"Koop een afneembare beugel voor extra verlichting \u00d860mm in 3mm zwart gelakt staal. Stabiele en veilige montage. Snelle levering. 30 dagen bedenktijd. Bestel eenvoudig op xenonkungen.com!","robots":{"index":"index","follow":"follow","max-snippet":"max-snippet:-1","max-image-preview":"max-image-preview:large","max-video-preview":"max-video-preview:-1"},"canonical":"https:\/\/xenonkungen.com\/nl\/product\/vaste-hulplamp-verwijderbaar-o60mm-3mm-zwart-universeel\/","og_locale":"nl_NL","og_type":"article","og_title":"F\u00e4ste Extraljus Avtagbart \u00d860mm 3mm Svart, Universal - Xenonkungen Avtagbart F\u00e4ste Extraljus \u00d860mm 3mm Svart - Xenonkungen","og_description":"K\u00f6p avtagbart f\u00e4ste f\u00f6r extraljus \u00d860mm i 3mm svartlackerat st\u00e5l. Stabil och s\u00e4ker montering. Snabb leverans. \u00d6ppet k\u00f6p 30 dagar. Handla enkelt p\u00e5 xenonkungen.com!","og_url":"https:\/\/xenonkungen.com\/nl\/product\/vaste-hulplamp-verwijderbaar-o60mm-3mm-zwart-universeel\/","og_site_name":"Xenonkungen","article_modified_time":"2026-04-11T00:49:36+00:00","og_image":[{"width":1000,"height":800,"url":"https:\/\/xenonkungen.com\/wp-content\/uploads\/2026\/02\/199356479-origpic-658dc2.jpg","type":"image\/jpeg"}],"twitter_card":"summary_large_image","twitter_misc":{"Geschatte leestijd":"2 minuten"},"schema":{"@context":"https:\/\/schema.org","@graph":[{"@type":"WebPage","@id":"https:\/\/xenonkungen.com\/produkt\/faste-extraljus-avtagbart-o60mm-3mm-svart-universal\/","url":"https:\/\/xenonkungen.com\/produkt\/faste-extraljus-avtagbart-o60mm-3mm-svart-universal\/","name":"Bevestigingsbeugel voor extra verlichting, afneembaar, \u00d860mm, 3mm, zwart, universeel - Xenonkungen Verwijderbare bevestigingsbeugel voor extra verlichting, \u00d860mm, 3mm, zwart - Xenonkungen","isPartOf":{"@id":"https:\/\/xenonkungen.com\/#website"},"primaryImageOfPage":{"@id":"https:\/\/xenonkungen.com\/produkt\/faste-extraljus-avtagbart-o60mm-3mm-svart-universal\/#primaryimage"},"image":{"@id":"https:\/\/xenonkungen.com\/produkt\/faste-extraljus-avtagbart-o60mm-3mm-svart-universal\/#primaryimage"},"thumbnailUrl":"https:\/\/xenonkungen.com\/wp-content\/uploads\/2026\/02\/199356479-origpic-658dc2.jpg","datePublished":"2026-02-27T07:43:34+00:00","dateModified":"2026-04-11T00:49:36+00:00","description":"Koop een afneembare beugel voor extra verlichting \u00d860mm in 3mm zwart gelakt staal. Stabiele en veilige montage. Snelle levering. 30 dagen bedenktijd. Bestel eenvoudig op xenonkungen.com!","breadcrumb":{"@id":"https:\/\/xenonkungen.com\/produkt\/faste-extraljus-avtagbart-o60mm-3mm-svart-universal\/#breadcrumb"},"inLanguage":"nl-NL","potentialAction":[{"@type":"ReadAction","target":["https:\/\/xenonkungen.com\/produkt\/faste-extraljus-avtagbart-o60mm-3mm-svart-universal\/"]}]},{"@type":"ImageObject","inLanguage":"nl-NL","@id":"https:\/\/xenonkungen.com\/produkt\/faste-extraljus-avtagbart-o60mm-3mm-svart-universal\/#primaryimage","url":"https:\/\/xenonkungen.com\/wp-content\/uploads\/2026\/02\/199356479-origpic-658dc2.jpg","contentUrl":"https:\/\/xenonkungen.com\/wp-content\/uploads\/2026\/02\/199356479-origpic-658dc2.jpg","width":1000,"height":800},{"@type":"BreadcrumbList","@id":"https:\/\/xenonkungen.com\/produkt\/faste-extraljus-avtagbart-o60mm-3mm-svart-universal\/#breadcrumb","itemListElement":[{"@type":"ListItem","position":1,"name":"Hem","item":"https:\/\/xenonkungen.com\/"},{"@type":"ListItem","position":2,"name":"Shop","item":"https:\/\/xenonkungen.com\/shop\/"},{"@type":"ListItem","position":3,"name":"F\u00e4ste Extraljus Avtagbart \u00d860mm 3mm Svart, Universal"}]},{"@type":"WebSite","@id":"https:\/\/xenonkungen.com\/#website","url":"https:\/\/xenonkungen.com\/","name":"Xenonkungen","description":"","potentialAction":[{"@type":"SearchAction","target":{"@type":"EntryPoint","urlTemplate":"https:\/\/xenonkungen.com\/?s={search_term_string}"},"query-input":{"@type":"PropertyValueSpecification","valueRequired":true,"valueName":"search_term_string"}}],"inLanguage":"nl-NL"}]}},"taxonomy_info":{"product_brand":[{"value":113,"label":"Vool"}],"product_cat":[{"value":2461,"label":"F\u00e4sten"},{"value":2537,"label":"F\u00e4sten"},{"value":810,"label":"F\u00e4sten"},{"value":390,"label":"Installation"}]},"featured_image_src_large":["https:\/\/xenonkungen.com\/wp-content\/uploads\/2026\/02\/199356479-origpic-658dc2.jpg",1000,800,false],"author_info":[],"comment_info":0,"_links":{"self":[{"href":"https:\/\/xenonkungen.com\/nl\/wp-json\/wp\/v2\/product\/26848","targetHints":{"allow":["GET"]}}],"collection":[{"href":"https:\/\/xenonkungen.com\/nl\/wp-json\/wp\/v2\/product"}],"about":[{"href":"https:\/\/xenonkungen.com\/nl\/wp-json\/wp\/v2\/types\/product"}],"replies":[{"embeddable":true,"href":"https:\/\/xenonkungen.com\/nl\/wp-json\/wp\/v2\/comments?post=26848"}],"wp:featuredmedia":[{"embeddable":true,"href":"https:\/\/xenonkungen.com\/nl\/wp-json\/wp\/v2\/media\/26849"}],"wp:attachment":[{"href":"https:\/\/xenonkungen.com\/nl\/wp-json\/wp\/v2\/media?parent=26848"}],"wp:term":[{"taxonomy":"anvandningsomrade","embeddable":true,"href":"https:\/\/xenonkungen.com\/nl\/wp-json\/wp\/v2\/anvandningsomrade?post=26848"},{"taxonomy":"bilmarken","embeddable":true,"href":"https:\/\/xenonkungen.com\/nl\/wp-json\/wp\/v2\/bilmarken?post=26848"},{"taxonomy":"product_brand","embeddable":true,"href":"https:\/\/xenonkungen.com\/nl\/wp-json\/wp\/v2\/product_brand?post=26848"},{"taxonomy":"product_cat","embeddable":true,"href":"https:\/\/xenonkungen.com\/nl\/wp-json\/wp\/v2\/product_cat?post=26848"},{"taxonomy":"product_tag","embeddable":true,"href":"https:\/\/xenonkungen.com\/nl\/wp-json\/wp\/v2\/product_tag?post=26848"}],"curies":[{"name":"wp","href":"https:\/\/api.w.org\/{rel}","templated":true}]}}