{"id":2690,"date":"2025-04-15T08:40:58","date_gmt":"2025-04-15T08:40:58","guid":{"rendered":"https:\/\/xenonkungen.com\/product\/offroad-halogen-h8\/"},"modified":"2026-04-10T23:54:43","modified_gmt":"2026-04-10T22:54:43","slug":"offroad-halogeen-h8","status":"publish","type":"product","link":"https:\/\/xenonkungen.com\/nl\/product\/offroad-halogeen-h8\/","title":{"rendered":"Offroad halogeen | H8"},"content":{"rendered":"<p>Onze nieuwe serie met halogeen offroad (yellowlook).<br \/>Perfect om je auto een persoonlijkere look te geven. Wil je de look van de auto&#039;s die meedoen aan LeMans, of wil je graag geel licht als het sneeuwt? Dan zijn deze lampen perfect voor jou. <\/p>\n<p>De Offroad H8 is ontworpen om uw originele halogeenlamp te vervangen, met hetzelfde effect. Het enige dat verandert, is het uiterlijk. <\/p>\n<p>Als je op zoek bent naar een koeler wit licht om het uiterlijk van auto's met Xenon na te bootsen, is onze \"Xenonlook\"-reeks verkrijgbaar.<\/p>\n<p><strong>Goed om te weten<\/strong><br \/>Deze lamp is niet E-goedgekeurd, dus volgens de voorschriften mag hij niet op de openbare weg worden gebruikt.<\/p>","protected":false},"excerpt":{"rendered":"<p>Offroad halogeenlamp met goede prestaties en geel licht! Voor wie het uiterlijk wil veranderen in iets klassiekers, of geel licht verkiest tijdens sneeuwval.<\/p>\n<p>Zelfde vermogen als origineel halogeen<\/p>\n<p>Goede levensduur 4-500 uur<\/p>\n<p>Geel licht<\/p>\n<p>Hoge kwaliteit<\/p>","protected":false},"featured_media":2691,"comment_status":"closed","ping_status":"closed","template":"","meta":{"_acf_changed":false,"_smort_price_nok":"80","_smort_price_dkk":"132","_smort_price_eur":"17.73","_smort_sale_price_nok":"80","_smort_sale_price_dkk":"","_smort_sale_price_eur":"6.82","smort_restorder":"","shipmondo_restorder":"","_kad_blocks_custom_css":"","_kad_blocks_head_custom_js":"","_kad_blocks_body_custom_js":"","_kad_blocks_footer_custom_js":"","smort_custom_pricelist_1":"124.8","smort_custom_pricelist_2":"109.2","smort_custom_pricelist_3":"103.74","smort_custom_pricelist_4":"156","smort_custom_pricelist_5":"109.2"},"anvandningsomrade":[],"bilmarken":[],"product_brand":[2793],"product_cat":[2543,733],"product_tag":[],"class_list":{"0":"post-2690","1":"product","2":"type-product","3":"status-publish","4":"has-post-thumbnail","6":"product_brand-ovrigt","7":"product_cat-halogen-halvljus-helljus","8":"product_cat-halvljus-helljus","9":"pa_faktisk-effekts-forbrukning-847","10":"pa_fargtemperatur-3000k","11":"pa_lampsockel-kontakt-h8","12":"pa_volt-v-12v","14":"first","15":"instock","16":"sale","17":"taxable","18":"shipping-taxable","19":"purchasable","20":"product-type-simple"},"bundled_by":[],"bundle_stock_status":"instock","bundle_stock_quantity":58,"bundle_virtual":false,"bundle_layout":"","bundle_add_to_cart_form_location":"","bundle_editable_in_cart":false,"bundle_sold_individually_context":"","bundle_item_grouping":"","bundle_min_size":"","bundle_max_size":"","bundle_price":[],"bundled_items":[],"bundle_sell_ids":[],"acf":[],"yoast_head":"<!-- This site is optimized with the Yoast SEO plugin v27.0 - https:\/\/yoast.com\/product\/yoast-seo-wordpress\/ -->\n<title>Offroad Halogen | H8 - Xenonkungen<\/title>\n<meta name=\"robots\" content=\"index, follow, max-snippet:-1, max-image-preview:large, max-video-preview:-1\" \/>\n<link rel=\"canonical\" href=\"https:\/\/xenonkungen.com\/nl\/product\/offroad-halogeen-h8\/\" \/>\n<meta property=\"og:locale\" content=\"nl_NL\" \/>\n<meta property=\"og:type\" content=\"article\" \/>\n<meta property=\"og:title\" content=\"Offroad Halogen | H8 - Xenonkungen\" \/>\n<meta property=\"og:description\" content=\"Offroad Halogenlampa med god prestanda och Gult ljus! F\u00f6r dig som vill \u00e4ndra utseendet till n\u00e5got mer klassiskt, eller f\u00f6redrar gult ljus vid sn\u00f6fall. Samma effekt som original halogen God livsl\u00e4ngd 4-500 timmar Gult ljus H\u00f6g kvalitet\" \/>\n<meta property=\"og:url\" content=\"https:\/\/xenonkungen.com\/nl\/product\/offroad-halogeen-h8\/\" \/>\n<meta property=\"og:site_name\" content=\"Xenonkungen\" \/>\n<meta property=\"article:modified_time\" content=\"2026-04-10T22:54:43+00:00\" \/>\n<meta property=\"og:image\" content=\"https:\/\/xenonkungen.com\/wp-content\/uploads\/2025\/04\/167049063-origpic-20ccc9.png\" \/>\n\t<meta property=\"og:image:width\" content=\"1000\" \/>\n\t<meta property=\"og:image:height\" content=\"1000\" \/>\n\t<meta property=\"og:image:type\" content=\"image\/png\" \/>\n<meta name=\"twitter:card\" content=\"summary_large_image\" \/>\n<meta name=\"twitter:label1\" content=\"Geschatte leestijd\" \/>\n\t<meta name=\"twitter:data1\" content=\"1 minuut\" \/>\n<script type=\"application\/ld+json\" class=\"yoast-schema-graph\">{\"@context\":\"https:\/\/schema.org\",\"@graph\":[{\"@type\":\"WebPage\",\"@id\":\"https:\/\/xenonkungen.com\/produkt\/offroad-halogen-h8\/\",\"url\":\"https:\/\/xenonkungen.com\/produkt\/offroad-halogen-h8\/\",\"name\":\"Offroad Halogen | H8 - Xenonkungen\",\"isPartOf\":{\"@id\":\"https:\/\/xenonkungen.com\/#website\"},\"primaryImageOfPage\":{\"@id\":\"https:\/\/xenonkungen.com\/produkt\/offroad-halogen-h8\/#primaryimage\"},\"image\":{\"@id\":\"https:\/\/xenonkungen.com\/produkt\/offroad-halogen-h8\/#primaryimage\"},\"thumbnailUrl\":\"https:\/\/xenonkungen.com\/wp-content\/uploads\/2025\/04\/167049063-origpic-20ccc9.png\",\"datePublished\":\"2025-04-15T08:40:58+00:00\",\"dateModified\":\"2026-04-10T22:54:43+00:00\",\"breadcrumb\":{\"@id\":\"https:\/\/xenonkungen.com\/produkt\/offroad-halogen-h8\/#breadcrumb\"},\"inLanguage\":\"nl-NL\",\"potentialAction\":[{\"@type\":\"ReadAction\",\"target\":[\"https:\/\/xenonkungen.com\/produkt\/offroad-halogen-h8\/\"]}]},{\"@type\":\"ImageObject\",\"inLanguage\":\"nl-NL\",\"@id\":\"https:\/\/xenonkungen.com\/produkt\/offroad-halogen-h8\/#primaryimage\",\"url\":\"https:\/\/xenonkungen.com\/wp-content\/uploads\/2025\/04\/167049063-origpic-20ccc9.png\",\"contentUrl\":\"https:\/\/xenonkungen.com\/wp-content\/uploads\/2025\/04\/167049063-origpic-20ccc9.png\",\"width\":1000,\"height\":1000},{\"@type\":\"BreadcrumbList\",\"@id\":\"https:\/\/xenonkungen.com\/produkt\/offroad-halogen-h8\/#breadcrumb\",\"itemListElement\":[{\"@type\":\"ListItem\",\"position\":1,\"name\":\"Hem\",\"item\":\"https:\/\/xenonkungen.com\/\"},{\"@type\":\"ListItem\",\"position\":2,\"name\":\"Shop\",\"item\":\"https:\/\/xenonkungen.com\/shop\/\"},{\"@type\":\"ListItem\",\"position\":3,\"name\":\"Offroad Halogen | H8\"}]},{\"@type\":\"WebSite\",\"@id\":\"https:\/\/xenonkungen.com\/#website\",\"url\":\"https:\/\/xenonkungen.com\/\",\"name\":\"Xenonkungen\",\"description\":\"\",\"potentialAction\":[{\"@type\":\"SearchAction\",\"target\":{\"@type\":\"EntryPoint\",\"urlTemplate\":\"https:\/\/xenonkungen.com\/?s={search_term_string}\"},\"query-input\":{\"@type\":\"PropertyValueSpecification\",\"valueRequired\":true,\"valueName\":\"search_term_string\"}}],\"inLanguage\":\"nl-NL\"}]}<\/script>\n<!-- \/ Yoast SEO plugin. -->","yoast_head_json":{"title":"Offroad halogeen | H8 - De xenonkoning","robots":{"index":"index","follow":"follow","max-snippet":"max-snippet:-1","max-image-preview":"max-image-preview:large","max-video-preview":"max-video-preview:-1"},"canonical":"https:\/\/xenonkungen.com\/nl\/product\/offroad-halogeen-h8\/","og_locale":"nl_NL","og_type":"article","og_title":"Offroad Halogen | H8 - Xenonkungen","og_description":"Offroad Halogenlampa med god prestanda och Gult ljus! F\u00f6r dig som vill \u00e4ndra utseendet till n\u00e5got mer klassiskt, eller f\u00f6redrar gult ljus vid sn\u00f6fall. Samma effekt som original halogen God livsl\u00e4ngd 4-500 timmar Gult ljus H\u00f6g kvalitet","og_url":"https:\/\/xenonkungen.com\/nl\/product\/offroad-halogeen-h8\/","og_site_name":"Xenonkungen","article_modified_time":"2026-04-10T22:54:43+00:00","og_image":[{"width":1000,"height":1000,"url":"https:\/\/xenonkungen.com\/wp-content\/uploads\/2025\/04\/167049063-origpic-20ccc9.png","type":"image\/png"}],"twitter_card":"summary_large_image","twitter_misc":{"Geschatte leestijd":"1 minuut"},"schema":{"@context":"https:\/\/schema.org","@graph":[{"@type":"WebPage","@id":"https:\/\/xenonkungen.com\/produkt\/offroad-halogen-h8\/","url":"https:\/\/xenonkungen.com\/produkt\/offroad-halogen-h8\/","name":"Offroad halogeen | H8 - De xenonkoning","isPartOf":{"@id":"https:\/\/xenonkungen.com\/#website"},"primaryImageOfPage":{"@id":"https:\/\/xenonkungen.com\/produkt\/offroad-halogen-h8\/#primaryimage"},"image":{"@id":"https:\/\/xenonkungen.com\/produkt\/offroad-halogen-h8\/#primaryimage"},"thumbnailUrl":"https:\/\/xenonkungen.com\/wp-content\/uploads\/2025\/04\/167049063-origpic-20ccc9.png","datePublished":"2025-04-15T08:40:58+00:00","dateModified":"2026-04-10T22:54:43+00:00","breadcrumb":{"@id":"https:\/\/xenonkungen.com\/produkt\/offroad-halogen-h8\/#breadcrumb"},"inLanguage":"nl-NL","potentialAction":[{"@type":"ReadAction","target":["https:\/\/xenonkungen.com\/produkt\/offroad-halogen-h8\/"]}]},{"@type":"ImageObject","inLanguage":"nl-NL","@id":"https:\/\/xenonkungen.com\/produkt\/offroad-halogen-h8\/#primaryimage","url":"https:\/\/xenonkungen.com\/wp-content\/uploads\/2025\/04\/167049063-origpic-20ccc9.png","contentUrl":"https:\/\/xenonkungen.com\/wp-content\/uploads\/2025\/04\/167049063-origpic-20ccc9.png","width":1000,"height":1000},{"@type":"BreadcrumbList","@id":"https:\/\/xenonkungen.com\/produkt\/offroad-halogen-h8\/#breadcrumb","itemListElement":[{"@type":"ListItem","position":1,"name":"Hem","item":"https:\/\/xenonkungen.com\/"},{"@type":"ListItem","position":2,"name":"Shop","item":"https:\/\/xenonkungen.com\/shop\/"},{"@type":"ListItem","position":3,"name":"Offroad Halogen | H8"}]},{"@type":"WebSite","@id":"https:\/\/xenonkungen.com\/#website","url":"https:\/\/xenonkungen.com\/","name":"Xenonkungen","description":"","potentialAction":[{"@type":"SearchAction","target":{"@type":"EntryPoint","urlTemplate":"https:\/\/xenonkungen.com\/?s={search_term_string}"},"query-input":{"@type":"PropertyValueSpecification","valueRequired":true,"valueName":"search_term_string"}}],"inLanguage":"nl-NL"}]}},"taxonomy_info":{"product_brand":[{"value":2793,"label":"\u00d6VRIGT"}],"product_cat":[{"value":2543,"label":"Halogen"},{"value":733,"label":"Halvljus \/ Helljus"}],"pa_faktisk-effekts-forbrukning":[{"value":847,"label":"35"}],"pa_fargtemperatur":[{"value":852,"label":"3000K"}],"pa_lampsockel-kontakt":[{"value":848,"label":"H8"}],"pa_volt-v":[{"value":843,"label":"12V"}]},"featured_image_src_large":["https:\/\/xenonkungen.com\/wp-content\/uploads\/2025\/04\/167049063-origpic-20ccc9.png",1000,1000,false],"author_info":[],"comment_info":0,"_links":{"self":[{"href":"https:\/\/xenonkungen.com\/nl\/wp-json\/wp\/v2\/product\/2690","targetHints":{"allow":["GET"]}}],"collection":[{"href":"https:\/\/xenonkungen.com\/nl\/wp-json\/wp\/v2\/product"}],"about":[{"href":"https:\/\/xenonkungen.com\/nl\/wp-json\/wp\/v2\/types\/product"}],"replies":[{"embeddable":true,"href":"https:\/\/xenonkungen.com\/nl\/wp-json\/wp\/v2\/comments?post=2690"}],"wp:featuredmedia":[{"embeddable":true,"href":"https:\/\/xenonkungen.com\/nl\/wp-json\/wp\/v2\/media\/2691"}],"wp:attachment":[{"href":"https:\/\/xenonkungen.com\/nl\/wp-json\/wp\/v2\/media?parent=2690"}],"wp:term":[{"taxonomy":"anvandningsomrade","embeddable":true,"href":"https:\/\/xenonkungen.com\/nl\/wp-json\/wp\/v2\/anvandningsomrade?post=2690"},{"taxonomy":"bilmarken","embeddable":true,"href":"https:\/\/xenonkungen.com\/nl\/wp-json\/wp\/v2\/bilmarken?post=2690"},{"taxonomy":"product_brand","embeddable":true,"href":"https:\/\/xenonkungen.com\/nl\/wp-json\/wp\/v2\/product_brand?post=2690"},{"taxonomy":"product_cat","embeddable":true,"href":"https:\/\/xenonkungen.com\/nl\/wp-json\/wp\/v2\/product_cat?post=2690"},{"taxonomy":"product_tag","embeddable":true,"href":"https:\/\/xenonkungen.com\/nl\/wp-json\/wp\/v2\/product_tag?post=2690"}],"curies":[{"name":"wp","href":"https:\/\/api.w.org\/{rel}","templated":true}]}}