{"id":2761,"date":"2025-04-15T08:42:47","date_gmt":"2025-04-15T08:42:47","guid":{"rendered":"https:\/\/xenonkungen.com\/product\/stoldskyddsmutter-tfix-m8-2st\/"},"modified":"2026-04-10T23:56:44","modified_gmt":"2026-04-10T22:56:44","slug":"antidiefstalmoer-tfix-m8-2-stuks","status":"publish","type":"product","link":"https:\/\/xenonkungen.com\/nl\/product\/antidiefstalmoer-tfix-m8-2-stuks\/","title":{"rendered":"Anti-diefstal moer TFIX M8 (2st)"},"content":{"rendered":"<div class=\"container\">\n<h1>Slimme en betaalbare diefstalbeveiliging voor extra lampen en LED-rijplaten<\/h1>\n<p>Deze unieke antidiefstaloplossing voor extra lampen en LED-oprijplaten biedt effectieve beveiliging dankzij een innovatief ontwerp. De antidiefstalmoer is speciaal ontworpen om ongeoorloofde toegang te voorkomen dankzij het afgeschuinde ontwerp dat de mogelijkheid voor gewoon gereedschap om te grijpen elimineert.<\/p>\n<div class=\"features\">\n<h2>Belangrijkste kenmerken:<\/h2>\n<ul>\n<li>Afgeschuind moerontwerp dat het gebruik van standaardgereedschap ontmoedigt en voorkomt.<\/li>\n<li>Voor montage en demontage is een unieke antidiefstalmoer nodig, wat de veiligheid verhoogt.<\/li>\n<li>Ideaal voor iedereen die zijn investering in voertuigverlichting wil beschermen tegen diefstal.<\/li>\n<\/ul>\n<\/div>\n<p>Met dit eenvoudige en kosteneffectieve antidiefstalsysteem kun je nu zonder zorgen je extra lampen en LED-oprijplaten beschermen. Vergeet niet te investeren in een extra moer voor volledige functionaliteit en maximale beveiliging.<\/p>\n<\/div>\n<p>Verkocht per paar (=2 stuks)<br \/><strong>Grootte:<\/strong> M8<\/p>","protected":false},"excerpt":{"rendered":"<p>Maak het echt moeilijk of onmogelijk om je verlichting te demonteren met de M8-boutmoer.<\/p>","protected":false},"featured_media":2762,"comment_status":"closed","ping_status":"open","template":"","meta":{"_acf_changed":false,"_smort_price_nok":"342","_smort_price_dkk":"217","_smort_price_eur":"29.09","_smort_sale_price_nok":"","_smort_sale_price_dkk":"","_smort_sale_price_eur":"","smort_restorder":"","shipmondo_restorder":"","_kad_blocks_custom_css":"","_kad_blocks_head_custom_js":"","_kad_blocks_body_custom_js":"","_kad_blocks_footer_custom_js":"","smort_custom_pricelist_1":"204.8","smort_custom_pricelist_2":"204.8","smort_custom_pricelist_3":"204.8","smort_custom_pricelist_4":"256","smort_custom_pricelist_5":"204.8"},"anvandningsomrade":[],"bilmarken":[],"product_brand":[2793],"product_cat":[2841,2547,390],"product_tag":[],"class_list":{"0":"post-2761","1":"product","2":"type-product","3":"status-publish","4":"has-post-thumbnail","6":"product_brand-ovrigt","7":"product_cat-installation-extraljus","8":"product_cat-stoldskydd-installation","9":"product_cat-installation","11":"first","12":"instock","13":"taxable","14":"shipping-taxable","15":"purchasable","16":"product-type-simple"},"bundled_by":[],"bundle_stock_status":"instock","bundle_stock_quantity":6,"bundle_virtual":false,"bundle_layout":"","bundle_add_to_cart_form_location":"","bundle_editable_in_cart":false,"bundle_sold_individually_context":"","bundle_item_grouping":"","bundle_min_size":"","bundle_max_size":"","bundle_price":[],"bundled_items":[],"bundle_sell_ids":[],"acf":[],"yoast_head":"<!-- This site is optimized with the Yoast SEO plugin v27.0 - https:\/\/yoast.com\/product\/yoast-seo-wordpress\/ -->\n<title>St\u00f6ldskyddsmutter TFIX M8 (2st) - Xenonkungen<\/title>\n<meta name=\"robots\" content=\"index, follow, max-snippet:-1, max-image-preview:large, max-video-preview:-1\" \/>\n<link rel=\"canonical\" href=\"https:\/\/xenonkungen.com\/nl\/product\/antidiefstalmoer-tfix-m8-2-stuks\/\" \/>\n<meta property=\"og:locale\" content=\"nl_NL\" \/>\n<meta property=\"og:type\" content=\"article\" \/>\n<meta property=\"og:title\" content=\"St\u00f6ldskyddsmutter TFIX M8 (2st) - Xenonkungen\" \/>\n<meta property=\"og:description\" content=\"G\u00f6r det riktigt sv\u00e5rt eller om\u00f6jligt att demontera din belysning med bultmutter M8.\" \/>\n<meta property=\"og:url\" content=\"https:\/\/xenonkungen.com\/nl\/product\/antidiefstalmoer-tfix-m8-2-stuks\/\" \/>\n<meta property=\"og:site_name\" content=\"Xenonkungen\" \/>\n<meta property=\"article:modified_time\" content=\"2026-04-10T22:56:44+00:00\" \/>\n<meta property=\"og:image\" content=\"https:\/\/xenonkungen.com\/wp-content\/uploads\/2025\/04\/187834245-origpic-4a0d65.jpg\" \/>\n\t<meta property=\"og:image:width\" content=\"800\" \/>\n\t<meta property=\"og:image:height\" content=\"600\" \/>\n\t<meta property=\"og:image:type\" content=\"image\/jpeg\" \/>\n<meta name=\"twitter:card\" content=\"summary_large_image\" \/>\n<meta name=\"twitter:label1\" content=\"Geschatte leestijd\" \/>\n\t<meta name=\"twitter:data1\" content=\"1 minuut\" \/>\n<script type=\"application\/ld+json\" class=\"yoast-schema-graph\">{\"@context\":\"https:\/\/schema.org\",\"@graph\":[{\"@type\":\"WebPage\",\"@id\":\"https:\/\/xenonkungen.com\/no\/produkt\/tyverisikringsmutter-tfix-m8-2-stk\/\",\"url\":\"https:\/\/xenonkungen.com\/no\/produkt\/tyverisikringsmutter-tfix-m8-2-stk\/\",\"name\":\"St\u00f6ldskyddsmutter TFIX M8 (2st) - Xenonkungen\",\"isPartOf\":{\"@id\":\"https:\/\/xenonkungen.com\/#website\"},\"primaryImageOfPage\":{\"@id\":\"https:\/\/xenonkungen.com\/no\/produkt\/tyverisikringsmutter-tfix-m8-2-stk\/#primaryimage\"},\"image\":{\"@id\":\"https:\/\/xenonkungen.com\/no\/produkt\/tyverisikringsmutter-tfix-m8-2-stk\/#primaryimage\"},\"thumbnailUrl\":\"https:\/\/xenonkungen.com\/wp-content\/uploads\/2025\/04\/187834245-origpic-4a0d65.jpg\",\"datePublished\":\"2025-04-15T08:42:47+00:00\",\"dateModified\":\"2026-04-10T22:56:44+00:00\",\"breadcrumb\":{\"@id\":\"https:\/\/xenonkungen.com\/no\/produkt\/tyverisikringsmutter-tfix-m8-2-stk\/#breadcrumb\"},\"inLanguage\":\"nl-NL\",\"potentialAction\":[{\"@type\":\"ReadAction\",\"target\":[\"https:\/\/xenonkungen.com\/no\/produkt\/tyverisikringsmutter-tfix-m8-2-stk\/\"]}]},{\"@type\":\"ImageObject\",\"inLanguage\":\"nl-NL\",\"@id\":\"https:\/\/xenonkungen.com\/no\/produkt\/tyverisikringsmutter-tfix-m8-2-stk\/#primaryimage\",\"url\":\"https:\/\/xenonkungen.com\/wp-content\/uploads\/2025\/04\/187834245-origpic-4a0d65.jpg\",\"contentUrl\":\"https:\/\/xenonkungen.com\/wp-content\/uploads\/2025\/04\/187834245-origpic-4a0d65.jpg\",\"width\":800,\"height\":600},{\"@type\":\"BreadcrumbList\",\"@id\":\"https:\/\/xenonkungen.com\/no\/produkt\/tyverisikringsmutter-tfix-m8-2-stk\/#breadcrumb\",\"itemListElement\":[{\"@type\":\"ListItem\",\"position\":1,\"name\":\"Hem\",\"item\":\"https:\/\/xenonkungen.com\/\"},{\"@type\":\"ListItem\",\"position\":2,\"name\":\"Shop\",\"item\":\"https:\/\/xenonkungen.com\/shop\/\"},{\"@type\":\"ListItem\",\"position\":3,\"name\":\"St\u00f6ldskyddsmutter TFIX M8 (2st)\"}]},{\"@type\":\"WebSite\",\"@id\":\"https:\/\/xenonkungen.com\/#website\",\"url\":\"https:\/\/xenonkungen.com\/\",\"name\":\"Xenonkungen\",\"description\":\"\",\"potentialAction\":[{\"@type\":\"SearchAction\",\"target\":{\"@type\":\"EntryPoint\",\"urlTemplate\":\"https:\/\/xenonkungen.com\/?s={search_term_string}\"},\"query-input\":{\"@type\":\"PropertyValueSpecification\",\"valueRequired\":true,\"valueName\":\"search_term_string\"}}],\"inLanguage\":\"nl-NL\"}]}<\/script>\n<!-- \/ Yoast SEO plugin. -->","yoast_head_json":{"title":"Diefstalbeveiligingsmoer TFIX M8 (2 stuks) - Xenonkungen","robots":{"index":"index","follow":"follow","max-snippet":"max-snippet:-1","max-image-preview":"max-image-preview:large","max-video-preview":"max-video-preview:-1"},"canonical":"https:\/\/xenonkungen.com\/nl\/product\/antidiefstalmoer-tfix-m8-2-stuks\/","og_locale":"nl_NL","og_type":"article","og_title":"St\u00f6ldskyddsmutter TFIX M8 (2st) - Xenonkungen","og_description":"G\u00f6r det riktigt sv\u00e5rt eller om\u00f6jligt att demontera din belysning med bultmutter M8.","og_url":"https:\/\/xenonkungen.com\/nl\/product\/antidiefstalmoer-tfix-m8-2-stuks\/","og_site_name":"Xenonkungen","article_modified_time":"2026-04-10T22:56:44+00:00","og_image":[{"width":800,"height":600,"url":"https:\/\/xenonkungen.com\/wp-content\/uploads\/2025\/04\/187834245-origpic-4a0d65.jpg","type":"image\/jpeg"}],"twitter_card":"summary_large_image","twitter_misc":{"Geschatte leestijd":"1 minuut"},"schema":{"@context":"https:\/\/schema.org","@graph":[{"@type":"WebPage","@id":"https:\/\/xenonkungen.com\/no\/produkt\/tyverisikringsmutter-tfix-m8-2-stk\/","url":"https:\/\/xenonkungen.com\/no\/produkt\/tyverisikringsmutter-tfix-m8-2-stk\/","name":"Diefstalbeveiligingsmoer TFIX M8 (2 stuks) - Xenonkungen","isPartOf":{"@id":"https:\/\/xenonkungen.com\/#website"},"primaryImageOfPage":{"@id":"https:\/\/xenonkungen.com\/no\/produkt\/tyverisikringsmutter-tfix-m8-2-stk\/#primaryimage"},"image":{"@id":"https:\/\/xenonkungen.com\/no\/produkt\/tyverisikringsmutter-tfix-m8-2-stk\/#primaryimage"},"thumbnailUrl":"https:\/\/xenonkungen.com\/wp-content\/uploads\/2025\/04\/187834245-origpic-4a0d65.jpg","datePublished":"2025-04-15T08:42:47+00:00","dateModified":"2026-04-10T22:56:44+00:00","breadcrumb":{"@id":"https:\/\/xenonkungen.com\/no\/produkt\/tyverisikringsmutter-tfix-m8-2-stk\/#breadcrumb"},"inLanguage":"nl-NL","potentialAction":[{"@type":"ReadAction","target":["https:\/\/xenonkungen.com\/no\/produkt\/tyverisikringsmutter-tfix-m8-2-stk\/"]}]},{"@type":"ImageObject","inLanguage":"nl-NL","@id":"https:\/\/xenonkungen.com\/no\/produkt\/tyverisikringsmutter-tfix-m8-2-stk\/#primaryimage","url":"https:\/\/xenonkungen.com\/wp-content\/uploads\/2025\/04\/187834245-origpic-4a0d65.jpg","contentUrl":"https:\/\/xenonkungen.com\/wp-content\/uploads\/2025\/04\/187834245-origpic-4a0d65.jpg","width":800,"height":600},{"@type":"BreadcrumbList","@id":"https:\/\/xenonkungen.com\/no\/produkt\/tyverisikringsmutter-tfix-m8-2-stk\/#breadcrumb","itemListElement":[{"@type":"ListItem","position":1,"name":"Hem","item":"https:\/\/xenonkungen.com\/"},{"@type":"ListItem","position":2,"name":"Shop","item":"https:\/\/xenonkungen.com\/shop\/"},{"@type":"ListItem","position":3,"name":"St\u00f6ldskyddsmutter TFIX M8 (2st)"}]},{"@type":"WebSite","@id":"https:\/\/xenonkungen.com\/#website","url":"https:\/\/xenonkungen.com\/","name":"Xenonkungen","description":"","potentialAction":[{"@type":"SearchAction","target":{"@type":"EntryPoint","urlTemplate":"https:\/\/xenonkungen.com\/?s={search_term_string}"},"query-input":{"@type":"PropertyValueSpecification","valueRequired":true,"valueName":"search_term_string"}}],"inLanguage":"nl-NL"}]}},"taxonomy_info":{"product_brand":[{"value":2793,"label":"\u00d6VRIGT"}],"product_cat":[{"value":2841,"label":"Installation extraljus"},{"value":2547,"label":"St\u00f6ldskydd"},{"value":390,"label":"Installation"}]},"featured_image_src_large":["https:\/\/xenonkungen.com\/wp-content\/uploads\/2025\/04\/187834245-origpic-4a0d65.jpg",800,600,false],"author_info":[],"comment_info":0,"_links":{"self":[{"href":"https:\/\/xenonkungen.com\/nl\/wp-json\/wp\/v2\/product\/2761","targetHints":{"allow":["GET"]}}],"collection":[{"href":"https:\/\/xenonkungen.com\/nl\/wp-json\/wp\/v2\/product"}],"about":[{"href":"https:\/\/xenonkungen.com\/nl\/wp-json\/wp\/v2\/types\/product"}],"replies":[{"embeddable":true,"href":"https:\/\/xenonkungen.com\/nl\/wp-json\/wp\/v2\/comments?post=2761"}],"wp:featuredmedia":[{"embeddable":true,"href":"https:\/\/xenonkungen.com\/nl\/wp-json\/wp\/v2\/media\/2762"}],"wp:attachment":[{"href":"https:\/\/xenonkungen.com\/nl\/wp-json\/wp\/v2\/media?parent=2761"}],"wp:term":[{"taxonomy":"anvandningsomrade","embeddable":true,"href":"https:\/\/xenonkungen.com\/nl\/wp-json\/wp\/v2\/anvandningsomrade?post=2761"},{"taxonomy":"bilmarken","embeddable":true,"href":"https:\/\/xenonkungen.com\/nl\/wp-json\/wp\/v2\/bilmarken?post=2761"},{"taxonomy":"product_brand","embeddable":true,"href":"https:\/\/xenonkungen.com\/nl\/wp-json\/wp\/v2\/product_brand?post=2761"},{"taxonomy":"product_cat","embeddable":true,"href":"https:\/\/xenonkungen.com\/nl\/wp-json\/wp\/v2\/product_cat?post=2761"},{"taxonomy":"product_tag","embeddable":true,"href":"https:\/\/xenonkungen.com\/nl\/wp-json\/wp\/v2\/product_tag?post=2761"}],"curies":[{"name":"wp","href":"https:\/\/api.w.org\/{rel}","templated":true}]}}