{"id":27690,"date":"2026-03-13T14:59:23","date_gmt":"2026-03-13T13:59:23","guid":{"rendered":"https:\/\/xenonkungen.com\/?post_type=product&#038;p=27690"},"modified":"2026-04-24T17:46:48","modified_gmt":"2026-04-24T16:46:48","slug":"tershine-geurige-spar","status":"publish","type":"product","link":"https:\/\/xenonkungen.com\/nl\/product\/tershine-geurige-spar\/","title":{"rendered":"Tershine geurige spar"},"content":{"rendered":"<p><span data-sheets-root=\"1\">Een stijlvolle en klassieke autoparfum of geurverspreider, verkrijgbaar in vele heerlijke geuren voor in de auto.<\/span><\/p>\n<p>Verkrijgbaar in diverse heerlijke geuren, zoals:<\/p>\n<p>Groene appel<br \/>\nMeloen<br \/>\nAardbei<br \/>\nLimoen<br \/>\nVanille<br \/>\nKauwgom<\/p>\n<p>Het gebruik van onze geurboompjes is eenvoudig: open de plastic verpakking en hang het boompje op met het bijgeleverde touwtje, net als bij een Wunderbaum of een ander geurboompje. Voor het beste resultaat, zorg ervoor dat het oppervlak van het geurboompje nergens tegenaan komt. U kunt de zak eventueel laten zitten en deze geleidelijk openen voor een meer gecontroleerde geurverspreiding.<\/p>\n<p>Onze geurende dennengeur heeft een aangename en langdurige geur die niet permanent in het auto-interieur trekt. Bovendien is de geur volledig vrij van ftalaten en hormoonverstorende stoffen, waardoor deze veilig is voor zowel mens als milieu. De geurende dennengeur is ook niet voorzien van een etiket of gevaarsymbool, waardoor het een bewuste keuze is voor u als autobezitter.<\/p>\n<p>Geef uw auto de geur die hij verdient met onze klassieke geurboom \u2013 een klein detail met een groot verschil!<\/p>","protected":false},"excerpt":{"rendered":"<p>Geurende boompjes voor in de auto, verkrijgbaar in vele heerlijke geuren. Verspreiden een aangename geur in de hele auto zonder in de bekleding te trekken.<\/p>","protected":false},"featured_media":27694,"comment_status":"open","ping_status":"closed","template":"","meta":{"_acf_changed":false,"_smort_price_nok":"","_smort_price_dkk":"","_smort_price_eur":"","_smort_sale_price_nok":"","_smort_sale_price_dkk":"","_smort_sale_price_eur":"","smort_restorder":"","shipmondo_restorder":"","_kad_blocks_custom_css":"","_kad_blocks_head_custom_js":"","_kad_blocks_body_custom_js":"","_kad_blocks_footer_custom_js":"","smort_custom_pricelist_1":"","smort_custom_pricelist_2":"","smort_custom_pricelist_3":"","smort_custom_pricelist_4":"","smort_custom_pricelist_5":""},"anvandningsomrade":[],"bilmarken":[],"product_brand":[2893],"product_cat":[2617,2447,378],"product_tag":[],"class_list":{"0":"post-27690","1":"product","2":"type-product","3":"status-publish","4":"has-post-thumbnail","6":"product_brand-tershine","7":"product_cat-polering","8":"product_cat-doft","9":"product_cat-bilvard","11":"first","12":"instock","13":"taxable","14":"shipping-taxable","15":"purchasable","16":"product-type-variable"},"bundled_by":[],"bundle_stock_status":"instock","bundle_stock_quantity":1,"bundle_virtual":false,"bundle_layout":"","bundle_add_to_cart_form_location":"","bundle_editable_in_cart":false,"bundle_sold_individually_context":"","bundle_item_grouping":"","bundle_min_size":"","bundle_max_size":"","bundle_price":[],"bundled_items":[],"bundle_sell_ids":[],"acf":[],"yoast_head":"<!-- This site is optimized with the Yoast SEO plugin v27.0 - https:\/\/yoast.com\/product\/yoast-seo-wordpress\/ -->\n<title>Tershine Doftgran - Xenonkungen<\/title>\n<meta name=\"robots\" content=\"index, follow, max-snippet:-1, max-image-preview:large, max-video-preview:-1\" \/>\n<link rel=\"canonical\" href=\"https:\/\/xenonkungen.com\/nl\/product\/tershine-geurige-spar\/\" \/>\n<meta property=\"og:locale\" content=\"nl_NL\" \/>\n<meta property=\"og:type\" content=\"article\" \/>\n<meta property=\"og:title\" content=\"Tershine Doftgran - Xenonkungen\" \/>\n<meta property=\"og:description\" content=\"Doftgranar till bilen i massa h\u00e4rliga dofter. Ger en h\u00e4rlig doft i hela bilen utan att tr\u00e4nga in i kl\u00e4dsel osv.\" \/>\n<meta property=\"og:url\" content=\"https:\/\/xenonkungen.com\/nl\/product\/tershine-geurige-spar\/\" \/>\n<meta property=\"og:site_name\" content=\"Xenonkungen\" \/>\n<meta property=\"article:modified_time\" content=\"2026-04-24T16:46:48+00:00\" \/>\n<meta property=\"og:image\" content=\"https:\/\/xenonkungen.com\/wp-content\/uploads\/2026\/03\/rSe8We2sPDWjz6Eb7PRLNj2DLFiiXv9uEzvmUKET.webp\" \/>\n\t<meta property=\"og:image:width\" content=\"1024\" \/>\n\t<meta property=\"og:image:height\" content=\"1024\" \/>\n\t<meta property=\"og:image:type\" content=\"image\/webp\" \/>\n<meta name=\"twitter:card\" content=\"summary_large_image\" \/>\n<meta name=\"twitter:label1\" content=\"Geschatte leestijd\" \/>\n\t<meta name=\"twitter:data1\" content=\"1 minuut\" \/>\n<script type=\"application\/ld+json\" class=\"yoast-schema-graph\">{\"@context\":\"https:\/\/schema.org\",\"@graph\":[{\"@type\":\"WebPage\",\"@id\":\"https:\/\/xenonkungen.com\/produkt\/tershine-doftgran\/\",\"url\":\"https:\/\/xenonkungen.com\/produkt\/tershine-doftgran\/\",\"name\":\"Tershine Doftgran - Xenonkungen\",\"isPartOf\":{\"@id\":\"https:\/\/xenonkungen.com\/#website\"},\"primaryImageOfPage\":{\"@id\":\"https:\/\/xenonkungen.com\/produkt\/tershine-doftgran\/#primaryimage\"},\"image\":{\"@id\":\"https:\/\/xenonkungen.com\/produkt\/tershine-doftgran\/#primaryimage\"},\"thumbnailUrl\":\"https:\/\/xenonkungen.com\/wp-content\/uploads\/2026\/03\/rSe8We2sPDWjz6Eb7PRLNj2DLFiiXv9uEzvmUKET.webp\",\"datePublished\":\"2026-03-13T13:59:23+00:00\",\"dateModified\":\"2026-04-24T16:46:48+00:00\",\"breadcrumb\":{\"@id\":\"https:\/\/xenonkungen.com\/produkt\/tershine-doftgran\/#breadcrumb\"},\"inLanguage\":\"nl-NL\",\"potentialAction\":[{\"@type\":\"ReadAction\",\"target\":[\"https:\/\/xenonkungen.com\/produkt\/tershine-doftgran\/\"]}]},{\"@type\":\"ImageObject\",\"inLanguage\":\"nl-NL\",\"@id\":\"https:\/\/xenonkungen.com\/produkt\/tershine-doftgran\/#primaryimage\",\"url\":\"https:\/\/xenonkungen.com\/wp-content\/uploads\/2026\/03\/rSe8We2sPDWjz6Eb7PRLNj2DLFiiXv9uEzvmUKET.webp\",\"contentUrl\":\"https:\/\/xenonkungen.com\/wp-content\/uploads\/2026\/03\/rSe8We2sPDWjz6Eb7PRLNj2DLFiiXv9uEzvmUKET.webp\",\"width\":1024,\"height\":1024},{\"@type\":\"BreadcrumbList\",\"@id\":\"https:\/\/xenonkungen.com\/produkt\/tershine-doftgran\/#breadcrumb\",\"itemListElement\":[{\"@type\":\"ListItem\",\"position\":1,\"name\":\"Hem\",\"item\":\"https:\/\/xenonkungen.com\/\"},{\"@type\":\"ListItem\",\"position\":2,\"name\":\"Shop\",\"item\":\"https:\/\/xenonkungen.com\/shop\/\"},{\"@type\":\"ListItem\",\"position\":3,\"name\":\"Tershine Doftgran\"}]},{\"@type\":\"WebSite\",\"@id\":\"https:\/\/xenonkungen.com\/#website\",\"url\":\"https:\/\/xenonkungen.com\/\",\"name\":\"Xenonkungen\",\"description\":\"\",\"potentialAction\":[{\"@type\":\"SearchAction\",\"target\":{\"@type\":\"EntryPoint\",\"urlTemplate\":\"https:\/\/xenonkungen.com\/?s={search_term_string}\"},\"query-input\":{\"@type\":\"PropertyValueSpecification\",\"valueRequired\":true,\"valueName\":\"search_term_string\"}}],\"inLanguage\":\"nl-NL\"}]}<\/script>\n<!-- \/ Yoast SEO plugin. -->","yoast_head_json":{"title":"Tershine Geurende Spar - Xenon King","robots":{"index":"index","follow":"follow","max-snippet":"max-snippet:-1","max-image-preview":"max-image-preview:large","max-video-preview":"max-video-preview:-1"},"canonical":"https:\/\/xenonkungen.com\/nl\/product\/tershine-geurige-spar\/","og_locale":"nl_NL","og_type":"article","og_title":"Tershine Doftgran - Xenonkungen","og_description":"Doftgranar till bilen i massa h\u00e4rliga dofter. Ger en h\u00e4rlig doft i hela bilen utan att tr\u00e4nga in i kl\u00e4dsel osv.","og_url":"https:\/\/xenonkungen.com\/nl\/product\/tershine-geurige-spar\/","og_site_name":"Xenonkungen","article_modified_time":"2026-04-24T16:46:48+00:00","og_image":[{"width":1024,"height":1024,"url":"https:\/\/xenonkungen.com\/wp-content\/uploads\/2026\/03\/rSe8We2sPDWjz6Eb7PRLNj2DLFiiXv9uEzvmUKET.webp","type":"image\/webp"}],"twitter_card":"summary_large_image","twitter_misc":{"Geschatte leestijd":"1 minuut"},"schema":{"@context":"https:\/\/schema.org","@graph":[{"@type":"WebPage","@id":"https:\/\/xenonkungen.com\/produkt\/tershine-doftgran\/","url":"https:\/\/xenonkungen.com\/produkt\/tershine-doftgran\/","name":"Tershine Geurende Spar - Xenon King","isPartOf":{"@id":"https:\/\/xenonkungen.com\/#website"},"primaryImageOfPage":{"@id":"https:\/\/xenonkungen.com\/produkt\/tershine-doftgran\/#primaryimage"},"image":{"@id":"https:\/\/xenonkungen.com\/produkt\/tershine-doftgran\/#primaryimage"},"thumbnailUrl":"https:\/\/xenonkungen.com\/wp-content\/uploads\/2026\/03\/rSe8We2sPDWjz6Eb7PRLNj2DLFiiXv9uEzvmUKET.webp","datePublished":"2026-03-13T13:59:23+00:00","dateModified":"2026-04-24T16:46:48+00:00","breadcrumb":{"@id":"https:\/\/xenonkungen.com\/produkt\/tershine-doftgran\/#breadcrumb"},"inLanguage":"nl-NL","potentialAction":[{"@type":"ReadAction","target":["https:\/\/xenonkungen.com\/produkt\/tershine-doftgran\/"]}]},{"@type":"ImageObject","inLanguage":"nl-NL","@id":"https:\/\/xenonkungen.com\/produkt\/tershine-doftgran\/#primaryimage","url":"https:\/\/xenonkungen.com\/wp-content\/uploads\/2026\/03\/rSe8We2sPDWjz6Eb7PRLNj2DLFiiXv9uEzvmUKET.webp","contentUrl":"https:\/\/xenonkungen.com\/wp-content\/uploads\/2026\/03\/rSe8We2sPDWjz6Eb7PRLNj2DLFiiXv9uEzvmUKET.webp","width":1024,"height":1024},{"@type":"BreadcrumbList","@id":"https:\/\/xenonkungen.com\/produkt\/tershine-doftgran\/#breadcrumb","itemListElement":[{"@type":"ListItem","position":1,"name":"Hem","item":"https:\/\/xenonkungen.com\/"},{"@type":"ListItem","position":2,"name":"Shop","item":"https:\/\/xenonkungen.com\/shop\/"},{"@type":"ListItem","position":3,"name":"Tershine Doftgran"}]},{"@type":"WebSite","@id":"https:\/\/xenonkungen.com\/#website","url":"https:\/\/xenonkungen.com\/","name":"Xenonkungen","description":"","potentialAction":[{"@type":"SearchAction","target":{"@type":"EntryPoint","urlTemplate":"https:\/\/xenonkungen.com\/?s={search_term_string}"},"query-input":{"@type":"PropertyValueSpecification","valueRequired":true,"valueName":"search_term_string"}}],"inLanguage":"nl-NL"}]}},"taxonomy_info":{"product_brand":[{"value":2893,"label":"Tershine"}],"product_cat":[{"value":2617,"label":"3 | Polering"},{"value":2447,"label":"Doft"},{"value":378,"label":"Bilv\u00e5rd"}]},"featured_image_src_large":["https:\/\/xenonkungen.com\/wp-content\/uploads\/2026\/03\/rSe8We2sPDWjz6Eb7PRLNj2DLFiiXv9uEzvmUKET.webp",1024,1024,false],"author_info":[],"comment_info":0,"_links":{"self":[{"href":"https:\/\/xenonkungen.com\/nl\/wp-json\/wp\/v2\/product\/27690","targetHints":{"allow":["GET"]}}],"collection":[{"href":"https:\/\/xenonkungen.com\/nl\/wp-json\/wp\/v2\/product"}],"about":[{"href":"https:\/\/xenonkungen.com\/nl\/wp-json\/wp\/v2\/types\/product"}],"replies":[{"embeddable":true,"href":"https:\/\/xenonkungen.com\/nl\/wp-json\/wp\/v2\/comments?post=27690"}],"wp:featuredmedia":[{"embeddable":true,"href":"https:\/\/xenonkungen.com\/nl\/wp-json\/wp\/v2\/media\/27694"}],"wp:attachment":[{"href":"https:\/\/xenonkungen.com\/nl\/wp-json\/wp\/v2\/media?parent=27690"}],"wp:term":[{"taxonomy":"anvandningsomrade","embeddable":true,"href":"https:\/\/xenonkungen.com\/nl\/wp-json\/wp\/v2\/anvandningsomrade?post=27690"},{"taxonomy":"bilmarken","embeddable":true,"href":"https:\/\/xenonkungen.com\/nl\/wp-json\/wp\/v2\/bilmarken?post=27690"},{"taxonomy":"product_brand","embeddable":true,"href":"https:\/\/xenonkungen.com\/nl\/wp-json\/wp\/v2\/product_brand?post=27690"},{"taxonomy":"product_cat","embeddable":true,"href":"https:\/\/xenonkungen.com\/nl\/wp-json\/wp\/v2\/product_cat?post=27690"},{"taxonomy":"product_tag","embeddable":true,"href":"https:\/\/xenonkungen.com\/nl\/wp-json\/wp\/v2\/product_tag?post=27690"}],"curies":[{"name":"wp","href":"https:\/\/api.w.org\/{rel}","templated":true}]}}