{"id":27709,"date":"2026-03-13T15:09:58","date_gmt":"2026-03-13T14:09:58","guid":{"rendered":"https:\/\/xenonkungen.com\/?post_type=product&#038;p=27709"},"modified":"2026-05-11T10:37:08","modified_gmt":"2026-05-11T09:37:08","slug":"tershine-amplify-wet-coat-500-ml","status":"publish","type":"product","link":"https:\/\/xenonkungen.com\/nl\/product\/tershine-amplify-wet-coat-500-ml\/","title":{"rendered":"Tershine Amplify \u2013 Wet Coat 500 ml"},"content":{"rendered":"<p>Bescherm de lak van uw voertuig in een handomdraai: spray op een nat oppervlak en spoel af! Uiterst eenvoudig in gebruik en werkt op vrijwel alle soorten oppervlakken, zoals lak, kunststof en glas!<\/p>\n<p><strong>Zorgt voor een enorme afvoer en veel glans.<br \/>\nVerdunbaar<br \/>\nUiterst eenvoudig aan te brengen.<br \/>\nWerkt op alle ondergronden en voertuigen.<br \/>\nLange houdbaarheid<br \/>\nHet product is niet geclassificeerd als een product waarvoor etikettering vereist is volgens de CLP-verordening (EG) 1272\/2008.<br \/>\nDe oppervlakteactieve stof(fen) in dit preparaat voldoen aan de criteria voor biologische afbreekbaarheid van de EU-verordening (EG) nr. 648\/2004 betreffende detergenten.<\/p>\n<p><\/strong><\/p>\n<p><strong>Hoe Amplify te gebruiken \u2013 Natte Coat\u00a0<\/strong><\/p>\n<p><strong>1.\u00a0<\/strong>Was het voertuig volgens alle stappen en vermijd shampoos die veel water afgeven, zoals Purify S+ enz. (dat kan te veel van het goede zijn!). Natuurlijk kun je Amplify wel gebruiken, maar verdun het dan voor de zekerheid met water.\u00a0<strong><br \/>\n2.\u00a0<\/strong>Spuiten op een nat oppervlak<strong><br \/>\n3.\u00a0<\/strong>Spoel grondig af.<strong><br \/>\n4.\u00a0<\/strong>Droog af met een microvezeldoek naar keuze.<strong><br \/>\n5.\u00a0<\/strong>Ja, we weten het, het is volkomen waanzinnig!<\/p>\n<p><strong>Wat is Amplify \u2013 Wet Coat?<\/strong><\/p>\n<p>Amplify \u2013 Wet Coat is een keramische natte coating die de gemakkelijkste manier is om lakbescherming en glans in een handomdraai te verkrijgen.<\/p>\n<p>Zeer eenvoudig in gebruik en zorgt voor fantastische drainage, glans en bescherming zonder poespas. Werkt even goed op folie, lakbescherming, matte lakken, kunststof, glas en velgen. Kan tot 1:10 verdund worden (betaalbaar!).<\/p>\n<p>Ruikt fantastisch naar exotisch fruit, denk aan Fanta Exotic (ongeveer). Werkt op bijna alle materialen zoals verf, glas, plastic, gelcoat, aluminium, rubber, enz. Houd er rekening mee dat het product erg dik is, dus je hebt maar een klein beetje nodig. Ontdek wat je prettig vindt en test het gerust eerst op een klein stukje voordat je het product goed leert kennen. Zoals altijd bij onze producten geldt: less is more!<\/p>\n<p>Kan tot 1:10 met water worden verdund, maar experimenteer gerust met de verhouding die u het beste vindt. Het hangt er vooral vanaf hoe goed de basislaag is. Als u bijvoorbeeld al onze beschermende producten zoals Magnify Coating of Refract Ceramic spray paint protection hebt aangebracht, dan is verdunnen met water geen probleem. Het product is echter bedoeld om onverdund te worden gebruikt, dus experimenteer gerust met de verhouding die u het beste vindt. Vermijd direct zonlicht en harde wind tijdens gebruik.<\/p>\n<p><strong>Tip<\/strong>Zorg ervoor dat het oppervlak koel en grondig schoon is (spoel het goed af). Begin altijd met \u00e9\u00e9n of twee panelen en spoel ze vervolgens af, zodat u weet hoe het product in uw specifieke omgeving werkt. Onthoud dat het product zeer krachtig is, dus minder is meer. Vermijd direct zonlicht en wind.<\/p>\n<p>Mocht er, tegen alle verwachtingen in, toch vlam ontstaan, wrijf deze dan weg tijdens het drogen van de auto met de microvezeldoek. Als de vlam al is opgedroogd, kunt u het beste een vochtige doek en Apex+ \u2013 Gloss Booster gebruiken! Als dat niet werkt, kunt u Dissolve \u2013 Cold Degreasing of Prime \u2013 Panel Wipe aanbrengen met een spons en de vlam zal verdwijnen.<\/p>\n<p>Houd er rekening mee dat wind en warmte de uithardingstijd versnellen als u buiten bent. Als u nog niet zo bekend bent met het product, kunt u gerust \u00e9\u00e9n of twee panelen tegelijk gebruiken en deze vervolgens afspoelen onder de douche.<\/p>\n<p>Vermijd Purify S+ of andere shampoos met &quot;lakbescherming\/afvoer&quot; v\u00f3\u00f3r gebruik. Het werkt meestal wel, maar kan soms iets te veel van het goede zijn! De eerste paar keer dat u het probeert, kunt u het beste beginnen met \u00e9\u00e9n paneel tegelijk of het een beetje verdunnen totdat u tevreden bent.<\/p>","protected":false},"excerpt":{"rendered":"<p>Keramische lakbescherming in spuitbusvorm \/ Wet Coat die in slechts enkele seconden een waterafstotend oppervlak en een fantastische glans cre\u00ebert. Spuit op een schoon en nat oppervlak, wacht een paar seconden en spoel af!<\/p>","protected":false},"featured_media":27710,"comment_status":"open","ping_status":"closed","template":"","meta":{"_acf_changed":false,"_smort_price_nok":"","_smort_price_dkk":"","_smort_price_eur":"","_smort_sale_price_nok":"","_smort_sale_price_dkk":"","_smort_sale_price_eur":"","smort_restorder":"","shipmondo_restorder":"","_kad_blocks_custom_css":"","_kad_blocks_head_custom_js":"","_kad_blocks_body_custom_js":"","_kad_blocks_footer_custom_js":"","smort_custom_pricelist_1":"127.36","smort_custom_pricelist_2":"127.36","smort_custom_pricelist_3":"127.36","smort_custom_pricelist_4":"159.2","smort_custom_pricelist_5":"127.36"},"anvandningsomrade":[],"bilmarken":[],"product_brand":[2893],"product_cat":[2989,2614,378],"product_tag":[],"class_list":{"0":"post-27709","1":"product","2":"type-product","3":"status-publish","4":"has-post-thumbnail","6":"product_brand-tershine","7":"product_cat-avfettning","8":"product_cat-lackskydd","9":"product_cat-bilvard","11":"first","12":"instock","13":"taxable","14":"shipping-taxable","15":"purchasable","16":"product-type-simple"},"bundled_by":[],"bundle_stock_status":"instock","bundle_stock_quantity":6,"bundle_virtual":false,"bundle_layout":"","bundle_add_to_cart_form_location":"","bundle_editable_in_cart":false,"bundle_sold_individually_context":"","bundle_item_grouping":"","bundle_min_size":"","bundle_max_size":"","bundle_price":[],"bundled_items":[],"bundle_sell_ids":[],"acf":[],"yoast_head":"<!-- This site is optimized with the Yoast SEO plugin v27.0 - https:\/\/yoast.com\/product\/yoast-seo-wordpress\/ -->\n<title>Tershine Amplify - Wet Coat 500 ml - Xenonkungen<\/title>\n<meta name=\"robots\" content=\"index, follow, max-snippet:-1, max-image-preview:large, max-video-preview:-1\" \/>\n<link rel=\"canonical\" href=\"https:\/\/xenonkungen.com\/nl\/product\/tershine-amplify-wet-coat-500-ml\/\" \/>\n<meta property=\"og:locale\" content=\"nl_NL\" \/>\n<meta property=\"og:type\" content=\"article\" \/>\n<meta property=\"og:title\" content=\"Tershine Amplify - Wet Coat 500 ml - Xenonkungen\" \/>\n<meta property=\"og:description\" content=\"Keramiskt spraylackskydd \/ Wet Coat som ger en vattenavvisande yta och fantastisk glans p\u00e5 bara n\u00e5gra sekunder. Spraya p\u00e5 ren och v\u00e5t yta, v\u00e4nta n\u00e5gra sekunder - och spola av!\" \/>\n<meta property=\"og:url\" content=\"https:\/\/xenonkungen.com\/nl\/product\/tershine-amplify-wet-coat-500-ml\/\" \/>\n<meta property=\"og:site_name\" content=\"Xenonkungen\" \/>\n<meta property=\"article:modified_time\" content=\"2026-05-11T09:37:08+00:00\" \/>\n<meta property=\"og:image\" content=\"https:\/\/xenonkungen.com\/wp-content\/uploads\/2026\/03\/LzyWVCupLRI2VzAMDWpr0mEzylC9m5F9LnrLD8RC.webp\" \/>\n\t<meta property=\"og:image:width\" content=\"1024\" \/>\n\t<meta property=\"og:image:height\" content=\"1024\" \/>\n\t<meta property=\"og:image:type\" content=\"image\/webp\" \/>\n<meta name=\"twitter:card\" content=\"summary_large_image\" \/>\n<meta name=\"twitter:label1\" content=\"Geschatte leestijd\" \/>\n\t<meta name=\"twitter:data1\" content=\"3 minuten\" \/>\n<script type=\"application\/ld+json\" class=\"yoast-schema-graph\">{\"@context\":\"https:\/\/schema.org\",\"@graph\":[{\"@type\":\"WebPage\",\"@id\":\"https:\/\/xenonkungen.com\/produkt\/tershine-amplify-wet-coat-500-ml\/\",\"url\":\"https:\/\/xenonkungen.com\/produkt\/tershine-amplify-wet-coat-500-ml\/\",\"name\":\"Tershine Amplify - Wet Coat 500 ml - Xenonkungen\",\"isPartOf\":{\"@id\":\"https:\/\/xenonkungen.com\/#website\"},\"primaryImageOfPage\":{\"@id\":\"https:\/\/xenonkungen.com\/produkt\/tershine-amplify-wet-coat-500-ml\/#primaryimage\"},\"image\":{\"@id\":\"https:\/\/xenonkungen.com\/produkt\/tershine-amplify-wet-coat-500-ml\/#primaryimage\"},\"thumbnailUrl\":\"https:\/\/xenonkungen.com\/wp-content\/uploads\/2026\/03\/LzyWVCupLRI2VzAMDWpr0mEzylC9m5F9LnrLD8RC.webp\",\"datePublished\":\"2026-03-13T14:09:58+00:00\",\"dateModified\":\"2026-05-11T09:37:08+00:00\",\"breadcrumb\":{\"@id\":\"https:\/\/xenonkungen.com\/produkt\/tershine-amplify-wet-coat-500-ml\/#breadcrumb\"},\"inLanguage\":\"nl-NL\",\"potentialAction\":[{\"@type\":\"ReadAction\",\"target\":[\"https:\/\/xenonkungen.com\/produkt\/tershine-amplify-wet-coat-500-ml\/\"]}]},{\"@type\":\"ImageObject\",\"inLanguage\":\"nl-NL\",\"@id\":\"https:\/\/xenonkungen.com\/produkt\/tershine-amplify-wet-coat-500-ml\/#primaryimage\",\"url\":\"https:\/\/xenonkungen.com\/wp-content\/uploads\/2026\/03\/LzyWVCupLRI2VzAMDWpr0mEzylC9m5F9LnrLD8RC.webp\",\"contentUrl\":\"https:\/\/xenonkungen.com\/wp-content\/uploads\/2026\/03\/LzyWVCupLRI2VzAMDWpr0mEzylC9m5F9LnrLD8RC.webp\",\"width\":1024,\"height\":1024},{\"@type\":\"BreadcrumbList\",\"@id\":\"https:\/\/xenonkungen.com\/produkt\/tershine-amplify-wet-coat-500-ml\/#breadcrumb\",\"itemListElement\":[{\"@type\":\"ListItem\",\"position\":1,\"name\":\"Hem\",\"item\":\"https:\/\/xenonkungen.com\/\"},{\"@type\":\"ListItem\",\"position\":2,\"name\":\"Shop\",\"item\":\"https:\/\/xenonkungen.com\/shop\/\"},{\"@type\":\"ListItem\",\"position\":3,\"name\":\"Tershine Amplify &#8211; Wet Coat 500 ml\"}]},{\"@type\":\"WebSite\",\"@id\":\"https:\/\/xenonkungen.com\/#website\",\"url\":\"https:\/\/xenonkungen.com\/\",\"name\":\"Xenonkungen\",\"description\":\"\",\"potentialAction\":[{\"@type\":\"SearchAction\",\"target\":{\"@type\":\"EntryPoint\",\"urlTemplate\":\"https:\/\/xenonkungen.com\/?s={search_term_string}\"},\"query-input\":{\"@type\":\"PropertyValueSpecification\",\"valueRequired\":true,\"valueName\":\"search_term_string\"}}],\"inLanguage\":\"nl-NL\"}]}<\/script>\n<!-- \/ Yoast SEO plugin. -->","yoast_head_json":{"title":"Tershine Amplify - Wet Coat 500 ml - De Xenon Koning","robots":{"index":"index","follow":"follow","max-snippet":"max-snippet:-1","max-image-preview":"max-image-preview:large","max-video-preview":"max-video-preview:-1"},"canonical":"https:\/\/xenonkungen.com\/nl\/product\/tershine-amplify-wet-coat-500-ml\/","og_locale":"nl_NL","og_type":"article","og_title":"Tershine Amplify - Wet Coat 500 ml - Xenonkungen","og_description":"Keramiskt spraylackskydd \/ Wet Coat som ger en vattenavvisande yta och fantastisk glans p\u00e5 bara n\u00e5gra sekunder. Spraya p\u00e5 ren och v\u00e5t yta, v\u00e4nta n\u00e5gra sekunder - och spola av!","og_url":"https:\/\/xenonkungen.com\/nl\/product\/tershine-amplify-wet-coat-500-ml\/","og_site_name":"Xenonkungen","article_modified_time":"2026-05-11T09:37:08+00:00","og_image":[{"width":1024,"height":1024,"url":"https:\/\/xenonkungen.com\/wp-content\/uploads\/2026\/03\/LzyWVCupLRI2VzAMDWpr0mEzylC9m5F9LnrLD8RC.webp","type":"image\/webp"}],"twitter_card":"summary_large_image","twitter_misc":{"Geschatte leestijd":"3 minuten"},"schema":{"@context":"https:\/\/schema.org","@graph":[{"@type":"WebPage","@id":"https:\/\/xenonkungen.com\/produkt\/tershine-amplify-wet-coat-500-ml\/","url":"https:\/\/xenonkungen.com\/produkt\/tershine-amplify-wet-coat-500-ml\/","name":"Tershine Amplify - Wet Coat 500 ml - De Xenon Koning","isPartOf":{"@id":"https:\/\/xenonkungen.com\/#website"},"primaryImageOfPage":{"@id":"https:\/\/xenonkungen.com\/produkt\/tershine-amplify-wet-coat-500-ml\/#primaryimage"},"image":{"@id":"https:\/\/xenonkungen.com\/produkt\/tershine-amplify-wet-coat-500-ml\/#primaryimage"},"thumbnailUrl":"https:\/\/xenonkungen.com\/wp-content\/uploads\/2026\/03\/LzyWVCupLRI2VzAMDWpr0mEzylC9m5F9LnrLD8RC.webp","datePublished":"2026-03-13T14:09:58+00:00","dateModified":"2026-05-11T09:37:08+00:00","breadcrumb":{"@id":"https:\/\/xenonkungen.com\/produkt\/tershine-amplify-wet-coat-500-ml\/#breadcrumb"},"inLanguage":"nl-NL","potentialAction":[{"@type":"ReadAction","target":["https:\/\/xenonkungen.com\/produkt\/tershine-amplify-wet-coat-500-ml\/"]}]},{"@type":"ImageObject","inLanguage":"nl-NL","@id":"https:\/\/xenonkungen.com\/produkt\/tershine-amplify-wet-coat-500-ml\/#primaryimage","url":"https:\/\/xenonkungen.com\/wp-content\/uploads\/2026\/03\/LzyWVCupLRI2VzAMDWpr0mEzylC9m5F9LnrLD8RC.webp","contentUrl":"https:\/\/xenonkungen.com\/wp-content\/uploads\/2026\/03\/LzyWVCupLRI2VzAMDWpr0mEzylC9m5F9LnrLD8RC.webp","width":1024,"height":1024},{"@type":"BreadcrumbList","@id":"https:\/\/xenonkungen.com\/produkt\/tershine-amplify-wet-coat-500-ml\/#breadcrumb","itemListElement":[{"@type":"ListItem","position":1,"name":"Hem","item":"https:\/\/xenonkungen.com\/"},{"@type":"ListItem","position":2,"name":"Shop","item":"https:\/\/xenonkungen.com\/shop\/"},{"@type":"ListItem","position":3,"name":"Tershine Amplify &#8211; Wet Coat 500 ml"}]},{"@type":"WebSite","@id":"https:\/\/xenonkungen.com\/#website","url":"https:\/\/xenonkungen.com\/","name":"Xenonkungen","description":"","potentialAction":[{"@type":"SearchAction","target":{"@type":"EntryPoint","urlTemplate":"https:\/\/xenonkungen.com\/?s={search_term_string}"},"query-input":{"@type":"PropertyValueSpecification","valueRequired":true,"valueName":"search_term_string"}}],"inLanguage":"nl-NL"}]}},"taxonomy_info":{"product_brand":[{"value":2893,"label":"Tershine"}],"product_cat":[{"value":2989,"label":"2 | Avfettning"},{"value":2614,"label":"4 | Bilvax &amp; Lackskydd"},{"value":378,"label":"Bilv\u00e5rd"}]},"featured_image_src_large":["https:\/\/xenonkungen.com\/wp-content\/uploads\/2026\/03\/LzyWVCupLRI2VzAMDWpr0mEzylC9m5F9LnrLD8RC.webp",1024,1024,false],"author_info":[],"comment_info":0,"_links":{"self":[{"href":"https:\/\/xenonkungen.com\/nl\/wp-json\/wp\/v2\/product\/27709","targetHints":{"allow":["GET"]}}],"collection":[{"href":"https:\/\/xenonkungen.com\/nl\/wp-json\/wp\/v2\/product"}],"about":[{"href":"https:\/\/xenonkungen.com\/nl\/wp-json\/wp\/v2\/types\/product"}],"replies":[{"embeddable":true,"href":"https:\/\/xenonkungen.com\/nl\/wp-json\/wp\/v2\/comments?post=27709"}],"wp:featuredmedia":[{"embeddable":true,"href":"https:\/\/xenonkungen.com\/nl\/wp-json\/wp\/v2\/media\/27710"}],"wp:attachment":[{"href":"https:\/\/xenonkungen.com\/nl\/wp-json\/wp\/v2\/media?parent=27709"}],"wp:term":[{"taxonomy":"anvandningsomrade","embeddable":true,"href":"https:\/\/xenonkungen.com\/nl\/wp-json\/wp\/v2\/anvandningsomrade?post=27709"},{"taxonomy":"bilmarken","embeddable":true,"href":"https:\/\/xenonkungen.com\/nl\/wp-json\/wp\/v2\/bilmarken?post=27709"},{"taxonomy":"product_brand","embeddable":true,"href":"https:\/\/xenonkungen.com\/nl\/wp-json\/wp\/v2\/product_brand?post=27709"},{"taxonomy":"product_cat","embeddable":true,"href":"https:\/\/xenonkungen.com\/nl\/wp-json\/wp\/v2\/product_cat?post=27709"},{"taxonomy":"product_tag","embeddable":true,"href":"https:\/\/xenonkungen.com\/nl\/wp-json\/wp\/v2\/product_tag?post=27709"}],"curies":[{"name":"wp","href":"https:\/\/api.w.org\/{rel}","templated":true}]}}