{"id":27714,"date":"2026-03-13T15:28:28","date_gmt":"2026-03-13T14:28:28","guid":{"rendered":"https:\/\/xenonkungen.com\/?post_type=product&#038;p=27714"},"modified":"2026-04-24T17:46:59","modified_gmt":"2026-04-24T16:46:59","slug":"tershine-apc-allesreiniger-500-ml","status":"publish","type":"product","link":"https:\/\/xenonkungen.com\/nl\/product\/tershine-apc-allesreiniger-500-ml\/","title":{"rendered":"Tershine APC \u2013 Allesreiniger 500 ml"},"content":{"rendered":"<p style=\"box-sizing: inherit; scroll-behavior: smooth; margin: 0px 0px 1em; padding: 0px; color: #171717; font-family: Manrope, serif;\"><span style=\"box-sizing: border-box; scroll-behavior: smooth; font-style: inherit; font-weight: inherit;\">APC is een zeer effectieve, plantaardige allesreiniger die verkrijgbaar is in verschillende heerlijke geuren.<\/span><span style=\"box-sizing: border-box; scroll-behavior: smooth; color: #363636; font-weight: bold;\"><br style=\"box-sizing: inherit; scroll-behavior: smooth;\" \/><br style=\"box-sizing: inherit; scroll-behavior: smooth;\" \/><span style=\"box-sizing: inherit; scroll-behavior: smooth;\">Meervoudige reiniging tegen de meeste soorten vuil.<br style=\"box-sizing: inherit; scroll-behavior: smooth;\" \/>Perfect voor auto-interieurs, keukens, badkamers, leer en textiel.\u00a0\u00a0<br style=\"box-sizing: inherit; scroll-behavior: smooth;\" \/>Verdunbaar!<br style=\"box-sizing: inherit; scroll-behavior: smooth;\" \/>Laat geen vervelende resten achter<br style=\"box-sizing: inherit; scroll-behavior: smooth;\" \/>De geurblokkerende functie elimineert ongewenste geuren.<br style=\"box-sizing: inherit; scroll-behavior: smooth;\" \/>Plantaardige grondstoffen<\/span><\/span><span style=\"box-sizing: border-box; scroll-behavior: smooth; color: #363636; font-weight: bold;\"><span style=\"box-sizing: inherit; scroll-behavior: smooth;\"><br style=\"box-sizing: inherit; scroll-behavior: smooth;\" \/>Het product is niet geclassificeerd als een product waarvoor etikettering vereist is volgens de CLP-verordening (EG) 1272\/2008.<br style=\"box-sizing: inherit; scroll-behavior: smooth;\" \/><br style=\"box-sizing: inherit; scroll-behavior: smooth;\" \/><\/span><br style=\"box-sizing: inherit; scroll-behavior: smooth;\" \/>Waarvoor wordt APC \u2013 All-purpose cleaning \u2013 gebruikt?<br style=\"box-sizing: inherit; scroll-behavior: smooth;\" \/><br style=\"box-sizing: inherit; scroll-behavior: smooth;\" \/><\/span><span style=\"box-sizing: border-box; scroll-behavior: smooth; font-style: inherit; font-weight: inherit;\">Het interieur van alle soorten voertuigen<\/span><span style=\"box-sizing: border-box; scroll-behavior: smooth; font-style: inherit; font-weight: inherit;\"><br style=\"box-sizing: inherit; scroll-behavior: smooth;\" \/>Leer, textiel en alcantara<\/span><span style=\"box-sizing: border-box; scroll-behavior: smooth; font-style: inherit; font-weight: inherit;\"><br style=\"box-sizing: inherit; scroll-behavior: smooth;\" \/>Kunststof en rubber<\/span><span style=\"box-sizing: border-box; scroll-behavior: smooth; font-style: inherit; font-weight: inherit;\"><br style=\"box-sizing: inherit; scroll-behavior: smooth;\" \/>Keuken en badkamer<\/span><span style=\"box-sizing: border-box; scroll-behavior: smooth; font-style: inherit; font-weight: inherit;\"><br style=\"box-sizing: inherit; scroll-behavior: smooth;\" \/>Meeldauw<\/span><span style=\"box-sizing: border-box; scroll-behavior: smooth; font-style: inherit; font-weight: inherit;\"><br style=\"box-sizing: inherit; scroll-behavior: smooth;\" \/>Stinkende oppervlakken of gemorste vloeistoffen<\/span><span style=\"box-sizing: border-box; scroll-behavior: smooth; font-style: inherit; font-weight: inherit;\"><br style=\"box-sizing: inherit; scroll-behavior: smooth;\" \/>Werkt op vrijwel alles.<\/span><span style=\"box-sizing: border-box; scroll-behavior: smooth; color: #363636; font-weight: bold;\"><br style=\"box-sizing: inherit; scroll-behavior: smooth;\" \/><br style=\"box-sizing: inherit; scroll-behavior: smooth;\" \/>Hoe APC te gebruiken \u2013 Allesreiniger<\/span><span style=\"box-sizing: border-box; scroll-behavior: smooth; color: #363636; font-weight: bold;\"><br style=\"box-sizing: inherit; scroll-behavior: smooth;\" \/><br style=\"box-sizing: inherit; scroll-behavior: smooth;\" \/>1.\u00a0<\/span><span style=\"box-sizing: border-box; scroll-behavior: smooth; font-style: inherit; font-weight: inherit;\">Douche op een willekeurige ondergrond (of in een doek).<\/span><br style=\"box-sizing: border-box; scroll-behavior: smooth;\" \/><span style=\"box-sizing: border-box; scroll-behavior: smooth; color: #363636; font-weight: bold;\">2.\u00a0<\/span><span style=\"box-sizing: border-box; scroll-behavior: smooth; font-style: inherit; font-weight: inherit;\">Gebruik een borstel om het oppervlak op te ruwen als het erg vuil is.<\/span><br style=\"box-sizing: border-box; scroll-behavior: smooth;\" \/><span style=\"box-sizing: border-box; scroll-behavior: smooth; color: #363636; font-weight: bold;\">3.\u00a0<\/span><span style=\"box-sizing: border-box; scroll-behavior: smooth; font-style: inherit; font-weight: inherit;\">Veeg af met een microvezeldoek.<\/span><br style=\"box-sizing: border-box; scroll-behavior: smooth;\" \/><span style=\"box-sizing: border-box; scroll-behavior: smooth; color: #363636; font-weight: bold;\">4.\u00a0<\/span><span style=\"box-sizing: border-box; scroll-behavior: smooth; font-style: inherit; font-weight: inherit;\">Ja, ik weet het, supermakkelijk in gebruik!<\/span><br style=\"box-sizing: inherit; scroll-behavior: smooth;\" \/><br style=\"box-sizing: inherit; scroll-behavior: smooth;\" \/>APC \u2013 All-purpose cleaner is een zeer effectieve, plantaardige allesreiniger die gebruikt werd voor het interieur van de auto, maar net zo goed werkt voor de keuken, douche, badkamer, boot of eigenlijk overal!<br style=\"box-sizing: inherit; scroll-behavior: smooth;\" \/>Volledig veilig voor materialen zoals textiel, leer, Alcantara, plastic, rubber, enz. Reinigt in \u00e9\u00e9n keer en laat geen vervelende resten achter.<br style=\"box-sizing: inherit; scroll-behavior: smooth;\" \/><br style=\"box-sizing: inherit; scroll-behavior: smooth;\" \/>Bevat een fantastische geurverwijderende functie, blokkeert en neutraliseert nare geuren, maar houdt de ruimte fris. Verkrijgbaar in de geuren: limoen, groene appel, viooltje, meloen, bergamot, eucalyptus of cederhout. Volledig vrij van gevaarlijke stoffen (waarschuwingssymbolen op de achterkant) en natuurlijk geen hormoonverstorende stoffen, die vaker voorkomen dan je denkt in allesreinigers op de markt.<br style=\"box-sizing: inherit; scroll-behavior: smooth;\" \/><br style=\"box-sizing: inherit; scroll-behavior: smooth;\" \/>Je kunt het gemakkelijk verdunnen als je dat wilt. Probeer het eens uit om te zien wat je het beste vindt, maar houd er rekening mee dat hoe meer je het verdunt, hoe minder goed het geurwerende effect zal zijn! Een verhouding tussen 1:1 en 1:25 is echter aan te raden, afhankelijk van de mate van vervuiling. Verkrijgbaar in verpakkingen van 500 ml en 5 liter.<br style=\"box-sizing: inherit; scroll-behavior: smooth;\" \/><br style=\"box-sizing: inherit; scroll-behavior: smooth;\" \/>Wil je de geurblokkerende functie nog wat extra versterken? Spuit dan de vloerbedekking in de auto in en gebruik de recirculatiestand van de ventilator (zodat de lucht door de kanalen, filters, enz. circuleert). Veeg de vloerbedekking vervolgens af en geniet van de frisse geur.<br style=\"box-sizing: inherit; scroll-behavior: smooth;\" \/><br style=\"box-sizing: inherit; scroll-behavior: smooth;\" \/>Denk eraan om niet te veel druk uit te oefenen met de doek als je een versleten interieur schoonmaakt. Wees voorzichtig en gebruik een borstel of iets dergelijks om het vuil te verwijderen! En natuurlijk niet in direct zonlicht.<span style=\"box-sizing: border-box; scroll-behavior: smooth; font-style: inherit; font-weight: inherit;\"><br style=\"box-sizing: inherit; scroll-behavior: smooth;\" \/><span style=\"box-sizing: inherit; scroll-behavior: smooth; color: #363636; font-weight: bold;\"><br style=\"box-sizing: inherit; scroll-behavior: smooth;\" \/>Het werkt natuurlijk ook prima thuis!<\/span><\/span><span style=\"box-sizing: inherit; scroll-behavior: smooth; color: #363636; font-weight: bold;\"><br style=\"box-sizing: inherit; scroll-behavior: smooth;\" \/><\/span><em style=\"box-sizing: inherit; scroll-behavior: smooth;\"><br style=\"box-sizing: inherit; scroll-behavior: smooth;\" \/><\/em>Bewaar vorstvrij<br style=\"box-sizing: inherit; scroll-behavior: smooth;\" \/><br style=\"box-sizing: inherit; scroll-behavior: smooth;\" \/><span style=\"box-sizing: inherit; scroll-behavior: smooth; color: #363636; font-weight: bold;\">Productinformatie en gebruiksaanwijzing<\/span><br style=\"box-sizing: inherit; scroll-behavior: smooth;\" \/><br style=\"box-sizing: inherit; scroll-behavior: smooth;\" \/>APC All-Purpose Cleaner is een zeer effectieve, plantaardige allesreiniger die speciaal is ontwikkeld voor het reinigen van het interieur van de auto, maar ook uitstekend werkt in de keuken, douche, badkamer, boot of andere oppervlakken. De reiniger is veilig te gebruiken op materialen zoals textiel, leer, Alcantara, plastic, rubber en meer. APC Interior Cleaner laat geen vervelende resten achter en heeft een fantastische geurverwijderende werking die nare geuren blokkeert en neutraliseert. De reiniger is verkrijgbaar in de volgende geuren: limoen, groene appel, viooltje, meloen, bergamot, eucalyptus of cederhout.<\/p>\n<h2 style=\"box-sizing: inherit; scroll-behavior: smooth; margin: 1.1428em 0px clamp(1.5rem, 1.178rem + 1.322vw, 2.5rem); padding: 0px; font-size: 30.0265px; font-weight: 500; font-family: Manrope, serif; color: #363636; line-height: 33.0292px;\">Voordelen van APC Allesreiniger<br style=\"box-sizing: inherit; scroll-behavior: smooth;\" \/><br style=\"box-sizing: inherit; scroll-behavior: smooth;\" \/><\/h2>\n<ul style=\"box-sizing: inherit; scroll-behavior: smooth; margin: 1em 0px 1em 2em; padding: 0px; list-style-position: outside; list-style-image: initial; color: #171717; font-family: Manrope, serif;\">\n<li style=\"box-sizing: inherit; scroll-behavior: smooth; margin: 0px; padding: 0px;\">\n<p style=\"box-sizing: inherit; scroll-behavior: smooth; margin: 0px 0px 20px; padding: 0px;\">Zeer effici\u00ebnt in het reinigen van het interieur van het voertuig en andere oppervlakken.<\/p>\n<\/li>\n<li style=\"box-sizing: inherit; scroll-behavior: smooth; margin: unset; padding: 0px;\">\n<p style=\"box-sizing: inherit; scroll-behavior: smooth; margin: 0px 0px 20px; padding: 0px;\">Veilig te gebruiken op materialen zoals textiel, leer, Alcantara, plastic, rubber en meer.<\/p>\n<\/li>\n<li style=\"box-sizing: inherit; scroll-behavior: smooth; margin: unset; padding: 0px;\">\n<p style=\"box-sizing: inherit; scroll-behavior: smooth; margin: 0px 0px 20px; padding: 0px;\">Laat geen vervelende resten achter<\/p>\n<\/li>\n<li style=\"box-sizing: inherit; scroll-behavior: smooth; margin: unset; padding: 0px;\">\n<p style=\"box-sizing: inherit; scroll-behavior: smooth; margin: 0px 0px 20px; padding: 0px;\">Bevat een fantastische geurverwijderende functie die nare geuren blokkeert en neutraliseert.<\/p>\n<\/li>\n<li style=\"box-sizing: inherit; scroll-behavior: smooth; margin: unset; padding: 0px;\">\n<p style=\"box-sizing: inherit; scroll-behavior: smooth; margin: 0px 0px 20px; padding: 0px;\">Verkrijgbaar in verschillende geuren.<\/p>\n<\/li>\n<\/ul>","protected":false},"excerpt":{"rendered":"<p>APC allesreiniger voor de binnenkant van je auto, je huis en eigenlijk overal! Geurverwijderend en plantaardig, verkrijgbaar in vele natuurlijke geuren!<\/p>","protected":false},"featured_media":27715,"comment_status":"open","ping_status":"closed","template":"","meta":{"_acf_changed":false,"_smort_price_nok":"","_smort_price_dkk":"","_smort_price_eur":"","_smort_sale_price_nok":"","_smort_sale_price_dkk":"","_smort_sale_price_eur":"","smort_restorder":"","shipmondo_restorder":"","_kad_blocks_custom_css":"","_kad_blocks_head_custom_js":"","_kad_blocks_body_custom_js":"","_kad_blocks_footer_custom_js":"","smort_custom_pricelist_1":null,"smort_custom_pricelist_2":null,"smort_custom_pricelist_3":null,"smort_custom_pricelist_4":null,"smort_custom_pricelist_5":null},"anvandningsomrade":[],"bilmarken":[],"product_brand":[2893],"product_cat":[2988,378],"product_tag":[],"class_list":{"0":"post-27714","1":"product","2":"type-product","3":"status-publish","4":"has-post-thumbnail","6":"product_brand-tershine","7":"product_cat-biltvatt","8":"product_cat-bilvard","10":"first","11":"instock","12":"taxable","13":"shipping-taxable","14":"purchasable","15":"product-type-variable"},"bundled_by":[],"bundle_stock_status":"instock","bundle_stock_quantity":1,"bundle_virtual":false,"bundle_layout":"","bundle_add_to_cart_form_location":"","bundle_editable_in_cart":false,"bundle_sold_individually_context":"","bundle_item_grouping":"","bundle_min_size":"","bundle_max_size":"","bundle_price":[],"bundled_items":[],"bundle_sell_ids":[],"acf":[],"yoast_head":"<!-- This site is optimized with the Yoast SEO plugin v27.0 - https:\/\/yoast.com\/product\/yoast-seo-wordpress\/ -->\n<title>Tershine APC - Allreng\u00f6ring 500ml - Xenonkungen<\/title>\n<meta name=\"robots\" content=\"index, follow, max-snippet:-1, max-image-preview:large, max-video-preview:-1\" \/>\n<link rel=\"canonical\" href=\"https:\/\/xenonkungen.com\/nl\/product\/tershine-apc-allesreiniger-500-ml\/\" \/>\n<meta property=\"og:locale\" content=\"nl_NL\" \/>\n<meta property=\"og:type\" content=\"article\" \/>\n<meta property=\"og:title\" content=\"Tershine APC - Allreng\u00f6ring 500ml - Xenonkungen\" \/>\n<meta property=\"og:description\" content=\"APC allreng\u00f6ringsmedel f\u00f6r insidan av fordonet, i hemmet och ja, i stort sett \u00f6verallt! Od\u00f6reliminerande och plantbaserad i m\u00e5nga naturliga dofter!\" \/>\n<meta property=\"og:url\" content=\"https:\/\/xenonkungen.com\/nl\/product\/tershine-apc-allesreiniger-500-ml\/\" \/>\n<meta property=\"og:site_name\" content=\"Xenonkungen\" \/>\n<meta property=\"article:modified_time\" content=\"2026-04-24T16:46:59+00:00\" \/>\n<meta property=\"og:image\" content=\"https:\/\/xenonkungen.com\/wp-content\/uploads\/2026\/03\/CtyuKCbvDretWKcc2A5HJ1Zzl1tC4bhSqzTG24hj.webp\" \/>\n\t<meta property=\"og:image:width\" content=\"1024\" \/>\n\t<meta property=\"og:image:height\" content=\"1024\" \/>\n\t<meta property=\"og:image:type\" content=\"image\/webp\" \/>\n<meta name=\"twitter:card\" content=\"summary_large_image\" \/>\n<meta name=\"twitter:label1\" content=\"Geschatte leestijd\" \/>\n\t<meta name=\"twitter:data1\" content=\"3 minuten\" \/>\n<script type=\"application\/ld+json\" class=\"yoast-schema-graph\">{\"@context\":\"https:\/\/schema.org\",\"@graph\":[{\"@type\":\"WebPage\",\"@id\":\"https:\/\/xenonkungen.com\/produkt\/tershine-apc-allrengoring-500ml\/\",\"url\":\"https:\/\/xenonkungen.com\/produkt\/tershine-apc-allrengoring-500ml\/\",\"name\":\"Tershine APC - Allreng\u00f6ring 500ml - Xenonkungen\",\"isPartOf\":{\"@id\":\"https:\/\/xenonkungen.com\/#website\"},\"primaryImageOfPage\":{\"@id\":\"https:\/\/xenonkungen.com\/produkt\/tershine-apc-allrengoring-500ml\/#primaryimage\"},\"image\":{\"@id\":\"https:\/\/xenonkungen.com\/produkt\/tershine-apc-allrengoring-500ml\/#primaryimage\"},\"thumbnailUrl\":\"https:\/\/xenonkungen.com\/wp-content\/uploads\/2026\/03\/CtyuKCbvDretWKcc2A5HJ1Zzl1tC4bhSqzTG24hj.webp\",\"datePublished\":\"2026-03-13T14:28:28+00:00\",\"dateModified\":\"2026-04-24T16:46:59+00:00\",\"breadcrumb\":{\"@id\":\"https:\/\/xenonkungen.com\/produkt\/tershine-apc-allrengoring-500ml\/#breadcrumb\"},\"inLanguage\":\"nl-NL\",\"potentialAction\":[{\"@type\":\"ReadAction\",\"target\":[\"https:\/\/xenonkungen.com\/produkt\/tershine-apc-allrengoring-500ml\/\"]}]},{\"@type\":\"ImageObject\",\"inLanguage\":\"nl-NL\",\"@id\":\"https:\/\/xenonkungen.com\/produkt\/tershine-apc-allrengoring-500ml\/#primaryimage\",\"url\":\"https:\/\/xenonkungen.com\/wp-content\/uploads\/2026\/03\/CtyuKCbvDretWKcc2A5HJ1Zzl1tC4bhSqzTG24hj.webp\",\"contentUrl\":\"https:\/\/xenonkungen.com\/wp-content\/uploads\/2026\/03\/CtyuKCbvDretWKcc2A5HJ1Zzl1tC4bhSqzTG24hj.webp\",\"width\":1024,\"height\":1024},{\"@type\":\"BreadcrumbList\",\"@id\":\"https:\/\/xenonkungen.com\/produkt\/tershine-apc-allrengoring-500ml\/#breadcrumb\",\"itemListElement\":[{\"@type\":\"ListItem\",\"position\":1,\"name\":\"Hem\",\"item\":\"https:\/\/xenonkungen.com\/\"},{\"@type\":\"ListItem\",\"position\":2,\"name\":\"Shop\",\"item\":\"https:\/\/xenonkungen.com\/shop\/\"},{\"@type\":\"ListItem\",\"position\":3,\"name\":\"Tershine APC &#8211; Allreng\u00f6ring 500ml\"}]},{\"@type\":\"WebSite\",\"@id\":\"https:\/\/xenonkungen.com\/#website\",\"url\":\"https:\/\/xenonkungen.com\/\",\"name\":\"Xenonkungen\",\"description\":\"\",\"potentialAction\":[{\"@type\":\"SearchAction\",\"target\":{\"@type\":\"EntryPoint\",\"urlTemplate\":\"https:\/\/xenonkungen.com\/?s={search_term_string}\"},\"query-input\":{\"@type\":\"PropertyValueSpecification\",\"valueRequired\":true,\"valueName\":\"search_term_string\"}}],\"inLanguage\":\"nl-NL\"}]}<\/script>\n<!-- \/ Yoast SEO plugin. -->","yoast_head_json":{"title":"Tershine APC - Allesreiniger 500 ml - De Xenon Koning","robots":{"index":"index","follow":"follow","max-snippet":"max-snippet:-1","max-image-preview":"max-image-preview:large","max-video-preview":"max-video-preview:-1"},"canonical":"https:\/\/xenonkungen.com\/nl\/product\/tershine-apc-allesreiniger-500-ml\/","og_locale":"nl_NL","og_type":"article","og_title":"Tershine APC - Allreng\u00f6ring 500ml - Xenonkungen","og_description":"APC allreng\u00f6ringsmedel f\u00f6r insidan av fordonet, i hemmet och ja, i stort sett \u00f6verallt! Od\u00f6reliminerande och plantbaserad i m\u00e5nga naturliga dofter!","og_url":"https:\/\/xenonkungen.com\/nl\/product\/tershine-apc-allesreiniger-500-ml\/","og_site_name":"Xenonkungen","article_modified_time":"2026-04-24T16:46:59+00:00","og_image":[{"width":1024,"height":1024,"url":"https:\/\/xenonkungen.com\/wp-content\/uploads\/2026\/03\/CtyuKCbvDretWKcc2A5HJ1Zzl1tC4bhSqzTG24hj.webp","type":"image\/webp"}],"twitter_card":"summary_large_image","twitter_misc":{"Geschatte leestijd":"3 minuten"},"schema":{"@context":"https:\/\/schema.org","@graph":[{"@type":"WebPage","@id":"https:\/\/xenonkungen.com\/produkt\/tershine-apc-allrengoring-500ml\/","url":"https:\/\/xenonkungen.com\/produkt\/tershine-apc-allrengoring-500ml\/","name":"Tershine APC - Allesreiniger 500 ml - De Xenon Koning","isPartOf":{"@id":"https:\/\/xenonkungen.com\/#website"},"primaryImageOfPage":{"@id":"https:\/\/xenonkungen.com\/produkt\/tershine-apc-allrengoring-500ml\/#primaryimage"},"image":{"@id":"https:\/\/xenonkungen.com\/produkt\/tershine-apc-allrengoring-500ml\/#primaryimage"},"thumbnailUrl":"https:\/\/xenonkungen.com\/wp-content\/uploads\/2026\/03\/CtyuKCbvDretWKcc2A5HJ1Zzl1tC4bhSqzTG24hj.webp","datePublished":"2026-03-13T14:28:28+00:00","dateModified":"2026-04-24T16:46:59+00:00","breadcrumb":{"@id":"https:\/\/xenonkungen.com\/produkt\/tershine-apc-allrengoring-500ml\/#breadcrumb"},"inLanguage":"nl-NL","potentialAction":[{"@type":"ReadAction","target":["https:\/\/xenonkungen.com\/produkt\/tershine-apc-allrengoring-500ml\/"]}]},{"@type":"ImageObject","inLanguage":"nl-NL","@id":"https:\/\/xenonkungen.com\/produkt\/tershine-apc-allrengoring-500ml\/#primaryimage","url":"https:\/\/xenonkungen.com\/wp-content\/uploads\/2026\/03\/CtyuKCbvDretWKcc2A5HJ1Zzl1tC4bhSqzTG24hj.webp","contentUrl":"https:\/\/xenonkungen.com\/wp-content\/uploads\/2026\/03\/CtyuKCbvDretWKcc2A5HJ1Zzl1tC4bhSqzTG24hj.webp","width":1024,"height":1024},{"@type":"BreadcrumbList","@id":"https:\/\/xenonkungen.com\/produkt\/tershine-apc-allrengoring-500ml\/#breadcrumb","itemListElement":[{"@type":"ListItem","position":1,"name":"Hem","item":"https:\/\/xenonkungen.com\/"},{"@type":"ListItem","position":2,"name":"Shop","item":"https:\/\/xenonkungen.com\/shop\/"},{"@type":"ListItem","position":3,"name":"Tershine APC &#8211; Allreng\u00f6ring 500ml"}]},{"@type":"WebSite","@id":"https:\/\/xenonkungen.com\/#website","url":"https:\/\/xenonkungen.com\/","name":"Xenonkungen","description":"","potentialAction":[{"@type":"SearchAction","target":{"@type":"EntryPoint","urlTemplate":"https:\/\/xenonkungen.com\/?s={search_term_string}"},"query-input":{"@type":"PropertyValueSpecification","valueRequired":true,"valueName":"search_term_string"}}],"inLanguage":"nl-NL"}]}},"taxonomy_info":{"product_brand":[{"value":2893,"label":"Tershine"}],"product_cat":[{"value":2988,"label":"1 | Biltv\u00e4tt"},{"value":378,"label":"Bilv\u00e5rd"}]},"featured_image_src_large":["https:\/\/xenonkungen.com\/wp-content\/uploads\/2026\/03\/CtyuKCbvDretWKcc2A5HJ1Zzl1tC4bhSqzTG24hj.webp",1024,1024,false],"author_info":[],"comment_info":0,"_links":{"self":[{"href":"https:\/\/xenonkungen.com\/nl\/wp-json\/wp\/v2\/product\/27714","targetHints":{"allow":["GET"]}}],"collection":[{"href":"https:\/\/xenonkungen.com\/nl\/wp-json\/wp\/v2\/product"}],"about":[{"href":"https:\/\/xenonkungen.com\/nl\/wp-json\/wp\/v2\/types\/product"}],"replies":[{"embeddable":true,"href":"https:\/\/xenonkungen.com\/nl\/wp-json\/wp\/v2\/comments?post=27714"}],"wp:featuredmedia":[{"embeddable":true,"href":"https:\/\/xenonkungen.com\/nl\/wp-json\/wp\/v2\/media\/27715"}],"wp:attachment":[{"href":"https:\/\/xenonkungen.com\/nl\/wp-json\/wp\/v2\/media?parent=27714"}],"wp:term":[{"taxonomy":"anvandningsomrade","embeddable":true,"href":"https:\/\/xenonkungen.com\/nl\/wp-json\/wp\/v2\/anvandningsomrade?post=27714"},{"taxonomy":"bilmarken","embeddable":true,"href":"https:\/\/xenonkungen.com\/nl\/wp-json\/wp\/v2\/bilmarken?post=27714"},{"taxonomy":"product_brand","embeddable":true,"href":"https:\/\/xenonkungen.com\/nl\/wp-json\/wp\/v2\/product_brand?post=27714"},{"taxonomy":"product_cat","embeddable":true,"href":"https:\/\/xenonkungen.com\/nl\/wp-json\/wp\/v2\/product_cat?post=27714"},{"taxonomy":"product_tag","embeddable":true,"href":"https:\/\/xenonkungen.com\/nl\/wp-json\/wp\/v2\/product_tag?post=27714"}],"curies":[{"name":"wp","href":"https:\/\/api.w.org\/{rel}","templated":true}]}}