{"id":27735,"date":"2026-03-13T15:51:35","date_gmt":"2026-03-13T14:51:35","guid":{"rendered":"https:\/\/xenonkungen.com\/?post_type=product&#038;p=27735"},"modified":"2026-04-24T17:47:07","modified_gmt":"2026-04-24T16:47:07","slug":"tershine-apc-allesreinigende-schuimreiniger-200-ml","status":"publish","type":"product","link":"https:\/\/xenonkungen.com\/nl\/product\/tershine-apc-allesreinigende-schuimreiniger-200-ml\/","title":{"rendered":"Tershine APC \u2013 Allesreinigende schuimreiniger 200 ml"},"content":{"rendered":"<p>Een zeer krachtige schuimvorming\u00a0<strong>APC \u2013 Allesreiniger<\/strong>\u00a0Met een heerlijke perengeur, die dankzij de schuimsproeier een dikke, niet-uitlopende schuimlaag produceert, vergelijkbaar met scheerschuim, waardoor het oppervlak gemakkelijker te bewerken is met bijvoorbeeld borstels, schuursponsjes, enz. Uiteraard werkt het op alle soorten oppervlakken en laat het geen sporen achter. Krachtiger dan onze gebruikelijke variant.\u00a0<a href=\"https:\/\/tershine.com\/sv\/products\/apc-allrengoring\/202\">APC \u2013 Allesreiniger<\/a>maar zonder geurblokker.<strong><\/p>\n<p>Krachtige multi-reiniging tegen de meeste soorten vuil.<br \/>\nLaat geen vervelende resten achter<br \/>\nSchuimend<br \/>\nLaat geen resten achter<br \/>\nPlantaardige grondstoffen<br \/>\nHeerlijke geuren<br \/>\nHet product is niet geclassificeerd als een product waarvoor etikettering vereist is volgens de CLP-verordening (EG) 1272\/2008.<\/p>\n<p>Waarvoor wordt APC \u2013 All-purpose cleaning \u2013 gebruikt?<\/p>\n<p><\/strong>Het interieur van alle soorten voertuigen<br \/>\nLeer, textiel en alcantara<br \/>\nKunststof en rubber<br \/>\nKeuken en badkamer<br \/>\nMeeldauw<br \/>\nStinkende oppervlakken of gemorste vloeistoffen<br \/>\nWerkt op vrijwel alles.<strong><\/p>\n<p>Hoe APC \u2013 Schuimreiniger Allesreiniger te gebruiken<\/strong><\/p>\n<p><strong>1.<span class=\"Apple-converted-space\">\u00a0<\/span><\/strong><span class=\"Apple-converted-space\">Toepassen<\/span>\u00a0op elk oppervlak (of canvas)<br \/>\n<strong>2.<span class=\"Apple-converted-space\">\u00a0<\/span><\/strong>Gebruik een borstel of schuurspons om het oppervlak op te ruwen als het erg vuil is.<br \/>\n<strong>3.<span class=\"Apple-converted-space\">\u00a0<\/span><\/strong>Veeg af met een microvezeldoek.<br \/>\n<strong>4.<span class=\"Apple-converted-space\">\u00a0<\/span><\/strong>Ja, we weten het, supermakkelijk in gebruik!<\/p>","protected":false},"excerpt":{"rendered":"<p>APC is een schuimende allesreiniger voor het interieur van de auto, voor thuis en ja, eigenlijk voor zo&#039;n beetje alles!<\/p>","protected":false},"featured_media":27737,"comment_status":"open","ping_status":"closed","template":"","meta":{"_acf_changed":false,"_smort_price_nok":"","_smort_price_dkk":"","_smort_price_eur":"","_smort_sale_price_nok":"","_smort_sale_price_dkk":"","_smort_sale_price_eur":"","smort_restorder":"","shipmondo_restorder":"","_kad_blocks_custom_css":"","_kad_blocks_head_custom_js":"","_kad_blocks_body_custom_js":"","_kad_blocks_footer_custom_js":"","smort_custom_pricelist_1":null,"smort_custom_pricelist_2":null,"smort_custom_pricelist_3":null,"smort_custom_pricelist_4":null,"smort_custom_pricelist_5":null},"anvandningsomrade":[],"bilmarken":[],"product_brand":[2893],"product_cat":[2988,378],"product_tag":[],"class_list":{"0":"post-27735","1":"product","2":"type-product","3":"status-publish","4":"has-post-thumbnail","6":"product_brand-tershine","7":"product_cat-biltvatt","8":"product_cat-bilvard","10":"first","11":"instock","12":"taxable","13":"shipping-taxable","14":"purchasable","15":"product-type-variable"},"bundled_by":[],"bundle_stock_status":"instock","bundle_stock_quantity":1,"bundle_virtual":false,"bundle_layout":"","bundle_add_to_cart_form_location":"","bundle_editable_in_cart":false,"bundle_sold_individually_context":"","bundle_item_grouping":"","bundle_min_size":"","bundle_max_size":"","bundle_price":[],"bundled_items":[],"bundle_sell_ids":[],"acf":[],"yoast_head":"<!-- This site is optimized with the Yoast SEO plugin v27.0 - https:\/\/yoast.com\/product\/yoast-seo-wordpress\/ -->\n<title>Tershine APC - Allreng\u00f6ring Foam Cleaner 200 ml - Xenonkungen<\/title>\n<meta name=\"robots\" content=\"index, follow, max-snippet:-1, max-image-preview:large, max-video-preview:-1\" \/>\n<link rel=\"canonical\" href=\"https:\/\/xenonkungen.com\/nl\/product\/tershine-apc-allesreinigende-schuimreiniger-200-ml\/\" \/>\n<meta property=\"og:locale\" content=\"nl_NL\" \/>\n<meta property=\"og:type\" content=\"article\" \/>\n<meta property=\"og:title\" content=\"Tershine APC - Allreng\u00f6ring Foam Cleaner 200 ml - Xenonkungen\" \/>\n<meta property=\"og:description\" content=\"APC som \u00e4r ett skummande allreng\u00f6ringsmedel f\u00f6r insidan av fordonet, i hemmet och ja, i stort sett \u00f6verallt!\" \/>\n<meta property=\"og:url\" content=\"https:\/\/xenonkungen.com\/nl\/product\/tershine-apc-allesreinigende-schuimreiniger-200-ml\/\" \/>\n<meta property=\"og:site_name\" content=\"Xenonkungen\" \/>\n<meta property=\"article:modified_time\" content=\"2026-04-24T16:47:07+00:00\" \/>\n<meta property=\"og:image\" content=\"https:\/\/xenonkungen.com\/wp-content\/uploads\/2026\/03\/JBdDEo4Ur4b9TBgKrVUjEn6itWTciewQdsn8dBdY.webp\" \/>\n\t<meta property=\"og:image:width\" content=\"1024\" \/>\n\t<meta property=\"og:image:height\" content=\"1024\" \/>\n\t<meta property=\"og:image:type\" content=\"image\/webp\" \/>\n<meta name=\"twitter:card\" content=\"summary_large_image\" \/>\n<meta name=\"twitter:label1\" content=\"Geschatte leestijd\" \/>\n\t<meta name=\"twitter:data1\" content=\"2 minuten\" \/>\n<script type=\"application\/ld+json\" class=\"yoast-schema-graph\">{\"@context\":\"https:\/\/schema.org\",\"@graph\":[{\"@type\":\"WebPage\",\"@id\":\"https:\/\/xenonkungen.com\/produkt\/tershine-apc-allrengoring-foam-cleaner-200-ml\/\",\"url\":\"https:\/\/xenonkungen.com\/produkt\/tershine-apc-allrengoring-foam-cleaner-200-ml\/\",\"name\":\"Tershine APC - Allreng\u00f6ring Foam Cleaner 200 ml - Xenonkungen\",\"isPartOf\":{\"@id\":\"https:\/\/xenonkungen.com\/#website\"},\"primaryImageOfPage\":{\"@id\":\"https:\/\/xenonkungen.com\/produkt\/tershine-apc-allrengoring-foam-cleaner-200-ml\/#primaryimage\"},\"image\":{\"@id\":\"https:\/\/xenonkungen.com\/produkt\/tershine-apc-allrengoring-foam-cleaner-200-ml\/#primaryimage\"},\"thumbnailUrl\":\"https:\/\/xenonkungen.com\/wp-content\/uploads\/2026\/03\/JBdDEo4Ur4b9TBgKrVUjEn6itWTciewQdsn8dBdY.webp\",\"datePublished\":\"2026-03-13T14:51:35+00:00\",\"dateModified\":\"2026-04-24T16:47:07+00:00\",\"breadcrumb\":{\"@id\":\"https:\/\/xenonkungen.com\/produkt\/tershine-apc-allrengoring-foam-cleaner-200-ml\/#breadcrumb\"},\"inLanguage\":\"nl-NL\",\"potentialAction\":[{\"@type\":\"ReadAction\",\"target\":[\"https:\/\/xenonkungen.com\/produkt\/tershine-apc-allrengoring-foam-cleaner-200-ml\/\"]}]},{\"@type\":\"ImageObject\",\"inLanguage\":\"nl-NL\",\"@id\":\"https:\/\/xenonkungen.com\/produkt\/tershine-apc-allrengoring-foam-cleaner-200-ml\/#primaryimage\",\"url\":\"https:\/\/xenonkungen.com\/wp-content\/uploads\/2026\/03\/JBdDEo4Ur4b9TBgKrVUjEn6itWTciewQdsn8dBdY.webp\",\"contentUrl\":\"https:\/\/xenonkungen.com\/wp-content\/uploads\/2026\/03\/JBdDEo4Ur4b9TBgKrVUjEn6itWTciewQdsn8dBdY.webp\",\"width\":1024,\"height\":1024},{\"@type\":\"BreadcrumbList\",\"@id\":\"https:\/\/xenonkungen.com\/produkt\/tershine-apc-allrengoring-foam-cleaner-200-ml\/#breadcrumb\",\"itemListElement\":[{\"@type\":\"ListItem\",\"position\":1,\"name\":\"Hem\",\"item\":\"https:\/\/xenonkungen.com\/\"},{\"@type\":\"ListItem\",\"position\":2,\"name\":\"Shop\",\"item\":\"https:\/\/xenonkungen.com\/shop\/\"},{\"@type\":\"ListItem\",\"position\":3,\"name\":\"Tershine APC &#8211; Allreng\u00f6ring Foam Cleaner 200 ml\"}]},{\"@type\":\"WebSite\",\"@id\":\"https:\/\/xenonkungen.com\/#website\",\"url\":\"https:\/\/xenonkungen.com\/\",\"name\":\"Xenonkungen\",\"description\":\"\",\"potentialAction\":[{\"@type\":\"SearchAction\",\"target\":{\"@type\":\"EntryPoint\",\"urlTemplate\":\"https:\/\/xenonkungen.com\/?s={search_term_string}\"},\"query-input\":{\"@type\":\"PropertyValueSpecification\",\"valueRequired\":true,\"valueName\":\"search_term_string\"}}],\"inLanguage\":\"nl-NL\"}]}<\/script>\n<!-- \/ Yoast SEO plugin. -->","yoast_head_json":{"title":"Tershine APC - Allesreinigende schuimreiniger 200 ml - De Xenon Koning","robots":{"index":"index","follow":"follow","max-snippet":"max-snippet:-1","max-image-preview":"max-image-preview:large","max-video-preview":"max-video-preview:-1"},"canonical":"https:\/\/xenonkungen.com\/nl\/product\/tershine-apc-allesreinigende-schuimreiniger-200-ml\/","og_locale":"nl_NL","og_type":"article","og_title":"Tershine APC - Allreng\u00f6ring Foam Cleaner 200 ml - Xenonkungen","og_description":"APC som \u00e4r ett skummande allreng\u00f6ringsmedel f\u00f6r insidan av fordonet, i hemmet och ja, i stort sett \u00f6verallt!","og_url":"https:\/\/xenonkungen.com\/nl\/product\/tershine-apc-allesreinigende-schuimreiniger-200-ml\/","og_site_name":"Xenonkungen","article_modified_time":"2026-04-24T16:47:07+00:00","og_image":[{"width":1024,"height":1024,"url":"https:\/\/xenonkungen.com\/wp-content\/uploads\/2026\/03\/JBdDEo4Ur4b9TBgKrVUjEn6itWTciewQdsn8dBdY.webp","type":"image\/webp"}],"twitter_card":"summary_large_image","twitter_misc":{"Geschatte leestijd":"2 minuten"},"schema":{"@context":"https:\/\/schema.org","@graph":[{"@type":"WebPage","@id":"https:\/\/xenonkungen.com\/produkt\/tershine-apc-allrengoring-foam-cleaner-200-ml\/","url":"https:\/\/xenonkungen.com\/produkt\/tershine-apc-allrengoring-foam-cleaner-200-ml\/","name":"Tershine APC - Allesreinigende schuimreiniger 200 ml - De Xenon Koning","isPartOf":{"@id":"https:\/\/xenonkungen.com\/#website"},"primaryImageOfPage":{"@id":"https:\/\/xenonkungen.com\/produkt\/tershine-apc-allrengoring-foam-cleaner-200-ml\/#primaryimage"},"image":{"@id":"https:\/\/xenonkungen.com\/produkt\/tershine-apc-allrengoring-foam-cleaner-200-ml\/#primaryimage"},"thumbnailUrl":"https:\/\/xenonkungen.com\/wp-content\/uploads\/2026\/03\/JBdDEo4Ur4b9TBgKrVUjEn6itWTciewQdsn8dBdY.webp","datePublished":"2026-03-13T14:51:35+00:00","dateModified":"2026-04-24T16:47:07+00:00","breadcrumb":{"@id":"https:\/\/xenonkungen.com\/produkt\/tershine-apc-allrengoring-foam-cleaner-200-ml\/#breadcrumb"},"inLanguage":"nl-NL","potentialAction":[{"@type":"ReadAction","target":["https:\/\/xenonkungen.com\/produkt\/tershine-apc-allrengoring-foam-cleaner-200-ml\/"]}]},{"@type":"ImageObject","inLanguage":"nl-NL","@id":"https:\/\/xenonkungen.com\/produkt\/tershine-apc-allrengoring-foam-cleaner-200-ml\/#primaryimage","url":"https:\/\/xenonkungen.com\/wp-content\/uploads\/2026\/03\/JBdDEo4Ur4b9TBgKrVUjEn6itWTciewQdsn8dBdY.webp","contentUrl":"https:\/\/xenonkungen.com\/wp-content\/uploads\/2026\/03\/JBdDEo4Ur4b9TBgKrVUjEn6itWTciewQdsn8dBdY.webp","width":1024,"height":1024},{"@type":"BreadcrumbList","@id":"https:\/\/xenonkungen.com\/produkt\/tershine-apc-allrengoring-foam-cleaner-200-ml\/#breadcrumb","itemListElement":[{"@type":"ListItem","position":1,"name":"Hem","item":"https:\/\/xenonkungen.com\/"},{"@type":"ListItem","position":2,"name":"Shop","item":"https:\/\/xenonkungen.com\/shop\/"},{"@type":"ListItem","position":3,"name":"Tershine APC &#8211; Allreng\u00f6ring Foam Cleaner 200 ml"}]},{"@type":"WebSite","@id":"https:\/\/xenonkungen.com\/#website","url":"https:\/\/xenonkungen.com\/","name":"Xenonkungen","description":"","potentialAction":[{"@type":"SearchAction","target":{"@type":"EntryPoint","urlTemplate":"https:\/\/xenonkungen.com\/?s={search_term_string}"},"query-input":{"@type":"PropertyValueSpecification","valueRequired":true,"valueName":"search_term_string"}}],"inLanguage":"nl-NL"}]}},"taxonomy_info":{"product_brand":[{"value":2893,"label":"Tershine"}],"product_cat":[{"value":2988,"label":"1 | Biltv\u00e4tt"},{"value":378,"label":"Bilv\u00e5rd"}]},"featured_image_src_large":["https:\/\/xenonkungen.com\/wp-content\/uploads\/2026\/03\/JBdDEo4Ur4b9TBgKrVUjEn6itWTciewQdsn8dBdY.webp",1024,1024,false],"author_info":[],"comment_info":0,"_links":{"self":[{"href":"https:\/\/xenonkungen.com\/nl\/wp-json\/wp\/v2\/product\/27735","targetHints":{"allow":["GET"]}}],"collection":[{"href":"https:\/\/xenonkungen.com\/nl\/wp-json\/wp\/v2\/product"}],"about":[{"href":"https:\/\/xenonkungen.com\/nl\/wp-json\/wp\/v2\/types\/product"}],"replies":[{"embeddable":true,"href":"https:\/\/xenonkungen.com\/nl\/wp-json\/wp\/v2\/comments?post=27735"}],"wp:featuredmedia":[{"embeddable":true,"href":"https:\/\/xenonkungen.com\/nl\/wp-json\/wp\/v2\/media\/27737"}],"wp:attachment":[{"href":"https:\/\/xenonkungen.com\/nl\/wp-json\/wp\/v2\/media?parent=27735"}],"wp:term":[{"taxonomy":"anvandningsomrade","embeddable":true,"href":"https:\/\/xenonkungen.com\/nl\/wp-json\/wp\/v2\/anvandningsomrade?post=27735"},{"taxonomy":"bilmarken","embeddable":true,"href":"https:\/\/xenonkungen.com\/nl\/wp-json\/wp\/v2\/bilmarken?post=27735"},{"taxonomy":"product_brand","embeddable":true,"href":"https:\/\/xenonkungen.com\/nl\/wp-json\/wp\/v2\/product_brand?post=27735"},{"taxonomy":"product_cat","embeddable":true,"href":"https:\/\/xenonkungen.com\/nl\/wp-json\/wp\/v2\/product_cat?post=27735"},{"taxonomy":"product_tag","embeddable":true,"href":"https:\/\/xenonkungen.com\/nl\/wp-json\/wp\/v2\/product_tag?post=27735"}],"curies":[{"name":"wp","href":"https:\/\/api.w.org\/{rel}","templated":true}]}}