{"id":27741,"date":"2026-03-13T15:56:04","date_gmt":"2026-03-13T14:56:04","guid":{"rendered":"https:\/\/xenonkungen.com\/?post_type=product&#038;p=27741"},"modified":"2026-05-12T14:57:37","modified_gmt":"2026-05-12T13:57:37","slug":"tershine-apex-gloss-booster-500-ml","status":"publish","type":"product","link":"https:\/\/xenonkungen.com\/nl\/product\/tershine-apex-gloss-booster-500-ml\/","title":{"rendered":"Tershine Apex+ \u2013 Glansbooster 500 ml"},"content":{"rendered":"<p>Quick Detailer die de lak een fantastische glans geeft en het oppervlak beschermt, perfect als drooghulpmiddel bij elke wasbeurt! Reinigt het oppervlak en geeft een waanzinnig mooie glans! Bevat azijnzuur dat helpt bij het oplossen van koude plekken en andere onzuiverheden die de lak kunnen aantasten.<\/p>\n<p><strong>Zo wreed als een droogrek<br \/>\nGeeft een immense glans.<br \/>\nNaar behoefte te verdunnen<br \/>\nMaak de lak schoon.<br \/>\nGenadeloos tegen kalkaanslag<br \/>\nExtreem ruw<br \/>\nWerkt even goed op droge als op natte verf.<br \/>\nGeschikt voor de meeste materialen, zoals verf, plastic en glas.<br \/>\nKan gebruikt worden op alle soorten lakbescherming.<br \/>\nAntistatisch<br \/>\nHet product is niet geclassificeerd als een product waarvoor etikettering vereist is volgens de CLP-verordening (EG) 1272\/2008.<\/strong><\/p>\n<p>&nbsp;<\/p>\n<p class=\"p1\"><b>Gebruiksaanwijzing:<\/b><\/p>\n<div data-pm-slice=\"2 2 []\">\n<p><strong>1.<\/strong><span class=\"Apple-converted-space\">\u00a0<\/span>Was uw auto met Purify\/S \u2013 Autoshampoo<span class=\"Apple-converted-space\"><br \/>\n<\/span><strong>2.<\/strong><span class=\"Apple-converted-space\">\u00a0<\/span>Aanbrengen op een droog of nat oppervlak, direct op de verf of met een microvezeldoek.<br \/>\n<strong>3.<\/strong><span class=\"Apple-converted-space\">\u00a0<\/span>Veeg het af met een droge, schone doek.<span class=\"Apple-converted-space\"><br \/>\n<\/span><strong>4.<\/strong><span class=\"Apple-converted-space\">\u00a0<\/span>Neem even afstand en ervaar de ongelooflijke warmte en het &quot;3D-gevoel&quot; dat Apex+ produceert!<span class=\"Apple-converted-space\"><br \/>\n<\/span><strong>5.<\/strong><span class=\"Apple-converted-space\">\u00a0<\/span>Moge de glans met je zijn!<\/p>\n<p><strong>Als je het op droge nagellak gebruikt, kun je het gerust verdunnen met water of direct op de doek aanbrengen. Het is erg dik, dus minder is meer! Spuit daarom \u00e9\u00e9n of twee keer op de doek, breng het aan en poets het uit.<\/strong><\/p>\n<p><strong>Apex+ is een snelle detailer.<\/strong><span style=\"color: #000000;\">\u00a0Dit product geeft een prachtige glans! Het is ontwikkeld als drooghulpmiddel, sprayt op natte verf en veegt gemakkelijk af. Het cre\u00ebert een ongelooflijke warmte en diepte in alle soorten verf, maar komt vooral tot zijn recht wanneer het wordt aangebracht over Refract \u2013 Ceramic Spray Paint Protection of Magnify \u2013 Coating! Het werkt over alle soorten bestaande beschermingslagen en natuurlijk ook als een op zichzelf staand product. Maar combineer het gerust met een van de bovengenoemde producten en uw glans zal naar een hoger niveau worden getild.<\/span><\/p>\n<p><strong>Je moet het echt eens proberen als drooghulp!<\/strong><\/p>\n<p><strong>Wat is droogtehulp?<\/strong><\/p>\n<p><span style=\"color: #000000; font-family: BlinkMacSystemFont, -apple-system, Segoe UI, Roboto, Oxygen, Ubuntu, Cantarell, Fira Sans, Droid Sans, Helvetica Neue, Helvetica, Arial, sans-serif;\">Droogondersteuning betekent dat wanneer u de auto heeft gewassen en deze net begint te drogen, u Apex+ \u2013 Gloss Booster direct op de lak aanbrengt of op uw droogdoek en het over het oppervlak verdeelt. Het helpt de lak te versterken, smeert het oppervlak om het risico op krassen te minimaliseren en zorgt voor een ongelooflijk mooie glans.<\/span><\/p>\n<p><strong>Pro-tip:<\/strong>\u00a0Voeg een scheutje toe aan de emmer met autoshampoo voor een extra boost in reiniging en glans!<\/p>\n<p>Uiterst veelzijdig en te gebruiken op de meeste materialen.<\/p>\n<p><span style=\"color: #363636;\"><b>Geur: Mango\/Citroen<\/b><\/span><\/p>\n<\/div>","protected":false},"excerpt":{"rendered":"<p>Apex+ \u2013 Gloss Booster is een snelle detailer, ontworpen om de glans van de lak van uw voertuig te maximaliseren. Het geeft alle soorten lak een ongelooflijke diepte en warmte en werkt uitstekend als drooghulp na elke wasbeurt.<\/p>","protected":false},"featured_media":27742,"comment_status":"open","ping_status":"closed","template":"","meta":{"_acf_changed":false,"_smort_price_nok":"","_smort_price_dkk":"","_smort_price_eur":"","_smort_sale_price_nok":"","_smort_sale_price_dkk":"","_smort_sale_price_eur":"","smort_restorder":"","shipmondo_restorder":"","_kad_blocks_custom_css":"","_kad_blocks_head_custom_js":"","_kad_blocks_body_custom_js":"","_kad_blocks_footer_custom_js":"","smort_custom_pricelist_1":"159.36","smort_custom_pricelist_2":"159.36","smort_custom_pricelist_3":"159.36","smort_custom_pricelist_4":"199.2","smort_custom_pricelist_5":"159.36"},"anvandningsomrade":[],"bilmarken":[],"product_brand":[2893],"product_cat":[2988,378],"product_tag":[],"class_list":{"0":"post-27741","1":"product","2":"type-product","3":"status-publish","4":"has-post-thumbnail","6":"product_brand-tershine","7":"product_cat-biltvatt","8":"product_cat-bilvard","10":"first","11":"onbackorder","12":"taxable","13":"shipping-taxable","14":"purchasable","15":"product-type-simple"},"bundled_by":[],"bundle_stock_status":"onbackorder","bundle_stock_quantity":0,"bundle_virtual":false,"bundle_layout":"","bundle_add_to_cart_form_location":"","bundle_editable_in_cart":false,"bundle_sold_individually_context":"","bundle_item_grouping":"","bundle_min_size":"","bundle_max_size":"","bundle_price":[],"bundled_items":[],"bundle_sell_ids":[],"acf":[],"yoast_head":"<!-- This site is optimized with the Yoast SEO plugin v27.0 - https:\/\/yoast.com\/product\/yoast-seo-wordpress\/ -->\n<title>Tershine Apex+ - Gloss Booster 500 ml - Xenonkungen<\/title>\n<meta name=\"robots\" content=\"index, follow, max-snippet:-1, max-image-preview:large, max-video-preview:-1\" \/>\n<link rel=\"canonical\" href=\"https:\/\/xenonkungen.com\/nl\/product\/tershine-apex-gloss-booster-500-ml\/\" \/>\n<meta property=\"og:locale\" content=\"nl_NL\" \/>\n<meta property=\"og:type\" content=\"article\" \/>\n<meta property=\"og:title\" content=\"Tershine Apex+ - Gloss Booster 500 ml - Xenonkungen\" \/>\n<meta property=\"og:description\" content=\"Apex+ - Gloss Booster \u00e4r en Quick Detailer, utformad f\u00f6r att maximera glansen p\u00e5 ditt fordons lack. Den ger ett otroligt djup och v\u00e4rme till alla typer av lacker och fungerar utm\u00e4rkt som torkst\u00f6d efter varje tv\u00e4tt.\" \/>\n<meta property=\"og:url\" content=\"https:\/\/xenonkungen.com\/nl\/product\/tershine-apex-gloss-booster-500-ml\/\" \/>\n<meta property=\"og:site_name\" content=\"Xenonkungen\" \/>\n<meta property=\"article:modified_time\" content=\"2026-05-12T13:57:37+00:00\" \/>\n<meta property=\"og:image\" content=\"https:\/\/xenonkungen.com\/wp-content\/uploads\/2026\/03\/vPjhgWqVMxEyl2TfhBkfQuNRVQZCkloNYCaesW6a.webp\" \/>\n\t<meta property=\"og:image:width\" content=\"1024\" \/>\n\t<meta property=\"og:image:height\" content=\"1024\" \/>\n\t<meta property=\"og:image:type\" content=\"image\/webp\" \/>\n<meta name=\"twitter:card\" content=\"summary_large_image\" \/>\n<meta name=\"twitter:label1\" content=\"Geschatte leestijd\" \/>\n\t<meta name=\"twitter:data1\" content=\"3 minuten\" \/>\n<script type=\"application\/ld+json\" class=\"yoast-schema-graph\">{\"@context\":\"https:\/\/schema.org\",\"@graph\":[{\"@type\":\"WebPage\",\"@id\":\"https:\/\/xenonkungen.com\/produkt\/tershine-apex-gloss-booster-500-ml\/\",\"url\":\"https:\/\/xenonkungen.com\/produkt\/tershine-apex-gloss-booster-500-ml\/\",\"name\":\"Tershine Apex+ - Gloss Booster 500 ml - Xenonkungen\",\"isPartOf\":{\"@id\":\"https:\/\/xenonkungen.com\/#website\"},\"primaryImageOfPage\":{\"@id\":\"https:\/\/xenonkungen.com\/produkt\/tershine-apex-gloss-booster-500-ml\/#primaryimage\"},\"image\":{\"@id\":\"https:\/\/xenonkungen.com\/produkt\/tershine-apex-gloss-booster-500-ml\/#primaryimage\"},\"thumbnailUrl\":\"https:\/\/xenonkungen.com\/wp-content\/uploads\/2026\/03\/vPjhgWqVMxEyl2TfhBkfQuNRVQZCkloNYCaesW6a.webp\",\"datePublished\":\"2026-03-13T14:56:04+00:00\",\"dateModified\":\"2026-05-12T13:57:37+00:00\",\"breadcrumb\":{\"@id\":\"https:\/\/xenonkungen.com\/produkt\/tershine-apex-gloss-booster-500-ml\/#breadcrumb\"},\"inLanguage\":\"nl-NL\",\"potentialAction\":[{\"@type\":\"ReadAction\",\"target\":[\"https:\/\/xenonkungen.com\/produkt\/tershine-apex-gloss-booster-500-ml\/\"]}]},{\"@type\":\"ImageObject\",\"inLanguage\":\"nl-NL\",\"@id\":\"https:\/\/xenonkungen.com\/produkt\/tershine-apex-gloss-booster-500-ml\/#primaryimage\",\"url\":\"https:\/\/xenonkungen.com\/wp-content\/uploads\/2026\/03\/vPjhgWqVMxEyl2TfhBkfQuNRVQZCkloNYCaesW6a.webp\",\"contentUrl\":\"https:\/\/xenonkungen.com\/wp-content\/uploads\/2026\/03\/vPjhgWqVMxEyl2TfhBkfQuNRVQZCkloNYCaesW6a.webp\",\"width\":1024,\"height\":1024},{\"@type\":\"BreadcrumbList\",\"@id\":\"https:\/\/xenonkungen.com\/produkt\/tershine-apex-gloss-booster-500-ml\/#breadcrumb\",\"itemListElement\":[{\"@type\":\"ListItem\",\"position\":1,\"name\":\"Hem\",\"item\":\"https:\/\/xenonkungen.com\/\"},{\"@type\":\"ListItem\",\"position\":2,\"name\":\"Shop\",\"item\":\"https:\/\/xenonkungen.com\/shop\/\"},{\"@type\":\"ListItem\",\"position\":3,\"name\":\"Tershine Apex+ &#8211; Gloss Booster 500 ml\"}]},{\"@type\":\"WebSite\",\"@id\":\"https:\/\/xenonkungen.com\/#website\",\"url\":\"https:\/\/xenonkungen.com\/\",\"name\":\"Xenonkungen\",\"description\":\"\",\"potentialAction\":[{\"@type\":\"SearchAction\",\"target\":{\"@type\":\"EntryPoint\",\"urlTemplate\":\"https:\/\/xenonkungen.com\/?s={search_term_string}\"},\"query-input\":{\"@type\":\"PropertyValueSpecification\",\"valueRequired\":true,\"valueName\":\"search_term_string\"}}],\"inLanguage\":\"nl-NL\"}]}<\/script>\n<!-- \/ Yoast SEO plugin. -->","yoast_head_json":{"title":"Tershine Apex+ - Glansbooster 500 ml - De Xenon Koning","robots":{"index":"index","follow":"follow","max-snippet":"max-snippet:-1","max-image-preview":"max-image-preview:large","max-video-preview":"max-video-preview:-1"},"canonical":"https:\/\/xenonkungen.com\/nl\/product\/tershine-apex-gloss-booster-500-ml\/","og_locale":"nl_NL","og_type":"article","og_title":"Tershine Apex+ - Gloss Booster 500 ml - Xenonkungen","og_description":"Apex+ - Gloss Booster \u00e4r en Quick Detailer, utformad f\u00f6r att maximera glansen p\u00e5 ditt fordons lack. Den ger ett otroligt djup och v\u00e4rme till alla typer av lacker och fungerar utm\u00e4rkt som torkst\u00f6d efter varje tv\u00e4tt.","og_url":"https:\/\/xenonkungen.com\/nl\/product\/tershine-apex-gloss-booster-500-ml\/","og_site_name":"Xenonkungen","article_modified_time":"2026-05-12T13:57:37+00:00","og_image":[{"width":1024,"height":1024,"url":"https:\/\/xenonkungen.com\/wp-content\/uploads\/2026\/03\/vPjhgWqVMxEyl2TfhBkfQuNRVQZCkloNYCaesW6a.webp","type":"image\/webp"}],"twitter_card":"summary_large_image","twitter_misc":{"Geschatte leestijd":"3 minuten"},"schema":{"@context":"https:\/\/schema.org","@graph":[{"@type":"WebPage","@id":"https:\/\/xenonkungen.com\/produkt\/tershine-apex-gloss-booster-500-ml\/","url":"https:\/\/xenonkungen.com\/produkt\/tershine-apex-gloss-booster-500-ml\/","name":"Tershine Apex+ - Glansbooster 500 ml - De Xenon Koning","isPartOf":{"@id":"https:\/\/xenonkungen.com\/#website"},"primaryImageOfPage":{"@id":"https:\/\/xenonkungen.com\/produkt\/tershine-apex-gloss-booster-500-ml\/#primaryimage"},"image":{"@id":"https:\/\/xenonkungen.com\/produkt\/tershine-apex-gloss-booster-500-ml\/#primaryimage"},"thumbnailUrl":"https:\/\/xenonkungen.com\/wp-content\/uploads\/2026\/03\/vPjhgWqVMxEyl2TfhBkfQuNRVQZCkloNYCaesW6a.webp","datePublished":"2026-03-13T14:56:04+00:00","dateModified":"2026-05-12T13:57:37+00:00","breadcrumb":{"@id":"https:\/\/xenonkungen.com\/produkt\/tershine-apex-gloss-booster-500-ml\/#breadcrumb"},"inLanguage":"nl-NL","potentialAction":[{"@type":"ReadAction","target":["https:\/\/xenonkungen.com\/produkt\/tershine-apex-gloss-booster-500-ml\/"]}]},{"@type":"ImageObject","inLanguage":"nl-NL","@id":"https:\/\/xenonkungen.com\/produkt\/tershine-apex-gloss-booster-500-ml\/#primaryimage","url":"https:\/\/xenonkungen.com\/wp-content\/uploads\/2026\/03\/vPjhgWqVMxEyl2TfhBkfQuNRVQZCkloNYCaesW6a.webp","contentUrl":"https:\/\/xenonkungen.com\/wp-content\/uploads\/2026\/03\/vPjhgWqVMxEyl2TfhBkfQuNRVQZCkloNYCaesW6a.webp","width":1024,"height":1024},{"@type":"BreadcrumbList","@id":"https:\/\/xenonkungen.com\/produkt\/tershine-apex-gloss-booster-500-ml\/#breadcrumb","itemListElement":[{"@type":"ListItem","position":1,"name":"Hem","item":"https:\/\/xenonkungen.com\/"},{"@type":"ListItem","position":2,"name":"Shop","item":"https:\/\/xenonkungen.com\/shop\/"},{"@type":"ListItem","position":3,"name":"Tershine Apex+ &#8211; Gloss Booster 500 ml"}]},{"@type":"WebSite","@id":"https:\/\/xenonkungen.com\/#website","url":"https:\/\/xenonkungen.com\/","name":"Xenonkungen","description":"","potentialAction":[{"@type":"SearchAction","target":{"@type":"EntryPoint","urlTemplate":"https:\/\/xenonkungen.com\/?s={search_term_string}"},"query-input":{"@type":"PropertyValueSpecification","valueRequired":true,"valueName":"search_term_string"}}],"inLanguage":"nl-NL"}]}},"taxonomy_info":{"product_brand":[{"value":2893,"label":"Tershine"}],"product_cat":[{"value":2988,"label":"1 | Biltv\u00e4tt"},{"value":378,"label":"Bilv\u00e5rd"}]},"featured_image_src_large":["https:\/\/xenonkungen.com\/wp-content\/uploads\/2026\/03\/vPjhgWqVMxEyl2TfhBkfQuNRVQZCkloNYCaesW6a.webp",1024,1024,false],"author_info":[],"comment_info":0,"_links":{"self":[{"href":"https:\/\/xenonkungen.com\/nl\/wp-json\/wp\/v2\/product\/27741","targetHints":{"allow":["GET"]}}],"collection":[{"href":"https:\/\/xenonkungen.com\/nl\/wp-json\/wp\/v2\/product"}],"about":[{"href":"https:\/\/xenonkungen.com\/nl\/wp-json\/wp\/v2\/types\/product"}],"replies":[{"embeddable":true,"href":"https:\/\/xenonkungen.com\/nl\/wp-json\/wp\/v2\/comments?post=27741"}],"wp:featuredmedia":[{"embeddable":true,"href":"https:\/\/xenonkungen.com\/nl\/wp-json\/wp\/v2\/media\/27742"}],"wp:attachment":[{"href":"https:\/\/xenonkungen.com\/nl\/wp-json\/wp\/v2\/media?parent=27741"}],"wp:term":[{"taxonomy":"anvandningsomrade","embeddable":true,"href":"https:\/\/xenonkungen.com\/nl\/wp-json\/wp\/v2\/anvandningsomrade?post=27741"},{"taxonomy":"bilmarken","embeddable":true,"href":"https:\/\/xenonkungen.com\/nl\/wp-json\/wp\/v2\/bilmarken?post=27741"},{"taxonomy":"product_brand","embeddable":true,"href":"https:\/\/xenonkungen.com\/nl\/wp-json\/wp\/v2\/product_brand?post=27741"},{"taxonomy":"product_cat","embeddable":true,"href":"https:\/\/xenonkungen.com\/nl\/wp-json\/wp\/v2\/product_cat?post=27741"},{"taxonomy":"product_tag","embeddable":true,"href":"https:\/\/xenonkungen.com\/nl\/wp-json\/wp\/v2\/product_tag?post=27741"}],"curies":[{"name":"wp","href":"https:\/\/api.w.org\/{rel}","templated":true}]}}