{"id":27756,"date":"2026-03-13T16:14:39","date_gmt":"2026-03-13T15:14:39","guid":{"rendered":"https:\/\/xenonkungen.com\/?post_type=product&#038;p=27756"},"modified":"2026-05-12T14:56:41","modified_gmt":"2026-05-12T13:56:41","slug":"tershine-biosolve-koudontvetter-1-l","status":"publish","type":"product","link":"https:\/\/xenonkungen.com\/nl\/product\/tershine-biosolve-koudontvetter-1-l\/","title":{"rendered":"Tershine Biosolve \u2013 Koud ontvetten 1 L"},"content":{"rendered":"<p>Bisolve \u2013 Koud ontvetten is de volgende generatie koud ontvetten: zeer effectief en toch zacht voor het oppervlak! Verwijdert asfalt, olie, teer en andere op aardolie gebaseerde vervuiling.<\/p>\n<p><strong>Zeer effectief<br \/>\nHeerlijke geur (ruikt magisch)<br \/>\nEffectief tegen alle soorten vuil op basis van aardolie.<br \/>\nVriendelijk voor plastic en rubber.<br \/>\nKan worden aangebracht op een nat of droog oppervlak.<br \/>\nWreed tegen strooizout<br \/>\nDe oppervlakteactieve stof(fen) in dit preparaat voldoen aan de criteria voor biologische afbreekbaarheid van de EU-verordening (EG) nr. 648\/2004 betreffende detergenten.<br \/>\nHet product is niet geclassificeerd als een product waarvoor etikettering vereist is volgens de CLP-verordening (EG) 1272\/2008.<br \/>\n<\/strong><\/p>\n<p><strong>Waarvoor wordt Biosolve \u2013 Cold Degreasing gebruikt?<\/strong><\/p>\n<p>Alle op aardolie gebaseerde grond<br \/>\nAsfalt<br \/>\nTeer<br \/>\nBitumen<br \/>\nVet<br \/>\nOlie<br \/>\nDiesel<br \/>\nStrooizout<br \/>\nMotorwasstraat<\/p>\n<p>Bisolve \u2013 Cold Degreasing is een koudontvetter die alle soorten oliehoudend vuil effectief oplost. Perfect voor iedereen die geeft om mens en milieu, want de unieke formule is zeer mild voor zowel de gebruiker als onze planeet. Kan worden aangebracht op zowel droge als natte oppervlakken en beschadigt geen plastic, glas of andere gevoelige onderdelen. Heeft een heerlijke geur die van schoonmaken een plezier maakt.<\/p>\n<p><strong>Hoe Biosolve te gebruiken \u2013 Koud ontvetten<\/strong><\/p>\n<p><strong>1<\/strong>Breng het gelijkmatig aan op het oppervlak (tot aan de deurgrepen bij een personenauto).<br \/>\n<strong>2.<\/strong>\u00a0Laat het een paar minuten aan staan.<br \/>\n<strong>3.\u00a0<\/strong>Spoel af met een hogedrukreiniger.<br \/>\n<strong>4.<\/strong>\u00a0Ga verder met de volgende stap in je wasproces.<\/p>\n<p>Laat het niet uitdrogen!<\/p>","protected":false},"excerpt":{"rendered":"<p>Koud ontvettend middel dat effectief asfalt, teer, olie, lijmresten en nog veel meer oplost! Gelformule met een heerlijk aangename geur.<\/p>","protected":false},"featured_media":27764,"comment_status":"open","ping_status":"closed","template":"","meta":{"_acf_changed":false,"_smort_price_nok":"","_smort_price_dkk":"","_smort_price_eur":"","_smort_sale_price_nok":"","_smort_sale_price_dkk":"","_smort_sale_price_eur":"","smort_restorder":"","shipmondo_restorder":"","_kad_blocks_custom_css":"","_kad_blocks_head_custom_js":"","_kad_blocks_body_custom_js":"","_kad_blocks_footer_custom_js":"","smort_custom_pricelist_1":"146.56","smort_custom_pricelist_2":"146.56","smort_custom_pricelist_3":"146.56","smort_custom_pricelist_4":"183.2","smort_custom_pricelist_5":"146.56"},"anvandningsomrade":[],"bilmarken":[],"product_brand":[2893],"product_cat":[2989,378],"product_tag":[],"class_list":{"0":"post-27756","1":"product","2":"type-product","3":"status-publish","4":"has-post-thumbnail","6":"product_brand-tershine","7":"product_cat-avfettning","8":"product_cat-bilvard","10":"first","11":"onbackorder","12":"taxable","13":"shipping-taxable","14":"purchasable","15":"product-type-simple"},"bundled_by":[],"bundle_stock_status":"onbackorder","bundle_stock_quantity":0,"bundle_virtual":false,"bundle_layout":"","bundle_add_to_cart_form_location":"","bundle_editable_in_cart":false,"bundle_sold_individually_context":"","bundle_item_grouping":"","bundle_min_size":"","bundle_max_size":"","bundle_price":[],"bundled_items":[],"bundle_sell_ids":[],"acf":[],"yoast_head":"<!-- This site is optimized with the Yoast SEO plugin v27.0 - https:\/\/yoast.com\/product\/yoast-seo-wordpress\/ -->\n<title>Tershine Biosolve - Kallavfettning 1 L - Xenonkungen<\/title>\n<meta name=\"robots\" content=\"index, follow, max-snippet:-1, max-image-preview:large, max-video-preview:-1\" \/>\n<link rel=\"canonical\" href=\"https:\/\/xenonkungen.com\/nl\/product\/tershine-biosolve-koudontvetter-1-l\/\" \/>\n<meta property=\"og:locale\" content=\"nl_NL\" \/>\n<meta property=\"og:type\" content=\"article\" \/>\n<meta property=\"og:title\" content=\"Tershine Biosolve - Kallavfettning 1 L - Xenonkungen\" \/>\n<meta property=\"og:description\" content=\"Kallavfettning som effektivt l\u00f6ser asfalt, tj\u00e4ra, olja, limrester och mycket mer! Gelformula och med fantastiskt h\u00e4rlig doft.\" \/>\n<meta property=\"og:url\" content=\"https:\/\/xenonkungen.com\/nl\/product\/tershine-biosolve-koudontvetter-1-l\/\" \/>\n<meta property=\"og:site_name\" content=\"Xenonkungen\" \/>\n<meta property=\"article:modified_time\" content=\"2026-05-12T13:56:41+00:00\" \/>\n<meta property=\"og:image\" content=\"https:\/\/xenonkungen.com\/wp-content\/uploads\/2026\/03\/W9w9hB3T8QivKWYoHf94V4LLWQpr2OOZ6VddXARO.webp\" \/>\n\t<meta property=\"og:image:width\" content=\"1024\" \/>\n\t<meta property=\"og:image:height\" content=\"1024\" \/>\n\t<meta property=\"og:image:type\" content=\"image\/webp\" \/>\n<meta name=\"twitter:card\" content=\"summary_large_image\" \/>\n<meta name=\"twitter:label1\" content=\"Geschatte leestijd\" \/>\n\t<meta name=\"twitter:data1\" content=\"2 minuten\" \/>\n<script type=\"application\/ld+json\" class=\"yoast-schema-graph\">{\"@context\":\"https:\/\/schema.org\",\"@graph\":[{\"@type\":\"WebPage\",\"@id\":\"https:\/\/xenonkungen.com\/produkt\/tershine-biosolve-kallavfettning-1-l\/\",\"url\":\"https:\/\/xenonkungen.com\/produkt\/tershine-biosolve-kallavfettning-1-l\/\",\"name\":\"Tershine Biosolve - Kallavfettning 1 L - Xenonkungen\",\"isPartOf\":{\"@id\":\"https:\/\/xenonkungen.com\/#website\"},\"primaryImageOfPage\":{\"@id\":\"https:\/\/xenonkungen.com\/produkt\/tershine-biosolve-kallavfettning-1-l\/#primaryimage\"},\"image\":{\"@id\":\"https:\/\/xenonkungen.com\/produkt\/tershine-biosolve-kallavfettning-1-l\/#primaryimage\"},\"thumbnailUrl\":\"https:\/\/xenonkungen.com\/wp-content\/uploads\/2026\/03\/W9w9hB3T8QivKWYoHf94V4LLWQpr2OOZ6VddXARO.webp\",\"datePublished\":\"2026-03-13T15:14:39+00:00\",\"dateModified\":\"2026-05-12T13:56:41+00:00\",\"breadcrumb\":{\"@id\":\"https:\/\/xenonkungen.com\/produkt\/tershine-biosolve-kallavfettning-1-l\/#breadcrumb\"},\"inLanguage\":\"nl-NL\",\"potentialAction\":[{\"@type\":\"ReadAction\",\"target\":[\"https:\/\/xenonkungen.com\/produkt\/tershine-biosolve-kallavfettning-1-l\/\"]}]},{\"@type\":\"ImageObject\",\"inLanguage\":\"nl-NL\",\"@id\":\"https:\/\/xenonkungen.com\/produkt\/tershine-biosolve-kallavfettning-1-l\/#primaryimage\",\"url\":\"https:\/\/xenonkungen.com\/wp-content\/uploads\/2026\/03\/W9w9hB3T8QivKWYoHf94V4LLWQpr2OOZ6VddXARO.webp\",\"contentUrl\":\"https:\/\/xenonkungen.com\/wp-content\/uploads\/2026\/03\/W9w9hB3T8QivKWYoHf94V4LLWQpr2OOZ6VddXARO.webp\",\"width\":1024,\"height\":1024},{\"@type\":\"BreadcrumbList\",\"@id\":\"https:\/\/xenonkungen.com\/produkt\/tershine-biosolve-kallavfettning-1-l\/#breadcrumb\",\"itemListElement\":[{\"@type\":\"ListItem\",\"position\":1,\"name\":\"Hem\",\"item\":\"https:\/\/xenonkungen.com\/\"},{\"@type\":\"ListItem\",\"position\":2,\"name\":\"Shop\",\"item\":\"https:\/\/xenonkungen.com\/shop\/\"},{\"@type\":\"ListItem\",\"position\":3,\"name\":\"Tershine Biosolve &#8211; Kallavfettning 1 L\"}]},{\"@type\":\"WebSite\",\"@id\":\"https:\/\/xenonkungen.com\/#website\",\"url\":\"https:\/\/xenonkungen.com\/\",\"name\":\"Xenonkungen\",\"description\":\"\",\"potentialAction\":[{\"@type\":\"SearchAction\",\"target\":{\"@type\":\"EntryPoint\",\"urlTemplate\":\"https:\/\/xenonkungen.com\/?s={search_term_string}\"},\"query-input\":{\"@type\":\"PropertyValueSpecification\",\"valueRequired\":true,\"valueName\":\"search_term_string\"}}],\"inLanguage\":\"nl-NL\"}]}<\/script>\n<!-- \/ Yoast SEO plugin. -->","yoast_head_json":{"title":"Tershine Biosolve - Koud ontvetten 1 L - De Xenon Koning","robots":{"index":"index","follow":"follow","max-snippet":"max-snippet:-1","max-image-preview":"max-image-preview:large","max-video-preview":"max-video-preview:-1"},"canonical":"https:\/\/xenonkungen.com\/nl\/product\/tershine-biosolve-koudontvetter-1-l\/","og_locale":"nl_NL","og_type":"article","og_title":"Tershine Biosolve - Kallavfettning 1 L - Xenonkungen","og_description":"Kallavfettning som effektivt l\u00f6ser asfalt, tj\u00e4ra, olja, limrester och mycket mer! Gelformula och med fantastiskt h\u00e4rlig doft.","og_url":"https:\/\/xenonkungen.com\/nl\/product\/tershine-biosolve-koudontvetter-1-l\/","og_site_name":"Xenonkungen","article_modified_time":"2026-05-12T13:56:41+00:00","og_image":[{"width":1024,"height":1024,"url":"https:\/\/xenonkungen.com\/wp-content\/uploads\/2026\/03\/W9w9hB3T8QivKWYoHf94V4LLWQpr2OOZ6VddXARO.webp","type":"image\/webp"}],"twitter_card":"summary_large_image","twitter_misc":{"Geschatte leestijd":"2 minuten"},"schema":{"@context":"https:\/\/schema.org","@graph":[{"@type":"WebPage","@id":"https:\/\/xenonkungen.com\/produkt\/tershine-biosolve-kallavfettning-1-l\/","url":"https:\/\/xenonkungen.com\/produkt\/tershine-biosolve-kallavfettning-1-l\/","name":"Tershine Biosolve - Koud ontvetten 1 L - De Xenon Koning","isPartOf":{"@id":"https:\/\/xenonkungen.com\/#website"},"primaryImageOfPage":{"@id":"https:\/\/xenonkungen.com\/produkt\/tershine-biosolve-kallavfettning-1-l\/#primaryimage"},"image":{"@id":"https:\/\/xenonkungen.com\/produkt\/tershine-biosolve-kallavfettning-1-l\/#primaryimage"},"thumbnailUrl":"https:\/\/xenonkungen.com\/wp-content\/uploads\/2026\/03\/W9w9hB3T8QivKWYoHf94V4LLWQpr2OOZ6VddXARO.webp","datePublished":"2026-03-13T15:14:39+00:00","dateModified":"2026-05-12T13:56:41+00:00","breadcrumb":{"@id":"https:\/\/xenonkungen.com\/produkt\/tershine-biosolve-kallavfettning-1-l\/#breadcrumb"},"inLanguage":"nl-NL","potentialAction":[{"@type":"ReadAction","target":["https:\/\/xenonkungen.com\/produkt\/tershine-biosolve-kallavfettning-1-l\/"]}]},{"@type":"ImageObject","inLanguage":"nl-NL","@id":"https:\/\/xenonkungen.com\/produkt\/tershine-biosolve-kallavfettning-1-l\/#primaryimage","url":"https:\/\/xenonkungen.com\/wp-content\/uploads\/2026\/03\/W9w9hB3T8QivKWYoHf94V4LLWQpr2OOZ6VddXARO.webp","contentUrl":"https:\/\/xenonkungen.com\/wp-content\/uploads\/2026\/03\/W9w9hB3T8QivKWYoHf94V4LLWQpr2OOZ6VddXARO.webp","width":1024,"height":1024},{"@type":"BreadcrumbList","@id":"https:\/\/xenonkungen.com\/produkt\/tershine-biosolve-kallavfettning-1-l\/#breadcrumb","itemListElement":[{"@type":"ListItem","position":1,"name":"Hem","item":"https:\/\/xenonkungen.com\/"},{"@type":"ListItem","position":2,"name":"Shop","item":"https:\/\/xenonkungen.com\/shop\/"},{"@type":"ListItem","position":3,"name":"Tershine Biosolve &#8211; Kallavfettning 1 L"}]},{"@type":"WebSite","@id":"https:\/\/xenonkungen.com\/#website","url":"https:\/\/xenonkungen.com\/","name":"Xenonkungen","description":"","potentialAction":[{"@type":"SearchAction","target":{"@type":"EntryPoint","urlTemplate":"https:\/\/xenonkungen.com\/?s={search_term_string}"},"query-input":{"@type":"PropertyValueSpecification","valueRequired":true,"valueName":"search_term_string"}}],"inLanguage":"nl-NL"}]}},"taxonomy_info":{"product_brand":[{"value":2893,"label":"Tershine"}],"product_cat":[{"value":2989,"label":"2 | Avfettning"},{"value":378,"label":"Bilv\u00e5rd"}]},"featured_image_src_large":["https:\/\/xenonkungen.com\/wp-content\/uploads\/2026\/03\/W9w9hB3T8QivKWYoHf94V4LLWQpr2OOZ6VddXARO.webp",1024,1024,false],"author_info":[],"comment_info":0,"_links":{"self":[{"href":"https:\/\/xenonkungen.com\/nl\/wp-json\/wp\/v2\/product\/27756","targetHints":{"allow":["GET"]}}],"collection":[{"href":"https:\/\/xenonkungen.com\/nl\/wp-json\/wp\/v2\/product"}],"about":[{"href":"https:\/\/xenonkungen.com\/nl\/wp-json\/wp\/v2\/types\/product"}],"replies":[{"embeddable":true,"href":"https:\/\/xenonkungen.com\/nl\/wp-json\/wp\/v2\/comments?post=27756"}],"wp:featuredmedia":[{"embeddable":true,"href":"https:\/\/xenonkungen.com\/nl\/wp-json\/wp\/v2\/media\/27764"}],"wp:attachment":[{"href":"https:\/\/xenonkungen.com\/nl\/wp-json\/wp\/v2\/media?parent=27756"}],"wp:term":[{"taxonomy":"anvandningsomrade","embeddable":true,"href":"https:\/\/xenonkungen.com\/nl\/wp-json\/wp\/v2\/anvandningsomrade?post=27756"},{"taxonomy":"bilmarken","embeddable":true,"href":"https:\/\/xenonkungen.com\/nl\/wp-json\/wp\/v2\/bilmarken?post=27756"},{"taxonomy":"product_brand","embeddable":true,"href":"https:\/\/xenonkungen.com\/nl\/wp-json\/wp\/v2\/product_brand?post=27756"},{"taxonomy":"product_cat","embeddable":true,"href":"https:\/\/xenonkungen.com\/nl\/wp-json\/wp\/v2\/product_cat?post=27756"},{"taxonomy":"product_tag","embeddable":true,"href":"https:\/\/xenonkungen.com\/nl\/wp-json\/wp\/v2\/product_tag?post=27756"}],"curies":[{"name":"wp","href":"https:\/\/api.w.org\/{rel}","templated":true}]}}