{"id":27832,"date":"2026-03-16T09:22:30","date_gmt":"2026-03-16T08:22:30","guid":{"rendered":"https:\/\/xenonkungen.com\/?post_type=product&#038;p=27832"},"modified":"2026-05-12T14:31:35","modified_gmt":"2026-05-12T13:31:35","slug":"tershine-elevate-sneeuwschuim-5-l","status":"publish","type":"product","link":"https:\/\/xenonkungen.com\/nl\/product\/tershine-elevate-sneeuwschuim-5-l\/","title":{"rendered":"Tershine Elevate \u2013 Sneeuwschuim 5 liter"},"content":{"rendered":"<p>Voorreiniger \/ schuimlans - schuim geschikt voor gebruik met schuimlans \/ schuimpistool.<\/p>\n<p><strong>Beschadigt de bestaande lakbescherming niet.<br \/>\nHoog schuim<br \/>\nPerfect voor snelle onderhoudswasbeurten.<br \/>\nVeel toepassingsgebieden<br \/>\nHeerlijke geur<br \/>\n<\/strong><strong>Het product is niet geclassificeerd als een product waarvoor etikettering vereist is volgens de CLP-verordening (EG) 1272\/2008.<br \/>\nDe oppervlakteactieve stof(fen) in dit preparaat voldoen aan de criteria voor biologische afbreekbaarheid van de EU-verordening (EG) nr. 648\/2004 betreffende detergenten.<\/strong><\/p>\n<p>&nbsp;<\/p>\n<p><strong>Hoe gebruik je Elevate \u2013 Snow Foam?<\/strong><\/p>\n<p><strong>1.\u00a0<\/strong>Meng de ingredi\u00ebnten in het schuimpistool naar smaak, in een verhouding van ongeveer 1:5 tot 1:20.<strong><br \/>\n2.\u00a0<\/strong>Douche je af en ga naar je werk, laat je niet opdrogen.<strong><br \/>\n3.\u00a0<\/strong>Doorspoelen<strong><br \/>\n4.\u00a0<\/strong>Ga verder met de volgende stap in je wasproces.<\/p>\n<p>Elevate 5000ml is een voorwas\/schuimproduct dat alle soorten organisch vuil verwijdert. Het produceert een heerlijk dik schuim en heeft fantastische reinigingskracht.<\/p>\n<p>Elevate is 100% biologisch afbreekbaar en volledig vrij van gevaarlijke stoffen. Supergemakkelijk in gebruik en zeer mild voor zowel u als het milieu.<\/p>\n<p>PS. Bekijk onze video over het mengen van schuim in een spuitpistool; er zijn veel parameters die het resultaat be\u00efnvloeden. Hoe dan ook, de toekomst van autoverzorging is nu hier!<\/p>\n<p><strong>Geur:\u00a0<\/strong>Zomerfruit<\/p>\n<p><strong><em><br \/>\n<\/em><\/strong><em>Bewaar op een vorstvrije plaats.<\/em><\/p>","protected":false},"excerpt":{"rendered":"<p>Schuimlans, geschikt voor voorwas, verwijdert alle soorten organisch vuil. Het produceert een heerlijk dik schuim en heeft een goede reinigingskracht.<\/p>","protected":false},"featured_media":27830,"comment_status":"open","ping_status":"closed","template":"","meta":{"_acf_changed":false,"_smort_price_nok":"","_smort_price_dkk":"","_smort_price_eur":"","_smort_sale_price_nok":"","_smort_sale_price_dkk":"","_smort_sale_price_eur":"","smort_restorder":"","shipmondo_restorder":"","_kad_blocks_custom_css":"","_kad_blocks_head_custom_js":"","_kad_blocks_body_custom_js":"","_kad_blocks_footer_custom_js":"","smort_custom_pricelist_1":"383.36","smort_custom_pricelist_2":"383.36","smort_custom_pricelist_3":"383.36","smort_custom_pricelist_4":"479.2","smort_custom_pricelist_5":"383.36"},"anvandningsomrade":[],"bilmarken":[],"product_brand":[2893],"product_cat":[2988,378],"product_tag":[],"class_list":{"0":"post-27832","1":"product","2":"type-product","3":"status-publish","4":"has-post-thumbnail","6":"product_brand-tershine","7":"product_cat-biltvatt","8":"product_cat-bilvard","10":"first","11":"onbackorder","12":"taxable","13":"shipping-taxable","14":"purchasable","15":"product-type-simple"},"bundled_by":[],"bundle_stock_status":"onbackorder","bundle_stock_quantity":0,"bundle_virtual":false,"bundle_layout":"","bundle_add_to_cart_form_location":"","bundle_editable_in_cart":false,"bundle_sold_individually_context":"","bundle_item_grouping":"","bundle_min_size":"","bundle_max_size":"","bundle_price":[],"bundled_items":[],"bundle_sell_ids":[],"acf":[],"yoast_head":"<!-- This site is optimized with the Yoast SEO plugin v27.0 - https:\/\/yoast.com\/product\/yoast-seo-wordpress\/ -->\n<title>Tershine Elevate - Snow Foam 5 L - Xenonkungen<\/title>\n<meta name=\"robots\" content=\"index, follow, max-snippet:-1, max-image-preview:large, max-video-preview:-1\" \/>\n<link rel=\"canonical\" href=\"https:\/\/xenonkungen.com\/nl\/product\/tershine-elevate-sneeuwschuim-5-l\/\" \/>\n<meta property=\"og:locale\" content=\"nl_NL\" \/>\n<meta property=\"og:type\" content=\"article\" \/>\n<meta property=\"og:title\" content=\"Tershine Elevate - Snow Foam 5 L - Xenonkungen\" \/>\n<meta property=\"og:description\" content=\"Foam lance skum eller f\u00f6rtv\u00e4ttsmedel gjort f\u00f6r att lyfta alla typer av organisk smuts. Den ger ett h\u00e4rligt tjockt skum och har god reng\u00f6ringsf\u00f6rm\u00e5ga.\" \/>\n<meta property=\"og:url\" content=\"https:\/\/xenonkungen.com\/nl\/product\/tershine-elevate-sneeuwschuim-5-l\/\" \/>\n<meta property=\"og:site_name\" content=\"Xenonkungen\" \/>\n<meta property=\"article:modified_time\" content=\"2026-05-12T13:31:35+00:00\" \/>\n<meta property=\"og:image\" content=\"https:\/\/xenonkungen.com\/wp-content\/uploads\/2026\/03\/YjUrK2NuWfwcMuh2VJgVChlTHFH4qmanjo66kk1d.webp\" \/>\n\t<meta property=\"og:image:width\" content=\"1024\" \/>\n\t<meta property=\"og:image:height\" content=\"1024\" \/>\n\t<meta property=\"og:image:type\" content=\"image\/webp\" \/>\n<meta name=\"twitter:card\" content=\"summary_large_image\" \/>\n<meta name=\"twitter:label1\" content=\"Geschatte leestijd\" \/>\n\t<meta name=\"twitter:data1\" content=\"2 minuten\" \/>\n<script type=\"application\/ld+json\" class=\"yoast-schema-graph\">{\"@context\":\"https:\/\/schema.org\",\"@graph\":[{\"@type\":\"WebPage\",\"@id\":\"https:\/\/xenonkungen.com\/produkt\/tershine-elevate-snow-foam-5-l\/\",\"url\":\"https:\/\/xenonkungen.com\/produkt\/tershine-elevate-snow-foam-5-l\/\",\"name\":\"Tershine Elevate - Snow Foam 5 L - Xenonkungen\",\"isPartOf\":{\"@id\":\"https:\/\/xenonkungen.com\/#website\"},\"primaryImageOfPage\":{\"@id\":\"https:\/\/xenonkungen.com\/produkt\/tershine-elevate-snow-foam-5-l\/#primaryimage\"},\"image\":{\"@id\":\"https:\/\/xenonkungen.com\/produkt\/tershine-elevate-snow-foam-5-l\/#primaryimage\"},\"thumbnailUrl\":\"https:\/\/xenonkungen.com\/wp-content\/uploads\/2026\/03\/YjUrK2NuWfwcMuh2VJgVChlTHFH4qmanjo66kk1d.webp\",\"datePublished\":\"2026-03-16T08:22:30+00:00\",\"dateModified\":\"2026-05-12T13:31:35+00:00\",\"breadcrumb\":{\"@id\":\"https:\/\/xenonkungen.com\/produkt\/tershine-elevate-snow-foam-5-l\/#breadcrumb\"},\"inLanguage\":\"nl-NL\",\"potentialAction\":[{\"@type\":\"ReadAction\",\"target\":[\"https:\/\/xenonkungen.com\/produkt\/tershine-elevate-snow-foam-5-l\/\"]}]},{\"@type\":\"ImageObject\",\"inLanguage\":\"nl-NL\",\"@id\":\"https:\/\/xenonkungen.com\/produkt\/tershine-elevate-snow-foam-5-l\/#primaryimage\",\"url\":\"https:\/\/xenonkungen.com\/wp-content\/uploads\/2026\/03\/YjUrK2NuWfwcMuh2VJgVChlTHFH4qmanjo66kk1d.webp\",\"contentUrl\":\"https:\/\/xenonkungen.com\/wp-content\/uploads\/2026\/03\/YjUrK2NuWfwcMuh2VJgVChlTHFH4qmanjo66kk1d.webp\",\"width\":1024,\"height\":1024},{\"@type\":\"BreadcrumbList\",\"@id\":\"https:\/\/xenonkungen.com\/produkt\/tershine-elevate-snow-foam-5-l\/#breadcrumb\",\"itemListElement\":[{\"@type\":\"ListItem\",\"position\":1,\"name\":\"Hem\",\"item\":\"https:\/\/xenonkungen.com\/\"},{\"@type\":\"ListItem\",\"position\":2,\"name\":\"Shop\",\"item\":\"https:\/\/xenonkungen.com\/shop\/\"},{\"@type\":\"ListItem\",\"position\":3,\"name\":\"Tershine Elevate &#8211; Snow Foam 5 L\"}]},{\"@type\":\"WebSite\",\"@id\":\"https:\/\/xenonkungen.com\/#website\",\"url\":\"https:\/\/xenonkungen.com\/\",\"name\":\"Xenonkungen\",\"description\":\"\",\"potentialAction\":[{\"@type\":\"SearchAction\",\"target\":{\"@type\":\"EntryPoint\",\"urlTemplate\":\"https:\/\/xenonkungen.com\/?s={search_term_string}\"},\"query-input\":{\"@type\":\"PropertyValueSpecification\",\"valueRequired\":true,\"valueName\":\"search_term_string\"}}],\"inLanguage\":\"nl-NL\"}]}<\/script>\n<!-- \/ Yoast SEO plugin. -->","yoast_head_json":{"title":"Tershine Elevate - Sneeuwschuim 5 L - De Xenon Koning","robots":{"index":"index","follow":"follow","max-snippet":"max-snippet:-1","max-image-preview":"max-image-preview:large","max-video-preview":"max-video-preview:-1"},"canonical":"https:\/\/xenonkungen.com\/nl\/product\/tershine-elevate-sneeuwschuim-5-l\/","og_locale":"nl_NL","og_type":"article","og_title":"Tershine Elevate - Snow Foam 5 L - Xenonkungen","og_description":"Foam lance skum eller f\u00f6rtv\u00e4ttsmedel gjort f\u00f6r att lyfta alla typer av organisk smuts. Den ger ett h\u00e4rligt tjockt skum och har god reng\u00f6ringsf\u00f6rm\u00e5ga.","og_url":"https:\/\/xenonkungen.com\/nl\/product\/tershine-elevate-sneeuwschuim-5-l\/","og_site_name":"Xenonkungen","article_modified_time":"2026-05-12T13:31:35+00:00","og_image":[{"width":1024,"height":1024,"url":"https:\/\/xenonkungen.com\/wp-content\/uploads\/2026\/03\/YjUrK2NuWfwcMuh2VJgVChlTHFH4qmanjo66kk1d.webp","type":"image\/webp"}],"twitter_card":"summary_large_image","twitter_misc":{"Geschatte leestijd":"2 minuten"},"schema":{"@context":"https:\/\/schema.org","@graph":[{"@type":"WebPage","@id":"https:\/\/xenonkungen.com\/produkt\/tershine-elevate-snow-foam-5-l\/","url":"https:\/\/xenonkungen.com\/produkt\/tershine-elevate-snow-foam-5-l\/","name":"Tershine Elevate - Sneeuwschuim 5 L - De Xenon Koning","isPartOf":{"@id":"https:\/\/xenonkungen.com\/#website"},"primaryImageOfPage":{"@id":"https:\/\/xenonkungen.com\/produkt\/tershine-elevate-snow-foam-5-l\/#primaryimage"},"image":{"@id":"https:\/\/xenonkungen.com\/produkt\/tershine-elevate-snow-foam-5-l\/#primaryimage"},"thumbnailUrl":"https:\/\/xenonkungen.com\/wp-content\/uploads\/2026\/03\/YjUrK2NuWfwcMuh2VJgVChlTHFH4qmanjo66kk1d.webp","datePublished":"2026-03-16T08:22:30+00:00","dateModified":"2026-05-12T13:31:35+00:00","breadcrumb":{"@id":"https:\/\/xenonkungen.com\/produkt\/tershine-elevate-snow-foam-5-l\/#breadcrumb"},"inLanguage":"nl-NL","potentialAction":[{"@type":"ReadAction","target":["https:\/\/xenonkungen.com\/produkt\/tershine-elevate-snow-foam-5-l\/"]}]},{"@type":"ImageObject","inLanguage":"nl-NL","@id":"https:\/\/xenonkungen.com\/produkt\/tershine-elevate-snow-foam-5-l\/#primaryimage","url":"https:\/\/xenonkungen.com\/wp-content\/uploads\/2026\/03\/YjUrK2NuWfwcMuh2VJgVChlTHFH4qmanjo66kk1d.webp","contentUrl":"https:\/\/xenonkungen.com\/wp-content\/uploads\/2026\/03\/YjUrK2NuWfwcMuh2VJgVChlTHFH4qmanjo66kk1d.webp","width":1024,"height":1024},{"@type":"BreadcrumbList","@id":"https:\/\/xenonkungen.com\/produkt\/tershine-elevate-snow-foam-5-l\/#breadcrumb","itemListElement":[{"@type":"ListItem","position":1,"name":"Hem","item":"https:\/\/xenonkungen.com\/"},{"@type":"ListItem","position":2,"name":"Shop","item":"https:\/\/xenonkungen.com\/shop\/"},{"@type":"ListItem","position":3,"name":"Tershine Elevate &#8211; Snow Foam 5 L"}]},{"@type":"WebSite","@id":"https:\/\/xenonkungen.com\/#website","url":"https:\/\/xenonkungen.com\/","name":"Xenonkungen","description":"","potentialAction":[{"@type":"SearchAction","target":{"@type":"EntryPoint","urlTemplate":"https:\/\/xenonkungen.com\/?s={search_term_string}"},"query-input":{"@type":"PropertyValueSpecification","valueRequired":true,"valueName":"search_term_string"}}],"inLanguage":"nl-NL"}]}},"taxonomy_info":{"product_brand":[{"value":2893,"label":"Tershine"}],"product_cat":[{"value":2988,"label":"1 | Biltv\u00e4tt"},{"value":378,"label":"Bilv\u00e5rd"}]},"featured_image_src_large":["https:\/\/xenonkungen.com\/wp-content\/uploads\/2026\/03\/YjUrK2NuWfwcMuh2VJgVChlTHFH4qmanjo66kk1d.webp",1024,1024,false],"author_info":[],"comment_info":0,"_links":{"self":[{"href":"https:\/\/xenonkungen.com\/nl\/wp-json\/wp\/v2\/product\/27832","targetHints":{"allow":["GET"]}}],"collection":[{"href":"https:\/\/xenonkungen.com\/nl\/wp-json\/wp\/v2\/product"}],"about":[{"href":"https:\/\/xenonkungen.com\/nl\/wp-json\/wp\/v2\/types\/product"}],"replies":[{"embeddable":true,"href":"https:\/\/xenonkungen.com\/nl\/wp-json\/wp\/v2\/comments?post=27832"}],"wp:featuredmedia":[{"embeddable":true,"href":"https:\/\/xenonkungen.com\/nl\/wp-json\/wp\/v2\/media\/27830"}],"wp:attachment":[{"href":"https:\/\/xenonkungen.com\/nl\/wp-json\/wp\/v2\/media?parent=27832"}],"wp:term":[{"taxonomy":"anvandningsomrade","embeddable":true,"href":"https:\/\/xenonkungen.com\/nl\/wp-json\/wp\/v2\/anvandningsomrade?post=27832"},{"taxonomy":"bilmarken","embeddable":true,"href":"https:\/\/xenonkungen.com\/nl\/wp-json\/wp\/v2\/bilmarken?post=27832"},{"taxonomy":"product_brand","embeddable":true,"href":"https:\/\/xenonkungen.com\/nl\/wp-json\/wp\/v2\/product_brand?post=27832"},{"taxonomy":"product_cat","embeddable":true,"href":"https:\/\/xenonkungen.com\/nl\/wp-json\/wp\/v2\/product_cat?post=27832"},{"taxonomy":"product_tag","embeddable":true,"href":"https:\/\/xenonkungen.com\/nl\/wp-json\/wp\/v2\/product_tag?post=27832"}],"curies":[{"name":"wp","href":"https:\/\/api.w.org\/{rel}","templated":true}]}}