{"id":27833,"date":"2026-03-16T09:27:33","date_gmt":"2026-03-16T08:27:33","guid":{"rendered":"https:\/\/xenonkungen.com\/?post_type=product&#038;p=27833"},"modified":"2026-05-12T14:33:33","modified_gmt":"2026-05-12T13:33:33","slug":"tershine-enhance-interieurbehandeling-500-ml","status":"publish","type":"product","link":"https:\/\/xenonkungen.com\/nl\/product\/tershine-enhance-interieurbehandeling-500-ml\/","title":{"rendered":"Tershine Enhance \u2013 Inwendige behandeling 500 ml"},"content":{"rendered":"<p>Herstelt het plastic en rubber aan de binnenkant tot nieuwstaat.<\/p>\n<p><strong>Zeer eenvoudig in gebruik.<br \/>\nLaat geen vervelende resten achter<br \/>\nGeeft een satijnen afwerking<br \/>\nHet rehydrateert het plastic en maakt het weer donker.<br \/>\nUV-bescherming<br \/>\nAntistatisch oppervlak<br \/>\nWerkt uitstekend op rubberen matten.<br \/>\nHet product is niet geclassificeerd als een product waarvoor etikettering vereist is volgens de CLP-verordening (EG) 1272\/2008.<\/strong><\/p>\n<p>Enhance \u2013 Interior Dressing is een fantastisch product dat het interieur van uw auto gemakkelijk herstelt en beschermt. Werkt uitstekend op kunststof, rubber en leer. Het maakt kunststof donkerder en cre\u00ebert een beschermende laag die vuil en UV-straling afstoot en een antistatisch oppervlak achterlaat (minder stof). Werkt ook uitstekend om leer te hydrateren en te beschermen, zelfs veganistisch leer. Zoals u begrijpt, is dit een klassieke &quot;vinylglans&quot;, maar dan met een satijnen afwerking die niet vlekkerig is en geen vettig laagje achterlaat.<\/p>\n<p>Heel makkelijk in gebruik en laat een subtiele frisse geur achter.<\/p>\n<p><strong>Hoe Enhance \u2013 Interieurbehandeling te gebruiken<\/strong><\/p>\n<p><strong>1.<\/strong>\u00a0Spuit het product op een microvezeldoek en breng het aan op het oppervlak.<\/p>\n<p><strong>2.<\/strong>\u00a0Keer de doek om en wrijf overtollig materiaal weg.<\/p>\n<p><strong>3.<\/strong>\u00a0Geniet van het herwonnen &quot;nieuwe auto&quot;-gevoel.<\/p>\n<p>PS. Werkt ook uitstekend op vloermatten, leer, enz. Probeer het gerust uit!<\/p>","protected":false},"excerpt":{"rendered":"<p>Interieurbehandeling om dat fijne gevoel van een nieuwe auto terug te brengen. Zorgt voor een vlekbestendige, antistatische, halfmatte afwerking. Herstelt kunststof en rubber tot een zo goed als nieuwe staat!<\/p>","protected":false},"featured_media":27834,"comment_status":"open","ping_status":"closed","template":"","meta":{"_acf_changed":false,"_smort_price_nok":"","_smort_price_dkk":"","_smort_price_eur":"","_smort_sale_price_nok":"","_smort_sale_price_dkk":"","_smort_sale_price_eur":"","smort_restorder":"","shipmondo_restorder":"","_kad_blocks_custom_css":"","_kad_blocks_head_custom_js":"","_kad_blocks_body_custom_js":"","_kad_blocks_footer_custom_js":"","smort_custom_pricelist_1":"127.36","smort_custom_pricelist_2":"127.36","smort_custom_pricelist_3":"127.36","smort_custom_pricelist_4":"159.2","smort_custom_pricelist_5":"127.36"},"anvandningsomrade":[],"bilmarken":[],"product_brand":[],"product_cat":[2988,378],"product_tag":[],"class_list":{"0":"post-27833","1":"product","2":"type-product","3":"status-publish","4":"has-post-thumbnail","6":"product_cat-biltvatt","7":"product_cat-bilvard","9":"first","10":"onbackorder","11":"taxable","12":"shipping-taxable","13":"purchasable","14":"product-type-simple"},"bundled_by":[],"bundle_stock_status":"onbackorder","bundle_stock_quantity":0,"bundle_virtual":false,"bundle_layout":"","bundle_add_to_cart_form_location":"","bundle_editable_in_cart":false,"bundle_sold_individually_context":"","bundle_item_grouping":"","bundle_min_size":"","bundle_max_size":"","bundle_price":[],"bundled_items":[],"bundle_sell_ids":[],"acf":[],"yoast_head":"<!-- This site is optimized with the Yoast SEO plugin v27.0 - https:\/\/yoast.com\/product\/yoast-seo-wordpress\/ -->\n<title>Tershine Enhance - Interi\u00f6rbehandling 500 ml - Xenonkungen<\/title>\n<meta name=\"robots\" content=\"index, follow, max-snippet:-1, max-image-preview:large, max-video-preview:-1\" \/>\n<link rel=\"canonical\" href=\"https:\/\/xenonkungen.com\/nl\/product\/tershine-enhance-interieurbehandeling-500-ml\/\" \/>\n<meta property=\"og:locale\" content=\"nl_NL\" \/>\n<meta property=\"og:type\" content=\"article\" \/>\n<meta property=\"og:title\" content=\"Tershine Enhance - Interi\u00f6rbehandling 500 ml - Xenonkungen\" \/>\n<meta property=\"og:description\" content=\"Interi\u00f6rbehandling f\u00f6r att ge tillbaka den d\u00e4r sk\u00f6na nybilsk\u00e4nslan. L\u00e4mnar en kladdfri, antistatisk halvmatt finish. \u00c5terst\u00e4ller plast och gummi till nyskick!\" \/>\n<meta property=\"og:url\" content=\"https:\/\/xenonkungen.com\/nl\/product\/tershine-enhance-interieurbehandeling-500-ml\/\" \/>\n<meta property=\"og:site_name\" content=\"Xenonkungen\" \/>\n<meta property=\"article:modified_time\" content=\"2026-05-12T13:33:33+00:00\" \/>\n<meta property=\"og:image\" content=\"https:\/\/xenonkungen.com\/wp-content\/uploads\/2026\/03\/6BtQAZHO6eNn5V0E4udxTI0GiMwoRlpUXmKEz7Rp.webp\" \/>\n\t<meta property=\"og:image:width\" content=\"1024\" \/>\n\t<meta property=\"og:image:height\" content=\"1024\" \/>\n\t<meta property=\"og:image:type\" content=\"image\/webp\" \/>\n<meta name=\"twitter:card\" content=\"summary_large_image\" \/>\n<meta name=\"twitter:label1\" content=\"Geschatte leestijd\" \/>\n\t<meta name=\"twitter:data1\" content=\"2 minuten\" \/>\n<script type=\"application\/ld+json\" class=\"yoast-schema-graph\">{\"@context\":\"https:\/\/schema.org\",\"@graph\":[{\"@type\":\"WebPage\",\"@id\":\"https:\/\/xenonkungen.com\/produkt\/tershine-enhance-interiorbehandling-500-ml\/\",\"url\":\"https:\/\/xenonkungen.com\/produkt\/tershine-enhance-interiorbehandling-500-ml\/\",\"name\":\"Tershine Enhance - Interi\u00f6rbehandling 500 ml - Xenonkungen\",\"isPartOf\":{\"@id\":\"https:\/\/xenonkungen.com\/#website\"},\"primaryImageOfPage\":{\"@id\":\"https:\/\/xenonkungen.com\/produkt\/tershine-enhance-interiorbehandling-500-ml\/#primaryimage\"},\"image\":{\"@id\":\"https:\/\/xenonkungen.com\/produkt\/tershine-enhance-interiorbehandling-500-ml\/#primaryimage\"},\"thumbnailUrl\":\"https:\/\/xenonkungen.com\/wp-content\/uploads\/2026\/03\/6BtQAZHO6eNn5V0E4udxTI0GiMwoRlpUXmKEz7Rp.webp\",\"datePublished\":\"2026-03-16T08:27:33+00:00\",\"dateModified\":\"2026-05-12T13:33:33+00:00\",\"breadcrumb\":{\"@id\":\"https:\/\/xenonkungen.com\/produkt\/tershine-enhance-interiorbehandling-500-ml\/#breadcrumb\"},\"inLanguage\":\"nl-NL\",\"potentialAction\":[{\"@type\":\"ReadAction\",\"target\":[\"https:\/\/xenonkungen.com\/produkt\/tershine-enhance-interiorbehandling-500-ml\/\"]}]},{\"@type\":\"ImageObject\",\"inLanguage\":\"nl-NL\",\"@id\":\"https:\/\/xenonkungen.com\/produkt\/tershine-enhance-interiorbehandling-500-ml\/#primaryimage\",\"url\":\"https:\/\/xenonkungen.com\/wp-content\/uploads\/2026\/03\/6BtQAZHO6eNn5V0E4udxTI0GiMwoRlpUXmKEz7Rp.webp\",\"contentUrl\":\"https:\/\/xenonkungen.com\/wp-content\/uploads\/2026\/03\/6BtQAZHO6eNn5V0E4udxTI0GiMwoRlpUXmKEz7Rp.webp\",\"width\":1024,\"height\":1024},{\"@type\":\"BreadcrumbList\",\"@id\":\"https:\/\/xenonkungen.com\/produkt\/tershine-enhance-interiorbehandling-500-ml\/#breadcrumb\",\"itemListElement\":[{\"@type\":\"ListItem\",\"position\":1,\"name\":\"Hem\",\"item\":\"https:\/\/xenonkungen.com\/\"},{\"@type\":\"ListItem\",\"position\":2,\"name\":\"Shop\",\"item\":\"https:\/\/xenonkungen.com\/shop\/\"},{\"@type\":\"ListItem\",\"position\":3,\"name\":\"Tershine Enhance &#8211; Interi\u00f6rbehandling 500 ml\"}]},{\"@type\":\"WebSite\",\"@id\":\"https:\/\/xenonkungen.com\/#website\",\"url\":\"https:\/\/xenonkungen.com\/\",\"name\":\"Xenonkungen\",\"description\":\"\",\"potentialAction\":[{\"@type\":\"SearchAction\",\"target\":{\"@type\":\"EntryPoint\",\"urlTemplate\":\"https:\/\/xenonkungen.com\/?s={search_term_string}\"},\"query-input\":{\"@type\":\"PropertyValueSpecification\",\"valueRequired\":true,\"valueName\":\"search_term_string\"}}],\"inLanguage\":\"nl-NL\"}]}<\/script>\n<!-- \/ Yoast SEO plugin. -->","yoast_head_json":{"title":"Tershine Enhance - Interieurbehandeling 500 ml - De Xenon-koning","robots":{"index":"index","follow":"follow","max-snippet":"max-snippet:-1","max-image-preview":"max-image-preview:large","max-video-preview":"max-video-preview:-1"},"canonical":"https:\/\/xenonkungen.com\/nl\/product\/tershine-enhance-interieurbehandeling-500-ml\/","og_locale":"nl_NL","og_type":"article","og_title":"Tershine Enhance - Interi\u00f6rbehandling 500 ml - Xenonkungen","og_description":"Interi\u00f6rbehandling f\u00f6r att ge tillbaka den d\u00e4r sk\u00f6na nybilsk\u00e4nslan. L\u00e4mnar en kladdfri, antistatisk halvmatt finish. \u00c5terst\u00e4ller plast och gummi till nyskick!","og_url":"https:\/\/xenonkungen.com\/nl\/product\/tershine-enhance-interieurbehandeling-500-ml\/","og_site_name":"Xenonkungen","article_modified_time":"2026-05-12T13:33:33+00:00","og_image":[{"width":1024,"height":1024,"url":"https:\/\/xenonkungen.com\/wp-content\/uploads\/2026\/03\/6BtQAZHO6eNn5V0E4udxTI0GiMwoRlpUXmKEz7Rp.webp","type":"image\/webp"}],"twitter_card":"summary_large_image","twitter_misc":{"Geschatte leestijd":"2 minuten"},"schema":{"@context":"https:\/\/schema.org","@graph":[{"@type":"WebPage","@id":"https:\/\/xenonkungen.com\/produkt\/tershine-enhance-interiorbehandling-500-ml\/","url":"https:\/\/xenonkungen.com\/produkt\/tershine-enhance-interiorbehandling-500-ml\/","name":"Tershine Enhance - Interieurbehandeling 500 ml - De Xenon-koning","isPartOf":{"@id":"https:\/\/xenonkungen.com\/#website"},"primaryImageOfPage":{"@id":"https:\/\/xenonkungen.com\/produkt\/tershine-enhance-interiorbehandling-500-ml\/#primaryimage"},"image":{"@id":"https:\/\/xenonkungen.com\/produkt\/tershine-enhance-interiorbehandling-500-ml\/#primaryimage"},"thumbnailUrl":"https:\/\/xenonkungen.com\/wp-content\/uploads\/2026\/03\/6BtQAZHO6eNn5V0E4udxTI0GiMwoRlpUXmKEz7Rp.webp","datePublished":"2026-03-16T08:27:33+00:00","dateModified":"2026-05-12T13:33:33+00:00","breadcrumb":{"@id":"https:\/\/xenonkungen.com\/produkt\/tershine-enhance-interiorbehandling-500-ml\/#breadcrumb"},"inLanguage":"nl-NL","potentialAction":[{"@type":"ReadAction","target":["https:\/\/xenonkungen.com\/produkt\/tershine-enhance-interiorbehandling-500-ml\/"]}]},{"@type":"ImageObject","inLanguage":"nl-NL","@id":"https:\/\/xenonkungen.com\/produkt\/tershine-enhance-interiorbehandling-500-ml\/#primaryimage","url":"https:\/\/xenonkungen.com\/wp-content\/uploads\/2026\/03\/6BtQAZHO6eNn5V0E4udxTI0GiMwoRlpUXmKEz7Rp.webp","contentUrl":"https:\/\/xenonkungen.com\/wp-content\/uploads\/2026\/03\/6BtQAZHO6eNn5V0E4udxTI0GiMwoRlpUXmKEz7Rp.webp","width":1024,"height":1024},{"@type":"BreadcrumbList","@id":"https:\/\/xenonkungen.com\/produkt\/tershine-enhance-interiorbehandling-500-ml\/#breadcrumb","itemListElement":[{"@type":"ListItem","position":1,"name":"Hem","item":"https:\/\/xenonkungen.com\/"},{"@type":"ListItem","position":2,"name":"Shop","item":"https:\/\/xenonkungen.com\/shop\/"},{"@type":"ListItem","position":3,"name":"Tershine Enhance &#8211; Interi\u00f6rbehandling 500 ml"}]},{"@type":"WebSite","@id":"https:\/\/xenonkungen.com\/#website","url":"https:\/\/xenonkungen.com\/","name":"Xenonkungen","description":"","potentialAction":[{"@type":"SearchAction","target":{"@type":"EntryPoint","urlTemplate":"https:\/\/xenonkungen.com\/?s={search_term_string}"},"query-input":{"@type":"PropertyValueSpecification","valueRequired":true,"valueName":"search_term_string"}}],"inLanguage":"nl-NL"}]}},"taxonomy_info":{"product_cat":[{"value":2988,"label":"1 | Biltv\u00e4tt"},{"value":378,"label":"Bilv\u00e5rd"}]},"featured_image_src_large":["https:\/\/xenonkungen.com\/wp-content\/uploads\/2026\/03\/6BtQAZHO6eNn5V0E4udxTI0GiMwoRlpUXmKEz7Rp.webp",1024,1024,false],"author_info":[],"comment_info":0,"_links":{"self":[{"href":"https:\/\/xenonkungen.com\/nl\/wp-json\/wp\/v2\/product\/27833","targetHints":{"allow":["GET"]}}],"collection":[{"href":"https:\/\/xenonkungen.com\/nl\/wp-json\/wp\/v2\/product"}],"about":[{"href":"https:\/\/xenonkungen.com\/nl\/wp-json\/wp\/v2\/types\/product"}],"replies":[{"embeddable":true,"href":"https:\/\/xenonkungen.com\/nl\/wp-json\/wp\/v2\/comments?post=27833"}],"wp:featuredmedia":[{"embeddable":true,"href":"https:\/\/xenonkungen.com\/nl\/wp-json\/wp\/v2\/media\/27834"}],"wp:attachment":[{"href":"https:\/\/xenonkungen.com\/nl\/wp-json\/wp\/v2\/media?parent=27833"}],"wp:term":[{"taxonomy":"anvandningsomrade","embeddable":true,"href":"https:\/\/xenonkungen.com\/nl\/wp-json\/wp\/v2\/anvandningsomrade?post=27833"},{"taxonomy":"bilmarken","embeddable":true,"href":"https:\/\/xenonkungen.com\/nl\/wp-json\/wp\/v2\/bilmarken?post=27833"},{"taxonomy":"product_brand","embeddable":true,"href":"https:\/\/xenonkungen.com\/nl\/wp-json\/wp\/v2\/product_brand?post=27833"},{"taxonomy":"product_cat","embeddable":true,"href":"https:\/\/xenonkungen.com\/nl\/wp-json\/wp\/v2\/product_cat?post=27833"},{"taxonomy":"product_tag","embeddable":true,"href":"https:\/\/xenonkungen.com\/nl\/wp-json\/wp\/v2\/product_tag?post=27833"}],"curies":[{"name":"wp","href":"https:\/\/api.w.org\/{rel}","templated":true}]}}