{"id":27835,"date":"2026-03-16T09:42:31","date_gmt":"2026-03-16T08:42:31","guid":{"rendered":"https:\/\/xenonkungen.com\/?post_type=product&#038;p=27835"},"modified":"2026-05-04T10:49:13","modified_gmt":"2026-05-04T09:49:13","slug":"tershine-extract-alkalische-ontvetting-1-l","status":"publish","type":"product","link":"https:\/\/xenonkungen.com\/nl\/product\/tershine-extract-alkalische-ontvetting-1-l\/","title":{"rendered":"Tershine Extract \u2013 Alkalische ontvetting 1 L"},"content":{"rendered":"<p>Alkalische ontvetter in superconcentraat die effectief alle soorten organisch vuil verwijdert, zoals vliegen, insecten, verkeersvuil, algen, pollen, schimmel en andere aangroei. Een must voor elke wasbeurt!<\/p>\n<p><strong>Uiterst royaal: 1 liter levert meer dan 20 liter eindproduct op.<br \/>\nBetaalbaar<br \/>\nZo wreed als een insectenverdelger.<br \/>\nZeer effectief op de meeste materialen.<br \/>\nGeschikt voor gebruik op auto&#039;s, campers, caravans, boten, terrassen, gevels, badkamers, enz.<br \/>\nWerkt het kanon in Foam Lance?<br \/>\nVriendelijk voor aluminium<br \/>\nVerkrijgbaar in verschillende maten.<br \/>\nRuikt heerlijk naar perzik<br \/>\nDe oppervlakteactieve stof(fen) in dit preparaat voldoen aan de criteria voor biologische afbreekbaarheid van de EU-verordening (EG) nr. 648\/2004 betreffende detergenten.<br \/>\nHet product is niet geclassificeerd als een product waarvoor etikettering vereist is volgens de CLP-verordening (EG) 1272\/2008.<\/p>\n<p>Waarvoor wordt alkalisch ontvetten gebruikt?<\/p>\n<p><\/strong>Lost alle vormen van organisch vuil op.<strong><br \/>\n<\/strong>Vliegen, muggen en insecten<strong><br \/>\n<\/strong>Verkeersfilm<strong><br \/>\n<\/strong>Algen en aangroei<strong><br \/>\n<\/strong>Meeldauw<strong><br \/>\n<\/strong>Perfect voor auto, caravan, camper, motor, terras en boot.<strong><br \/>\n<\/strong>Badkamer, gevel en de meeste oppervlakken<br \/>\nStabiel<br \/>\nHouten gevel<\/p>\n<p><strong>Hoe extract te verdunnen \u2013 Alkalische ontvetting:<\/strong><\/p>\n<p><strong>Zwakke mix:<\/strong>\u00a0\u00a02-4% concentraat restwater<br \/>\n<strong>Normale mengverhouding:\u00a0<\/strong>\u00a05-7% concentraat restwater<br \/>\n<strong>Sterke mix:\u00a0<\/strong>10-15% concentraat restwater<br \/>\n<strong>Zeer sterke mix:<\/strong>\u00a015-25% concentraat restwater<br \/>\n<strong>Extreem sterke mix:<\/strong>\u00a050-100% (niet laten drogen)<\/p>\n<p>Extract is een zeer effectieve en supergeconcentreerde alkalische ontvetter, perfect voor alle soorten voertuigen, vloeren, gevels, houten terrassen\/vlonders, enz. Verwijdert alle vormen van organisch vuil en ruikt heerlijk naar perzik. Meng 3-15% met water en je hebt 1 liter nodig voor meer dan 20 liter product. Werkt ook uitstekend voor grover vuil op werkplaatsvloeren, tapijten, gelcoat, enz.<\/p>\n<p><strong>Gebruik het als volgt:<\/strong><\/p>\n<p><strong>1.\u00a0<\/strong>Meng 3-15% met water (afhankelijk van de mate van vervuiling).<br \/>\n<strong>2.\u00a0<\/strong>Spray het product op het gewenste gebied en laat het 5-15 minuten inwerken (niet laten opdrogen).<br \/>\n<strong>3.\u00a0<\/strong>Spoel af met hogedrukreiniger.<br \/>\n<strong>4.\u00a0<\/strong>Begin met de volgende stap in het wasproces.<\/p>\n<p>Werkt uitstekend in een schuimpistool; doseer de juiste hoeveelheid met het mondstuk. Houd er ook rekening mee dat alle soorten chemicali\u00ebn, maar vooral ontvettingsmiddelen (koud\/alkalisch), langer nodig hebben om in te werken op het oppervlak als het koud is. Experimenteer dus met de tijd die u het prettigst vindt, tussen de 5 en 15 minuten, maar laat het niet opdrogen. Wees voorzichtig met aluminium en andere metalen, maar laat het zoals altijd niet opdrogen!<\/p>\n<p>Magisch als\u00a0<strong>vliegen-\/insectenverjager\u00a0<\/strong>Meng het product eerst aan de voorkant en voeg vervolgens een aanzienlijk sterkere formule toe, helemaal tot aan het reinigingsproces!<\/p>\n<p>Dit lost geen teer-\/asfaltvlekken op, dan heeft u ons koudontvettingsmiddel Dissolve nodig! Ook verkrijgbaar als gebruiksklare oplossing verdund tot 10%!<\/p>\n<p><strong>Veelgestelde vragen over alkalisch ontvetten:<\/strong><\/p>\n<p><strong>Wat is het verschil tussen alkalisch ontvetten en koud ontvetten?<\/strong><br \/>\nAlkalisch ontvetten lost organisch vuil op, zoals aarde, zand, vogelpoep, vliegen en muggen, terwijl koud ontvetten alle vormen van op aardolie gebaseerd vuil oplost, zoals asfalt, teer, benzine, diesel en meer.<\/p>\n<p><strong>Wanneer moet je alkalische ontvetting gebruiken?<\/strong><br \/>\nBij elke wasbeurt worden vliegen, muggen, zand, vuil en verkeersresten verwijderd, zodat het oppervlak zo schoon mogelijk is voordat je begint met shampoo\u00ebn.<\/p>\n<p><strong>Kan alkalische ontvetting op de hele auto worden toegepast?\u00a0<\/strong><br \/>\nJa, dat is prima, zorg er alleen voor dat er niets in opdroogt.<\/p>\n<p><strong>Wat houdt alkalisch ontvetten in?<\/strong><br \/>\nOntvettingsmiddelen met een hogere pH-waarde.<\/p>\n<p><strong>Hoe meng je een alkalische ontvetter?<\/strong><\/p>\n<p><em>Voor een 5%-mengsel neem je het volume, bijvoorbeeld 500 ml x 0,05 = 25 ml, voor 10% neem je 500 ml x 0,1, enzovoort!<br \/>\n<\/em><\/p>\n<p><strong>Geur:\u00a0<\/strong>Perzik<strong><br \/>\n<em><br \/>\n<\/em><\/strong><em>Bewaar op een vorstvrije plaats.<\/em><\/p>","protected":false},"excerpt":{"rendered":"<p>Supergeconcentreerde alkalische ontvetter \u2013 een krachtig reinigingsproduct dat effectief verkeersvuil, insecten, algen en ander vuil verwijdert van auto&#039;s, boten en huizen. Lost alle vormen van organisch vuil op!<\/p>","protected":false},"featured_media":27837,"comment_status":"open","ping_status":"closed","template":"","meta":{"_acf_changed":false,"_smort_price_nok":"","_smort_price_dkk":"","_smort_price_eur":"","_smort_sale_price_nok":"","_smort_sale_price_dkk":"","_smort_sale_price_eur":"","smort_restorder":"","shipmondo_restorder":"","_kad_blocks_custom_css":"","_kad_blocks_head_custom_js":"","_kad_blocks_body_custom_js":"","_kad_blocks_footer_custom_js":"","smort_custom_pricelist_1":"101.76","smort_custom_pricelist_2":"101.76","smort_custom_pricelist_3":"101.76","smort_custom_pricelist_4":"127.2","smort_custom_pricelist_5":"101.76"},"anvandningsomrade":[],"bilmarken":[],"product_brand":[2893],"product_cat":[2988,2989,378],"product_tag":[],"class_list":{"0":"post-27835","1":"product","2":"type-product","3":"status-publish","4":"has-post-thumbnail","6":"product_brand-tershine","7":"product_cat-biltvatt","8":"product_cat-avfettning","9":"product_cat-bilvard","11":"first","12":"instock","13":"taxable","14":"shipping-taxable","15":"purchasable","16":"product-type-simple"},"bundled_by":[],"bundle_stock_status":"instock","bundle_stock_quantity":1,"bundle_virtual":false,"bundle_layout":"","bundle_add_to_cart_form_location":"","bundle_editable_in_cart":false,"bundle_sold_individually_context":"","bundle_item_grouping":"","bundle_min_size":"","bundle_max_size":"","bundle_price":[],"bundled_items":[],"bundle_sell_ids":[],"acf":[],"yoast_head":"<!-- This site is optimized with the Yoast SEO plugin v27.0 - https:\/\/yoast.com\/product\/yoast-seo-wordpress\/ -->\n<title>Tershine Extract - Alkalisk avfettning 1 L - Xenonkungen<\/title>\n<meta name=\"robots\" content=\"index, follow, max-snippet:-1, max-image-preview:large, max-video-preview:-1\" \/>\n<link rel=\"canonical\" href=\"https:\/\/xenonkungen.com\/nl\/product\/tershine-extract-alkalische-ontvetting-1-l\/\" \/>\n<meta property=\"og:locale\" content=\"nl_NL\" \/>\n<meta property=\"og:type\" content=\"article\" \/>\n<meta property=\"og:title\" content=\"Tershine Extract - Alkalisk avfettning 1 L - Xenonkungen\" \/>\n<meta property=\"og:description\" content=\"Superkoncentrad alkalisk avfettning - en kraftfull reng\u00f6ringsprodukt som effektivt tar bort trafikfilm, insekter, alger och smuts fr\u00e5n bil, b\u00e5t och hus. L\u00f6ser all form av organisk smuts!\" \/>\n<meta property=\"og:url\" content=\"https:\/\/xenonkungen.com\/nl\/product\/tershine-extract-alkalische-ontvetting-1-l\/\" \/>\n<meta property=\"og:site_name\" content=\"Xenonkungen\" \/>\n<meta property=\"article:modified_time\" content=\"2026-05-04T09:49:13+00:00\" \/>\n<meta property=\"og:image\" content=\"https:\/\/xenonkungen.com\/wp-content\/uploads\/2026\/03\/kHHctWa1bDWTnQr5Ml2jzudRqKSLMjR8RQlVbrqE.webp\" \/>\n\t<meta property=\"og:image:width\" content=\"1024\" \/>\n\t<meta property=\"og:image:height\" content=\"1024\" \/>\n\t<meta property=\"og:image:type\" content=\"image\/webp\" \/>\n<meta name=\"twitter:card\" content=\"summary_large_image\" \/>\n<meta name=\"twitter:label1\" content=\"Geschatte leestijd\" \/>\n\t<meta name=\"twitter:data1\" content=\"3 minuten\" \/>\n<script type=\"application\/ld+json\" class=\"yoast-schema-graph\">{\"@context\":\"https:\/\/schema.org\",\"@graph\":[{\"@type\":\"WebPage\",\"@id\":\"https:\/\/xenonkungen.com\/produkt\/tershine-extract-alkalisk-avfettning-1-l\/\",\"url\":\"https:\/\/xenonkungen.com\/produkt\/tershine-extract-alkalisk-avfettning-1-l\/\",\"name\":\"Tershine Extract - Alkalisk avfettning 1 L - Xenonkungen\",\"isPartOf\":{\"@id\":\"https:\/\/xenonkungen.com\/#website\"},\"primaryImageOfPage\":{\"@id\":\"https:\/\/xenonkungen.com\/produkt\/tershine-extract-alkalisk-avfettning-1-l\/#primaryimage\"},\"image\":{\"@id\":\"https:\/\/xenonkungen.com\/produkt\/tershine-extract-alkalisk-avfettning-1-l\/#primaryimage\"},\"thumbnailUrl\":\"https:\/\/xenonkungen.com\/wp-content\/uploads\/2026\/03\/kHHctWa1bDWTnQr5Ml2jzudRqKSLMjR8RQlVbrqE.webp\",\"datePublished\":\"2026-03-16T08:42:31+00:00\",\"dateModified\":\"2026-05-04T09:49:13+00:00\",\"breadcrumb\":{\"@id\":\"https:\/\/xenonkungen.com\/produkt\/tershine-extract-alkalisk-avfettning-1-l\/#breadcrumb\"},\"inLanguage\":\"nl-NL\",\"potentialAction\":[{\"@type\":\"ReadAction\",\"target\":[\"https:\/\/xenonkungen.com\/produkt\/tershine-extract-alkalisk-avfettning-1-l\/\"]}]},{\"@type\":\"ImageObject\",\"inLanguage\":\"nl-NL\",\"@id\":\"https:\/\/xenonkungen.com\/produkt\/tershine-extract-alkalisk-avfettning-1-l\/#primaryimage\",\"url\":\"https:\/\/xenonkungen.com\/wp-content\/uploads\/2026\/03\/kHHctWa1bDWTnQr5Ml2jzudRqKSLMjR8RQlVbrqE.webp\",\"contentUrl\":\"https:\/\/xenonkungen.com\/wp-content\/uploads\/2026\/03\/kHHctWa1bDWTnQr5Ml2jzudRqKSLMjR8RQlVbrqE.webp\",\"width\":1024,\"height\":1024},{\"@type\":\"BreadcrumbList\",\"@id\":\"https:\/\/xenonkungen.com\/produkt\/tershine-extract-alkalisk-avfettning-1-l\/#breadcrumb\",\"itemListElement\":[{\"@type\":\"ListItem\",\"position\":1,\"name\":\"Hem\",\"item\":\"https:\/\/xenonkungen.com\/\"},{\"@type\":\"ListItem\",\"position\":2,\"name\":\"Shop\",\"item\":\"https:\/\/xenonkungen.com\/shop\/\"},{\"@type\":\"ListItem\",\"position\":3,\"name\":\"Tershine Extract &#8211; Alkalisk avfettning 1 L\"}]},{\"@type\":\"WebSite\",\"@id\":\"https:\/\/xenonkungen.com\/#website\",\"url\":\"https:\/\/xenonkungen.com\/\",\"name\":\"Xenonkungen\",\"description\":\"\",\"potentialAction\":[{\"@type\":\"SearchAction\",\"target\":{\"@type\":\"EntryPoint\",\"urlTemplate\":\"https:\/\/xenonkungen.com\/?s={search_term_string}\"},\"query-input\":{\"@type\":\"PropertyValueSpecification\",\"valueRequired\":true,\"valueName\":\"search_term_string\"}}],\"inLanguage\":\"nl-NL\"}]}<\/script>\n<!-- \/ Yoast SEO plugin. -->","yoast_head_json":{"title":"Tershine Extract - Alkalische ontvetting 1 L - Xenonkungen","robots":{"index":"index","follow":"follow","max-snippet":"max-snippet:-1","max-image-preview":"max-image-preview:large","max-video-preview":"max-video-preview:-1"},"canonical":"https:\/\/xenonkungen.com\/nl\/product\/tershine-extract-alkalische-ontvetting-1-l\/","og_locale":"nl_NL","og_type":"article","og_title":"Tershine Extract - Alkalisk avfettning 1 L - Xenonkungen","og_description":"Superkoncentrad alkalisk avfettning - en kraftfull reng\u00f6ringsprodukt som effektivt tar bort trafikfilm, insekter, alger och smuts fr\u00e5n bil, b\u00e5t och hus. L\u00f6ser all form av organisk smuts!","og_url":"https:\/\/xenonkungen.com\/nl\/product\/tershine-extract-alkalische-ontvetting-1-l\/","og_site_name":"Xenonkungen","article_modified_time":"2026-05-04T09:49:13+00:00","og_image":[{"width":1024,"height":1024,"url":"https:\/\/xenonkungen.com\/wp-content\/uploads\/2026\/03\/kHHctWa1bDWTnQr5Ml2jzudRqKSLMjR8RQlVbrqE.webp","type":"image\/webp"}],"twitter_card":"summary_large_image","twitter_misc":{"Geschatte leestijd":"3 minuten"},"schema":{"@context":"https:\/\/schema.org","@graph":[{"@type":"WebPage","@id":"https:\/\/xenonkungen.com\/produkt\/tershine-extract-alkalisk-avfettning-1-l\/","url":"https:\/\/xenonkungen.com\/produkt\/tershine-extract-alkalisk-avfettning-1-l\/","name":"Tershine Extract - Alkalische ontvetting 1 L - Xenonkungen","isPartOf":{"@id":"https:\/\/xenonkungen.com\/#website"},"primaryImageOfPage":{"@id":"https:\/\/xenonkungen.com\/produkt\/tershine-extract-alkalisk-avfettning-1-l\/#primaryimage"},"image":{"@id":"https:\/\/xenonkungen.com\/produkt\/tershine-extract-alkalisk-avfettning-1-l\/#primaryimage"},"thumbnailUrl":"https:\/\/xenonkungen.com\/wp-content\/uploads\/2026\/03\/kHHctWa1bDWTnQr5Ml2jzudRqKSLMjR8RQlVbrqE.webp","datePublished":"2026-03-16T08:42:31+00:00","dateModified":"2026-05-04T09:49:13+00:00","breadcrumb":{"@id":"https:\/\/xenonkungen.com\/produkt\/tershine-extract-alkalisk-avfettning-1-l\/#breadcrumb"},"inLanguage":"nl-NL","potentialAction":[{"@type":"ReadAction","target":["https:\/\/xenonkungen.com\/produkt\/tershine-extract-alkalisk-avfettning-1-l\/"]}]},{"@type":"ImageObject","inLanguage":"nl-NL","@id":"https:\/\/xenonkungen.com\/produkt\/tershine-extract-alkalisk-avfettning-1-l\/#primaryimage","url":"https:\/\/xenonkungen.com\/wp-content\/uploads\/2026\/03\/kHHctWa1bDWTnQr5Ml2jzudRqKSLMjR8RQlVbrqE.webp","contentUrl":"https:\/\/xenonkungen.com\/wp-content\/uploads\/2026\/03\/kHHctWa1bDWTnQr5Ml2jzudRqKSLMjR8RQlVbrqE.webp","width":1024,"height":1024},{"@type":"BreadcrumbList","@id":"https:\/\/xenonkungen.com\/produkt\/tershine-extract-alkalisk-avfettning-1-l\/#breadcrumb","itemListElement":[{"@type":"ListItem","position":1,"name":"Hem","item":"https:\/\/xenonkungen.com\/"},{"@type":"ListItem","position":2,"name":"Shop","item":"https:\/\/xenonkungen.com\/shop\/"},{"@type":"ListItem","position":3,"name":"Tershine Extract &#8211; Alkalisk avfettning 1 L"}]},{"@type":"WebSite","@id":"https:\/\/xenonkungen.com\/#website","url":"https:\/\/xenonkungen.com\/","name":"Xenonkungen","description":"","potentialAction":[{"@type":"SearchAction","target":{"@type":"EntryPoint","urlTemplate":"https:\/\/xenonkungen.com\/?s={search_term_string}"},"query-input":{"@type":"PropertyValueSpecification","valueRequired":true,"valueName":"search_term_string"}}],"inLanguage":"nl-NL"}]}},"taxonomy_info":{"product_brand":[{"value":2893,"label":"Tershine"}],"product_cat":[{"value":2988,"label":"1 | Biltv\u00e4tt"},{"value":2989,"label":"2 | Avfettning"},{"value":378,"label":"Bilv\u00e5rd"}]},"featured_image_src_large":["https:\/\/xenonkungen.com\/wp-content\/uploads\/2026\/03\/kHHctWa1bDWTnQr5Ml2jzudRqKSLMjR8RQlVbrqE.webp",1024,1024,false],"author_info":[],"comment_info":0,"_links":{"self":[{"href":"https:\/\/xenonkungen.com\/nl\/wp-json\/wp\/v2\/product\/27835","targetHints":{"allow":["GET"]}}],"collection":[{"href":"https:\/\/xenonkungen.com\/nl\/wp-json\/wp\/v2\/product"}],"about":[{"href":"https:\/\/xenonkungen.com\/nl\/wp-json\/wp\/v2\/types\/product"}],"replies":[{"embeddable":true,"href":"https:\/\/xenonkungen.com\/nl\/wp-json\/wp\/v2\/comments?post=27835"}],"wp:featuredmedia":[{"embeddable":true,"href":"https:\/\/xenonkungen.com\/nl\/wp-json\/wp\/v2\/media\/27837"}],"wp:attachment":[{"href":"https:\/\/xenonkungen.com\/nl\/wp-json\/wp\/v2\/media?parent=27835"}],"wp:term":[{"taxonomy":"anvandningsomrade","embeddable":true,"href":"https:\/\/xenonkungen.com\/nl\/wp-json\/wp\/v2\/anvandningsomrade?post=27835"},{"taxonomy":"bilmarken","embeddable":true,"href":"https:\/\/xenonkungen.com\/nl\/wp-json\/wp\/v2\/bilmarken?post=27835"},{"taxonomy":"product_brand","embeddable":true,"href":"https:\/\/xenonkungen.com\/nl\/wp-json\/wp\/v2\/product_brand?post=27835"},{"taxonomy":"product_cat","embeddable":true,"href":"https:\/\/xenonkungen.com\/nl\/wp-json\/wp\/v2\/product_cat?post=27835"},{"taxonomy":"product_tag","embeddable":true,"href":"https:\/\/xenonkungen.com\/nl\/wp-json\/wp\/v2\/product_tag?post=27835"}],"curies":[{"name":"wp","href":"https:\/\/api.w.org\/{rel}","templated":true}]}}