{"id":27841,"date":"2026-03-16T10:06:56","date_gmt":"2026-03-16T09:06:56","guid":{"rendered":"https:\/\/xenonkungen.com\/?post_type=product&#038;p=27841"},"modified":"2026-05-12T14:37:29","modified_gmt":"2026-05-12T13:37:29","slug":"tershine-extract-alkalische-ontvetting-5-l","status":"publish","type":"product","link":"https:\/\/xenonkungen.com\/nl\/product\/tershine-extract-alkalische-ontvetting-5-l\/","title":{"rendered":"Tershine Extract \u2013 Alkalische ontvetting 5 L"},"content":{"rendered":"<p data-pm-slice=\"1 1 []\">Alkalische ontvetting die alle soorten organisch vuil verwijdert, zoals vliegen, insecten, verkeersvuil, algen, pollen, schimmel en andere aangroei. Kan het hele jaar door gebruikt worden.<\/p>\n<p><strong>Uiterst royaal: 1 liter levert meer dan 20 liter eindproduct op.<br \/>\nBetaalbaar<\/strong><strong><br \/>\nZeer effectief op de meeste materialen.<\/strong><strong><br \/>\nGenadeloos tegen vliegen en muggen aan de voorkant<\/strong><strong><br \/>\nGeschikt voor gebruik op auto&#039;s, campers, caravans, boten, terrassen, gevels, badkamers, enz.<\/strong><strong><br \/>\nGeschikt voor aluminium. Verkrijgbaar in verschillende maten.<\/strong><strong><br \/>\nRuikt heerlijk naar perzik<br \/>\n<\/strong><strong>De oppervlakteactieve stof(fen) in dit preparaat voldoen aan de criteria voor biologische afbreekbaarheid van de EU-verordening (EG) nr. 648\/2004 betreffende detergenten.<br \/>\nVrij van PFAS en VOC en zonder etikettering (geen gevaarsymbolen).<br \/>\nHet product is niet geclassificeerd als een product waarvoor etikettering vereist is volgens de CLP-verordening (EG) 1272\/2008.<\/strong><\/p>\n<p>Hoe Extract te mengen \u2013 Alkalische ontvetting:<\/p>\n<p><strong>Zwakke mix:<\/strong>\u00a0\u00a02-4% concentraat restwater<br \/>\n<strong>Normale mengverhouding:<\/strong>\u00a0\u00a05-7% concentraat restwater<br \/>\n<strong>Sterke mix:<\/strong>\u00a010-15% concentraat restwater<br \/>\n<strong>Zeer sterke mix:\u00a0<\/strong>15-25% concentraat restwater<br \/>\n<strong>Extreem sterke mix:<\/strong>\u00a050-100% (niet laten drogen)<\/p>\n<p>Extract 5-liter is een zeer effectieve en supergeconcentreerde alkalische ontvetter voor alle soorten voertuigen, vloeren, gevels, enz. Het verwijdert organisch vuil en ruikt heerlijk naar perzik. Meng 5-15% met water en je hebt 1 liter nodig, wat 20 liter product oplevert. Werkt ook uitstekend voor grof vuil op vloermatten, enz.<\/p>\n<p>Fantastisch als vliegen-\/insectenafweermiddel aan de voorkant, en meng het product vervolgens tot een aanzienlijk sterkere variant, helemaal tot pure vorm!<\/p>\n<p><strong>1.<\/strong>\u00a0Meng 5-15% met water (afhankelijk van de toepassing).<\/p>\n<p><strong>2.<\/strong>\u00a0Spuit het middel over het gekozen oppervlak en laat het ongeveer een minuut inwerken. Bij koud weer (&lt;10\u00b0C) moeten alle chemicali\u00ebn aanzienlijk langer op het oppervlak blijven.<\/p>\n<p><strong>3<\/strong>Spoel af met hogedrukreiniger.<\/p>\n<p><strong>4<\/strong>Begin met de volgende stap in het wasproces.<\/p>\n<p>Werkt uitstekend in een schuimpistool; doseer de juiste hoeveelheid met het mondstuk. Houd er ook rekening mee dat alle soorten chemicali\u00ebn, vooral ontvettingsmiddelen (koud\/alkalisch), langer nodig hebben om in te werken op het oppervlak als het koud is. Ja, geloof me, het verschil is enorm. Experimenteer dus met de tijd die je het prettigst vindt, tussen de 5 en 15 minuten, maar laat het niet opdrogen. Wees voorzichtig met aluminium en andere metalen!<\/p>\n<p>Gebruik gerust onze doseermaat en drukspuit voor alkalische producten.<\/p>\n<p>Dit lost geen teer-\/asfaltvlekken op; daarvoor heeft u ons koudontvettingsmiddel Dissolve nodig! Ook verkrijgbaar als gebruiksklare verdunde oplossing volgens 10%!<\/p>\n<p>Omdat deze vraag vaak gesteld wordt, zal ik het hieronder kort en bondig uitleggen:<\/p>\n<p>Voor een 5%-mengsel neemt u het volume, bijvoorbeeld 500 ml x 0,05 = 25 ml, voor 10% neemt u 500 ml x 0,1, enzovoort. Bewaar het product vorstvrij.<\/p>","protected":false},"excerpt":{"rendered":"<p>Supergeconcentreerde alkalische ontvetter \u2013 een krachtig reinigingsproduct dat effectief verkeersvuil, insecten, algen en ander vuil verwijdert van auto&#039;s, boten en huizen. Lost alle vormen van organisch vuil op!<\/p>","protected":false},"featured_media":27842,"comment_status":"open","ping_status":"closed","template":"","meta":{"_acf_changed":false,"_smort_price_nok":"","_smort_price_dkk":"","_smort_price_eur":"","_smort_sale_price_nok":"","_smort_sale_price_dkk":"","_smort_sale_price_eur":"","smort_restorder":"","shipmondo_restorder":"","_kad_blocks_custom_css":"","_kad_blocks_head_custom_js":"","_kad_blocks_body_custom_js":"","_kad_blocks_footer_custom_js":"","smort_custom_pricelist_1":"319.36","smort_custom_pricelist_2":"319.36","smort_custom_pricelist_3":"319.36","smort_custom_pricelist_4":"399.2","smort_custom_pricelist_5":"319.36"},"anvandningsomrade":[],"bilmarken":[],"product_brand":[2893],"product_cat":[2988,2989,378],"product_tag":[],"class_list":{"0":"post-27841","1":"product","2":"type-product","3":"status-publish","4":"has-post-thumbnail","6":"product_brand-tershine","7":"product_cat-biltvatt","8":"product_cat-avfettning","9":"product_cat-bilvard","11":"first","12":"onbackorder","13":"taxable","14":"shipping-taxable","15":"purchasable","16":"product-type-simple"},"bundled_by":[],"bundle_stock_status":"onbackorder","bundle_stock_quantity":0,"bundle_virtual":false,"bundle_layout":"","bundle_add_to_cart_form_location":"","bundle_editable_in_cart":false,"bundle_sold_individually_context":"","bundle_item_grouping":"","bundle_min_size":"","bundle_max_size":"","bundle_price":[],"bundled_items":[],"bundle_sell_ids":[],"acf":[],"yoast_head":"<!-- This site is optimized with the Yoast SEO plugin v27.0 - https:\/\/yoast.com\/product\/yoast-seo-wordpress\/ -->\n<title>Tershine Extract - Alkalisk avfettning 5 L - Xenonkungen<\/title>\n<meta name=\"robots\" content=\"index, follow, max-snippet:-1, max-image-preview:large, max-video-preview:-1\" \/>\n<link rel=\"canonical\" href=\"https:\/\/xenonkungen.com\/nl\/product\/tershine-extract-alkalische-ontvetting-5-l\/\" \/>\n<meta property=\"og:locale\" content=\"nl_NL\" \/>\n<meta property=\"og:type\" content=\"article\" \/>\n<meta property=\"og:title\" content=\"Tershine Extract - Alkalisk avfettning 5 L - Xenonkungen\" \/>\n<meta property=\"og:description\" content=\"Superkoncentrad alkalisk avfettning - en kraftfull reng\u00f6ringsprodukt som effektivt tar bort trafikfilm, insekter, alger och smuts fr\u00e5n bil, b\u00e5t och hus. L\u00f6ser all form av organisk smuts!\" \/>\n<meta property=\"og:url\" content=\"https:\/\/xenonkungen.com\/nl\/product\/tershine-extract-alkalische-ontvetting-5-l\/\" \/>\n<meta property=\"og:site_name\" content=\"Xenonkungen\" \/>\n<meta property=\"article:modified_time\" content=\"2026-05-12T13:37:29+00:00\" \/>\n<meta property=\"og:image\" content=\"https:\/\/xenonkungen.com\/wp-content\/uploads\/2026\/03\/9YPLNiw5f5FWLy5Ypco7LDXnRgUYqmfi8jhZwWJk.webp\" \/>\n\t<meta property=\"og:image:width\" content=\"1024\" \/>\n\t<meta property=\"og:image:height\" content=\"1024\" \/>\n\t<meta property=\"og:image:type\" content=\"image\/webp\" \/>\n<meta name=\"twitter:card\" content=\"summary_large_image\" \/>\n<meta name=\"twitter:label1\" content=\"Geschatte leestijd\" \/>\n\t<meta name=\"twitter:data1\" content=\"3 minuten\" \/>\n<script type=\"application\/ld+json\" class=\"yoast-schema-graph\">{\"@context\":\"https:\/\/schema.org\",\"@graph\":[{\"@type\":\"WebPage\",\"@id\":\"https:\/\/xenonkungen.com\/produkt\/tershine-extract-alkalisk-avfettning-5-l\/\",\"url\":\"https:\/\/xenonkungen.com\/produkt\/tershine-extract-alkalisk-avfettning-5-l\/\",\"name\":\"Tershine Extract - Alkalisk avfettning 5 L - Xenonkungen\",\"isPartOf\":{\"@id\":\"https:\/\/xenonkungen.com\/#website\"},\"primaryImageOfPage\":{\"@id\":\"https:\/\/xenonkungen.com\/produkt\/tershine-extract-alkalisk-avfettning-5-l\/#primaryimage\"},\"image\":{\"@id\":\"https:\/\/xenonkungen.com\/produkt\/tershine-extract-alkalisk-avfettning-5-l\/#primaryimage\"},\"thumbnailUrl\":\"https:\/\/xenonkungen.com\/wp-content\/uploads\/2026\/03\/9YPLNiw5f5FWLy5Ypco7LDXnRgUYqmfi8jhZwWJk.webp\",\"datePublished\":\"2026-03-16T09:06:56+00:00\",\"dateModified\":\"2026-05-12T13:37:29+00:00\",\"breadcrumb\":{\"@id\":\"https:\/\/xenonkungen.com\/produkt\/tershine-extract-alkalisk-avfettning-5-l\/#breadcrumb\"},\"inLanguage\":\"nl-NL\",\"potentialAction\":[{\"@type\":\"ReadAction\",\"target\":[\"https:\/\/xenonkungen.com\/produkt\/tershine-extract-alkalisk-avfettning-5-l\/\"]}]},{\"@type\":\"ImageObject\",\"inLanguage\":\"nl-NL\",\"@id\":\"https:\/\/xenonkungen.com\/produkt\/tershine-extract-alkalisk-avfettning-5-l\/#primaryimage\",\"url\":\"https:\/\/xenonkungen.com\/wp-content\/uploads\/2026\/03\/9YPLNiw5f5FWLy5Ypco7LDXnRgUYqmfi8jhZwWJk.webp\",\"contentUrl\":\"https:\/\/xenonkungen.com\/wp-content\/uploads\/2026\/03\/9YPLNiw5f5FWLy5Ypco7LDXnRgUYqmfi8jhZwWJk.webp\",\"width\":1024,\"height\":1024},{\"@type\":\"BreadcrumbList\",\"@id\":\"https:\/\/xenonkungen.com\/produkt\/tershine-extract-alkalisk-avfettning-5-l\/#breadcrumb\",\"itemListElement\":[{\"@type\":\"ListItem\",\"position\":1,\"name\":\"Hem\",\"item\":\"https:\/\/xenonkungen.com\/\"},{\"@type\":\"ListItem\",\"position\":2,\"name\":\"Shop\",\"item\":\"https:\/\/xenonkungen.com\/shop\/\"},{\"@type\":\"ListItem\",\"position\":3,\"name\":\"Tershine Extract &#8211; Alkalisk avfettning 5 L\"}]},{\"@type\":\"WebSite\",\"@id\":\"https:\/\/xenonkungen.com\/#website\",\"url\":\"https:\/\/xenonkungen.com\/\",\"name\":\"Xenonkungen\",\"description\":\"\",\"potentialAction\":[{\"@type\":\"SearchAction\",\"target\":{\"@type\":\"EntryPoint\",\"urlTemplate\":\"https:\/\/xenonkungen.com\/?s={search_term_string}\"},\"query-input\":{\"@type\":\"PropertyValueSpecification\",\"valueRequired\":true,\"valueName\":\"search_term_string\"}}],\"inLanguage\":\"nl-NL\"}]}<\/script>\n<!-- \/ Yoast SEO plugin. -->","yoast_head_json":{"title":"Tershine Extract - Alkalische ontvetting 5 L - Xenonkungen","robots":{"index":"index","follow":"follow","max-snippet":"max-snippet:-1","max-image-preview":"max-image-preview:large","max-video-preview":"max-video-preview:-1"},"canonical":"https:\/\/xenonkungen.com\/nl\/product\/tershine-extract-alkalische-ontvetting-5-l\/","og_locale":"nl_NL","og_type":"article","og_title":"Tershine Extract - Alkalisk avfettning 5 L - Xenonkungen","og_description":"Superkoncentrad alkalisk avfettning - en kraftfull reng\u00f6ringsprodukt som effektivt tar bort trafikfilm, insekter, alger och smuts fr\u00e5n bil, b\u00e5t och hus. L\u00f6ser all form av organisk smuts!","og_url":"https:\/\/xenonkungen.com\/nl\/product\/tershine-extract-alkalische-ontvetting-5-l\/","og_site_name":"Xenonkungen","article_modified_time":"2026-05-12T13:37:29+00:00","og_image":[{"width":1024,"height":1024,"url":"https:\/\/xenonkungen.com\/wp-content\/uploads\/2026\/03\/9YPLNiw5f5FWLy5Ypco7LDXnRgUYqmfi8jhZwWJk.webp","type":"image\/webp"}],"twitter_card":"summary_large_image","twitter_misc":{"Geschatte leestijd":"3 minuten"},"schema":{"@context":"https:\/\/schema.org","@graph":[{"@type":"WebPage","@id":"https:\/\/xenonkungen.com\/produkt\/tershine-extract-alkalisk-avfettning-5-l\/","url":"https:\/\/xenonkungen.com\/produkt\/tershine-extract-alkalisk-avfettning-5-l\/","name":"Tershine Extract - Alkalische ontvetting 5 L - Xenonkungen","isPartOf":{"@id":"https:\/\/xenonkungen.com\/#website"},"primaryImageOfPage":{"@id":"https:\/\/xenonkungen.com\/produkt\/tershine-extract-alkalisk-avfettning-5-l\/#primaryimage"},"image":{"@id":"https:\/\/xenonkungen.com\/produkt\/tershine-extract-alkalisk-avfettning-5-l\/#primaryimage"},"thumbnailUrl":"https:\/\/xenonkungen.com\/wp-content\/uploads\/2026\/03\/9YPLNiw5f5FWLy5Ypco7LDXnRgUYqmfi8jhZwWJk.webp","datePublished":"2026-03-16T09:06:56+00:00","dateModified":"2026-05-12T13:37:29+00:00","breadcrumb":{"@id":"https:\/\/xenonkungen.com\/produkt\/tershine-extract-alkalisk-avfettning-5-l\/#breadcrumb"},"inLanguage":"nl-NL","potentialAction":[{"@type":"ReadAction","target":["https:\/\/xenonkungen.com\/produkt\/tershine-extract-alkalisk-avfettning-5-l\/"]}]},{"@type":"ImageObject","inLanguage":"nl-NL","@id":"https:\/\/xenonkungen.com\/produkt\/tershine-extract-alkalisk-avfettning-5-l\/#primaryimage","url":"https:\/\/xenonkungen.com\/wp-content\/uploads\/2026\/03\/9YPLNiw5f5FWLy5Ypco7LDXnRgUYqmfi8jhZwWJk.webp","contentUrl":"https:\/\/xenonkungen.com\/wp-content\/uploads\/2026\/03\/9YPLNiw5f5FWLy5Ypco7LDXnRgUYqmfi8jhZwWJk.webp","width":1024,"height":1024},{"@type":"BreadcrumbList","@id":"https:\/\/xenonkungen.com\/produkt\/tershine-extract-alkalisk-avfettning-5-l\/#breadcrumb","itemListElement":[{"@type":"ListItem","position":1,"name":"Hem","item":"https:\/\/xenonkungen.com\/"},{"@type":"ListItem","position":2,"name":"Shop","item":"https:\/\/xenonkungen.com\/shop\/"},{"@type":"ListItem","position":3,"name":"Tershine Extract &#8211; Alkalisk avfettning 5 L"}]},{"@type":"WebSite","@id":"https:\/\/xenonkungen.com\/#website","url":"https:\/\/xenonkungen.com\/","name":"Xenonkungen","description":"","potentialAction":[{"@type":"SearchAction","target":{"@type":"EntryPoint","urlTemplate":"https:\/\/xenonkungen.com\/?s={search_term_string}"},"query-input":{"@type":"PropertyValueSpecification","valueRequired":true,"valueName":"search_term_string"}}],"inLanguage":"nl-NL"}]}},"taxonomy_info":{"product_brand":[{"value":2893,"label":"Tershine"}],"product_cat":[{"value":2988,"label":"1 | Biltv\u00e4tt"},{"value":2989,"label":"2 | Avfettning"},{"value":378,"label":"Bilv\u00e5rd"}]},"featured_image_src_large":["https:\/\/xenonkungen.com\/wp-content\/uploads\/2026\/03\/9YPLNiw5f5FWLy5Ypco7LDXnRgUYqmfi8jhZwWJk.webp",1024,1024,false],"author_info":[],"comment_info":0,"_links":{"self":[{"href":"https:\/\/xenonkungen.com\/nl\/wp-json\/wp\/v2\/product\/27841","targetHints":{"allow":["GET"]}}],"collection":[{"href":"https:\/\/xenonkungen.com\/nl\/wp-json\/wp\/v2\/product"}],"about":[{"href":"https:\/\/xenonkungen.com\/nl\/wp-json\/wp\/v2\/types\/product"}],"replies":[{"embeddable":true,"href":"https:\/\/xenonkungen.com\/nl\/wp-json\/wp\/v2\/comments?post=27841"}],"wp:featuredmedia":[{"embeddable":true,"href":"https:\/\/xenonkungen.com\/nl\/wp-json\/wp\/v2\/media\/27842"}],"wp:attachment":[{"href":"https:\/\/xenonkungen.com\/nl\/wp-json\/wp\/v2\/media?parent=27841"}],"wp:term":[{"taxonomy":"anvandningsomrade","embeddable":true,"href":"https:\/\/xenonkungen.com\/nl\/wp-json\/wp\/v2\/anvandningsomrade?post=27841"},{"taxonomy":"bilmarken","embeddable":true,"href":"https:\/\/xenonkungen.com\/nl\/wp-json\/wp\/v2\/bilmarken?post=27841"},{"taxonomy":"product_brand","embeddable":true,"href":"https:\/\/xenonkungen.com\/nl\/wp-json\/wp\/v2\/product_brand?post=27841"},{"taxonomy":"product_cat","embeddable":true,"href":"https:\/\/xenonkungen.com\/nl\/wp-json\/wp\/v2\/product_cat?post=27841"},{"taxonomy":"product_tag","embeddable":true,"href":"https:\/\/xenonkungen.com\/nl\/wp-json\/wp\/v2\/product_tag?post=27841"}],"curies":[{"name":"wp","href":"https:\/\/api.w.org\/{rel}","templated":true}]}}