{"id":27851,"date":"2026-03-16T10:16:32","date_gmt":"2026-03-16T09:16:32","guid":{"rendered":"https:\/\/xenonkungen.com\/?post_type=product&#038;p=27851"},"modified":"2026-05-12T14:55:56","modified_gmt":"2026-05-12T13:55:56","slug":"tershine-furrify-dierenshampoo-500-ml","status":"publish","type":"product","link":"https:\/\/xenonkungen.com\/nl\/product\/tershine-furrify-dierenshampoo-500-ml\/","title":{"rendered":"Tershine Furrify \u2013 Dierenshampoo 500 ml"},"content":{"rendered":"<p>Furrify is een effectieve en milde huisdierenshampoo op plantaardige basis, geschikt voor alle soorten vacht. Perfect voor honden, paarden en katten.<\/p>\n<p><strong>Zeer effectief, maar tegelijkertijd zachtaardig.<br \/>\nPlantaardige grondstoffen<br \/>\nGeschikt voor honden, paarden, katten en meer.<br \/>\nTast de natuurlijke vetbarri\u00e8re van het dier niet aan.<br \/>\nBevat conditioner<br \/>\nGeen geur, dieren kunnen erg last krijgen van geuren.<br \/>\nGeurblokkering<br \/>\nHeel lichtjes<\/strong><\/p>\n<p>&nbsp;<\/p>\n<p><strong>Hoe Furrify \u2013 huisdierenshampoo te gebruiken<\/strong><\/p>\n<p><strong>1.<\/strong>\u00a0Besproei je dier met water.<br \/>\n<strong>2.\u00a0<\/strong><span style=\"font-family: BlinkMacSystemFont, -apple-system, Segoe UI, Roboto, Oxygen, Ubuntu, Cantarell, Fira Sans, Droid Sans, Helvetica Neue, Helvetica, Arial, sans-serif;\">Masseer een klein beetje Furrify in de vacht, of breng het direct aan op de vacht.<\/span><br \/>\n<strong>3.<\/strong><span style=\"font-family: BlinkMacSystemFont, -apple-system, Segoe UI, Roboto, Oxygen, Ubuntu, Cantarell, Fira Sans, Droid Sans, Helvetica Neue, Helvetica, Arial, sans-serif;\">\u00a0Spoel grondig af.\u00a0<\/span><br \/>\n<strong>4.<\/strong>\u00a0Geniet van een schone en fijne vriend!<\/p>\n<p><em>PS: Je kunt de gewenste hoeveelheid in een flesje voor huisdieren mengen, schudden en vervolgens direct op de vacht gieten. Je kunt ook een spuitfles gebruiken en het er zo uitspuiten.\u00a0<\/em><\/p>\n<p>&nbsp;<\/p>\n<p>Furrify is een zeer effectieve huisdierenshampoo op basis van 100% hernieuwbare grondstoffen. De formule is ontwikkeld om actief geurige organische moleculen te verwijderen, zonder de natuurlijke oliebarri\u00e8re van het dier uit te drogen. Perfect voor het wassen van uw hond, paard, kat of eigenlijk elk dier met een vacht.<\/p>\n<p>Bevat slechts drie oppervlakteactieve stoffen en een natuurlijk conserveermiddel. Het bevat natriumlaurethsulfaat, beta\u00efne en sultanine. Deze oppervlakteactieve stoffen zijn extra gezuiverd om alcoholverbindingen tijdens het productieproces te verwijderen. Dit is een volledig stabiele formule die zeer goed reinigt zonder schadelijk te zijn voor uw huisdier.<\/p>\n<div class=\"text_exposed_show\">\n<div class=\"text_exposed_show\">\n<p>Volledig vrij van parabenen en andere dubieuze stoffen. Werkt uitstekend op alle soorten vacht.<\/p>\n<p><strong>Geur:<\/strong>\u00a0Volledig geurvrij<\/p>\n<\/div>\n<\/div>","protected":false},"excerpt":{"rendered":"<p>Een effectieve en milde huisdierenshampoo voor alle soorten vacht. Perfect voor honden, paarden en katten.<\/p>","protected":false},"featured_media":27852,"comment_status":"open","ping_status":"closed","template":"","meta":{"_acf_changed":false,"_smort_price_nok":"","_smort_price_dkk":"","_smort_price_eur":"","_smort_sale_price_nok":"","_smort_sale_price_dkk":"","_smort_sale_price_eur":"","smort_restorder":"","shipmondo_restorder":"","_kad_blocks_custom_css":"","_kad_blocks_head_custom_js":"","_kad_blocks_body_custom_js":"","_kad_blocks_footer_custom_js":"","smort_custom_pricelist_1":"127.36","smort_custom_pricelist_2":"127.36","smort_custom_pricelist_3":"127.36","smort_custom_pricelist_4":"159.2","smort_custom_pricelist_5":"127.36"},"anvandningsomrade":[],"bilmarken":[],"product_brand":[2893],"product_cat":[2617,378],"product_tag":[],"class_list":{"0":"post-27851","1":"product","2":"type-product","3":"status-publish","4":"has-post-thumbnail","6":"product_brand-tershine","7":"product_cat-polering","8":"product_cat-bilvard","10":"first","11":"onbackorder","12":"taxable","13":"shipping-taxable","14":"purchasable","15":"product-type-simple"},"bundled_by":[],"bundle_stock_status":"onbackorder","bundle_stock_quantity":0,"bundle_virtual":false,"bundle_layout":"","bundle_add_to_cart_form_location":"","bundle_editable_in_cart":false,"bundle_sold_individually_context":"","bundle_item_grouping":"","bundle_min_size":"","bundle_max_size":"","bundle_price":[],"bundled_items":[],"bundle_sell_ids":[],"acf":[],"yoast_head":"<!-- This site is optimized with the Yoast SEO plugin v27.0 - https:\/\/yoast.com\/product\/yoast-seo-wordpress\/ -->\n<title>Tershine Furrify - Djurschampo 500 ml - Xenonkungen<\/title>\n<meta name=\"robots\" content=\"index, follow, max-snippet:-1, max-image-preview:large, max-video-preview:-1\" \/>\n<link rel=\"canonical\" href=\"https:\/\/xenonkungen.com\/nl\/product\/tershine-furrify-dierenshampoo-500-ml\/\" \/>\n<meta property=\"og:locale\" content=\"nl_NL\" \/>\n<meta property=\"og:type\" content=\"article\" \/>\n<meta property=\"og:title\" content=\"Tershine Furrify - Djurschampo 500 ml - Xenonkungen\" \/>\n<meta property=\"og:description\" content=\"Djurschampo som \u00e4r effektivt och skonsamt f\u00f6r alla typer av p\u00e4ls. Perfekt till hund, h\u00e4st eller katt.\" \/>\n<meta property=\"og:url\" content=\"https:\/\/xenonkungen.com\/nl\/product\/tershine-furrify-dierenshampoo-500-ml\/\" \/>\n<meta property=\"og:site_name\" content=\"Xenonkungen\" \/>\n<meta property=\"article:modified_time\" content=\"2026-05-12T13:55:56+00:00\" \/>\n<meta property=\"og:image\" content=\"https:\/\/xenonkungen.com\/wp-content\/uploads\/2026\/03\/KN5Q3i0qVi5l7tVqHLs02MBBWP4NwCQStJkc4aTk.webp\" \/>\n\t<meta property=\"og:image:width\" content=\"1024\" \/>\n\t<meta property=\"og:image:height\" content=\"1024\" \/>\n\t<meta property=\"og:image:type\" content=\"image\/webp\" \/>\n<meta name=\"twitter:card\" content=\"summary_large_image\" \/>\n<meta name=\"twitter:label1\" content=\"Geschatte leestijd\" \/>\n\t<meta name=\"twitter:data1\" content=\"2 minuten\" \/>\n<script type=\"application\/ld+json\" class=\"yoast-schema-graph\">{\"@context\":\"https:\/\/schema.org\",\"@graph\":[{\"@type\":\"WebPage\",\"@id\":\"https:\/\/xenonkungen.com\/produkt\/tershine-furrify-djurschampo-500-ml\/\",\"url\":\"https:\/\/xenonkungen.com\/produkt\/tershine-furrify-djurschampo-500-ml\/\",\"name\":\"Tershine Furrify - Djurschampo 500 ml - Xenonkungen\",\"isPartOf\":{\"@id\":\"https:\/\/xenonkungen.com\/#website\"},\"primaryImageOfPage\":{\"@id\":\"https:\/\/xenonkungen.com\/produkt\/tershine-furrify-djurschampo-500-ml\/#primaryimage\"},\"image\":{\"@id\":\"https:\/\/xenonkungen.com\/produkt\/tershine-furrify-djurschampo-500-ml\/#primaryimage\"},\"thumbnailUrl\":\"https:\/\/xenonkungen.com\/wp-content\/uploads\/2026\/03\/KN5Q3i0qVi5l7tVqHLs02MBBWP4NwCQStJkc4aTk.webp\",\"datePublished\":\"2026-03-16T09:16:32+00:00\",\"dateModified\":\"2026-05-12T13:55:56+00:00\",\"breadcrumb\":{\"@id\":\"https:\/\/xenonkungen.com\/produkt\/tershine-furrify-djurschampo-500-ml\/#breadcrumb\"},\"inLanguage\":\"nl-NL\",\"potentialAction\":[{\"@type\":\"ReadAction\",\"target\":[\"https:\/\/xenonkungen.com\/produkt\/tershine-furrify-djurschampo-500-ml\/\"]}]},{\"@type\":\"ImageObject\",\"inLanguage\":\"nl-NL\",\"@id\":\"https:\/\/xenonkungen.com\/produkt\/tershine-furrify-djurschampo-500-ml\/#primaryimage\",\"url\":\"https:\/\/xenonkungen.com\/wp-content\/uploads\/2026\/03\/KN5Q3i0qVi5l7tVqHLs02MBBWP4NwCQStJkc4aTk.webp\",\"contentUrl\":\"https:\/\/xenonkungen.com\/wp-content\/uploads\/2026\/03\/KN5Q3i0qVi5l7tVqHLs02MBBWP4NwCQStJkc4aTk.webp\",\"width\":1024,\"height\":1024},{\"@type\":\"BreadcrumbList\",\"@id\":\"https:\/\/xenonkungen.com\/produkt\/tershine-furrify-djurschampo-500-ml\/#breadcrumb\",\"itemListElement\":[{\"@type\":\"ListItem\",\"position\":1,\"name\":\"Hem\",\"item\":\"https:\/\/xenonkungen.com\/\"},{\"@type\":\"ListItem\",\"position\":2,\"name\":\"Shop\",\"item\":\"https:\/\/xenonkungen.com\/shop\/\"},{\"@type\":\"ListItem\",\"position\":3,\"name\":\"Tershine Furrify &#8211; Djurschampo 500 ml\"}]},{\"@type\":\"WebSite\",\"@id\":\"https:\/\/xenonkungen.com\/#website\",\"url\":\"https:\/\/xenonkungen.com\/\",\"name\":\"Xenonkungen\",\"description\":\"\",\"potentialAction\":[{\"@type\":\"SearchAction\",\"target\":{\"@type\":\"EntryPoint\",\"urlTemplate\":\"https:\/\/xenonkungen.com\/?s={search_term_string}\"},\"query-input\":{\"@type\":\"PropertyValueSpecification\",\"valueRequired\":true,\"valueName\":\"search_term_string\"}}],\"inLanguage\":\"nl-NL\"}]}<\/script>\n<!-- \/ Yoast SEO plugin. -->","yoast_head_json":{"title":"Tershine Furrify - Huisdierenshampoo 500 ml - De Xenon Koning","robots":{"index":"index","follow":"follow","max-snippet":"max-snippet:-1","max-image-preview":"max-image-preview:large","max-video-preview":"max-video-preview:-1"},"canonical":"https:\/\/xenonkungen.com\/nl\/product\/tershine-furrify-dierenshampoo-500-ml\/","og_locale":"nl_NL","og_type":"article","og_title":"Tershine Furrify - Djurschampo 500 ml - Xenonkungen","og_description":"Djurschampo som \u00e4r effektivt och skonsamt f\u00f6r alla typer av p\u00e4ls. Perfekt till hund, h\u00e4st eller katt.","og_url":"https:\/\/xenonkungen.com\/nl\/product\/tershine-furrify-dierenshampoo-500-ml\/","og_site_name":"Xenonkungen","article_modified_time":"2026-05-12T13:55:56+00:00","og_image":[{"width":1024,"height":1024,"url":"https:\/\/xenonkungen.com\/wp-content\/uploads\/2026\/03\/KN5Q3i0qVi5l7tVqHLs02MBBWP4NwCQStJkc4aTk.webp","type":"image\/webp"}],"twitter_card":"summary_large_image","twitter_misc":{"Geschatte leestijd":"2 minuten"},"schema":{"@context":"https:\/\/schema.org","@graph":[{"@type":"WebPage","@id":"https:\/\/xenonkungen.com\/produkt\/tershine-furrify-djurschampo-500-ml\/","url":"https:\/\/xenonkungen.com\/produkt\/tershine-furrify-djurschampo-500-ml\/","name":"Tershine Furrify - Huisdierenshampoo 500 ml - De Xenon Koning","isPartOf":{"@id":"https:\/\/xenonkungen.com\/#website"},"primaryImageOfPage":{"@id":"https:\/\/xenonkungen.com\/produkt\/tershine-furrify-djurschampo-500-ml\/#primaryimage"},"image":{"@id":"https:\/\/xenonkungen.com\/produkt\/tershine-furrify-djurschampo-500-ml\/#primaryimage"},"thumbnailUrl":"https:\/\/xenonkungen.com\/wp-content\/uploads\/2026\/03\/KN5Q3i0qVi5l7tVqHLs02MBBWP4NwCQStJkc4aTk.webp","datePublished":"2026-03-16T09:16:32+00:00","dateModified":"2026-05-12T13:55:56+00:00","breadcrumb":{"@id":"https:\/\/xenonkungen.com\/produkt\/tershine-furrify-djurschampo-500-ml\/#breadcrumb"},"inLanguage":"nl-NL","potentialAction":[{"@type":"ReadAction","target":["https:\/\/xenonkungen.com\/produkt\/tershine-furrify-djurschampo-500-ml\/"]}]},{"@type":"ImageObject","inLanguage":"nl-NL","@id":"https:\/\/xenonkungen.com\/produkt\/tershine-furrify-djurschampo-500-ml\/#primaryimage","url":"https:\/\/xenonkungen.com\/wp-content\/uploads\/2026\/03\/KN5Q3i0qVi5l7tVqHLs02MBBWP4NwCQStJkc4aTk.webp","contentUrl":"https:\/\/xenonkungen.com\/wp-content\/uploads\/2026\/03\/KN5Q3i0qVi5l7tVqHLs02MBBWP4NwCQStJkc4aTk.webp","width":1024,"height":1024},{"@type":"BreadcrumbList","@id":"https:\/\/xenonkungen.com\/produkt\/tershine-furrify-djurschampo-500-ml\/#breadcrumb","itemListElement":[{"@type":"ListItem","position":1,"name":"Hem","item":"https:\/\/xenonkungen.com\/"},{"@type":"ListItem","position":2,"name":"Shop","item":"https:\/\/xenonkungen.com\/shop\/"},{"@type":"ListItem","position":3,"name":"Tershine Furrify &#8211; Djurschampo 500 ml"}]},{"@type":"WebSite","@id":"https:\/\/xenonkungen.com\/#website","url":"https:\/\/xenonkungen.com\/","name":"Xenonkungen","description":"","potentialAction":[{"@type":"SearchAction","target":{"@type":"EntryPoint","urlTemplate":"https:\/\/xenonkungen.com\/?s={search_term_string}"},"query-input":{"@type":"PropertyValueSpecification","valueRequired":true,"valueName":"search_term_string"}}],"inLanguage":"nl-NL"}]}},"taxonomy_info":{"product_brand":[{"value":2893,"label":"Tershine"}],"product_cat":[{"value":2617,"label":"3 | Polering"},{"value":378,"label":"Bilv\u00e5rd"}]},"featured_image_src_large":["https:\/\/xenonkungen.com\/wp-content\/uploads\/2026\/03\/KN5Q3i0qVi5l7tVqHLs02MBBWP4NwCQStJkc4aTk.webp",1024,1024,false],"author_info":[],"comment_info":0,"_links":{"self":[{"href":"https:\/\/xenonkungen.com\/nl\/wp-json\/wp\/v2\/product\/27851","targetHints":{"allow":["GET"]}}],"collection":[{"href":"https:\/\/xenonkungen.com\/nl\/wp-json\/wp\/v2\/product"}],"about":[{"href":"https:\/\/xenonkungen.com\/nl\/wp-json\/wp\/v2\/types\/product"}],"replies":[{"embeddable":true,"href":"https:\/\/xenonkungen.com\/nl\/wp-json\/wp\/v2\/comments?post=27851"}],"wp:featuredmedia":[{"embeddable":true,"href":"https:\/\/xenonkungen.com\/nl\/wp-json\/wp\/v2\/media\/27852"}],"wp:attachment":[{"href":"https:\/\/xenonkungen.com\/nl\/wp-json\/wp\/v2\/media?parent=27851"}],"wp:term":[{"taxonomy":"anvandningsomrade","embeddable":true,"href":"https:\/\/xenonkungen.com\/nl\/wp-json\/wp\/v2\/anvandningsomrade?post=27851"},{"taxonomy":"bilmarken","embeddable":true,"href":"https:\/\/xenonkungen.com\/nl\/wp-json\/wp\/v2\/bilmarken?post=27851"},{"taxonomy":"product_brand","embeddable":true,"href":"https:\/\/xenonkungen.com\/nl\/wp-json\/wp\/v2\/product_brand?post=27851"},{"taxonomy":"product_cat","embeddable":true,"href":"https:\/\/xenonkungen.com\/nl\/wp-json\/wp\/v2\/product_cat?post=27851"},{"taxonomy":"product_tag","embeddable":true,"href":"https:\/\/xenonkungen.com\/nl\/wp-json\/wp\/v2\/product_tag?post=27851"}],"curies":[{"name":"wp","href":"https:\/\/api.w.org\/{rel}","templated":true}]}}