{"id":27853,"date":"2026-03-16T10:31:53","date_gmt":"2026-03-16T09:31:53","guid":{"rendered":"https:\/\/xenonkungen.com\/?post_type=product&#038;p=27853"},"modified":"2026-05-12T14:55:39","modified_gmt":"2026-05-12T13:55:39","slug":"tershine-luchtverfrisser","status":"publish","type":"product","link":"https:\/\/xenonkungen.com\/nl\/product\/tershine-luchtverfrisser\/","title":{"rendered":"Tershine luchtverfrisser"},"content":{"rendered":"<p data-start=\"175\" data-end=\"222\"><strong data-start=\"175\" data-end=\"222\">Luchtverfrisser \u2013 eenvoudig, stijlvol en effectief<\/strong><\/p>\n<p data-start=\"224\" data-end=\"399\">Een discrete luchtverfrisser die je eenvoudig in het ventilatierooster van je auto kunt klikken. Het ontwerp past perfect in het interieur en zorgt tot wel 30 dagen lang voor een constante geur \u2013 zonder te druipen.<\/p>\n<p data-start=\"401\" data-end=\"528\">Dankzij de volvolumetechnologie is de geur door het hele materiaal heen verankerd, wat zorgt voor een stabiel en langdurig effect van begin tot eind.<\/p>\n<p data-start=\"530\" data-end=\"613\">Werkt net zo goed thuis \u2013 in de kast, badkamer of waar je je ook maar even wilt opfrissen.<\/p>\n<p data-start=\"615\" data-end=\"771\"><strong data-start=\"615\" data-end=\"633\">Zo werkt het:<\/strong><br data-start=\"633\" data-end=\"636\" \/>Bevestig de clip aan het ventilatierooster en klik de luchtverfrisser vast totdat u een zacht klikje hoort. De geur zal zich automatisch verspreiden wanneer de lucht erdoorheen stroomt.<\/p>\n<p data-start=\"773\" data-end=\"851\"><strong>Verkrijgbaar in de geuren:<\/strong>\u00a0Groene appel, limoen, vanille, kauwgom, cederhout en kers. PS: de geur cederhout ruikt iets anders dan onze APC \u2013 cederhout, omdat het een combinatie is van twee verschillende houtsoorten.<\/p>","protected":false},"excerpt":{"rendered":"<p>Een kleine, stijlvolle luchtverfrisser die tot wel 30 dagen lang een constante geur verspreidt. Gemakkelijk te bevestigen aan het ventilatierooster van uw auto - of te gebruiken thuis.<\/p>","protected":false},"featured_media":27859,"comment_status":"open","ping_status":"closed","template":"","meta":{"_acf_changed":false,"_smort_price_nok":"","_smort_price_dkk":"","_smort_price_eur":"","_smort_sale_price_nok":"","_smort_sale_price_dkk":"","_smort_sale_price_eur":"","smort_restorder":"","shipmondo_restorder":"","_kad_blocks_custom_css":"","_kad_blocks_head_custom_js":"","_kad_blocks_body_custom_js":"","_kad_blocks_footer_custom_js":"","smort_custom_pricelist_1":null,"smort_custom_pricelist_2":null,"smort_custom_pricelist_3":null,"smort_custom_pricelist_4":null,"smort_custom_pricelist_5":null},"anvandningsomrade":[],"bilmarken":[],"product_brand":[2893],"product_cat":[2617,2447,378],"product_tag":[],"class_list":{"0":"post-27853","1":"product","2":"type-product","3":"status-publish","4":"has-post-thumbnail","6":"product_brand-tershine","7":"product_cat-polering","8":"product_cat-doft","9":"product_cat-bilvard","11":"first","12":"onbackorder","13":"taxable","14":"shipping-taxable","15":"purchasable","16":"product-type-variable"},"bundled_by":[],"bundle_stock_status":"onbackorder","bundle_stock_quantity":null,"bundle_virtual":false,"bundle_layout":"","bundle_add_to_cart_form_location":"","bundle_editable_in_cart":false,"bundle_sold_individually_context":"","bundle_item_grouping":"","bundle_min_size":"","bundle_max_size":"","bundle_price":[],"bundled_items":[],"bundle_sell_ids":[],"acf":[],"yoast_head":"<!-- This site is optimized with the Yoast SEO plugin v27.0 - https:\/\/yoast.com\/product\/yoast-seo-wordpress\/ -->\n<title>Tershine Luftfr\u00e4schare - Xenonkungen<\/title>\n<meta name=\"robots\" content=\"index, follow, max-snippet:-1, max-image-preview:large, max-video-preview:-1\" \/>\n<link rel=\"canonical\" href=\"https:\/\/xenonkungen.com\/nl\/product\/tershine-luchtverfrisser\/\" \/>\n<meta property=\"og:locale\" content=\"nl_NL\" \/>\n<meta property=\"og:type\" content=\"article\" \/>\n<meta property=\"og:title\" content=\"Tershine Luftfr\u00e4schare - Xenonkungen\" \/>\n<meta property=\"og:description\" content=\"Liten, stilren luftfr\u00e4schare som sprider j\u00e4mn doft i upp till 30 dagar. Enkel att klicka fast i bilens luftventil \u2013 eller anv\u00e4nda hemma\" \/>\n<meta property=\"og:url\" content=\"https:\/\/xenonkungen.com\/nl\/product\/tershine-luchtverfrisser\/\" \/>\n<meta property=\"og:site_name\" content=\"Xenonkungen\" \/>\n<meta property=\"article:modified_time\" content=\"2026-05-12T13:55:39+00:00\" \/>\n<meta property=\"og:image\" content=\"https:\/\/xenonkungen.com\/wp-content\/uploads\/2026\/03\/cTTjsaVZeK70upx4hvwOkktxgOBUSqZuhiDG5Rhk.webp\" \/>\n\t<meta property=\"og:image:width\" content=\"1024\" \/>\n\t<meta property=\"og:image:height\" content=\"1024\" \/>\n\t<meta property=\"og:image:type\" content=\"image\/webp\" \/>\n<meta name=\"twitter:card\" content=\"summary_large_image\" \/>\n<meta name=\"twitter:label1\" content=\"Geschatte leestijd\" \/>\n\t<meta name=\"twitter:data1\" content=\"1 minuut\" \/>\n<script type=\"application\/ld+json\" class=\"yoast-schema-graph\">{\"@context\":\"https:\/\/schema.org\",\"@graph\":[{\"@type\":\"WebPage\",\"@id\":\"https:\/\/xenonkungen.com\/produkt\/tershine-luftfraschare\/\",\"url\":\"https:\/\/xenonkungen.com\/produkt\/tershine-luftfraschare\/\",\"name\":\"Tershine Luftfr\u00e4schare - Xenonkungen\",\"isPartOf\":{\"@id\":\"https:\/\/xenonkungen.com\/#website\"},\"primaryImageOfPage\":{\"@id\":\"https:\/\/xenonkungen.com\/produkt\/tershine-luftfraschare\/#primaryimage\"},\"image\":{\"@id\":\"https:\/\/xenonkungen.com\/produkt\/tershine-luftfraschare\/#primaryimage\"},\"thumbnailUrl\":\"https:\/\/xenonkungen.com\/wp-content\/uploads\/2026\/03\/cTTjsaVZeK70upx4hvwOkktxgOBUSqZuhiDG5Rhk.webp\",\"datePublished\":\"2026-03-16T09:31:53+00:00\",\"dateModified\":\"2026-05-12T13:55:39+00:00\",\"breadcrumb\":{\"@id\":\"https:\/\/xenonkungen.com\/produkt\/tershine-luftfraschare\/#breadcrumb\"},\"inLanguage\":\"nl-NL\",\"potentialAction\":[{\"@type\":\"ReadAction\",\"target\":[\"https:\/\/xenonkungen.com\/produkt\/tershine-luftfraschare\/\"]}]},{\"@type\":\"ImageObject\",\"inLanguage\":\"nl-NL\",\"@id\":\"https:\/\/xenonkungen.com\/produkt\/tershine-luftfraschare\/#primaryimage\",\"url\":\"https:\/\/xenonkungen.com\/wp-content\/uploads\/2026\/03\/cTTjsaVZeK70upx4hvwOkktxgOBUSqZuhiDG5Rhk.webp\",\"contentUrl\":\"https:\/\/xenonkungen.com\/wp-content\/uploads\/2026\/03\/cTTjsaVZeK70upx4hvwOkktxgOBUSqZuhiDG5Rhk.webp\",\"width\":1024,\"height\":1024},{\"@type\":\"BreadcrumbList\",\"@id\":\"https:\/\/xenonkungen.com\/produkt\/tershine-luftfraschare\/#breadcrumb\",\"itemListElement\":[{\"@type\":\"ListItem\",\"position\":1,\"name\":\"Hem\",\"item\":\"https:\/\/xenonkungen.com\/\"},{\"@type\":\"ListItem\",\"position\":2,\"name\":\"Shop\",\"item\":\"https:\/\/xenonkungen.com\/shop\/\"},{\"@type\":\"ListItem\",\"position\":3,\"name\":\"Tershine Luftfr\u00e4schare\"}]},{\"@type\":\"WebSite\",\"@id\":\"https:\/\/xenonkungen.com\/#website\",\"url\":\"https:\/\/xenonkungen.com\/\",\"name\":\"Xenonkungen\",\"description\":\"\",\"potentialAction\":[{\"@type\":\"SearchAction\",\"target\":{\"@type\":\"EntryPoint\",\"urlTemplate\":\"https:\/\/xenonkungen.com\/?s={search_term_string}\"},\"query-input\":{\"@type\":\"PropertyValueSpecification\",\"valueRequired\":true,\"valueName\":\"search_term_string\"}}],\"inLanguage\":\"nl-NL\"}]}<\/script>\n<!-- \/ Yoast SEO plugin. -->","yoast_head_json":{"title":"Tershine luchtverfrisser - De Xenon Koning","robots":{"index":"index","follow":"follow","max-snippet":"max-snippet:-1","max-image-preview":"max-image-preview:large","max-video-preview":"max-video-preview:-1"},"canonical":"https:\/\/xenonkungen.com\/nl\/product\/tershine-luchtverfrisser\/","og_locale":"nl_NL","og_type":"article","og_title":"Tershine Luftfr\u00e4schare - Xenonkungen","og_description":"Liten, stilren luftfr\u00e4schare som sprider j\u00e4mn doft i upp till 30 dagar. Enkel att klicka fast i bilens luftventil \u2013 eller anv\u00e4nda hemma","og_url":"https:\/\/xenonkungen.com\/nl\/product\/tershine-luchtverfrisser\/","og_site_name":"Xenonkungen","article_modified_time":"2026-05-12T13:55:39+00:00","og_image":[{"width":1024,"height":1024,"url":"https:\/\/xenonkungen.com\/wp-content\/uploads\/2026\/03\/cTTjsaVZeK70upx4hvwOkktxgOBUSqZuhiDG5Rhk.webp","type":"image\/webp"}],"twitter_card":"summary_large_image","twitter_misc":{"Geschatte leestijd":"1 minuut"},"schema":{"@context":"https:\/\/schema.org","@graph":[{"@type":"WebPage","@id":"https:\/\/xenonkungen.com\/produkt\/tershine-luftfraschare\/","url":"https:\/\/xenonkungen.com\/produkt\/tershine-luftfraschare\/","name":"Tershine luchtverfrisser - De Xenon Koning","isPartOf":{"@id":"https:\/\/xenonkungen.com\/#website"},"primaryImageOfPage":{"@id":"https:\/\/xenonkungen.com\/produkt\/tershine-luftfraschare\/#primaryimage"},"image":{"@id":"https:\/\/xenonkungen.com\/produkt\/tershine-luftfraschare\/#primaryimage"},"thumbnailUrl":"https:\/\/xenonkungen.com\/wp-content\/uploads\/2026\/03\/cTTjsaVZeK70upx4hvwOkktxgOBUSqZuhiDG5Rhk.webp","datePublished":"2026-03-16T09:31:53+00:00","dateModified":"2026-05-12T13:55:39+00:00","breadcrumb":{"@id":"https:\/\/xenonkungen.com\/produkt\/tershine-luftfraschare\/#breadcrumb"},"inLanguage":"nl-NL","potentialAction":[{"@type":"ReadAction","target":["https:\/\/xenonkungen.com\/produkt\/tershine-luftfraschare\/"]}]},{"@type":"ImageObject","inLanguage":"nl-NL","@id":"https:\/\/xenonkungen.com\/produkt\/tershine-luftfraschare\/#primaryimage","url":"https:\/\/xenonkungen.com\/wp-content\/uploads\/2026\/03\/cTTjsaVZeK70upx4hvwOkktxgOBUSqZuhiDG5Rhk.webp","contentUrl":"https:\/\/xenonkungen.com\/wp-content\/uploads\/2026\/03\/cTTjsaVZeK70upx4hvwOkktxgOBUSqZuhiDG5Rhk.webp","width":1024,"height":1024},{"@type":"BreadcrumbList","@id":"https:\/\/xenonkungen.com\/produkt\/tershine-luftfraschare\/#breadcrumb","itemListElement":[{"@type":"ListItem","position":1,"name":"Hem","item":"https:\/\/xenonkungen.com\/"},{"@type":"ListItem","position":2,"name":"Shop","item":"https:\/\/xenonkungen.com\/shop\/"},{"@type":"ListItem","position":3,"name":"Tershine Luftfr\u00e4schare"}]},{"@type":"WebSite","@id":"https:\/\/xenonkungen.com\/#website","url":"https:\/\/xenonkungen.com\/","name":"Xenonkungen","description":"","potentialAction":[{"@type":"SearchAction","target":{"@type":"EntryPoint","urlTemplate":"https:\/\/xenonkungen.com\/?s={search_term_string}"},"query-input":{"@type":"PropertyValueSpecification","valueRequired":true,"valueName":"search_term_string"}}],"inLanguage":"nl-NL"}]}},"taxonomy_info":{"product_brand":[{"value":2893,"label":"Tershine"}],"product_cat":[{"value":2617,"label":"3 | Polering"},{"value":2447,"label":"Doft"},{"value":378,"label":"Bilv\u00e5rd"}]},"featured_image_src_large":["https:\/\/xenonkungen.com\/wp-content\/uploads\/2026\/03\/cTTjsaVZeK70upx4hvwOkktxgOBUSqZuhiDG5Rhk.webp",1024,1024,false],"author_info":[],"comment_info":0,"_links":{"self":[{"href":"https:\/\/xenonkungen.com\/nl\/wp-json\/wp\/v2\/product\/27853","targetHints":{"allow":["GET"]}}],"collection":[{"href":"https:\/\/xenonkungen.com\/nl\/wp-json\/wp\/v2\/product"}],"about":[{"href":"https:\/\/xenonkungen.com\/nl\/wp-json\/wp\/v2\/types\/product"}],"replies":[{"embeddable":true,"href":"https:\/\/xenonkungen.com\/nl\/wp-json\/wp\/v2\/comments?post=27853"}],"wp:featuredmedia":[{"embeddable":true,"href":"https:\/\/xenonkungen.com\/nl\/wp-json\/wp\/v2\/media\/27859"}],"wp:attachment":[{"href":"https:\/\/xenonkungen.com\/nl\/wp-json\/wp\/v2\/media?parent=27853"}],"wp:term":[{"taxonomy":"anvandningsomrade","embeddable":true,"href":"https:\/\/xenonkungen.com\/nl\/wp-json\/wp\/v2\/anvandningsomrade?post=27853"},{"taxonomy":"bilmarken","embeddable":true,"href":"https:\/\/xenonkungen.com\/nl\/wp-json\/wp\/v2\/bilmarken?post=27853"},{"taxonomy":"product_brand","embeddable":true,"href":"https:\/\/xenonkungen.com\/nl\/wp-json\/wp\/v2\/product_brand?post=27853"},{"taxonomy":"product_cat","embeddable":true,"href":"https:\/\/xenonkungen.com\/nl\/wp-json\/wp\/v2\/product_cat?post=27853"},{"taxonomy":"product_tag","embeddable":true,"href":"https:\/\/xenonkungen.com\/nl\/wp-json\/wp\/v2\/product_tag?post=27853"}],"curies":[{"name":"wp","href":"https:\/\/api.w.org\/{rel}","templated":true}]}}