{"id":27874,"date":"2026-03-16T11:20:40","date_gmt":"2026-03-16T10:20:40","guid":{"rendered":"https:\/\/xenonkungen.com\/?post_type=product&#038;p=27874"},"modified":"2026-04-24T17:47:58","modified_gmt":"2026-04-24T16:47:58","slug":"tershine-vergrootglas-sealer","status":"publish","type":"product","link":"https:\/\/xenonkungen.com\/nl\/product\/tershine-vergrootglas-sealer\/","title":{"rendered":"Tershine Magnify \u2013 Glasafdichtmiddel"},"content":{"rendered":"<p>Zeer effectieve glasafdichting (glasbehandeling\/coating) die supergemakkelijk aan te brengen is. Zorgt voor waterafstotende ramen, wat leidt tot beter zicht en verhoogde veiligheid. Het product heeft een houdbaarheid van maximaal 2 jaar (meer dan 3200 kilometer) en is voldoende voor 3-5 ramen, afhankelijk van de grootte.<\/p>\n<p><strong>Betere zichtbaarheid<br \/>\nExtreem waterafstotend oppervlak<br \/>\nLange houdbaarheid<br \/>\nUiterst eenvoudig aan te brengen.<br \/>\nGeschikt voor alle soorten glas en kunststof ramen.<br \/>\nHet product wordt geproduceerd zonder toevoeging van per- en polyfluorverbindingen (PFAS).<br \/>\nWreed op douchewanden<br \/>\nPerfect voor helmvizieren.<br \/>\n<\/strong><\/p>\n<p>Hoe te gebruiken\u00a0<strong>Vergrootglas \u2013 Glasafdichting<\/strong>:<\/p>\n<p><strong>1.<\/strong>\u00a0Reinig de ruit bijvoorbeeld met Vision \u2013 Glasreiniger of Prime \u2013 Paneelreiniger.<br \/>\n<strong>2.<\/strong>\u00a0Vouw de doek open in gedeelten en breng de doek met kruisende bewegingen aan.<br \/>\n<strong>3.<\/strong>\u00a0Laat het ongeveer 10 minuten drogen.<br \/>\n<strong>4.\u00a0<\/strong>Veeg af met een schone, pluisvrije microvezeldoek.<br \/>\n<strong>5.<\/strong>\u00a0Het was echt heel leuk, h\u00e8?<\/p>\n<p>Als je buiten staat, verdampt de alcohol sneller. Wees dus voorzichtig als je het buiten aanbrengt in de wind en hitte. Bovendien hoef je de hele doek niet in \u00e9\u00e9n keer uit te rollen!<\/p>\n<p>De doek zal ook steeds &quot;droger&quot; aanvoelen, maar is nog steeds voldoende om op meerdere ramen te gebruiken.<\/p>\n<p>Het is niet alleen fantastisch op autoruiten, maar werkt ook geweldig als glasbehandeling voor douchewanden, boten, motorvizieren, tuinhuisjes en ga zo maar door. Het is een super eenvoudig product, net als een &quot;Savett-zakje&quot;: scheur de bovenkant eraf, haal het doekje eruit en breng het aan op elk glazen of plastic raam. Laat het ongeveer 10 minuten drogen en veeg het vervolgens eenvoudig af. Uiteraard volledig vrij van PFAS en andere dubieuze stoffen (ja, fluor en andere schadelijke stoffen komen vaker voor dan je denkt in glascoatings).<\/p>\n<p>Houd er rekening mee dat hoe grondiger u de ruit van tevoren schoonmaakt, hoe beter het resultaat en hoe langer de ruit meegaat. U kunt de ruit dus gerust reinigen met onze Prime \u2013 Panel Wipe of een vergelijkbare IPA-reiniger. Houd er ook rekening mee dat de doek door de wind enz. kan verdampen. Vouw de doek daarom niet in \u00e9\u00e9n keer uit wanneer u buiten rijdt. Vouw hem in etappes uit!<\/p>\n<p><img decoding=\"async\" src=\"https:\/\/d3dnwnveix5428.cloudfront.net\/store_72f4e2a4-e492-4ff0-8f8a-c603645bdb5c\/media\/UYnhdK4LzDYprMcXM8iGNUX6kuwUi5FGkcFdcaqL.png\" \/><\/p>\n<p><span>Bevat: propaan-2-ol. GEVAAR: Licht ontvlambare vloeistof en damp. Veroorzaakt ernstige oogirritatie. Kan slaperigheid of duizeligheid veroorzaken. Raadpleeg een arts indien nodig en houd de verpakking of het etiket bij de hand. Buiten het bereik van kinderen houden. Verwijderd houden van warmte, hete oppervlakken, vonken, open vuur of andere ontstekingsbronnen. Niet roken. Vermijd het inademen van stof, dampen, nevel, gas, gassen en sproeivloeistof. Was uw handen grondig na gebruik. Lever de inhoud en de verpakking in bij een erkend afvalverwerkingsbedrijf.<\/span><\/p>","protected":false},"excerpt":{"rendered":"<p>Glasafdichting (glasbehandeling\/coating) die zeer eenvoudig aan te brengen is en als een gladde plaat wordt geleverd. Gaat lang mee en zorgt voor beter zicht!<\/p>","protected":false},"featured_media":27876,"comment_status":"open","ping_status":"closed","template":"","meta":{"_acf_changed":false,"_smort_price_nok":"","_smort_price_dkk":"","_smort_price_eur":"","_smort_sale_price_nok":"","_smort_sale_price_dkk":"","_smort_sale_price_eur":"","smort_restorder":"","shipmondo_restorder":"","_kad_blocks_custom_css":"","_kad_blocks_head_custom_js":"","_kad_blocks_body_custom_js":"","_kad_blocks_footer_custom_js":"","smort_custom_pricelist_1":"82.56","smort_custom_pricelist_2":"82.56","smort_custom_pricelist_3":"82.56","smort_custom_pricelist_4":"103.2","smort_custom_pricelist_5":"82.56"},"anvandningsomrade":[],"bilmarken":[],"product_brand":[2893],"product_cat":[2989,2614,378],"product_tag":[],"class_list":{"0":"post-27874","1":"product","2":"type-product","3":"status-publish","4":"has-post-thumbnail","6":"product_brand-tershine","7":"product_cat-avfettning","8":"product_cat-lackskydd","9":"product_cat-bilvard","11":"first","12":"instock","13":"taxable","14":"shipping-taxable","15":"purchasable","16":"product-type-simple"},"bundled_by":[],"bundle_stock_status":"instock","bundle_stock_quantity":18,"bundle_virtual":false,"bundle_layout":"","bundle_add_to_cart_form_location":"","bundle_editable_in_cart":false,"bundle_sold_individually_context":"","bundle_item_grouping":"","bundle_min_size":"","bundle_max_size":"","bundle_price":[],"bundled_items":[],"bundle_sell_ids":[],"acf":[],"yoast_head":"<!-- This site is optimized with the Yoast SEO plugin v27.0 - https:\/\/yoast.com\/product\/yoast-seo-wordpress\/ -->\n<title>Tershine Magnify - Glasf\u00f6rsegling - Xenonkungen<\/title>\n<meta name=\"robots\" content=\"index, follow, max-snippet:-1, max-image-preview:large, max-video-preview:-1\" \/>\n<link rel=\"canonical\" href=\"https:\/\/xenonkungen.com\/nl\/product\/tershine-vergrootglas-sealer\/\" \/>\n<meta property=\"og:locale\" content=\"nl_NL\" \/>\n<meta property=\"og:type\" content=\"article\" \/>\n<meta property=\"og:title\" content=\"Tershine Magnify - Glasf\u00f6rsegling - Xenonkungen\" \/>\n<meta property=\"og:description\" content=\"Glasf\u00f6rsegling (glasbehandling\/coating)\u00a0som \u00e4r superenkel att applicera och kommer som en smidig duk. L\u00e5ng h\u00e5llbarhet och b\u00e4ttre sikt!\" \/>\n<meta property=\"og:url\" content=\"https:\/\/xenonkungen.com\/nl\/product\/tershine-vergrootglas-sealer\/\" \/>\n<meta property=\"og:site_name\" content=\"Xenonkungen\" \/>\n<meta property=\"article:modified_time\" content=\"2026-04-24T16:47:58+00:00\" \/>\n<meta property=\"og:image\" content=\"https:\/\/xenonkungen.com\/wp-content\/uploads\/2026\/03\/kntdOxQJ0mybYVN1jDQH4tObDK0ulQ8K590sG6Er.webp\" \/>\n\t<meta property=\"og:image:width\" content=\"1024\" \/>\n\t<meta property=\"og:image:height\" content=\"1024\" \/>\n\t<meta property=\"og:image:type\" content=\"image\/webp\" \/>\n<meta name=\"twitter:card\" content=\"summary_large_image\" \/>\n<meta name=\"twitter:label1\" content=\"Geschatte leestijd\" \/>\n\t<meta name=\"twitter:data1\" content=\"3 minuten\" \/>\n<script type=\"application\/ld+json\" class=\"yoast-schema-graph\">{\"@context\":\"https:\/\/schema.org\",\"@graph\":[{\"@type\":\"WebPage\",\"@id\":\"https:\/\/xenonkungen.com\/produkt\/tershine-magnify-glasforsegling\/\",\"url\":\"https:\/\/xenonkungen.com\/produkt\/tershine-magnify-glasforsegling\/\",\"name\":\"Tershine Magnify - Glasf\u00f6rsegling - Xenonkungen\",\"isPartOf\":{\"@id\":\"https:\/\/xenonkungen.com\/#website\"},\"primaryImageOfPage\":{\"@id\":\"https:\/\/xenonkungen.com\/produkt\/tershine-magnify-glasforsegling\/#primaryimage\"},\"image\":{\"@id\":\"https:\/\/xenonkungen.com\/produkt\/tershine-magnify-glasforsegling\/#primaryimage\"},\"thumbnailUrl\":\"https:\/\/xenonkungen.com\/wp-content\/uploads\/2026\/03\/kntdOxQJ0mybYVN1jDQH4tObDK0ulQ8K590sG6Er.webp\",\"datePublished\":\"2026-03-16T10:20:40+00:00\",\"dateModified\":\"2026-04-24T16:47:58+00:00\",\"breadcrumb\":{\"@id\":\"https:\/\/xenonkungen.com\/produkt\/tershine-magnify-glasforsegling\/#breadcrumb\"},\"inLanguage\":\"nl-NL\",\"potentialAction\":[{\"@type\":\"ReadAction\",\"target\":[\"https:\/\/xenonkungen.com\/produkt\/tershine-magnify-glasforsegling\/\"]}]},{\"@type\":\"ImageObject\",\"inLanguage\":\"nl-NL\",\"@id\":\"https:\/\/xenonkungen.com\/produkt\/tershine-magnify-glasforsegling\/#primaryimage\",\"url\":\"https:\/\/xenonkungen.com\/wp-content\/uploads\/2026\/03\/kntdOxQJ0mybYVN1jDQH4tObDK0ulQ8K590sG6Er.webp\",\"contentUrl\":\"https:\/\/xenonkungen.com\/wp-content\/uploads\/2026\/03\/kntdOxQJ0mybYVN1jDQH4tObDK0ulQ8K590sG6Er.webp\",\"width\":1024,\"height\":1024},{\"@type\":\"BreadcrumbList\",\"@id\":\"https:\/\/xenonkungen.com\/produkt\/tershine-magnify-glasforsegling\/#breadcrumb\",\"itemListElement\":[{\"@type\":\"ListItem\",\"position\":1,\"name\":\"Hem\",\"item\":\"https:\/\/xenonkungen.com\/\"},{\"@type\":\"ListItem\",\"position\":2,\"name\":\"Shop\",\"item\":\"https:\/\/xenonkungen.com\/shop\/\"},{\"@type\":\"ListItem\",\"position\":3,\"name\":\"Tershine Magnify &#8211; Glasf\u00f6rsegling\"}]},{\"@type\":\"WebSite\",\"@id\":\"https:\/\/xenonkungen.com\/#website\",\"url\":\"https:\/\/xenonkungen.com\/\",\"name\":\"Xenonkungen\",\"description\":\"\",\"potentialAction\":[{\"@type\":\"SearchAction\",\"target\":{\"@type\":\"EntryPoint\",\"urlTemplate\":\"https:\/\/xenonkungen.com\/?s={search_term_string}\"},\"query-input\":{\"@type\":\"PropertyValueSpecification\",\"valueRequired\":true,\"valueName\":\"search_term_string\"}}],\"inLanguage\":\"nl-NL\"}]}<\/script>\n<!-- \/ Yoast SEO plugin. -->","yoast_head_json":{"title":"Tershine Magnify - Glasafdichtmiddel - Xenonkungen","robots":{"index":"index","follow":"follow","max-snippet":"max-snippet:-1","max-image-preview":"max-image-preview:large","max-video-preview":"max-video-preview:-1"},"canonical":"https:\/\/xenonkungen.com\/nl\/product\/tershine-vergrootglas-sealer\/","og_locale":"nl_NL","og_type":"article","og_title":"Tershine Magnify - Glasf\u00f6rsegling - Xenonkungen","og_description":"Glasf\u00f6rsegling (glasbehandling\/coating)\u00a0som \u00e4r superenkel att applicera och kommer som en smidig duk. L\u00e5ng h\u00e5llbarhet och b\u00e4ttre sikt!","og_url":"https:\/\/xenonkungen.com\/nl\/product\/tershine-vergrootglas-sealer\/","og_site_name":"Xenonkungen","article_modified_time":"2026-04-24T16:47:58+00:00","og_image":[{"width":1024,"height":1024,"url":"https:\/\/xenonkungen.com\/wp-content\/uploads\/2026\/03\/kntdOxQJ0mybYVN1jDQH4tObDK0ulQ8K590sG6Er.webp","type":"image\/webp"}],"twitter_card":"summary_large_image","twitter_misc":{"Geschatte leestijd":"3 minuten"},"schema":{"@context":"https:\/\/schema.org","@graph":[{"@type":"WebPage","@id":"https:\/\/xenonkungen.com\/produkt\/tershine-magnify-glasforsegling\/","url":"https:\/\/xenonkungen.com\/produkt\/tershine-magnify-glasforsegling\/","name":"Tershine Magnify - Glasafdichtmiddel - Xenonkungen","isPartOf":{"@id":"https:\/\/xenonkungen.com\/#website"},"primaryImageOfPage":{"@id":"https:\/\/xenonkungen.com\/produkt\/tershine-magnify-glasforsegling\/#primaryimage"},"image":{"@id":"https:\/\/xenonkungen.com\/produkt\/tershine-magnify-glasforsegling\/#primaryimage"},"thumbnailUrl":"https:\/\/xenonkungen.com\/wp-content\/uploads\/2026\/03\/kntdOxQJ0mybYVN1jDQH4tObDK0ulQ8K590sG6Er.webp","datePublished":"2026-03-16T10:20:40+00:00","dateModified":"2026-04-24T16:47:58+00:00","breadcrumb":{"@id":"https:\/\/xenonkungen.com\/produkt\/tershine-magnify-glasforsegling\/#breadcrumb"},"inLanguage":"nl-NL","potentialAction":[{"@type":"ReadAction","target":["https:\/\/xenonkungen.com\/produkt\/tershine-magnify-glasforsegling\/"]}]},{"@type":"ImageObject","inLanguage":"nl-NL","@id":"https:\/\/xenonkungen.com\/produkt\/tershine-magnify-glasforsegling\/#primaryimage","url":"https:\/\/xenonkungen.com\/wp-content\/uploads\/2026\/03\/kntdOxQJ0mybYVN1jDQH4tObDK0ulQ8K590sG6Er.webp","contentUrl":"https:\/\/xenonkungen.com\/wp-content\/uploads\/2026\/03\/kntdOxQJ0mybYVN1jDQH4tObDK0ulQ8K590sG6Er.webp","width":1024,"height":1024},{"@type":"BreadcrumbList","@id":"https:\/\/xenonkungen.com\/produkt\/tershine-magnify-glasforsegling\/#breadcrumb","itemListElement":[{"@type":"ListItem","position":1,"name":"Hem","item":"https:\/\/xenonkungen.com\/"},{"@type":"ListItem","position":2,"name":"Shop","item":"https:\/\/xenonkungen.com\/shop\/"},{"@type":"ListItem","position":3,"name":"Tershine Magnify &#8211; Glasf\u00f6rsegling"}]},{"@type":"WebSite","@id":"https:\/\/xenonkungen.com\/#website","url":"https:\/\/xenonkungen.com\/","name":"Xenonkungen","description":"","potentialAction":[{"@type":"SearchAction","target":{"@type":"EntryPoint","urlTemplate":"https:\/\/xenonkungen.com\/?s={search_term_string}"},"query-input":{"@type":"PropertyValueSpecification","valueRequired":true,"valueName":"search_term_string"}}],"inLanguage":"nl-NL"}]}},"taxonomy_info":{"product_brand":[{"value":2893,"label":"Tershine"}],"product_cat":[{"value":2989,"label":"2 | Avfettning"},{"value":2614,"label":"4 | Bilvax &amp; Lackskydd"},{"value":378,"label":"Bilv\u00e5rd"}]},"featured_image_src_large":["https:\/\/xenonkungen.com\/wp-content\/uploads\/2026\/03\/kntdOxQJ0mybYVN1jDQH4tObDK0ulQ8K590sG6Er.webp",1024,1024,false],"author_info":[],"comment_info":0,"_links":{"self":[{"href":"https:\/\/xenonkungen.com\/nl\/wp-json\/wp\/v2\/product\/27874","targetHints":{"allow":["GET"]}}],"collection":[{"href":"https:\/\/xenonkungen.com\/nl\/wp-json\/wp\/v2\/product"}],"about":[{"href":"https:\/\/xenonkungen.com\/nl\/wp-json\/wp\/v2\/types\/product"}],"replies":[{"embeddable":true,"href":"https:\/\/xenonkungen.com\/nl\/wp-json\/wp\/v2\/comments?post=27874"}],"wp:featuredmedia":[{"embeddable":true,"href":"https:\/\/xenonkungen.com\/nl\/wp-json\/wp\/v2\/media\/27876"}],"wp:attachment":[{"href":"https:\/\/xenonkungen.com\/nl\/wp-json\/wp\/v2\/media?parent=27874"}],"wp:term":[{"taxonomy":"anvandningsomrade","embeddable":true,"href":"https:\/\/xenonkungen.com\/nl\/wp-json\/wp\/v2\/anvandningsomrade?post=27874"},{"taxonomy":"bilmarken","embeddable":true,"href":"https:\/\/xenonkungen.com\/nl\/wp-json\/wp\/v2\/bilmarken?post=27874"},{"taxonomy":"product_brand","embeddable":true,"href":"https:\/\/xenonkungen.com\/nl\/wp-json\/wp\/v2\/product_brand?post=27874"},{"taxonomy":"product_cat","embeddable":true,"href":"https:\/\/xenonkungen.com\/nl\/wp-json\/wp\/v2\/product_cat?post=27874"},{"taxonomy":"product_tag","embeddable":true,"href":"https:\/\/xenonkungen.com\/nl\/wp-json\/wp\/v2\/product_tag?post=27874"}],"curies":[{"name":"wp","href":"https:\/\/api.w.org\/{rel}","templated":true}]}}