{"id":27877,"date":"2026-03-16T11:35:36","date_gmt":"2026-03-16T10:35:36","guid":{"rendered":"https:\/\/xenonkungen.com\/?post_type=product&#038;p=27877"},"modified":"2026-05-12T14:53:50","modified_gmt":"2026-05-12T13:53:50","slug":"tershine-vergrootwas","status":"publish","type":"product","link":"https:\/\/xenonkungen.com\/nl\/product\/tershine-vergrootwas\/","title":{"rendered":"Tershine Magnify \u2013 Wax"},"content":{"rendered":"<p>Magnify \u2013 Wax is een bekroonde autowax die keramische eigenschappen combineert met echte carnaubawas voor langdurige bescherming en een fantastische glans.\u00a0<span class=\"Apple-converted-space\">\u00a0<\/span><\/p>\n<p class=\"p3\"><b>Kenmerken:<\/b><b><\/b><\/p>\n<p class=\"p4\">-<span class=\"Apple-tab-span\"><span class=\"Apple-converted-space\">\u00a0<\/span><\/span><span class=\"s2\"><b>Eenvoudige applicatie<\/b><\/span>Eenvoudig te gebruiken, zowel voor beginners als ervaren gebruikers.<span class=\"Apple-converted-space\">\u00a0<\/span><\/p>\n<p class=\"p4\">-<span class=\"Apple-tab-span\"><span class=\"Apple-converted-space\">\u00a0<\/span><\/span><span class=\"s2\"><b>Lange houdbaarheid<\/b><\/span>Biedt duurzame bescherming tegen de elementen.<span class=\"Apple-converted-space\">\u00a0<\/span><\/p>\n<p class=\"p4\">-<span class=\"Apple-tab-span\"><span class=\"Apple-converted-space\">\u00a0<\/span><\/span><span class=\"s2\"><b>Fantastische glans en afloop.<\/b><\/span>: Cre\u00ebert een diepe glans en een hydrofoob oppervlak dat water effectief afstoot.<span class=\"Apple-converted-space\">\u00a0<\/span><\/p>\n<p class=\"p4\">-<span class=\"Apple-tab-span\"><span class=\"Apple-converted-space\">\u00a0<\/span><\/span><span class=\"s2\"><b>Veelzijdigheid<\/b><\/span>Werkt op lak, folie en PPF (lakbeschermingsfolie) en kan over andere soorten bescherming worden aangebracht.<span class=\"Apple-converted-space\">\u00a0<\/span><\/p>\n<p class=\"p3\"><b>Gebruiksaanwijzing:<\/b><b><\/b><\/p>\n<p class=\"p5\">1.<span class=\"Apple-tab-span\"><span class=\"Apple-converted-space\">\u00a0<\/span><\/span><span class=\"s2\"><b>Voorbereiding<\/b><\/span>Was het voertuig grondig en droog het oppervlak. Vermijd het gebruik van sprays zoals Refract of Apex+ voordat u de wax aanbrengt.<span class=\"Apple-converted-space\">\u00a0<\/span><\/p>\n<p class=\"p5\">2.<span class=\"Apple-tab-span\"><span class=\"Apple-converted-space\">\u00a0<\/span><\/span><span class=\"s2\"><b>Sollicitatie<\/b><\/span>Gebruik een applicator naar keuze om een dunne laag wax aan te brengen (ongeveer 5-10 ml voor een auto van normale grootte). Je kunt de wax gerust op de hele auto aanbrengen voordat je gaat polijsten.<span class=\"Apple-converted-space\">\u00a0<\/span><\/p>\n<p class=\"p5\">3.<span class=\"Apple-tab-span\"><span class=\"Apple-converted-space\">\u00a0<\/span><\/span><span class=\"s2\"><b>Debuffering<\/b><\/span>Verwijder de was grondig met een of twee microvezeldoeken. Wij adviseren een zachte microvezeldoek voor het beste resultaat.<span class=\"Apple-converted-space\">\u00a0<\/span><\/p>\n<p class=\"p5\">4.<span class=\"Apple-tab-span\"><span class=\"Apple-converted-space\">\u00a0<\/span><\/span><span class=\"s2\"><b>Geniet van het resultaat.<\/b><\/span>Bewonder de diepe glans en de beschermende laag die Magnify biedt.<span class=\"Apple-converted-space\">\u00a0<\/span><\/p>\n<p class=\"p1\">Magnify is een unieke combinatie van traditionele carnaubawas, hoogwaardige polymeren en geplateerd silicapoeder. Deze combinatie geeft het product uitstekende vuleigenschappen, waardoor lichte krasjes perfect worden opgevuld. Het is bovendien zeer gemakkelijk aan te brengen en zorgt voor een hydrofoob oppervlak dat water effectief afstoot.<\/p>","protected":false},"excerpt":{"rendered":"<p>Autowax met keramische eigenschappen en echte carnaubawas die zorgt voor een lange levensduur en een fantastische glans.<\/p>","protected":false},"featured_media":27879,"comment_status":"open","ping_status":"closed","template":"","meta":{"_acf_changed":false,"_smort_price_nok":"","_smort_price_dkk":"","_smort_price_eur":"","_smort_sale_price_nok":"","_smort_sale_price_dkk":"","_smort_sale_price_eur":"","smort_restorder":"","shipmondo_restorder":"","_kad_blocks_custom_css":"","_kad_blocks_head_custom_js":"","_kad_blocks_body_custom_js":"","_kad_blocks_footer_custom_js":"","smort_custom_pricelist_1":"383.36","smort_custom_pricelist_2":"383.36","smort_custom_pricelist_3":"383.36","smort_custom_pricelist_4":"479.2","smort_custom_pricelist_5":"383.36"},"anvandningsomrade":[],"bilmarken":[],"product_brand":[2893],"product_cat":[2989,2617,2614,378],"product_tag":[],"class_list":{"0":"post-27877","1":"product","2":"type-product","3":"status-publish","4":"has-post-thumbnail","6":"product_brand-tershine","7":"product_cat-avfettning","8":"product_cat-polering","9":"product_cat-lackskydd","10":"product_cat-bilvard","12":"first","13":"onbackorder","14":"taxable","15":"shipping-taxable","16":"purchasable","17":"product-type-simple"},"bundled_by":[],"bundle_stock_status":"onbackorder","bundle_stock_quantity":0,"bundle_virtual":false,"bundle_layout":"","bundle_add_to_cart_form_location":"","bundle_editable_in_cart":false,"bundle_sold_individually_context":"","bundle_item_grouping":"","bundle_min_size":"","bundle_max_size":"","bundle_price":[],"bundled_items":[],"bundle_sell_ids":[],"acf":[],"yoast_head":"<!-- This site is optimized with the Yoast SEO plugin v27.0 - https:\/\/yoast.com\/product\/yoast-seo-wordpress\/ -->\n<title>Tershine Magnify - Vax - Xenonkungen<\/title>\n<meta name=\"robots\" content=\"index, follow, max-snippet:-1, max-image-preview:large, max-video-preview:-1\" \/>\n<link rel=\"canonical\" href=\"https:\/\/xenonkungen.com\/nl\/product\/tershine-vergrootwas\/\" \/>\n<meta property=\"og:locale\" content=\"nl_NL\" \/>\n<meta property=\"og:type\" content=\"article\" \/>\n<meta property=\"og:title\" content=\"Tershine Magnify - Vax - Xenonkungen\" \/>\n<meta property=\"og:description\" content=\"Bilvax med keramiska egenskaper och \u00e4kta carnubavax som ger l\u00e5ng h\u00e5llbarhet och fantastisk glans.\" \/>\n<meta property=\"og:url\" content=\"https:\/\/xenonkungen.com\/nl\/product\/tershine-vergrootwas\/\" \/>\n<meta property=\"og:site_name\" content=\"Xenonkungen\" \/>\n<meta property=\"article:modified_time\" content=\"2026-05-12T13:53:50+00:00\" \/>\n<meta property=\"og:image\" content=\"https:\/\/xenonkungen.com\/wp-content\/uploads\/2026\/03\/bzREGtyIEmGoa4gpyHUj48ZXeqY1evBSc1mkI2dM.webp\" \/>\n\t<meta property=\"og:image:width\" content=\"1024\" \/>\n\t<meta property=\"og:image:height\" content=\"1024\" \/>\n\t<meta property=\"og:image:type\" content=\"image\/webp\" \/>\n<meta name=\"twitter:card\" content=\"summary_large_image\" \/>\n<meta name=\"twitter:label1\" content=\"Geschatte leestijd\" \/>\n\t<meta name=\"twitter:data1\" content=\"2 minuten\" \/>\n<script type=\"application\/ld+json\" class=\"yoast-schema-graph\">{\"@context\":\"https:\/\/schema.org\",\"@graph\":[{\"@type\":\"WebPage\",\"@id\":\"https:\/\/xenonkungen.com\/produkt\/tershine-magnify-vax\/\",\"url\":\"https:\/\/xenonkungen.com\/produkt\/tershine-magnify-vax\/\",\"name\":\"Tershine Magnify - Vax - Xenonkungen\",\"isPartOf\":{\"@id\":\"https:\/\/xenonkungen.com\/#website\"},\"primaryImageOfPage\":{\"@id\":\"https:\/\/xenonkungen.com\/produkt\/tershine-magnify-vax\/#primaryimage\"},\"image\":{\"@id\":\"https:\/\/xenonkungen.com\/produkt\/tershine-magnify-vax\/#primaryimage\"},\"thumbnailUrl\":\"https:\/\/xenonkungen.com\/wp-content\/uploads\/2026\/03\/bzREGtyIEmGoa4gpyHUj48ZXeqY1evBSc1mkI2dM.webp\",\"datePublished\":\"2026-03-16T10:35:36+00:00\",\"dateModified\":\"2026-05-12T13:53:50+00:00\",\"breadcrumb\":{\"@id\":\"https:\/\/xenonkungen.com\/produkt\/tershine-magnify-vax\/#breadcrumb\"},\"inLanguage\":\"nl-NL\",\"potentialAction\":[{\"@type\":\"ReadAction\",\"target\":[\"https:\/\/xenonkungen.com\/produkt\/tershine-magnify-vax\/\"]}]},{\"@type\":\"ImageObject\",\"inLanguage\":\"nl-NL\",\"@id\":\"https:\/\/xenonkungen.com\/produkt\/tershine-magnify-vax\/#primaryimage\",\"url\":\"https:\/\/xenonkungen.com\/wp-content\/uploads\/2026\/03\/bzREGtyIEmGoa4gpyHUj48ZXeqY1evBSc1mkI2dM.webp\",\"contentUrl\":\"https:\/\/xenonkungen.com\/wp-content\/uploads\/2026\/03\/bzREGtyIEmGoa4gpyHUj48ZXeqY1evBSc1mkI2dM.webp\",\"width\":1024,\"height\":1024},{\"@type\":\"BreadcrumbList\",\"@id\":\"https:\/\/xenonkungen.com\/produkt\/tershine-magnify-vax\/#breadcrumb\",\"itemListElement\":[{\"@type\":\"ListItem\",\"position\":1,\"name\":\"Hem\",\"item\":\"https:\/\/xenonkungen.com\/\"},{\"@type\":\"ListItem\",\"position\":2,\"name\":\"Shop\",\"item\":\"https:\/\/xenonkungen.com\/shop\/\"},{\"@type\":\"ListItem\",\"position\":3,\"name\":\"Tershine Magnify &#8211; Vax\"}]},{\"@type\":\"WebSite\",\"@id\":\"https:\/\/xenonkungen.com\/#website\",\"url\":\"https:\/\/xenonkungen.com\/\",\"name\":\"Xenonkungen\",\"description\":\"\",\"potentialAction\":[{\"@type\":\"SearchAction\",\"target\":{\"@type\":\"EntryPoint\",\"urlTemplate\":\"https:\/\/xenonkungen.com\/?s={search_term_string}\"},\"query-input\":{\"@type\":\"PropertyValueSpecification\",\"valueRequired\":true,\"valueName\":\"search_term_string\"}}],\"inLanguage\":\"nl-NL\"}]}<\/script>\n<!-- \/ Yoast SEO plugin. -->","yoast_head_json":{"title":"Tershine Magnify - Wax - De Xenon Koning","robots":{"index":"index","follow":"follow","max-snippet":"max-snippet:-1","max-image-preview":"max-image-preview:large","max-video-preview":"max-video-preview:-1"},"canonical":"https:\/\/xenonkungen.com\/nl\/product\/tershine-vergrootwas\/","og_locale":"nl_NL","og_type":"article","og_title":"Tershine Magnify - Vax - Xenonkungen","og_description":"Bilvax med keramiska egenskaper och \u00e4kta carnubavax som ger l\u00e5ng h\u00e5llbarhet och fantastisk glans.","og_url":"https:\/\/xenonkungen.com\/nl\/product\/tershine-vergrootwas\/","og_site_name":"Xenonkungen","article_modified_time":"2026-05-12T13:53:50+00:00","og_image":[{"width":1024,"height":1024,"url":"https:\/\/xenonkungen.com\/wp-content\/uploads\/2026\/03\/bzREGtyIEmGoa4gpyHUj48ZXeqY1evBSc1mkI2dM.webp","type":"image\/webp"}],"twitter_card":"summary_large_image","twitter_misc":{"Geschatte leestijd":"2 minuten"},"schema":{"@context":"https:\/\/schema.org","@graph":[{"@type":"WebPage","@id":"https:\/\/xenonkungen.com\/produkt\/tershine-magnify-vax\/","url":"https:\/\/xenonkungen.com\/produkt\/tershine-magnify-vax\/","name":"Tershine Magnify - Wax - De Xenon Koning","isPartOf":{"@id":"https:\/\/xenonkungen.com\/#website"},"primaryImageOfPage":{"@id":"https:\/\/xenonkungen.com\/produkt\/tershine-magnify-vax\/#primaryimage"},"image":{"@id":"https:\/\/xenonkungen.com\/produkt\/tershine-magnify-vax\/#primaryimage"},"thumbnailUrl":"https:\/\/xenonkungen.com\/wp-content\/uploads\/2026\/03\/bzREGtyIEmGoa4gpyHUj48ZXeqY1evBSc1mkI2dM.webp","datePublished":"2026-03-16T10:35:36+00:00","dateModified":"2026-05-12T13:53:50+00:00","breadcrumb":{"@id":"https:\/\/xenonkungen.com\/produkt\/tershine-magnify-vax\/#breadcrumb"},"inLanguage":"nl-NL","potentialAction":[{"@type":"ReadAction","target":["https:\/\/xenonkungen.com\/produkt\/tershine-magnify-vax\/"]}]},{"@type":"ImageObject","inLanguage":"nl-NL","@id":"https:\/\/xenonkungen.com\/produkt\/tershine-magnify-vax\/#primaryimage","url":"https:\/\/xenonkungen.com\/wp-content\/uploads\/2026\/03\/bzREGtyIEmGoa4gpyHUj48ZXeqY1evBSc1mkI2dM.webp","contentUrl":"https:\/\/xenonkungen.com\/wp-content\/uploads\/2026\/03\/bzREGtyIEmGoa4gpyHUj48ZXeqY1evBSc1mkI2dM.webp","width":1024,"height":1024},{"@type":"BreadcrumbList","@id":"https:\/\/xenonkungen.com\/produkt\/tershine-magnify-vax\/#breadcrumb","itemListElement":[{"@type":"ListItem","position":1,"name":"Hem","item":"https:\/\/xenonkungen.com\/"},{"@type":"ListItem","position":2,"name":"Shop","item":"https:\/\/xenonkungen.com\/shop\/"},{"@type":"ListItem","position":3,"name":"Tershine Magnify &#8211; Vax"}]},{"@type":"WebSite","@id":"https:\/\/xenonkungen.com\/#website","url":"https:\/\/xenonkungen.com\/","name":"Xenonkungen","description":"","potentialAction":[{"@type":"SearchAction","target":{"@type":"EntryPoint","urlTemplate":"https:\/\/xenonkungen.com\/?s={search_term_string}"},"query-input":{"@type":"PropertyValueSpecification","valueRequired":true,"valueName":"search_term_string"}}],"inLanguage":"nl-NL"}]}},"taxonomy_info":{"product_brand":[{"value":2893,"label":"Tershine"}],"product_cat":[{"value":2989,"label":"2 | Avfettning"},{"value":2617,"label":"3 | Polering"},{"value":2614,"label":"4 | Bilvax &amp; Lackskydd"},{"value":378,"label":"Bilv\u00e5rd"}]},"featured_image_src_large":["https:\/\/xenonkungen.com\/wp-content\/uploads\/2026\/03\/bzREGtyIEmGoa4gpyHUj48ZXeqY1evBSc1mkI2dM.webp",1024,1024,false],"author_info":[],"comment_info":0,"_links":{"self":[{"href":"https:\/\/xenonkungen.com\/nl\/wp-json\/wp\/v2\/product\/27877","targetHints":{"allow":["GET"]}}],"collection":[{"href":"https:\/\/xenonkungen.com\/nl\/wp-json\/wp\/v2\/product"}],"about":[{"href":"https:\/\/xenonkungen.com\/nl\/wp-json\/wp\/v2\/types\/product"}],"replies":[{"embeddable":true,"href":"https:\/\/xenonkungen.com\/nl\/wp-json\/wp\/v2\/comments?post=27877"}],"wp:featuredmedia":[{"embeddable":true,"href":"https:\/\/xenonkungen.com\/nl\/wp-json\/wp\/v2\/media\/27879"}],"wp:attachment":[{"href":"https:\/\/xenonkungen.com\/nl\/wp-json\/wp\/v2\/media?parent=27877"}],"wp:term":[{"taxonomy":"anvandningsomrade","embeddable":true,"href":"https:\/\/xenonkungen.com\/nl\/wp-json\/wp\/v2\/anvandningsomrade?post=27877"},{"taxonomy":"bilmarken","embeddable":true,"href":"https:\/\/xenonkungen.com\/nl\/wp-json\/wp\/v2\/bilmarken?post=27877"},{"taxonomy":"product_brand","embeddable":true,"href":"https:\/\/xenonkungen.com\/nl\/wp-json\/wp\/v2\/product_brand?post=27877"},{"taxonomy":"product_cat","embeddable":true,"href":"https:\/\/xenonkungen.com\/nl\/wp-json\/wp\/v2\/product_cat?post=27877"},{"taxonomy":"product_tag","embeddable":true,"href":"https:\/\/xenonkungen.com\/nl\/wp-json\/wp\/v2\/product_tag?post=27877"}],"curies":[{"name":"wp","href":"https:\/\/api.w.org\/{rel}","templated":true}]}}