{"id":27889,"date":"2026-03-16T11:51:07","date_gmt":"2026-03-16T10:51:07","guid":{"rendered":"https:\/\/xenonkungen.com\/?post_type=product&#038;p=27889"},"modified":"2026-05-12T14:52:43","modified_gmt":"2026-05-12T13:52:43","slug":"tershine-microvezelglas","status":"publish","type":"product","link":"https:\/\/xenonkungen.com\/nl\/product\/tershine-microvezelglas\/","title":{"rendered":"Tershine Microvezel \u2013 Glas"},"content":{"rendered":"<p>Microvezeldoek speciaal geschikt voor het reinigen van glas.<\/p>\n<p><strong>Laat geen strepen achter<br \/>\nStevig materiaal<br \/>\nZeer effectief, ongeacht het middel.<br \/>\nKan steeds opnieuw gewassen worden.<br \/>\nPerfect voor gebruik thuis, op de boot, in de camper of caravan.<\/strong><\/p>\n<p>Een erg fijn doekje dat geen strepen of productresten achterlaat. Uiteraard een perfecte combinatie met Tershine Vision Glass Cleaner. Ons favoriete doekje voor kristalheldere ramen en spiegels, zowel in de auto als thuis.<\/p>\n<p><strong>GSM:<\/strong>\u00a0550<br \/>\n<strong>Grootte:<\/strong>\u00a040x40 cm<br \/>\n<strong>Materiaal:<\/strong>\u00a070% polyester, 30% polyamide<\/p>\n<p><strong>Onderhoudsinstructies:<\/strong>\u00a0Was op 40 graden zonder wasverzachter. Gebruik geen gewoon wasmiddel, want dat kan de vezels &#039;sluiten&#039; en de kleding daardoor minder goed laten functioneren. Gebruik Refresh - Fiber Wash (een wasmiddel voor microvezels) of APC\/Alkaline (een wasmiddel met kurk) en dat werkt meestal prima.<\/p>","protected":false},"excerpt":{"rendered":"<p>Microvezeldoek speciaal geschikt voor het reinigen van glas.<\/p>","protected":false},"featured_media":27890,"comment_status":"open","ping_status":"closed","template":"","meta":{"_acf_changed":false,"_smort_price_nok":"","_smort_price_dkk":"","_smort_price_eur":"","_smort_sale_price_nok":"","_smort_sale_price_dkk":"","_smort_sale_price_eur":"","smort_restorder":"","shipmondo_restorder":"","_kad_blocks_custom_css":"","_kad_blocks_head_custom_js":"","_kad_blocks_body_custom_js":"","_kad_blocks_footer_custom_js":"","smort_custom_pricelist_1":"50.56","smort_custom_pricelist_2":"50.56","smort_custom_pricelist_3":"50.56","smort_custom_pricelist_4":"63.2","smort_custom_pricelist_5":"50.56"},"anvandningsomrade":[],"bilmarken":[],"product_brand":[2893],"product_cat":[2988,2450,378],"product_tag":[],"class_list":{"0":"post-27889","1":"product","2":"type-product","3":"status-publish","4":"has-post-thumbnail","6":"product_brand-tershine","7":"product_cat-biltvatt","8":"product_cat-tillbehor-bilvard","9":"product_cat-bilvard","11":"first","12":"onbackorder","13":"taxable","14":"shipping-taxable","15":"purchasable","16":"product-type-simple"},"bundled_by":[],"bundle_stock_status":"onbackorder","bundle_stock_quantity":0,"bundle_virtual":false,"bundle_layout":"","bundle_add_to_cart_form_location":"","bundle_editable_in_cart":false,"bundle_sold_individually_context":"","bundle_item_grouping":"","bundle_min_size":"","bundle_max_size":"","bundle_price":[],"bundled_items":[],"bundle_sell_ids":[],"acf":[],"yoast_head":"<!-- This site is optimized with the Yoast SEO plugin v27.0 - https:\/\/yoast.com\/product\/yoast-seo-wordpress\/ -->\n<title>Tershine Mikrofiber - Glas - Xenonkungen<\/title>\n<meta name=\"robots\" content=\"index, follow, max-snippet:-1, max-image-preview:large, max-video-preview:-1\" \/>\n<link rel=\"canonical\" href=\"https:\/\/xenonkungen.com\/nl\/product\/tershine-microvezelglas\/\" \/>\n<meta property=\"og:locale\" content=\"nl_NL\" \/>\n<meta property=\"og:type\" content=\"article\" \/>\n<meta property=\"og:title\" content=\"Tershine Mikrofiber - Glas - Xenonkungen\" \/>\n<meta property=\"og:description\" content=\"Mikrofiberduk speciellt anpassad f\u00f6r reng\u00f6ring av glas.\" \/>\n<meta property=\"og:url\" content=\"https:\/\/xenonkungen.com\/nl\/product\/tershine-microvezelglas\/\" \/>\n<meta property=\"og:site_name\" content=\"Xenonkungen\" \/>\n<meta property=\"article:modified_time\" content=\"2026-05-12T13:52:43+00:00\" \/>\n<meta property=\"og:image\" content=\"https:\/\/xenonkungen.com\/wp-content\/uploads\/2026\/03\/lYs3RNZwyhUAYHCGuJUP9dSXZO8HRWY1kkpP6Rlb.webp\" \/>\n\t<meta property=\"og:image:width\" content=\"1024\" \/>\n\t<meta property=\"og:image:height\" content=\"1024\" \/>\n\t<meta property=\"og:image:type\" content=\"image\/webp\" \/>\n<meta name=\"twitter:card\" content=\"summary_large_image\" \/>\n<meta name=\"twitter:label1\" content=\"Geschatte leestijd\" \/>\n\t<meta name=\"twitter:data1\" content=\"1 minuut\" \/>\n<script type=\"application\/ld+json\" class=\"yoast-schema-graph\">{\"@context\":\"https:\/\/schema.org\",\"@graph\":[{\"@type\":\"WebPage\",\"@id\":\"https:\/\/xenonkungen.com\/produkt\/tershine-mikrofiber-glas\/\",\"url\":\"https:\/\/xenonkungen.com\/produkt\/tershine-mikrofiber-glas\/\",\"name\":\"Tershine Mikrofiber - Glas - Xenonkungen\",\"isPartOf\":{\"@id\":\"https:\/\/xenonkungen.com\/#website\"},\"primaryImageOfPage\":{\"@id\":\"https:\/\/xenonkungen.com\/produkt\/tershine-mikrofiber-glas\/#primaryimage\"},\"image\":{\"@id\":\"https:\/\/xenonkungen.com\/produkt\/tershine-mikrofiber-glas\/#primaryimage\"},\"thumbnailUrl\":\"https:\/\/xenonkungen.com\/wp-content\/uploads\/2026\/03\/lYs3RNZwyhUAYHCGuJUP9dSXZO8HRWY1kkpP6Rlb.webp\",\"datePublished\":\"2026-03-16T10:51:07+00:00\",\"dateModified\":\"2026-05-12T13:52:43+00:00\",\"breadcrumb\":{\"@id\":\"https:\/\/xenonkungen.com\/produkt\/tershine-mikrofiber-glas\/#breadcrumb\"},\"inLanguage\":\"nl-NL\",\"potentialAction\":[{\"@type\":\"ReadAction\",\"target\":[\"https:\/\/xenonkungen.com\/produkt\/tershine-mikrofiber-glas\/\"]}]},{\"@type\":\"ImageObject\",\"inLanguage\":\"nl-NL\",\"@id\":\"https:\/\/xenonkungen.com\/produkt\/tershine-mikrofiber-glas\/#primaryimage\",\"url\":\"https:\/\/xenonkungen.com\/wp-content\/uploads\/2026\/03\/lYs3RNZwyhUAYHCGuJUP9dSXZO8HRWY1kkpP6Rlb.webp\",\"contentUrl\":\"https:\/\/xenonkungen.com\/wp-content\/uploads\/2026\/03\/lYs3RNZwyhUAYHCGuJUP9dSXZO8HRWY1kkpP6Rlb.webp\",\"width\":1024,\"height\":1024},{\"@type\":\"BreadcrumbList\",\"@id\":\"https:\/\/xenonkungen.com\/produkt\/tershine-mikrofiber-glas\/#breadcrumb\",\"itemListElement\":[{\"@type\":\"ListItem\",\"position\":1,\"name\":\"Hem\",\"item\":\"https:\/\/xenonkungen.com\/\"},{\"@type\":\"ListItem\",\"position\":2,\"name\":\"Shop\",\"item\":\"https:\/\/xenonkungen.com\/shop\/\"},{\"@type\":\"ListItem\",\"position\":3,\"name\":\"Tershine Mikrofiber &#8211; Glas\"}]},{\"@type\":\"WebSite\",\"@id\":\"https:\/\/xenonkungen.com\/#website\",\"url\":\"https:\/\/xenonkungen.com\/\",\"name\":\"Xenonkungen\",\"description\":\"\",\"potentialAction\":[{\"@type\":\"SearchAction\",\"target\":{\"@type\":\"EntryPoint\",\"urlTemplate\":\"https:\/\/xenonkungen.com\/?s={search_term_string}\"},\"query-input\":{\"@type\":\"PropertyValueSpecification\",\"valueRequired\":true,\"valueName\":\"search_term_string\"}}],\"inLanguage\":\"nl-NL\"}]}<\/script>\n<!-- \/ Yoast SEO plugin. -->","yoast_head_json":{"title":"Tershine Microfiber - Glas - Xenonkungen","robots":{"index":"index","follow":"follow","max-snippet":"max-snippet:-1","max-image-preview":"max-image-preview:large","max-video-preview":"max-video-preview:-1"},"canonical":"https:\/\/xenonkungen.com\/nl\/product\/tershine-microvezelglas\/","og_locale":"nl_NL","og_type":"article","og_title":"Tershine Mikrofiber - Glas - Xenonkungen","og_description":"Mikrofiberduk speciellt anpassad f\u00f6r reng\u00f6ring av glas.","og_url":"https:\/\/xenonkungen.com\/nl\/product\/tershine-microvezelglas\/","og_site_name":"Xenonkungen","article_modified_time":"2026-05-12T13:52:43+00:00","og_image":[{"width":1024,"height":1024,"url":"https:\/\/xenonkungen.com\/wp-content\/uploads\/2026\/03\/lYs3RNZwyhUAYHCGuJUP9dSXZO8HRWY1kkpP6Rlb.webp","type":"image\/webp"}],"twitter_card":"summary_large_image","twitter_misc":{"Geschatte leestijd":"1 minuut"},"schema":{"@context":"https:\/\/schema.org","@graph":[{"@type":"WebPage","@id":"https:\/\/xenonkungen.com\/produkt\/tershine-mikrofiber-glas\/","url":"https:\/\/xenonkungen.com\/produkt\/tershine-mikrofiber-glas\/","name":"Tershine Microfiber - Glas - Xenonkungen","isPartOf":{"@id":"https:\/\/xenonkungen.com\/#website"},"primaryImageOfPage":{"@id":"https:\/\/xenonkungen.com\/produkt\/tershine-mikrofiber-glas\/#primaryimage"},"image":{"@id":"https:\/\/xenonkungen.com\/produkt\/tershine-mikrofiber-glas\/#primaryimage"},"thumbnailUrl":"https:\/\/xenonkungen.com\/wp-content\/uploads\/2026\/03\/lYs3RNZwyhUAYHCGuJUP9dSXZO8HRWY1kkpP6Rlb.webp","datePublished":"2026-03-16T10:51:07+00:00","dateModified":"2026-05-12T13:52:43+00:00","breadcrumb":{"@id":"https:\/\/xenonkungen.com\/produkt\/tershine-mikrofiber-glas\/#breadcrumb"},"inLanguage":"nl-NL","potentialAction":[{"@type":"ReadAction","target":["https:\/\/xenonkungen.com\/produkt\/tershine-mikrofiber-glas\/"]}]},{"@type":"ImageObject","inLanguage":"nl-NL","@id":"https:\/\/xenonkungen.com\/produkt\/tershine-mikrofiber-glas\/#primaryimage","url":"https:\/\/xenonkungen.com\/wp-content\/uploads\/2026\/03\/lYs3RNZwyhUAYHCGuJUP9dSXZO8HRWY1kkpP6Rlb.webp","contentUrl":"https:\/\/xenonkungen.com\/wp-content\/uploads\/2026\/03\/lYs3RNZwyhUAYHCGuJUP9dSXZO8HRWY1kkpP6Rlb.webp","width":1024,"height":1024},{"@type":"BreadcrumbList","@id":"https:\/\/xenonkungen.com\/produkt\/tershine-mikrofiber-glas\/#breadcrumb","itemListElement":[{"@type":"ListItem","position":1,"name":"Hem","item":"https:\/\/xenonkungen.com\/"},{"@type":"ListItem","position":2,"name":"Shop","item":"https:\/\/xenonkungen.com\/shop\/"},{"@type":"ListItem","position":3,"name":"Tershine Mikrofiber &#8211; Glas"}]},{"@type":"WebSite","@id":"https:\/\/xenonkungen.com\/#website","url":"https:\/\/xenonkungen.com\/","name":"Xenonkungen","description":"","potentialAction":[{"@type":"SearchAction","target":{"@type":"EntryPoint","urlTemplate":"https:\/\/xenonkungen.com\/?s={search_term_string}"},"query-input":{"@type":"PropertyValueSpecification","valueRequired":true,"valueName":"search_term_string"}}],"inLanguage":"nl-NL"}]}},"taxonomy_info":{"product_brand":[{"value":2893,"label":"Tershine"}],"product_cat":[{"value":2988,"label":"1 | Biltv\u00e4tt"},{"value":2450,"label":"6 | Tillbeh\u00f6r"},{"value":378,"label":"Bilv\u00e5rd"}]},"featured_image_src_large":["https:\/\/xenonkungen.com\/wp-content\/uploads\/2026\/03\/lYs3RNZwyhUAYHCGuJUP9dSXZO8HRWY1kkpP6Rlb.webp",1024,1024,false],"author_info":[],"comment_info":0,"_links":{"self":[{"href":"https:\/\/xenonkungen.com\/nl\/wp-json\/wp\/v2\/product\/27889","targetHints":{"allow":["GET"]}}],"collection":[{"href":"https:\/\/xenonkungen.com\/nl\/wp-json\/wp\/v2\/product"}],"about":[{"href":"https:\/\/xenonkungen.com\/nl\/wp-json\/wp\/v2\/types\/product"}],"replies":[{"embeddable":true,"href":"https:\/\/xenonkungen.com\/nl\/wp-json\/wp\/v2\/comments?post=27889"}],"wp:featuredmedia":[{"embeddable":true,"href":"https:\/\/xenonkungen.com\/nl\/wp-json\/wp\/v2\/media\/27890"}],"wp:attachment":[{"href":"https:\/\/xenonkungen.com\/nl\/wp-json\/wp\/v2\/media?parent=27889"}],"wp:term":[{"taxonomy":"anvandningsomrade","embeddable":true,"href":"https:\/\/xenonkungen.com\/nl\/wp-json\/wp\/v2\/anvandningsomrade?post=27889"},{"taxonomy":"bilmarken","embeddable":true,"href":"https:\/\/xenonkungen.com\/nl\/wp-json\/wp\/v2\/bilmarken?post=27889"},{"taxonomy":"product_brand","embeddable":true,"href":"https:\/\/xenonkungen.com\/nl\/wp-json\/wp\/v2\/product_brand?post=27889"},{"taxonomy":"product_cat","embeddable":true,"href":"https:\/\/xenonkungen.com\/nl\/wp-json\/wp\/v2\/product_cat?post=27889"},{"taxonomy":"product_tag","embeddable":true,"href":"https:\/\/xenonkungen.com\/nl\/wp-json\/wp\/v2\/product_tag?post=27889"}],"curies":[{"name":"wp","href":"https:\/\/api.w.org\/{rel}","templated":true}]}}