{"id":27911,"date":"2026-03-16T13:15:40","date_gmt":"2026-03-16T12:15:40","guid":{"rendered":"https:\/\/xenonkungen.com\/?post_type=product&#038;p=27911"},"modified":"2026-05-12T14:51:59","modified_gmt":"2026-05-12T13:51:59","slug":"tershine-purify-autoshampoo-neutraal-500-ml","status":"publish","type":"product","link":"https:\/\/xenonkungen.com\/nl\/product\/tershine-purify-autoshampoo-neutraal-500-ml\/","title":{"rendered":"Tershine Purify \u2013 Autoshampoo Neutraal 500 ml"},"content":{"rendered":"<p>Superreinigende en zeer effectieve autoshampoo. Werkt uitstekend voor alle soorten voertuigen, zoals campers, caravans, boten, motoren en vrachtwagens.<\/p>\n<p><strong>Extreem hoge mengverhouding 1:2000 (ongeveer 100 wasbeurten)<br \/>\nZeer effectief<br \/>\nWerkt op alle soorten oppervlakken.<br \/>\nBiedt een dikke schuimlaag.<br \/>\nWerkt met schuimlans<br \/>\nWerkt op zowel transparante als matte lak.<\/strong><\/p>\n<p>Hoe Purify \u2013 Autoshampoo Neutral te gebruiken<\/p>\n<p>1. Giet een scheutje water in de emmer.<strong><br \/>\n2.\u00a0<\/strong>Spoel met een hogedrukspuit in de emmer om het schuim te activeren.<strong><br \/>\n3.\u00a0<\/strong>Beweeg de washandschoen met rechte bewegingen over de lak van het voertuig.<strong><br \/>\n4.\u00a0<\/strong>Spoel af en veeg af met een hoogwaardige doek.<strong><br \/>\n5.\u00a0<\/strong>We kennen het gevoel: &quot;jeetje, wat is het fijn om een pas gewassen auto te hebben.&quot;<\/p>\n<p>Purify is een zeer effectieve shampoo, speciaal samengesteld om vuil en deeltjes in \u00e9\u00e9n keer van de lak te verwijderen. Het minimaliseert de zichtbaarheid van waskrassen of beschadigingen aan de bestaande lakbescherming en laat een hoogglanzend oppervlak achter.<\/p>\n<p>Deze shampoo is bijzonder royaal in gebruik met een mengverhouding van ongeveer 1:1900 (het is erg lastig om dat precies te meten), wat betekent dat \u00e9\u00e9n dopje meestal meer dan genoeg is. Purify produceert een dik en heerlijk schuim dat een film vormt tussen de lak en de washandschoen, en werkt natuurlijk ook uitstekend in een schuimpistool!<\/p>\n<p>We hebben ervoor gekozen om geen wax in deze shampoo te gebruiken. Purify versterkt in plaats daarvan de bestaande bescherming en zorgt voor een ongelooflijk mooie glans en een diepe reiniging van de lak. Als u nog meer glans en een extra boost wilt, is Purify S de juiste keuze. Voldoende voor ongeveer 90-100 wasbeurten.<\/p>\n<p>Heel eenvoudig in gebruik: vul een emmer met 20 liter water, giet er een scheutje van in en activeer het schuim met de hogedrukspuit. Uiteraard werkt het ook prima met een gewone kraan.<\/p>\n<p><strong>Geur:<\/strong>\u00a0Mango<a title=\"Testwinnaar shampoo Purify Car care tershine\" href=\"https:\/\/www.google.se\/amp\/s\/glossgaragese.wordpress.com\/2017\/12\/11\/premium-schampo-test-infor-2018\/amp\/\"><br \/>\n<\/a><em>Bewaar op een vorstvrije plaats.<\/em><\/p>","protected":false},"excerpt":{"rendered":"<p>Een bijzonder rijke autoshampoo die veel schuimt en fantastische reinigende eigenschappen heeft. Mengverhouding 1:2000.<\/p>","protected":false},"featured_media":27912,"comment_status":"open","ping_status":"closed","template":"","meta":{"_acf_changed":false,"_smort_price_nok":"","_smort_price_dkk":"","_smort_price_eur":"","_smort_sale_price_nok":"","_smort_sale_price_dkk":"","_smort_sale_price_eur":"","smort_restorder":"","shipmondo_restorder":"","_kad_blocks_custom_css":"","_kad_blocks_head_custom_js":"","_kad_blocks_body_custom_js":"","_kad_blocks_footer_custom_js":"","smort_custom_pricelist_1":"127.36","smort_custom_pricelist_2":"127.36","smort_custom_pricelist_3":"127.36","smort_custom_pricelist_4":"159.2","smort_custom_pricelist_5":"127.36"},"anvandningsomrade":[],"bilmarken":[],"product_brand":[2893],"product_cat":[2988,2892,2621,378],"product_tag":[],"class_list":{"0":"post-27911","1":"product","2":"type-product","3":"status-publish","4":"has-post-thumbnail","6":"product_brand-tershine","7":"product_cat-biltvatt","8":"product_cat-retail-produkter","9":"product_cat-bilschampo","10":"product_cat-bilvard","12":"first","13":"onbackorder","14":"taxable","15":"shipping-taxable","16":"purchasable","17":"product-type-simple"},"bundled_by":[],"bundle_stock_status":"onbackorder","bundle_stock_quantity":0,"bundle_virtual":false,"bundle_layout":"","bundle_add_to_cart_form_location":"","bundle_editable_in_cart":false,"bundle_sold_individually_context":"","bundle_item_grouping":"","bundle_min_size":"","bundle_max_size":"","bundle_price":[],"bundled_items":[],"bundle_sell_ids":[],"acf":[],"yoast_head":"<!-- This site is optimized with the Yoast SEO plugin v27.0 - https:\/\/yoast.com\/product\/yoast-seo-wordpress\/ -->\n<title>Tershine Purify - Bilschampo Neutral 500 ml - Xenonkungen<\/title>\n<meta name=\"robots\" content=\"index, follow, max-snippet:-1, max-image-preview:large, max-video-preview:-1\" \/>\n<link rel=\"canonical\" href=\"https:\/\/xenonkungen.com\/nl\/product\/tershine-purify-autoshampoo-neutraal-500-ml\/\" \/>\n<meta property=\"og:locale\" content=\"nl_NL\" \/>\n<meta property=\"og:type\" content=\"article\" \/>\n<meta property=\"og:title\" content=\"Tershine Purify - Bilschampo Neutral 500 ml - Xenonkungen\" \/>\n<meta property=\"og:description\" content=\"Ett extremt drygt bilschampo som skummar mycket och har fantastiska reng\u00f6ringsegenskaper. Blandningsf\u00f6rh\u00e5llande p\u00e5 hela 1:2000.\" \/>\n<meta property=\"og:url\" content=\"https:\/\/xenonkungen.com\/nl\/product\/tershine-purify-autoshampoo-neutraal-500-ml\/\" \/>\n<meta property=\"og:site_name\" content=\"Xenonkungen\" \/>\n<meta property=\"article:modified_time\" content=\"2026-05-12T13:51:59+00:00\" \/>\n<meta property=\"og:image\" content=\"https:\/\/xenonkungen.com\/wp-content\/uploads\/2026\/03\/GWMKM1Two9ihnFelQ86NWtiRbECBZYzp47cmsaBj.webp\" \/>\n\t<meta property=\"og:image:width\" content=\"1024\" \/>\n\t<meta property=\"og:image:height\" content=\"1024\" \/>\n\t<meta property=\"og:image:type\" content=\"image\/webp\" \/>\n<meta name=\"twitter:card\" content=\"summary_large_image\" \/>\n<meta name=\"twitter:label1\" content=\"Geschatte leestijd\" \/>\n\t<meta name=\"twitter:data1\" content=\"2 minuten\" \/>\n<script type=\"application\/ld+json\" class=\"yoast-schema-graph\">{\"@context\":\"https:\/\/schema.org\",\"@graph\":[{\"@type\":\"WebPage\",\"@id\":\"https:\/\/xenonkungen.com\/produkt\/tershine-purify-bilschampo-neutral-500-ml\/\",\"url\":\"https:\/\/xenonkungen.com\/produkt\/tershine-purify-bilschampo-neutral-500-ml\/\",\"name\":\"Tershine Purify - Bilschampo Neutral 500 ml - Xenonkungen\",\"isPartOf\":{\"@id\":\"https:\/\/xenonkungen.com\/#website\"},\"primaryImageOfPage\":{\"@id\":\"https:\/\/xenonkungen.com\/produkt\/tershine-purify-bilschampo-neutral-500-ml\/#primaryimage\"},\"image\":{\"@id\":\"https:\/\/xenonkungen.com\/produkt\/tershine-purify-bilschampo-neutral-500-ml\/#primaryimage\"},\"thumbnailUrl\":\"https:\/\/xenonkungen.com\/wp-content\/uploads\/2026\/03\/GWMKM1Two9ihnFelQ86NWtiRbECBZYzp47cmsaBj.webp\",\"datePublished\":\"2026-03-16T12:15:40+00:00\",\"dateModified\":\"2026-05-12T13:51:59+00:00\",\"breadcrumb\":{\"@id\":\"https:\/\/xenonkungen.com\/produkt\/tershine-purify-bilschampo-neutral-500-ml\/#breadcrumb\"},\"inLanguage\":\"nl-NL\",\"potentialAction\":[{\"@type\":\"ReadAction\",\"target\":[\"https:\/\/xenonkungen.com\/produkt\/tershine-purify-bilschampo-neutral-500-ml\/\"]}]},{\"@type\":\"ImageObject\",\"inLanguage\":\"nl-NL\",\"@id\":\"https:\/\/xenonkungen.com\/produkt\/tershine-purify-bilschampo-neutral-500-ml\/#primaryimage\",\"url\":\"https:\/\/xenonkungen.com\/wp-content\/uploads\/2026\/03\/GWMKM1Two9ihnFelQ86NWtiRbECBZYzp47cmsaBj.webp\",\"contentUrl\":\"https:\/\/xenonkungen.com\/wp-content\/uploads\/2026\/03\/GWMKM1Two9ihnFelQ86NWtiRbECBZYzp47cmsaBj.webp\",\"width\":1024,\"height\":1024},{\"@type\":\"BreadcrumbList\",\"@id\":\"https:\/\/xenonkungen.com\/produkt\/tershine-purify-bilschampo-neutral-500-ml\/#breadcrumb\",\"itemListElement\":[{\"@type\":\"ListItem\",\"position\":1,\"name\":\"Hem\",\"item\":\"https:\/\/xenonkungen.com\/\"},{\"@type\":\"ListItem\",\"position\":2,\"name\":\"Shop\",\"item\":\"https:\/\/xenonkungen.com\/shop\/\"},{\"@type\":\"ListItem\",\"position\":3,\"name\":\"Tershine Purify &#8211; Bilschampo Neutral 500 ml\"}]},{\"@type\":\"WebSite\",\"@id\":\"https:\/\/xenonkungen.com\/#website\",\"url\":\"https:\/\/xenonkungen.com\/\",\"name\":\"Xenonkungen\",\"description\":\"\",\"potentialAction\":[{\"@type\":\"SearchAction\",\"target\":{\"@type\":\"EntryPoint\",\"urlTemplate\":\"https:\/\/xenonkungen.com\/?s={search_term_string}\"},\"query-input\":{\"@type\":\"PropertyValueSpecification\",\"valueRequired\":true,\"valueName\":\"search_term_string\"}}],\"inLanguage\":\"nl-NL\"}]}<\/script>\n<!-- \/ Yoast SEO plugin. -->","yoast_head_json":{"title":"Tershine Purify - Autoshampoo Neutraal 500 ml - De Xenon Koning","robots":{"index":"index","follow":"follow","max-snippet":"max-snippet:-1","max-image-preview":"max-image-preview:large","max-video-preview":"max-video-preview:-1"},"canonical":"https:\/\/xenonkungen.com\/nl\/product\/tershine-purify-autoshampoo-neutraal-500-ml\/","og_locale":"nl_NL","og_type":"article","og_title":"Tershine Purify - Bilschampo Neutral 500 ml - Xenonkungen","og_description":"Ett extremt drygt bilschampo som skummar mycket och har fantastiska reng\u00f6ringsegenskaper. Blandningsf\u00f6rh\u00e5llande p\u00e5 hela 1:2000.","og_url":"https:\/\/xenonkungen.com\/nl\/product\/tershine-purify-autoshampoo-neutraal-500-ml\/","og_site_name":"Xenonkungen","article_modified_time":"2026-05-12T13:51:59+00:00","og_image":[{"width":1024,"height":1024,"url":"https:\/\/xenonkungen.com\/wp-content\/uploads\/2026\/03\/GWMKM1Two9ihnFelQ86NWtiRbECBZYzp47cmsaBj.webp","type":"image\/webp"}],"twitter_card":"summary_large_image","twitter_misc":{"Geschatte leestijd":"2 minuten"},"schema":{"@context":"https:\/\/schema.org","@graph":[{"@type":"WebPage","@id":"https:\/\/xenonkungen.com\/produkt\/tershine-purify-bilschampo-neutral-500-ml\/","url":"https:\/\/xenonkungen.com\/produkt\/tershine-purify-bilschampo-neutral-500-ml\/","name":"Tershine Purify - Autoshampoo Neutraal 500 ml - De Xenon Koning","isPartOf":{"@id":"https:\/\/xenonkungen.com\/#website"},"primaryImageOfPage":{"@id":"https:\/\/xenonkungen.com\/produkt\/tershine-purify-bilschampo-neutral-500-ml\/#primaryimage"},"image":{"@id":"https:\/\/xenonkungen.com\/produkt\/tershine-purify-bilschampo-neutral-500-ml\/#primaryimage"},"thumbnailUrl":"https:\/\/xenonkungen.com\/wp-content\/uploads\/2026\/03\/GWMKM1Two9ihnFelQ86NWtiRbECBZYzp47cmsaBj.webp","datePublished":"2026-03-16T12:15:40+00:00","dateModified":"2026-05-12T13:51:59+00:00","breadcrumb":{"@id":"https:\/\/xenonkungen.com\/produkt\/tershine-purify-bilschampo-neutral-500-ml\/#breadcrumb"},"inLanguage":"nl-NL","potentialAction":[{"@type":"ReadAction","target":["https:\/\/xenonkungen.com\/produkt\/tershine-purify-bilschampo-neutral-500-ml\/"]}]},{"@type":"ImageObject","inLanguage":"nl-NL","@id":"https:\/\/xenonkungen.com\/produkt\/tershine-purify-bilschampo-neutral-500-ml\/#primaryimage","url":"https:\/\/xenonkungen.com\/wp-content\/uploads\/2026\/03\/GWMKM1Two9ihnFelQ86NWtiRbECBZYzp47cmsaBj.webp","contentUrl":"https:\/\/xenonkungen.com\/wp-content\/uploads\/2026\/03\/GWMKM1Two9ihnFelQ86NWtiRbECBZYzp47cmsaBj.webp","width":1024,"height":1024},{"@type":"BreadcrumbList","@id":"https:\/\/xenonkungen.com\/produkt\/tershine-purify-bilschampo-neutral-500-ml\/#breadcrumb","itemListElement":[{"@type":"ListItem","position":1,"name":"Hem","item":"https:\/\/xenonkungen.com\/"},{"@type":"ListItem","position":2,"name":"Shop","item":"https:\/\/xenonkungen.com\/shop\/"},{"@type":"ListItem","position":3,"name":"Tershine Purify &#8211; Bilschampo Neutral 500 ml"}]},{"@type":"WebSite","@id":"https:\/\/xenonkungen.com\/#website","url":"https:\/\/xenonkungen.com\/","name":"Xenonkungen","description":"","potentialAction":[{"@type":"SearchAction","target":{"@type":"EntryPoint","urlTemplate":"https:\/\/xenonkungen.com\/?s={search_term_string}"},"query-input":{"@type":"PropertyValueSpecification","valueRequired":true,"valueName":"search_term_string"}}],"inLanguage":"nl-NL"}]}},"taxonomy_info":{"product_brand":[{"value":2893,"label":"Tershine"}],"product_cat":[{"value":2988,"label":"1 | Biltv\u00e4tt"},{"value":2892,"label":"\u00c5terf\u00f6rs\u00e4ljarprodukter"},{"value":2621,"label":"Bilschampo"},{"value":378,"label":"Bilv\u00e5rd"}]},"featured_image_src_large":["https:\/\/xenonkungen.com\/wp-content\/uploads\/2026\/03\/GWMKM1Two9ihnFelQ86NWtiRbECBZYzp47cmsaBj.webp",1024,1024,false],"author_info":[],"comment_info":0,"_links":{"self":[{"href":"https:\/\/xenonkungen.com\/nl\/wp-json\/wp\/v2\/product\/27911","targetHints":{"allow":["GET"]}}],"collection":[{"href":"https:\/\/xenonkungen.com\/nl\/wp-json\/wp\/v2\/product"}],"about":[{"href":"https:\/\/xenonkungen.com\/nl\/wp-json\/wp\/v2\/types\/product"}],"replies":[{"embeddable":true,"href":"https:\/\/xenonkungen.com\/nl\/wp-json\/wp\/v2\/comments?post=27911"}],"wp:featuredmedia":[{"embeddable":true,"href":"https:\/\/xenonkungen.com\/nl\/wp-json\/wp\/v2\/media\/27912"}],"wp:attachment":[{"href":"https:\/\/xenonkungen.com\/nl\/wp-json\/wp\/v2\/media?parent=27911"}],"wp:term":[{"taxonomy":"anvandningsomrade","embeddable":true,"href":"https:\/\/xenonkungen.com\/nl\/wp-json\/wp\/v2\/anvandningsomrade?post=27911"},{"taxonomy":"bilmarken","embeddable":true,"href":"https:\/\/xenonkungen.com\/nl\/wp-json\/wp\/v2\/bilmarken?post=27911"},{"taxonomy":"product_brand","embeddable":true,"href":"https:\/\/xenonkungen.com\/nl\/wp-json\/wp\/v2\/product_brand?post=27911"},{"taxonomy":"product_cat","embeddable":true,"href":"https:\/\/xenonkungen.com\/nl\/wp-json\/wp\/v2\/product_cat?post=27911"},{"taxonomy":"product_tag","embeddable":true,"href":"https:\/\/xenonkungen.com\/nl\/wp-json\/wp\/v2\/product_tag?post=27911"}],"curies":[{"name":"wp","href":"https:\/\/api.w.org\/{rel}","templated":true}]}}