{"id":27927,"date":"2026-03-16T13:45:14","date_gmt":"2026-03-16T12:45:14","guid":{"rendered":"https:\/\/xenonkungen.com\/?post_type=product&#038;p=27927"},"modified":"2026-05-12T14:51:38","modified_gmt":"2026-05-12T13:51:38","slug":"tershine-purify-s-autoshampoo-5-liter","status":"publish","type":"product","link":"https:\/\/xenonkungen.com\/nl\/product\/tershine-purify-s-autoshampoo-5-liter\/","title":{"rendered":"Tershine Purify S+ \u2013 Autoshampoo 5 liter"},"content":{"rendered":"<p>Autoshampoo en lakbescherming in \u00e9\u00e9n. Reinigt en cre\u00ebert een waterafstotende film in \u00e9\u00e9n beweging. Het onderhoud van uw auto was nog nooit zo eenvoudig!<\/p>\n<p><strong>Zeer eenvoudig in gebruik.<br \/>\nReinigt en beschermt de lak in \u00e9\u00e9n keer.<br \/>\nZeer hoogglanzend<br \/>\nHeerlijke appelgeur<br \/>\nWerkt met schuimlans<br \/>\nVrij van PFAS en VOC&#039;s<\/strong><\/p>\n<p>1.\u00a0H\u00e4ll en skv\u00e4tt i hinken, laborera g\u00e4rna hur mycket ni beh\u00f6ver ha i. Det \u00e4r lite fr\u00e5n bil till bil och produkten har l\u00e4gre blandningsf\u00f6rh\u00e5llanden \u00e4n v\u00e5ra \u00f6vriga schampon. Den blir n\u00e4stan b\u00e4ttre ju mer ni tar. Kan ocks\u00e5 appliceras rent direkt i handske\/duk och p\u00e5 s\u00e5 s\u00e4tt &#8221;masseras&#8221; in och sedan sk\u00f6ljas av.\u00a0<strong><br \/>\n2.\u00a0<\/strong>Maak het schuim luchtig door er flink op te drukken (herhaal indien nodig).<br \/>\n<strong>3.\u00a0<\/strong>Beweeg de washandschoen\/microvezeldoek in rechte bewegingen over de lak van het voertuig.<br \/>\n<strong>4.\u00a0<\/strong>Spoel af en dep droog met een hoogwaardige doek.\u00a0<strong><br \/>\n5.\u00a0<\/strong>Geniet van de schitterende glans en de prachtige afloop!<\/p>\n<div class=\"o9v6fnle cxmmr5t8 oygrvhab hcukyx3x c1et5uql ii04i59q\">Purify S+ 5000 ml is een zogenaamde keramische shampoo met een geur van groene appel. Naast het reinigen zorgt deze shampoo voor een prachtige glans en laat een beschermende, zeer waterafstotende laag achter! Perfect voor wie de lak van zijn auto eenvoudig en zonder poespas wil beschermen, of de bestaande bescherming wil versterken.<\/div>\n<div class=\"o9v6fnle cxmmr5t8 oygrvhab hcukyx3x c1et5uql ii04i59q\">\n<div dir=\"auto\"><\/div>\n<\/div>\n<div class=\"o9v6fnle cxmmr5t8 oygrvhab hcukyx3x c1et5uql ii04i59q\">\n<div dir=\"auto\">Stel je voor: Purify S en Refract in \u00e9\u00e9n fles (bijna)! Uiteraard volledig vrij van sterk gefluoreerde stoffen (PFAS) en dubieuze oplosmiddelen etc. Mengverhouding 1:250-1:500 en werkt absoluut fantastisch in een schuimpistool. Met andere woorden, ideaal voor iedereen met grote voertuigen zoals vrachtwagens, graafmachines of ja, natuurlijk voor ALLE voertuigen!<\/div>\n<\/div>\n<div class=\"o9v6fnle cxmmr5t8 oygrvhab hcukyx3x c1et5uql ii04i59q\">\n<div dir=\"auto\">Het schuim is eigenlijk best ok\u00e9, maar helaas geldt de wet van de chemicali\u00ebn: afvloeiing vermindert het schuim! Maar het is geen probleem om het af en toe even op te schuimen in de emmer.<\/div>\n<\/div>\n<div class=\"o9v6fnle cxmmr5t8 oygrvhab hcukyx3x c1et5uql ii04i59q\">\n<div dir=\"auto\">Dit is een fantastisch product voor momenten waarop je niet met Refract en alle bijbehorende stappen kunt rijden, of als je je bestaande bescherming, zoals Magnify of Refract, wilt onderhouden. Het zorgt voor een uitstekende afwatering, zelfs op volledig dode lak, en als je al een beschermlaag eronder hebt, versterkt het die aanzienlijk. Dit is een perfect product, zowel voor beginners als voor de meer ervaren autowassers die soms gewoon geen tijd hebben voor een uitgebreide wasbeurt. Het is misschien een klein compromis om alles in \u00e9\u00e9n fles te hebben, maar dit is echt mijn nieuwe favoriet omdat het zo ontzettend makkelijk in gebruik is en een supermooi resultaat geeft. Werkt geweldig op folie\/lak en ook op matte lak. Ook ideaal voor boten, campers\/caravans, jetski&#039;s, ja, het werkt eigenlijk op zo&#039;n beetje alles.<\/div>\n<\/div>\n<div class=\"o9v6fnle cxmmr5t8 oygrvhab hcukyx3x c1et5uql ii04i59q\">\n<div dir=\"auto\">Een groot voordeel is dat u zich absoluut geen zorgen hoeft te maken als het product niet direct afspoelt. Met andere woorden, u kunt de hele auto rustig wassen voordat u hem afspoelt, net als bij onze andere shampoos. Uiteraard begint u wel met alle voorstappen, zoals ontvetten, velgen reinigen, enzovoort. Kortom, een volledig normale wasbeurt.<\/div>\n<div dir=\"auto\"><\/div>\n<div dir=\"auto\"><\/div>\n<div dir=\"auto\">Kan met voordeel in een schuimpistool worden gebruikt. Zoals altijd spelen er veel verschillende factoren een rol, dus experimenteer gerust tot je de juiste mengverhouding hebt gevonden. Zorg ervoor dat je alles grondig schoonmaakt voordat je de ontvetter gebruikt. Spoel het daarna af onder de douche en laat het even intrekken voordat je het afspoelt.<\/div>\n<div dir=\"auto\"><\/div>\n<div dir=\"auto\">Tot slot kun je het ook verdunnen met water en als een soort natte coating gebruiken. Meng het mengsel in een lege fles, spuit het op een schoon oppervlak en spoel het vervolgens af, net als Refract.<\/div>\n<div dir=\"auto\"><\/div>\n<div dir=\"auto\">Als het gewenste effect uitblijft, probeer dan iets meer product te gebruiken. Het klinkt misschien vaag, maar zoals hierboven beschreven, raden we aan om de verhouding te vinden die voor u het beste werkt. Biologisch afbreekbaar en bevat geen sterk gefluoreerde stoffen (PFAS). Vermijd direct zonlicht en bewaar het product op een donkere en vorstvrije plaats.<\/div>\n<div dir=\"auto\"><\/div>\n<div dir=\"auto\"><strong>Geur:<\/strong>\u00a0Groene appel<\/div>\n<div dir=\"auto\"><em>Bewaar op een vorstvrije plaats.<\/em><\/div>\n<\/div>","protected":false},"excerpt":{"rendered":"<p>Autoshampoo en lakbescherming in \u00e9\u00e9n product. Reinigt het oppervlak en cre\u00ebert een beschermende, waterafstotende film. Mengverhouding 1:250<\/p>","protected":false},"featured_media":27928,"comment_status":"open","ping_status":"closed","template":"","meta":{"_acf_changed":false,"_smort_price_nok":"","_smort_price_dkk":"","_smort_price_eur":"","_smort_sale_price_nok":"","_smort_sale_price_dkk":"","_smort_sale_price_eur":"","smort_restorder":"","shipmondo_restorder":"","_kad_blocks_custom_css":"","_kad_blocks_head_custom_js":"","_kad_blocks_body_custom_js":"","_kad_blocks_footer_custom_js":"","smort_custom_pricelist_1":"831.36","smort_custom_pricelist_2":"831.36","smort_custom_pricelist_3":"831.36","smort_custom_pricelist_4":"1039.2","smort_custom_pricelist_5":"831.36"},"anvandningsomrade":[],"bilmarken":[],"product_brand":[2893],"product_cat":[2988,2892,2621,378],"product_tag":[],"class_list":{"0":"post-27927","1":"product","2":"type-product","3":"status-publish","4":"has-post-thumbnail","6":"product_brand-tershine","7":"product_cat-biltvatt","8":"product_cat-retail-produkter","9":"product_cat-bilschampo","10":"product_cat-bilvard","12":"first","13":"onbackorder","14":"taxable","15":"shipping-taxable","16":"purchasable","17":"product-type-simple"},"bundled_by":[],"bundle_stock_status":"onbackorder","bundle_stock_quantity":0,"bundle_virtual":false,"bundle_layout":"","bundle_add_to_cart_form_location":"","bundle_editable_in_cart":false,"bundle_sold_individually_context":"","bundle_item_grouping":"","bundle_min_size":"","bundle_max_size":"","bundle_price":[],"bundled_items":[],"bundle_sell_ids":[],"acf":[],"yoast_head":"<!-- This site is optimized with the Yoast SEO plugin v27.0 - https:\/\/yoast.com\/product\/yoast-seo-wordpress\/ -->\n<title>Tershine Purify S+ - Bilschampo 5 L - Xenonkungen<\/title>\n<meta name=\"robots\" content=\"index, follow, max-snippet:-1, max-image-preview:large, max-video-preview:-1\" \/>\n<link rel=\"canonical\" href=\"https:\/\/xenonkungen.com\/nl\/product\/tershine-purify-s-autoshampoo-5-liter\/\" \/>\n<meta property=\"og:locale\" content=\"nl_NL\" \/>\n<meta property=\"og:type\" content=\"article\" \/>\n<meta property=\"og:title\" content=\"Tershine Purify S+ - Bilschampo 5 L - Xenonkungen\" \/>\n<meta property=\"og:description\" content=\"Bilschampo och lackskydd i samma produkt. Reng\u00f6r ytan samt skapar en skyddande, vattenavst\u00f6tande hinna. Blandningsf\u00f6rh\u00e5llande 1:250\" \/>\n<meta property=\"og:url\" content=\"https:\/\/xenonkungen.com\/nl\/product\/tershine-purify-s-autoshampoo-5-liter\/\" \/>\n<meta property=\"og:site_name\" content=\"Xenonkungen\" \/>\n<meta property=\"article:modified_time\" content=\"2026-05-12T13:51:38+00:00\" \/>\n<meta property=\"og:image\" content=\"https:\/\/xenonkungen.com\/wp-content\/uploads\/2026\/03\/nDA3rpbGJdhQ3TqQYwnCBiYoOUwLTXFrUsim8Oqx.webp\" \/>\n\t<meta property=\"og:image:width\" content=\"1024\" \/>\n\t<meta property=\"og:image:height\" content=\"1024\" \/>\n\t<meta property=\"og:image:type\" content=\"image\/webp\" \/>\n<meta name=\"twitter:card\" content=\"summary_large_image\" \/>\n<meta name=\"twitter:label1\" content=\"Geschatte leestijd\" \/>\n\t<meta name=\"twitter:data1\" content=\"4 minuten\" \/>\n<script type=\"application\/ld+json\" class=\"yoast-schema-graph\">{\"@context\":\"https:\/\/schema.org\",\"@graph\":[{\"@type\":\"WebPage\",\"@id\":\"https:\/\/xenonkungen.com\/produkt\/tershine-purify-s-bilschampo-5-l\/\",\"url\":\"https:\/\/xenonkungen.com\/produkt\/tershine-purify-s-bilschampo-5-l\/\",\"name\":\"Tershine Purify S+ - Bilschampo 5 L - Xenonkungen\",\"isPartOf\":{\"@id\":\"https:\/\/xenonkungen.com\/#website\"},\"primaryImageOfPage\":{\"@id\":\"https:\/\/xenonkungen.com\/produkt\/tershine-purify-s-bilschampo-5-l\/#primaryimage\"},\"image\":{\"@id\":\"https:\/\/xenonkungen.com\/produkt\/tershine-purify-s-bilschampo-5-l\/#primaryimage\"},\"thumbnailUrl\":\"https:\/\/xenonkungen.com\/wp-content\/uploads\/2026\/03\/nDA3rpbGJdhQ3TqQYwnCBiYoOUwLTXFrUsim8Oqx.webp\",\"datePublished\":\"2026-03-16T12:45:14+00:00\",\"dateModified\":\"2026-05-12T13:51:38+00:00\",\"breadcrumb\":{\"@id\":\"https:\/\/xenonkungen.com\/produkt\/tershine-purify-s-bilschampo-5-l\/#breadcrumb\"},\"inLanguage\":\"nl-NL\",\"potentialAction\":[{\"@type\":\"ReadAction\",\"target\":[\"https:\/\/xenonkungen.com\/produkt\/tershine-purify-s-bilschampo-5-l\/\"]}]},{\"@type\":\"ImageObject\",\"inLanguage\":\"nl-NL\",\"@id\":\"https:\/\/xenonkungen.com\/produkt\/tershine-purify-s-bilschampo-5-l\/#primaryimage\",\"url\":\"https:\/\/xenonkungen.com\/wp-content\/uploads\/2026\/03\/nDA3rpbGJdhQ3TqQYwnCBiYoOUwLTXFrUsim8Oqx.webp\",\"contentUrl\":\"https:\/\/xenonkungen.com\/wp-content\/uploads\/2026\/03\/nDA3rpbGJdhQ3TqQYwnCBiYoOUwLTXFrUsim8Oqx.webp\",\"width\":1024,\"height\":1024},{\"@type\":\"BreadcrumbList\",\"@id\":\"https:\/\/xenonkungen.com\/produkt\/tershine-purify-s-bilschampo-5-l\/#breadcrumb\",\"itemListElement\":[{\"@type\":\"ListItem\",\"position\":1,\"name\":\"Hem\",\"item\":\"https:\/\/xenonkungen.com\/\"},{\"@type\":\"ListItem\",\"position\":2,\"name\":\"Shop\",\"item\":\"https:\/\/xenonkungen.com\/shop\/\"},{\"@type\":\"ListItem\",\"position\":3,\"name\":\"Tershine Purify S+ &#8211; Bilschampo 5 L\"}]},{\"@type\":\"WebSite\",\"@id\":\"https:\/\/xenonkungen.com\/#website\",\"url\":\"https:\/\/xenonkungen.com\/\",\"name\":\"Xenonkungen\",\"description\":\"\",\"potentialAction\":[{\"@type\":\"SearchAction\",\"target\":{\"@type\":\"EntryPoint\",\"urlTemplate\":\"https:\/\/xenonkungen.com\/?s={search_term_string}\"},\"query-input\":{\"@type\":\"PropertyValueSpecification\",\"valueRequired\":true,\"valueName\":\"search_term_string\"}}],\"inLanguage\":\"nl-NL\"}]}<\/script>\n<!-- \/ Yoast SEO plugin. -->","yoast_head_json":{"title":"Tershine Purify S+ - Autoshampoo 5 L - De Xenon Koning","robots":{"index":"index","follow":"follow","max-snippet":"max-snippet:-1","max-image-preview":"max-image-preview:large","max-video-preview":"max-video-preview:-1"},"canonical":"https:\/\/xenonkungen.com\/nl\/product\/tershine-purify-s-autoshampoo-5-liter\/","og_locale":"nl_NL","og_type":"article","og_title":"Tershine Purify S+ - Bilschampo 5 L - Xenonkungen","og_description":"Bilschampo och lackskydd i samma produkt. Reng\u00f6r ytan samt skapar en skyddande, vattenavst\u00f6tande hinna. Blandningsf\u00f6rh\u00e5llande 1:250","og_url":"https:\/\/xenonkungen.com\/nl\/product\/tershine-purify-s-autoshampoo-5-liter\/","og_site_name":"Xenonkungen","article_modified_time":"2026-05-12T13:51:38+00:00","og_image":[{"width":1024,"height":1024,"url":"https:\/\/xenonkungen.com\/wp-content\/uploads\/2026\/03\/nDA3rpbGJdhQ3TqQYwnCBiYoOUwLTXFrUsim8Oqx.webp","type":"image\/webp"}],"twitter_card":"summary_large_image","twitter_misc":{"Geschatte leestijd":"4 minuten"},"schema":{"@context":"https:\/\/schema.org","@graph":[{"@type":"WebPage","@id":"https:\/\/xenonkungen.com\/produkt\/tershine-purify-s-bilschampo-5-l\/","url":"https:\/\/xenonkungen.com\/produkt\/tershine-purify-s-bilschampo-5-l\/","name":"Tershine Purify S+ - Autoshampoo 5 L - De Xenon Koning","isPartOf":{"@id":"https:\/\/xenonkungen.com\/#website"},"primaryImageOfPage":{"@id":"https:\/\/xenonkungen.com\/produkt\/tershine-purify-s-bilschampo-5-l\/#primaryimage"},"image":{"@id":"https:\/\/xenonkungen.com\/produkt\/tershine-purify-s-bilschampo-5-l\/#primaryimage"},"thumbnailUrl":"https:\/\/xenonkungen.com\/wp-content\/uploads\/2026\/03\/nDA3rpbGJdhQ3TqQYwnCBiYoOUwLTXFrUsim8Oqx.webp","datePublished":"2026-03-16T12:45:14+00:00","dateModified":"2026-05-12T13:51:38+00:00","breadcrumb":{"@id":"https:\/\/xenonkungen.com\/produkt\/tershine-purify-s-bilschampo-5-l\/#breadcrumb"},"inLanguage":"nl-NL","potentialAction":[{"@type":"ReadAction","target":["https:\/\/xenonkungen.com\/produkt\/tershine-purify-s-bilschampo-5-l\/"]}]},{"@type":"ImageObject","inLanguage":"nl-NL","@id":"https:\/\/xenonkungen.com\/produkt\/tershine-purify-s-bilschampo-5-l\/#primaryimage","url":"https:\/\/xenonkungen.com\/wp-content\/uploads\/2026\/03\/nDA3rpbGJdhQ3TqQYwnCBiYoOUwLTXFrUsim8Oqx.webp","contentUrl":"https:\/\/xenonkungen.com\/wp-content\/uploads\/2026\/03\/nDA3rpbGJdhQ3TqQYwnCBiYoOUwLTXFrUsim8Oqx.webp","width":1024,"height":1024},{"@type":"BreadcrumbList","@id":"https:\/\/xenonkungen.com\/produkt\/tershine-purify-s-bilschampo-5-l\/#breadcrumb","itemListElement":[{"@type":"ListItem","position":1,"name":"Hem","item":"https:\/\/xenonkungen.com\/"},{"@type":"ListItem","position":2,"name":"Shop","item":"https:\/\/xenonkungen.com\/shop\/"},{"@type":"ListItem","position":3,"name":"Tershine Purify S+ &#8211; Bilschampo 5 L"}]},{"@type":"WebSite","@id":"https:\/\/xenonkungen.com\/#website","url":"https:\/\/xenonkungen.com\/","name":"Xenonkungen","description":"","potentialAction":[{"@type":"SearchAction","target":{"@type":"EntryPoint","urlTemplate":"https:\/\/xenonkungen.com\/?s={search_term_string}"},"query-input":{"@type":"PropertyValueSpecification","valueRequired":true,"valueName":"search_term_string"}}],"inLanguage":"nl-NL"}]}},"taxonomy_info":{"product_brand":[{"value":2893,"label":"Tershine"}],"product_cat":[{"value":2988,"label":"1 | Biltv\u00e4tt"},{"value":2892,"label":"\u00c5terf\u00f6rs\u00e4ljarprodukter"},{"value":2621,"label":"Bilschampo"},{"value":378,"label":"Bilv\u00e5rd"}]},"featured_image_src_large":["https:\/\/xenonkungen.com\/wp-content\/uploads\/2026\/03\/nDA3rpbGJdhQ3TqQYwnCBiYoOUwLTXFrUsim8Oqx.webp",1024,1024,false],"author_info":[],"comment_info":0,"_links":{"self":[{"href":"https:\/\/xenonkungen.com\/nl\/wp-json\/wp\/v2\/product\/27927","targetHints":{"allow":["GET"]}}],"collection":[{"href":"https:\/\/xenonkungen.com\/nl\/wp-json\/wp\/v2\/product"}],"about":[{"href":"https:\/\/xenonkungen.com\/nl\/wp-json\/wp\/v2\/types\/product"}],"replies":[{"embeddable":true,"href":"https:\/\/xenonkungen.com\/nl\/wp-json\/wp\/v2\/comments?post=27927"}],"wp:featuredmedia":[{"embeddable":true,"href":"https:\/\/xenonkungen.com\/nl\/wp-json\/wp\/v2\/media\/27928"}],"wp:attachment":[{"href":"https:\/\/xenonkungen.com\/nl\/wp-json\/wp\/v2\/media?parent=27927"}],"wp:term":[{"taxonomy":"anvandningsomrade","embeddable":true,"href":"https:\/\/xenonkungen.com\/nl\/wp-json\/wp\/v2\/anvandningsomrade?post=27927"},{"taxonomy":"bilmarken","embeddable":true,"href":"https:\/\/xenonkungen.com\/nl\/wp-json\/wp\/v2\/bilmarken?post=27927"},{"taxonomy":"product_brand","embeddable":true,"href":"https:\/\/xenonkungen.com\/nl\/wp-json\/wp\/v2\/product_brand?post=27927"},{"taxonomy":"product_cat","embeddable":true,"href":"https:\/\/xenonkungen.com\/nl\/wp-json\/wp\/v2\/product_cat?post=27927"},{"taxonomy":"product_tag","embeddable":true,"href":"https:\/\/xenonkungen.com\/nl\/wp-json\/wp\/v2\/product_tag?post=27927"}],"curies":[{"name":"wp","href":"https:\/\/api.w.org\/{rel}","templated":true}]}}