{"id":27931,"date":"2026-03-16T13:52:52","date_gmt":"2026-03-16T12:52:52","guid":{"rendered":"https:\/\/xenonkungen.com\/?post_type=product&#038;p=27931"},"modified":"2026-05-12T14:36:17","modified_gmt":"2026-05-12T13:36:17","slug":"tershine-verfijnde-dakglansspray-satijn-500-ml","status":"publish","type":"product","link":"https:\/\/xenonkungen.com\/nl\/product\/tershine-verfijnde-dakglansspray-satijn-500-ml\/","title":{"rendered":"Tershine Refined \u2013 Bandenglansspray Satijn 500 ml"},"content":{"rendered":"<p>Banden- en kunststofglansspray met lange houdbaarheid die de zijkanten van uw banden er weer als nieuw uit laat zien. Laat een satijnachtig oppervlak achter dat beschermt tegen weer en wind en ervoor zorgt dat de banden langer schoon blijven. Ook zeer geschikt voor kunststof en rubberen onderdelen van uw voertuig. Kan indien gewenst in meerdere lagen worden aangebracht.<\/p>\n<p>Werkt op banden, kunststof en rubber.<br \/>\nCre\u00ebert een beschermend en vuilafstotend oppervlak.<br \/>\nVeel toepassingsgebieden<br \/>\nUitstekende bescherming van het oppervlak<br \/>\nLange houdbaarheid<br \/>\nEenvoudig aan te brengen<br \/>\nGeeft een satijnen afwerking.<br \/>\nHet product is niet geclassificeerd als een product waarvoor etikettering vereist is volgens de CLP-verordening (EG) 1272\/2008.<\/p>\n<p>&nbsp;<\/p>\n<p><strong>Hoe te gebruiken<\/strong><strong>\u00a0Verfijnd \u2013 Bandenglansspray Satijn<\/strong><\/p>\n<p>1.\u00a0Reng\u00f6r ytan med Extract &#8211; Alkalisk avfettning eller APC &#8211; Allreng\u00f6ring samt en borste<br \/>\n<strong>2.\u00a0<\/strong>Douche over het oppervlak<br \/>\n<strong>3.\u00a0<\/strong>Laat het drogen.<br \/>\n<strong>4.\u00a0<\/strong>Veeg overtollig materiaal weg met een schone microvezeldoek.<br \/>\n<strong>5.\u00a0<\/strong>Het is toch zeker wel goed?<\/p>\n<p>Geeft een halfglanzende afwerking waardoor het er mooi en fris uitziet, zonder poespas!<\/p>\n<p>Het product is voornamelijk ontworpen voor het herstellen van bandenzijden, maar werkt net zo goed op plastic onderdelen, motorruimtes, rubberen strips, enz. Het werkt ook op vochtige of natte oppervlakken!<\/p>\n<p>PS. Voor een meer &#039;natte&#039; look kun je meerdere laagjes aanbrengen! Bevat geen sterk gefluorideerde stoffen!<\/p>\n<p>De werking van een glansmiddel voor kunststof en banden (ongeacht het merk) hangt vaak af van de voorbereiding. Zorg ervoor dat u de band eerst schoonmaakt door deze te schrobben met een borstel of kwast in combinatie met Extract \u2013 Alkaline ontvetter. Spoel grondig af en veeg schoon; u zult er blij mee zijn.<\/p>\n<p><em>Bewaar op een vorstvrije plaats. Buiten het bereik van kinderen houden.<\/em><\/p>","protected":false},"excerpt":{"rendered":"<p>Bandenbehandeling in sprayvorm die een mooie satijnen afwerking en lange levensduur geeft. Perfect voor banden en andere kunststof onderdelen.<\/p>","protected":false},"featured_media":27932,"comment_status":"open","ping_status":"closed","template":"","meta":{"_acf_changed":false,"_smort_price_nok":"","_smort_price_dkk":"","_smort_price_eur":"","_smort_sale_price_nok":"","_smort_sale_price_dkk":"","_smort_sale_price_eur":"","smort_restorder":"","shipmondo_restorder":"","_kad_blocks_custom_css":"","_kad_blocks_head_custom_js":"","_kad_blocks_body_custom_js":"","_kad_blocks_footer_custom_js":"","smort_custom_pricelist_1":"127.36","smort_custom_pricelist_2":"127.36","smort_custom_pricelist_3":"127.36","smort_custom_pricelist_4":"159.2","smort_custom_pricelist_5":"127.36"},"anvandningsomrade":[],"bilmarken":[],"product_brand":[2893],"product_cat":[2988,2892,378],"product_tag":[],"class_list":{"0":"post-27931","1":"product","2":"type-product","3":"status-publish","4":"has-post-thumbnail","6":"product_brand-tershine","7":"product_cat-biltvatt","8":"product_cat-retail-produkter","9":"product_cat-bilvard","11":"first","12":"onbackorder","13":"taxable","14":"shipping-taxable","15":"purchasable","16":"product-type-simple"},"bundled_by":[],"bundle_stock_status":"onbackorder","bundle_stock_quantity":0,"bundle_virtual":false,"bundle_layout":"","bundle_add_to_cart_form_location":"","bundle_editable_in_cart":false,"bundle_sold_individually_context":"","bundle_item_grouping":"","bundle_min_size":"","bundle_max_size":"","bundle_price":[],"bundled_items":[],"bundle_sell_ids":[],"acf":[],"yoast_head":"<!-- This site is optimized with the Yoast SEO plugin v27.0 - https:\/\/yoast.com\/product\/yoast-seo-wordpress\/ -->\n<title>Tershine Refined - D\u00e4ckglansspray Satin 500 ml - Xenonkungen<\/title>\n<meta name=\"robots\" content=\"index, follow, max-snippet:-1, max-image-preview:large, max-video-preview:-1\" \/>\n<link rel=\"canonical\" href=\"https:\/\/xenonkungen.com\/nl\/product\/tershine-verfijnde-dakglansspray-satijn-500-ml\/\" \/>\n<meta property=\"og:locale\" content=\"nl_NL\" \/>\n<meta property=\"og:type\" content=\"article\" \/>\n<meta property=\"og:title\" content=\"Tershine Refined - D\u00e4ckglansspray Satin 500 ml - Xenonkungen\" \/>\n<meta property=\"og:description\" content=\"D\u00e4ckbehandling i sprayformat som ger en riktigt fin satin finish och l\u00e5ng h\u00e5llbarhet. Perfekt f\u00f6r d\u00e4ck och andra plastdetaljer.\" \/>\n<meta property=\"og:url\" content=\"https:\/\/xenonkungen.com\/nl\/product\/tershine-verfijnde-dakglansspray-satijn-500-ml\/\" \/>\n<meta property=\"og:site_name\" content=\"Xenonkungen\" \/>\n<meta property=\"article:modified_time\" content=\"2026-05-12T13:36:17+00:00\" \/>\n<meta property=\"og:image\" content=\"https:\/\/xenonkungen.com\/wp-content\/uploads\/2026\/03\/gSjGG6U5GN4bDNhsjNVeMkfSIrmQTWEgI6zIobNS.webp\" \/>\n\t<meta property=\"og:image:width\" content=\"1024\" \/>\n\t<meta property=\"og:image:height\" content=\"1024\" \/>\n\t<meta property=\"og:image:type\" content=\"image\/webp\" \/>\n<meta name=\"twitter:card\" content=\"summary_large_image\" \/>\n<meta name=\"twitter:label1\" content=\"Geschatte leestijd\" \/>\n\t<meta name=\"twitter:data1\" content=\"2 minuten\" \/>\n<script type=\"application\/ld+json\" class=\"yoast-schema-graph\">{\"@context\":\"https:\/\/schema.org\",\"@graph\":[{\"@type\":\"WebPage\",\"@id\":\"https:\/\/xenonkungen.com\/produkt\/tershine-refined-dackglansspray-satin-500-ml\/\",\"url\":\"https:\/\/xenonkungen.com\/produkt\/tershine-refined-dackglansspray-satin-500-ml\/\",\"name\":\"Tershine Refined - D\u00e4ckglansspray Satin 500 ml - Xenonkungen\",\"isPartOf\":{\"@id\":\"https:\/\/xenonkungen.com\/#website\"},\"primaryImageOfPage\":{\"@id\":\"https:\/\/xenonkungen.com\/produkt\/tershine-refined-dackglansspray-satin-500-ml\/#primaryimage\"},\"image\":{\"@id\":\"https:\/\/xenonkungen.com\/produkt\/tershine-refined-dackglansspray-satin-500-ml\/#primaryimage\"},\"thumbnailUrl\":\"https:\/\/xenonkungen.com\/wp-content\/uploads\/2026\/03\/gSjGG6U5GN4bDNhsjNVeMkfSIrmQTWEgI6zIobNS.webp\",\"datePublished\":\"2026-03-16T12:52:52+00:00\",\"dateModified\":\"2026-05-12T13:36:17+00:00\",\"breadcrumb\":{\"@id\":\"https:\/\/xenonkungen.com\/produkt\/tershine-refined-dackglansspray-satin-500-ml\/#breadcrumb\"},\"inLanguage\":\"nl-NL\",\"potentialAction\":[{\"@type\":\"ReadAction\",\"target\":[\"https:\/\/xenonkungen.com\/produkt\/tershine-refined-dackglansspray-satin-500-ml\/\"]}]},{\"@type\":\"ImageObject\",\"inLanguage\":\"nl-NL\",\"@id\":\"https:\/\/xenonkungen.com\/produkt\/tershine-refined-dackglansspray-satin-500-ml\/#primaryimage\",\"url\":\"https:\/\/xenonkungen.com\/wp-content\/uploads\/2026\/03\/gSjGG6U5GN4bDNhsjNVeMkfSIrmQTWEgI6zIobNS.webp\",\"contentUrl\":\"https:\/\/xenonkungen.com\/wp-content\/uploads\/2026\/03\/gSjGG6U5GN4bDNhsjNVeMkfSIrmQTWEgI6zIobNS.webp\",\"width\":1024,\"height\":1024},{\"@type\":\"BreadcrumbList\",\"@id\":\"https:\/\/xenonkungen.com\/produkt\/tershine-refined-dackglansspray-satin-500-ml\/#breadcrumb\",\"itemListElement\":[{\"@type\":\"ListItem\",\"position\":1,\"name\":\"Hem\",\"item\":\"https:\/\/xenonkungen.com\/\"},{\"@type\":\"ListItem\",\"position\":2,\"name\":\"Shop\",\"item\":\"https:\/\/xenonkungen.com\/shop\/\"},{\"@type\":\"ListItem\",\"position\":3,\"name\":\"Tershine Refined &#8211; D\u00e4ckglansspray Satin 500 ml\"}]},{\"@type\":\"WebSite\",\"@id\":\"https:\/\/xenonkungen.com\/#website\",\"url\":\"https:\/\/xenonkungen.com\/\",\"name\":\"Xenonkungen\",\"description\":\"\",\"potentialAction\":[{\"@type\":\"SearchAction\",\"target\":{\"@type\":\"EntryPoint\",\"urlTemplate\":\"https:\/\/xenonkungen.com\/?s={search_term_string}\"},\"query-input\":{\"@type\":\"PropertyValueSpecification\",\"valueRequired\":true,\"valueName\":\"search_term_string\"}}],\"inLanguage\":\"nl-NL\"}]}<\/script>\n<!-- \/ Yoast SEO plugin. -->","yoast_head_json":{"title":"Tershine Refined - Bandenglansspray Satijn 500 ml - De Xenon-koning","robots":{"index":"index","follow":"follow","max-snippet":"max-snippet:-1","max-image-preview":"max-image-preview:large","max-video-preview":"max-video-preview:-1"},"canonical":"https:\/\/xenonkungen.com\/nl\/product\/tershine-verfijnde-dakglansspray-satijn-500-ml\/","og_locale":"nl_NL","og_type":"article","og_title":"Tershine Refined - D\u00e4ckglansspray Satin 500 ml - Xenonkungen","og_description":"D\u00e4ckbehandling i sprayformat som ger en riktigt fin satin finish och l\u00e5ng h\u00e5llbarhet. Perfekt f\u00f6r d\u00e4ck och andra plastdetaljer.","og_url":"https:\/\/xenonkungen.com\/nl\/product\/tershine-verfijnde-dakglansspray-satijn-500-ml\/","og_site_name":"Xenonkungen","article_modified_time":"2026-05-12T13:36:17+00:00","og_image":[{"width":1024,"height":1024,"url":"https:\/\/xenonkungen.com\/wp-content\/uploads\/2026\/03\/gSjGG6U5GN4bDNhsjNVeMkfSIrmQTWEgI6zIobNS.webp","type":"image\/webp"}],"twitter_card":"summary_large_image","twitter_misc":{"Geschatte leestijd":"2 minuten"},"schema":{"@context":"https:\/\/schema.org","@graph":[{"@type":"WebPage","@id":"https:\/\/xenonkungen.com\/produkt\/tershine-refined-dackglansspray-satin-500-ml\/","url":"https:\/\/xenonkungen.com\/produkt\/tershine-refined-dackglansspray-satin-500-ml\/","name":"Tershine Refined - Bandenglansspray Satijn 500 ml - De Xenon-koning","isPartOf":{"@id":"https:\/\/xenonkungen.com\/#website"},"primaryImageOfPage":{"@id":"https:\/\/xenonkungen.com\/produkt\/tershine-refined-dackglansspray-satin-500-ml\/#primaryimage"},"image":{"@id":"https:\/\/xenonkungen.com\/produkt\/tershine-refined-dackglansspray-satin-500-ml\/#primaryimage"},"thumbnailUrl":"https:\/\/xenonkungen.com\/wp-content\/uploads\/2026\/03\/gSjGG6U5GN4bDNhsjNVeMkfSIrmQTWEgI6zIobNS.webp","datePublished":"2026-03-16T12:52:52+00:00","dateModified":"2026-05-12T13:36:17+00:00","breadcrumb":{"@id":"https:\/\/xenonkungen.com\/produkt\/tershine-refined-dackglansspray-satin-500-ml\/#breadcrumb"},"inLanguage":"nl-NL","potentialAction":[{"@type":"ReadAction","target":["https:\/\/xenonkungen.com\/produkt\/tershine-refined-dackglansspray-satin-500-ml\/"]}]},{"@type":"ImageObject","inLanguage":"nl-NL","@id":"https:\/\/xenonkungen.com\/produkt\/tershine-refined-dackglansspray-satin-500-ml\/#primaryimage","url":"https:\/\/xenonkungen.com\/wp-content\/uploads\/2026\/03\/gSjGG6U5GN4bDNhsjNVeMkfSIrmQTWEgI6zIobNS.webp","contentUrl":"https:\/\/xenonkungen.com\/wp-content\/uploads\/2026\/03\/gSjGG6U5GN4bDNhsjNVeMkfSIrmQTWEgI6zIobNS.webp","width":1024,"height":1024},{"@type":"BreadcrumbList","@id":"https:\/\/xenonkungen.com\/produkt\/tershine-refined-dackglansspray-satin-500-ml\/#breadcrumb","itemListElement":[{"@type":"ListItem","position":1,"name":"Hem","item":"https:\/\/xenonkungen.com\/"},{"@type":"ListItem","position":2,"name":"Shop","item":"https:\/\/xenonkungen.com\/shop\/"},{"@type":"ListItem","position":3,"name":"Tershine Refined &#8211; D\u00e4ckglansspray Satin 500 ml"}]},{"@type":"WebSite","@id":"https:\/\/xenonkungen.com\/#website","url":"https:\/\/xenonkungen.com\/","name":"Xenonkungen","description":"","potentialAction":[{"@type":"SearchAction","target":{"@type":"EntryPoint","urlTemplate":"https:\/\/xenonkungen.com\/?s={search_term_string}"},"query-input":{"@type":"PropertyValueSpecification","valueRequired":true,"valueName":"search_term_string"}}],"inLanguage":"nl-NL"}]}},"taxonomy_info":{"product_brand":[{"value":2893,"label":"Tershine"}],"product_cat":[{"value":2988,"label":"1 | Biltv\u00e4tt"},{"value":2892,"label":"\u00c5terf\u00f6rs\u00e4ljarprodukter"},{"value":378,"label":"Bilv\u00e5rd"}]},"featured_image_src_large":["https:\/\/xenonkungen.com\/wp-content\/uploads\/2026\/03\/gSjGG6U5GN4bDNhsjNVeMkfSIrmQTWEgI6zIobNS.webp",1024,1024,false],"author_info":[],"comment_info":0,"_links":{"self":[{"href":"https:\/\/xenonkungen.com\/nl\/wp-json\/wp\/v2\/product\/27931","targetHints":{"allow":["GET"]}}],"collection":[{"href":"https:\/\/xenonkungen.com\/nl\/wp-json\/wp\/v2\/product"}],"about":[{"href":"https:\/\/xenonkungen.com\/nl\/wp-json\/wp\/v2\/types\/product"}],"replies":[{"embeddable":true,"href":"https:\/\/xenonkungen.com\/nl\/wp-json\/wp\/v2\/comments?post=27931"}],"wp:featuredmedia":[{"embeddable":true,"href":"https:\/\/xenonkungen.com\/nl\/wp-json\/wp\/v2\/media\/27932"}],"wp:attachment":[{"href":"https:\/\/xenonkungen.com\/nl\/wp-json\/wp\/v2\/media?parent=27931"}],"wp:term":[{"taxonomy":"anvandningsomrade","embeddable":true,"href":"https:\/\/xenonkungen.com\/nl\/wp-json\/wp\/v2\/anvandningsomrade?post=27931"},{"taxonomy":"bilmarken","embeddable":true,"href":"https:\/\/xenonkungen.com\/nl\/wp-json\/wp\/v2\/bilmarken?post=27931"},{"taxonomy":"product_brand","embeddable":true,"href":"https:\/\/xenonkungen.com\/nl\/wp-json\/wp\/v2\/product_brand?post=27931"},{"taxonomy":"product_cat","embeddable":true,"href":"https:\/\/xenonkungen.com\/nl\/wp-json\/wp\/v2\/product_cat?post=27931"},{"taxonomy":"product_tag","embeddable":true,"href":"https:\/\/xenonkungen.com\/nl\/wp-json\/wp\/v2\/product_tag?post=27931"}],"curies":[{"name":"wp","href":"https:\/\/api.w.org\/{rel}","templated":true}]}}