{"id":27940,"date":"2026-03-16T14:03:14","date_gmt":"2026-03-16T13:03:14","guid":{"rendered":"https:\/\/xenonkungen.com\/?post_type=product&#038;p=27940"},"modified":"2026-04-24T17:48:36","modified_gmt":"2026-04-24T16:48:36","slug":"tershine-refract-keramische-spuitlakbescherming-500-ml-v4","status":"publish","type":"product","link":"https:\/\/xenonkungen.com\/nl\/product\/tershine-refract-keramische-spuitlakbescherming-500-ml-v4\/","title":{"rendered":"Tershine Refract \u2013 Keramische lakbescherming in spuitbus 500 ml V4"},"content":{"rendered":"<p><span style=\"color: #050505; font-family: Helvetica;\">Refract \u2013 Ceramic Spray Paint Protection V4 is de nieuwste generatie keramische lakbescherming in spuitbusvorm die een fantastische glans en bescherming biedt. Het is zeer gemakkelijk aan te brengen en zorgt voor een superhydrofoob oppervlak, evenals een goede bescherming tegen weer en wind.\u00a0<\/span><\/p>\n<p>Fantastische lakbescherming in spuitbusvorm die extreem gemakkelijk aan te brengen is en werkt op alle soorten voertuigen. Laat een beschermende laag achter met een uitstekende waterafstotende werking en een extreem hoge glans. Kan indien gewenst in meerdere lagen worden aangebracht.<\/p>\n<p><strong>Zorgt voor een fantastische glans en afloop.<br \/>\nLangdurige bescherming\u00a0<\/strong><br \/>\n<strong>Heel gemakkelijk aan te brengen<br \/>\nHardt zeer snel uit<br \/>\nErg goed<br \/>\nVerdunbaar tot 1:10<br \/>\nZonder pictogrammen<br \/>\nAntistatisch<br \/>\n<\/strong><br \/>\n<strong>Hoe Refract \u2013 Ceramic Spray Paint Protection v4 te gebruiken:\u00a0<\/strong><\/p>\n<p><strong>1.<\/strong><span style=\"color: #050505; font-family: Helvetica;\"><span class=\"Apple-converted-space\">\u00a0<\/span>Was de auto met een shampoo naar keuze, zoals Purify of Purify S \u2013 Autoshampoo.<\/span><br \/>\n<strong>2.<\/strong><span style=\"color: #050505; font-family: Helvetica;\"><span class=\"Apple-converted-space\">\u00a0<\/span>Droog de auto af met een van onze droogdoeken.<\/span><br \/>\n<strong>3.<\/strong><span style=\"color: #050505; font-family: Helvetica;\"><span class=\"Apple-converted-space\">\u00a0<\/span>Breng Refract aan met een paar druppels water op een microvezeldoek en verdeel het, paneel per paneel. Draai de doek om en wrijf het uit. Het is het beste om twee doeken te gebruiken, \u00e9\u00e9n om aan te brengen en \u00e9\u00e9n om af te vegen.<\/span><br \/>\n<strong>4.<span class=\"Apple-converted-space\">\u00a0<\/span><\/strong><span style=\"color: #050505; font-family: Helvetica;\">Geniet van de fantastische glans en bescherming.<\/span><\/p>\n<p><span style=\"color: #050505; font-family: Helvetica;\"><strong>Wat is Refract \u2013 keramische lakbescherming in spuitbusvorm?<\/strong><\/p>\n<p>Refract is een keramische lakbeschermingsspray die zeer eenvoudig in gebruik is. Het laat een beschermende film achter en geeft uw voertuig een magische glans en een langdurige waterafstotende werking.\u00a0<\/span><span style=\"color: #050505; font-family: Helvetica;\"><\/p>\n<p><strong>Tips van de coach:<\/strong><\/span><\/p>\n<p><span style=\"color: #050505; font-family: Helvetica;\">Minder is meer, gebruik twee doeken: \u00e9\u00e9n om aan te brengen en \u00e9\u00e9n om af te vegen. Vermijd uiteraard direct zonlicht en het aanbrengen op hete oppervlakken. Experimenteer gerust met het product op natte oppervlakken, drogende ondergronden, natte verflagen, enz.\u00a0<\/span><\/p>\n<p>Niet onderworpen aan etikettering!<\/p>\n<p><strong>Bevat<\/strong>: Butylglycol, Butyldiglycol, Aminosilixaan, Gluconzuur.<\/p>","protected":false},"excerpt":{"rendered":"<p>De nieuwste generatie keramische lakbescherming in spuitbusvorm, die een fantastische glans en bescherming biedt. Zeer eenvoudig aan te brengen en zorgt voor een superhydrofoob oppervlak en goede bescherming tegen weersinvloeden.<\/p>","protected":false},"featured_media":27942,"comment_status":"open","ping_status":"closed","template":"","meta":{"_acf_changed":false,"_smort_price_nok":"","_smort_price_dkk":"","_smort_price_eur":"","_smort_sale_price_nok":"","_smort_sale_price_dkk":"","_smort_sale_price_eur":"","smort_restorder":"","shipmondo_restorder":"","_kad_blocks_custom_css":"","_kad_blocks_head_custom_js":"","_kad_blocks_body_custom_js":"","_kad_blocks_footer_custom_js":"","smort_custom_pricelist_1":"191.36","smort_custom_pricelist_2":"191.36","smort_custom_pricelist_3":"191.36","smort_custom_pricelist_4":"239.2","smort_custom_pricelist_5":"191.36"},"anvandningsomrade":[],"bilmarken":[],"product_brand":[2893],"product_cat":[2614,2892,378],"product_tag":[],"class_list":{"0":"post-27940","1":"product","2":"type-product","3":"status-publish","4":"has-post-thumbnail","6":"product_brand-tershine","7":"product_cat-lackskydd","8":"product_cat-retail-produkter","9":"product_cat-bilvard","11":"first","12":"instock","13":"taxable","14":"shipping-taxable","15":"purchasable","16":"product-type-simple"},"bundled_by":[],"bundle_stock_status":"instock","bundle_stock_quantity":10,"bundle_virtual":false,"bundle_layout":"","bundle_add_to_cart_form_location":"","bundle_editable_in_cart":false,"bundle_sold_individually_context":"","bundle_item_grouping":"","bundle_min_size":"","bundle_max_size":"","bundle_price":[],"bundled_items":[],"bundle_sell_ids":[],"acf":[],"yoast_head":"<!-- This site is optimized with the Yoast SEO plugin v27.0 - https:\/\/yoast.com\/product\/yoast-seo-wordpress\/ -->\n<title>Tershine Refract - Keramiskt spraylackskydd 500 ml V4 - Xenonkungen<\/title>\n<meta name=\"robots\" content=\"index, follow, max-snippet:-1, max-image-preview:large, max-video-preview:-1\" \/>\n<link rel=\"canonical\" href=\"https:\/\/xenonkungen.com\/nl\/product\/tershine-refract-keramische-spuitlakbescherming-500-ml-v4\/\" \/>\n<meta property=\"og:locale\" content=\"nl_NL\" \/>\n<meta property=\"og:type\" content=\"article\" \/>\n<meta property=\"og:title\" content=\"Tershine Refract - Keramiskt spraylackskydd 500 ml V4 - Xenonkungen\" \/>\n<meta property=\"og:description\" content=\"Den senaste generationens keramiska spraylackskydd som ger fantastisk glans och skydd. Mycket enkel applicering och ger en superhydrofobisk yta samt ett bra skydd mot v\u00e4der och vind.\" \/>\n<meta property=\"og:url\" content=\"https:\/\/xenonkungen.com\/nl\/product\/tershine-refract-keramische-spuitlakbescherming-500-ml-v4\/\" \/>\n<meta property=\"og:site_name\" content=\"Xenonkungen\" \/>\n<meta property=\"article:modified_time\" content=\"2026-04-24T16:48:36+00:00\" \/>\n<meta property=\"og:image\" content=\"https:\/\/xenonkungen.com\/wp-content\/uploads\/2026\/03\/htYZFyScBqu7FnAKiPbl5AsvPjGOTV93JpnFrooz.webp\" \/>\n\t<meta property=\"og:image:width\" content=\"1024\" \/>\n\t<meta property=\"og:image:height\" content=\"1024\" \/>\n\t<meta property=\"og:image:type\" content=\"image\/webp\" \/>\n<meta name=\"twitter:card\" content=\"summary_large_image\" \/>\n<meta name=\"twitter:label1\" content=\"Geschatte leestijd\" \/>\n\t<meta name=\"twitter:data1\" content=\"2 minuten\" \/>\n<script type=\"application\/ld+json\" class=\"yoast-schema-graph\">{\"@context\":\"https:\/\/schema.org\",\"@graph\":[{\"@type\":\"WebPage\",\"@id\":\"https:\/\/xenonkungen.com\/produkt\/tershine-refract-keramiskt-spraylackskydd-500-ml-v4\/\",\"url\":\"https:\/\/xenonkungen.com\/produkt\/tershine-refract-keramiskt-spraylackskydd-500-ml-v4\/\",\"name\":\"Tershine Refract - Keramiskt spraylackskydd 500 ml V4 - Xenonkungen\",\"isPartOf\":{\"@id\":\"https:\/\/xenonkungen.com\/#website\"},\"primaryImageOfPage\":{\"@id\":\"https:\/\/xenonkungen.com\/produkt\/tershine-refract-keramiskt-spraylackskydd-500-ml-v4\/#primaryimage\"},\"image\":{\"@id\":\"https:\/\/xenonkungen.com\/produkt\/tershine-refract-keramiskt-spraylackskydd-500-ml-v4\/#primaryimage\"},\"thumbnailUrl\":\"https:\/\/xenonkungen.com\/wp-content\/uploads\/2026\/03\/htYZFyScBqu7FnAKiPbl5AsvPjGOTV93JpnFrooz.webp\",\"datePublished\":\"2026-03-16T13:03:14+00:00\",\"dateModified\":\"2026-04-24T16:48:36+00:00\",\"breadcrumb\":{\"@id\":\"https:\/\/xenonkungen.com\/produkt\/tershine-refract-keramiskt-spraylackskydd-500-ml-v4\/#breadcrumb\"},\"inLanguage\":\"nl-NL\",\"potentialAction\":[{\"@type\":\"ReadAction\",\"target\":[\"https:\/\/xenonkungen.com\/produkt\/tershine-refract-keramiskt-spraylackskydd-500-ml-v4\/\"]}]},{\"@type\":\"ImageObject\",\"inLanguage\":\"nl-NL\",\"@id\":\"https:\/\/xenonkungen.com\/produkt\/tershine-refract-keramiskt-spraylackskydd-500-ml-v4\/#primaryimage\",\"url\":\"https:\/\/xenonkungen.com\/wp-content\/uploads\/2026\/03\/htYZFyScBqu7FnAKiPbl5AsvPjGOTV93JpnFrooz.webp\",\"contentUrl\":\"https:\/\/xenonkungen.com\/wp-content\/uploads\/2026\/03\/htYZFyScBqu7FnAKiPbl5AsvPjGOTV93JpnFrooz.webp\",\"width\":1024,\"height\":1024},{\"@type\":\"BreadcrumbList\",\"@id\":\"https:\/\/xenonkungen.com\/produkt\/tershine-refract-keramiskt-spraylackskydd-500-ml-v4\/#breadcrumb\",\"itemListElement\":[{\"@type\":\"ListItem\",\"position\":1,\"name\":\"Hem\",\"item\":\"https:\/\/xenonkungen.com\/\"},{\"@type\":\"ListItem\",\"position\":2,\"name\":\"Shop\",\"item\":\"https:\/\/xenonkungen.com\/shop\/\"},{\"@type\":\"ListItem\",\"position\":3,\"name\":\"Tershine Refract &#8211; Keramiskt spraylackskydd 500 ml V4\"}]},{\"@type\":\"WebSite\",\"@id\":\"https:\/\/xenonkungen.com\/#website\",\"url\":\"https:\/\/xenonkungen.com\/\",\"name\":\"Xenonkungen\",\"description\":\"\",\"potentialAction\":[{\"@type\":\"SearchAction\",\"target\":{\"@type\":\"EntryPoint\",\"urlTemplate\":\"https:\/\/xenonkungen.com\/?s={search_term_string}\"},\"query-input\":{\"@type\":\"PropertyValueSpecification\",\"valueRequired\":true,\"valueName\":\"search_term_string\"}}],\"inLanguage\":\"nl-NL\"}]}<\/script>\n<!-- \/ Yoast SEO plugin. -->","yoast_head_json":{"title":"Tershine Refract - Keramische lakbeschermingsspray 500 ml V4 - Xenonkungen","robots":{"index":"index","follow":"follow","max-snippet":"max-snippet:-1","max-image-preview":"max-image-preview:large","max-video-preview":"max-video-preview:-1"},"canonical":"https:\/\/xenonkungen.com\/nl\/product\/tershine-refract-keramische-spuitlakbescherming-500-ml-v4\/","og_locale":"nl_NL","og_type":"article","og_title":"Tershine Refract - Keramiskt spraylackskydd 500 ml V4 - Xenonkungen","og_description":"Den senaste generationens keramiska spraylackskydd som ger fantastisk glans och skydd. Mycket enkel applicering och ger en superhydrofobisk yta samt ett bra skydd mot v\u00e4der och vind.","og_url":"https:\/\/xenonkungen.com\/nl\/product\/tershine-refract-keramische-spuitlakbescherming-500-ml-v4\/","og_site_name":"Xenonkungen","article_modified_time":"2026-04-24T16:48:36+00:00","og_image":[{"width":1024,"height":1024,"url":"https:\/\/xenonkungen.com\/wp-content\/uploads\/2026\/03\/htYZFyScBqu7FnAKiPbl5AsvPjGOTV93JpnFrooz.webp","type":"image\/webp"}],"twitter_card":"summary_large_image","twitter_misc":{"Geschatte leestijd":"2 minuten"},"schema":{"@context":"https:\/\/schema.org","@graph":[{"@type":"WebPage","@id":"https:\/\/xenonkungen.com\/produkt\/tershine-refract-keramiskt-spraylackskydd-500-ml-v4\/","url":"https:\/\/xenonkungen.com\/produkt\/tershine-refract-keramiskt-spraylackskydd-500-ml-v4\/","name":"Tershine Refract - Keramische lakbeschermingsspray 500 ml V4 - Xenonkungen","isPartOf":{"@id":"https:\/\/xenonkungen.com\/#website"},"primaryImageOfPage":{"@id":"https:\/\/xenonkungen.com\/produkt\/tershine-refract-keramiskt-spraylackskydd-500-ml-v4\/#primaryimage"},"image":{"@id":"https:\/\/xenonkungen.com\/produkt\/tershine-refract-keramiskt-spraylackskydd-500-ml-v4\/#primaryimage"},"thumbnailUrl":"https:\/\/xenonkungen.com\/wp-content\/uploads\/2026\/03\/htYZFyScBqu7FnAKiPbl5AsvPjGOTV93JpnFrooz.webp","datePublished":"2026-03-16T13:03:14+00:00","dateModified":"2026-04-24T16:48:36+00:00","breadcrumb":{"@id":"https:\/\/xenonkungen.com\/produkt\/tershine-refract-keramiskt-spraylackskydd-500-ml-v4\/#breadcrumb"},"inLanguage":"nl-NL","potentialAction":[{"@type":"ReadAction","target":["https:\/\/xenonkungen.com\/produkt\/tershine-refract-keramiskt-spraylackskydd-500-ml-v4\/"]}]},{"@type":"ImageObject","inLanguage":"nl-NL","@id":"https:\/\/xenonkungen.com\/produkt\/tershine-refract-keramiskt-spraylackskydd-500-ml-v4\/#primaryimage","url":"https:\/\/xenonkungen.com\/wp-content\/uploads\/2026\/03\/htYZFyScBqu7FnAKiPbl5AsvPjGOTV93JpnFrooz.webp","contentUrl":"https:\/\/xenonkungen.com\/wp-content\/uploads\/2026\/03\/htYZFyScBqu7FnAKiPbl5AsvPjGOTV93JpnFrooz.webp","width":1024,"height":1024},{"@type":"BreadcrumbList","@id":"https:\/\/xenonkungen.com\/produkt\/tershine-refract-keramiskt-spraylackskydd-500-ml-v4\/#breadcrumb","itemListElement":[{"@type":"ListItem","position":1,"name":"Hem","item":"https:\/\/xenonkungen.com\/"},{"@type":"ListItem","position":2,"name":"Shop","item":"https:\/\/xenonkungen.com\/shop\/"},{"@type":"ListItem","position":3,"name":"Tershine Refract &#8211; Keramiskt spraylackskydd 500 ml V4"}]},{"@type":"WebSite","@id":"https:\/\/xenonkungen.com\/#website","url":"https:\/\/xenonkungen.com\/","name":"Xenonkungen","description":"","potentialAction":[{"@type":"SearchAction","target":{"@type":"EntryPoint","urlTemplate":"https:\/\/xenonkungen.com\/?s={search_term_string}"},"query-input":{"@type":"PropertyValueSpecification","valueRequired":true,"valueName":"search_term_string"}}],"inLanguage":"nl-NL"}]}},"taxonomy_info":{"product_brand":[{"value":2893,"label":"Tershine"}],"product_cat":[{"value":2614,"label":"4 | Bilvax &amp; Lackskydd"},{"value":2892,"label":"\u00c5terf\u00f6rs\u00e4ljarprodukter"},{"value":378,"label":"Bilv\u00e5rd"}]},"featured_image_src_large":["https:\/\/xenonkungen.com\/wp-content\/uploads\/2026\/03\/htYZFyScBqu7FnAKiPbl5AsvPjGOTV93JpnFrooz.webp",1024,1024,false],"author_info":[],"comment_info":0,"_links":{"self":[{"href":"https:\/\/xenonkungen.com\/nl\/wp-json\/wp\/v2\/product\/27940","targetHints":{"allow":["GET"]}}],"collection":[{"href":"https:\/\/xenonkungen.com\/nl\/wp-json\/wp\/v2\/product"}],"about":[{"href":"https:\/\/xenonkungen.com\/nl\/wp-json\/wp\/v2\/types\/product"}],"replies":[{"embeddable":true,"href":"https:\/\/xenonkungen.com\/nl\/wp-json\/wp\/v2\/comments?post=27940"}],"wp:featuredmedia":[{"embeddable":true,"href":"https:\/\/xenonkungen.com\/nl\/wp-json\/wp\/v2\/media\/27942"}],"wp:attachment":[{"href":"https:\/\/xenonkungen.com\/nl\/wp-json\/wp\/v2\/media?parent=27940"}],"wp:term":[{"taxonomy":"anvandningsomrade","embeddable":true,"href":"https:\/\/xenonkungen.com\/nl\/wp-json\/wp\/v2\/anvandningsomrade?post=27940"},{"taxonomy":"bilmarken","embeddable":true,"href":"https:\/\/xenonkungen.com\/nl\/wp-json\/wp\/v2\/bilmarken?post=27940"},{"taxonomy":"product_brand","embeddable":true,"href":"https:\/\/xenonkungen.com\/nl\/wp-json\/wp\/v2\/product_brand?post=27940"},{"taxonomy":"product_cat","embeddable":true,"href":"https:\/\/xenonkungen.com\/nl\/wp-json\/wp\/v2\/product_cat?post=27940"},{"taxonomy":"product_tag","embeddable":true,"href":"https:\/\/xenonkungen.com\/nl\/wp-json\/wp\/v2\/product_tag?post=27940"}],"curies":[{"name":"wp","href":"https:\/\/api.w.org\/{rel}","templated":true}]}}