{"id":27963,"date":"2026-03-16T14:30:02","date_gmt":"2026-03-16T13:30:02","guid":{"rendered":"https:\/\/xenonkungen.com\/?post_type=product&#038;p=27963"},"modified":"2026-04-24T17:48:38","modified_gmt":"2026-04-24T16:48:38","slug":"tershine-relive-flygrostborttagare-1-l","status":"publish","type":"product","link":"https:\/\/xenonkungen.com\/nl\/product\/tershine-relive-flygrostborttagare-1-l\/","title":{"rendered":"Tershine Relive \u2013 Roestverwijderaar voor vliegen 1 L"},"content":{"rendered":"<p>Een uiterst effectieve roestverwijderaar en velgenreiniger die roest, remstof en andere metaaldeeltjes die zich op het oppervlak hebben afgezet, perfect oplost.<\/p>\n<p><strong>Super effectief en mild<br \/>\nWordt paars wanneer het klaar is om afgespoeld te worden.<br \/>\nWerkt op de meeste soorten materialen.<br \/>\npH-neutraal en zuurvrij<br \/>\nVerdunbaar<br \/>\nEffectief op bootrompen en gele waterlijn<br \/>\nKan worden aangebracht op een nat of droog oppervlak.<br \/>\nLaag in de geur<\/p>\n<p>Waarvoor wordt luchtroestverwijderaar gebruikt?<\/p>\n<p><\/strong>Vliegroest<strong><br \/>\n<\/strong>Velgreiniging<strong><br \/>\n<\/strong>Remstof<strong><br \/>\n<\/strong>Gele vlekken op de lak<strong><br \/>\n<\/strong>Waterlijn op de romp van een boot<strong><br \/>\n<\/strong>De badkamer (metalen in het water)<strong><br \/>\n<\/strong><\/p>\n<p><strong>Hoe Relive te gebruiken:<\/strong><\/p>\n<p><strong>1.\u00a0<\/strong>Spuiten op velgen en optionele oppervlakken<strong><br \/>\n2.\u00a0<\/strong>Laat het product ongeveer 5 minuten inwerken, of totdat het paars kleurt. Bij zeer hardnekkig vuil kan een borstel worden gebruikt om aangekoekt materiaal los te weken. Houd er rekening mee dat het product bij koud weer (&lt;10\u00b0C) aanzienlijk langer op het oppervlak moet blijven.<strong><br \/>\n3.\u00a0<\/strong>Niet laten uitdrogen!<strong><br \/>\n4.\u00a0<\/strong>Spoel af met hogedrukreiniger.<strong><br \/>\n5.\u00a0<\/strong>We weten het, het is waanzinnig lekker!<\/p>\n<p>Relive is een bijna ongelooflijk effectieve velg- en roestverwijderaar. Het reageert met metalen uit remstof en roest en lost deze binnen enkele minuten op. Het product is pH-neutraal en zuurvrij, wat betekent dat het werkt op de meeste soorten lak, kunststof, metalen (zelfs gepolijst), alcoa, enz.\u00a0<strong>LET OP: Niet gebruiken op met spuitverf geverfde oppervlakken of vergelijkbare oppervlakken met \u00e9\u00e9ncomponentenverf.<\/strong><\/p>\n<p>De lage viscositeit zorgt ervoor dat het product gelijkmatig over het oppervlak verdeeld wordt, waardoor remstof en vliegroest effectief verwijderd worden. Het heeft ook reinigende eigenschappen, waardoor het tegelijkertijd ook &#039;normaal&#039; vuil verwijdert. Het is een ongelooflijk effectief product dat het wassen van velgen een waar plezier maakt, bijvoorbeeld na een zware dag op het circuit of na een mooie rit over bochtige wegen. Het product kleurt paars wanneer het klaar is om afgespoeld te worden, meestal na 2-5 minuten. Vergeet niet de fles te schudden voor gebruik. Het werkt natuurlijk ook uitstekend op de lak als vliegroestverwijderaar! Houd er rekening mee dat het product (inclusief de ontvettende werking) aanzienlijk langer moet inwerken bij temperaturen onder de 10 graden of wanneer de lak erg koud is. Bevat geen sterk gefluoreerde stoffen!<\/p>\n<p>Kan met water verdund worden, we weten niet precies wat het beste werkt, dus doe zoals gebruikelijk: experimenteer (maar houd een verhouding van ongeveer 50\/50 aan).<\/p>\n<p><em>Bewaar op een vorstvrije plaats.<\/em><\/p>","protected":false},"excerpt":{"rendered":"<p>Roestverwijderaar en velgenreiniger die remstof en andere metaaldeeltjes die op uw voertuig terecht zijn gekomen effectief oplost.<\/p>","protected":false},"featured_media":27964,"comment_status":"open","ping_status":"closed","template":"","meta":{"_acf_changed":false,"_smort_price_nok":"","_smort_price_dkk":"","_smort_price_eur":"","_smort_sale_price_nok":"","_smort_sale_price_dkk":"","_smort_sale_price_eur":"","smort_restorder":"","shipmondo_restorder":"","_kad_blocks_custom_css":"","_kad_blocks_head_custom_js":"","_kad_blocks_body_custom_js":"","_kad_blocks_footer_custom_js":"","smort_custom_pricelist_1":"191.36","smort_custom_pricelist_2":"191.36","smort_custom_pricelist_3":"191.36","smort_custom_pricelist_4":"239.2","smort_custom_pricelist_5":"191.36"},"anvandningsomrade":[],"bilmarken":[],"product_brand":[2893],"product_cat":[2988,2989,2892,378],"product_tag":[],"class_list":{"0":"post-27963","1":"product","2":"type-product","3":"status-publish","4":"has-post-thumbnail","6":"product_brand-tershine","7":"product_cat-biltvatt","8":"product_cat-avfettning","9":"product_cat-retail-produkter","10":"product_cat-bilvard","12":"first","13":"instock","14":"taxable","15":"shipping-taxable","16":"purchasable","17":"product-type-simple"},"bundled_by":[],"bundle_stock_status":"instock","bundle_stock_quantity":8,"bundle_virtual":false,"bundle_layout":"","bundle_add_to_cart_form_location":"","bundle_editable_in_cart":false,"bundle_sold_individually_context":"","bundle_item_grouping":"","bundle_min_size":"","bundle_max_size":"","bundle_price":[],"bundled_items":[],"bundle_sell_ids":[],"acf":[],"yoast_head":"<!-- This site is optimized with the Yoast SEO plugin v27.0 - https:\/\/yoast.com\/product\/yoast-seo-wordpress\/ -->\n<title>Tershine Relive - Flygrostborttagare 1 L - Xenonkungen<\/title>\n<meta name=\"robots\" content=\"index, follow, max-snippet:-1, max-image-preview:large, max-video-preview:-1\" \/>\n<link rel=\"canonical\" href=\"https:\/\/xenonkungen.com\/nl\/product\/tershine-relive-flygrostborttagare-1-l\/\" \/>\n<meta property=\"og:locale\" content=\"nl_NL\" \/>\n<meta property=\"og:type\" content=\"article\" \/>\n<meta property=\"og:title\" content=\"Tershine Relive - Flygrostborttagare 1 L - Xenonkungen\" \/>\n<meta property=\"og:description\" content=\"Flygrostborttagare och f\u00e4lgreng\u00f6ring som effektivt l\u00f6ser bromsdamm och andra metallpartiklar som hamnat p\u00e5 ditt fordon.\" \/>\n<meta property=\"og:url\" content=\"https:\/\/xenonkungen.com\/nl\/product\/tershine-relive-flygrostborttagare-1-l\/\" \/>\n<meta property=\"og:site_name\" content=\"Xenonkungen\" \/>\n<meta property=\"article:modified_time\" content=\"2026-04-24T16:48:38+00:00\" \/>\n<meta property=\"og:image\" content=\"https:\/\/xenonkungen.com\/wp-content\/uploads\/2026\/03\/ADeKgoEDCvQrB6JWWf734UiR5CWOMRmvWLt1kvkO.webp\" \/>\n\t<meta property=\"og:image:width\" content=\"1024\" \/>\n\t<meta property=\"og:image:height\" content=\"1024\" \/>\n\t<meta property=\"og:image:type\" content=\"image\/webp\" \/>\n<meta name=\"twitter:card\" content=\"summary_large_image\" \/>\n<meta name=\"twitter:label1\" content=\"Geschatte leestijd\" \/>\n\t<meta name=\"twitter:data1\" content=\"2 minuten\" \/>\n<script type=\"application\/ld+json\" class=\"yoast-schema-graph\">{\"@context\":\"https:\/\/schema.org\",\"@graph\":[{\"@type\":\"WebPage\",\"@id\":\"https:\/\/xenonkungen.com\/produkt\/tershine-relive-flygrostborttagare-1-l\/\",\"url\":\"https:\/\/xenonkungen.com\/produkt\/tershine-relive-flygrostborttagare-1-l\/\",\"name\":\"Tershine Relive - Flygrostborttagare 1 L - Xenonkungen\",\"isPartOf\":{\"@id\":\"https:\/\/xenonkungen.com\/#website\"},\"primaryImageOfPage\":{\"@id\":\"https:\/\/xenonkungen.com\/produkt\/tershine-relive-flygrostborttagare-1-l\/#primaryimage\"},\"image\":{\"@id\":\"https:\/\/xenonkungen.com\/produkt\/tershine-relive-flygrostborttagare-1-l\/#primaryimage\"},\"thumbnailUrl\":\"https:\/\/xenonkungen.com\/wp-content\/uploads\/2026\/03\/ADeKgoEDCvQrB6JWWf734UiR5CWOMRmvWLt1kvkO.webp\",\"datePublished\":\"2026-03-16T13:30:02+00:00\",\"dateModified\":\"2026-04-24T16:48:38+00:00\",\"breadcrumb\":{\"@id\":\"https:\/\/xenonkungen.com\/produkt\/tershine-relive-flygrostborttagare-1-l\/#breadcrumb\"},\"inLanguage\":\"nl-NL\",\"potentialAction\":[{\"@type\":\"ReadAction\",\"target\":[\"https:\/\/xenonkungen.com\/produkt\/tershine-relive-flygrostborttagare-1-l\/\"]}]},{\"@type\":\"ImageObject\",\"inLanguage\":\"nl-NL\",\"@id\":\"https:\/\/xenonkungen.com\/produkt\/tershine-relive-flygrostborttagare-1-l\/#primaryimage\",\"url\":\"https:\/\/xenonkungen.com\/wp-content\/uploads\/2026\/03\/ADeKgoEDCvQrB6JWWf734UiR5CWOMRmvWLt1kvkO.webp\",\"contentUrl\":\"https:\/\/xenonkungen.com\/wp-content\/uploads\/2026\/03\/ADeKgoEDCvQrB6JWWf734UiR5CWOMRmvWLt1kvkO.webp\",\"width\":1024,\"height\":1024},{\"@type\":\"BreadcrumbList\",\"@id\":\"https:\/\/xenonkungen.com\/produkt\/tershine-relive-flygrostborttagare-1-l\/#breadcrumb\",\"itemListElement\":[{\"@type\":\"ListItem\",\"position\":1,\"name\":\"Hem\",\"item\":\"https:\/\/xenonkungen.com\/\"},{\"@type\":\"ListItem\",\"position\":2,\"name\":\"Shop\",\"item\":\"https:\/\/xenonkungen.com\/shop\/\"},{\"@type\":\"ListItem\",\"position\":3,\"name\":\"Tershine Relive &#8211; Flygrostborttagare 1 L\"}]},{\"@type\":\"WebSite\",\"@id\":\"https:\/\/xenonkungen.com\/#website\",\"url\":\"https:\/\/xenonkungen.com\/\",\"name\":\"Xenonkungen\",\"description\":\"\",\"potentialAction\":[{\"@type\":\"SearchAction\",\"target\":{\"@type\":\"EntryPoint\",\"urlTemplate\":\"https:\/\/xenonkungen.com\/?s={search_term_string}\"},\"query-input\":{\"@type\":\"PropertyValueSpecification\",\"valueRequired\":true,\"valueName\":\"search_term_string\"}}],\"inLanguage\":\"nl-NL\"}]}<\/script>\n<!-- \/ Yoast SEO plugin. -->","yoast_head_json":{"title":"Tershine Relive - Flygrostborttagare 1 L - Xenonkungen","robots":{"index":"index","follow":"follow","max-snippet":"max-snippet:-1","max-image-preview":"max-image-preview:large","max-video-preview":"max-video-preview:-1"},"canonical":"https:\/\/xenonkungen.com\/nl\/product\/tershine-relive-flygrostborttagare-1-l\/","og_locale":"nl_NL","og_type":"article","og_title":"Tershine Relive - Flygrostborttagare 1 L - Xenonkungen","og_description":"Flygrostborttagare och f\u00e4lgreng\u00f6ring som effektivt l\u00f6ser bromsdamm och andra metallpartiklar som hamnat p\u00e5 ditt fordon.","og_url":"https:\/\/xenonkungen.com\/nl\/product\/tershine-relive-flygrostborttagare-1-l\/","og_site_name":"Xenonkungen","article_modified_time":"2026-04-24T16:48:38+00:00","og_image":[{"width":1024,"height":1024,"url":"https:\/\/xenonkungen.com\/wp-content\/uploads\/2026\/03\/ADeKgoEDCvQrB6JWWf734UiR5CWOMRmvWLt1kvkO.webp","type":"image\/webp"}],"twitter_card":"summary_large_image","twitter_misc":{"Geschatte leestijd":"2 minuten"},"schema":{"@context":"https:\/\/schema.org","@graph":[{"@type":"WebPage","@id":"https:\/\/xenonkungen.com\/produkt\/tershine-relive-flygrostborttagare-1-l\/","url":"https:\/\/xenonkungen.com\/produkt\/tershine-relive-flygrostborttagare-1-l\/","name":"Tershine Relive - Flygrostborttagare 1 L - Xenonkungen","isPartOf":{"@id":"https:\/\/xenonkungen.com\/#website"},"primaryImageOfPage":{"@id":"https:\/\/xenonkungen.com\/produkt\/tershine-relive-flygrostborttagare-1-l\/#primaryimage"},"image":{"@id":"https:\/\/xenonkungen.com\/produkt\/tershine-relive-flygrostborttagare-1-l\/#primaryimage"},"thumbnailUrl":"https:\/\/xenonkungen.com\/wp-content\/uploads\/2026\/03\/ADeKgoEDCvQrB6JWWf734UiR5CWOMRmvWLt1kvkO.webp","datePublished":"2026-03-16T13:30:02+00:00","dateModified":"2026-04-24T16:48:38+00:00","breadcrumb":{"@id":"https:\/\/xenonkungen.com\/produkt\/tershine-relive-flygrostborttagare-1-l\/#breadcrumb"},"inLanguage":"nl-NL","potentialAction":[{"@type":"ReadAction","target":["https:\/\/xenonkungen.com\/produkt\/tershine-relive-flygrostborttagare-1-l\/"]}]},{"@type":"ImageObject","inLanguage":"nl-NL","@id":"https:\/\/xenonkungen.com\/produkt\/tershine-relive-flygrostborttagare-1-l\/#primaryimage","url":"https:\/\/xenonkungen.com\/wp-content\/uploads\/2026\/03\/ADeKgoEDCvQrB6JWWf734UiR5CWOMRmvWLt1kvkO.webp","contentUrl":"https:\/\/xenonkungen.com\/wp-content\/uploads\/2026\/03\/ADeKgoEDCvQrB6JWWf734UiR5CWOMRmvWLt1kvkO.webp","width":1024,"height":1024},{"@type":"BreadcrumbList","@id":"https:\/\/xenonkungen.com\/produkt\/tershine-relive-flygrostborttagare-1-l\/#breadcrumb","itemListElement":[{"@type":"ListItem","position":1,"name":"Hem","item":"https:\/\/xenonkungen.com\/"},{"@type":"ListItem","position":2,"name":"Shop","item":"https:\/\/xenonkungen.com\/shop\/"},{"@type":"ListItem","position":3,"name":"Tershine Relive &#8211; Flygrostborttagare 1 L"}]},{"@type":"WebSite","@id":"https:\/\/xenonkungen.com\/#website","url":"https:\/\/xenonkungen.com\/","name":"Xenonkungen","description":"","potentialAction":[{"@type":"SearchAction","target":{"@type":"EntryPoint","urlTemplate":"https:\/\/xenonkungen.com\/?s={search_term_string}"},"query-input":{"@type":"PropertyValueSpecification","valueRequired":true,"valueName":"search_term_string"}}],"inLanguage":"nl-NL"}]}},"taxonomy_info":{"product_brand":[{"value":2893,"label":"Tershine"}],"product_cat":[{"value":2988,"label":"1 | Biltv\u00e4tt"},{"value":2989,"label":"2 | Avfettning"},{"value":2892,"label":"\u00c5terf\u00f6rs\u00e4ljarprodukter"},{"value":378,"label":"Bilv\u00e5rd"}]},"featured_image_src_large":["https:\/\/xenonkungen.com\/wp-content\/uploads\/2026\/03\/ADeKgoEDCvQrB6JWWf734UiR5CWOMRmvWLt1kvkO.webp",1024,1024,false],"author_info":[],"comment_info":0,"_links":{"self":[{"href":"https:\/\/xenonkungen.com\/nl\/wp-json\/wp\/v2\/product\/27963","targetHints":{"allow":["GET"]}}],"collection":[{"href":"https:\/\/xenonkungen.com\/nl\/wp-json\/wp\/v2\/product"}],"about":[{"href":"https:\/\/xenonkungen.com\/nl\/wp-json\/wp\/v2\/types\/product"}],"replies":[{"embeddable":true,"href":"https:\/\/xenonkungen.com\/nl\/wp-json\/wp\/v2\/comments?post=27963"}],"wp:featuredmedia":[{"embeddable":true,"href":"https:\/\/xenonkungen.com\/nl\/wp-json\/wp\/v2\/media\/27964"}],"wp:attachment":[{"href":"https:\/\/xenonkungen.com\/nl\/wp-json\/wp\/v2\/media?parent=27963"}],"wp:term":[{"taxonomy":"anvandningsomrade","embeddable":true,"href":"https:\/\/xenonkungen.com\/nl\/wp-json\/wp\/v2\/anvandningsomrade?post=27963"},{"taxonomy":"bilmarken","embeddable":true,"href":"https:\/\/xenonkungen.com\/nl\/wp-json\/wp\/v2\/bilmarken?post=27963"},{"taxonomy":"product_brand","embeddable":true,"href":"https:\/\/xenonkungen.com\/nl\/wp-json\/wp\/v2\/product_brand?post=27963"},{"taxonomy":"product_cat","embeddable":true,"href":"https:\/\/xenonkungen.com\/nl\/wp-json\/wp\/v2\/product_cat?post=27963"},{"taxonomy":"product_tag","embeddable":true,"href":"https:\/\/xenonkungen.com\/nl\/wp-json\/wp\/v2\/product_tag?post=27963"}],"curies":[{"name":"wp","href":"https:\/\/api.w.org\/{rel}","templated":true}]}}