{"id":27975,"date":"2026-03-16T14:53:11","date_gmt":"2026-03-16T13:53:11","guid":{"rendered":"https:\/\/xenonkungen.com\/?post_type=product&#038;p=27975"},"modified":"2026-05-12T14:49:22","modified_gmt":"2026-05-12T13:49:22","slug":"tershine-relive-vliegroestverwijderaar-500-ml","status":"publish","type":"product","link":"https:\/\/xenonkungen.com\/nl\/product\/tershine-relive-vliegroestverwijderaar-500-ml\/","title":{"rendered":"Tershine Relive \u2013 Roestverwijderaar voor vliegen 500 ml"},"content":{"rendered":"<p>Uiterst effectieve roestverwijderaar en velgenreiniger. Een krachtig product dat roest, remstof en andere metaaldeeltjes op diverse oppervlakken effectief oplost, maar tegelijkertijd zacht is voor lak en andere gevoelige onderdelen. Uiterst effectief en zeer veelzijdig.<br \/>\n<strong><br \/>\nVoordelen van Relive \u2013 Luchtroestverwijderaar:<\/strong><br \/>\n<em><br \/>\n<\/em><strong>Uiterst effectief tegen metaaldeeltjes.<br \/>\nWordt paars wanneer het klaar is om afgespoeld te worden.<br \/>\nBruikbaar op de meeste soorten materialen.<br \/>\npH-neutraal en zuurvrij (minder risico op problemen)<br \/>\nVerdunbaar met water<br \/>\nEffectief op bootrompen en gele waterlijn<br \/>\nKan zowel op natte als droge oppervlakken worden aangebracht.<br \/>\nLaag geurgehalte<\/strong><\/p>\n<p>Wat is vliegenroest?<\/p>\n<p>Kleine ijzerdeeltjes afkomstig van remstof of spijkerbanden en andere metaaldeeltjes van andere voertuigen, hechten zich aan de lak en verschijnen als kleine geel-oranje deeltjes.<\/p>\n<p>Waarom zou je een roestverwijderaar gebruiken en waarvoor?<\/p>\n<p>Vliegroest<br \/>\nRemstof<br \/>\nVelgen schoonmaken<strong><br \/>\n<\/strong>Remstof verwijderen<strong><br \/>\n<\/strong>Gele vlekken op de lak<strong><br \/>\n<\/strong>Het reinigen van de waterlijn op bootrompen.<strong><br \/>\n<\/strong>De badkamer (metalen in het water)<strong><br \/>\n<\/strong><\/p>\n<p><strong>Hoe gebruik je onze Relive Air roestverwijderaar?<\/strong><\/p>\n<p><strong>1.<\/strong>\u00a0Spuit de roestverwijderaar op de velgen of rechtstreeks op de lak.<br \/>\n<strong>2.<\/strong>\u00a0Laat het product ongeveer 5 minuten inwerken; het kleurt paars en kan dan worden afgespoeld. Bij hardnekkige vervuiling kan een borstel worden gebruikt om het vuil los te maken (niet laten opdrogen).<br \/>\n<strong>3.<\/strong>\u00a0Laat het product niet uitdrogen.<br \/>\n<strong>4.<\/strong>\u00a0Spoel grondig af met water.<br \/>\n<strong>5<\/strong>Ja, we weten het, het is absoluut magisch en geweldig!<\/p>\n<p>Dit is een uiterst effectief product voor het verwijderen van vliegroest en het reinigen van velgen. Het reageert snel met metaaldeeltjes uit remstof en vliegroest en lost deze binnen enkele minuten op. Dankzij de pH-neutrale en zuurvrije samenstelling kan het veilig worden gebruikt op de meeste soorten lak, kunststof en metalen, inclusief gepolijste oppervlakken en Alcoa.\u00a0<strong>Let op: Niet gebruiken op gespoten oppervlakken of gelijkwaardige \u00e9\u00e9ncomponentenverf!<\/strong><\/p>\n<p>Het product heeft ook reinigende eigenschappen waardoor het tegelijkertijd gemakkelijk gewoon vuil verwijdert. Het reinigen van velgen wordt een soepel en eenvoudig proces, vooral na een dag op het circuit of een lange rit over bochtige wegen. Wanneer het product klaar is om afgespoeld te worden, verandert de kleur naar paars, wat meestal na 2-5 minuten gebeurt. Het werkt ook uitstekend op lak om roest te verwijderen. Bij temperaturen onder 10 graden Celsius of wanneer het oppervlak koud is, wordt een langere inwerktijd aanbevolen voor het beste resultaat!<\/p>\n<p>Opmerking:<span class=\"Apple-converted-space\">\u00a0<\/span>Niet aanbrengen op hete oppervlakken.<\/p>\n<p><em>Bewaar op een vorstvrije plaats.<\/em><\/p>","protected":false},"excerpt":{"rendered":"<p>Roestverwijderaar en velgenreiniger die remstof en andere metaaldeeltjes die op uw voertuig terecht zijn gekomen effectief oplost.<\/p>","protected":false},"featured_media":27976,"comment_status":"open","ping_status":"closed","template":"","meta":{"_acf_changed":false,"_smort_price_nok":"","_smort_price_dkk":"","_smort_price_eur":"","_smort_sale_price_nok":"","_smort_sale_price_dkk":"","_smort_sale_price_eur":"","smort_restorder":"","shipmondo_restorder":"","_kad_blocks_custom_css":"","_kad_blocks_head_custom_js":"","_kad_blocks_body_custom_js":"","_kad_blocks_footer_custom_js":"","smort_custom_pricelist_1":"127.36","smort_custom_pricelist_2":"127.36","smort_custom_pricelist_3":"127.36","smort_custom_pricelist_4":"159.2","smort_custom_pricelist_5":"127.36"},"anvandningsomrade":[],"bilmarken":[],"product_brand":[2893],"product_cat":[2988,2989,2892,378],"product_tag":[],"class_list":{"0":"post-27975","1":"product","2":"type-product","3":"status-publish","4":"has-post-thumbnail","6":"product_brand-tershine","7":"product_cat-biltvatt","8":"product_cat-avfettning","9":"product_cat-retail-produkter","10":"product_cat-bilvard","12":"first","13":"onbackorder","14":"taxable","15":"shipping-taxable","16":"purchasable","17":"product-type-simple"},"bundled_by":[],"bundle_stock_status":"onbackorder","bundle_stock_quantity":0,"bundle_virtual":false,"bundle_layout":"","bundle_add_to_cart_form_location":"","bundle_editable_in_cart":false,"bundle_sold_individually_context":"","bundle_item_grouping":"","bundle_min_size":"","bundle_max_size":"","bundle_price":[],"bundled_items":[],"bundle_sell_ids":[],"acf":[],"yoast_head":"<!-- This site is optimized with the Yoast SEO plugin v27.0 - https:\/\/yoast.com\/product\/yoast-seo-wordpress\/ -->\n<title>Tershine Relive - Flygrostborttagare 500 ml - Xenonkungen<\/title>\n<meta name=\"robots\" content=\"index, follow, max-snippet:-1, max-image-preview:large, max-video-preview:-1\" \/>\n<link rel=\"canonical\" href=\"https:\/\/xenonkungen.com\/nl\/product\/tershine-relive-vliegroestverwijderaar-500-ml\/\" \/>\n<meta property=\"og:locale\" content=\"nl_NL\" \/>\n<meta property=\"og:type\" content=\"article\" \/>\n<meta property=\"og:title\" content=\"Tershine Relive - Flygrostborttagare 500 ml - Xenonkungen\" \/>\n<meta property=\"og:description\" content=\"Flygrostborttagare och f\u00e4lgreng\u00f6ring som effektivt l\u00f6ser bromsdamm och andra metallpartiklar som hamnat p\u00e5 ditt fordon.\" \/>\n<meta property=\"og:url\" content=\"https:\/\/xenonkungen.com\/nl\/product\/tershine-relive-vliegroestverwijderaar-500-ml\/\" \/>\n<meta property=\"og:site_name\" content=\"Xenonkungen\" \/>\n<meta property=\"article:modified_time\" content=\"2026-05-12T13:49:22+00:00\" \/>\n<meta property=\"og:image\" content=\"https:\/\/xenonkungen.com\/wp-content\/uploads\/2026\/03\/ET5La0etrYXoTyF60JtMJbnZ89OrelwEyaKAxab3.webp\" \/>\n\t<meta property=\"og:image:width\" content=\"1024\" \/>\n\t<meta property=\"og:image:height\" content=\"1024\" \/>\n\t<meta property=\"og:image:type\" content=\"image\/webp\" \/>\n<meta name=\"twitter:card\" content=\"summary_large_image\" \/>\n<meta name=\"twitter:label1\" content=\"Geschatte leestijd\" \/>\n\t<meta name=\"twitter:data1\" content=\"3 minuten\" \/>\n<script type=\"application\/ld+json\" class=\"yoast-schema-graph\">{\"@context\":\"https:\/\/schema.org\",\"@graph\":[{\"@type\":\"WebPage\",\"@id\":\"https:\/\/xenonkungen.com\/produkt\/tershine-relive-flygrostborttagare-500-ml\/\",\"url\":\"https:\/\/xenonkungen.com\/produkt\/tershine-relive-flygrostborttagare-500-ml\/\",\"name\":\"Tershine Relive - Flygrostborttagare 500 ml - Xenonkungen\",\"isPartOf\":{\"@id\":\"https:\/\/xenonkungen.com\/#website\"},\"primaryImageOfPage\":{\"@id\":\"https:\/\/xenonkungen.com\/produkt\/tershine-relive-flygrostborttagare-500-ml\/#primaryimage\"},\"image\":{\"@id\":\"https:\/\/xenonkungen.com\/produkt\/tershine-relive-flygrostborttagare-500-ml\/#primaryimage\"},\"thumbnailUrl\":\"https:\/\/xenonkungen.com\/wp-content\/uploads\/2026\/03\/ET5La0etrYXoTyF60JtMJbnZ89OrelwEyaKAxab3.webp\",\"datePublished\":\"2026-03-16T13:53:11+00:00\",\"dateModified\":\"2026-05-12T13:49:22+00:00\",\"breadcrumb\":{\"@id\":\"https:\/\/xenonkungen.com\/produkt\/tershine-relive-flygrostborttagare-500-ml\/#breadcrumb\"},\"inLanguage\":\"nl-NL\",\"potentialAction\":[{\"@type\":\"ReadAction\",\"target\":[\"https:\/\/xenonkungen.com\/produkt\/tershine-relive-flygrostborttagare-500-ml\/\"]}]},{\"@type\":\"ImageObject\",\"inLanguage\":\"nl-NL\",\"@id\":\"https:\/\/xenonkungen.com\/produkt\/tershine-relive-flygrostborttagare-500-ml\/#primaryimage\",\"url\":\"https:\/\/xenonkungen.com\/wp-content\/uploads\/2026\/03\/ET5La0etrYXoTyF60JtMJbnZ89OrelwEyaKAxab3.webp\",\"contentUrl\":\"https:\/\/xenonkungen.com\/wp-content\/uploads\/2026\/03\/ET5La0etrYXoTyF60JtMJbnZ89OrelwEyaKAxab3.webp\",\"width\":1024,\"height\":1024},{\"@type\":\"BreadcrumbList\",\"@id\":\"https:\/\/xenonkungen.com\/produkt\/tershine-relive-flygrostborttagare-500-ml\/#breadcrumb\",\"itemListElement\":[{\"@type\":\"ListItem\",\"position\":1,\"name\":\"Hem\",\"item\":\"https:\/\/xenonkungen.com\/\"},{\"@type\":\"ListItem\",\"position\":2,\"name\":\"Shop\",\"item\":\"https:\/\/xenonkungen.com\/shop\/\"},{\"@type\":\"ListItem\",\"position\":3,\"name\":\"Tershine Relive &#8211; Flygrostborttagare 500 ml\"}]},{\"@type\":\"WebSite\",\"@id\":\"https:\/\/xenonkungen.com\/#website\",\"url\":\"https:\/\/xenonkungen.com\/\",\"name\":\"Xenonkungen\",\"description\":\"\",\"potentialAction\":[{\"@type\":\"SearchAction\",\"target\":{\"@type\":\"EntryPoint\",\"urlTemplate\":\"https:\/\/xenonkungen.com\/?s={search_term_string}\"},\"query-input\":{\"@type\":\"PropertyValueSpecification\",\"valueRequired\":true,\"valueName\":\"search_term_string\"}}],\"inLanguage\":\"nl-NL\"}]}<\/script>\n<!-- \/ Yoast SEO plugin. -->","yoast_head_json":{"title":"Tershine Relive - Vliegenroestverwijderaar 500 ml - De Xenon Koning","robots":{"index":"index","follow":"follow","max-snippet":"max-snippet:-1","max-image-preview":"max-image-preview:large","max-video-preview":"max-video-preview:-1"},"canonical":"https:\/\/xenonkungen.com\/nl\/product\/tershine-relive-vliegroestverwijderaar-500-ml\/","og_locale":"nl_NL","og_type":"article","og_title":"Tershine Relive - Flygrostborttagare 500 ml - Xenonkungen","og_description":"Flygrostborttagare och f\u00e4lgreng\u00f6ring som effektivt l\u00f6ser bromsdamm och andra metallpartiklar som hamnat p\u00e5 ditt fordon.","og_url":"https:\/\/xenonkungen.com\/nl\/product\/tershine-relive-vliegroestverwijderaar-500-ml\/","og_site_name":"Xenonkungen","article_modified_time":"2026-05-12T13:49:22+00:00","og_image":[{"width":1024,"height":1024,"url":"https:\/\/xenonkungen.com\/wp-content\/uploads\/2026\/03\/ET5La0etrYXoTyF60JtMJbnZ89OrelwEyaKAxab3.webp","type":"image\/webp"}],"twitter_card":"summary_large_image","twitter_misc":{"Geschatte leestijd":"3 minuten"},"schema":{"@context":"https:\/\/schema.org","@graph":[{"@type":"WebPage","@id":"https:\/\/xenonkungen.com\/produkt\/tershine-relive-flygrostborttagare-500-ml\/","url":"https:\/\/xenonkungen.com\/produkt\/tershine-relive-flygrostborttagare-500-ml\/","name":"Tershine Relive - Vliegenroestverwijderaar 500 ml - De Xenon Koning","isPartOf":{"@id":"https:\/\/xenonkungen.com\/#website"},"primaryImageOfPage":{"@id":"https:\/\/xenonkungen.com\/produkt\/tershine-relive-flygrostborttagare-500-ml\/#primaryimage"},"image":{"@id":"https:\/\/xenonkungen.com\/produkt\/tershine-relive-flygrostborttagare-500-ml\/#primaryimage"},"thumbnailUrl":"https:\/\/xenonkungen.com\/wp-content\/uploads\/2026\/03\/ET5La0etrYXoTyF60JtMJbnZ89OrelwEyaKAxab3.webp","datePublished":"2026-03-16T13:53:11+00:00","dateModified":"2026-05-12T13:49:22+00:00","breadcrumb":{"@id":"https:\/\/xenonkungen.com\/produkt\/tershine-relive-flygrostborttagare-500-ml\/#breadcrumb"},"inLanguage":"nl-NL","potentialAction":[{"@type":"ReadAction","target":["https:\/\/xenonkungen.com\/produkt\/tershine-relive-flygrostborttagare-500-ml\/"]}]},{"@type":"ImageObject","inLanguage":"nl-NL","@id":"https:\/\/xenonkungen.com\/produkt\/tershine-relive-flygrostborttagare-500-ml\/#primaryimage","url":"https:\/\/xenonkungen.com\/wp-content\/uploads\/2026\/03\/ET5La0etrYXoTyF60JtMJbnZ89OrelwEyaKAxab3.webp","contentUrl":"https:\/\/xenonkungen.com\/wp-content\/uploads\/2026\/03\/ET5La0etrYXoTyF60JtMJbnZ89OrelwEyaKAxab3.webp","width":1024,"height":1024},{"@type":"BreadcrumbList","@id":"https:\/\/xenonkungen.com\/produkt\/tershine-relive-flygrostborttagare-500-ml\/#breadcrumb","itemListElement":[{"@type":"ListItem","position":1,"name":"Hem","item":"https:\/\/xenonkungen.com\/"},{"@type":"ListItem","position":2,"name":"Shop","item":"https:\/\/xenonkungen.com\/shop\/"},{"@type":"ListItem","position":3,"name":"Tershine Relive &#8211; Flygrostborttagare 500 ml"}]},{"@type":"WebSite","@id":"https:\/\/xenonkungen.com\/#website","url":"https:\/\/xenonkungen.com\/","name":"Xenonkungen","description":"","potentialAction":[{"@type":"SearchAction","target":{"@type":"EntryPoint","urlTemplate":"https:\/\/xenonkungen.com\/?s={search_term_string}"},"query-input":{"@type":"PropertyValueSpecification","valueRequired":true,"valueName":"search_term_string"}}],"inLanguage":"nl-NL"}]}},"taxonomy_info":{"product_brand":[{"value":2893,"label":"Tershine"}],"product_cat":[{"value":2988,"label":"1 | Biltv\u00e4tt"},{"value":2989,"label":"2 | Avfettning"},{"value":2892,"label":"\u00c5terf\u00f6rs\u00e4ljarprodukter"},{"value":378,"label":"Bilv\u00e5rd"}]},"featured_image_src_large":["https:\/\/xenonkungen.com\/wp-content\/uploads\/2026\/03\/ET5La0etrYXoTyF60JtMJbnZ89OrelwEyaKAxab3.webp",1024,1024,false],"author_info":[],"comment_info":0,"_links":{"self":[{"href":"https:\/\/xenonkungen.com\/nl\/wp-json\/wp\/v2\/product\/27975","targetHints":{"allow":["GET"]}}],"collection":[{"href":"https:\/\/xenonkungen.com\/nl\/wp-json\/wp\/v2\/product"}],"about":[{"href":"https:\/\/xenonkungen.com\/nl\/wp-json\/wp\/v2\/types\/product"}],"replies":[{"embeddable":true,"href":"https:\/\/xenonkungen.com\/nl\/wp-json\/wp\/v2\/comments?post=27975"}],"wp:featuredmedia":[{"embeddable":true,"href":"https:\/\/xenonkungen.com\/nl\/wp-json\/wp\/v2\/media\/27976"}],"wp:attachment":[{"href":"https:\/\/xenonkungen.com\/nl\/wp-json\/wp\/v2\/media?parent=27975"}],"wp:term":[{"taxonomy":"anvandningsomrade","embeddable":true,"href":"https:\/\/xenonkungen.com\/nl\/wp-json\/wp\/v2\/anvandningsomrade?post=27975"},{"taxonomy":"bilmarken","embeddable":true,"href":"https:\/\/xenonkungen.com\/nl\/wp-json\/wp\/v2\/bilmarken?post=27975"},{"taxonomy":"product_brand","embeddable":true,"href":"https:\/\/xenonkungen.com\/nl\/wp-json\/wp\/v2\/product_brand?post=27975"},{"taxonomy":"product_cat","embeddable":true,"href":"https:\/\/xenonkungen.com\/nl\/wp-json\/wp\/v2\/product_cat?post=27975"},{"taxonomy":"product_tag","embeddable":true,"href":"https:\/\/xenonkungen.com\/nl\/wp-json\/wp\/v2\/product_tag?post=27975"}],"curies":[{"name":"wp","href":"https:\/\/api.w.org\/{rel}","templated":true}]}}