{"id":27978,"date":"2026-03-16T15:02:32","date_gmt":"2026-03-16T14:02:32","guid":{"rendered":"https:\/\/xenonkungen.com\/?post_type=product&#038;p=27978"},"modified":"2026-05-08T13:33:41","modified_gmt":"2026-05-08T12:33:41","slug":"tershine-waterafstotende-glasbehandeling","status":"publish","type":"product","link":"https:\/\/xenonkungen.com\/nl\/product\/tershine-waterafstotende-glasbehandeling\/","title":{"rendered":"Tershine Repel \u2013 Glasbehandeling"},"content":{"rendered":"<p>Additief voor ruitenwisservloeistof dat zorgt voor een sprankelend schone voorruit en een mooie, frisse ruitenreiniging. Voeg toe aan de ruitenwisservloeistof en je hebt in een handomdraai een fantastische ruitenreiniger. Heerlijke geur.<\/p>\n<p><strong>Het water vormt druppels en spat met hoge snelheid van het raam af.<br \/>\nHet raam blijft langer schoon.<br \/>\nUiterst eenvoudig in gebruik.<br \/>\nVerspreidt een heerlijke geur van bosbessen.<br \/>\nZeer effectief<br \/>\nHet product wordt geproduceerd zonder toevoeging van per- en polyfluorverbindingen (PFAS).<\/strong><br \/>\n<strong><br \/>\nHoe gebruik je Repel \u2013 Zichtbaarheidsversterker: \u00a0<\/strong><\/p>\n<p><strong>1.<\/strong>\u00a0Meng 20 ml Repel per liter ruitenwisservloeistof (2%) rechtstreeks in het reservoir voor de ruitenwisservloeistof. Dat wil zeggen: 100 ml op 5 liter ruitenwisservloeistof, enzovoort.<\/p>\n<p><strong>Let op: Overdosering leidt niet tot een betere afwatering, maar verhoogt wel het risico op een vastzittende voorruit.<\/strong><\/p>\n<p><strong>2<\/strong>Gebruik de wasmachinefunctie zoals gebruikelijk.<\/p>\n<p><strong>3.\u00a0<\/strong>Ja, zo moeilijk is het niet \ud83d\ude42<\/p>\n<p><strong>Repel \u2013 Glasbehandeling\u00a0<\/strong>Dit is een additief voor ruitenwisservloeistof dat de ruiten schoner maakt en zorgt voor een mooie, gladde afwerking, waardoor autorijden in natte omstandigheden veel gemakkelijker wordt. Het is extreem glad en het voordeel is dat je minder ruitenwisservloeistof verbruikt, omdat de ruiten langer schoon blijven. Bovendien is het dankzij het hydrofobe effect veel gemakkelijker om in de regen te rijden. Het maskeert ook enigszins de niet zo prettige geur van de ruitenwisservloeistof zelf met een lichte &quot;bosbessengeur&quot;. 100 ml is bedoeld voor 4-5 liter ruitenwisservloeistof, maar we hebben gemerkt dat het ook werkt met minder en meer, dus je kunt bijvoorbeeld beginnen met een halve fles, enzovoort.<\/p>","protected":false},"excerpt":{"rendered":"<p>Een additief voor ruitenwisservloeistof dat zorgt voor een sprankelend schone voorruit en een mooie, soepele afloop. Voeg het toe aan de ruitenwisservloeistof en je hebt in een handomdraai een fantastische ruitenbehandeling.<\/p>","protected":false},"featured_media":27979,"comment_status":"open","ping_status":"closed","template":"","meta":{"_acf_changed":false,"_smort_price_nok":"","_smort_price_dkk":"","_smort_price_eur":"","_smort_sale_price_nok":"","_smort_sale_price_dkk":"","_smort_sale_price_eur":"","smort_restorder":"","shipmondo_restorder":"","_kad_blocks_custom_css":"","_kad_blocks_head_custom_js":"","_kad_blocks_body_custom_js":"","_kad_blocks_footer_custom_js":"","smort_custom_pricelist_1":null,"smort_custom_pricelist_2":null,"smort_custom_pricelist_3":null,"smort_custom_pricelist_4":null,"smort_custom_pricelist_5":null},"anvandningsomrade":[],"bilmarken":[],"product_brand":[2893],"product_cat":[2892,378],"product_tag":[],"class_list":{"0":"post-27978","1":"product","2":"type-product","3":"status-publish","4":"has-post-thumbnail","6":"product_brand-tershine","7":"product_cat-retail-produkter","8":"product_cat-bilvard","10":"first","11":"instock","12":"taxable","13":"shipping-taxable","14":"purchasable","15":"product-type-variable"},"bundled_by":[],"bundle_stock_status":"instock","bundle_stock_quantity":null,"bundle_virtual":false,"bundle_layout":"","bundle_add_to_cart_form_location":"","bundle_editable_in_cart":false,"bundle_sold_individually_context":"","bundle_item_grouping":"","bundle_min_size":"","bundle_max_size":"","bundle_price":[],"bundled_items":[],"bundle_sell_ids":[],"acf":[],"yoast_head":"<!-- This site is optimized with the Yoast SEO plugin v27.0 - https:\/\/yoast.com\/product\/yoast-seo-wordpress\/ -->\n<title>Tershine Repel - Glasbehandling - Xenonkungen<\/title>\n<meta name=\"robots\" content=\"index, follow, max-snippet:-1, max-image-preview:large, max-video-preview:-1\" \/>\n<link rel=\"canonical\" href=\"https:\/\/xenonkungen.com\/nl\/product\/tershine-waterafstotende-glasbehandeling\/\" \/>\n<meta property=\"og:locale\" content=\"nl_NL\" \/>\n<meta property=\"og:type\" content=\"article\" \/>\n<meta property=\"og:title\" content=\"Tershine Repel - Glasbehandling - Xenonkungen\" \/>\n<meta property=\"og:description\" content=\"En tillsats f\u00f6r spolarv\u00e4tskan som ger en skinande ren\u00a0framruta och massa h\u00e4rlig avrinning. H\u00e4ll ner i spolarv\u00e4tskan och sen har du f\u00e5tt en grym glasbehandling p\u00e5 nolltid.\" \/>\n<meta property=\"og:url\" content=\"https:\/\/xenonkungen.com\/nl\/product\/tershine-waterafstotende-glasbehandeling\/\" \/>\n<meta property=\"og:site_name\" content=\"Xenonkungen\" \/>\n<meta property=\"article:modified_time\" content=\"2026-05-08T12:33:41+00:00\" \/>\n<meta property=\"og:image\" content=\"https:\/\/xenonkungen.com\/wp-content\/uploads\/2026\/03\/k4xfSmysjATfxTZiMyn9J5nTiF8uwlLmVjCIpvMm.webp\" \/>\n\t<meta property=\"og:image:width\" content=\"1024\" \/>\n\t<meta property=\"og:image:height\" content=\"1024\" \/>\n\t<meta property=\"og:image:type\" content=\"image\/webp\" \/>\n<meta name=\"twitter:card\" content=\"summary_large_image\" \/>\n<meta name=\"twitter:label1\" content=\"Geschatte leestijd\" \/>\n\t<meta name=\"twitter:data1\" content=\"2 minuten\" \/>\n<script type=\"application\/ld+json\" class=\"yoast-schema-graph\">{\"@context\":\"https:\/\/schema.org\",\"@graph\":[{\"@type\":\"WebPage\",\"@id\":\"https:\/\/xenonkungen.com\/produkt\/tershine-repel-glasbehandling\/\",\"url\":\"https:\/\/xenonkungen.com\/produkt\/tershine-repel-glasbehandling\/\",\"name\":\"Tershine Repel - Glasbehandling - Xenonkungen\",\"isPartOf\":{\"@id\":\"https:\/\/xenonkungen.com\/#website\"},\"primaryImageOfPage\":{\"@id\":\"https:\/\/xenonkungen.com\/produkt\/tershine-repel-glasbehandling\/#primaryimage\"},\"image\":{\"@id\":\"https:\/\/xenonkungen.com\/produkt\/tershine-repel-glasbehandling\/#primaryimage\"},\"thumbnailUrl\":\"https:\/\/xenonkungen.com\/wp-content\/uploads\/2026\/03\/k4xfSmysjATfxTZiMyn9J5nTiF8uwlLmVjCIpvMm.webp\",\"datePublished\":\"2026-03-16T14:02:32+00:00\",\"dateModified\":\"2026-05-08T12:33:41+00:00\",\"breadcrumb\":{\"@id\":\"https:\/\/xenonkungen.com\/produkt\/tershine-repel-glasbehandling\/#breadcrumb\"},\"inLanguage\":\"nl-NL\",\"potentialAction\":[{\"@type\":\"ReadAction\",\"target\":[\"https:\/\/xenonkungen.com\/produkt\/tershine-repel-glasbehandling\/\"]}]},{\"@type\":\"ImageObject\",\"inLanguage\":\"nl-NL\",\"@id\":\"https:\/\/xenonkungen.com\/produkt\/tershine-repel-glasbehandling\/#primaryimage\",\"url\":\"https:\/\/xenonkungen.com\/wp-content\/uploads\/2026\/03\/k4xfSmysjATfxTZiMyn9J5nTiF8uwlLmVjCIpvMm.webp\",\"contentUrl\":\"https:\/\/xenonkungen.com\/wp-content\/uploads\/2026\/03\/k4xfSmysjATfxTZiMyn9J5nTiF8uwlLmVjCIpvMm.webp\",\"width\":1024,\"height\":1024},{\"@type\":\"BreadcrumbList\",\"@id\":\"https:\/\/xenonkungen.com\/produkt\/tershine-repel-glasbehandling\/#breadcrumb\",\"itemListElement\":[{\"@type\":\"ListItem\",\"position\":1,\"name\":\"Hem\",\"item\":\"https:\/\/xenonkungen.com\/\"},{\"@type\":\"ListItem\",\"position\":2,\"name\":\"Shop\",\"item\":\"https:\/\/xenonkungen.com\/shop\/\"},{\"@type\":\"ListItem\",\"position\":3,\"name\":\"Tershine Repel &#8211; Glasbehandling\"}]},{\"@type\":\"WebSite\",\"@id\":\"https:\/\/xenonkungen.com\/#website\",\"url\":\"https:\/\/xenonkungen.com\/\",\"name\":\"Xenonkungen\",\"description\":\"\",\"potentialAction\":[{\"@type\":\"SearchAction\",\"target\":{\"@type\":\"EntryPoint\",\"urlTemplate\":\"https:\/\/xenonkungen.com\/?s={search_term_string}\"},\"query-input\":{\"@type\":\"PropertyValueSpecification\",\"valueRequired\":true,\"valueName\":\"search_term_string\"}}],\"inLanguage\":\"nl-NL\"}]}<\/script>\n<!-- \/ Yoast SEO plugin. -->","yoast_head_json":{"title":"Tershine Repel - Glasbehandeling - De Xenon Koning","robots":{"index":"index","follow":"follow","max-snippet":"max-snippet:-1","max-image-preview":"max-image-preview:large","max-video-preview":"max-video-preview:-1"},"canonical":"https:\/\/xenonkungen.com\/nl\/product\/tershine-waterafstotende-glasbehandeling\/","og_locale":"nl_NL","og_type":"article","og_title":"Tershine Repel - Glasbehandling - Xenonkungen","og_description":"En tillsats f\u00f6r spolarv\u00e4tskan som ger en skinande ren\u00a0framruta och massa h\u00e4rlig avrinning. H\u00e4ll ner i spolarv\u00e4tskan och sen har du f\u00e5tt en grym glasbehandling p\u00e5 nolltid.","og_url":"https:\/\/xenonkungen.com\/nl\/product\/tershine-waterafstotende-glasbehandeling\/","og_site_name":"Xenonkungen","article_modified_time":"2026-05-08T12:33:41+00:00","og_image":[{"width":1024,"height":1024,"url":"https:\/\/xenonkungen.com\/wp-content\/uploads\/2026\/03\/k4xfSmysjATfxTZiMyn9J5nTiF8uwlLmVjCIpvMm.webp","type":"image\/webp"}],"twitter_card":"summary_large_image","twitter_misc":{"Geschatte leestijd":"2 minuten"},"schema":{"@context":"https:\/\/schema.org","@graph":[{"@type":"WebPage","@id":"https:\/\/xenonkungen.com\/produkt\/tershine-repel-glasbehandling\/","url":"https:\/\/xenonkungen.com\/produkt\/tershine-repel-glasbehandling\/","name":"Tershine Repel - Glasbehandeling - De Xenon Koning","isPartOf":{"@id":"https:\/\/xenonkungen.com\/#website"},"primaryImageOfPage":{"@id":"https:\/\/xenonkungen.com\/produkt\/tershine-repel-glasbehandling\/#primaryimage"},"image":{"@id":"https:\/\/xenonkungen.com\/produkt\/tershine-repel-glasbehandling\/#primaryimage"},"thumbnailUrl":"https:\/\/xenonkungen.com\/wp-content\/uploads\/2026\/03\/k4xfSmysjATfxTZiMyn9J5nTiF8uwlLmVjCIpvMm.webp","datePublished":"2026-03-16T14:02:32+00:00","dateModified":"2026-05-08T12:33:41+00:00","breadcrumb":{"@id":"https:\/\/xenonkungen.com\/produkt\/tershine-repel-glasbehandling\/#breadcrumb"},"inLanguage":"nl-NL","potentialAction":[{"@type":"ReadAction","target":["https:\/\/xenonkungen.com\/produkt\/tershine-repel-glasbehandling\/"]}]},{"@type":"ImageObject","inLanguage":"nl-NL","@id":"https:\/\/xenonkungen.com\/produkt\/tershine-repel-glasbehandling\/#primaryimage","url":"https:\/\/xenonkungen.com\/wp-content\/uploads\/2026\/03\/k4xfSmysjATfxTZiMyn9J5nTiF8uwlLmVjCIpvMm.webp","contentUrl":"https:\/\/xenonkungen.com\/wp-content\/uploads\/2026\/03\/k4xfSmysjATfxTZiMyn9J5nTiF8uwlLmVjCIpvMm.webp","width":1024,"height":1024},{"@type":"BreadcrumbList","@id":"https:\/\/xenonkungen.com\/produkt\/tershine-repel-glasbehandling\/#breadcrumb","itemListElement":[{"@type":"ListItem","position":1,"name":"Hem","item":"https:\/\/xenonkungen.com\/"},{"@type":"ListItem","position":2,"name":"Shop","item":"https:\/\/xenonkungen.com\/shop\/"},{"@type":"ListItem","position":3,"name":"Tershine Repel &#8211; Glasbehandling"}]},{"@type":"WebSite","@id":"https:\/\/xenonkungen.com\/#website","url":"https:\/\/xenonkungen.com\/","name":"Xenonkungen","description":"","potentialAction":[{"@type":"SearchAction","target":{"@type":"EntryPoint","urlTemplate":"https:\/\/xenonkungen.com\/?s={search_term_string}"},"query-input":{"@type":"PropertyValueSpecification","valueRequired":true,"valueName":"search_term_string"}}],"inLanguage":"nl-NL"}]}},"taxonomy_info":{"product_brand":[{"value":2893,"label":"Tershine"}],"product_cat":[{"value":2892,"label":"\u00c5terf\u00f6rs\u00e4ljarprodukter"},{"value":378,"label":"Bilv\u00e5rd"}]},"featured_image_src_large":["https:\/\/xenonkungen.com\/wp-content\/uploads\/2026\/03\/k4xfSmysjATfxTZiMyn9J5nTiF8uwlLmVjCIpvMm.webp",1024,1024,false],"author_info":[],"comment_info":0,"_links":{"self":[{"href":"https:\/\/xenonkungen.com\/nl\/wp-json\/wp\/v2\/product\/27978","targetHints":{"allow":["GET"]}}],"collection":[{"href":"https:\/\/xenonkungen.com\/nl\/wp-json\/wp\/v2\/product"}],"about":[{"href":"https:\/\/xenonkungen.com\/nl\/wp-json\/wp\/v2\/types\/product"}],"replies":[{"embeddable":true,"href":"https:\/\/xenonkungen.com\/nl\/wp-json\/wp\/v2\/comments?post=27978"}],"wp:featuredmedia":[{"embeddable":true,"href":"https:\/\/xenonkungen.com\/nl\/wp-json\/wp\/v2\/media\/27979"}],"wp:attachment":[{"href":"https:\/\/xenonkungen.com\/nl\/wp-json\/wp\/v2\/media?parent=27978"}],"wp:term":[{"taxonomy":"anvandningsomrade","embeddable":true,"href":"https:\/\/xenonkungen.com\/nl\/wp-json\/wp\/v2\/anvandningsomrade?post=27978"},{"taxonomy":"bilmarken","embeddable":true,"href":"https:\/\/xenonkungen.com\/nl\/wp-json\/wp\/v2\/bilmarken?post=27978"},{"taxonomy":"product_brand","embeddable":true,"href":"https:\/\/xenonkungen.com\/nl\/wp-json\/wp\/v2\/product_brand?post=27978"},{"taxonomy":"product_cat","embeddable":true,"href":"https:\/\/xenonkungen.com\/nl\/wp-json\/wp\/v2\/product_cat?post=27978"},{"taxonomy":"product_tag","embeddable":true,"href":"https:\/\/xenonkungen.com\/nl\/wp-json\/wp\/v2\/product_tag?post=27978"}],"curies":[{"name":"wp","href":"https:\/\/api.w.org\/{rel}","templated":true}]}}