{"id":28098,"date":"2026-03-18T09:12:32","date_gmt":"2026-03-18T08:12:32","guid":{"rendered":"https:\/\/xenonkungen.com\/?post_type=product&#038;p=28098"},"modified":"2026-05-12T14:43:52","modified_gmt":"2026-05-12T13:43:52","slug":"tershine-vax-applikator","status":"publish","type":"product","link":"https:\/\/xenonkungen.com\/nl\/product\/tershine-vax-applikator\/","title":{"rendered":"Tershine Wax Applicator"},"content":{"rendered":"<p>Een erg fijne waxapplicator, speciaal gemaakt voor onze Magnify-Wax. Perfect formaat en van zeer goede kwaliteit, met een steviger handvat aan de bovenkant en een zachtere onderkant voor het aanbrengen. Herbruikbaar, zorgvuldig afspoelen met een beetje APC of een vergelijkbaar product.<\/p>","protected":false},"excerpt":{"rendered":"<p>Een erg fijne waxapplicator, speciaal gemaakt voor onze Magnify-Wax. Perfect formaat en van zeer goede kwaliteit, met een steviger handvat aan de bovenkant en een zachtere onderkant voor het aanbrengen. Herbruikbaar, zorgvuldig afspoelen met een beetje APC of een vergelijkbaar product.<\/p>","protected":false},"featured_media":28099,"comment_status":"open","ping_status":"closed","template":"","meta":{"_acf_changed":false,"_smort_price_nok":"","_smort_price_dkk":"","_smort_price_eur":"","_smort_sale_price_nok":"","_smort_sale_price_dkk":"","_smort_sale_price_eur":"","smort_restorder":"","shipmondo_restorder":"","_kad_blocks_custom_css":"","_kad_blocks_head_custom_js":"","_kad_blocks_body_custom_js":"","_kad_blocks_footer_custom_js":"","smort_custom_pricelist_1":"24.96","smort_custom_pricelist_2":"24.96","smort_custom_pricelist_3":"24.96","smort_custom_pricelist_4":"31.2","smort_custom_pricelist_5":"24.96"},"anvandningsomrade":[],"bilmarken":[],"product_brand":[2893],"product_cat":[2617,2450,378],"product_tag":[],"class_list":{"0":"post-28098","1":"product","2":"type-product","3":"status-publish","4":"has-post-thumbnail","6":"product_brand-tershine","7":"product_cat-polering","8":"product_cat-tillbehor-bilvard","9":"product_cat-bilvard","11":"first","12":"onbackorder","13":"taxable","14":"shipping-taxable","15":"purchasable","16":"product-type-simple"},"bundled_by":[],"bundle_stock_status":"onbackorder","bundle_stock_quantity":0,"bundle_virtual":false,"bundle_layout":"","bundle_add_to_cart_form_location":"","bundle_editable_in_cart":false,"bundle_sold_individually_context":"","bundle_item_grouping":"","bundle_min_size":"","bundle_max_size":"","bundle_price":[],"bundled_items":[],"bundle_sell_ids":[],"acf":[],"yoast_head":"<!-- This site is optimized with the Yoast SEO plugin v27.0 - https:\/\/yoast.com\/product\/yoast-seo-wordpress\/ -->\n<title>Tershine Vax-applikator - Xenonkungen<\/title>\n<meta name=\"robots\" content=\"index, follow, max-snippet:-1, max-image-preview:large, max-video-preview:-1\" \/>\n<link rel=\"canonical\" href=\"https:\/\/xenonkungen.com\/nl\/product\/tershine-vax-applikator\/\" \/>\n<meta property=\"og:locale\" content=\"nl_NL\" \/>\n<meta property=\"og:type\" content=\"article\" \/>\n<meta property=\"og:title\" content=\"Tershine Vax-applikator - Xenonkungen\" \/>\n<meta property=\"og:description\" content=\"En riktigt trevlig vax-applikator som \u00e4r gjord f\u00f6r v\u00e5rt Magnify &#8211; Wax. Perfekt storlek och av mycket bra kvalitet, h\u00e5rdare \u201dhandtag\u201d p\u00e5 ovansidan samt v\u00e4l avst\u00e4md mjukare nederdel f\u00f6r appliceringsmomentet. G\u00e5r att \u00e5teranv\u00e4nda, sk\u00f6lj ur f\u00f6rsiktigt med lite APC eller motsvarande.\" \/>\n<meta property=\"og:url\" content=\"https:\/\/xenonkungen.com\/nl\/product\/tershine-vax-applikator\/\" \/>\n<meta property=\"og:site_name\" content=\"Xenonkungen\" \/>\n<meta property=\"article:modified_time\" content=\"2026-05-12T13:43:52+00:00\" \/>\n<meta property=\"og:image\" content=\"https:\/\/xenonkungen.com\/wp-content\/uploads\/2026\/03\/lpxF285LSexWl6m9xVqQyq2PFL1j3cfjSUTixJcT.webp\" \/>\n\t<meta property=\"og:image:width\" content=\"1024\" \/>\n\t<meta property=\"og:image:height\" content=\"1024\" \/>\n\t<meta property=\"og:image:type\" content=\"image\/webp\" \/>\n<meta name=\"twitter:card\" content=\"summary_large_image\" \/>\n<meta name=\"twitter:label1\" content=\"Geschatte leestijd\" \/>\n\t<meta name=\"twitter:data1\" content=\"1 minuut\" \/>\n<script type=\"application\/ld+json\" class=\"yoast-schema-graph\">{\"@context\":\"https:\/\/schema.org\",\"@graph\":[{\"@type\":\"WebPage\",\"@id\":\"https:\/\/xenonkungen.com\/produkt\/tershine-vax-applikator\/\",\"url\":\"https:\/\/xenonkungen.com\/produkt\/tershine-vax-applikator\/\",\"name\":\"Tershine Vax-applikator - Xenonkungen\",\"isPartOf\":{\"@id\":\"https:\/\/xenonkungen.com\/#website\"},\"primaryImageOfPage\":{\"@id\":\"https:\/\/xenonkungen.com\/produkt\/tershine-vax-applikator\/#primaryimage\"},\"image\":{\"@id\":\"https:\/\/xenonkungen.com\/produkt\/tershine-vax-applikator\/#primaryimage\"},\"thumbnailUrl\":\"https:\/\/xenonkungen.com\/wp-content\/uploads\/2026\/03\/lpxF285LSexWl6m9xVqQyq2PFL1j3cfjSUTixJcT.webp\",\"datePublished\":\"2026-03-18T08:12:32+00:00\",\"dateModified\":\"2026-05-12T13:43:52+00:00\",\"breadcrumb\":{\"@id\":\"https:\/\/xenonkungen.com\/produkt\/tershine-vax-applikator\/#breadcrumb\"},\"inLanguage\":\"nl-NL\",\"potentialAction\":[{\"@type\":\"ReadAction\",\"target\":[\"https:\/\/xenonkungen.com\/produkt\/tershine-vax-applikator\/\"]}]},{\"@type\":\"ImageObject\",\"inLanguage\":\"nl-NL\",\"@id\":\"https:\/\/xenonkungen.com\/produkt\/tershine-vax-applikator\/#primaryimage\",\"url\":\"https:\/\/xenonkungen.com\/wp-content\/uploads\/2026\/03\/lpxF285LSexWl6m9xVqQyq2PFL1j3cfjSUTixJcT.webp\",\"contentUrl\":\"https:\/\/xenonkungen.com\/wp-content\/uploads\/2026\/03\/lpxF285LSexWl6m9xVqQyq2PFL1j3cfjSUTixJcT.webp\",\"width\":1024,\"height\":1024},{\"@type\":\"BreadcrumbList\",\"@id\":\"https:\/\/xenonkungen.com\/produkt\/tershine-vax-applikator\/#breadcrumb\",\"itemListElement\":[{\"@type\":\"ListItem\",\"position\":1,\"name\":\"Hem\",\"item\":\"https:\/\/xenonkungen.com\/\"},{\"@type\":\"ListItem\",\"position\":2,\"name\":\"Shop\",\"item\":\"https:\/\/xenonkungen.com\/shop\/\"},{\"@type\":\"ListItem\",\"position\":3,\"name\":\"Tershine Vax-applikator\"}]},{\"@type\":\"WebSite\",\"@id\":\"https:\/\/xenonkungen.com\/#website\",\"url\":\"https:\/\/xenonkungen.com\/\",\"name\":\"Xenonkungen\",\"description\":\"\",\"potentialAction\":[{\"@type\":\"SearchAction\",\"target\":{\"@type\":\"EntryPoint\",\"urlTemplate\":\"https:\/\/xenonkungen.com\/?s={search_term_string}\"},\"query-input\":{\"@type\":\"PropertyValueSpecification\",\"valueRequired\":true,\"valueName\":\"search_term_string\"}}],\"inLanguage\":\"nl-NL\"}]}<\/script>\n<!-- \/ Yoast SEO plugin. -->","yoast_head_json":{"title":"Tershine Vax-applikator - Xenonkungen","robots":{"index":"index","follow":"follow","max-snippet":"max-snippet:-1","max-image-preview":"max-image-preview:large","max-video-preview":"max-video-preview:-1"},"canonical":"https:\/\/xenonkungen.com\/nl\/product\/tershine-vax-applikator\/","og_locale":"nl_NL","og_type":"article","og_title":"Tershine Vax-applikator - Xenonkungen","og_description":"En riktigt trevlig vax-applikator som \u00e4r gjord f\u00f6r v\u00e5rt Magnify &#8211; Wax. Perfekt storlek och av mycket bra kvalitet, h\u00e5rdare \u201dhandtag\u201d p\u00e5 ovansidan samt v\u00e4l avst\u00e4md mjukare nederdel f\u00f6r appliceringsmomentet. G\u00e5r att \u00e5teranv\u00e4nda, sk\u00f6lj ur f\u00f6rsiktigt med lite APC eller motsvarande.","og_url":"https:\/\/xenonkungen.com\/nl\/product\/tershine-vax-applikator\/","og_site_name":"Xenonkungen","article_modified_time":"2026-05-12T13:43:52+00:00","og_image":[{"width":1024,"height":1024,"url":"https:\/\/xenonkungen.com\/wp-content\/uploads\/2026\/03\/lpxF285LSexWl6m9xVqQyq2PFL1j3cfjSUTixJcT.webp","type":"image\/webp"}],"twitter_card":"summary_large_image","twitter_misc":{"Geschatte leestijd":"1 minuut"},"schema":{"@context":"https:\/\/schema.org","@graph":[{"@type":"WebPage","@id":"https:\/\/xenonkungen.com\/produkt\/tershine-vax-applikator\/","url":"https:\/\/xenonkungen.com\/produkt\/tershine-vax-applikator\/","name":"Tershine Vax-applikator - Xenonkungen","isPartOf":{"@id":"https:\/\/xenonkungen.com\/#website"},"primaryImageOfPage":{"@id":"https:\/\/xenonkungen.com\/produkt\/tershine-vax-applikator\/#primaryimage"},"image":{"@id":"https:\/\/xenonkungen.com\/produkt\/tershine-vax-applikator\/#primaryimage"},"thumbnailUrl":"https:\/\/xenonkungen.com\/wp-content\/uploads\/2026\/03\/lpxF285LSexWl6m9xVqQyq2PFL1j3cfjSUTixJcT.webp","datePublished":"2026-03-18T08:12:32+00:00","dateModified":"2026-05-12T13:43:52+00:00","breadcrumb":{"@id":"https:\/\/xenonkungen.com\/produkt\/tershine-vax-applikator\/#breadcrumb"},"inLanguage":"nl-NL","potentialAction":[{"@type":"ReadAction","target":["https:\/\/xenonkungen.com\/produkt\/tershine-vax-applikator\/"]}]},{"@type":"ImageObject","inLanguage":"nl-NL","@id":"https:\/\/xenonkungen.com\/produkt\/tershine-vax-applikator\/#primaryimage","url":"https:\/\/xenonkungen.com\/wp-content\/uploads\/2026\/03\/lpxF285LSexWl6m9xVqQyq2PFL1j3cfjSUTixJcT.webp","contentUrl":"https:\/\/xenonkungen.com\/wp-content\/uploads\/2026\/03\/lpxF285LSexWl6m9xVqQyq2PFL1j3cfjSUTixJcT.webp","width":1024,"height":1024},{"@type":"BreadcrumbList","@id":"https:\/\/xenonkungen.com\/produkt\/tershine-vax-applikator\/#breadcrumb","itemListElement":[{"@type":"ListItem","position":1,"name":"Hem","item":"https:\/\/xenonkungen.com\/"},{"@type":"ListItem","position":2,"name":"Shop","item":"https:\/\/xenonkungen.com\/shop\/"},{"@type":"ListItem","position":3,"name":"Tershine Vax-applikator"}]},{"@type":"WebSite","@id":"https:\/\/xenonkungen.com\/#website","url":"https:\/\/xenonkungen.com\/","name":"Xenonkungen","description":"","potentialAction":[{"@type":"SearchAction","target":{"@type":"EntryPoint","urlTemplate":"https:\/\/xenonkungen.com\/?s={search_term_string}"},"query-input":{"@type":"PropertyValueSpecification","valueRequired":true,"valueName":"search_term_string"}}],"inLanguage":"nl-NL"}]}},"taxonomy_info":{"product_brand":[{"value":2893,"label":"Tershine"}],"product_cat":[{"value":2617,"label":"3 | Polering"},{"value":2450,"label":"6 | Tillbeh\u00f6r"},{"value":378,"label":"Bilv\u00e5rd"}]},"featured_image_src_large":["https:\/\/xenonkungen.com\/wp-content\/uploads\/2026\/03\/lpxF285LSexWl6m9xVqQyq2PFL1j3cfjSUTixJcT.webp",1024,1024,false],"author_info":[],"comment_info":0,"_links":{"self":[{"href":"https:\/\/xenonkungen.com\/nl\/wp-json\/wp\/v2\/product\/28098","targetHints":{"allow":["GET"]}}],"collection":[{"href":"https:\/\/xenonkungen.com\/nl\/wp-json\/wp\/v2\/product"}],"about":[{"href":"https:\/\/xenonkungen.com\/nl\/wp-json\/wp\/v2\/types\/product"}],"replies":[{"embeddable":true,"href":"https:\/\/xenonkungen.com\/nl\/wp-json\/wp\/v2\/comments?post=28098"}],"wp:featuredmedia":[{"embeddable":true,"href":"https:\/\/xenonkungen.com\/nl\/wp-json\/wp\/v2\/media\/28099"}],"wp:attachment":[{"href":"https:\/\/xenonkungen.com\/nl\/wp-json\/wp\/v2\/media?parent=28098"}],"wp:term":[{"taxonomy":"anvandningsomrade","embeddable":true,"href":"https:\/\/xenonkungen.com\/nl\/wp-json\/wp\/v2\/anvandningsomrade?post=28098"},{"taxonomy":"bilmarken","embeddable":true,"href":"https:\/\/xenonkungen.com\/nl\/wp-json\/wp\/v2\/bilmarken?post=28098"},{"taxonomy":"product_brand","embeddable":true,"href":"https:\/\/xenonkungen.com\/nl\/wp-json\/wp\/v2\/product_brand?post=28098"},{"taxonomy":"product_cat","embeddable":true,"href":"https:\/\/xenonkungen.com\/nl\/wp-json\/wp\/v2\/product_cat?post=28098"},{"taxonomy":"product_tag","embeddable":true,"href":"https:\/\/xenonkungen.com\/nl\/wp-json\/wp\/v2\/product_tag?post=28098"}],"curies":[{"name":"wp","href":"https:\/\/api.w.org\/{rel}","templated":true}]}}