{"id":28135,"date":"2026-03-18T10:02:18","date_gmt":"2026-03-18T09:02:18","guid":{"rendered":"https:\/\/xenonkungen.com\/?post_type=product&#038;p=28135"},"modified":"2026-04-24T17:48:12","modified_gmt":"2026-04-24T16:48:12","slug":"tershine-flodesmunstycke-till-foam-lance","status":"publish","type":"product","link":"https:\/\/xenonkungen.com\/nl\/product\/tershine-flodesmunstycke-till-foam-lance\/","title":{"rendered":"Tershine Flow-mondstuk voor schuimlans"},"content":{"rendered":"<p>Onze schuimlans wordt geleverd met een sproeier met een doorstroomdiameter van 1,25 mm. Als u merkt dat de schuimvorming minder is, moet u waarschijnlijk een sproeier met een kleinere of grotere doorstroomdiameter gebruiken.<\/p>\n<p>Het type sproeier dat u nodig heeft, hangt af van de hoeveelheid water die per minuut door uw hogedrukreiniger stroomt. Meestal geeft de fabrikant van de hogedrukreiniger de hoeveelheid water aan in liters per uur (L\/H). In dat geval deelt u dat getal door 60 om het aantal liters per minuut (L\/M) te berekenen.<\/p>\n<ul>\n<li><strong>1,1 mm<\/strong>\u00a0= Minder dan 6 liter per minuut<\/li>\n<li><strong>1,2 mm<\/strong>\u00a0= Meer dan 6 liter per minuut<\/li>\n<li><strong>1,4 mm<\/strong>\u00a0= Meer dan 10 liter per minuut (Dit is geschikt voor mensen die op een\u00a0<strong>OKQ8&#039;s<\/strong>\u00a0doe-het-zelf-zalen)<\/li>\n<\/ul>\n<p>Onze sproeikoppen zijn gemaakt van roestvrij staal, terwijl veel andere sproeikoppen van messing zijn gemaakt. Messing oxideert na verloop van tijd, wat betekent dat die van ons aanzienlijk langer meegaan.<\/p>","protected":false},"excerpt":{"rendered":"<p>V\u00e5r Foam Lance levereras med 1,25mm fl\u00f6desmunstycke, ifall du upplever att det skummar lite s\u00e4mre s\u00e5 beh\u00f6ver du troligtvis byta till ett mindre eller st\u00f6rre fl\u00f6desmunstycke. Munstycket du ska ha avg\u00f6rs p\u00e5 hur mycket vatten som passerar genom din h\u00f6gtryckstv\u00e4tt per minut. Oftast anger h\u00f6gtryckstv\u00e4ttstillverkaren m\u00e4ngden vatten i liter per timme ( L\/H ). Is\u00e5fall [&hellip;]<\/p>","protected":false},"featured_media":28137,"comment_status":"open","ping_status":"closed","template":"","meta":{"_acf_changed":false,"_smort_price_nok":"","_smort_price_dkk":"","_smort_price_eur":"","_smort_sale_price_nok":"","_smort_sale_price_dkk":"","_smort_sale_price_eur":"","smort_restorder":"","shipmondo_restorder":"","_kad_blocks_custom_css":"","_kad_blocks_head_custom_js":"","_kad_blocks_body_custom_js":"","_kad_blocks_footer_custom_js":"","smort_custom_pricelist_1":"","smort_custom_pricelist_2":"","smort_custom_pricelist_3":"","smort_custom_pricelist_4":"","smort_custom_pricelist_5":""},"anvandningsomrade":[],"bilmarken":[],"product_brand":[2893],"product_cat":[2450,378],"product_tag":[],"class_list":{"0":"post-28135","1":"product","2":"type-product","3":"status-publish","4":"has-post-thumbnail","6":"product_brand-tershine","7":"product_cat-tillbehor-bilvard","8":"product_cat-bilvard","10":"first","11":"onbackorder","12":"taxable","13":"shipping-taxable","14":"purchasable","15":"product-type-variable"},"bundled_by":[],"bundle_stock_status":"onbackorder","bundle_stock_quantity":null,"bundle_virtual":false,"bundle_layout":"","bundle_add_to_cart_form_location":"","bundle_editable_in_cart":false,"bundle_sold_individually_context":"","bundle_item_grouping":"","bundle_min_size":"","bundle_max_size":"","bundle_price":[],"bundled_items":[],"bundle_sell_ids":[],"acf":[],"yoast_head":"<!-- This site is optimized with the Yoast SEO plugin v27.0 - https:\/\/yoast.com\/product\/yoast-seo-wordpress\/ -->\n<title>Tershine Fl\u00f6desmunstycke till Foam Lance - Xenonkungen<\/title>\n<meta name=\"robots\" content=\"index, follow, max-snippet:-1, max-image-preview:large, max-video-preview:-1\" \/>\n<link rel=\"canonical\" href=\"https:\/\/xenonkungen.com\/nl\/product\/tershine-flodesmunstycke-till-foam-lance\/\" \/>\n<meta property=\"og:locale\" content=\"nl_NL\" \/>\n<meta property=\"og:type\" content=\"article\" \/>\n<meta property=\"og:title\" content=\"Tershine Fl\u00f6desmunstycke till Foam Lance - Xenonkungen\" \/>\n<meta property=\"og:description\" content=\"V\u00e5r Foam Lance levereras med 1,25mm fl\u00f6desmunstycke, ifall du upplever att det skummar lite s\u00e4mre s\u00e5 beh\u00f6ver du troligtvis byta till ett mindre eller st\u00f6rre fl\u00f6desmunstycke. Munstycket du ska ha avg\u00f6rs p\u00e5 hur mycket vatten som passerar genom din h\u00f6gtryckstv\u00e4tt per minut. Oftast anger h\u00f6gtryckstv\u00e4ttstillverkaren m\u00e4ngden vatten i liter per timme ( L\/H ). Is\u00e5fall [&hellip;]\" \/>\n<meta property=\"og:url\" content=\"https:\/\/xenonkungen.com\/nl\/product\/tershine-flodesmunstycke-till-foam-lance\/\" \/>\n<meta property=\"og:site_name\" content=\"Xenonkungen\" \/>\n<meta property=\"article:modified_time\" content=\"2026-04-24T16:48:12+00:00\" \/>\n<meta property=\"og:image\" content=\"https:\/\/xenonkungen.com\/wp-content\/uploads\/2026\/03\/0fwQF0tg7sKMdgFy4GFbJKHMzXapLlbyUYSmPodr.webp\" \/>\n\t<meta property=\"og:image:width\" content=\"1024\" \/>\n\t<meta property=\"og:image:height\" content=\"1023\" \/>\n\t<meta property=\"og:image:type\" content=\"image\/webp\" \/>\n<meta name=\"twitter:card\" content=\"summary_large_image\" \/>\n<meta name=\"twitter:label1\" content=\"Geschatte leestijd\" \/>\n\t<meta name=\"twitter:data1\" content=\"1 minuut\" \/>\n<script type=\"application\/ld+json\" class=\"yoast-schema-graph\">{\"@context\":\"https:\/\/schema.org\",\"@graph\":[{\"@type\":\"WebPage\",\"@id\":\"https:\/\/xenonkungen.com\/produkt\/tershine-flodesmunstycke-till-foam-lance\/\",\"url\":\"https:\/\/xenonkungen.com\/produkt\/tershine-flodesmunstycke-till-foam-lance\/\",\"name\":\"Tershine Fl\u00f6desmunstycke till Foam Lance - Xenonkungen\",\"isPartOf\":{\"@id\":\"https:\/\/xenonkungen.com\/#website\"},\"primaryImageOfPage\":{\"@id\":\"https:\/\/xenonkungen.com\/produkt\/tershine-flodesmunstycke-till-foam-lance\/#primaryimage\"},\"image\":{\"@id\":\"https:\/\/xenonkungen.com\/produkt\/tershine-flodesmunstycke-till-foam-lance\/#primaryimage\"},\"thumbnailUrl\":\"https:\/\/xenonkungen.com\/wp-content\/uploads\/2026\/03\/0fwQF0tg7sKMdgFy4GFbJKHMzXapLlbyUYSmPodr.webp\",\"datePublished\":\"2026-03-18T09:02:18+00:00\",\"dateModified\":\"2026-04-24T16:48:12+00:00\",\"breadcrumb\":{\"@id\":\"https:\/\/xenonkungen.com\/produkt\/tershine-flodesmunstycke-till-foam-lance\/#breadcrumb\"},\"inLanguage\":\"nl-NL\",\"potentialAction\":[{\"@type\":\"ReadAction\",\"target\":[\"https:\/\/xenonkungen.com\/produkt\/tershine-flodesmunstycke-till-foam-lance\/\"]}]},{\"@type\":\"ImageObject\",\"inLanguage\":\"nl-NL\",\"@id\":\"https:\/\/xenonkungen.com\/produkt\/tershine-flodesmunstycke-till-foam-lance\/#primaryimage\",\"url\":\"https:\/\/xenonkungen.com\/wp-content\/uploads\/2026\/03\/0fwQF0tg7sKMdgFy4GFbJKHMzXapLlbyUYSmPodr.webp\",\"contentUrl\":\"https:\/\/xenonkungen.com\/wp-content\/uploads\/2026\/03\/0fwQF0tg7sKMdgFy4GFbJKHMzXapLlbyUYSmPodr.webp\",\"width\":1024,\"height\":1023},{\"@type\":\"BreadcrumbList\",\"@id\":\"https:\/\/xenonkungen.com\/produkt\/tershine-flodesmunstycke-till-foam-lance\/#breadcrumb\",\"itemListElement\":[{\"@type\":\"ListItem\",\"position\":1,\"name\":\"Hem\",\"item\":\"https:\/\/xenonkungen.com\/\"},{\"@type\":\"ListItem\",\"position\":2,\"name\":\"Shop\",\"item\":\"https:\/\/xenonkungen.com\/shop\/\"},{\"@type\":\"ListItem\",\"position\":3,\"name\":\"Tershine Fl\u00f6desmunstycke till Foam Lance\"}]},{\"@type\":\"WebSite\",\"@id\":\"https:\/\/xenonkungen.com\/#website\",\"url\":\"https:\/\/xenonkungen.com\/\",\"name\":\"Xenonkungen\",\"description\":\"\",\"potentialAction\":[{\"@type\":\"SearchAction\",\"target\":{\"@type\":\"EntryPoint\",\"urlTemplate\":\"https:\/\/xenonkungen.com\/?s={search_term_string}\"},\"query-input\":{\"@type\":\"PropertyValueSpecification\",\"valueRequired\":true,\"valueName\":\"search_term_string\"}}],\"inLanguage\":\"nl-NL\"}]}<\/script>\n<!-- \/ Yoast SEO plugin. -->","yoast_head_json":{"title":"Tershine Fl\u00f6desmunstycke till Foam Lance - Xenonkungen","robots":{"index":"index","follow":"follow","max-snippet":"max-snippet:-1","max-image-preview":"max-image-preview:large","max-video-preview":"max-video-preview:-1"},"canonical":"https:\/\/xenonkungen.com\/nl\/product\/tershine-flodesmunstycke-till-foam-lance\/","og_locale":"nl_NL","og_type":"article","og_title":"Tershine Fl\u00f6desmunstycke till Foam Lance - Xenonkungen","og_description":"V\u00e5r Foam Lance levereras med 1,25mm fl\u00f6desmunstycke, ifall du upplever att det skummar lite s\u00e4mre s\u00e5 beh\u00f6ver du troligtvis byta till ett mindre eller st\u00f6rre fl\u00f6desmunstycke. Munstycket du ska ha avg\u00f6rs p\u00e5 hur mycket vatten som passerar genom din h\u00f6gtryckstv\u00e4tt per minut. Oftast anger h\u00f6gtryckstv\u00e4ttstillverkaren m\u00e4ngden vatten i liter per timme ( L\/H ). Is\u00e5fall [&hellip;]","og_url":"https:\/\/xenonkungen.com\/nl\/product\/tershine-flodesmunstycke-till-foam-lance\/","og_site_name":"Xenonkungen","article_modified_time":"2026-04-24T16:48:12+00:00","og_image":[{"width":1024,"height":1023,"url":"https:\/\/xenonkungen.com\/wp-content\/uploads\/2026\/03\/0fwQF0tg7sKMdgFy4GFbJKHMzXapLlbyUYSmPodr.webp","type":"image\/webp"}],"twitter_card":"summary_large_image","twitter_misc":{"Geschatte leestijd":"1 minuut"},"schema":{"@context":"https:\/\/schema.org","@graph":[{"@type":"WebPage","@id":"https:\/\/xenonkungen.com\/produkt\/tershine-flodesmunstycke-till-foam-lance\/","url":"https:\/\/xenonkungen.com\/produkt\/tershine-flodesmunstycke-till-foam-lance\/","name":"Tershine Fl\u00f6desmunstycke till Foam Lance - Xenonkungen","isPartOf":{"@id":"https:\/\/xenonkungen.com\/#website"},"primaryImageOfPage":{"@id":"https:\/\/xenonkungen.com\/produkt\/tershine-flodesmunstycke-till-foam-lance\/#primaryimage"},"image":{"@id":"https:\/\/xenonkungen.com\/produkt\/tershine-flodesmunstycke-till-foam-lance\/#primaryimage"},"thumbnailUrl":"https:\/\/xenonkungen.com\/wp-content\/uploads\/2026\/03\/0fwQF0tg7sKMdgFy4GFbJKHMzXapLlbyUYSmPodr.webp","datePublished":"2026-03-18T09:02:18+00:00","dateModified":"2026-04-24T16:48:12+00:00","breadcrumb":{"@id":"https:\/\/xenonkungen.com\/produkt\/tershine-flodesmunstycke-till-foam-lance\/#breadcrumb"},"inLanguage":"nl-NL","potentialAction":[{"@type":"ReadAction","target":["https:\/\/xenonkungen.com\/produkt\/tershine-flodesmunstycke-till-foam-lance\/"]}]},{"@type":"ImageObject","inLanguage":"nl-NL","@id":"https:\/\/xenonkungen.com\/produkt\/tershine-flodesmunstycke-till-foam-lance\/#primaryimage","url":"https:\/\/xenonkungen.com\/wp-content\/uploads\/2026\/03\/0fwQF0tg7sKMdgFy4GFbJKHMzXapLlbyUYSmPodr.webp","contentUrl":"https:\/\/xenonkungen.com\/wp-content\/uploads\/2026\/03\/0fwQF0tg7sKMdgFy4GFbJKHMzXapLlbyUYSmPodr.webp","width":1024,"height":1023},{"@type":"BreadcrumbList","@id":"https:\/\/xenonkungen.com\/produkt\/tershine-flodesmunstycke-till-foam-lance\/#breadcrumb","itemListElement":[{"@type":"ListItem","position":1,"name":"Hem","item":"https:\/\/xenonkungen.com\/"},{"@type":"ListItem","position":2,"name":"Shop","item":"https:\/\/xenonkungen.com\/shop\/"},{"@type":"ListItem","position":3,"name":"Tershine Fl\u00f6desmunstycke till Foam Lance"}]},{"@type":"WebSite","@id":"https:\/\/xenonkungen.com\/#website","url":"https:\/\/xenonkungen.com\/","name":"Xenonkungen","description":"","potentialAction":[{"@type":"SearchAction","target":{"@type":"EntryPoint","urlTemplate":"https:\/\/xenonkungen.com\/?s={search_term_string}"},"query-input":{"@type":"PropertyValueSpecification","valueRequired":true,"valueName":"search_term_string"}}],"inLanguage":"nl-NL"}]}},"taxonomy_info":{"product_brand":[{"value":2893,"label":"Tershine"}],"product_cat":[{"value":2450,"label":"6 | Tillbeh\u00f6r"},{"value":378,"label":"Bilv\u00e5rd"}]},"featured_image_src_large":["https:\/\/xenonkungen.com\/wp-content\/uploads\/2026\/03\/0fwQF0tg7sKMdgFy4GFbJKHMzXapLlbyUYSmPodr.webp",1024,1023,false],"author_info":[],"comment_info":0,"_links":{"self":[{"href":"https:\/\/xenonkungen.com\/nl\/wp-json\/wp\/v2\/product\/28135","targetHints":{"allow":["GET"]}}],"collection":[{"href":"https:\/\/xenonkungen.com\/nl\/wp-json\/wp\/v2\/product"}],"about":[{"href":"https:\/\/xenonkungen.com\/nl\/wp-json\/wp\/v2\/types\/product"}],"replies":[{"embeddable":true,"href":"https:\/\/xenonkungen.com\/nl\/wp-json\/wp\/v2\/comments?post=28135"}],"wp:featuredmedia":[{"embeddable":true,"href":"https:\/\/xenonkungen.com\/nl\/wp-json\/wp\/v2\/media\/28137"}],"wp:attachment":[{"href":"https:\/\/xenonkungen.com\/nl\/wp-json\/wp\/v2\/media?parent=28135"}],"wp:term":[{"taxonomy":"anvandningsomrade","embeddable":true,"href":"https:\/\/xenonkungen.com\/nl\/wp-json\/wp\/v2\/anvandningsomrade?post=28135"},{"taxonomy":"bilmarken","embeddable":true,"href":"https:\/\/xenonkungen.com\/nl\/wp-json\/wp\/v2\/bilmarken?post=28135"},{"taxonomy":"product_brand","embeddable":true,"href":"https:\/\/xenonkungen.com\/nl\/wp-json\/wp\/v2\/product_brand?post=28135"},{"taxonomy":"product_cat","embeddable":true,"href":"https:\/\/xenonkungen.com\/nl\/wp-json\/wp\/v2\/product_cat?post=28135"},{"taxonomy":"product_tag","embeddable":true,"href":"https:\/\/xenonkungen.com\/nl\/wp-json\/wp\/v2\/product_tag?post=28135"}],"curies":[{"name":"wp","href":"https:\/\/api.w.org\/{rel}","templated":true}]}}